{"id":9137,"date":"2022-04-23T00:00:50","date_gmt":"2022-04-22T22:00:50","guid":{"rendered":"https:\/\/trendsandvision.nl\/de\/product\/esschert-design-blumenmischung-zum-anlocken-von-fledermaeusen\/"},"modified":"2026-04-22T15:27:13","modified_gmt":"2026-04-22T13:27:13","slug":"esschert-design-blumenmischung-zum-anlocken-von-fledermaeusen","status":"publish","type":"product","link":"https:\/\/trendsandvision.nl\/de\/product\/esschert-design-blumenmischung-zum-anlocken-von-fledermaeusen\/","title":{"rendered":"Esschert Design Blumenmischung zum Anlocken von Flederm\u00e4usen"},"content":{"rendered":"<p>Flederm\u00e4use haben es schwer mit dem Einsatz von Pestiziden und dem Verlust ihres Lebensraums. Sie spielen eine wichtige Rolle bei der Bek\u00e4mpfung von Insektenpopulationen. Eine Fledermaus kann in einer Nacht bis zu 3.000 M\u00fccken fressen. Dar\u00fcber hinaus bieten Flederm\u00e4use eine umweltfreundliche und biologische Insektenbek\u00e4mpfung. Die Blumen locken viele nachtaktive Insekten an, die wiederum Flederm\u00e4use in den Garten ziehen.<\/p>\n<p>&#8211; biologische Insektenbek\u00e4mpfung<br \/>\n&#8211; leicht zu s\u00e4en<br \/>\n&#8211; schafft Biodiversit\u00e4t im Garten<\/p>\n<p>Artikelname: Blumenmischung zum Anlocken von Flederm\u00e4usen<br \/>\nArtikelnummer WA68<br \/>\nProduktgruppe(n) V\u00f6gel&amp;Gartentiere, Gartentiere, Flederm\u00e4usen<br \/>\nProduktabmessungen in cm L 21 x T 0,7 x H 29,7<br \/>\nMaterial Ziertabak (Nicotiana Alata), Nachtviole (Hesperis Matronalis Violet), Nachtkerze(Oenothera Lamarckiana), Seifenkraut (Saponaria Vaccaria), Wunderblume (Mirabilis Japala), Gemshorn (Matthiola Bicornis)<br \/>\nNettogewicht 0,049 kg<br \/>\nBarcode 8714982182204<\/p>\n","protected":false},"excerpt":{"rendered":"<p>Blumenmischung zum Anlocken von Flederm\u00e4usen<br \/>\n21 x T 0,7 x H 29,7 cm<br \/>\nArtikelnummer WA68<br \/>\nNettogewicht 0,049 kg<br \/>\nBarcode 8714982182204<\/p>\n","protected":false},"featured_media":9138,"template":"","meta":[],"product_brand":[9597,9598],"product_cat":[1315],"product_tag":[7216,8194,8195,8192],"class_list":{"0":"post-9137","1":"product","2":"type-product","3":"status-publish","4":"has-post-thumbnail","6":"product_brand-esschert-design","7":"product_brand-trends-and-vision","8":"product_cat-best-for-birds","9":"product_tag-blumenmischung","10":"product_tag-fledermaeusen","11":"product_tag-fledermaeusenfutter","12":"product_tag-samenmischung","13":"pa_anbieter-esschert-design","14":"pa_ean-code-5086","15":"pa_material-ziertabak-nicotiana-alata-nachtviole-hesperis-matronalis-violet-nachtkerzeoenothera-lamarckiana-seifenkraut-saponaria-vaccaria-wunderblume-mirabilis-japala-gemshorn-matthiola-bicornis","16":"pa_messungen-21x07x297-cm","18":"first","19":"instock","20":"sale","21":"taxable","22":"shipping-taxable","23":"purchasable","24":"product-type-simple","25":"czr-hentry"},"yoast_head":"<!-- This site is optimized with the Yoast SEO Premium plugin v27.4 (Yoast SEO v27.5) - https:\/\/yoast.com\/product\/yoast-seo-premium-wordpress\/ -->\n<title>Esschert Design Blumenmischung zum Anlocken von Flederm\u00e4usen (WA68, 8714982182204) - Trends &amp; Vision<\/title>\n<meta name=\"description\" content=\"Esschert Design Blumenmischung zum Anlocken von Flederm\u00e4usen: Flederm\u00e4use haben es schwer mit dem Einsatz von Pestiziden und dem Verlust ihres Lebensraums. Sie sp\" \/>\n<meta name=\"robots\" content=\"index, follow, max-snippet:-1, max-image-preview:large, max-video-preview:-1\" \/>\n<link rel=\"canonical\" href=\"https:\/\/trendsandvision.nl\/de\/product\/esschert-design-blumenmischung-zum-anlocken-von-fledermaeusen\/\" \/>\n<meta property=\"og:locale\" content=\"de_DE\" \/>\n<meta property=\"og:type\" content=\"article\" \/>\n<meta property=\"og:title\" content=\"Esschert Design Blumenmischung zum Anlocken von Flederm\u00e4usen\" \/>\n<meta property=\"og:description\" content=\"Esschert Design Blumenmischung zum Anlocken von Flederm\u00e4usen: Flederm\u00e4use haben es schwer mit dem Einsatz von Pestiziden und dem Verlust ihres Lebensraums. Sie sp\" \/>\n<meta property=\"og:url\" content=\"https:\/\/trendsandvision.nl\/de\/product\/esschert-design-blumenmischung-zum-anlocken-von-fledermaeusen\/\" \/>\n<meta property=\"og:site_name\" content=\"Trends &amp; Vision (DE)\" \/>\n<meta property=\"article:modified_time\" content=\"2026-04-22T13:27:13+00:00\" \/>\n<meta property=\"og:image\" content=\"https:\/\/trendsandvision.nl\/de\/wp-content\/uploads\/sites\/3\/2022\/04\/WA68_01.jpg\" \/>\n\t<meta property=\"og:image:width\" content=\"800\" \/>\n\t<meta property=\"og:image:height\" content=\"800\" \/>\n\t<meta property=\"og:image:type\" content=\"image\/jpeg\" \/>\n<meta name=\"twitter:card\" content=\"summary_large_image\" \/>\n<meta name=\"twitter:label1\" content=\"Gesch\u00e4tzte Lesezeit\" \/>\n\t<meta name=\"twitter:data1\" content=\"1\u00a0Minute\" \/>\n<script type=\"application\/ld+json\" class=\"yoast-schema-graph\">{\"@context\":\"https:\\\/\\\/schema.org\",\"@graph\":[{\"@type\":\"WebPage\",\"@id\":\"https:\\\/\\\/trendsandvision.nl\\\/de\\\/product\\\/esschert-design-blumenmischung-zum-anlocken-von-fledermaeusen\\\/\",\"url\":\"https:\\\/\\\/trendsandvision.nl\\\/de\\\/product\\\/esschert-design-blumenmischung-zum-anlocken-von-fledermaeusen\\\/\",\"name\":\"Esschert Design Blumenmischung zum Anlocken von Flederm\u00e4usen (WA68, 8714982182204) - Trends & Vision\",\"isPartOf\":{\"@id\":\"https:\\\/\\\/trendsandvision.nl\\\/de\\\/#website\"},\"primaryImageOfPage\":{\"@id\":\"https:\\\/\\\/trendsandvision.nl\\\/de\\\/product\\\/esschert-design-blumenmischung-zum-anlocken-von-fledermaeusen\\\/#primaryimage\"},\"image\":{\"@id\":\"https:\\\/\\\/trendsandvision.nl\\\/de\\\/product\\\/esschert-design-blumenmischung-zum-anlocken-von-fledermaeusen\\\/#primaryimage\"},\"thumbnailUrl\":\"https:\\\/\\\/trendsandvision.nl\\\/de\\\/wp-content\\\/uploads\\\/sites\\\/3\\\/2022\\\/04\\\/WA68_01.jpg\",\"datePublished\":\"2022-04-22T22:00:50+00:00\",\"dateModified\":\"2026-04-22T13:27:13+00:00\",\"description\":\"Esschert Design Blumenmischung zum Anlocken von Flederm\u00e4usen: Flederm\u00e4use haben es schwer mit dem Einsatz von Pestiziden und dem Verlust ihres Lebensraums. Sie sp\",\"breadcrumb\":{\"@id\":\"https:\\\/\\\/trendsandvision.nl\\\/de\\\/product\\\/esschert-design-blumenmischung-zum-anlocken-von-fledermaeusen\\\/#breadcrumb\"},\"inLanguage\":\"de\",\"potentialAction\":[{\"@type\":\"ReadAction\",\"target\":[\"https:\\\/\\\/trendsandvision.nl\\\/de\\\/product\\\/esschert-design-blumenmischung-zum-anlocken-von-fledermaeusen\\\/\"]}]},{\"@type\":\"ImageObject\",\"inLanguage\":\"de\",\"@id\":\"https:\\\/\\\/trendsandvision.nl\\\/de\\\/product\\\/esschert-design-blumenmischung-zum-anlocken-von-fledermaeusen\\\/#primaryimage\",\"url\":\"https:\\\/\\\/trendsandvision.nl\\\/de\\\/wp-content\\\/uploads\\\/sites\\\/3\\\/2022\\\/04\\\/WA68_01.jpg\",\"contentUrl\":\"https:\\\/\\\/trendsandvision.nl\\\/de\\\/wp-content\\\/uploads\\\/sites\\\/3\\\/2022\\\/04\\\/WA68_01.jpg\",\"width\":800,\"height\":800,\"caption\":\"Esschert Design Blumenmischung zum Anlocken von Flederm\u00e4usen (WA68\"},{\"@type\":\"BreadcrumbList\",\"@id\":\"https:\\\/\\\/trendsandvision.nl\\\/de\\\/product\\\/esschert-design-blumenmischung-zum-anlocken-von-fledermaeusen\\\/#breadcrumb\",\"itemListElement\":[{\"@type\":\"ListItem\",\"position\":1,\"name\":\"Home\",\"item\":\"https:\\\/\\\/trendsandvision.nl\\\/de\\\/\"},{\"@type\":\"ListItem\",\"position\":2,\"name\":\"Gesch\u00e4ft\",\"item\":\"https:\\\/\\\/trendsandvision.nl\\\/de\\\/geschaft\\\/\"},{\"@type\":\"ListItem\",\"position\":3,\"name\":\"Esschert Design Blumenmischung zum Anlocken von Flederm\u00e4usen\"}]},{\"@type\":\"WebSite\",\"@id\":\"https:\\\/\\\/trendsandvision.nl\\\/de\\\/#website\",\"url\":\"https:\\\/\\\/trendsandvision.nl\\\/de\\\/\",\"name\":\"Trends &amp; Vision (DE)\",\"description\":\"Der Webshop f\u00fcr Esschert Design Artikel\",\"publisher\":{\"@id\":\"https:\\\/\\\/trendsandvision.nl\\\/de\\\/#organization\"},\"potentialAction\":[{\"@type\":\"SearchAction\",\"target\":{\"@type\":\"EntryPoint\",\"urlTemplate\":\"https:\\\/\\\/trendsandvision.nl\\\/de\\\/?s={search_term_string}\"},\"query-input\":{\"@type\":\"PropertyValueSpecification\",\"valueRequired\":true,\"valueName\":\"search_term_string\"}}],\"inLanguage\":\"de\"},{\"@type\":\"Organization\",\"@id\":\"https:\\\/\\\/trendsandvision.nl\\\/de\\\/#organization\",\"name\":\"Trends &amp; Vision (DE)\",\"url\":\"https:\\\/\\\/trendsandvision.nl\\\/de\\\/\",\"logo\":{\"@type\":\"ImageObject\",\"inLanguage\":\"de\",\"@id\":\"https:\\\/\\\/trendsandvision.nl\\\/de\\\/#\\\/schema\\\/logo\\\/image\\\/\",\"url\":\"https:\\\/\\\/trendsandvision.nl\\\/de\\\/wp-content\\\/uploads\\\/sites\\\/3\\\/2022\\\/04\\\/trends-and-vision-logo.jpg\",\"contentUrl\":\"https:\\\/\\\/trendsandvision.nl\\\/de\\\/wp-content\\\/uploads\\\/sites\\\/3\\\/2022\\\/04\\\/trends-and-vision-logo.jpg\",\"width\":213,\"height\":100,\"caption\":\"Trends &amp; Vision (DE)\"},\"image\":{\"@id\":\"https:\\\/\\\/trendsandvision.nl\\\/de\\\/#\\\/schema\\\/logo\\\/image\\\/\"}}]}<\/script>\n<!-- \/ Yoast SEO Premium plugin. -->","yoast_head_json":{"title":"Esschert Design Blumenmischung zum Anlocken von Flederm\u00e4usen (WA68, 8714982182204) - Trends & Vision","description":"Esschert Design Blumenmischung zum Anlocken von Flederm\u00e4usen: Flederm\u00e4use haben es schwer mit dem Einsatz von Pestiziden und dem Verlust ihres Lebensraums. Sie sp","robots":{"index":"index","follow":"follow","max-snippet":"max-snippet:-1","max-image-preview":"max-image-preview:large","max-video-preview":"max-video-preview:-1"},"canonical":"https:\/\/trendsandvision.nl\/de\/product\/esschert-design-blumenmischung-zum-anlocken-von-fledermaeusen\/","og_locale":"de_DE","og_type":"article","og_title":"Esschert Design Blumenmischung zum Anlocken von Flederm\u00e4usen","og_description":"Esschert Design Blumenmischung zum Anlocken von Flederm\u00e4usen: Flederm\u00e4use haben es schwer mit dem Einsatz von Pestiziden und dem Verlust ihres Lebensraums. Sie sp","og_url":"https:\/\/trendsandvision.nl\/de\/product\/esschert-design-blumenmischung-zum-anlocken-von-fledermaeusen\/","og_site_name":"Trends &amp; Vision (DE)","article_modified_time":"2026-04-22T13:27:13+00:00","og_image":[{"width":800,"height":800,"url":"https:\/\/trendsandvision.nl\/de\/wp-content\/uploads\/sites\/3\/2022\/04\/WA68_01.jpg","type":"image\/jpeg"}],"twitter_card":"summary_large_image","twitter_misc":{"Gesch\u00e4tzte Lesezeit":"1\u00a0Minute"},"schema":{"@context":"https:\/\/schema.org","@graph":[{"@type":"WebPage","@id":"https:\/\/trendsandvision.nl\/de\/product\/esschert-design-blumenmischung-zum-anlocken-von-fledermaeusen\/","url":"https:\/\/trendsandvision.nl\/de\/product\/esschert-design-blumenmischung-zum-anlocken-von-fledermaeusen\/","name":"Esschert Design Blumenmischung zum Anlocken von Flederm\u00e4usen (WA68, 8714982182204) - Trends & Vision","isPartOf":{"@id":"https:\/\/trendsandvision.nl\/de\/#website"},"primaryImageOfPage":{"@id":"https:\/\/trendsandvision.nl\/de\/product\/esschert-design-blumenmischung-zum-anlocken-von-fledermaeusen\/#primaryimage"},"image":{"@id":"https:\/\/trendsandvision.nl\/de\/product\/esschert-design-blumenmischung-zum-anlocken-von-fledermaeusen\/#primaryimage"},"thumbnailUrl":"https:\/\/trendsandvision.nl\/de\/wp-content\/uploads\/sites\/3\/2022\/04\/WA68_01.jpg","datePublished":"2022-04-22T22:00:50+00:00","dateModified":"2026-04-22T13:27:13+00:00","description":"Esschert Design Blumenmischung zum Anlocken von Flederm\u00e4usen: Flederm\u00e4use haben es schwer mit dem Einsatz von Pestiziden und dem Verlust ihres Lebensraums. Sie sp","breadcrumb":{"@id":"https:\/\/trendsandvision.nl\/de\/product\/esschert-design-blumenmischung-zum-anlocken-von-fledermaeusen\/#breadcrumb"},"inLanguage":"de","potentialAction":[{"@type":"ReadAction","target":["https:\/\/trendsandvision.nl\/de\/product\/esschert-design-blumenmischung-zum-anlocken-von-fledermaeusen\/"]}]},{"@type":"ImageObject","inLanguage":"de","@id":"https:\/\/trendsandvision.nl\/de\/product\/esschert-design-blumenmischung-zum-anlocken-von-fledermaeusen\/#primaryimage","url":"https:\/\/trendsandvision.nl\/de\/wp-content\/uploads\/sites\/3\/2022\/04\/WA68_01.jpg","contentUrl":"https:\/\/trendsandvision.nl\/de\/wp-content\/uploads\/sites\/3\/2022\/04\/WA68_01.jpg","width":800,"height":800,"caption":"Esschert Design Blumenmischung zum Anlocken von Flederm\u00e4usen (WA68"},{"@type":"BreadcrumbList","@id":"https:\/\/trendsandvision.nl\/de\/product\/esschert-design-blumenmischung-zum-anlocken-von-fledermaeusen\/#breadcrumb","itemListElement":[{"@type":"ListItem","position":1,"name":"Home","item":"https:\/\/trendsandvision.nl\/de\/"},{"@type":"ListItem","position":2,"name":"Gesch\u00e4ft","item":"https:\/\/trendsandvision.nl\/de\/geschaft\/"},{"@type":"ListItem","position":3,"name":"Esschert Design Blumenmischung zum Anlocken von Flederm\u00e4usen"}]},{"@type":"WebSite","@id":"https:\/\/trendsandvision.nl\/de\/#website","url":"https:\/\/trendsandvision.nl\/de\/","name":"Trends &amp; Vision (DE)","description":"Der Webshop f\u00fcr Esschert Design Artikel","publisher":{"@id":"https:\/\/trendsandvision.nl\/de\/#organization"},"potentialAction":[{"@type":"SearchAction","target":{"@type":"EntryPoint","urlTemplate":"https:\/\/trendsandvision.nl\/de\/?s={search_term_string}"},"query-input":{"@type":"PropertyValueSpecification","valueRequired":true,"valueName":"search_term_string"}}],"inLanguage":"de"},{"@type":"Organization","@id":"https:\/\/trendsandvision.nl\/de\/#organization","name":"Trends &amp; Vision (DE)","url":"https:\/\/trendsandvision.nl\/de\/","logo":{"@type":"ImageObject","inLanguage":"de","@id":"https:\/\/trendsandvision.nl\/de\/#\/schema\/logo\/image\/","url":"https:\/\/trendsandvision.nl\/de\/wp-content\/uploads\/sites\/3\/2022\/04\/trends-and-vision-logo.jpg","contentUrl":"https:\/\/trendsandvision.nl\/de\/wp-content\/uploads\/sites\/3\/2022\/04\/trends-and-vision-logo.jpg","width":213,"height":100,"caption":"Trends &amp; Vision (DE)"},"image":{"@id":"https:\/\/trendsandvision.nl\/de\/#\/schema\/logo\/image\/"}}]}},"_links":{"self":[{"href":"https:\/\/trendsandvision.nl\/de\/wp-json\/wp\/v2\/product\/9137","targetHints":{"allow":["GET"]}}],"collection":[{"href":"https:\/\/trendsandvision.nl\/de\/wp-json\/wp\/v2\/product"}],"about":[{"href":"https:\/\/trendsandvision.nl\/de\/wp-json\/wp\/v2\/types\/product"}],"wp:featuredmedia":[{"embeddable":true,"href":"https:\/\/trendsandvision.nl\/de\/wp-json\/wp\/v2\/media\/9138"}],"wp:attachment":[{"href":"https:\/\/trendsandvision.nl\/de\/wp-json\/wp\/v2\/media?parent=9137"}],"wp:term":[{"taxonomy":"product_brand","embeddable":true,"href":"https:\/\/trendsandvision.nl\/de\/wp-json\/wp\/v2\/product_brand?post=9137"},{"taxonomy":"product_cat","embeddable":true,"href":"https:\/\/trendsandvision.nl\/de\/wp-json\/wp\/v2\/product_cat?post=9137"},{"taxonomy":"product_tag","embeddable":true,"href":"https:\/\/trendsandvision.nl\/de\/wp-json\/wp\/v2\/product_tag?post=9137"}],"curies":[{"name":"wp","href":"https:\/\/api.w.org\/{rel}","templated":true}]}}