{"id":9116,"date":"2022-04-23T00:00:13","date_gmt":"2022-04-22T22:00:13","guid":{"rendered":"https:\/\/trendsandvision.nl\/de\/product\/esschert-design-eichhoernchenfutter\/"},"modified":"2026-04-07T10:54:17","modified_gmt":"2026-04-07T08:54:17","slug":"esschert-design-eichhoernchenfutter","status":"publish","type":"product","link":"https:\/\/trendsandvision.nl\/de\/product\/esschert-design-eichhoernchenfutter\/","title":{"rendered":"Esschert Design Eichh\u00f6rnchenfutter"},"content":{"rendered":"<p>Wild on Wildlife Eichh\u00f6rnchenfutter ist eine ausgewogene Futtermischung f\u00fcr wilde Eichh\u00f6rnchen, die ihr eigenes Futter erg\u00e4nzt. Verwenden Sie diese Mischung und keine Essensreste, gesalzenen N\u00fcsse, Brot, Kekse oder Milch. Es ist auch nicht gut, einseitige ungesalzene Erdn\u00fcsse zu f\u00fcttern.<br \/>\nDiese Mischung kann das ganze Jahr \u00fcber verwendet werden. Die Eichh\u00f6rnchen essen diese Delikatesse sofort oder legen einen Vorrat f\u00fcr den Wintertag an. Im Herbst frisst das Eichh\u00f6rnchen extra, um eine Fettschicht f\u00fcr den Winter aufzubauen. Eichh\u00f6rnchen fressen normalerweise fr\u00fch am Morgen oder am Nachmittag.<\/p>\n<p>&#8211; Artikelnummer: WA65<br \/>\n&#8211; 4 Jahreszeiten<br \/>\n&#8211; recycelbare Kartonverpackung<br \/>\n&#8211; mit Sch\u00fctte<br \/>\n&#8211; PLA-Fenster | 100% biobasierter Kunststoff<\/p>\n","protected":false},"excerpt":{"rendered":"<p>&#8211; Artikelnummer: WA65<br \/>\n&#8211; 4 Jahreszeiten<br \/>\n&#8211; recycelbare Kartonverpackung<br \/>\n&#8211; mit Sch\u00fctte<br \/>\n&#8211; PLA-Fenster | 100% biobasierter Kunststoff<\/p>\n","protected":false},"featured_media":9117,"template":"","meta":[],"product_brand":[9597,9598],"product_cat":[1315],"product_tag":[6777,6766,7265,8167],"class_list":{"0":"post-9116","1":"product","2":"type-product","3":"status-publish","4":"has-post-thumbnail","6":"product_brand-esschert-design","7":"product_brand-trends-and-vision","8":"product_cat-best-for-birds","9":"product_tag-eichhoernchen","10":"product_tag-eichhoernchenfutter","11":"product_tag-futter","12":"product_tag-zusatslich","13":"pa_anbieter-esschert-design","14":"pa_ean-code-5079","15":"pa_material-mais-sorghumhirsensamen-hirse-haselnuesse-tannenzapfen-mit-samen-gestreifte-sonnenblumenkerne-karottenflocken","16":"pa_messungen-125x6x20-cm","18":"first","19":"instock","20":"sale","21":"taxable","22":"shipping-taxable","23":"purchasable","24":"product-type-simple","25":"czr-hentry"},"yoast_head":"<!-- This site is optimized with the Yoast SEO Premium plugin v26.4 (Yoast SEO v27.4) - https:\/\/yoast.com\/product\/yoast-seo-premium-wordpress\/ -->\n<title>Esschert Design Eichh\u00f6rnchenfutter (WA65, 8714982182174) - Trends &amp; Vision<\/title>\n<meta name=\"description\" content=\"Esschert Design Eichh\u00f6rnchenfutter: Wild on Wildlife Eichh\u00f6rnchenfutter ist eine ausgewogene Futtermischung f\u00fcr wilde Eichh\u00f6rnchen, die\" \/>\n<meta name=\"robots\" content=\"index, follow, max-snippet:-1, max-image-preview:large, max-video-preview:-1\" \/>\n<link rel=\"canonical\" href=\"https:\/\/trendsandvision.nl\/de\/product\/esschert-design-eichhoernchenfutter\/\" \/>\n<meta property=\"og:locale\" content=\"de_DE\" \/>\n<meta property=\"og:type\" content=\"article\" \/>\n<meta property=\"og:title\" content=\"Esschert Design Eichh\u00f6rnchenfutter\" \/>\n<meta property=\"og:description\" content=\"Esschert Design Eichh\u00f6rnchenfutter: Wild on Wildlife Eichh\u00f6rnchenfutter ist eine ausgewogene Futtermischung f\u00fcr wilde Eichh\u00f6rnchen, die\" \/>\n<meta property=\"og:url\" content=\"https:\/\/trendsandvision.nl\/de\/product\/esschert-design-eichhoernchenfutter\/\" \/>\n<meta property=\"og:site_name\" content=\"Trends &amp; Vision (DE)\" \/>\n<meta property=\"article:modified_time\" content=\"2026-04-07T08:54:17+00:00\" \/>\n<meta property=\"og:image\" content=\"https:\/\/trendsandvision.nl\/de\/wp-content\/uploads\/sites\/3\/2022\/04\/WA65_01.jpg\" \/>\n\t<meta property=\"og:image:width\" content=\"800\" \/>\n\t<meta property=\"og:image:height\" content=\"800\" \/>\n\t<meta property=\"og:image:type\" content=\"image\/jpeg\" \/>\n<meta name=\"twitter:card\" content=\"summary_large_image\" \/>\n<meta name=\"twitter:label1\" content=\"Gesch\u00e4tzte Lesezeit\" \/>\n\t<meta name=\"twitter:data1\" content=\"1\u00a0Minute\" \/>\n<script type=\"application\/ld+json\" class=\"yoast-schema-graph\">{\"@context\":\"https:\\\/\\\/schema.org\",\"@graph\":[{\"@type\":\"WebPage\",\"@id\":\"https:\\\/\\\/trendsandvision.nl\\\/de\\\/product\\\/esschert-design-eichhoernchenfutter\\\/\",\"url\":\"https:\\\/\\\/trendsandvision.nl\\\/de\\\/product\\\/esschert-design-eichhoernchenfutter\\\/\",\"name\":\"Esschert Design Eichh\u00f6rnchenfutter (WA65, 8714982182174) - Trends & Vision\",\"isPartOf\":{\"@id\":\"https:\\\/\\\/trendsandvision.nl\\\/de\\\/#website\"},\"primaryImageOfPage\":{\"@id\":\"https:\\\/\\\/trendsandvision.nl\\\/de\\\/product\\\/esschert-design-eichhoernchenfutter\\\/#primaryimage\"},\"image\":{\"@id\":\"https:\\\/\\\/trendsandvision.nl\\\/de\\\/product\\\/esschert-design-eichhoernchenfutter\\\/#primaryimage\"},\"thumbnailUrl\":\"https:\\\/\\\/trendsandvision.nl\\\/de\\\/wp-content\\\/uploads\\\/sites\\\/3\\\/2022\\\/04\\\/WA65_01.jpg\",\"datePublished\":\"2022-04-22T22:00:13+00:00\",\"dateModified\":\"2026-04-07T08:54:17+00:00\",\"description\":\"Esschert Design Eichh\u00f6rnchenfutter: Wild on Wildlife Eichh\u00f6rnchenfutter ist eine ausgewogene Futtermischung f\u00fcr wilde Eichh\u00f6rnchen, die\",\"breadcrumb\":{\"@id\":\"https:\\\/\\\/trendsandvision.nl\\\/de\\\/product\\\/esschert-design-eichhoernchenfutter\\\/#breadcrumb\"},\"inLanguage\":\"de\",\"potentialAction\":[{\"@type\":\"ReadAction\",\"target\":[\"https:\\\/\\\/trendsandvision.nl\\\/de\\\/product\\\/esschert-design-eichhoernchenfutter\\\/\"]}]},{\"@type\":\"ImageObject\",\"inLanguage\":\"de\",\"@id\":\"https:\\\/\\\/trendsandvision.nl\\\/de\\\/product\\\/esschert-design-eichhoernchenfutter\\\/#primaryimage\",\"url\":\"https:\\\/\\\/trendsandvision.nl\\\/de\\\/wp-content\\\/uploads\\\/sites\\\/3\\\/2022\\\/04\\\/WA65_01.jpg\",\"contentUrl\":\"https:\\\/\\\/trendsandvision.nl\\\/de\\\/wp-content\\\/uploads\\\/sites\\\/3\\\/2022\\\/04\\\/WA65_01.jpg\",\"width\":800,\"height\":800,\"caption\":\"Esschert Design Eichh\u00f6rnchenfutter (WA65\"},{\"@type\":\"BreadcrumbList\",\"@id\":\"https:\\\/\\\/trendsandvision.nl\\\/de\\\/product\\\/esschert-design-eichhoernchenfutter\\\/#breadcrumb\",\"itemListElement\":[{\"@type\":\"ListItem\",\"position\":1,\"name\":\"Home\",\"item\":\"https:\\\/\\\/trendsandvision.nl\\\/de\\\/\"},{\"@type\":\"ListItem\",\"position\":2,\"name\":\"Gesch\u00e4ft\",\"item\":\"https:\\\/\\\/trendsandvision.nl\\\/de\\\/geschaft\\\/\"},{\"@type\":\"ListItem\",\"position\":3,\"name\":\"Esschert Design Eichh\u00f6rnchenfutter\"}]},{\"@type\":\"WebSite\",\"@id\":\"https:\\\/\\\/trendsandvision.nl\\\/de\\\/#website\",\"url\":\"https:\\\/\\\/trendsandvision.nl\\\/de\\\/\",\"name\":\"Trends &amp; Vision (DE)\",\"description\":\"Der Webshop f\u00fcr Esschert Design Artikel\",\"publisher\":{\"@id\":\"https:\\\/\\\/trendsandvision.nl\\\/de\\\/#organization\"},\"potentialAction\":[{\"@type\":\"SearchAction\",\"target\":{\"@type\":\"EntryPoint\",\"urlTemplate\":\"https:\\\/\\\/trendsandvision.nl\\\/de\\\/?s={search_term_string}\"},\"query-input\":{\"@type\":\"PropertyValueSpecification\",\"valueRequired\":true,\"valueName\":\"search_term_string\"}}],\"inLanguage\":\"de\"},{\"@type\":\"Organization\",\"@id\":\"https:\\\/\\\/trendsandvision.nl\\\/de\\\/#organization\",\"name\":\"Trends &amp; Vision (DE)\",\"url\":\"https:\\\/\\\/trendsandvision.nl\\\/de\\\/\",\"logo\":{\"@type\":\"ImageObject\",\"inLanguage\":\"de\",\"@id\":\"https:\\\/\\\/trendsandvision.nl\\\/de\\\/#\\\/schema\\\/logo\\\/image\\\/\",\"url\":\"https:\\\/\\\/trendsandvision.nl\\\/de\\\/wp-content\\\/uploads\\\/sites\\\/3\\\/2022\\\/04\\\/trends-and-vision-logo.jpg\",\"contentUrl\":\"https:\\\/\\\/trendsandvision.nl\\\/de\\\/wp-content\\\/uploads\\\/sites\\\/3\\\/2022\\\/04\\\/trends-and-vision-logo.jpg\",\"width\":213,\"height\":100,\"caption\":\"Trends &amp; Vision (DE)\"},\"image\":{\"@id\":\"https:\\\/\\\/trendsandvision.nl\\\/de\\\/#\\\/schema\\\/logo\\\/image\\\/\"}}]}<\/script>\n<!-- \/ Yoast SEO Premium plugin. -->","yoast_head_json":{"title":"Esschert Design Eichh\u00f6rnchenfutter (WA65, 8714982182174) - Trends & Vision","description":"Esschert Design Eichh\u00f6rnchenfutter: Wild on Wildlife Eichh\u00f6rnchenfutter ist eine ausgewogene Futtermischung f\u00fcr wilde Eichh\u00f6rnchen, die","robots":{"index":"index","follow":"follow","max-snippet":"max-snippet:-1","max-image-preview":"max-image-preview:large","max-video-preview":"max-video-preview:-1"},"canonical":"https:\/\/trendsandvision.nl\/de\/product\/esschert-design-eichhoernchenfutter\/","og_locale":"de_DE","og_type":"article","og_title":"Esschert Design Eichh\u00f6rnchenfutter","og_description":"Esschert Design Eichh\u00f6rnchenfutter: Wild on Wildlife Eichh\u00f6rnchenfutter ist eine ausgewogene Futtermischung f\u00fcr wilde Eichh\u00f6rnchen, die","og_url":"https:\/\/trendsandvision.nl\/de\/product\/esschert-design-eichhoernchenfutter\/","og_site_name":"Trends &amp; Vision (DE)","article_modified_time":"2026-04-07T08:54:17+00:00","og_image":[{"width":800,"height":800,"url":"https:\/\/trendsandvision.nl\/de\/wp-content\/uploads\/sites\/3\/2022\/04\/WA65_01.jpg","type":"image\/jpeg"}],"twitter_card":"summary_large_image","twitter_misc":{"Gesch\u00e4tzte Lesezeit":"1\u00a0Minute"},"schema":{"@context":"https:\/\/schema.org","@graph":[{"@type":"WebPage","@id":"https:\/\/trendsandvision.nl\/de\/product\/esschert-design-eichhoernchenfutter\/","url":"https:\/\/trendsandvision.nl\/de\/product\/esschert-design-eichhoernchenfutter\/","name":"Esschert Design Eichh\u00f6rnchenfutter (WA65, 8714982182174) - Trends & Vision","isPartOf":{"@id":"https:\/\/trendsandvision.nl\/de\/#website"},"primaryImageOfPage":{"@id":"https:\/\/trendsandvision.nl\/de\/product\/esschert-design-eichhoernchenfutter\/#primaryimage"},"image":{"@id":"https:\/\/trendsandvision.nl\/de\/product\/esschert-design-eichhoernchenfutter\/#primaryimage"},"thumbnailUrl":"https:\/\/trendsandvision.nl\/de\/wp-content\/uploads\/sites\/3\/2022\/04\/WA65_01.jpg","datePublished":"2022-04-22T22:00:13+00:00","dateModified":"2026-04-07T08:54:17+00:00","description":"Esschert Design Eichh\u00f6rnchenfutter: Wild on Wildlife Eichh\u00f6rnchenfutter ist eine ausgewogene Futtermischung f\u00fcr wilde Eichh\u00f6rnchen, die","breadcrumb":{"@id":"https:\/\/trendsandvision.nl\/de\/product\/esschert-design-eichhoernchenfutter\/#breadcrumb"},"inLanguage":"de","potentialAction":[{"@type":"ReadAction","target":["https:\/\/trendsandvision.nl\/de\/product\/esschert-design-eichhoernchenfutter\/"]}]},{"@type":"ImageObject","inLanguage":"de","@id":"https:\/\/trendsandvision.nl\/de\/product\/esschert-design-eichhoernchenfutter\/#primaryimage","url":"https:\/\/trendsandvision.nl\/de\/wp-content\/uploads\/sites\/3\/2022\/04\/WA65_01.jpg","contentUrl":"https:\/\/trendsandvision.nl\/de\/wp-content\/uploads\/sites\/3\/2022\/04\/WA65_01.jpg","width":800,"height":800,"caption":"Esschert Design Eichh\u00f6rnchenfutter (WA65"},{"@type":"BreadcrumbList","@id":"https:\/\/trendsandvision.nl\/de\/product\/esschert-design-eichhoernchenfutter\/#breadcrumb","itemListElement":[{"@type":"ListItem","position":1,"name":"Home","item":"https:\/\/trendsandvision.nl\/de\/"},{"@type":"ListItem","position":2,"name":"Gesch\u00e4ft","item":"https:\/\/trendsandvision.nl\/de\/geschaft\/"},{"@type":"ListItem","position":3,"name":"Esschert Design Eichh\u00f6rnchenfutter"}]},{"@type":"WebSite","@id":"https:\/\/trendsandvision.nl\/de\/#website","url":"https:\/\/trendsandvision.nl\/de\/","name":"Trends &amp; Vision (DE)","description":"Der Webshop f\u00fcr Esschert Design Artikel","publisher":{"@id":"https:\/\/trendsandvision.nl\/de\/#organization"},"potentialAction":[{"@type":"SearchAction","target":{"@type":"EntryPoint","urlTemplate":"https:\/\/trendsandvision.nl\/de\/?s={search_term_string}"},"query-input":{"@type":"PropertyValueSpecification","valueRequired":true,"valueName":"search_term_string"}}],"inLanguage":"de"},{"@type":"Organization","@id":"https:\/\/trendsandvision.nl\/de\/#organization","name":"Trends &amp; Vision (DE)","url":"https:\/\/trendsandvision.nl\/de\/","logo":{"@type":"ImageObject","inLanguage":"de","@id":"https:\/\/trendsandvision.nl\/de\/#\/schema\/logo\/image\/","url":"https:\/\/trendsandvision.nl\/de\/wp-content\/uploads\/sites\/3\/2022\/04\/trends-and-vision-logo.jpg","contentUrl":"https:\/\/trendsandvision.nl\/de\/wp-content\/uploads\/sites\/3\/2022\/04\/trends-and-vision-logo.jpg","width":213,"height":100,"caption":"Trends &amp; Vision (DE)"},"image":{"@id":"https:\/\/trendsandvision.nl\/de\/#\/schema\/logo\/image\/"}}]}},"_links":{"self":[{"href":"https:\/\/trendsandvision.nl\/de\/wp-json\/wp\/v2\/product\/9116","targetHints":{"allow":["GET"]}}],"collection":[{"href":"https:\/\/trendsandvision.nl\/de\/wp-json\/wp\/v2\/product"}],"about":[{"href":"https:\/\/trendsandvision.nl\/de\/wp-json\/wp\/v2\/types\/product"}],"wp:featuredmedia":[{"embeddable":true,"href":"https:\/\/trendsandvision.nl\/de\/wp-json\/wp\/v2\/media\/9117"}],"wp:attachment":[{"href":"https:\/\/trendsandvision.nl\/de\/wp-json\/wp\/v2\/media?parent=9116"}],"wp:term":[{"taxonomy":"product_brand","embeddable":true,"href":"https:\/\/trendsandvision.nl\/de\/wp-json\/wp\/v2\/product_brand?post=9116"},{"taxonomy":"product_cat","embeddable":true,"href":"https:\/\/trendsandvision.nl\/de\/wp-json\/wp\/v2\/product_cat?post=9116"},{"taxonomy":"product_tag","embeddable":true,"href":"https:\/\/trendsandvision.nl\/de\/wp-json\/wp\/v2\/product_tag?post=9116"}],"curies":[{"name":"wp","href":"https:\/\/api.w.org\/{rel}","templated":true}]}}