{"id":9110,"date":"2022-04-23T00:00:13","date_gmt":"2022-04-22T22:00:13","guid":{"rendered":"https:\/\/trendsandvision.nl\/de\/product\/esschert-design-futter-und-oder-trinkschale-fuer-igel\/"},"modified":"2026-04-22T15:27:12","modified_gmt":"2026-04-22T13:27:12","slug":"esschert-design-futter-und-oder-trinkschale-fuer-igel","status":"publish","type":"product","link":"https:\/\/trendsandvision.nl\/de\/product\/esschert-design-futter-und-oder-trinkschale-fuer-igel\/","title":{"rendered":"Esschert Design Futter- und\/oder Trinkschale f\u00fcr Igel"},"content":{"rendered":"<p>Mit dieser Futter- \/ Trinkschale speziell f\u00fcr Igel k\u00f6nnen Sie Igel problemlos mit speziellem Igelfutter f\u00fcttern. Die Futter- \/ Trinkschale ist so ausgelegt, dass der Trinkbereich unterhalb des Futterbereichs angeliegt ist. Dadurch kann kein Wasser in das Futter gelangen, wenn der Igel trinkt.<br \/>\nDer Zufuhrbereich der Schale hat ein Abflussloch, so dass kein Wasser zur\u00fcckbleiben kann.<\/p>\n<p>&#8211; Futter- und Trinkschale in einem<br \/>\n&#8211; Trinkteil niedriger als der F\u00fctterungsteil, damit das Wasser nicht in das Futter l\u00e4uft<br \/>\n&#8211; Futterteil hat ein Abflussloch<br \/>\n&#8211; verpackt in einer Geschenkbox<\/p>\n<p>Artikelname: Futter und\/oder Trinkschale f\u00fcr Igel<br \/>\nArtikelnummer WA64<br \/>\nProduktgruppe(n) V\u00f6gel&amp;Gartentiere, Gartentiere, Igel<br \/>\nProduktabmessungen in cm L 21,5 x T 12,1 x H 4,5<br \/>\nMaterial Dolomit<br \/>\nNettogewicht 0,551 kg<br \/>\nBarcode 8714982182013<\/p>\n","protected":false},"excerpt":{"rendered":"<p>Futter- und\/oder Trinkschale f\u00fcr Igel<br \/>\nArtikelnummer WA64<br \/>\nL 21,5 x T 12,1 x H 4,5 cm<br \/>\nMaterial Dolomit<br \/>\nNettogewicht 0,551 kg<br \/>\nBarcode 8714982182013<\/p>\n","protected":false},"featured_media":9111,"template":"","meta":[],"product_brand":[9597,9598],"product_cat":[1315],"product_tag":[8019,6776,8503,6849,8505],"class_list":{"0":"post-9110","1":"product","2":"type-product","3":"status-publish","4":"has-post-thumbnail","6":"product_brand-esschert-design","7":"product_brand-trends-and-vision","8":"product_cat-best-for-birds","9":"product_tag-futterschalen","10":"product_tag-igel","11":"product_tag-igel-schuetzend","12":"product_tag-keramik","13":"product_tag-trinkschalen","14":"pa_anbieter-esschert-design","15":"pa_ean-code-5076","16":"pa_material-dolomit","17":"pa_messungen-21x117x42-cm","19":"first","20":"instock","21":"sale","22":"taxable","23":"shipping-taxable","24":"purchasable","25":"product-type-simple","26":"czr-hentry"},"yoast_head":"<!-- This site is optimized with the Yoast SEO Premium plugin v27.4 (Yoast SEO v27.4) - https:\/\/yoast.com\/product\/yoast-seo-premium-wordpress\/ -->\n<title>Esschert Design Futter- und\/oder Trinkschale f\u00fcr Igel (WA64, 8714982182013) - Trends &amp; Vision<\/title>\n<meta name=\"description\" content=\"Esschert Design Futter- und\/oder Trinkschale f\u00fcr Igel: Mit dieser Futter- \/ Trinkschale speziell f\u00fcr Igel k\u00f6nnen Sie Igel problemlos mit speziellem Igelfut\" \/>\n<meta name=\"robots\" content=\"index, follow, max-snippet:-1, max-image-preview:large, max-video-preview:-1\" \/>\n<link rel=\"canonical\" href=\"https:\/\/trendsandvision.nl\/de\/product\/esschert-design-futter-und-oder-trinkschale-fuer-igel\/\" \/>\n<meta property=\"og:locale\" content=\"de_DE\" \/>\n<meta property=\"og:type\" content=\"article\" \/>\n<meta property=\"og:title\" content=\"Esschert Design Futter- und\/oder Trinkschale f\u00fcr Igel\" \/>\n<meta property=\"og:description\" content=\"Esschert Design Futter- und\/oder Trinkschale f\u00fcr Igel: Mit dieser Futter- \/ Trinkschale speziell f\u00fcr Igel k\u00f6nnen Sie Igel problemlos mit speziellem Igelfut\" \/>\n<meta property=\"og:url\" content=\"https:\/\/trendsandvision.nl\/de\/product\/esschert-design-futter-und-oder-trinkschale-fuer-igel\/\" \/>\n<meta property=\"og:site_name\" content=\"Trends &amp; Vision (DE)\" \/>\n<meta property=\"article:modified_time\" content=\"2026-04-22T13:27:12+00:00\" \/>\n<meta property=\"og:image\" content=\"https:\/\/trendsandvision.nl\/de\/wp-content\/uploads\/sites\/3\/2022\/04\/WA64_01.jpg\" \/>\n\t<meta property=\"og:image:width\" content=\"800\" \/>\n\t<meta property=\"og:image:height\" content=\"800\" \/>\n\t<meta property=\"og:image:type\" content=\"image\/jpeg\" \/>\n<meta name=\"twitter:card\" content=\"summary_large_image\" \/>\n<meta name=\"twitter:label1\" content=\"Gesch\u00e4tzte Lesezeit\" \/>\n\t<meta name=\"twitter:data1\" content=\"1\u00a0Minute\" \/>\n<script type=\"application\/ld+json\" class=\"yoast-schema-graph\">{\"@context\":\"https:\\\/\\\/schema.org\",\"@graph\":[{\"@type\":\"WebPage\",\"@id\":\"https:\\\/\\\/trendsandvision.nl\\\/de\\\/product\\\/esschert-design-futter-und-oder-trinkschale-fuer-igel\\\/\",\"url\":\"https:\\\/\\\/trendsandvision.nl\\\/de\\\/product\\\/esschert-design-futter-und-oder-trinkschale-fuer-igel\\\/\",\"name\":\"Esschert Design Futter- und\\\/oder Trinkschale f\u00fcr Igel (WA64, 8714982182013) - Trends & Vision\",\"isPartOf\":{\"@id\":\"https:\\\/\\\/trendsandvision.nl\\\/de\\\/#website\"},\"primaryImageOfPage\":{\"@id\":\"https:\\\/\\\/trendsandvision.nl\\\/de\\\/product\\\/esschert-design-futter-und-oder-trinkschale-fuer-igel\\\/#primaryimage\"},\"image\":{\"@id\":\"https:\\\/\\\/trendsandvision.nl\\\/de\\\/product\\\/esschert-design-futter-und-oder-trinkschale-fuer-igel\\\/#primaryimage\"},\"thumbnailUrl\":\"https:\\\/\\\/trendsandvision.nl\\\/de\\\/wp-content\\\/uploads\\\/sites\\\/3\\\/2022\\\/04\\\/WA64_01.jpg\",\"datePublished\":\"2022-04-22T22:00:13+00:00\",\"dateModified\":\"2026-04-22T13:27:12+00:00\",\"description\":\"Esschert Design Futter- und\\\/oder Trinkschale f\u00fcr Igel: Mit dieser Futter- \\\/ Trinkschale speziell f\u00fcr Igel k\u00f6nnen Sie Igel problemlos mit speziellem Igelfut\",\"breadcrumb\":{\"@id\":\"https:\\\/\\\/trendsandvision.nl\\\/de\\\/product\\\/esschert-design-futter-und-oder-trinkschale-fuer-igel\\\/#breadcrumb\"},\"inLanguage\":\"de\",\"potentialAction\":[{\"@type\":\"ReadAction\",\"target\":[\"https:\\\/\\\/trendsandvision.nl\\\/de\\\/product\\\/esschert-design-futter-und-oder-trinkschale-fuer-igel\\\/\"]}]},{\"@type\":\"ImageObject\",\"inLanguage\":\"de\",\"@id\":\"https:\\\/\\\/trendsandvision.nl\\\/de\\\/product\\\/esschert-design-futter-und-oder-trinkschale-fuer-igel\\\/#primaryimage\",\"url\":\"https:\\\/\\\/trendsandvision.nl\\\/de\\\/wp-content\\\/uploads\\\/sites\\\/3\\\/2022\\\/04\\\/WA64_01.jpg\",\"contentUrl\":\"https:\\\/\\\/trendsandvision.nl\\\/de\\\/wp-content\\\/uploads\\\/sites\\\/3\\\/2022\\\/04\\\/WA64_01.jpg\",\"width\":800,\"height\":800,\"caption\":\"Esschert Design Futter- und\\\/oder Trinkschale f\u00fcr Igel (WA64\"},{\"@type\":\"BreadcrumbList\",\"@id\":\"https:\\\/\\\/trendsandvision.nl\\\/de\\\/product\\\/esschert-design-futter-und-oder-trinkschale-fuer-igel\\\/#breadcrumb\",\"itemListElement\":[{\"@type\":\"ListItem\",\"position\":1,\"name\":\"Home\",\"item\":\"https:\\\/\\\/trendsandvision.nl\\\/de\\\/\"},{\"@type\":\"ListItem\",\"position\":2,\"name\":\"Gesch\u00e4ft\",\"item\":\"https:\\\/\\\/trendsandvision.nl\\\/de\\\/geschaft\\\/\"},{\"@type\":\"ListItem\",\"position\":3,\"name\":\"Esschert Design Futter- und\\\/oder Trinkschale f\u00fcr Igel\"}]},{\"@type\":\"WebSite\",\"@id\":\"https:\\\/\\\/trendsandvision.nl\\\/de\\\/#website\",\"url\":\"https:\\\/\\\/trendsandvision.nl\\\/de\\\/\",\"name\":\"Trends &amp; Vision (DE)\",\"description\":\"Der Webshop f\u00fcr Esschert Design Artikel\",\"publisher\":{\"@id\":\"https:\\\/\\\/trendsandvision.nl\\\/de\\\/#organization\"},\"potentialAction\":[{\"@type\":\"SearchAction\",\"target\":{\"@type\":\"EntryPoint\",\"urlTemplate\":\"https:\\\/\\\/trendsandvision.nl\\\/de\\\/?s={search_term_string}\"},\"query-input\":{\"@type\":\"PropertyValueSpecification\",\"valueRequired\":true,\"valueName\":\"search_term_string\"}}],\"inLanguage\":\"de\"},{\"@type\":\"Organization\",\"@id\":\"https:\\\/\\\/trendsandvision.nl\\\/de\\\/#organization\",\"name\":\"Trends &amp; Vision (DE)\",\"url\":\"https:\\\/\\\/trendsandvision.nl\\\/de\\\/\",\"logo\":{\"@type\":\"ImageObject\",\"inLanguage\":\"de\",\"@id\":\"https:\\\/\\\/trendsandvision.nl\\\/de\\\/#\\\/schema\\\/logo\\\/image\\\/\",\"url\":\"https:\\\/\\\/trendsandvision.nl\\\/de\\\/wp-content\\\/uploads\\\/sites\\\/3\\\/2022\\\/04\\\/trends-and-vision-logo.jpg\",\"contentUrl\":\"https:\\\/\\\/trendsandvision.nl\\\/de\\\/wp-content\\\/uploads\\\/sites\\\/3\\\/2022\\\/04\\\/trends-and-vision-logo.jpg\",\"width\":213,\"height\":100,\"caption\":\"Trends &amp; Vision (DE)\"},\"image\":{\"@id\":\"https:\\\/\\\/trendsandvision.nl\\\/de\\\/#\\\/schema\\\/logo\\\/image\\\/\"}}]}<\/script>\n<!-- \/ Yoast SEO Premium plugin. -->","yoast_head_json":{"title":"Esschert Design Futter- und\/oder Trinkschale f\u00fcr Igel (WA64, 8714982182013) - Trends & Vision","description":"Esschert Design Futter- und\/oder Trinkschale f\u00fcr Igel: Mit dieser Futter- \/ Trinkschale speziell f\u00fcr Igel k\u00f6nnen Sie Igel problemlos mit speziellem Igelfut","robots":{"index":"index","follow":"follow","max-snippet":"max-snippet:-1","max-image-preview":"max-image-preview:large","max-video-preview":"max-video-preview:-1"},"canonical":"https:\/\/trendsandvision.nl\/de\/product\/esschert-design-futter-und-oder-trinkschale-fuer-igel\/","og_locale":"de_DE","og_type":"article","og_title":"Esschert Design Futter- und\/oder Trinkschale f\u00fcr Igel","og_description":"Esschert Design Futter- und\/oder Trinkschale f\u00fcr Igel: Mit dieser Futter- \/ Trinkschale speziell f\u00fcr Igel k\u00f6nnen Sie Igel problemlos mit speziellem Igelfut","og_url":"https:\/\/trendsandvision.nl\/de\/product\/esschert-design-futter-und-oder-trinkschale-fuer-igel\/","og_site_name":"Trends &amp; Vision (DE)","article_modified_time":"2026-04-22T13:27:12+00:00","og_image":[{"width":800,"height":800,"url":"https:\/\/trendsandvision.nl\/de\/wp-content\/uploads\/sites\/3\/2022\/04\/WA64_01.jpg","type":"image\/jpeg"}],"twitter_card":"summary_large_image","twitter_misc":{"Gesch\u00e4tzte Lesezeit":"1\u00a0Minute"},"schema":{"@context":"https:\/\/schema.org","@graph":[{"@type":"WebPage","@id":"https:\/\/trendsandvision.nl\/de\/product\/esschert-design-futter-und-oder-trinkschale-fuer-igel\/","url":"https:\/\/trendsandvision.nl\/de\/product\/esschert-design-futter-und-oder-trinkschale-fuer-igel\/","name":"Esschert Design Futter- und\/oder Trinkschale f\u00fcr Igel (WA64, 8714982182013) - Trends & Vision","isPartOf":{"@id":"https:\/\/trendsandvision.nl\/de\/#website"},"primaryImageOfPage":{"@id":"https:\/\/trendsandvision.nl\/de\/product\/esschert-design-futter-und-oder-trinkschale-fuer-igel\/#primaryimage"},"image":{"@id":"https:\/\/trendsandvision.nl\/de\/product\/esschert-design-futter-und-oder-trinkschale-fuer-igel\/#primaryimage"},"thumbnailUrl":"https:\/\/trendsandvision.nl\/de\/wp-content\/uploads\/sites\/3\/2022\/04\/WA64_01.jpg","datePublished":"2022-04-22T22:00:13+00:00","dateModified":"2026-04-22T13:27:12+00:00","description":"Esschert Design Futter- und\/oder Trinkschale f\u00fcr Igel: Mit dieser Futter- \/ Trinkschale speziell f\u00fcr Igel k\u00f6nnen Sie Igel problemlos mit speziellem Igelfut","breadcrumb":{"@id":"https:\/\/trendsandvision.nl\/de\/product\/esschert-design-futter-und-oder-trinkschale-fuer-igel\/#breadcrumb"},"inLanguage":"de","potentialAction":[{"@type":"ReadAction","target":["https:\/\/trendsandvision.nl\/de\/product\/esschert-design-futter-und-oder-trinkschale-fuer-igel\/"]}]},{"@type":"ImageObject","inLanguage":"de","@id":"https:\/\/trendsandvision.nl\/de\/product\/esschert-design-futter-und-oder-trinkschale-fuer-igel\/#primaryimage","url":"https:\/\/trendsandvision.nl\/de\/wp-content\/uploads\/sites\/3\/2022\/04\/WA64_01.jpg","contentUrl":"https:\/\/trendsandvision.nl\/de\/wp-content\/uploads\/sites\/3\/2022\/04\/WA64_01.jpg","width":800,"height":800,"caption":"Esschert Design Futter- und\/oder Trinkschale f\u00fcr Igel (WA64"},{"@type":"BreadcrumbList","@id":"https:\/\/trendsandvision.nl\/de\/product\/esschert-design-futter-und-oder-trinkschale-fuer-igel\/#breadcrumb","itemListElement":[{"@type":"ListItem","position":1,"name":"Home","item":"https:\/\/trendsandvision.nl\/de\/"},{"@type":"ListItem","position":2,"name":"Gesch\u00e4ft","item":"https:\/\/trendsandvision.nl\/de\/geschaft\/"},{"@type":"ListItem","position":3,"name":"Esschert Design Futter- und\/oder Trinkschale f\u00fcr Igel"}]},{"@type":"WebSite","@id":"https:\/\/trendsandvision.nl\/de\/#website","url":"https:\/\/trendsandvision.nl\/de\/","name":"Trends &amp; Vision (DE)","description":"Der Webshop f\u00fcr Esschert Design Artikel","publisher":{"@id":"https:\/\/trendsandvision.nl\/de\/#organization"},"potentialAction":[{"@type":"SearchAction","target":{"@type":"EntryPoint","urlTemplate":"https:\/\/trendsandvision.nl\/de\/?s={search_term_string}"},"query-input":{"@type":"PropertyValueSpecification","valueRequired":true,"valueName":"search_term_string"}}],"inLanguage":"de"},{"@type":"Organization","@id":"https:\/\/trendsandvision.nl\/de\/#organization","name":"Trends &amp; Vision (DE)","url":"https:\/\/trendsandvision.nl\/de\/","logo":{"@type":"ImageObject","inLanguage":"de","@id":"https:\/\/trendsandvision.nl\/de\/#\/schema\/logo\/image\/","url":"https:\/\/trendsandvision.nl\/de\/wp-content\/uploads\/sites\/3\/2022\/04\/trends-and-vision-logo.jpg","contentUrl":"https:\/\/trendsandvision.nl\/de\/wp-content\/uploads\/sites\/3\/2022\/04\/trends-and-vision-logo.jpg","width":213,"height":100,"caption":"Trends &amp; Vision (DE)"},"image":{"@id":"https:\/\/trendsandvision.nl\/de\/#\/schema\/logo\/image\/"}}]}},"_links":{"self":[{"href":"https:\/\/trendsandvision.nl\/de\/wp-json\/wp\/v2\/product\/9110","targetHints":{"allow":["GET"]}}],"collection":[{"href":"https:\/\/trendsandvision.nl\/de\/wp-json\/wp\/v2\/product"}],"about":[{"href":"https:\/\/trendsandvision.nl\/de\/wp-json\/wp\/v2\/types\/product"}],"wp:featuredmedia":[{"embeddable":true,"href":"https:\/\/trendsandvision.nl\/de\/wp-json\/wp\/v2\/media\/9111"}],"wp:attachment":[{"href":"https:\/\/trendsandvision.nl\/de\/wp-json\/wp\/v2\/media?parent=9110"}],"wp:term":[{"taxonomy":"product_brand","embeddable":true,"href":"https:\/\/trendsandvision.nl\/de\/wp-json\/wp\/v2\/product_brand?post=9110"},{"taxonomy":"product_cat","embeddable":true,"href":"https:\/\/trendsandvision.nl\/de\/wp-json\/wp\/v2\/product_cat?post=9110"},{"taxonomy":"product_tag","embeddable":true,"href":"https:\/\/trendsandvision.nl\/de\/wp-json\/wp\/v2\/product_tag?post=9110"}],"curies":[{"name":"wp","href":"https:\/\/api.w.org\/{rel}","templated":true}]}}