{"id":911,"date":"2022-04-22T16:52:26","date_gmt":"2022-04-22T14:52:26","guid":{"rendered":"https:\/\/trendsandvision.nl\/de\/product\/esschert-design-garden-pflanzensprueher-sortiert\/"},"modified":"2026-02-04T00:13:24","modified_gmt":"2026-02-03T23:13:24","slug":"esschert-design-garden-pflanzensprueher-pro-stueck-wahl","status":"publish","type":"product","link":"https:\/\/trendsandvision.nl\/de\/product\/esschert-design-garden-pflanzensprueher-pro-stueck-wahl\/","title":{"rendered":"Esschert Design &#8222;Garden&#8220; Pflanzenspr\u00fcher pro St\u00fcck\/Wahl"},"content":{"rendered":"<p>Bei der Pflanzenanzucht aber auch der sp\u00e4teren Pflege ist ein <strong><a href=\"https:\/\/trendsandvision.nl\/de\/?s=Pflanzenspr\u00fcher&amp;post_type=product&amp;dgwt_wcas=1\">Pflanzenspr\u00fcher<\/a><\/strong> ein unverzichtbares Utensil f\u00fcr jeden G\u00e4rtner.<br \/>\nDer sanfte Spr\u00fchnebel sorgt bei der Aussaat sorgt daf\u00fcr dass die Erde feucht bleibt und die Samen gleichzeitig nicht weggesp\u00fclt werden.<br \/>\nAusgewachsene Pflanzen nehmen \u00fcber ihre Bl\u00e4tter ebenfalls Wasser auf.<br \/>\nBefeuchten Sie vor allen bei niedriger Luftfeuchte sowohl die Bl\u00e4tter ihrer Zimmer als auf Gartenpflanzen regelm\u00e4\u00dfig mit diesem Pflanzenspr\u00fcher.<\/p>\n<p>&#8211; feiner Spr\u00fchnebel<br \/>\n&#8211; Einhandbedienung<br \/>\n&#8211; Beh\u00e4lter mit Aufdruck aus Glas<br \/>\n&#8211; Wahl aus 2 Varianten<\/p>\n<p>Pflanzenspr\u00fcher &#8222;Garden&#8220;<br \/>\nArtikelnummer AGG14<br \/>\nProduktgruppe(n) Garten&amp;Terrasse, <strong><a href=\"https:\/\/trendsandvision.nl\/de\/?s=Gartenger\u00e4t&amp;post_type=product&amp;dgwt_wcas=1\">Gartenger\u00e4te<\/a><\/strong>, <strong><a href=\"https:\/\/trendsandvision.nl\/de\/?s=Gie\u00dfkann&amp;post_type=product&amp;dgwt_wcas=1\">Gie\u00dfkannen<\/a><\/strong> und Spr\u00fchger\u00e4te<br \/>\nProduktabmessungen in cm \u00f8 L 9,5 x T 7,6 x H 19,5<br \/>\nVolumen in Litern 0,36<br \/>\nMaterial Glas, PP<br \/>\nNettogewicht 0,267 kg<br \/>\nBarcode 8714982071669<\/p>\n","protected":false},"excerpt":{"rendered":"<p>&#8211; Wahl aus 2 Varianten<br \/>\n&#8211; Artikelnummer AGG14<br \/>\n&#8211; feiner Spr\u00fchnebel<br \/>\n&#8211; Einhandbedienung<br \/>\n&#8211; Beh\u00e4lter mit Aufdruck aus Glas<br \/>\n&#8211; \u00f8 L 9,5 x T 7,6 x H 19,5 cm<br \/>\n&#8211; Volumen in Litern 0,36<br \/>\n&#8211; Material: Glas, PP<br \/>\n&#8211; Nettogewicht 0,267 kg<br \/>\n&#8211; Barcode 8714982071669<\/p>\n","protected":false},"featured_media":912,"template":"","meta":[],"product_brand":[9597,9598],"product_cat":[503],"product_tag":[7477,7063,7926],"class_list":{"0":"post-911","1":"product","2":"type-product","3":"status-publish","4":"has-post-thumbnail","6":"product_brand-esschert-design","7":"product_brand-trends-and-vision","8":"product_cat-esscherts-garden","9":"product_tag-glas","10":"product_tag-pflanzensprueher","11":"product_tag-sprueher","12":"pa_anbieter-esschert-design","13":"pa_ean-code-509","14":"pa_material-glas-metaal","15":"pa_messungen-7-5-x-7-5-x-20-cm","17":"first","18":"instock","19":"sale","20":"taxable","21":"shipping-taxable","22":"purchasable","23":"product-type-simple","24":"czr-hentry"},"yoast_head":"<!-- This site is optimized with the Yoast SEO Premium plugin v26.4 (Yoast SEO v27.4) - https:\/\/yoast.com\/product\/yoast-seo-premium-wordpress\/ -->\n<title>Esschert Design &quot;Garden&quot; Pflanzenspr\u00fcher sortiert (AGG14, 8714982071669) - Trends &amp; Vision<\/title>\n<meta name=\"description\" content=\"Esschert Design &quot;Garden&quot; Pflanzenspr\u00fcher sortiert: Sortierte gl\u00e4serne Pflanzenpr\u00fcher mit Spr\u00fchkopf aus Kunststoff: &quot;1897 Garden, maison du jardin&quot;: 7.5 x 7.5 x 20 cm\" \/>\n<meta name=\"robots\" content=\"index, follow, max-snippet:-1, max-image-preview:large, max-video-preview:-1\" \/>\n<link rel=\"canonical\" href=\"https:\/\/trendsandvision.nl\/de\/product\/esschert-design-garden-pflanzensprueher-pro-stueck-wahl\/\" \/>\n<meta property=\"og:locale\" content=\"de_DE\" \/>\n<meta property=\"og:type\" content=\"article\" \/>\n<meta property=\"og:title\" content=\"Esschert Design &quot;Garden&quot; Pflanzenspr\u00fcher pro St\u00fcck\/Wahl\" \/>\n<meta property=\"og:description\" content=\"Esschert Design &quot;Garden&quot; Pflanzenspr\u00fcher sortiert: Sortierte gl\u00e4serne Pflanzenpr\u00fcher mit Spr\u00fchkopf aus Kunststoff: &quot;1897 Garden, maison du jardin&quot;: 7.5 x 7.5 x 20 cm\" \/>\n<meta property=\"og:url\" content=\"https:\/\/trendsandvision.nl\/de\/product\/esschert-design-garden-pflanzensprueher-pro-stueck-wahl\/\" \/>\n<meta property=\"og:site_name\" content=\"Trends &amp; Vision (DE)\" \/>\n<meta property=\"article:modified_time\" content=\"2026-02-03T23:13:24+00:00\" \/>\n<meta property=\"og:image\" content=\"https:\/\/trendsandvision.nl\/de\/wp-content\/uploads\/sites\/3\/2022\/04\/AGG14_01.jpg\" \/>\n\t<meta property=\"og:image:width\" content=\"800\" \/>\n\t<meta property=\"og:image:height\" content=\"800\" \/>\n\t<meta property=\"og:image:type\" content=\"image\/jpeg\" \/>\n<meta name=\"twitter:card\" content=\"summary_large_image\" \/>\n<meta name=\"twitter:label1\" content=\"Gesch\u00e4tzte Lesezeit\" \/>\n\t<meta name=\"twitter:data1\" content=\"1\u00a0Minute\" \/>\n<script type=\"application\/ld+json\" class=\"yoast-schema-graph\">{\"@context\":\"https:\\\/\\\/schema.org\",\"@graph\":[{\"@type\":\"WebPage\",\"@id\":\"https:\\\/\\\/trendsandvision.nl\\\/de\\\/product\\\/esschert-design-garden-pflanzensprueher-pro-stueck-wahl\\\/\",\"url\":\"https:\\\/\\\/trendsandvision.nl\\\/de\\\/product\\\/esschert-design-garden-pflanzensprueher-pro-stueck-wahl\\\/\",\"name\":\"Esschert Design \\\"Garden\\\" Pflanzenspr\u00fcher sortiert (AGG14, 8714982071669) - Trends & Vision\",\"isPartOf\":{\"@id\":\"https:\\\/\\\/trendsandvision.nl\\\/de\\\/#website\"},\"primaryImageOfPage\":{\"@id\":\"https:\\\/\\\/trendsandvision.nl\\\/de\\\/product\\\/esschert-design-garden-pflanzensprueher-pro-stueck-wahl\\\/#primaryimage\"},\"image\":{\"@id\":\"https:\\\/\\\/trendsandvision.nl\\\/de\\\/product\\\/esschert-design-garden-pflanzensprueher-pro-stueck-wahl\\\/#primaryimage\"},\"thumbnailUrl\":\"https:\\\/\\\/trendsandvision.nl\\\/de\\\/wp-content\\\/uploads\\\/sites\\\/3\\\/2022\\\/04\\\/AGG14_01.jpg\",\"datePublished\":\"2022-04-22T14:52:26+00:00\",\"dateModified\":\"2026-02-03T23:13:24+00:00\",\"description\":\"Esschert Design \\\"Garden\\\" Pflanzenspr\u00fcher sortiert: Sortierte gl\u00e4serne Pflanzenpr\u00fcher mit Spr\u00fchkopf aus Kunststoff: \\\"1897 Garden, maison du jardin\\\": 7.5 x 7.5 x 20 cm\",\"breadcrumb\":{\"@id\":\"https:\\\/\\\/trendsandvision.nl\\\/de\\\/product\\\/esschert-design-garden-pflanzensprueher-pro-stueck-wahl\\\/#breadcrumb\"},\"inLanguage\":\"de\",\"potentialAction\":[{\"@type\":\"ReadAction\",\"target\":[\"https:\\\/\\\/trendsandvision.nl\\\/de\\\/product\\\/esschert-design-garden-pflanzensprueher-pro-stueck-wahl\\\/\"]}]},{\"@type\":\"ImageObject\",\"inLanguage\":\"de\",\"@id\":\"https:\\\/\\\/trendsandvision.nl\\\/de\\\/product\\\/esschert-design-garden-pflanzensprueher-pro-stueck-wahl\\\/#primaryimage\",\"url\":\"https:\\\/\\\/trendsandvision.nl\\\/de\\\/wp-content\\\/uploads\\\/sites\\\/3\\\/2022\\\/04\\\/AGG14_01.jpg\",\"contentUrl\":\"https:\\\/\\\/trendsandvision.nl\\\/de\\\/wp-content\\\/uploads\\\/sites\\\/3\\\/2022\\\/04\\\/AGG14_01.jpg\",\"width\":800,\"height\":800,\"caption\":\"Esschert Design \\\"Garden\\\" Pflanzenspr\u00fcher sortiert (AGG14\"},{\"@type\":\"BreadcrumbList\",\"@id\":\"https:\\\/\\\/trendsandvision.nl\\\/de\\\/product\\\/esschert-design-garden-pflanzensprueher-pro-stueck-wahl\\\/#breadcrumb\",\"itemListElement\":[{\"@type\":\"ListItem\",\"position\":1,\"name\":\"Home\",\"item\":\"https:\\\/\\\/trendsandvision.nl\\\/de\\\/\"},{\"@type\":\"ListItem\",\"position\":2,\"name\":\"Gesch\u00e4ft\",\"item\":\"https:\\\/\\\/trendsandvision.nl\\\/de\\\/geschaft\\\/\"},{\"@type\":\"ListItem\",\"position\":3,\"name\":\"Esschert Design &#8222;Garden&#8220; Pflanzenspr\u00fcher pro St\u00fcck\\\/Wahl\"}]},{\"@type\":\"WebSite\",\"@id\":\"https:\\\/\\\/trendsandvision.nl\\\/de\\\/#website\",\"url\":\"https:\\\/\\\/trendsandvision.nl\\\/de\\\/\",\"name\":\"Trends &amp; Vision (DE)\",\"description\":\"Der Webshop f\u00fcr Esschert Design Artikel\",\"publisher\":{\"@id\":\"https:\\\/\\\/trendsandvision.nl\\\/de\\\/#organization\"},\"potentialAction\":[{\"@type\":\"SearchAction\",\"target\":{\"@type\":\"EntryPoint\",\"urlTemplate\":\"https:\\\/\\\/trendsandvision.nl\\\/de\\\/?s={search_term_string}\"},\"query-input\":{\"@type\":\"PropertyValueSpecification\",\"valueRequired\":true,\"valueName\":\"search_term_string\"}}],\"inLanguage\":\"de\"},{\"@type\":\"Organization\",\"@id\":\"https:\\\/\\\/trendsandvision.nl\\\/de\\\/#organization\",\"name\":\"Trends &amp; Vision (DE)\",\"url\":\"https:\\\/\\\/trendsandvision.nl\\\/de\\\/\",\"logo\":{\"@type\":\"ImageObject\",\"inLanguage\":\"de\",\"@id\":\"https:\\\/\\\/trendsandvision.nl\\\/de\\\/#\\\/schema\\\/logo\\\/image\\\/\",\"url\":\"https:\\\/\\\/trendsandvision.nl\\\/de\\\/wp-content\\\/uploads\\\/sites\\\/3\\\/2022\\\/04\\\/trends-and-vision-logo.jpg\",\"contentUrl\":\"https:\\\/\\\/trendsandvision.nl\\\/de\\\/wp-content\\\/uploads\\\/sites\\\/3\\\/2022\\\/04\\\/trends-and-vision-logo.jpg\",\"width\":213,\"height\":100,\"caption\":\"Trends &amp; Vision (DE)\"},\"image\":{\"@id\":\"https:\\\/\\\/trendsandvision.nl\\\/de\\\/#\\\/schema\\\/logo\\\/image\\\/\"}}]}<\/script>\n<!-- \/ Yoast SEO Premium plugin. -->","yoast_head_json":{"title":"Esschert Design \"Garden\" Pflanzenspr\u00fcher sortiert (AGG14, 8714982071669) - Trends & Vision","description":"Esschert Design \"Garden\" Pflanzenspr\u00fcher sortiert: Sortierte gl\u00e4serne Pflanzenpr\u00fcher mit Spr\u00fchkopf aus Kunststoff: \"1897 Garden, maison du jardin\": 7.5 x 7.5 x 20 cm","robots":{"index":"index","follow":"follow","max-snippet":"max-snippet:-1","max-image-preview":"max-image-preview:large","max-video-preview":"max-video-preview:-1"},"canonical":"https:\/\/trendsandvision.nl\/de\/product\/esschert-design-garden-pflanzensprueher-pro-stueck-wahl\/","og_locale":"de_DE","og_type":"article","og_title":"Esschert Design \"Garden\" Pflanzenspr\u00fcher pro St\u00fcck\/Wahl","og_description":"Esschert Design \"Garden\" Pflanzenspr\u00fcher sortiert: Sortierte gl\u00e4serne Pflanzenpr\u00fcher mit Spr\u00fchkopf aus Kunststoff: \"1897 Garden, maison du jardin\": 7.5 x 7.5 x 20 cm","og_url":"https:\/\/trendsandvision.nl\/de\/product\/esschert-design-garden-pflanzensprueher-pro-stueck-wahl\/","og_site_name":"Trends &amp; Vision (DE)","article_modified_time":"2026-02-03T23:13:24+00:00","og_image":[{"width":800,"height":800,"url":"https:\/\/trendsandvision.nl\/de\/wp-content\/uploads\/sites\/3\/2022\/04\/AGG14_01.jpg","type":"image\/jpeg"}],"twitter_card":"summary_large_image","twitter_misc":{"Gesch\u00e4tzte Lesezeit":"1\u00a0Minute"},"schema":{"@context":"https:\/\/schema.org","@graph":[{"@type":"WebPage","@id":"https:\/\/trendsandvision.nl\/de\/product\/esschert-design-garden-pflanzensprueher-pro-stueck-wahl\/","url":"https:\/\/trendsandvision.nl\/de\/product\/esschert-design-garden-pflanzensprueher-pro-stueck-wahl\/","name":"Esschert Design \"Garden\" Pflanzenspr\u00fcher sortiert (AGG14, 8714982071669) - Trends & Vision","isPartOf":{"@id":"https:\/\/trendsandvision.nl\/de\/#website"},"primaryImageOfPage":{"@id":"https:\/\/trendsandvision.nl\/de\/product\/esschert-design-garden-pflanzensprueher-pro-stueck-wahl\/#primaryimage"},"image":{"@id":"https:\/\/trendsandvision.nl\/de\/product\/esschert-design-garden-pflanzensprueher-pro-stueck-wahl\/#primaryimage"},"thumbnailUrl":"https:\/\/trendsandvision.nl\/de\/wp-content\/uploads\/sites\/3\/2022\/04\/AGG14_01.jpg","datePublished":"2022-04-22T14:52:26+00:00","dateModified":"2026-02-03T23:13:24+00:00","description":"Esschert Design \"Garden\" Pflanzenspr\u00fcher sortiert: Sortierte gl\u00e4serne Pflanzenpr\u00fcher mit Spr\u00fchkopf aus Kunststoff: \"1897 Garden, maison du jardin\": 7.5 x 7.5 x 20 cm","breadcrumb":{"@id":"https:\/\/trendsandvision.nl\/de\/product\/esschert-design-garden-pflanzensprueher-pro-stueck-wahl\/#breadcrumb"},"inLanguage":"de","potentialAction":[{"@type":"ReadAction","target":["https:\/\/trendsandvision.nl\/de\/product\/esschert-design-garden-pflanzensprueher-pro-stueck-wahl\/"]}]},{"@type":"ImageObject","inLanguage":"de","@id":"https:\/\/trendsandvision.nl\/de\/product\/esschert-design-garden-pflanzensprueher-pro-stueck-wahl\/#primaryimage","url":"https:\/\/trendsandvision.nl\/de\/wp-content\/uploads\/sites\/3\/2022\/04\/AGG14_01.jpg","contentUrl":"https:\/\/trendsandvision.nl\/de\/wp-content\/uploads\/sites\/3\/2022\/04\/AGG14_01.jpg","width":800,"height":800,"caption":"Esschert Design \"Garden\" Pflanzenspr\u00fcher sortiert (AGG14"},{"@type":"BreadcrumbList","@id":"https:\/\/trendsandvision.nl\/de\/product\/esschert-design-garden-pflanzensprueher-pro-stueck-wahl\/#breadcrumb","itemListElement":[{"@type":"ListItem","position":1,"name":"Home","item":"https:\/\/trendsandvision.nl\/de\/"},{"@type":"ListItem","position":2,"name":"Gesch\u00e4ft","item":"https:\/\/trendsandvision.nl\/de\/geschaft\/"},{"@type":"ListItem","position":3,"name":"Esschert Design &#8222;Garden&#8220; Pflanzenspr\u00fcher pro St\u00fcck\/Wahl"}]},{"@type":"WebSite","@id":"https:\/\/trendsandvision.nl\/de\/#website","url":"https:\/\/trendsandvision.nl\/de\/","name":"Trends &amp; Vision (DE)","description":"Der Webshop f\u00fcr Esschert Design Artikel","publisher":{"@id":"https:\/\/trendsandvision.nl\/de\/#organization"},"potentialAction":[{"@type":"SearchAction","target":{"@type":"EntryPoint","urlTemplate":"https:\/\/trendsandvision.nl\/de\/?s={search_term_string}"},"query-input":{"@type":"PropertyValueSpecification","valueRequired":true,"valueName":"search_term_string"}}],"inLanguage":"de"},{"@type":"Organization","@id":"https:\/\/trendsandvision.nl\/de\/#organization","name":"Trends &amp; Vision (DE)","url":"https:\/\/trendsandvision.nl\/de\/","logo":{"@type":"ImageObject","inLanguage":"de","@id":"https:\/\/trendsandvision.nl\/de\/#\/schema\/logo\/image\/","url":"https:\/\/trendsandvision.nl\/de\/wp-content\/uploads\/sites\/3\/2022\/04\/trends-and-vision-logo.jpg","contentUrl":"https:\/\/trendsandvision.nl\/de\/wp-content\/uploads\/sites\/3\/2022\/04\/trends-and-vision-logo.jpg","width":213,"height":100,"caption":"Trends &amp; Vision (DE)"},"image":{"@id":"https:\/\/trendsandvision.nl\/de\/#\/schema\/logo\/image\/"}}]}},"_links":{"self":[{"href":"https:\/\/trendsandvision.nl\/de\/wp-json\/wp\/v2\/product\/911","targetHints":{"allow":["GET"]}}],"collection":[{"href":"https:\/\/trendsandvision.nl\/de\/wp-json\/wp\/v2\/product"}],"about":[{"href":"https:\/\/trendsandvision.nl\/de\/wp-json\/wp\/v2\/types\/product"}],"wp:featuredmedia":[{"embeddable":true,"href":"https:\/\/trendsandvision.nl\/de\/wp-json\/wp\/v2\/media\/912"}],"wp:attachment":[{"href":"https:\/\/trendsandvision.nl\/de\/wp-json\/wp\/v2\/media?parent=911"}],"wp:term":[{"taxonomy":"product_brand","embeddable":true,"href":"https:\/\/trendsandvision.nl\/de\/wp-json\/wp\/v2\/product_brand?post=911"},{"taxonomy":"product_cat","embeddable":true,"href":"https:\/\/trendsandvision.nl\/de\/wp-json\/wp\/v2\/product_cat?post=911"},{"taxonomy":"product_tag","embeddable":true,"href":"https:\/\/trendsandvision.nl\/de\/wp-json\/wp\/v2\/product_tag?post=911"}],"curies":[{"name":"wp","href":"https:\/\/api.w.org\/{rel}","templated":true}]}}