{"id":9040,"date":"2022-04-22T23:57:50","date_gmt":"2022-04-22T21:57:50","guid":{"rendered":"https:\/\/trendsandvision.nl\/de\/product\/esschert-design-bienenhaus-holz\/"},"modified":"2026-04-07T10:54:10","modified_gmt":"2026-04-07T08:54:10","slug":"esschert-design-bienenhaus-holz","status":"publish","type":"product","link":"https:\/\/trendsandvision.nl\/de\/product\/esschert-design-bienenhaus-holz\/","title":{"rendered":"Esschert Design Bienenhaus Holz"},"content":{"rendered":"<p>Bienenhaus: Jede Wildbienenart w\u00e4hlt f\u00fcr die Eiablage einen bestimmten Querschnitt. Mauerbienen beispielsweise bevorzugen L\u00f6cher mit 3 bis 7mm Durchmesser, Maskenbienen ziehen eher 2 bis 4mm vor. Eine weibliche Biene legt ihre Brutzellen in engen h\u00f6lzernen Hohlr\u00e4umen an und versorgt die Gelege mit Pollen und Nektar.<br \/>\nWildbienen verschlie\u00dfen den Zugang mit Lehm. Bei der Platzierung des Bienenhauses sind einige Dinge zu beachten. W\u00e4hlen Sie einen vor Wind und Regen gesch\u00fctzten, sonnigen Platz. Die W\u00e4rme ist insbesondere f\u00fcr die Brut wichtig. Befestigen Sie das Bienenhaus nach S\u00fcden ausgerichtet in 1,5 bis 2 Metern H\u00f6he. Achten Sie darauf, dass die Vorderseite f\u00fcr die Insekten gut sichtbar ist. F\u00fcr ein ausgebuchtes Bienenhaus sind Wasser und reichhaltige Nahrungsquellen (Kr\u00e4uter, blutenreiche Wildpflanzen, Str\u00e4ucher und B\u00e4ume) in der unmittelbaren Umgebung sehr wichtig. Ebenso von Vorteil ist das Vorkommen von Lehm und Sand. Neben der Honigbienen gibt es in Europa hunderte von weiteren Wildbienenarten. Die friedlichen Gesellen helfen dabei, die Pflanzen und Blumen in Ihrem Garten zu best\u00e4uben. Dieses Bienenhaus bietet eine ausgezeichnete Nistm\u00f6glichkeit f\u00fcr verschiedene Arten.<\/p>\n<p>Artikelname: Bienenhaus Holz<br \/>\nArtikelnummer WA44<br \/>\nProduktgruppe(n) V\u00f6gel&amp;Gartentiere, Gartentiere, Bienen und Hummeln<br \/>\nProduktabmessungen in cm L 15,7 x T 12,3 x H 15,5<br \/>\nMaterial Kiefernholz, Zink<br \/>\nNettogewicht 0,702 kg<br \/>\nBarcode 8714982102585<br \/>\nFSC\u00ae FSC 100%<\/p>\n","protected":false},"excerpt":{"rendered":"<p>Bienenhaus Holz<br \/>\nArtikelnummer WA44<br \/>\n15,7 x T 12,3 x H 15,5 cm<br \/>\nMaterial Kiefernholz, Zink<br \/>\nNettogewicht 0,702 kg<br \/>\nBarcode 8714982102585<br \/>\nFSC\u00ae FSC 100%<\/p>\n","protected":false},"featured_media":9041,"template":"","meta":[],"product_brand":[9597,9598],"product_cat":[1315],"product_tag":[7058,6964,6809,8504],"class_list":{"0":"post-9040","1":"product","2":"type-product","3":"status-publish","4":"has-post-thumbnail","6":"product_brand-esschert-design","7":"product_brand-trends-and-vision","8":"product_cat-best-for-birds","9":"product_tag-bienen","10":"product_tag-bienenhaus","11":"product_tag-fsc-100","12":"product_tag-naturschutz","13":"pa_anbieter-esschert-design","14":"pa_ean-code-5047","15":"pa_material-kiefernholz-zink","16":"pa_messungen-158x123x152-cm","18":"first","19":"instock","20":"sale","21":"taxable","22":"shipping-taxable","23":"purchasable","24":"product-type-simple","25":"czr-hentry"},"yoast_head":"<!-- This site is optimized with the Yoast SEO Premium plugin v26.4 (Yoast SEO v27.4) - https:\/\/yoast.com\/product\/yoast-seo-premium-wordpress\/ -->\n<title>Esschert Design Bienenhaus Holz (WA44, 8714982102585) - Trends &amp; Vision<\/title>\n<meta name=\"description\" content=\"Esschert Design Bienenhaus Holz: Bienenhaus: Jede Wildbienenart w\u00e4hlt fu\u00a8r die Eiablage einen bestimmten Querschnitt. Mauerbienen beispielsweise bevorzugen L\u00f6cher mit 3 bis 7mm Durchmesser, Maskenbienen ziehen eher 2 bis 4mm vor. Eine weibliche Biene legt ihre Brutzellen in engen h\u00f6\" \/>\n<meta name=\"robots\" content=\"index, follow, max-snippet:-1, max-image-preview:large, max-video-preview:-1\" \/>\n<link rel=\"canonical\" href=\"https:\/\/trendsandvision.nl\/de\/product\/esschert-design-bienenhaus-holz\/\" \/>\n<meta property=\"og:locale\" content=\"de_DE\" \/>\n<meta property=\"og:type\" content=\"article\" \/>\n<meta property=\"og:title\" content=\"Esschert Design Bienenhaus Holz\" \/>\n<meta property=\"og:description\" content=\"Esschert Design Bienenhaus Holz: Bienenhaus: Jede Wildbienenart w\u00e4hlt fu\u00a8r die Eiablage einen bestimmten Querschnitt. Mauerbienen beispielsweise bevorzugen L\u00f6cher mit 3 bis 7mm Durchmesser, Maskenbienen ziehen eher 2 bis 4mm vor. Eine weibliche Biene legt ihre Brutzellen in engen h\u00f6\" \/>\n<meta property=\"og:url\" content=\"https:\/\/trendsandvision.nl\/de\/product\/esschert-design-bienenhaus-holz\/\" \/>\n<meta property=\"og:site_name\" content=\"Trends &amp; Vision (DE)\" \/>\n<meta property=\"article:modified_time\" content=\"2026-04-07T08:54:10+00:00\" \/>\n<meta property=\"og:image\" content=\"https:\/\/trendsandvision.nl\/de\/wp-content\/uploads\/sites\/3\/2022\/04\/WA44_01.jpg\" \/>\n\t<meta property=\"og:image:width\" content=\"800\" \/>\n\t<meta property=\"og:image:height\" content=\"800\" \/>\n\t<meta property=\"og:image:type\" content=\"image\/jpeg\" \/>\n<meta name=\"twitter:card\" content=\"summary_large_image\" \/>\n<meta name=\"twitter:label1\" content=\"Gesch\u00e4tzte Lesezeit\" \/>\n\t<meta name=\"twitter:data1\" content=\"2\u00a0Minuten\" \/>\n<script type=\"application\/ld+json\" class=\"yoast-schema-graph\">{\"@context\":\"https:\\\/\\\/schema.org\",\"@graph\":[{\"@type\":\"WebPage\",\"@id\":\"https:\\\/\\\/trendsandvision.nl\\\/de\\\/product\\\/esschert-design-bienenhaus-holz\\\/\",\"url\":\"https:\\\/\\\/trendsandvision.nl\\\/de\\\/product\\\/esschert-design-bienenhaus-holz\\\/\",\"name\":\"Esschert Design Bienenhaus Holz (WA44, 8714982102585) - Trends & Vision\",\"isPartOf\":{\"@id\":\"https:\\\/\\\/trendsandvision.nl\\\/de\\\/#website\"},\"primaryImageOfPage\":{\"@id\":\"https:\\\/\\\/trendsandvision.nl\\\/de\\\/product\\\/esschert-design-bienenhaus-holz\\\/#primaryimage\"},\"image\":{\"@id\":\"https:\\\/\\\/trendsandvision.nl\\\/de\\\/product\\\/esschert-design-bienenhaus-holz\\\/#primaryimage\"},\"thumbnailUrl\":\"https:\\\/\\\/trendsandvision.nl\\\/de\\\/wp-content\\\/uploads\\\/sites\\\/3\\\/2022\\\/04\\\/WA44_01.jpg\",\"datePublished\":\"2022-04-22T21:57:50+00:00\",\"dateModified\":\"2026-04-07T08:54:10+00:00\",\"description\":\"Esschert Design Bienenhaus Holz: Bienenhaus: Jede Wildbienenart w\u00e4hlt fu\u00a8r die Eiablage einen bestimmten Querschnitt. Mauerbienen beispielsweise bevorzugen L\u00f6cher mit 3 bis 7mm Durchmesser, Maskenbienen ziehen eher 2 bis 4mm vor. Eine weibliche Biene legt ihre Brutzellen in engen h\u00f6\",\"breadcrumb\":{\"@id\":\"https:\\\/\\\/trendsandvision.nl\\\/de\\\/product\\\/esschert-design-bienenhaus-holz\\\/#breadcrumb\"},\"inLanguage\":\"de\",\"potentialAction\":[{\"@type\":\"ReadAction\",\"target\":[\"https:\\\/\\\/trendsandvision.nl\\\/de\\\/product\\\/esschert-design-bienenhaus-holz\\\/\"]}]},{\"@type\":\"ImageObject\",\"inLanguage\":\"de\",\"@id\":\"https:\\\/\\\/trendsandvision.nl\\\/de\\\/product\\\/esschert-design-bienenhaus-holz\\\/#primaryimage\",\"url\":\"https:\\\/\\\/trendsandvision.nl\\\/de\\\/wp-content\\\/uploads\\\/sites\\\/3\\\/2022\\\/04\\\/WA44_01.jpg\",\"contentUrl\":\"https:\\\/\\\/trendsandvision.nl\\\/de\\\/wp-content\\\/uploads\\\/sites\\\/3\\\/2022\\\/04\\\/WA44_01.jpg\",\"width\":800,\"height\":800,\"caption\":\"Esschert Design Bienenhaus Holz (WA44\"},{\"@type\":\"BreadcrumbList\",\"@id\":\"https:\\\/\\\/trendsandvision.nl\\\/de\\\/product\\\/esschert-design-bienenhaus-holz\\\/#breadcrumb\",\"itemListElement\":[{\"@type\":\"ListItem\",\"position\":1,\"name\":\"Home\",\"item\":\"https:\\\/\\\/trendsandvision.nl\\\/de\\\/\"},{\"@type\":\"ListItem\",\"position\":2,\"name\":\"Gesch\u00e4ft\",\"item\":\"https:\\\/\\\/trendsandvision.nl\\\/de\\\/geschaft\\\/\"},{\"@type\":\"ListItem\",\"position\":3,\"name\":\"Esschert Design Bienenhaus Holz\"}]},{\"@type\":\"WebSite\",\"@id\":\"https:\\\/\\\/trendsandvision.nl\\\/de\\\/#website\",\"url\":\"https:\\\/\\\/trendsandvision.nl\\\/de\\\/\",\"name\":\"Trends &amp; Vision (DE)\",\"description\":\"Der Webshop f\u00fcr Esschert Design Artikel\",\"publisher\":{\"@id\":\"https:\\\/\\\/trendsandvision.nl\\\/de\\\/#organization\"},\"potentialAction\":[{\"@type\":\"SearchAction\",\"target\":{\"@type\":\"EntryPoint\",\"urlTemplate\":\"https:\\\/\\\/trendsandvision.nl\\\/de\\\/?s={search_term_string}\"},\"query-input\":{\"@type\":\"PropertyValueSpecification\",\"valueRequired\":true,\"valueName\":\"search_term_string\"}}],\"inLanguage\":\"de\"},{\"@type\":\"Organization\",\"@id\":\"https:\\\/\\\/trendsandvision.nl\\\/de\\\/#organization\",\"name\":\"Trends &amp; Vision (DE)\",\"url\":\"https:\\\/\\\/trendsandvision.nl\\\/de\\\/\",\"logo\":{\"@type\":\"ImageObject\",\"inLanguage\":\"de\",\"@id\":\"https:\\\/\\\/trendsandvision.nl\\\/de\\\/#\\\/schema\\\/logo\\\/image\\\/\",\"url\":\"https:\\\/\\\/trendsandvision.nl\\\/de\\\/wp-content\\\/uploads\\\/sites\\\/3\\\/2022\\\/04\\\/trends-and-vision-logo.jpg\",\"contentUrl\":\"https:\\\/\\\/trendsandvision.nl\\\/de\\\/wp-content\\\/uploads\\\/sites\\\/3\\\/2022\\\/04\\\/trends-and-vision-logo.jpg\",\"width\":213,\"height\":100,\"caption\":\"Trends &amp; Vision (DE)\"},\"image\":{\"@id\":\"https:\\\/\\\/trendsandvision.nl\\\/de\\\/#\\\/schema\\\/logo\\\/image\\\/\"}}]}<\/script>\n<!-- \/ Yoast SEO Premium plugin. -->","yoast_head_json":{"title":"Esschert Design Bienenhaus Holz (WA44, 8714982102585) - Trends & Vision","description":"Esschert Design Bienenhaus Holz: Bienenhaus: Jede Wildbienenart w\u00e4hlt fu\u00a8r die Eiablage einen bestimmten Querschnitt. Mauerbienen beispielsweise bevorzugen L\u00f6cher mit 3 bis 7mm Durchmesser, Maskenbienen ziehen eher 2 bis 4mm vor. Eine weibliche Biene legt ihre Brutzellen in engen h\u00f6","robots":{"index":"index","follow":"follow","max-snippet":"max-snippet:-1","max-image-preview":"max-image-preview:large","max-video-preview":"max-video-preview:-1"},"canonical":"https:\/\/trendsandvision.nl\/de\/product\/esschert-design-bienenhaus-holz\/","og_locale":"de_DE","og_type":"article","og_title":"Esschert Design Bienenhaus Holz","og_description":"Esschert Design Bienenhaus Holz: Bienenhaus: Jede Wildbienenart w\u00e4hlt fu\u00a8r die Eiablage einen bestimmten Querschnitt. Mauerbienen beispielsweise bevorzugen L\u00f6cher mit 3 bis 7mm Durchmesser, Maskenbienen ziehen eher 2 bis 4mm vor. Eine weibliche Biene legt ihre Brutzellen in engen h\u00f6","og_url":"https:\/\/trendsandvision.nl\/de\/product\/esschert-design-bienenhaus-holz\/","og_site_name":"Trends &amp; Vision (DE)","article_modified_time":"2026-04-07T08:54:10+00:00","og_image":[{"width":800,"height":800,"url":"https:\/\/trendsandvision.nl\/de\/wp-content\/uploads\/sites\/3\/2022\/04\/WA44_01.jpg","type":"image\/jpeg"}],"twitter_card":"summary_large_image","twitter_misc":{"Gesch\u00e4tzte Lesezeit":"2\u00a0Minuten"},"schema":{"@context":"https:\/\/schema.org","@graph":[{"@type":"WebPage","@id":"https:\/\/trendsandvision.nl\/de\/product\/esschert-design-bienenhaus-holz\/","url":"https:\/\/trendsandvision.nl\/de\/product\/esschert-design-bienenhaus-holz\/","name":"Esschert Design Bienenhaus Holz (WA44, 8714982102585) - Trends & Vision","isPartOf":{"@id":"https:\/\/trendsandvision.nl\/de\/#website"},"primaryImageOfPage":{"@id":"https:\/\/trendsandvision.nl\/de\/product\/esschert-design-bienenhaus-holz\/#primaryimage"},"image":{"@id":"https:\/\/trendsandvision.nl\/de\/product\/esschert-design-bienenhaus-holz\/#primaryimage"},"thumbnailUrl":"https:\/\/trendsandvision.nl\/de\/wp-content\/uploads\/sites\/3\/2022\/04\/WA44_01.jpg","datePublished":"2022-04-22T21:57:50+00:00","dateModified":"2026-04-07T08:54:10+00:00","description":"Esschert Design Bienenhaus Holz: Bienenhaus: Jede Wildbienenart w\u00e4hlt fu\u00a8r die Eiablage einen bestimmten Querschnitt. Mauerbienen beispielsweise bevorzugen L\u00f6cher mit 3 bis 7mm Durchmesser, Maskenbienen ziehen eher 2 bis 4mm vor. Eine weibliche Biene legt ihre Brutzellen in engen h\u00f6","breadcrumb":{"@id":"https:\/\/trendsandvision.nl\/de\/product\/esschert-design-bienenhaus-holz\/#breadcrumb"},"inLanguage":"de","potentialAction":[{"@type":"ReadAction","target":["https:\/\/trendsandvision.nl\/de\/product\/esschert-design-bienenhaus-holz\/"]}]},{"@type":"ImageObject","inLanguage":"de","@id":"https:\/\/trendsandvision.nl\/de\/product\/esschert-design-bienenhaus-holz\/#primaryimage","url":"https:\/\/trendsandvision.nl\/de\/wp-content\/uploads\/sites\/3\/2022\/04\/WA44_01.jpg","contentUrl":"https:\/\/trendsandvision.nl\/de\/wp-content\/uploads\/sites\/3\/2022\/04\/WA44_01.jpg","width":800,"height":800,"caption":"Esschert Design Bienenhaus Holz (WA44"},{"@type":"BreadcrumbList","@id":"https:\/\/trendsandvision.nl\/de\/product\/esschert-design-bienenhaus-holz\/#breadcrumb","itemListElement":[{"@type":"ListItem","position":1,"name":"Home","item":"https:\/\/trendsandvision.nl\/de\/"},{"@type":"ListItem","position":2,"name":"Gesch\u00e4ft","item":"https:\/\/trendsandvision.nl\/de\/geschaft\/"},{"@type":"ListItem","position":3,"name":"Esschert Design Bienenhaus Holz"}]},{"@type":"WebSite","@id":"https:\/\/trendsandvision.nl\/de\/#website","url":"https:\/\/trendsandvision.nl\/de\/","name":"Trends &amp; Vision (DE)","description":"Der Webshop f\u00fcr Esschert Design Artikel","publisher":{"@id":"https:\/\/trendsandvision.nl\/de\/#organization"},"potentialAction":[{"@type":"SearchAction","target":{"@type":"EntryPoint","urlTemplate":"https:\/\/trendsandvision.nl\/de\/?s={search_term_string}"},"query-input":{"@type":"PropertyValueSpecification","valueRequired":true,"valueName":"search_term_string"}}],"inLanguage":"de"},{"@type":"Organization","@id":"https:\/\/trendsandvision.nl\/de\/#organization","name":"Trends &amp; Vision (DE)","url":"https:\/\/trendsandvision.nl\/de\/","logo":{"@type":"ImageObject","inLanguage":"de","@id":"https:\/\/trendsandvision.nl\/de\/#\/schema\/logo\/image\/","url":"https:\/\/trendsandvision.nl\/de\/wp-content\/uploads\/sites\/3\/2022\/04\/trends-and-vision-logo.jpg","contentUrl":"https:\/\/trendsandvision.nl\/de\/wp-content\/uploads\/sites\/3\/2022\/04\/trends-and-vision-logo.jpg","width":213,"height":100,"caption":"Trends &amp; Vision (DE)"},"image":{"@id":"https:\/\/trendsandvision.nl\/de\/#\/schema\/logo\/image\/"}}]}},"_links":{"self":[{"href":"https:\/\/trendsandvision.nl\/de\/wp-json\/wp\/v2\/product\/9040","targetHints":{"allow":["GET"]}}],"collection":[{"href":"https:\/\/trendsandvision.nl\/de\/wp-json\/wp\/v2\/product"}],"about":[{"href":"https:\/\/trendsandvision.nl\/de\/wp-json\/wp\/v2\/types\/product"}],"wp:featuredmedia":[{"embeddable":true,"href":"https:\/\/trendsandvision.nl\/de\/wp-json\/wp\/v2\/media\/9041"}],"wp:attachment":[{"href":"https:\/\/trendsandvision.nl\/de\/wp-json\/wp\/v2\/media?parent=9040"}],"wp:term":[{"taxonomy":"product_brand","embeddable":true,"href":"https:\/\/trendsandvision.nl\/de\/wp-json\/wp\/v2\/product_brand?post=9040"},{"taxonomy":"product_cat","embeddable":true,"href":"https:\/\/trendsandvision.nl\/de\/wp-json\/wp\/v2\/product_cat?post=9040"},{"taxonomy":"product_tag","embeddable":true,"href":"https:\/\/trendsandvision.nl\/de\/wp-json\/wp\/v2\/product_tag?post=9040"}],"curies":[{"name":"wp","href":"https:\/\/api.w.org\/{rel}","templated":true}]}}