{"id":8983,"date":"2022-04-22T23:56:34","date_gmt":"2022-04-22T21:56:34","guid":{"rendered":"https:\/\/trendsandvision.nl\/de\/product\/esschert-design-saatmischung-fuer-wildbienen\/"},"modified":"2026-02-04T00:51:36","modified_gmt":"2026-02-03T23:51:36","slug":"esschert-design-saatmischung-fuer-wildbienen","status":"publish","type":"product","link":"https:\/\/trendsandvision.nl\/de\/product\/esschert-design-saatmischung-fuer-wildbienen\/","title":{"rendered":"Esschert Design Saatmischung f\u00fcr Wildbienen"},"content":{"rendered":"<p>Viele Wildbienenarten sind vom R\u00fcckgang der Flora und der Nistbedingungen bedroht.<br \/>\nWildbienen brauchen eine bestimmte Flora mit vielen Bl\u00fctenpflanzen, um Nektar zu trinken.<br \/>\nMit dieser sorgf\u00e4ltig ausgew\u00e4hlten Samenmischung konnen Sie Ihren eigenen Bienengarten anlegen und haben die Bienen bessere \u00dcberlebenschancen.<\/p>\n<p>&#8211; lockt Bienen an<br \/>\n&#8211; erh\u00f6ht die \u00dcberlebenschancen von Bienen<br \/>\n&#8211; leicht zu s\u00e4en<br \/>\n&#8211; sichert die Biodiversit\u00e4t im Garten<\/p>\n<p>Artikelname: Blumenmischung zum Anlocken von Bienen<br \/>\nArtikelnummer WA14<br \/>\nProduktgruppe(n) V\u00f6gel&amp;Gartentiere, Gartentiere, Bienen und Hummeln<br \/>\nProduktabmessungen in cm L 21 x T 0,7 x H 29,7<br \/>\nMaterial Samen<br \/>\nNettogewicht 0,043 kg<br \/>\nBarcode 8714982055218<\/p>\n","protected":false},"excerpt":{"rendered":"<p>Blumenmischung zum Anlocken von Bienen<br \/>\nArtikelnummer WA14<br \/>\nL 21 x T 0,7 x H 29,7 cm<br \/>\nMaterial Samen<br \/>\nNettogewicht 0,043 kg<br \/>\nBarcode 8714982055218<\/p>\n","protected":false},"featured_media":8984,"template":"","meta":[],"product_brand":[9597,9598],"product_cat":[1315],"product_tag":[7058,8197,7216,8196,8192],"class_list":{"0":"post-8983","1":"product","2":"type-product","3":"status-publish","4":"has-post-thumbnail","6":"product_brand-esschert-design","7":"product_brand-trends-and-vision","8":"product_cat-best-for-birds","9":"product_tag-bienen","10":"product_tag-bienenfutter","11":"product_tag-blumenmischung","12":"product_tag-saatmischung","13":"product_tag-samenmischung","14":"pa_anbieter-esschert-design","15":"pa_ean-code-5024","16":"pa_material-bloemen-zaad-mix","17":"pa_messungen-21x297-cm","19":"first","20":"instock","21":"sale","22":"taxable","23":"shipping-taxable","24":"purchasable","25":"product-type-simple","26":"czr-hentry"},"yoast_head":"<!-- This site is optimized with the Yoast SEO Premium plugin v26.4 (Yoast SEO v27.3) - https:\/\/yoast.com\/product\/yoast-seo-premium-wordpress\/ -->\n<title>Esschert Design Saatmischung f\u00fcr Wildbienen (WA14, 8714982055218) - Trends &amp; Vision<\/title>\n<meta name=\"description\" content=\"Esschert Design Saatmischung f\u00fcr Wildbienen: Saatmischung f\u00fcr Wildbienen\" \/>\n<meta name=\"robots\" content=\"index, follow, max-snippet:-1, max-image-preview:large, max-video-preview:-1\" \/>\n<link rel=\"canonical\" href=\"https:\/\/trendsandvision.nl\/de\/product\/esschert-design-saatmischung-fuer-wildbienen\/\" \/>\n<meta property=\"og:locale\" content=\"de_DE\" \/>\n<meta property=\"og:type\" content=\"article\" \/>\n<meta property=\"og:title\" content=\"Esschert Design Saatmischung f\u00fcr Wildbienen\" \/>\n<meta property=\"og:description\" content=\"Esschert Design Saatmischung f\u00fcr Wildbienen: Saatmischung f\u00fcr Wildbienen\" \/>\n<meta property=\"og:url\" content=\"https:\/\/trendsandvision.nl\/de\/product\/esschert-design-saatmischung-fuer-wildbienen\/\" \/>\n<meta property=\"og:site_name\" content=\"Trends &amp; Vision (DE)\" \/>\n<meta property=\"article:modified_time\" content=\"2026-02-03T23:51:36+00:00\" \/>\n<meta property=\"og:image\" content=\"https:\/\/trendsandvision.nl\/de\/wp-content\/uploads\/sites\/3\/2022\/04\/WA14_01.jpg\" \/>\n\t<meta property=\"og:image:width\" content=\"800\" \/>\n\t<meta property=\"og:image:height\" content=\"800\" \/>\n\t<meta property=\"og:image:type\" content=\"image\/jpeg\" \/>\n<meta name=\"twitter:card\" content=\"summary_large_image\" \/>\n<meta name=\"twitter:label1\" content=\"Gesch\u00e4tzte Lesezeit\" \/>\n\t<meta name=\"twitter:data1\" content=\"1\u00a0Minute\" \/>\n<script type=\"application\/ld+json\" class=\"yoast-schema-graph\">{\"@context\":\"https:\\\/\\\/schema.org\",\"@graph\":[{\"@type\":\"WebPage\",\"@id\":\"https:\\\/\\\/trendsandvision.nl\\\/de\\\/product\\\/esschert-design-saatmischung-fuer-wildbienen\\\/\",\"url\":\"https:\\\/\\\/trendsandvision.nl\\\/de\\\/product\\\/esschert-design-saatmischung-fuer-wildbienen\\\/\",\"name\":\"Esschert Design Saatmischung f\u00fcr Wildbienen (WA14, 8714982055218) - Trends & Vision\",\"isPartOf\":{\"@id\":\"https:\\\/\\\/trendsandvision.nl\\\/de\\\/#website\"},\"primaryImageOfPage\":{\"@id\":\"https:\\\/\\\/trendsandvision.nl\\\/de\\\/product\\\/esschert-design-saatmischung-fuer-wildbienen\\\/#primaryimage\"},\"image\":{\"@id\":\"https:\\\/\\\/trendsandvision.nl\\\/de\\\/product\\\/esschert-design-saatmischung-fuer-wildbienen\\\/#primaryimage\"},\"thumbnailUrl\":\"https:\\\/\\\/trendsandvision.nl\\\/de\\\/wp-content\\\/uploads\\\/sites\\\/3\\\/2022\\\/04\\\/WA14_01.jpg\",\"datePublished\":\"2022-04-22T21:56:34+00:00\",\"dateModified\":\"2026-02-03T23:51:36+00:00\",\"description\":\"Esschert Design Saatmischung f\u00fcr Wildbienen: Saatmischung f\u00fcr Wildbienen\",\"breadcrumb\":{\"@id\":\"https:\\\/\\\/trendsandvision.nl\\\/de\\\/product\\\/esschert-design-saatmischung-fuer-wildbienen\\\/#breadcrumb\"},\"inLanguage\":\"de\",\"potentialAction\":[{\"@type\":\"ReadAction\",\"target\":[\"https:\\\/\\\/trendsandvision.nl\\\/de\\\/product\\\/esschert-design-saatmischung-fuer-wildbienen\\\/\"]}]},{\"@type\":\"ImageObject\",\"inLanguage\":\"de\",\"@id\":\"https:\\\/\\\/trendsandvision.nl\\\/de\\\/product\\\/esschert-design-saatmischung-fuer-wildbienen\\\/#primaryimage\",\"url\":\"https:\\\/\\\/trendsandvision.nl\\\/de\\\/wp-content\\\/uploads\\\/sites\\\/3\\\/2022\\\/04\\\/WA14_01.jpg\",\"contentUrl\":\"https:\\\/\\\/trendsandvision.nl\\\/de\\\/wp-content\\\/uploads\\\/sites\\\/3\\\/2022\\\/04\\\/WA14_01.jpg\",\"width\":800,\"height\":800,\"caption\":\"Esschert Design Saatmischung f\u00fcr Wildbienen (WA14\"},{\"@type\":\"BreadcrumbList\",\"@id\":\"https:\\\/\\\/trendsandvision.nl\\\/de\\\/product\\\/esschert-design-saatmischung-fuer-wildbienen\\\/#breadcrumb\",\"itemListElement\":[{\"@type\":\"ListItem\",\"position\":1,\"name\":\"Home\",\"item\":\"https:\\\/\\\/trendsandvision.nl\\\/de\\\/\"},{\"@type\":\"ListItem\",\"position\":2,\"name\":\"Gesch\u00e4ft\",\"item\":\"https:\\\/\\\/trendsandvision.nl\\\/de\\\/geschaft\\\/\"},{\"@type\":\"ListItem\",\"position\":3,\"name\":\"Esschert Design Saatmischung f\u00fcr Wildbienen\"}]},{\"@type\":\"WebSite\",\"@id\":\"https:\\\/\\\/trendsandvision.nl\\\/de\\\/#website\",\"url\":\"https:\\\/\\\/trendsandvision.nl\\\/de\\\/\",\"name\":\"Trends &amp; Vision (DE)\",\"description\":\"Der Webshop f\u00fcr Esschert Design Artikel\",\"publisher\":{\"@id\":\"https:\\\/\\\/trendsandvision.nl\\\/de\\\/#organization\"},\"potentialAction\":[{\"@type\":\"SearchAction\",\"target\":{\"@type\":\"EntryPoint\",\"urlTemplate\":\"https:\\\/\\\/trendsandvision.nl\\\/de\\\/?s={search_term_string}\"},\"query-input\":{\"@type\":\"PropertyValueSpecification\",\"valueRequired\":true,\"valueName\":\"search_term_string\"}}],\"inLanguage\":\"de\"},{\"@type\":\"Organization\",\"@id\":\"https:\\\/\\\/trendsandvision.nl\\\/de\\\/#organization\",\"name\":\"Trends &amp; Vision (DE)\",\"url\":\"https:\\\/\\\/trendsandvision.nl\\\/de\\\/\",\"logo\":{\"@type\":\"ImageObject\",\"inLanguage\":\"de\",\"@id\":\"https:\\\/\\\/trendsandvision.nl\\\/de\\\/#\\\/schema\\\/logo\\\/image\\\/\",\"url\":\"https:\\\/\\\/trendsandvision.nl\\\/de\\\/wp-content\\\/uploads\\\/sites\\\/3\\\/2022\\\/04\\\/trends-and-vision-logo.jpg\",\"contentUrl\":\"https:\\\/\\\/trendsandvision.nl\\\/de\\\/wp-content\\\/uploads\\\/sites\\\/3\\\/2022\\\/04\\\/trends-and-vision-logo.jpg\",\"width\":213,\"height\":100,\"caption\":\"Trends &amp; Vision (DE)\"},\"image\":{\"@id\":\"https:\\\/\\\/trendsandvision.nl\\\/de\\\/#\\\/schema\\\/logo\\\/image\\\/\"}}]}<\/script>\n<!-- \/ Yoast SEO Premium plugin. -->","yoast_head_json":{"title":"Esschert Design Saatmischung f\u00fcr Wildbienen (WA14, 8714982055218) - Trends & Vision","description":"Esschert Design Saatmischung f\u00fcr Wildbienen: Saatmischung f\u00fcr Wildbienen","robots":{"index":"index","follow":"follow","max-snippet":"max-snippet:-1","max-image-preview":"max-image-preview:large","max-video-preview":"max-video-preview:-1"},"canonical":"https:\/\/trendsandvision.nl\/de\/product\/esschert-design-saatmischung-fuer-wildbienen\/","og_locale":"de_DE","og_type":"article","og_title":"Esschert Design Saatmischung f\u00fcr Wildbienen","og_description":"Esschert Design Saatmischung f\u00fcr Wildbienen: Saatmischung f\u00fcr Wildbienen","og_url":"https:\/\/trendsandvision.nl\/de\/product\/esschert-design-saatmischung-fuer-wildbienen\/","og_site_name":"Trends &amp; Vision (DE)","article_modified_time":"2026-02-03T23:51:36+00:00","og_image":[{"width":800,"height":800,"url":"https:\/\/trendsandvision.nl\/de\/wp-content\/uploads\/sites\/3\/2022\/04\/WA14_01.jpg","type":"image\/jpeg"}],"twitter_card":"summary_large_image","twitter_misc":{"Gesch\u00e4tzte Lesezeit":"1\u00a0Minute"},"schema":{"@context":"https:\/\/schema.org","@graph":[{"@type":"WebPage","@id":"https:\/\/trendsandvision.nl\/de\/product\/esschert-design-saatmischung-fuer-wildbienen\/","url":"https:\/\/trendsandvision.nl\/de\/product\/esschert-design-saatmischung-fuer-wildbienen\/","name":"Esschert Design Saatmischung f\u00fcr Wildbienen (WA14, 8714982055218) - Trends & Vision","isPartOf":{"@id":"https:\/\/trendsandvision.nl\/de\/#website"},"primaryImageOfPage":{"@id":"https:\/\/trendsandvision.nl\/de\/product\/esschert-design-saatmischung-fuer-wildbienen\/#primaryimage"},"image":{"@id":"https:\/\/trendsandvision.nl\/de\/product\/esschert-design-saatmischung-fuer-wildbienen\/#primaryimage"},"thumbnailUrl":"https:\/\/trendsandvision.nl\/de\/wp-content\/uploads\/sites\/3\/2022\/04\/WA14_01.jpg","datePublished":"2022-04-22T21:56:34+00:00","dateModified":"2026-02-03T23:51:36+00:00","description":"Esschert Design Saatmischung f\u00fcr Wildbienen: Saatmischung f\u00fcr Wildbienen","breadcrumb":{"@id":"https:\/\/trendsandvision.nl\/de\/product\/esschert-design-saatmischung-fuer-wildbienen\/#breadcrumb"},"inLanguage":"de","potentialAction":[{"@type":"ReadAction","target":["https:\/\/trendsandvision.nl\/de\/product\/esschert-design-saatmischung-fuer-wildbienen\/"]}]},{"@type":"ImageObject","inLanguage":"de","@id":"https:\/\/trendsandvision.nl\/de\/product\/esschert-design-saatmischung-fuer-wildbienen\/#primaryimage","url":"https:\/\/trendsandvision.nl\/de\/wp-content\/uploads\/sites\/3\/2022\/04\/WA14_01.jpg","contentUrl":"https:\/\/trendsandvision.nl\/de\/wp-content\/uploads\/sites\/3\/2022\/04\/WA14_01.jpg","width":800,"height":800,"caption":"Esschert Design Saatmischung f\u00fcr Wildbienen (WA14"},{"@type":"BreadcrumbList","@id":"https:\/\/trendsandvision.nl\/de\/product\/esschert-design-saatmischung-fuer-wildbienen\/#breadcrumb","itemListElement":[{"@type":"ListItem","position":1,"name":"Home","item":"https:\/\/trendsandvision.nl\/de\/"},{"@type":"ListItem","position":2,"name":"Gesch\u00e4ft","item":"https:\/\/trendsandvision.nl\/de\/geschaft\/"},{"@type":"ListItem","position":3,"name":"Esschert Design Saatmischung f\u00fcr Wildbienen"}]},{"@type":"WebSite","@id":"https:\/\/trendsandvision.nl\/de\/#website","url":"https:\/\/trendsandvision.nl\/de\/","name":"Trends &amp; Vision (DE)","description":"Der Webshop f\u00fcr Esschert Design Artikel","publisher":{"@id":"https:\/\/trendsandvision.nl\/de\/#organization"},"potentialAction":[{"@type":"SearchAction","target":{"@type":"EntryPoint","urlTemplate":"https:\/\/trendsandvision.nl\/de\/?s={search_term_string}"},"query-input":{"@type":"PropertyValueSpecification","valueRequired":true,"valueName":"search_term_string"}}],"inLanguage":"de"},{"@type":"Organization","@id":"https:\/\/trendsandvision.nl\/de\/#organization","name":"Trends &amp; Vision (DE)","url":"https:\/\/trendsandvision.nl\/de\/","logo":{"@type":"ImageObject","inLanguage":"de","@id":"https:\/\/trendsandvision.nl\/de\/#\/schema\/logo\/image\/","url":"https:\/\/trendsandvision.nl\/de\/wp-content\/uploads\/sites\/3\/2022\/04\/trends-and-vision-logo.jpg","contentUrl":"https:\/\/trendsandvision.nl\/de\/wp-content\/uploads\/sites\/3\/2022\/04\/trends-and-vision-logo.jpg","width":213,"height":100,"caption":"Trends &amp; Vision (DE)"},"image":{"@id":"https:\/\/trendsandvision.nl\/de\/#\/schema\/logo\/image\/"}}]}},"_links":{"self":[{"href":"https:\/\/trendsandvision.nl\/de\/wp-json\/wp\/v2\/product\/8983","targetHints":{"allow":["GET"]}}],"collection":[{"href":"https:\/\/trendsandvision.nl\/de\/wp-json\/wp\/v2\/product"}],"about":[{"href":"https:\/\/trendsandvision.nl\/de\/wp-json\/wp\/v2\/types\/product"}],"wp:featuredmedia":[{"embeddable":true,"href":"https:\/\/trendsandvision.nl\/de\/wp-json\/wp\/v2\/media\/8984"}],"wp:attachment":[{"href":"https:\/\/trendsandvision.nl\/de\/wp-json\/wp\/v2\/media?parent=8983"}],"wp:term":[{"taxonomy":"product_brand","embeddable":true,"href":"https:\/\/trendsandvision.nl\/de\/wp-json\/wp\/v2\/product_brand?post=8983"},{"taxonomy":"product_cat","embeddable":true,"href":"https:\/\/trendsandvision.nl\/de\/wp-json\/wp\/v2\/product_cat?post=8983"},{"taxonomy":"product_tag","embeddable":true,"href":"https:\/\/trendsandvision.nl\/de\/wp-json\/wp\/v2\/product_tag?post=8983"}],"curies":[{"name":"wp","href":"https:\/\/api.w.org\/{rel}","templated":true}]}}