{"id":8950,"date":"2022-04-22T23:55:43","date_gmt":"2022-04-22T21:55:43","guid":{"rendered":"https:\/\/trendsandvision.nl\/de\/product\/esschert-design-igelkorb\/"},"modified":"2026-04-07T10:53:44","modified_gmt":"2026-04-07T08:53:44","slug":"esschert-design-igelkorb","status":"publish","type":"product","link":"https:\/\/trendsandvision.nl\/de\/product\/esschert-design-igelkorb\/","title":{"rendered":"Esschert Design Igelkorb"},"content":{"rendered":"<p>Ein gutes Nest ist f\u00fcr die Igel von lebenswichtiger Bedeutung. In diesem sowohl praktischen als dekorativen Igelkorb k\u00f6nnen die Igel den Winter verbringen und diesen so unbeschadet \u00fcberstehen.<br \/>\nIgelnester werden oft unter Baumst\u00e4mmen, Stapel von \u00c4sten und Bl\u00e4ttern oder Komposthaufen angelegt.<br \/>\nIn unserer bewirtschafteten und aufger\u00e4umten Landschaft fehlt es zunehmend an den geeigneten Bedingungen.<br \/>\nDieser Igelkorb schafft hier Abhilfe und ersetzt die nat\u00fcrlichen Voraussetzungen f\u00fcr eine ideale Behausung.<br \/>\nStellen Sie den Korb auf einen trockenen Untergrund an einem gesch\u00fctzten Ort in Ihren Garten.<br \/>\nDie \u00d6ffnung sollte weder nach Norden noch nach Nordosten gerichtet sein.<br \/>\nLegen Sie einige lose Bl\u00e4tter Laub in den Korb.<br \/>\nBedecken Sie den Korb von au\u00dfen zuerst mit einer Schicht Laub, dann mit einer Kunststofffolie, und zum Schluss nochmals mit einer dichten Schicht nat\u00fcrlicher Materialien wie Bl\u00e4ttern und Zweigen ohne dabei den Eingang zu versperren.<br \/>\nEin solider Bau bietet Schutz vor Zerst\u00f6rung durch Hunde und Dachse.<\/p>\n<p>Artikelname: Igelkorb<br \/>\nArtikelnummer WA06<br \/>\nProduktgruppe(n) V\u00f6gel&amp;Gartentiere, Gartentiere, Igel<br \/>\nProduktabmessungen in cm L 52,3 x T 38,2 x H 26,2<br \/>\nMaterial Weidenzweige<br \/>\nNettogewicht 0,704 kg<br \/>\nBarcode 8714982012846<\/p>\n","protected":false},"excerpt":{"rendered":"<p>Igelkorb<br \/>\nArtikelnummer WA06<br \/>\n52,3 x T 38,2 x H 26,2 cm<br \/>\nMaterial Weidenzweige<br \/>\nNettogewicht 0,704 kg<br \/>\nBarcode 8714982012846<\/p>\n","protected":false},"featured_media":8951,"template":"","meta":[],"product_brand":[9597,9598],"product_cat":[1315],"product_tag":[8503,6956,8504,8333],"class_list":{"0":"post-8950","1":"product","2":"type-product","3":"status-publish","4":"has-post-thumbnail","6":"product_brand-esschert-design","7":"product_brand-trends-and-vision","8":"product_cat-best-for-birds","9":"product_tag-igel-schuetzend","10":"product_tag-igelhaus","11":"product_tag-naturschutz","12":"product_tag-weidengeflecht","13":"pa_anbieter-esschert-design","14":"pa_ean-code-5007","15":"pa_material-weide","16":"pa_messungen-53x41x21-cm","18":"first","19":"instock","20":"sale","21":"taxable","22":"shipping-taxable","23":"purchasable","24":"product-type-simple","25":"czr-hentry"},"yoast_head":"<!-- This site is optimized with the Yoast SEO Premium plugin v26.4 (Yoast SEO v27.3) - https:\/\/yoast.com\/product\/yoast-seo-premium-wordpress\/ -->\n<title>Esschert Design Igelkorb (WA06, 8714982012846) - Trends &amp; Vision<\/title>\n<meta name=\"description\" content=\"Esschert Design Igelkorb: Ein gutes Nest ist f\u00fcr die Igel von lebenswichtiger Bedeutung. In diesem sowohl praktischen als deko\" \/>\n<meta name=\"robots\" content=\"index, follow, max-snippet:-1, max-image-preview:large, max-video-preview:-1\" \/>\n<link rel=\"canonical\" href=\"https:\/\/trendsandvision.nl\/de\/product\/esschert-design-igelkorb\/\" \/>\n<meta property=\"og:locale\" content=\"de_DE\" \/>\n<meta property=\"og:type\" content=\"article\" \/>\n<meta property=\"og:title\" content=\"Esschert Design Igelkorb\" \/>\n<meta property=\"og:description\" content=\"Esschert Design Igelkorb: Ein gutes Nest ist f\u00fcr die Igel von lebenswichtiger Bedeutung. In diesem sowohl praktischen als deko\" \/>\n<meta property=\"og:url\" content=\"https:\/\/trendsandvision.nl\/de\/product\/esschert-design-igelkorb\/\" \/>\n<meta property=\"og:site_name\" content=\"Trends &amp; Vision (DE)\" \/>\n<meta property=\"article:modified_time\" content=\"2026-04-07T08:53:44+00:00\" \/>\n<meta property=\"og:image\" content=\"https:\/\/trendsandvision.nl\/de\/wp-content\/uploads\/sites\/3\/2022\/04\/WA06_01.jpg\" \/>\n\t<meta property=\"og:image:width\" content=\"800\" \/>\n\t<meta property=\"og:image:height\" content=\"800\" \/>\n\t<meta property=\"og:image:type\" content=\"image\/jpeg\" \/>\n<meta name=\"twitter:card\" content=\"summary_large_image\" \/>\n<meta name=\"twitter:label1\" content=\"Gesch\u00e4tzte Lesezeit\" \/>\n\t<meta name=\"twitter:data1\" content=\"2\u00a0Minuten\" \/>\n<script type=\"application\/ld+json\" class=\"yoast-schema-graph\">{\"@context\":\"https:\\\/\\\/schema.org\",\"@graph\":[{\"@type\":\"WebPage\",\"@id\":\"https:\\\/\\\/trendsandvision.nl\\\/de\\\/product\\\/esschert-design-igelkorb\\\/\",\"url\":\"https:\\\/\\\/trendsandvision.nl\\\/de\\\/product\\\/esschert-design-igelkorb\\\/\",\"name\":\"Esschert Design Igelkorb (WA06, 8714982012846) - Trends & Vision\",\"isPartOf\":{\"@id\":\"https:\\\/\\\/trendsandvision.nl\\\/de\\\/#website\"},\"primaryImageOfPage\":{\"@id\":\"https:\\\/\\\/trendsandvision.nl\\\/de\\\/product\\\/esschert-design-igelkorb\\\/#primaryimage\"},\"image\":{\"@id\":\"https:\\\/\\\/trendsandvision.nl\\\/de\\\/product\\\/esschert-design-igelkorb\\\/#primaryimage\"},\"thumbnailUrl\":\"https:\\\/\\\/trendsandvision.nl\\\/de\\\/wp-content\\\/uploads\\\/sites\\\/3\\\/2022\\\/04\\\/WA06_01.jpg\",\"datePublished\":\"2022-04-22T21:55:43+00:00\",\"dateModified\":\"2026-04-07T08:53:44+00:00\",\"description\":\"Esschert Design Igelkorb: Ein gutes Nest ist f\u00fcr die Igel von lebenswichtiger Bedeutung. In diesem sowohl praktischen als deko\",\"breadcrumb\":{\"@id\":\"https:\\\/\\\/trendsandvision.nl\\\/de\\\/product\\\/esschert-design-igelkorb\\\/#breadcrumb\"},\"inLanguage\":\"de\",\"potentialAction\":[{\"@type\":\"ReadAction\",\"target\":[\"https:\\\/\\\/trendsandvision.nl\\\/de\\\/product\\\/esschert-design-igelkorb\\\/\"]}]},{\"@type\":\"ImageObject\",\"inLanguage\":\"de\",\"@id\":\"https:\\\/\\\/trendsandvision.nl\\\/de\\\/product\\\/esschert-design-igelkorb\\\/#primaryimage\",\"url\":\"https:\\\/\\\/trendsandvision.nl\\\/de\\\/wp-content\\\/uploads\\\/sites\\\/3\\\/2022\\\/04\\\/WA06_01.jpg\",\"contentUrl\":\"https:\\\/\\\/trendsandvision.nl\\\/de\\\/wp-content\\\/uploads\\\/sites\\\/3\\\/2022\\\/04\\\/WA06_01.jpg\",\"width\":800,\"height\":800,\"caption\":\"Esschert Design Igelkorb (WA06\"},{\"@type\":\"BreadcrumbList\",\"@id\":\"https:\\\/\\\/trendsandvision.nl\\\/de\\\/product\\\/esschert-design-igelkorb\\\/#breadcrumb\",\"itemListElement\":[{\"@type\":\"ListItem\",\"position\":1,\"name\":\"Home\",\"item\":\"https:\\\/\\\/trendsandvision.nl\\\/de\\\/\"},{\"@type\":\"ListItem\",\"position\":2,\"name\":\"Gesch\u00e4ft\",\"item\":\"https:\\\/\\\/trendsandvision.nl\\\/de\\\/geschaft\\\/\"},{\"@type\":\"ListItem\",\"position\":3,\"name\":\"Esschert Design Igelkorb\"}]},{\"@type\":\"WebSite\",\"@id\":\"https:\\\/\\\/trendsandvision.nl\\\/de\\\/#website\",\"url\":\"https:\\\/\\\/trendsandvision.nl\\\/de\\\/\",\"name\":\"Trends &amp; Vision (DE)\",\"description\":\"Der Webshop f\u00fcr Esschert Design Artikel\",\"publisher\":{\"@id\":\"https:\\\/\\\/trendsandvision.nl\\\/de\\\/#organization\"},\"potentialAction\":[{\"@type\":\"SearchAction\",\"target\":{\"@type\":\"EntryPoint\",\"urlTemplate\":\"https:\\\/\\\/trendsandvision.nl\\\/de\\\/?s={search_term_string}\"},\"query-input\":{\"@type\":\"PropertyValueSpecification\",\"valueRequired\":true,\"valueName\":\"search_term_string\"}}],\"inLanguage\":\"de\"},{\"@type\":\"Organization\",\"@id\":\"https:\\\/\\\/trendsandvision.nl\\\/de\\\/#organization\",\"name\":\"Trends &amp; Vision (DE)\",\"url\":\"https:\\\/\\\/trendsandvision.nl\\\/de\\\/\",\"logo\":{\"@type\":\"ImageObject\",\"inLanguage\":\"de\",\"@id\":\"https:\\\/\\\/trendsandvision.nl\\\/de\\\/#\\\/schema\\\/logo\\\/image\\\/\",\"url\":\"https:\\\/\\\/trendsandvision.nl\\\/de\\\/wp-content\\\/uploads\\\/sites\\\/3\\\/2022\\\/04\\\/trends-and-vision-logo.jpg\",\"contentUrl\":\"https:\\\/\\\/trendsandvision.nl\\\/de\\\/wp-content\\\/uploads\\\/sites\\\/3\\\/2022\\\/04\\\/trends-and-vision-logo.jpg\",\"width\":213,\"height\":100,\"caption\":\"Trends &amp; Vision (DE)\"},\"image\":{\"@id\":\"https:\\\/\\\/trendsandvision.nl\\\/de\\\/#\\\/schema\\\/logo\\\/image\\\/\"}}]}<\/script>\n<!-- \/ Yoast SEO Premium plugin. -->","yoast_head_json":{"title":"Esschert Design Igelkorb (WA06, 8714982012846) - Trends & Vision","description":"Esschert Design Igelkorb: Ein gutes Nest ist f\u00fcr die Igel von lebenswichtiger Bedeutung. In diesem sowohl praktischen als deko","robots":{"index":"index","follow":"follow","max-snippet":"max-snippet:-1","max-image-preview":"max-image-preview:large","max-video-preview":"max-video-preview:-1"},"canonical":"https:\/\/trendsandvision.nl\/de\/product\/esschert-design-igelkorb\/","og_locale":"de_DE","og_type":"article","og_title":"Esschert Design Igelkorb","og_description":"Esschert Design Igelkorb: Ein gutes Nest ist f\u00fcr die Igel von lebenswichtiger Bedeutung. In diesem sowohl praktischen als deko","og_url":"https:\/\/trendsandvision.nl\/de\/product\/esschert-design-igelkorb\/","og_site_name":"Trends &amp; Vision (DE)","article_modified_time":"2026-04-07T08:53:44+00:00","og_image":[{"width":800,"height":800,"url":"https:\/\/trendsandvision.nl\/de\/wp-content\/uploads\/sites\/3\/2022\/04\/WA06_01.jpg","type":"image\/jpeg"}],"twitter_card":"summary_large_image","twitter_misc":{"Gesch\u00e4tzte Lesezeit":"2\u00a0Minuten"},"schema":{"@context":"https:\/\/schema.org","@graph":[{"@type":"WebPage","@id":"https:\/\/trendsandvision.nl\/de\/product\/esschert-design-igelkorb\/","url":"https:\/\/trendsandvision.nl\/de\/product\/esschert-design-igelkorb\/","name":"Esschert Design Igelkorb (WA06, 8714982012846) - Trends & Vision","isPartOf":{"@id":"https:\/\/trendsandvision.nl\/de\/#website"},"primaryImageOfPage":{"@id":"https:\/\/trendsandvision.nl\/de\/product\/esschert-design-igelkorb\/#primaryimage"},"image":{"@id":"https:\/\/trendsandvision.nl\/de\/product\/esschert-design-igelkorb\/#primaryimage"},"thumbnailUrl":"https:\/\/trendsandvision.nl\/de\/wp-content\/uploads\/sites\/3\/2022\/04\/WA06_01.jpg","datePublished":"2022-04-22T21:55:43+00:00","dateModified":"2026-04-07T08:53:44+00:00","description":"Esschert Design Igelkorb: Ein gutes Nest ist f\u00fcr die Igel von lebenswichtiger Bedeutung. In diesem sowohl praktischen als deko","breadcrumb":{"@id":"https:\/\/trendsandvision.nl\/de\/product\/esschert-design-igelkorb\/#breadcrumb"},"inLanguage":"de","potentialAction":[{"@type":"ReadAction","target":["https:\/\/trendsandvision.nl\/de\/product\/esschert-design-igelkorb\/"]}]},{"@type":"ImageObject","inLanguage":"de","@id":"https:\/\/trendsandvision.nl\/de\/product\/esschert-design-igelkorb\/#primaryimage","url":"https:\/\/trendsandvision.nl\/de\/wp-content\/uploads\/sites\/3\/2022\/04\/WA06_01.jpg","contentUrl":"https:\/\/trendsandvision.nl\/de\/wp-content\/uploads\/sites\/3\/2022\/04\/WA06_01.jpg","width":800,"height":800,"caption":"Esschert Design Igelkorb (WA06"},{"@type":"BreadcrumbList","@id":"https:\/\/trendsandvision.nl\/de\/product\/esschert-design-igelkorb\/#breadcrumb","itemListElement":[{"@type":"ListItem","position":1,"name":"Home","item":"https:\/\/trendsandvision.nl\/de\/"},{"@type":"ListItem","position":2,"name":"Gesch\u00e4ft","item":"https:\/\/trendsandvision.nl\/de\/geschaft\/"},{"@type":"ListItem","position":3,"name":"Esschert Design Igelkorb"}]},{"@type":"WebSite","@id":"https:\/\/trendsandvision.nl\/de\/#website","url":"https:\/\/trendsandvision.nl\/de\/","name":"Trends &amp; Vision (DE)","description":"Der Webshop f\u00fcr Esschert Design Artikel","publisher":{"@id":"https:\/\/trendsandvision.nl\/de\/#organization"},"potentialAction":[{"@type":"SearchAction","target":{"@type":"EntryPoint","urlTemplate":"https:\/\/trendsandvision.nl\/de\/?s={search_term_string}"},"query-input":{"@type":"PropertyValueSpecification","valueRequired":true,"valueName":"search_term_string"}}],"inLanguage":"de"},{"@type":"Organization","@id":"https:\/\/trendsandvision.nl\/de\/#organization","name":"Trends &amp; Vision (DE)","url":"https:\/\/trendsandvision.nl\/de\/","logo":{"@type":"ImageObject","inLanguage":"de","@id":"https:\/\/trendsandvision.nl\/de\/#\/schema\/logo\/image\/","url":"https:\/\/trendsandvision.nl\/de\/wp-content\/uploads\/sites\/3\/2022\/04\/trends-and-vision-logo.jpg","contentUrl":"https:\/\/trendsandvision.nl\/de\/wp-content\/uploads\/sites\/3\/2022\/04\/trends-and-vision-logo.jpg","width":213,"height":100,"caption":"Trends &amp; Vision (DE)"},"image":{"@id":"https:\/\/trendsandvision.nl\/de\/#\/schema\/logo\/image\/"}}]}},"_links":{"self":[{"href":"https:\/\/trendsandvision.nl\/de\/wp-json\/wp\/v2\/product\/8950","targetHints":{"allow":["GET"]}}],"collection":[{"href":"https:\/\/trendsandvision.nl\/de\/wp-json\/wp\/v2\/product"}],"about":[{"href":"https:\/\/trendsandvision.nl\/de\/wp-json\/wp\/v2\/types\/product"}],"wp:featuredmedia":[{"embeddable":true,"href":"https:\/\/trendsandvision.nl\/de\/wp-json\/wp\/v2\/media\/8951"}],"wp:attachment":[{"href":"https:\/\/trendsandvision.nl\/de\/wp-json\/wp\/v2\/media?parent=8950"}],"wp:term":[{"taxonomy":"product_brand","embeddable":true,"href":"https:\/\/trendsandvision.nl\/de\/wp-json\/wp\/v2\/product_brand?post=8950"},{"taxonomy":"product_cat","embeddable":true,"href":"https:\/\/trendsandvision.nl\/de\/wp-json\/wp\/v2\/product_cat?post=8950"},{"taxonomy":"product_tag","embeddable":true,"href":"https:\/\/trendsandvision.nl\/de\/wp-json\/wp\/v2\/product_tag?post=8950"}],"curies":[{"name":"wp","href":"https:\/\/api.w.org\/{rel}","templated":true}]}}