{"id":8918,"date":"2022-04-22T23:54:43","date_gmt":"2022-04-22T21:54:43","guid":{"rendered":"https:\/\/trendsandvision.nl\/de\/product\/esschert-design-die-pflanzenschnur-antikbraun\/"},"modified":"2026-04-07T10:53:40","modified_gmt":"2026-04-07T08:53:40","slug":"esschert-design-die-pflanzenschnur-antikbraun","status":"publish","type":"product","link":"https:\/\/trendsandvision.nl\/de\/product\/esschert-design-die-pflanzenschnur-antikbraun\/","title":{"rendered":"Esschert Design Die Pflanzenschnur &#8211; antikbraun"},"content":{"rendered":"<p>Ein Gem\u00fcsegarten sollte ordentlich aussehen.<br \/>\nDiese klassische Pflanzschnur ist eine Hilfe beim Pflanzen und S\u00e4en in geraden Linien in Beeten, an Hecken und in Gem\u00fcseg\u00e4rten.<br \/>\nDas Juteseil hat eine L\u00e4nge von 25 Metern. Der Stift der Spule ist flach, damit er sich beim Spannen des Seils nicht so leicht l\u00f6st.<br \/>\nDiese dekorative Stifte werden nach jahrhundertealter Tradition und Handwerkskunst von Hand gegossen.<\/p>\n<p>&#8211; Inklusive 25 Meter Juteseil<br \/>\n&#8211; Geschenkbox<\/p>\n<p>Artikelname: Pflanzschnur<br \/>\nArtikelnummer W 8052<br \/>\nProduktgruppe(n) Kultivierung, Werkzeuge, Handwerkzeuge<br \/>\nProduktabmessungen in cm L 9 x T 7,5 x H 33,3<br \/>\nMaterial Gusseisen, Bindfaden<br \/>\nNettogewicht 0,948 kg<br \/>\nBarcode 8714982046773<\/p>\n","protected":false},"excerpt":{"rendered":"<p>Pflanzschnur<br \/>\nArtikelnummer W 8052<br \/>\nL 9 x T 7,5 x H 33,3 cm<br \/>\nMaterial Gusseisen, Bindfaden<br \/>\nNettogewicht 0,948 kg<br \/>\nBarcode 8714982046773<\/p>\n","protected":false},"featured_media":8919,"template":"","meta":[],"product_brand":[9597,9598],"product_cat":[751],"product_tag":[6790,8519],"class_list":{"0":"post-8918","1":"product","2":"type-product","3":"status-publish","4":"has-post-thumbnail","6":"product_brand-esschert-design","7":"product_brand-trends-and-vision","8":"product_cat-garden-tools","9":"product_tag-gusseisen","10":"product_tag-pflanzenschnure","11":"pa_anbieter-esschert-design","12":"pa_ean-code-4990","13":"pa_material-gusseisen-und-seil","14":"pa_messungen-14x6x35-cm","16":"first","17":"instock","18":"sale","19":"taxable","20":"shipping-taxable","21":"purchasable","22":"product-type-simple","23":"czr-hentry"},"yoast_head":"<!-- This site is optimized with the Yoast SEO Premium plugin v26.4 (Yoast SEO v27.4) - https:\/\/yoast.com\/product\/yoast-seo-premium-wordpress\/ -->\n<title>Esschert Design Die Pflanzenschnur - antikbraun (W8052, 8714982046773) - Trends &amp; Vision<\/title>\n<meta name=\"description\" content=\"Esschert Design Die Pflanzenschnur - antikbraun: Die Pflanzschnur fu\u0308r gerade Gemu\u0308sereihen Ein Gemu\u0308segarten sollte wohlgeordnet sein \u2013 wie mit der\" \/>\n<meta name=\"robots\" content=\"index, follow, max-snippet:-1, max-image-preview:large, max-video-preview:-1\" \/>\n<link rel=\"canonical\" href=\"https:\/\/trendsandvision.nl\/de\/product\/esschert-design-die-pflanzenschnur-antikbraun\/\" \/>\n<meta property=\"og:locale\" content=\"de_DE\" \/>\n<meta property=\"og:type\" content=\"article\" \/>\n<meta property=\"og:title\" content=\"Esschert Design Die Pflanzenschnur - antikbraun\" \/>\n<meta property=\"og:description\" content=\"Esschert Design Die Pflanzenschnur - antikbraun: Die Pflanzschnur fu\u0308r gerade Gemu\u0308sereihen Ein Gemu\u0308segarten sollte wohlgeordnet sein \u2013 wie mit der\" \/>\n<meta property=\"og:url\" content=\"https:\/\/trendsandvision.nl\/de\/product\/esschert-design-die-pflanzenschnur-antikbraun\/\" \/>\n<meta property=\"og:site_name\" content=\"Trends &amp; Vision (DE)\" \/>\n<meta property=\"article:modified_time\" content=\"2026-04-07T08:53:40+00:00\" \/>\n<meta property=\"og:image\" content=\"https:\/\/trendsandvision.nl\/de\/wp-content\/uploads\/sites\/3\/2022\/04\/W8052_01.jpg\" \/>\n\t<meta property=\"og:image:width\" content=\"800\" \/>\n\t<meta property=\"og:image:height\" content=\"800\" \/>\n\t<meta property=\"og:image:type\" content=\"image\/jpeg\" \/>\n<meta name=\"twitter:card\" content=\"summary_large_image\" \/>\n<meta name=\"twitter:label1\" content=\"Gesch\u00e4tzte Lesezeit\" \/>\n\t<meta name=\"twitter:data1\" content=\"1\u00a0Minute\" \/>\n<script type=\"application\/ld+json\" class=\"yoast-schema-graph\">{\"@context\":\"https:\\\/\\\/schema.org\",\"@graph\":[{\"@type\":\"WebPage\",\"@id\":\"https:\\\/\\\/trendsandvision.nl\\\/de\\\/product\\\/esschert-design-die-pflanzenschnur-antikbraun\\\/\",\"url\":\"https:\\\/\\\/trendsandvision.nl\\\/de\\\/product\\\/esschert-design-die-pflanzenschnur-antikbraun\\\/\",\"name\":\"Esschert Design Die Pflanzenschnur - antikbraun (W8052, 8714982046773) - Trends & Vision\",\"isPartOf\":{\"@id\":\"https:\\\/\\\/trendsandvision.nl\\\/de\\\/#website\"},\"primaryImageOfPage\":{\"@id\":\"https:\\\/\\\/trendsandvision.nl\\\/de\\\/product\\\/esschert-design-die-pflanzenschnur-antikbraun\\\/#primaryimage\"},\"image\":{\"@id\":\"https:\\\/\\\/trendsandvision.nl\\\/de\\\/product\\\/esschert-design-die-pflanzenschnur-antikbraun\\\/#primaryimage\"},\"thumbnailUrl\":\"https:\\\/\\\/trendsandvision.nl\\\/de\\\/wp-content\\\/uploads\\\/sites\\\/3\\\/2022\\\/04\\\/W8052_01.jpg\",\"datePublished\":\"2022-04-22T21:54:43+00:00\",\"dateModified\":\"2026-04-07T08:53:40+00:00\",\"description\":\"Esschert Design Die Pflanzenschnur - antikbraun: Die Pflanzschnur fu\u0308r gerade Gemu\u0308sereihen Ein Gemu\u0308segarten sollte wohlgeordnet sein \u2013 wie mit der\",\"breadcrumb\":{\"@id\":\"https:\\\/\\\/trendsandvision.nl\\\/de\\\/product\\\/esschert-design-die-pflanzenschnur-antikbraun\\\/#breadcrumb\"},\"inLanguage\":\"de\",\"potentialAction\":[{\"@type\":\"ReadAction\",\"target\":[\"https:\\\/\\\/trendsandvision.nl\\\/de\\\/product\\\/esschert-design-die-pflanzenschnur-antikbraun\\\/\"]}]},{\"@type\":\"ImageObject\",\"inLanguage\":\"de\",\"@id\":\"https:\\\/\\\/trendsandvision.nl\\\/de\\\/product\\\/esschert-design-die-pflanzenschnur-antikbraun\\\/#primaryimage\",\"url\":\"https:\\\/\\\/trendsandvision.nl\\\/de\\\/wp-content\\\/uploads\\\/sites\\\/3\\\/2022\\\/04\\\/W8052_01.jpg\",\"contentUrl\":\"https:\\\/\\\/trendsandvision.nl\\\/de\\\/wp-content\\\/uploads\\\/sites\\\/3\\\/2022\\\/04\\\/W8052_01.jpg\",\"width\":800,\"height\":800,\"caption\":\"Esschert Design Die Pflanzenschnur - antikbraun (W8052\"},{\"@type\":\"BreadcrumbList\",\"@id\":\"https:\\\/\\\/trendsandvision.nl\\\/de\\\/product\\\/esschert-design-die-pflanzenschnur-antikbraun\\\/#breadcrumb\",\"itemListElement\":[{\"@type\":\"ListItem\",\"position\":1,\"name\":\"Home\",\"item\":\"https:\\\/\\\/trendsandvision.nl\\\/de\\\/\"},{\"@type\":\"ListItem\",\"position\":2,\"name\":\"Gesch\u00e4ft\",\"item\":\"https:\\\/\\\/trendsandvision.nl\\\/de\\\/geschaft\\\/\"},{\"@type\":\"ListItem\",\"position\":3,\"name\":\"Esschert Design Die Pflanzenschnur &#8211; antikbraun\"}]},{\"@type\":\"WebSite\",\"@id\":\"https:\\\/\\\/trendsandvision.nl\\\/de\\\/#website\",\"url\":\"https:\\\/\\\/trendsandvision.nl\\\/de\\\/\",\"name\":\"Trends &amp; Vision (DE)\",\"description\":\"Der Webshop f\u00fcr Esschert Design Artikel\",\"publisher\":{\"@id\":\"https:\\\/\\\/trendsandvision.nl\\\/de\\\/#organization\"},\"potentialAction\":[{\"@type\":\"SearchAction\",\"target\":{\"@type\":\"EntryPoint\",\"urlTemplate\":\"https:\\\/\\\/trendsandvision.nl\\\/de\\\/?s={search_term_string}\"},\"query-input\":{\"@type\":\"PropertyValueSpecification\",\"valueRequired\":true,\"valueName\":\"search_term_string\"}}],\"inLanguage\":\"de\"},{\"@type\":\"Organization\",\"@id\":\"https:\\\/\\\/trendsandvision.nl\\\/de\\\/#organization\",\"name\":\"Trends &amp; Vision (DE)\",\"url\":\"https:\\\/\\\/trendsandvision.nl\\\/de\\\/\",\"logo\":{\"@type\":\"ImageObject\",\"inLanguage\":\"de\",\"@id\":\"https:\\\/\\\/trendsandvision.nl\\\/de\\\/#\\\/schema\\\/logo\\\/image\\\/\",\"url\":\"https:\\\/\\\/trendsandvision.nl\\\/de\\\/wp-content\\\/uploads\\\/sites\\\/3\\\/2022\\\/04\\\/trends-and-vision-logo.jpg\",\"contentUrl\":\"https:\\\/\\\/trendsandvision.nl\\\/de\\\/wp-content\\\/uploads\\\/sites\\\/3\\\/2022\\\/04\\\/trends-and-vision-logo.jpg\",\"width\":213,\"height\":100,\"caption\":\"Trends &amp; Vision (DE)\"},\"image\":{\"@id\":\"https:\\\/\\\/trendsandvision.nl\\\/de\\\/#\\\/schema\\\/logo\\\/image\\\/\"}}]}<\/script>\n<!-- \/ Yoast SEO Premium plugin. -->","yoast_head_json":{"title":"Esschert Design Die Pflanzenschnur - antikbraun (W8052, 8714982046773) - Trends & Vision","description":"Esschert Design Die Pflanzenschnur - antikbraun: Die Pflanzschnur fu\u0308r gerade Gemu\u0308sereihen Ein Gemu\u0308segarten sollte wohlgeordnet sein \u2013 wie mit der","robots":{"index":"index","follow":"follow","max-snippet":"max-snippet:-1","max-image-preview":"max-image-preview:large","max-video-preview":"max-video-preview:-1"},"canonical":"https:\/\/trendsandvision.nl\/de\/product\/esschert-design-die-pflanzenschnur-antikbraun\/","og_locale":"de_DE","og_type":"article","og_title":"Esschert Design Die Pflanzenschnur - antikbraun","og_description":"Esschert Design Die Pflanzenschnur - antikbraun: Die Pflanzschnur fu\u0308r gerade Gemu\u0308sereihen Ein Gemu\u0308segarten sollte wohlgeordnet sein \u2013 wie mit der","og_url":"https:\/\/trendsandvision.nl\/de\/product\/esschert-design-die-pflanzenschnur-antikbraun\/","og_site_name":"Trends &amp; Vision (DE)","article_modified_time":"2026-04-07T08:53:40+00:00","og_image":[{"width":800,"height":800,"url":"https:\/\/trendsandvision.nl\/de\/wp-content\/uploads\/sites\/3\/2022\/04\/W8052_01.jpg","type":"image\/jpeg"}],"twitter_card":"summary_large_image","twitter_misc":{"Gesch\u00e4tzte Lesezeit":"1\u00a0Minute"},"schema":{"@context":"https:\/\/schema.org","@graph":[{"@type":"WebPage","@id":"https:\/\/trendsandvision.nl\/de\/product\/esschert-design-die-pflanzenschnur-antikbraun\/","url":"https:\/\/trendsandvision.nl\/de\/product\/esschert-design-die-pflanzenschnur-antikbraun\/","name":"Esschert Design Die Pflanzenschnur - antikbraun (W8052, 8714982046773) - Trends & Vision","isPartOf":{"@id":"https:\/\/trendsandvision.nl\/de\/#website"},"primaryImageOfPage":{"@id":"https:\/\/trendsandvision.nl\/de\/product\/esschert-design-die-pflanzenschnur-antikbraun\/#primaryimage"},"image":{"@id":"https:\/\/trendsandvision.nl\/de\/product\/esschert-design-die-pflanzenschnur-antikbraun\/#primaryimage"},"thumbnailUrl":"https:\/\/trendsandvision.nl\/de\/wp-content\/uploads\/sites\/3\/2022\/04\/W8052_01.jpg","datePublished":"2022-04-22T21:54:43+00:00","dateModified":"2026-04-07T08:53:40+00:00","description":"Esschert Design Die Pflanzenschnur - antikbraun: Die Pflanzschnur fu\u0308r gerade Gemu\u0308sereihen Ein Gemu\u0308segarten sollte wohlgeordnet sein \u2013 wie mit der","breadcrumb":{"@id":"https:\/\/trendsandvision.nl\/de\/product\/esschert-design-die-pflanzenschnur-antikbraun\/#breadcrumb"},"inLanguage":"de","potentialAction":[{"@type":"ReadAction","target":["https:\/\/trendsandvision.nl\/de\/product\/esschert-design-die-pflanzenschnur-antikbraun\/"]}]},{"@type":"ImageObject","inLanguage":"de","@id":"https:\/\/trendsandvision.nl\/de\/product\/esschert-design-die-pflanzenschnur-antikbraun\/#primaryimage","url":"https:\/\/trendsandvision.nl\/de\/wp-content\/uploads\/sites\/3\/2022\/04\/W8052_01.jpg","contentUrl":"https:\/\/trendsandvision.nl\/de\/wp-content\/uploads\/sites\/3\/2022\/04\/W8052_01.jpg","width":800,"height":800,"caption":"Esschert Design Die Pflanzenschnur - antikbraun (W8052"},{"@type":"BreadcrumbList","@id":"https:\/\/trendsandvision.nl\/de\/product\/esschert-design-die-pflanzenschnur-antikbraun\/#breadcrumb","itemListElement":[{"@type":"ListItem","position":1,"name":"Home","item":"https:\/\/trendsandvision.nl\/de\/"},{"@type":"ListItem","position":2,"name":"Gesch\u00e4ft","item":"https:\/\/trendsandvision.nl\/de\/geschaft\/"},{"@type":"ListItem","position":3,"name":"Esschert Design Die Pflanzenschnur &#8211; antikbraun"}]},{"@type":"WebSite","@id":"https:\/\/trendsandvision.nl\/de\/#website","url":"https:\/\/trendsandvision.nl\/de\/","name":"Trends &amp; Vision (DE)","description":"Der Webshop f\u00fcr Esschert Design Artikel","publisher":{"@id":"https:\/\/trendsandvision.nl\/de\/#organization"},"potentialAction":[{"@type":"SearchAction","target":{"@type":"EntryPoint","urlTemplate":"https:\/\/trendsandvision.nl\/de\/?s={search_term_string}"},"query-input":{"@type":"PropertyValueSpecification","valueRequired":true,"valueName":"search_term_string"}}],"inLanguage":"de"},{"@type":"Organization","@id":"https:\/\/trendsandvision.nl\/de\/#organization","name":"Trends &amp; Vision (DE)","url":"https:\/\/trendsandvision.nl\/de\/","logo":{"@type":"ImageObject","inLanguage":"de","@id":"https:\/\/trendsandvision.nl\/de\/#\/schema\/logo\/image\/","url":"https:\/\/trendsandvision.nl\/de\/wp-content\/uploads\/sites\/3\/2022\/04\/trends-and-vision-logo.jpg","contentUrl":"https:\/\/trendsandvision.nl\/de\/wp-content\/uploads\/sites\/3\/2022\/04\/trends-and-vision-logo.jpg","width":213,"height":100,"caption":"Trends &amp; Vision (DE)"},"image":{"@id":"https:\/\/trendsandvision.nl\/de\/#\/schema\/logo\/image\/"}}]}},"_links":{"self":[{"href":"https:\/\/trendsandvision.nl\/de\/wp-json\/wp\/v2\/product\/8918","targetHints":{"allow":["GET"]}}],"collection":[{"href":"https:\/\/trendsandvision.nl\/de\/wp-json\/wp\/v2\/product"}],"about":[{"href":"https:\/\/trendsandvision.nl\/de\/wp-json\/wp\/v2\/types\/product"}],"wp:featuredmedia":[{"embeddable":true,"href":"https:\/\/trendsandvision.nl\/de\/wp-json\/wp\/v2\/media\/8919"}],"wp:attachment":[{"href":"https:\/\/trendsandvision.nl\/de\/wp-json\/wp\/v2\/media?parent=8918"}],"wp:term":[{"taxonomy":"product_brand","embeddable":true,"href":"https:\/\/trendsandvision.nl\/de\/wp-json\/wp\/v2\/product_brand?post=8918"},{"taxonomy":"product_cat","embeddable":true,"href":"https:\/\/trendsandvision.nl\/de\/wp-json\/wp\/v2\/product_cat?post=8918"},{"taxonomy":"product_tag","embeddable":true,"href":"https:\/\/trendsandvision.nl\/de\/wp-json\/wp\/v2\/product_tag?post=8918"}],"curies":[{"name":"wp","href":"https:\/\/api.w.org\/{rel}","templated":true}]}}