{"id":8915,"date":"2022-04-22T23:54:43","date_gmt":"2022-04-22T21:54:43","guid":{"rendered":"https:\/\/trendsandvision.nl\/de\/product\/esschert-design-zinkblechgiesskanne\/"},"modified":"2026-02-04T00:51:12","modified_gmt":"2026-02-03T23:51:12","slug":"esschert-design-zinkblechgiesskanne","status":"publish","type":"product","link":"https:\/\/trendsandvision.nl\/de\/product\/esschert-design-zinkblechgiesskanne\/","title":{"rendered":"Esschert Design Zinkblechgie\u00dfkanne"},"content":{"rendered":"<p>Pflanzen brauchen regelm\u00e4\u00dfig Wasser. Dank der langen und schmalen T\u00fclle dieser nostalgischen, franz\u00f6sischen Gie\u00dfkanne ist es m\u00f6glich, vor allem Zimmerpflanzen mit einem ganz gezielten und gerichtet Wasserstrahl zugie\u00dfen.<br \/>\nDie herauskommende Wassermenge l\u00e4sst sich dadurch regulieren, dass der Griff weiter vorne oder hinten festgehalten wird.<br \/>\nDurch den abnehmbaren Brausekopf kann man zwischen einer Regendusche oder einem gerichteten Wasserstrahl w\u00e4hlen.<br \/>\nAufgrund der schr\u00e4gen Form kann der Kopf in verschiedenen St\u00e4nden montiert werden.<br \/>\nDar\u00fcber hinaus verf\u00fcgt die Gie\u00dfkanne \u00fcber eine gro\u00dfe \u00d6ffnung an der Oberseite f\u00fcr ein einfaches bef\u00fcllen mit Wasser.<\/p>\n<p>&#8211; Gezieltes und dosierter W\u00e4ssern<br \/>\n&#8211; Ergonomischer Griff<br \/>\n&#8211; Abnehmbarer Brausekopf<\/p>\n<p>Artikelname: Gie\u00dfkanne XL<br \/>\nArtikelnummer W 4010<br \/>\nProduktgruppe(n) Garten&amp;Terrasse, Gartenger\u00e4te, Gie\u00dfkannen und Spr\u00fchger\u00e4te<br \/>\nProduktabmessungen in cm L 64,6 x T 24,7 x H 37,1<br \/>\nVolumen in Litern 9<br \/>\nMaterial Zinkblech<br \/>\nNettogewicht 1,055 kg<br \/>\nBarcode 8714982068058<\/p>\n","protected":false},"excerpt":{"rendered":"<p>Gie\u00dfkanne XL<br \/>\nArtikelnummer W 4010<br \/>\nL 64,6 x T 24,7 x H 37,1 cm<br \/>\nVolumen in Litern 9<br \/>\nMaterial Zinkblech<br \/>\nNettogewicht 1,055 kg<br \/>\nBarcode 8714982068058<\/p>\n","protected":false},"featured_media":8916,"template":"","meta":[],"product_brand":[9597,9598],"product_cat":[503],"product_tag":[6786,6890,8092],"class_list":{"0":"post-8915","1":"product","2":"type-product","3":"status-publish","4":"has-post-thumbnail","6":"product_brand-esschert-design","7":"product_brand-trends-and-vision","8":"product_cat-esscherts-garden","9":"product_tag-giesskannen","10":"product_tag-spruehgeraete","11":"product_tag-zink","12":"pa_anbieter-esschert-design","13":"pa_ean-code-4987","14":"pa_material-zink","15":"pa_messungen-67-x-25-x-38-cm","17":"first","18":"instock","19":"sale","20":"taxable","21":"shipping-taxable","22":"purchasable","23":"product-type-simple","24":"czr-hentry"},"yoast_head":"<!-- This site is optimized with the Yoast SEO Premium plugin v26.4 (Yoast SEO v27.3) - https:\/\/yoast.com\/product\/yoast-seo-premium-wordpress\/ -->\n<title>Esschert Design Zinkblechgie\u00dfkanne (W4010, 8714982068058) - Trends &amp; Vision<\/title>\n<meta name=\"description\" content=\"Esschert Design Zinkblechgie\u00dfkanne: Der lange Hals der Zinkblechgie\u00dfkanne sorgt f\u00fcr eine praktische Reichweite. Die Brause ist auf feine Verteilung ausgerichtet. Fasst 9 Liter: 67 x 25 x 38 cm.\" \/>\n<meta name=\"robots\" content=\"index, follow, max-snippet:-1, max-image-preview:large, max-video-preview:-1\" \/>\n<link rel=\"canonical\" href=\"https:\/\/trendsandvision.nl\/de\/product\/esschert-design-zinkblechgiesskanne\/\" \/>\n<meta property=\"og:locale\" content=\"de_DE\" \/>\n<meta property=\"og:type\" content=\"article\" \/>\n<meta property=\"og:title\" content=\"Esschert Design Zinkblechgie\u00dfkanne\" \/>\n<meta property=\"og:description\" content=\"Esschert Design Zinkblechgie\u00dfkanne: Der lange Hals der Zinkblechgie\u00dfkanne sorgt f\u00fcr eine praktische Reichweite. Die Brause ist auf feine Verteilung ausgerichtet. Fasst 9 Liter: 67 x 25 x 38 cm.\" \/>\n<meta property=\"og:url\" content=\"https:\/\/trendsandvision.nl\/de\/product\/esschert-design-zinkblechgiesskanne\/\" \/>\n<meta property=\"og:site_name\" content=\"Trends &amp; Vision (DE)\" \/>\n<meta property=\"article:modified_time\" content=\"2026-02-03T23:51:12+00:00\" \/>\n<meta property=\"og:image\" content=\"https:\/\/trendsandvision.nl\/de\/wp-content\/uploads\/sites\/3\/2022\/04\/W4010_01.jpg\" \/>\n\t<meta property=\"og:image:width\" content=\"800\" \/>\n\t<meta property=\"og:image:height\" content=\"800\" \/>\n\t<meta property=\"og:image:type\" content=\"image\/jpeg\" \/>\n<meta name=\"twitter:card\" content=\"summary_large_image\" \/>\n<meta name=\"twitter:label1\" content=\"Gesch\u00e4tzte Lesezeit\" \/>\n\t<meta name=\"twitter:data1\" content=\"1\u00a0Minute\" \/>\n<script type=\"application\/ld+json\" class=\"yoast-schema-graph\">{\"@context\":\"https:\\\/\\\/schema.org\",\"@graph\":[{\"@type\":\"WebPage\",\"@id\":\"https:\\\/\\\/trendsandvision.nl\\\/de\\\/product\\\/esschert-design-zinkblechgiesskanne\\\/\",\"url\":\"https:\\\/\\\/trendsandvision.nl\\\/de\\\/product\\\/esschert-design-zinkblechgiesskanne\\\/\",\"name\":\"Esschert Design Zinkblechgie\u00dfkanne (W4010, 8714982068058) - Trends & Vision\",\"isPartOf\":{\"@id\":\"https:\\\/\\\/trendsandvision.nl\\\/de\\\/#website\"},\"primaryImageOfPage\":{\"@id\":\"https:\\\/\\\/trendsandvision.nl\\\/de\\\/product\\\/esschert-design-zinkblechgiesskanne\\\/#primaryimage\"},\"image\":{\"@id\":\"https:\\\/\\\/trendsandvision.nl\\\/de\\\/product\\\/esschert-design-zinkblechgiesskanne\\\/#primaryimage\"},\"thumbnailUrl\":\"https:\\\/\\\/trendsandvision.nl\\\/de\\\/wp-content\\\/uploads\\\/sites\\\/3\\\/2022\\\/04\\\/W4010_01.jpg\",\"datePublished\":\"2022-04-22T21:54:43+00:00\",\"dateModified\":\"2026-02-03T23:51:12+00:00\",\"description\":\"Esschert Design Zinkblechgie\u00dfkanne: Der lange Hals der Zinkblechgie\u00dfkanne sorgt f\u00fcr eine praktische Reichweite. Die Brause ist auf feine Verteilung ausgerichtet. Fasst 9 Liter: 67 x 25 x 38 cm.\",\"breadcrumb\":{\"@id\":\"https:\\\/\\\/trendsandvision.nl\\\/de\\\/product\\\/esschert-design-zinkblechgiesskanne\\\/#breadcrumb\"},\"inLanguage\":\"de\",\"potentialAction\":[{\"@type\":\"ReadAction\",\"target\":[\"https:\\\/\\\/trendsandvision.nl\\\/de\\\/product\\\/esschert-design-zinkblechgiesskanne\\\/\"]}]},{\"@type\":\"ImageObject\",\"inLanguage\":\"de\",\"@id\":\"https:\\\/\\\/trendsandvision.nl\\\/de\\\/product\\\/esschert-design-zinkblechgiesskanne\\\/#primaryimage\",\"url\":\"https:\\\/\\\/trendsandvision.nl\\\/de\\\/wp-content\\\/uploads\\\/sites\\\/3\\\/2022\\\/04\\\/W4010_01.jpg\",\"contentUrl\":\"https:\\\/\\\/trendsandvision.nl\\\/de\\\/wp-content\\\/uploads\\\/sites\\\/3\\\/2022\\\/04\\\/W4010_01.jpg\",\"width\":800,\"height\":800,\"caption\":\"Esschert Design Zinkblechgie\u00dfkanne (W4010\"},{\"@type\":\"BreadcrumbList\",\"@id\":\"https:\\\/\\\/trendsandvision.nl\\\/de\\\/product\\\/esschert-design-zinkblechgiesskanne\\\/#breadcrumb\",\"itemListElement\":[{\"@type\":\"ListItem\",\"position\":1,\"name\":\"Home\",\"item\":\"https:\\\/\\\/trendsandvision.nl\\\/de\\\/\"},{\"@type\":\"ListItem\",\"position\":2,\"name\":\"Gesch\u00e4ft\",\"item\":\"https:\\\/\\\/trendsandvision.nl\\\/de\\\/geschaft\\\/\"},{\"@type\":\"ListItem\",\"position\":3,\"name\":\"Esschert Design Zinkblechgie\u00dfkanne\"}]},{\"@type\":\"WebSite\",\"@id\":\"https:\\\/\\\/trendsandvision.nl\\\/de\\\/#website\",\"url\":\"https:\\\/\\\/trendsandvision.nl\\\/de\\\/\",\"name\":\"Trends &amp; Vision (DE)\",\"description\":\"Der Webshop f\u00fcr Esschert Design Artikel\",\"publisher\":{\"@id\":\"https:\\\/\\\/trendsandvision.nl\\\/de\\\/#organization\"},\"potentialAction\":[{\"@type\":\"SearchAction\",\"target\":{\"@type\":\"EntryPoint\",\"urlTemplate\":\"https:\\\/\\\/trendsandvision.nl\\\/de\\\/?s={search_term_string}\"},\"query-input\":{\"@type\":\"PropertyValueSpecification\",\"valueRequired\":true,\"valueName\":\"search_term_string\"}}],\"inLanguage\":\"de\"},{\"@type\":\"Organization\",\"@id\":\"https:\\\/\\\/trendsandvision.nl\\\/de\\\/#organization\",\"name\":\"Trends &amp; Vision (DE)\",\"url\":\"https:\\\/\\\/trendsandvision.nl\\\/de\\\/\",\"logo\":{\"@type\":\"ImageObject\",\"inLanguage\":\"de\",\"@id\":\"https:\\\/\\\/trendsandvision.nl\\\/de\\\/#\\\/schema\\\/logo\\\/image\\\/\",\"url\":\"https:\\\/\\\/trendsandvision.nl\\\/de\\\/wp-content\\\/uploads\\\/sites\\\/3\\\/2022\\\/04\\\/trends-and-vision-logo.jpg\",\"contentUrl\":\"https:\\\/\\\/trendsandvision.nl\\\/de\\\/wp-content\\\/uploads\\\/sites\\\/3\\\/2022\\\/04\\\/trends-and-vision-logo.jpg\",\"width\":213,\"height\":100,\"caption\":\"Trends &amp; Vision (DE)\"},\"image\":{\"@id\":\"https:\\\/\\\/trendsandvision.nl\\\/de\\\/#\\\/schema\\\/logo\\\/image\\\/\"}}]}<\/script>\n<!-- \/ Yoast SEO Premium plugin. -->","yoast_head_json":{"title":"Esschert Design Zinkblechgie\u00dfkanne (W4010, 8714982068058) - Trends & Vision","description":"Esschert Design Zinkblechgie\u00dfkanne: Der lange Hals der Zinkblechgie\u00dfkanne sorgt f\u00fcr eine praktische Reichweite. Die Brause ist auf feine Verteilung ausgerichtet. Fasst 9 Liter: 67 x 25 x 38 cm.","robots":{"index":"index","follow":"follow","max-snippet":"max-snippet:-1","max-image-preview":"max-image-preview:large","max-video-preview":"max-video-preview:-1"},"canonical":"https:\/\/trendsandvision.nl\/de\/product\/esschert-design-zinkblechgiesskanne\/","og_locale":"de_DE","og_type":"article","og_title":"Esschert Design Zinkblechgie\u00dfkanne","og_description":"Esschert Design Zinkblechgie\u00dfkanne: Der lange Hals der Zinkblechgie\u00dfkanne sorgt f\u00fcr eine praktische Reichweite. Die Brause ist auf feine Verteilung ausgerichtet. Fasst 9 Liter: 67 x 25 x 38 cm.","og_url":"https:\/\/trendsandvision.nl\/de\/product\/esschert-design-zinkblechgiesskanne\/","og_site_name":"Trends &amp; Vision (DE)","article_modified_time":"2026-02-03T23:51:12+00:00","og_image":[{"width":800,"height":800,"url":"https:\/\/trendsandvision.nl\/de\/wp-content\/uploads\/sites\/3\/2022\/04\/W4010_01.jpg","type":"image\/jpeg"}],"twitter_card":"summary_large_image","twitter_misc":{"Gesch\u00e4tzte Lesezeit":"1\u00a0Minute"},"schema":{"@context":"https:\/\/schema.org","@graph":[{"@type":"WebPage","@id":"https:\/\/trendsandvision.nl\/de\/product\/esschert-design-zinkblechgiesskanne\/","url":"https:\/\/trendsandvision.nl\/de\/product\/esschert-design-zinkblechgiesskanne\/","name":"Esschert Design Zinkblechgie\u00dfkanne (W4010, 8714982068058) - Trends & Vision","isPartOf":{"@id":"https:\/\/trendsandvision.nl\/de\/#website"},"primaryImageOfPage":{"@id":"https:\/\/trendsandvision.nl\/de\/product\/esschert-design-zinkblechgiesskanne\/#primaryimage"},"image":{"@id":"https:\/\/trendsandvision.nl\/de\/product\/esschert-design-zinkblechgiesskanne\/#primaryimage"},"thumbnailUrl":"https:\/\/trendsandvision.nl\/de\/wp-content\/uploads\/sites\/3\/2022\/04\/W4010_01.jpg","datePublished":"2022-04-22T21:54:43+00:00","dateModified":"2026-02-03T23:51:12+00:00","description":"Esschert Design Zinkblechgie\u00dfkanne: Der lange Hals der Zinkblechgie\u00dfkanne sorgt f\u00fcr eine praktische Reichweite. Die Brause ist auf feine Verteilung ausgerichtet. Fasst 9 Liter: 67 x 25 x 38 cm.","breadcrumb":{"@id":"https:\/\/trendsandvision.nl\/de\/product\/esschert-design-zinkblechgiesskanne\/#breadcrumb"},"inLanguage":"de","potentialAction":[{"@type":"ReadAction","target":["https:\/\/trendsandvision.nl\/de\/product\/esschert-design-zinkblechgiesskanne\/"]}]},{"@type":"ImageObject","inLanguage":"de","@id":"https:\/\/trendsandvision.nl\/de\/product\/esschert-design-zinkblechgiesskanne\/#primaryimage","url":"https:\/\/trendsandvision.nl\/de\/wp-content\/uploads\/sites\/3\/2022\/04\/W4010_01.jpg","contentUrl":"https:\/\/trendsandvision.nl\/de\/wp-content\/uploads\/sites\/3\/2022\/04\/W4010_01.jpg","width":800,"height":800,"caption":"Esschert Design Zinkblechgie\u00dfkanne (W4010"},{"@type":"BreadcrumbList","@id":"https:\/\/trendsandvision.nl\/de\/product\/esschert-design-zinkblechgiesskanne\/#breadcrumb","itemListElement":[{"@type":"ListItem","position":1,"name":"Home","item":"https:\/\/trendsandvision.nl\/de\/"},{"@type":"ListItem","position":2,"name":"Gesch\u00e4ft","item":"https:\/\/trendsandvision.nl\/de\/geschaft\/"},{"@type":"ListItem","position":3,"name":"Esschert Design Zinkblechgie\u00dfkanne"}]},{"@type":"WebSite","@id":"https:\/\/trendsandvision.nl\/de\/#website","url":"https:\/\/trendsandvision.nl\/de\/","name":"Trends &amp; Vision (DE)","description":"Der Webshop f\u00fcr Esschert Design Artikel","publisher":{"@id":"https:\/\/trendsandvision.nl\/de\/#organization"},"potentialAction":[{"@type":"SearchAction","target":{"@type":"EntryPoint","urlTemplate":"https:\/\/trendsandvision.nl\/de\/?s={search_term_string}"},"query-input":{"@type":"PropertyValueSpecification","valueRequired":true,"valueName":"search_term_string"}}],"inLanguage":"de"},{"@type":"Organization","@id":"https:\/\/trendsandvision.nl\/de\/#organization","name":"Trends &amp; Vision (DE)","url":"https:\/\/trendsandvision.nl\/de\/","logo":{"@type":"ImageObject","inLanguage":"de","@id":"https:\/\/trendsandvision.nl\/de\/#\/schema\/logo\/image\/","url":"https:\/\/trendsandvision.nl\/de\/wp-content\/uploads\/sites\/3\/2022\/04\/trends-and-vision-logo.jpg","contentUrl":"https:\/\/trendsandvision.nl\/de\/wp-content\/uploads\/sites\/3\/2022\/04\/trends-and-vision-logo.jpg","width":213,"height":100,"caption":"Trends &amp; Vision (DE)"},"image":{"@id":"https:\/\/trendsandvision.nl\/de\/#\/schema\/logo\/image\/"}}]}},"_links":{"self":[{"href":"https:\/\/trendsandvision.nl\/de\/wp-json\/wp\/v2\/product\/8915","targetHints":{"allow":["GET"]}}],"collection":[{"href":"https:\/\/trendsandvision.nl\/de\/wp-json\/wp\/v2\/product"}],"about":[{"href":"https:\/\/trendsandvision.nl\/de\/wp-json\/wp\/v2\/types\/product"}],"wp:featuredmedia":[{"embeddable":true,"href":"https:\/\/trendsandvision.nl\/de\/wp-json\/wp\/v2\/media\/8916"}],"wp:attachment":[{"href":"https:\/\/trendsandvision.nl\/de\/wp-json\/wp\/v2\/media?parent=8915"}],"wp:term":[{"taxonomy":"product_brand","embeddable":true,"href":"https:\/\/trendsandvision.nl\/de\/wp-json\/wp\/v2\/product_brand?post=8915"},{"taxonomy":"product_cat","embeddable":true,"href":"https:\/\/trendsandvision.nl\/de\/wp-json\/wp\/v2\/product_cat?post=8915"},{"taxonomy":"product_tag","embeddable":true,"href":"https:\/\/trendsandvision.nl\/de\/wp-json\/wp\/v2\/product_tag?post=8915"}],"curies":[{"name":"wp","href":"https:\/\/api.w.org\/{rel}","templated":true}]}}