{"id":8903,"date":"2022-04-22T23:54:06","date_gmt":"2022-04-22T21:54:06","guid":{"rendered":"https:\/\/trendsandvision.nl\/de\/product\/esschert-design-pflanzholz\/"},"modified":"2026-04-07T10:53:36","modified_gmt":"2026-04-07T08:53:36","slug":"esschert-design-pflanzholz","status":"publish","type":"product","link":"https:\/\/trendsandvision.nl\/de\/product\/esschert-design-pflanzholz\/","title":{"rendered":"Esschert Design Pflanzholz"},"content":{"rendered":"<p>Gerade beim Setzen von kleinen Setzlingen oder Blumenzwiebeln in die Erde, ist es wichtig, dass Sie diese in die richtige Tiefe pflanzen. Dieses Pflanzholz mit aufgedruckter Skala ist Ihnen dabei eine gro\u00dfe Hilfe.<\/p>\n<p>Traditionelle Gartenwerkzeugee f\u00fcr alle, die einen gr\u00fcnen Daumen haben. Die langlebige Materialauswahl stellt sicher, dass dieses Werkzeug f\u00fcr lange Zeit gebrauchsf\u00e4hig ist. Dieser Pflanzstab aus Holz ist eine gro\u00dfe Hilfe, beim Bohren von L\u00f6chern in den Boden, um Zwiebeln und Setzlinge zu pflanzen. Durch den ergonomischen Griff liegt das Pflanzholz leicht in der Hand und bei Bedarf k\u00f6nnen Sie etwas mehr Druck aus\u00fcben, wenn die L\u00f6cher gleich tief werden sollen. Die Skala auf dem Pflanzstab zeigt stets an, wie tief das Loch f\u00fcr die Zwiebeln und Setzlinge wird, damit Sie diese in der richtigen Tiefe pflanzen k\u00f6nnen.<\/p>\n<p>&#8211; Skala in cm und Inch<br \/>\n&#8211; Leder-Aufh\u00e4nge\u00f6se<br \/>\n&#8211; ergonomischer Griff<\/p>\n<p>Artikelname: Pflanzholz<br \/>\nArtikelnummer W4006<br \/>\nProduktgruppe(n) Kultivierung, Werkzeuge, Handwerkzeuge<br \/>\nProduktabmessungen in cm L 2,9 x T 2,9 x H 26,7<br \/>\nMaterial Birkenholz, Rindsleder<br \/>\nNettogewicht 0,069 kg<br \/>\nBarcode 8714982058837<\/p>\n","protected":false},"excerpt":{"rendered":"<p>&#8211; Pflanzholz<br \/>\n&#8211; Artikelnummer W4006<br \/>\n&#8211; Skala in cm und Inch<br \/>\n&#8211; Leder-Aufh\u00e4nge\u00f6se<br \/>\n&#8211; ergonomischer Griff<br \/>\n&#8211; L 2,9 x T 2,9 x H 26,7 cm<br \/>\n&#8211; Nettogewicht 0,069 kg<br \/>\n&#8211; Barcode 8714982058837<\/p>\n","protected":false},"featured_media":8904,"template":"","meta":[],"product_brand":[9597,9598],"product_cat":[751],"product_tag":[8525,6755,6749,7003],"class_list":{"0":"post-8903","1":"product","2":"type-product","3":"status-publish","4":"has-post-thumbnail","6":"product_brand-esschert-design","7":"product_brand-trends-and-vision","8":"product_cat-garden-tools","9":"product_tag-blumenzwiebeln","10":"product_tag-gartengeraete","11":"product_tag-handwerkzeuge","12":"product_tag-pflanzen","13":"pa_anbieter-esschert-design","14":"pa_ean-code-4978","15":"pa_material-beukenhout","16":"pa_messungen-8x36x41-cm","18":"first","19":"instock","20":"sale","21":"taxable","22":"shipping-taxable","23":"purchasable","24":"product-type-simple","25":"czr-hentry"},"yoast_head":"<!-- This site is optimized with the Yoast SEO Premium plugin v26.4 (Yoast SEO v27.4) - https:\/\/yoast.com\/product\/yoast-seo-premium-wordpress\/ -->\n<title>Esschert Design Pflanzholz (W4006, 8714982058837) - Trends &amp; Vision<\/title>\n<meta name=\"description\" content=\"Esschert Design Pflanzholz: Gerade beim Setzen von kleinen Setzlingen oder Blumenzwiebeln in die Erde, ist es wichtig, dass Sie\" \/>\n<meta name=\"robots\" content=\"index, follow, max-snippet:-1, max-image-preview:large, max-video-preview:-1\" \/>\n<link rel=\"canonical\" href=\"https:\/\/trendsandvision.nl\/de\/product\/esschert-design-pflanzholz\/\" \/>\n<meta property=\"og:locale\" content=\"de_DE\" \/>\n<meta property=\"og:type\" content=\"article\" \/>\n<meta property=\"og:title\" content=\"Esschert Design Pflanzholz\" \/>\n<meta property=\"og:description\" content=\"Esschert Design Pflanzholz: Gerade beim Setzen von kleinen Setzlingen oder Blumenzwiebeln in die Erde, ist es wichtig, dass Sie\" \/>\n<meta property=\"og:url\" content=\"https:\/\/trendsandvision.nl\/de\/product\/esschert-design-pflanzholz\/\" \/>\n<meta property=\"og:site_name\" content=\"Trends &amp; Vision (DE)\" \/>\n<meta property=\"article:modified_time\" content=\"2026-04-07T08:53:36+00:00\" \/>\n<meta property=\"og:image\" content=\"https:\/\/trendsandvision.nl\/de\/wp-content\/uploads\/sites\/3\/2022\/04\/W4006_01.jpg\" \/>\n\t<meta property=\"og:image:width\" content=\"800\" \/>\n\t<meta property=\"og:image:height\" content=\"800\" \/>\n\t<meta property=\"og:image:type\" content=\"image\/jpeg\" \/>\n<meta name=\"twitter:card\" content=\"summary_large_image\" \/>\n<meta name=\"twitter:label1\" content=\"Gesch\u00e4tzte Lesezeit\" \/>\n\t<meta name=\"twitter:data1\" content=\"2\u00a0Minuten\" \/>\n<script type=\"application\/ld+json\" class=\"yoast-schema-graph\">{\"@context\":\"https:\\\/\\\/schema.org\",\"@graph\":[{\"@type\":\"WebPage\",\"@id\":\"https:\\\/\\\/trendsandvision.nl\\\/de\\\/product\\\/esschert-design-pflanzholz\\\/\",\"url\":\"https:\\\/\\\/trendsandvision.nl\\\/de\\\/product\\\/esschert-design-pflanzholz\\\/\",\"name\":\"Esschert Design Pflanzholz (W4006, 8714982058837) - Trends & Vision\",\"isPartOf\":{\"@id\":\"https:\\\/\\\/trendsandvision.nl\\\/de\\\/#website\"},\"primaryImageOfPage\":{\"@id\":\"https:\\\/\\\/trendsandvision.nl\\\/de\\\/product\\\/esschert-design-pflanzholz\\\/#primaryimage\"},\"image\":{\"@id\":\"https:\\\/\\\/trendsandvision.nl\\\/de\\\/product\\\/esschert-design-pflanzholz\\\/#primaryimage\"},\"thumbnailUrl\":\"https:\\\/\\\/trendsandvision.nl\\\/de\\\/wp-content\\\/uploads\\\/sites\\\/3\\\/2022\\\/04\\\/W4006_01.jpg\",\"datePublished\":\"2022-04-22T21:54:06+00:00\",\"dateModified\":\"2026-04-07T08:53:36+00:00\",\"description\":\"Esschert Design Pflanzholz: Gerade beim Setzen von kleinen Setzlingen oder Blumenzwiebeln in die Erde, ist es wichtig, dass Sie\",\"breadcrumb\":{\"@id\":\"https:\\\/\\\/trendsandvision.nl\\\/de\\\/product\\\/esschert-design-pflanzholz\\\/#breadcrumb\"},\"inLanguage\":\"de\",\"potentialAction\":[{\"@type\":\"ReadAction\",\"target\":[\"https:\\\/\\\/trendsandvision.nl\\\/de\\\/product\\\/esschert-design-pflanzholz\\\/\"]}]},{\"@type\":\"ImageObject\",\"inLanguage\":\"de\",\"@id\":\"https:\\\/\\\/trendsandvision.nl\\\/de\\\/product\\\/esschert-design-pflanzholz\\\/#primaryimage\",\"url\":\"https:\\\/\\\/trendsandvision.nl\\\/de\\\/wp-content\\\/uploads\\\/sites\\\/3\\\/2022\\\/04\\\/W4006_01.jpg\",\"contentUrl\":\"https:\\\/\\\/trendsandvision.nl\\\/de\\\/wp-content\\\/uploads\\\/sites\\\/3\\\/2022\\\/04\\\/W4006_01.jpg\",\"width\":800,\"height\":800,\"caption\":\"Esschert Design Pflanzholz (W4006\"},{\"@type\":\"BreadcrumbList\",\"@id\":\"https:\\\/\\\/trendsandvision.nl\\\/de\\\/product\\\/esschert-design-pflanzholz\\\/#breadcrumb\",\"itemListElement\":[{\"@type\":\"ListItem\",\"position\":1,\"name\":\"Home\",\"item\":\"https:\\\/\\\/trendsandvision.nl\\\/de\\\/\"},{\"@type\":\"ListItem\",\"position\":2,\"name\":\"Gesch\u00e4ft\",\"item\":\"https:\\\/\\\/trendsandvision.nl\\\/de\\\/geschaft\\\/\"},{\"@type\":\"ListItem\",\"position\":3,\"name\":\"Esschert Design Pflanzholz\"}]},{\"@type\":\"WebSite\",\"@id\":\"https:\\\/\\\/trendsandvision.nl\\\/de\\\/#website\",\"url\":\"https:\\\/\\\/trendsandvision.nl\\\/de\\\/\",\"name\":\"Trends &amp; Vision (DE)\",\"description\":\"Der Webshop f\u00fcr Esschert Design Artikel\",\"publisher\":{\"@id\":\"https:\\\/\\\/trendsandvision.nl\\\/de\\\/#organization\"},\"potentialAction\":[{\"@type\":\"SearchAction\",\"target\":{\"@type\":\"EntryPoint\",\"urlTemplate\":\"https:\\\/\\\/trendsandvision.nl\\\/de\\\/?s={search_term_string}\"},\"query-input\":{\"@type\":\"PropertyValueSpecification\",\"valueRequired\":true,\"valueName\":\"search_term_string\"}}],\"inLanguage\":\"de\"},{\"@type\":\"Organization\",\"@id\":\"https:\\\/\\\/trendsandvision.nl\\\/de\\\/#organization\",\"name\":\"Trends &amp; Vision (DE)\",\"url\":\"https:\\\/\\\/trendsandvision.nl\\\/de\\\/\",\"logo\":{\"@type\":\"ImageObject\",\"inLanguage\":\"de\",\"@id\":\"https:\\\/\\\/trendsandvision.nl\\\/de\\\/#\\\/schema\\\/logo\\\/image\\\/\",\"url\":\"https:\\\/\\\/trendsandvision.nl\\\/de\\\/wp-content\\\/uploads\\\/sites\\\/3\\\/2022\\\/04\\\/trends-and-vision-logo.jpg\",\"contentUrl\":\"https:\\\/\\\/trendsandvision.nl\\\/de\\\/wp-content\\\/uploads\\\/sites\\\/3\\\/2022\\\/04\\\/trends-and-vision-logo.jpg\",\"width\":213,\"height\":100,\"caption\":\"Trends &amp; Vision (DE)\"},\"image\":{\"@id\":\"https:\\\/\\\/trendsandvision.nl\\\/de\\\/#\\\/schema\\\/logo\\\/image\\\/\"}}]}<\/script>\n<!-- \/ Yoast SEO Premium plugin. -->","yoast_head_json":{"title":"Esschert Design Pflanzholz (W4006, 8714982058837) - Trends & Vision","description":"Esschert Design Pflanzholz: Gerade beim Setzen von kleinen Setzlingen oder Blumenzwiebeln in die Erde, ist es wichtig, dass Sie","robots":{"index":"index","follow":"follow","max-snippet":"max-snippet:-1","max-image-preview":"max-image-preview:large","max-video-preview":"max-video-preview:-1"},"canonical":"https:\/\/trendsandvision.nl\/de\/product\/esschert-design-pflanzholz\/","og_locale":"de_DE","og_type":"article","og_title":"Esschert Design Pflanzholz","og_description":"Esschert Design Pflanzholz: Gerade beim Setzen von kleinen Setzlingen oder Blumenzwiebeln in die Erde, ist es wichtig, dass Sie","og_url":"https:\/\/trendsandvision.nl\/de\/product\/esschert-design-pflanzholz\/","og_site_name":"Trends &amp; Vision (DE)","article_modified_time":"2026-04-07T08:53:36+00:00","og_image":[{"width":800,"height":800,"url":"https:\/\/trendsandvision.nl\/de\/wp-content\/uploads\/sites\/3\/2022\/04\/W4006_01.jpg","type":"image\/jpeg"}],"twitter_card":"summary_large_image","twitter_misc":{"Gesch\u00e4tzte Lesezeit":"2\u00a0Minuten"},"schema":{"@context":"https:\/\/schema.org","@graph":[{"@type":"WebPage","@id":"https:\/\/trendsandvision.nl\/de\/product\/esschert-design-pflanzholz\/","url":"https:\/\/trendsandvision.nl\/de\/product\/esschert-design-pflanzholz\/","name":"Esschert Design Pflanzholz (W4006, 8714982058837) - Trends & Vision","isPartOf":{"@id":"https:\/\/trendsandvision.nl\/de\/#website"},"primaryImageOfPage":{"@id":"https:\/\/trendsandvision.nl\/de\/product\/esschert-design-pflanzholz\/#primaryimage"},"image":{"@id":"https:\/\/trendsandvision.nl\/de\/product\/esschert-design-pflanzholz\/#primaryimage"},"thumbnailUrl":"https:\/\/trendsandvision.nl\/de\/wp-content\/uploads\/sites\/3\/2022\/04\/W4006_01.jpg","datePublished":"2022-04-22T21:54:06+00:00","dateModified":"2026-04-07T08:53:36+00:00","description":"Esschert Design Pflanzholz: Gerade beim Setzen von kleinen Setzlingen oder Blumenzwiebeln in die Erde, ist es wichtig, dass Sie","breadcrumb":{"@id":"https:\/\/trendsandvision.nl\/de\/product\/esschert-design-pflanzholz\/#breadcrumb"},"inLanguage":"de","potentialAction":[{"@type":"ReadAction","target":["https:\/\/trendsandvision.nl\/de\/product\/esschert-design-pflanzholz\/"]}]},{"@type":"ImageObject","inLanguage":"de","@id":"https:\/\/trendsandvision.nl\/de\/product\/esschert-design-pflanzholz\/#primaryimage","url":"https:\/\/trendsandvision.nl\/de\/wp-content\/uploads\/sites\/3\/2022\/04\/W4006_01.jpg","contentUrl":"https:\/\/trendsandvision.nl\/de\/wp-content\/uploads\/sites\/3\/2022\/04\/W4006_01.jpg","width":800,"height":800,"caption":"Esschert Design Pflanzholz (W4006"},{"@type":"BreadcrumbList","@id":"https:\/\/trendsandvision.nl\/de\/product\/esschert-design-pflanzholz\/#breadcrumb","itemListElement":[{"@type":"ListItem","position":1,"name":"Home","item":"https:\/\/trendsandvision.nl\/de\/"},{"@type":"ListItem","position":2,"name":"Gesch\u00e4ft","item":"https:\/\/trendsandvision.nl\/de\/geschaft\/"},{"@type":"ListItem","position":3,"name":"Esschert Design Pflanzholz"}]},{"@type":"WebSite","@id":"https:\/\/trendsandvision.nl\/de\/#website","url":"https:\/\/trendsandvision.nl\/de\/","name":"Trends &amp; Vision (DE)","description":"Der Webshop f\u00fcr Esschert Design Artikel","publisher":{"@id":"https:\/\/trendsandvision.nl\/de\/#organization"},"potentialAction":[{"@type":"SearchAction","target":{"@type":"EntryPoint","urlTemplate":"https:\/\/trendsandvision.nl\/de\/?s={search_term_string}"},"query-input":{"@type":"PropertyValueSpecification","valueRequired":true,"valueName":"search_term_string"}}],"inLanguage":"de"},{"@type":"Organization","@id":"https:\/\/trendsandvision.nl\/de\/#organization","name":"Trends &amp; Vision (DE)","url":"https:\/\/trendsandvision.nl\/de\/","logo":{"@type":"ImageObject","inLanguage":"de","@id":"https:\/\/trendsandvision.nl\/de\/#\/schema\/logo\/image\/","url":"https:\/\/trendsandvision.nl\/de\/wp-content\/uploads\/sites\/3\/2022\/04\/trends-and-vision-logo.jpg","contentUrl":"https:\/\/trendsandvision.nl\/de\/wp-content\/uploads\/sites\/3\/2022\/04\/trends-and-vision-logo.jpg","width":213,"height":100,"caption":"Trends &amp; Vision (DE)"},"image":{"@id":"https:\/\/trendsandvision.nl\/de\/#\/schema\/logo\/image\/"}}]}},"_links":{"self":[{"href":"https:\/\/trendsandvision.nl\/de\/wp-json\/wp\/v2\/product\/8903","targetHints":{"allow":["GET"]}}],"collection":[{"href":"https:\/\/trendsandvision.nl\/de\/wp-json\/wp\/v2\/product"}],"about":[{"href":"https:\/\/trendsandvision.nl\/de\/wp-json\/wp\/v2\/types\/product"}],"wp:featuredmedia":[{"embeddable":true,"href":"https:\/\/trendsandvision.nl\/de\/wp-json\/wp\/v2\/media\/8904"}],"wp:attachment":[{"href":"https:\/\/trendsandvision.nl\/de\/wp-json\/wp\/v2\/media?parent=8903"}],"wp:term":[{"taxonomy":"product_brand","embeddable":true,"href":"https:\/\/trendsandvision.nl\/de\/wp-json\/wp\/v2\/product_brand?post=8903"},{"taxonomy":"product_cat","embeddable":true,"href":"https:\/\/trendsandvision.nl\/de\/wp-json\/wp\/v2\/product_cat?post=8903"},{"taxonomy":"product_tag","embeddable":true,"href":"https:\/\/trendsandvision.nl\/de\/wp-json\/wp\/v2\/product_tag?post=8903"}],"curies":[{"name":"wp","href":"https:\/\/api.w.org\/{rel}","templated":true}]}}