{"id":8897,"date":"2022-04-22T23:54:06","date_gmt":"2022-04-22T21:54:06","guid":{"rendered":"https:\/\/trendsandvision.nl\/de\/product\/esschert-design-erntekorb-3-er-set\/"},"modified":"2026-04-07T10:53:35","modified_gmt":"2026-04-07T08:53:35","slug":"esschert-design-erntekorb-3-er-set","status":"publish","type":"product","link":"https:\/\/trendsandvision.nl\/de\/product\/esschert-design-erntekorb-3-er-set\/","title":{"rendered":"Esschert Design Erntekorb 3-er Set"},"content":{"rendered":"<p>K\u00f6rbe wie diese werden im Garten seit Jahrhunderten dazu verwendet um Kartoffeln, Zwiebeln, Gem\u00fcse, \u00c4pfel oder andere Obstsorten zu sammeln.<br \/>\nDar\u00fcber hinaus eignen Sie sich nat\u00fcrlich auch f\u00fcr viele andere Zwecke.<br \/>\nDank der offenen Struktur fallen Erde und sonstiger Schutz heraus und verursachen so kein zus\u00e4tzliches Gewicht.<br \/>\nDie beiden beweglich B\u00fcgelhenkel sind jeweils mit einem Holzgriff f\u00fcr einen extra Tragekomfort ausgestattet sodass das Mitnehmen und versetzen der K\u00f6rbe ganz einfach und problemlos geschehen kann.<br \/>\nDie drei K\u00f6rbe haben verschiedene Gr\u00f6\u00dfen und sind ineinander stapelbar wodurch sie platzsparend bis zum n\u00e4chsten Einsatz aufbewahrt werden k\u00f6nnen.<\/p>\n<p>&#8211; Set von 3 Gr\u00f6\u00dfen bewegliche Trageb\u00fcgel mit Holzgriffe<\/p>\n<p>Artikelname: Erntekorb 3-er Set<br \/>\nArtikelnummer W2026<br \/>\n3-er Set<br \/>\nProduktgruppe(n) Kultivierung, T\u00f6pfe und Gef\u00e4\u00dfe, Kisten, T\u00fcr&amp;Halle, T\u00fcrmatten, Kokosfaser<br \/>\nProduktabmessungen in cm L 46,5 x T 32 x H 21,5<br \/>\nMaterial Verzinktes Metall, Holz<br \/>\nNettogewicht 2,205 kg<br \/>\nBarcode 871498204695<\/p>\n","protected":false},"excerpt":{"rendered":"<p>Erntekorb 3-er Set<br \/>\nArtikelnummer W2026<br \/>\nL 46,5 x T 32 x H 21,5 cm<br \/>\nMaterial Verzinktes Metall, Holz<br \/>\nNettogewicht 2,205 kg<br \/>\nBarcode 871498204695<\/p>\n","protected":false},"featured_media":8898,"template":"","meta":[],"product_brand":[9597,9598],"product_cat":[751],"product_tag":[7963,8524,8134,6729],"class_list":{"0":"post-8897","1":"product","2":"type-product","3":"status-publish","4":"has-post-thumbnail","6":"product_brand-esschert-design","7":"product_brand-trends-and-vision","8":"product_cat-garden-tools","9":"product_tag-drahtkoerbe","10":"product_tag-erntekoerbe","11":"product_tag-koerbe","12":"product_tag-set","13":"pa_anbieter-esschert-design","14":"pa_ean-code-4975","15":"pa_material-metall-draht-und-holz","16":"pa_messungen-385x27-cm-42x315-cm-46x335-cm","18":"first","19":"instock","20":"sale","21":"taxable","22":"shipping-taxable","23":"purchasable","24":"product-type-simple","25":"czr-hentry"},"yoast_head":"<!-- This site is optimized with the Yoast SEO Premium plugin v26.4 (Yoast SEO v27.3) - https:\/\/yoast.com\/product\/yoast-seo-premium-wordpress\/ -->\n<title>Esschert Design Erntekorb 3-er Set (W2026, 8714982046957) - Trends &amp; Vision<\/title>\n<meta name=\"description\" content=\"Esschert Design Erntekorb 3-er Set: Harvest Baskets sind multifunktional und kann f\u00fcr verschiedene Zwecke verwendet werden. W\u00e4hrend Gart\" \/>\n<meta name=\"robots\" content=\"index, follow, max-snippet:-1, max-image-preview:large, max-video-preview:-1\" \/>\n<link rel=\"canonical\" href=\"https:\/\/trendsandvision.nl\/de\/product\/esschert-design-erntekorb-3-er-set\/\" \/>\n<meta property=\"og:locale\" content=\"de_DE\" \/>\n<meta property=\"og:type\" content=\"article\" \/>\n<meta property=\"og:title\" content=\"Esschert Design Erntekorb 3-er Set\" \/>\n<meta property=\"og:description\" content=\"Esschert Design Erntekorb 3-er Set: Harvest Baskets sind multifunktional und kann f\u00fcr verschiedene Zwecke verwendet werden. W\u00e4hrend Gart\" \/>\n<meta property=\"og:url\" content=\"https:\/\/trendsandvision.nl\/de\/product\/esschert-design-erntekorb-3-er-set\/\" \/>\n<meta property=\"og:site_name\" content=\"Trends &amp; Vision (DE)\" \/>\n<meta property=\"article:modified_time\" content=\"2026-04-07T08:53:35+00:00\" \/>\n<meta property=\"og:image\" content=\"https:\/\/trendsandvision.nl\/de\/wp-content\/uploads\/sites\/3\/2022\/04\/W2026_01.jpg\" \/>\n\t<meta property=\"og:image:width\" content=\"800\" \/>\n\t<meta property=\"og:image:height\" content=\"800\" \/>\n\t<meta property=\"og:image:type\" content=\"image\/jpeg\" \/>\n<meta name=\"twitter:card\" content=\"summary_large_image\" \/>\n<meta name=\"twitter:label1\" content=\"Gesch\u00e4tzte Lesezeit\" \/>\n\t<meta name=\"twitter:data1\" content=\"2\u00a0Minuten\" \/>\n<script type=\"application\/ld+json\" class=\"yoast-schema-graph\">{\"@context\":\"https:\\\/\\\/schema.org\",\"@graph\":[{\"@type\":\"WebPage\",\"@id\":\"https:\\\/\\\/trendsandvision.nl\\\/de\\\/product\\\/esschert-design-erntekorb-3-er-set\\\/\",\"url\":\"https:\\\/\\\/trendsandvision.nl\\\/de\\\/product\\\/esschert-design-erntekorb-3-er-set\\\/\",\"name\":\"Esschert Design Erntekorb 3-er Set (W2026, 8714982046957) - Trends & Vision\",\"isPartOf\":{\"@id\":\"https:\\\/\\\/trendsandvision.nl\\\/de\\\/#website\"},\"primaryImageOfPage\":{\"@id\":\"https:\\\/\\\/trendsandvision.nl\\\/de\\\/product\\\/esschert-design-erntekorb-3-er-set\\\/#primaryimage\"},\"image\":{\"@id\":\"https:\\\/\\\/trendsandvision.nl\\\/de\\\/product\\\/esschert-design-erntekorb-3-er-set\\\/#primaryimage\"},\"thumbnailUrl\":\"https:\\\/\\\/trendsandvision.nl\\\/de\\\/wp-content\\\/uploads\\\/sites\\\/3\\\/2022\\\/04\\\/W2026_01.jpg\",\"datePublished\":\"2022-04-22T21:54:06+00:00\",\"dateModified\":\"2026-04-07T08:53:35+00:00\",\"description\":\"Esschert Design Erntekorb 3-er Set: Harvest Baskets sind multifunktional und kann f\u00fcr verschiedene Zwecke verwendet werden. W\u00e4hrend Gart\",\"breadcrumb\":{\"@id\":\"https:\\\/\\\/trendsandvision.nl\\\/de\\\/product\\\/esschert-design-erntekorb-3-er-set\\\/#breadcrumb\"},\"inLanguage\":\"de\",\"potentialAction\":[{\"@type\":\"ReadAction\",\"target\":[\"https:\\\/\\\/trendsandvision.nl\\\/de\\\/product\\\/esschert-design-erntekorb-3-er-set\\\/\"]}]},{\"@type\":\"ImageObject\",\"inLanguage\":\"de\",\"@id\":\"https:\\\/\\\/trendsandvision.nl\\\/de\\\/product\\\/esschert-design-erntekorb-3-er-set\\\/#primaryimage\",\"url\":\"https:\\\/\\\/trendsandvision.nl\\\/de\\\/wp-content\\\/uploads\\\/sites\\\/3\\\/2022\\\/04\\\/W2026_01.jpg\",\"contentUrl\":\"https:\\\/\\\/trendsandvision.nl\\\/de\\\/wp-content\\\/uploads\\\/sites\\\/3\\\/2022\\\/04\\\/W2026_01.jpg\",\"width\":800,\"height\":800,\"caption\":\"Esschert Design Erntekorb 3-er Set (W2026\"},{\"@type\":\"BreadcrumbList\",\"@id\":\"https:\\\/\\\/trendsandvision.nl\\\/de\\\/product\\\/esschert-design-erntekorb-3-er-set\\\/#breadcrumb\",\"itemListElement\":[{\"@type\":\"ListItem\",\"position\":1,\"name\":\"Home\",\"item\":\"https:\\\/\\\/trendsandvision.nl\\\/de\\\/\"},{\"@type\":\"ListItem\",\"position\":2,\"name\":\"Gesch\u00e4ft\",\"item\":\"https:\\\/\\\/trendsandvision.nl\\\/de\\\/geschaft\\\/\"},{\"@type\":\"ListItem\",\"position\":3,\"name\":\"Esschert Design Erntekorb 3-er Set\"}]},{\"@type\":\"WebSite\",\"@id\":\"https:\\\/\\\/trendsandvision.nl\\\/de\\\/#website\",\"url\":\"https:\\\/\\\/trendsandvision.nl\\\/de\\\/\",\"name\":\"Trends &amp; Vision (DE)\",\"description\":\"Der Webshop f\u00fcr Esschert Design Artikel\",\"publisher\":{\"@id\":\"https:\\\/\\\/trendsandvision.nl\\\/de\\\/#organization\"},\"potentialAction\":[{\"@type\":\"SearchAction\",\"target\":{\"@type\":\"EntryPoint\",\"urlTemplate\":\"https:\\\/\\\/trendsandvision.nl\\\/de\\\/?s={search_term_string}\"},\"query-input\":{\"@type\":\"PropertyValueSpecification\",\"valueRequired\":true,\"valueName\":\"search_term_string\"}}],\"inLanguage\":\"de\"},{\"@type\":\"Organization\",\"@id\":\"https:\\\/\\\/trendsandvision.nl\\\/de\\\/#organization\",\"name\":\"Trends &amp; Vision (DE)\",\"url\":\"https:\\\/\\\/trendsandvision.nl\\\/de\\\/\",\"logo\":{\"@type\":\"ImageObject\",\"inLanguage\":\"de\",\"@id\":\"https:\\\/\\\/trendsandvision.nl\\\/de\\\/#\\\/schema\\\/logo\\\/image\\\/\",\"url\":\"https:\\\/\\\/trendsandvision.nl\\\/de\\\/wp-content\\\/uploads\\\/sites\\\/3\\\/2022\\\/04\\\/trends-and-vision-logo.jpg\",\"contentUrl\":\"https:\\\/\\\/trendsandvision.nl\\\/de\\\/wp-content\\\/uploads\\\/sites\\\/3\\\/2022\\\/04\\\/trends-and-vision-logo.jpg\",\"width\":213,\"height\":100,\"caption\":\"Trends &amp; Vision (DE)\"},\"image\":{\"@id\":\"https:\\\/\\\/trendsandvision.nl\\\/de\\\/#\\\/schema\\\/logo\\\/image\\\/\"}}]}<\/script>\n<!-- \/ Yoast SEO Premium plugin. -->","yoast_head_json":{"title":"Esschert Design Erntekorb 3-er Set (W2026, 8714982046957) - Trends & Vision","description":"Esschert Design Erntekorb 3-er Set: Harvest Baskets sind multifunktional und kann f\u00fcr verschiedene Zwecke verwendet werden. W\u00e4hrend Gart","robots":{"index":"index","follow":"follow","max-snippet":"max-snippet:-1","max-image-preview":"max-image-preview:large","max-video-preview":"max-video-preview:-1"},"canonical":"https:\/\/trendsandvision.nl\/de\/product\/esschert-design-erntekorb-3-er-set\/","og_locale":"de_DE","og_type":"article","og_title":"Esschert Design Erntekorb 3-er Set","og_description":"Esschert Design Erntekorb 3-er Set: Harvest Baskets sind multifunktional und kann f\u00fcr verschiedene Zwecke verwendet werden. W\u00e4hrend Gart","og_url":"https:\/\/trendsandvision.nl\/de\/product\/esschert-design-erntekorb-3-er-set\/","og_site_name":"Trends &amp; Vision (DE)","article_modified_time":"2026-04-07T08:53:35+00:00","og_image":[{"width":800,"height":800,"url":"https:\/\/trendsandvision.nl\/de\/wp-content\/uploads\/sites\/3\/2022\/04\/W2026_01.jpg","type":"image\/jpeg"}],"twitter_card":"summary_large_image","twitter_misc":{"Gesch\u00e4tzte Lesezeit":"2\u00a0Minuten"},"schema":{"@context":"https:\/\/schema.org","@graph":[{"@type":"WebPage","@id":"https:\/\/trendsandvision.nl\/de\/product\/esschert-design-erntekorb-3-er-set\/","url":"https:\/\/trendsandvision.nl\/de\/product\/esschert-design-erntekorb-3-er-set\/","name":"Esschert Design Erntekorb 3-er Set (W2026, 8714982046957) - Trends & Vision","isPartOf":{"@id":"https:\/\/trendsandvision.nl\/de\/#website"},"primaryImageOfPage":{"@id":"https:\/\/trendsandvision.nl\/de\/product\/esschert-design-erntekorb-3-er-set\/#primaryimage"},"image":{"@id":"https:\/\/trendsandvision.nl\/de\/product\/esschert-design-erntekorb-3-er-set\/#primaryimage"},"thumbnailUrl":"https:\/\/trendsandvision.nl\/de\/wp-content\/uploads\/sites\/3\/2022\/04\/W2026_01.jpg","datePublished":"2022-04-22T21:54:06+00:00","dateModified":"2026-04-07T08:53:35+00:00","description":"Esschert Design Erntekorb 3-er Set: Harvest Baskets sind multifunktional und kann f\u00fcr verschiedene Zwecke verwendet werden. W\u00e4hrend Gart","breadcrumb":{"@id":"https:\/\/trendsandvision.nl\/de\/product\/esschert-design-erntekorb-3-er-set\/#breadcrumb"},"inLanguage":"de","potentialAction":[{"@type":"ReadAction","target":["https:\/\/trendsandvision.nl\/de\/product\/esschert-design-erntekorb-3-er-set\/"]}]},{"@type":"ImageObject","inLanguage":"de","@id":"https:\/\/trendsandvision.nl\/de\/product\/esschert-design-erntekorb-3-er-set\/#primaryimage","url":"https:\/\/trendsandvision.nl\/de\/wp-content\/uploads\/sites\/3\/2022\/04\/W2026_01.jpg","contentUrl":"https:\/\/trendsandvision.nl\/de\/wp-content\/uploads\/sites\/3\/2022\/04\/W2026_01.jpg","width":800,"height":800,"caption":"Esschert Design Erntekorb 3-er Set (W2026"},{"@type":"BreadcrumbList","@id":"https:\/\/trendsandvision.nl\/de\/product\/esschert-design-erntekorb-3-er-set\/#breadcrumb","itemListElement":[{"@type":"ListItem","position":1,"name":"Home","item":"https:\/\/trendsandvision.nl\/de\/"},{"@type":"ListItem","position":2,"name":"Gesch\u00e4ft","item":"https:\/\/trendsandvision.nl\/de\/geschaft\/"},{"@type":"ListItem","position":3,"name":"Esschert Design Erntekorb 3-er Set"}]},{"@type":"WebSite","@id":"https:\/\/trendsandvision.nl\/de\/#website","url":"https:\/\/trendsandvision.nl\/de\/","name":"Trends &amp; Vision (DE)","description":"Der Webshop f\u00fcr Esschert Design Artikel","publisher":{"@id":"https:\/\/trendsandvision.nl\/de\/#organization"},"potentialAction":[{"@type":"SearchAction","target":{"@type":"EntryPoint","urlTemplate":"https:\/\/trendsandvision.nl\/de\/?s={search_term_string}"},"query-input":{"@type":"PropertyValueSpecification","valueRequired":true,"valueName":"search_term_string"}}],"inLanguage":"de"},{"@type":"Organization","@id":"https:\/\/trendsandvision.nl\/de\/#organization","name":"Trends &amp; Vision (DE)","url":"https:\/\/trendsandvision.nl\/de\/","logo":{"@type":"ImageObject","inLanguage":"de","@id":"https:\/\/trendsandvision.nl\/de\/#\/schema\/logo\/image\/","url":"https:\/\/trendsandvision.nl\/de\/wp-content\/uploads\/sites\/3\/2022\/04\/trends-and-vision-logo.jpg","contentUrl":"https:\/\/trendsandvision.nl\/de\/wp-content\/uploads\/sites\/3\/2022\/04\/trends-and-vision-logo.jpg","width":213,"height":100,"caption":"Trends &amp; Vision (DE)"},"image":{"@id":"https:\/\/trendsandvision.nl\/de\/#\/schema\/logo\/image\/"}}]}},"_links":{"self":[{"href":"https:\/\/trendsandvision.nl\/de\/wp-json\/wp\/v2\/product\/8897","targetHints":{"allow":["GET"]}}],"collection":[{"href":"https:\/\/trendsandvision.nl\/de\/wp-json\/wp\/v2\/product"}],"about":[{"href":"https:\/\/trendsandvision.nl\/de\/wp-json\/wp\/v2\/types\/product"}],"wp:featuredmedia":[{"embeddable":true,"href":"https:\/\/trendsandvision.nl\/de\/wp-json\/wp\/v2\/media\/8898"}],"wp:attachment":[{"href":"https:\/\/trendsandvision.nl\/de\/wp-json\/wp\/v2\/media?parent=8897"}],"wp:term":[{"taxonomy":"product_brand","embeddable":true,"href":"https:\/\/trendsandvision.nl\/de\/wp-json\/wp\/v2\/product_brand?post=8897"},{"taxonomy":"product_cat","embeddable":true,"href":"https:\/\/trendsandvision.nl\/de\/wp-json\/wp\/v2\/product_cat?post=8897"},{"taxonomy":"product_tag","embeddable":true,"href":"https:\/\/trendsandvision.nl\/de\/wp-json\/wp\/v2\/product_tag?post=8897"}],"curies":[{"name":"wp","href":"https:\/\/api.w.org\/{rel}","templated":true}]}}