{"id":8891,"date":"2022-04-22T23:53:44","date_gmt":"2022-04-22T21:53:44","guid":{"rendered":"https:\/\/trendsandvision.nl\/de\/product\/esschert-design-giesskanne-fuer-zimmerpflanzen-15-l\/"},"modified":"2026-04-07T10:53:34","modified_gmt":"2026-04-07T08:53:34","slug":"esschert-design-giesskanne-fuer-zimmerpflanzen-15-l","status":"publish","type":"product","link":"https:\/\/trendsandvision.nl\/de\/product\/esschert-design-giesskanne-fuer-zimmerpflanzen-15-l\/","title":{"rendered":"Esschert Design Gie\u00dfkanne f\u00fcr Zimmerpflanzen  1,5 L"},"content":{"rendered":"<p>Pflanzen brauchen regelm\u00e4\u00dfig Wasser. Dank der langen und schmalen T\u00fclle dieser nostalgischen, franz\u00f6sischen Gie\u00dfkanne ist es m\u00f6glich, vor allem Zimmerpflanzen mit einem ganz gezielten und gerichtet Wasserstrahl zugie\u00dfen.<br \/>\nDie herauskommende Wassermenge l\u00e4sst sich dadurch regulieren, dass der Griff weiter vorne oder hinten festgehalten wird. Dar\u00fcber hinaus verf\u00fcgt die Gie\u00dfkanne \u00fcber eine gro\u00dfe \u00d6ffnung an der Oberseite f\u00fcr ein einfaches bef\u00fcllen mit Wasser.<\/p>\n<p>&#8211; gezieltes und dosierter W\u00e4ssern<br \/>\n&#8211; Ergonomischer Griff<br \/>\n&#8211; f\u00fcr Innen- und Au\u00dfen<\/p>\n<p>Artikelname: Gie\u00dfkanne f\u00fcr Zimmerpflanzen<br \/>\nArtikelnummer W2023<br \/>\nProduktgruppe(n) Garten&amp;Terrasse, Gartenger\u00e4te, Gie\u00dfkannen und Spr\u00fchger\u00e4te, Indoor, Sonstiges, Zimmergie\u00dfkannen<br \/>\nProduktabmessungen in cm L 41,1 x T 11,1 x H 21,2<br \/>\nVolumen in Litern 1,6<br \/>\nMaterial Zink<br \/>\nNettogewicht 0,306 kg<br \/>\nBarcode 8714982046742<\/p>\n","protected":false},"excerpt":{"rendered":"<p>Gie\u00dfkanne f\u00fcr Zimmerpflanzen<br \/>\nArtikelnummer W2023<br \/>\nL 41,1 x T 11,1 x H 21,2 cm<br \/>\nVolumen in Litern 1,6<br \/>\nMaterial Zink<br \/>\nNettogewicht 0,306 kg<br \/>\nBarcode 8714982046742<\/p>\n","protected":false},"featured_media":8892,"template":"","meta":[],"product_brand":[9597,9598],"product_cat":[503],"product_tag":[6786,6990,6890,8092],"class_list":{"0":"post-8891","1":"product","2":"type-product","3":"status-publish","4":"has-post-thumbnail","6":"product_brand-esschert-design","7":"product_brand-trends-and-vision","8":"product_cat-esscherts-garden","9":"product_tag-giesskannen","10":"product_tag-indoor","11":"product_tag-spruehgeraete","12":"product_tag-zink","13":"pa_anbieter-esschert-design","14":"pa_ean-code-4970","15":"pa_material-zink","16":"pa_messungen-625x21x295-cm","18":"first","19":"instock","20":"sale","21":"taxable","22":"shipping-taxable","23":"purchasable","24":"product-type-simple","25":"czr-hentry"},"yoast_head":"<!-- This site is optimized with the Yoast SEO Premium plugin v26.4 (Yoast SEO v27.4) - https:\/\/yoast.com\/product\/yoast-seo-premium-wordpress\/ -->\n<title>Esschert Design Gie\u00dfkanne f\u00fcr Zimmerpflanzen 1,5 L (W2023, 8714982046742) - Trends &amp; Vision<\/title>\n<meta name=\"description\" content=\"Esschert Design Gie\u00dfkanne f\u00fcr Zimmerpflanzen 1,5 L: Diese Gie\u00dfkanne ist mit einem feinen Strahl zu gie\u00dfen konzipiert. Sie k\u00f6nnen jetzt Bew\u00e4sserung von P\" \/>\n<meta name=\"robots\" content=\"index, follow, max-snippet:-1, max-image-preview:large, max-video-preview:-1\" \/>\n<link rel=\"canonical\" href=\"https:\/\/trendsandvision.nl\/de\/product\/esschert-design-giesskanne-fuer-zimmerpflanzen-15-l\/\" \/>\n<meta property=\"og:locale\" content=\"de_DE\" \/>\n<meta property=\"og:type\" content=\"article\" \/>\n<meta property=\"og:title\" content=\"Esschert Design Gie\u00dfkanne f\u00fcr Zimmerpflanzen 1,5 L\" \/>\n<meta property=\"og:description\" content=\"Esschert Design Gie\u00dfkanne f\u00fcr Zimmerpflanzen 1,5 L: Diese Gie\u00dfkanne ist mit einem feinen Strahl zu gie\u00dfen konzipiert. Sie k\u00f6nnen jetzt Bew\u00e4sserung von P\" \/>\n<meta property=\"og:url\" content=\"https:\/\/trendsandvision.nl\/de\/product\/esschert-design-giesskanne-fuer-zimmerpflanzen-15-l\/\" \/>\n<meta property=\"og:site_name\" content=\"Trends &amp; Vision (DE)\" \/>\n<meta property=\"article:modified_time\" content=\"2026-04-07T08:53:34+00:00\" \/>\n<meta property=\"og:image\" content=\"https:\/\/trendsandvision.nl\/de\/wp-content\/uploads\/sites\/3\/2022\/04\/W2023_01.jpg\" \/>\n\t<meta property=\"og:image:width\" content=\"800\" \/>\n\t<meta property=\"og:image:height\" content=\"800\" \/>\n\t<meta property=\"og:image:type\" content=\"image\/jpeg\" \/>\n<meta name=\"twitter:card\" content=\"summary_large_image\" \/>\n<meta name=\"twitter:label1\" content=\"Gesch\u00e4tzte Lesezeit\" \/>\n\t<meta name=\"twitter:data1\" content=\"1\u00a0Minute\" \/>\n<script type=\"application\/ld+json\" class=\"yoast-schema-graph\">{\"@context\":\"https:\\\/\\\/schema.org\",\"@graph\":[{\"@type\":\"WebPage\",\"@id\":\"https:\\\/\\\/trendsandvision.nl\\\/de\\\/product\\\/esschert-design-giesskanne-fuer-zimmerpflanzen-15-l\\\/\",\"url\":\"https:\\\/\\\/trendsandvision.nl\\\/de\\\/product\\\/esschert-design-giesskanne-fuer-zimmerpflanzen-15-l\\\/\",\"name\":\"Esschert Design Gie\u00dfkanne f\u00fcr Zimmerpflanzen 1,5 L (W2023, 8714982046742) - Trends & Vision\",\"isPartOf\":{\"@id\":\"https:\\\/\\\/trendsandvision.nl\\\/de\\\/#website\"},\"primaryImageOfPage\":{\"@id\":\"https:\\\/\\\/trendsandvision.nl\\\/de\\\/product\\\/esschert-design-giesskanne-fuer-zimmerpflanzen-15-l\\\/#primaryimage\"},\"image\":{\"@id\":\"https:\\\/\\\/trendsandvision.nl\\\/de\\\/product\\\/esschert-design-giesskanne-fuer-zimmerpflanzen-15-l\\\/#primaryimage\"},\"thumbnailUrl\":\"https:\\\/\\\/trendsandvision.nl\\\/de\\\/wp-content\\\/uploads\\\/sites\\\/3\\\/2022\\\/04\\\/W2023_01.jpg\",\"datePublished\":\"2022-04-22T21:53:44+00:00\",\"dateModified\":\"2026-04-07T08:53:34+00:00\",\"description\":\"Esschert Design Gie\u00dfkanne f\u00fcr Zimmerpflanzen 1,5 L: Diese Gie\u00dfkanne ist mit einem feinen Strahl zu gie\u00dfen konzipiert. Sie k\u00f6nnen jetzt Bew\u00e4sserung von P\",\"breadcrumb\":{\"@id\":\"https:\\\/\\\/trendsandvision.nl\\\/de\\\/product\\\/esschert-design-giesskanne-fuer-zimmerpflanzen-15-l\\\/#breadcrumb\"},\"inLanguage\":\"de\",\"potentialAction\":[{\"@type\":\"ReadAction\",\"target\":[\"https:\\\/\\\/trendsandvision.nl\\\/de\\\/product\\\/esschert-design-giesskanne-fuer-zimmerpflanzen-15-l\\\/\"]}]},{\"@type\":\"ImageObject\",\"inLanguage\":\"de\",\"@id\":\"https:\\\/\\\/trendsandvision.nl\\\/de\\\/product\\\/esschert-design-giesskanne-fuer-zimmerpflanzen-15-l\\\/#primaryimage\",\"url\":\"https:\\\/\\\/trendsandvision.nl\\\/de\\\/wp-content\\\/uploads\\\/sites\\\/3\\\/2022\\\/04\\\/W2023_01.jpg\",\"contentUrl\":\"https:\\\/\\\/trendsandvision.nl\\\/de\\\/wp-content\\\/uploads\\\/sites\\\/3\\\/2022\\\/04\\\/W2023_01.jpg\",\"width\":800,\"height\":800,\"caption\":\"Esschert Design Gie\u00dfkanne f\u00fcr Zimmerpflanzen 1\"},{\"@type\":\"BreadcrumbList\",\"@id\":\"https:\\\/\\\/trendsandvision.nl\\\/de\\\/product\\\/esschert-design-giesskanne-fuer-zimmerpflanzen-15-l\\\/#breadcrumb\",\"itemListElement\":[{\"@type\":\"ListItem\",\"position\":1,\"name\":\"Home\",\"item\":\"https:\\\/\\\/trendsandvision.nl\\\/de\\\/\"},{\"@type\":\"ListItem\",\"position\":2,\"name\":\"Gesch\u00e4ft\",\"item\":\"https:\\\/\\\/trendsandvision.nl\\\/de\\\/geschaft\\\/\"},{\"@type\":\"ListItem\",\"position\":3,\"name\":\"Esschert Design Gie\u00dfkanne f\u00fcr Zimmerpflanzen 1,5 L\"}]},{\"@type\":\"WebSite\",\"@id\":\"https:\\\/\\\/trendsandvision.nl\\\/de\\\/#website\",\"url\":\"https:\\\/\\\/trendsandvision.nl\\\/de\\\/\",\"name\":\"Trends &amp; Vision (DE)\",\"description\":\"Der Webshop f\u00fcr Esschert Design Artikel\",\"publisher\":{\"@id\":\"https:\\\/\\\/trendsandvision.nl\\\/de\\\/#organization\"},\"potentialAction\":[{\"@type\":\"SearchAction\",\"target\":{\"@type\":\"EntryPoint\",\"urlTemplate\":\"https:\\\/\\\/trendsandvision.nl\\\/de\\\/?s={search_term_string}\"},\"query-input\":{\"@type\":\"PropertyValueSpecification\",\"valueRequired\":true,\"valueName\":\"search_term_string\"}}],\"inLanguage\":\"de\"},{\"@type\":\"Organization\",\"@id\":\"https:\\\/\\\/trendsandvision.nl\\\/de\\\/#organization\",\"name\":\"Trends &amp; Vision (DE)\",\"url\":\"https:\\\/\\\/trendsandvision.nl\\\/de\\\/\",\"logo\":{\"@type\":\"ImageObject\",\"inLanguage\":\"de\",\"@id\":\"https:\\\/\\\/trendsandvision.nl\\\/de\\\/#\\\/schema\\\/logo\\\/image\\\/\",\"url\":\"https:\\\/\\\/trendsandvision.nl\\\/de\\\/wp-content\\\/uploads\\\/sites\\\/3\\\/2022\\\/04\\\/trends-and-vision-logo.jpg\",\"contentUrl\":\"https:\\\/\\\/trendsandvision.nl\\\/de\\\/wp-content\\\/uploads\\\/sites\\\/3\\\/2022\\\/04\\\/trends-and-vision-logo.jpg\",\"width\":213,\"height\":100,\"caption\":\"Trends &amp; Vision (DE)\"},\"image\":{\"@id\":\"https:\\\/\\\/trendsandvision.nl\\\/de\\\/#\\\/schema\\\/logo\\\/image\\\/\"}}]}<\/script>\n<!-- \/ Yoast SEO Premium plugin. -->","yoast_head_json":{"title":"Esschert Design Gie\u00dfkanne f\u00fcr Zimmerpflanzen 1,5 L (W2023, 8714982046742) - Trends & Vision","description":"Esschert Design Gie\u00dfkanne f\u00fcr Zimmerpflanzen 1,5 L: Diese Gie\u00dfkanne ist mit einem feinen Strahl zu gie\u00dfen konzipiert. Sie k\u00f6nnen jetzt Bew\u00e4sserung von P","robots":{"index":"index","follow":"follow","max-snippet":"max-snippet:-1","max-image-preview":"max-image-preview:large","max-video-preview":"max-video-preview:-1"},"canonical":"https:\/\/trendsandvision.nl\/de\/product\/esschert-design-giesskanne-fuer-zimmerpflanzen-15-l\/","og_locale":"de_DE","og_type":"article","og_title":"Esschert Design Gie\u00dfkanne f\u00fcr Zimmerpflanzen 1,5 L","og_description":"Esschert Design Gie\u00dfkanne f\u00fcr Zimmerpflanzen 1,5 L: Diese Gie\u00dfkanne ist mit einem feinen Strahl zu gie\u00dfen konzipiert. Sie k\u00f6nnen jetzt Bew\u00e4sserung von P","og_url":"https:\/\/trendsandvision.nl\/de\/product\/esschert-design-giesskanne-fuer-zimmerpflanzen-15-l\/","og_site_name":"Trends &amp; Vision (DE)","article_modified_time":"2026-04-07T08:53:34+00:00","og_image":[{"width":800,"height":800,"url":"https:\/\/trendsandvision.nl\/de\/wp-content\/uploads\/sites\/3\/2022\/04\/W2023_01.jpg","type":"image\/jpeg"}],"twitter_card":"summary_large_image","twitter_misc":{"Gesch\u00e4tzte Lesezeit":"1\u00a0Minute"},"schema":{"@context":"https:\/\/schema.org","@graph":[{"@type":"WebPage","@id":"https:\/\/trendsandvision.nl\/de\/product\/esschert-design-giesskanne-fuer-zimmerpflanzen-15-l\/","url":"https:\/\/trendsandvision.nl\/de\/product\/esschert-design-giesskanne-fuer-zimmerpflanzen-15-l\/","name":"Esschert Design Gie\u00dfkanne f\u00fcr Zimmerpflanzen 1,5 L (W2023, 8714982046742) - Trends & Vision","isPartOf":{"@id":"https:\/\/trendsandvision.nl\/de\/#website"},"primaryImageOfPage":{"@id":"https:\/\/trendsandvision.nl\/de\/product\/esschert-design-giesskanne-fuer-zimmerpflanzen-15-l\/#primaryimage"},"image":{"@id":"https:\/\/trendsandvision.nl\/de\/product\/esschert-design-giesskanne-fuer-zimmerpflanzen-15-l\/#primaryimage"},"thumbnailUrl":"https:\/\/trendsandvision.nl\/de\/wp-content\/uploads\/sites\/3\/2022\/04\/W2023_01.jpg","datePublished":"2022-04-22T21:53:44+00:00","dateModified":"2026-04-07T08:53:34+00:00","description":"Esschert Design Gie\u00dfkanne f\u00fcr Zimmerpflanzen 1,5 L: Diese Gie\u00dfkanne ist mit einem feinen Strahl zu gie\u00dfen konzipiert. Sie k\u00f6nnen jetzt Bew\u00e4sserung von P","breadcrumb":{"@id":"https:\/\/trendsandvision.nl\/de\/product\/esschert-design-giesskanne-fuer-zimmerpflanzen-15-l\/#breadcrumb"},"inLanguage":"de","potentialAction":[{"@type":"ReadAction","target":["https:\/\/trendsandvision.nl\/de\/product\/esschert-design-giesskanne-fuer-zimmerpflanzen-15-l\/"]}]},{"@type":"ImageObject","inLanguage":"de","@id":"https:\/\/trendsandvision.nl\/de\/product\/esschert-design-giesskanne-fuer-zimmerpflanzen-15-l\/#primaryimage","url":"https:\/\/trendsandvision.nl\/de\/wp-content\/uploads\/sites\/3\/2022\/04\/W2023_01.jpg","contentUrl":"https:\/\/trendsandvision.nl\/de\/wp-content\/uploads\/sites\/3\/2022\/04\/W2023_01.jpg","width":800,"height":800,"caption":"Esschert Design Gie\u00dfkanne f\u00fcr Zimmerpflanzen 1"},{"@type":"BreadcrumbList","@id":"https:\/\/trendsandvision.nl\/de\/product\/esschert-design-giesskanne-fuer-zimmerpflanzen-15-l\/#breadcrumb","itemListElement":[{"@type":"ListItem","position":1,"name":"Home","item":"https:\/\/trendsandvision.nl\/de\/"},{"@type":"ListItem","position":2,"name":"Gesch\u00e4ft","item":"https:\/\/trendsandvision.nl\/de\/geschaft\/"},{"@type":"ListItem","position":3,"name":"Esschert Design Gie\u00dfkanne f\u00fcr Zimmerpflanzen 1,5 L"}]},{"@type":"WebSite","@id":"https:\/\/trendsandvision.nl\/de\/#website","url":"https:\/\/trendsandvision.nl\/de\/","name":"Trends &amp; Vision (DE)","description":"Der Webshop f\u00fcr Esschert Design Artikel","publisher":{"@id":"https:\/\/trendsandvision.nl\/de\/#organization"},"potentialAction":[{"@type":"SearchAction","target":{"@type":"EntryPoint","urlTemplate":"https:\/\/trendsandvision.nl\/de\/?s={search_term_string}"},"query-input":{"@type":"PropertyValueSpecification","valueRequired":true,"valueName":"search_term_string"}}],"inLanguage":"de"},{"@type":"Organization","@id":"https:\/\/trendsandvision.nl\/de\/#organization","name":"Trends &amp; Vision (DE)","url":"https:\/\/trendsandvision.nl\/de\/","logo":{"@type":"ImageObject","inLanguage":"de","@id":"https:\/\/trendsandvision.nl\/de\/#\/schema\/logo\/image\/","url":"https:\/\/trendsandvision.nl\/de\/wp-content\/uploads\/sites\/3\/2022\/04\/trends-and-vision-logo.jpg","contentUrl":"https:\/\/trendsandvision.nl\/de\/wp-content\/uploads\/sites\/3\/2022\/04\/trends-and-vision-logo.jpg","width":213,"height":100,"caption":"Trends &amp; Vision (DE)"},"image":{"@id":"https:\/\/trendsandvision.nl\/de\/#\/schema\/logo\/image\/"}}]}},"_links":{"self":[{"href":"https:\/\/trendsandvision.nl\/de\/wp-json\/wp\/v2\/product\/8891","targetHints":{"allow":["GET"]}}],"collection":[{"href":"https:\/\/trendsandvision.nl\/de\/wp-json\/wp\/v2\/product"}],"about":[{"href":"https:\/\/trendsandvision.nl\/de\/wp-json\/wp\/v2\/types\/product"}],"wp:featuredmedia":[{"embeddable":true,"href":"https:\/\/trendsandvision.nl\/de\/wp-json\/wp\/v2\/media\/8892"}],"wp:attachment":[{"href":"https:\/\/trendsandvision.nl\/de\/wp-json\/wp\/v2\/media?parent=8891"}],"wp:term":[{"taxonomy":"product_brand","embeddable":true,"href":"https:\/\/trendsandvision.nl\/de\/wp-json\/wp\/v2\/product_brand?post=8891"},{"taxonomy":"product_cat","embeddable":true,"href":"https:\/\/trendsandvision.nl\/de\/wp-json\/wp\/v2\/product_cat?post=8891"},{"taxonomy":"product_tag","embeddable":true,"href":"https:\/\/trendsandvision.nl\/de\/wp-json\/wp\/v2\/product_tag?post=8891"}],"curies":[{"name":"wp","href":"https:\/\/api.w.org\/{rel}","templated":true}]}}