{"id":8685,"date":"2022-04-22T23:47:32","date_gmt":"2022-04-22T21:47:32","guid":{"rendered":"https:\/\/trendsandvision.nl\/de\/product\/esschert-design-gewachste-canvas-tasche-s-sort\/"},"modified":"2026-02-04T00:48:11","modified_gmt":"2026-02-03T23:48:11","slug":"esschert-design-gewachste-canvas-tasche-s-farbwahl","status":"publish","type":"product","link":"https:\/\/trendsandvision.nl\/de\/product\/esschert-design-gewachste-canvas-tasche-s-farbwahl\/","title":{"rendered":"Esschert Design Gewachste Canvas Tasche S Farbwahl"},"content":{"rendered":"<p>Gewachster Canvas ist einer der \u00e4ltesten Stoffe der Welt. Der Ursprung der Wachsstoffe findet sich im 15. Jahrhundert, als \u00d6l und Fett dazu verwendet wurden, die Plane wasser- und winddicht zu machen.<br \/>\nAus diesem wasserabweisenden Canvas wurde auch Kleidung produziert, die von Seeleuten und Fischern getragen wurde.<br \/>\nEr erfreute sich aufgrund seiner Haltbarkeit und Festigkeit gro\u00dfer Beliebtheit.<br \/>\nDiese robuste Einkaufstasche ist gro\u00df genug f\u00fcr Lebensmittel.<\/p>\n<p>Artikelname: Gewachste Canvas Tasche S<br \/>\nArtikelnummer TP371<br \/>\nFarbwahl\/preis pro st\u00fcck<br \/>\nProduktgruppe(n) Kultivierung, T\u00f6pfe und Gef\u00e4\u00dfe, Gew\u00e4chstaschen, Taschen&amp;Schirme, Taschen, Sonstiges<br \/>\nProduktabmessungen in cm L 25 x T 9,2 x H 34,5<br \/>\nMaterial Gewachster Canvas ( 75% Baumwolle, 15% Polyester, 10% Parafin)<br \/>\nNettogewicht 0,175 kg<br \/>\nBarcode 8714982185366<\/p>\n<p>&#8211; stilvoll und robust<br \/>\n&#8211; stark und langlebig<br \/>\n&#8211; ger\u00e4umig genug f\u00fcr Lebensmittel<br \/>\n&#8211; Laufe der Zeit eine sch\u00f6ne Patina<\/p>\n","protected":false},"excerpt":{"rendered":"<p>&#8211; Gewachste Canvas Tasche S<br \/>\n&#8211; Artikelnummer TP371<br \/>\n&#8211; Farbwahl\/preis pro st\u00fcck<br \/>\n&#8211; L 25 x T 9,2 x H 34,5 cm<br \/>\n&#8211; Gewachster Canvas<br \/>\n&#8211; Nettogewicht 0,175 kg<br \/>\n&#8211; Barcode 8714982185366<br \/>\n&#8211; stilvoll und robust<br \/>\n&#8211; stark und langlebig<br \/>\n&#8211; ger\u00e4umig genug f\u00fcr Lebensmittel<br \/>\n&#8211; Laufe der Zeit eine sch\u00f6ne Patina<\/p>\n","protected":false},"featured_media":8686,"template":"","meta":[],"product_brand":[9597,9598],"product_cat":[820],"product_tag":[8245,7532,6945,7290],"class_list":{"0":"post-8685","1":"product","2":"type-product","3":"status-publish","4":"has-post-thumbnail","6":"product_brand-esschert-design","7":"product_brand-trends-and-vision","8":"product_cat-nature-print","9":"product_tag-canvas","10":"product_tag-taschen","11":"product_tag-wahl","12":"product_tag-wiederverwendbar","13":"pa_anbieter-esschert-design","14":"pa_ean-code-4833","15":"pa_messungen-250x92x345-cm","17":"first","18":"outofstock","19":"sale","20":"taxable","21":"shipping-taxable","22":"purchasable","23":"product-type-simple","24":"czr-hentry"},"yoast_head":"<!-- This site is optimized with the Yoast SEO Premium plugin v26.4 (Yoast SEO v27.3) - https:\/\/yoast.com\/product\/yoast-seo-premium-wordpress\/ -->\n<title>Esschert Design Gewachste Canvas Tasche S sort. (TP371, 8714982185366) - Trends &amp; Vision<\/title>\n<meta name=\"description\" content=\"Esschert Design Gewachste Canvas Tasche S sort.: Gewachste Canvas Tasche S sort.\" \/>\n<meta name=\"robots\" content=\"index, follow, max-snippet:-1, max-image-preview:large, max-video-preview:-1\" \/>\n<link rel=\"canonical\" href=\"https:\/\/trendsandvision.nl\/de\/product\/esschert-design-gewachste-canvas-tasche-s-farbwahl\/\" \/>\n<meta property=\"og:locale\" content=\"de_DE\" \/>\n<meta property=\"og:type\" content=\"article\" \/>\n<meta property=\"og:title\" content=\"Esschert Design Gewachste Canvas Tasche S Farbwahl\" \/>\n<meta property=\"og:description\" content=\"Esschert Design Gewachste Canvas Tasche S sort.: Gewachste Canvas Tasche S sort.\" \/>\n<meta property=\"og:url\" content=\"https:\/\/trendsandvision.nl\/de\/product\/esschert-design-gewachste-canvas-tasche-s-farbwahl\/\" \/>\n<meta property=\"og:site_name\" content=\"Trends &amp; Vision (DE)\" \/>\n<meta property=\"article:modified_time\" content=\"2026-02-03T23:48:11+00:00\" \/>\n<meta property=\"og:image\" content=\"https:\/\/trendsandvision.nl\/de\/wp-content\/uploads\/sites\/3\/2022\/04\/TP371_02.jpg\" \/>\n\t<meta property=\"og:image:width\" content=\"800\" \/>\n\t<meta property=\"og:image:height\" content=\"800\" \/>\n\t<meta property=\"og:image:type\" content=\"image\/jpeg\" \/>\n<meta name=\"twitter:card\" content=\"summary_large_image\" \/>\n<meta name=\"twitter:label1\" content=\"Gesch\u00e4tzte Lesezeit\" \/>\n\t<meta name=\"twitter:data1\" content=\"1\u00a0Minute\" \/>\n<script type=\"application\/ld+json\" class=\"yoast-schema-graph\">{\"@context\":\"https:\\\/\\\/schema.org\",\"@graph\":[{\"@type\":\"WebPage\",\"@id\":\"https:\\\/\\\/trendsandvision.nl\\\/de\\\/product\\\/esschert-design-gewachste-canvas-tasche-s-farbwahl\\\/\",\"url\":\"https:\\\/\\\/trendsandvision.nl\\\/de\\\/product\\\/esschert-design-gewachste-canvas-tasche-s-farbwahl\\\/\",\"name\":\"Esschert Design Gewachste Canvas Tasche S sort. (TP371, 8714982185366) - Trends & Vision\",\"isPartOf\":{\"@id\":\"https:\\\/\\\/trendsandvision.nl\\\/de\\\/#website\"},\"primaryImageOfPage\":{\"@id\":\"https:\\\/\\\/trendsandvision.nl\\\/de\\\/product\\\/esschert-design-gewachste-canvas-tasche-s-farbwahl\\\/#primaryimage\"},\"image\":{\"@id\":\"https:\\\/\\\/trendsandvision.nl\\\/de\\\/product\\\/esschert-design-gewachste-canvas-tasche-s-farbwahl\\\/#primaryimage\"},\"thumbnailUrl\":\"https:\\\/\\\/trendsandvision.nl\\\/de\\\/wp-content\\\/uploads\\\/sites\\\/3\\\/2022\\\/04\\\/TP371_02.jpg\",\"datePublished\":\"2022-04-22T21:47:32+00:00\",\"dateModified\":\"2026-02-03T23:48:11+00:00\",\"description\":\"Esschert Design Gewachste Canvas Tasche S sort.: Gewachste Canvas Tasche S sort.\",\"breadcrumb\":{\"@id\":\"https:\\\/\\\/trendsandvision.nl\\\/de\\\/product\\\/esschert-design-gewachste-canvas-tasche-s-farbwahl\\\/#breadcrumb\"},\"inLanguage\":\"de\",\"potentialAction\":[{\"@type\":\"ReadAction\",\"target\":[\"https:\\\/\\\/trendsandvision.nl\\\/de\\\/product\\\/esschert-design-gewachste-canvas-tasche-s-farbwahl\\\/\"]}]},{\"@type\":\"ImageObject\",\"inLanguage\":\"de\",\"@id\":\"https:\\\/\\\/trendsandvision.nl\\\/de\\\/product\\\/esschert-design-gewachste-canvas-tasche-s-farbwahl\\\/#primaryimage\",\"url\":\"https:\\\/\\\/trendsandvision.nl\\\/de\\\/wp-content\\\/uploads\\\/sites\\\/3\\\/2022\\\/04\\\/TP371_02.jpg\",\"contentUrl\":\"https:\\\/\\\/trendsandvision.nl\\\/de\\\/wp-content\\\/uploads\\\/sites\\\/3\\\/2022\\\/04\\\/TP371_02.jpg\",\"width\":800,\"height\":800,\"caption\":\"8714982185366) - 1\"},{\"@type\":\"BreadcrumbList\",\"@id\":\"https:\\\/\\\/trendsandvision.nl\\\/de\\\/product\\\/esschert-design-gewachste-canvas-tasche-s-farbwahl\\\/#breadcrumb\",\"itemListElement\":[{\"@type\":\"ListItem\",\"position\":1,\"name\":\"Home\",\"item\":\"https:\\\/\\\/trendsandvision.nl\\\/de\\\/\"},{\"@type\":\"ListItem\",\"position\":2,\"name\":\"Gesch\u00e4ft\",\"item\":\"https:\\\/\\\/trendsandvision.nl\\\/de\\\/geschaft\\\/\"},{\"@type\":\"ListItem\",\"position\":3,\"name\":\"Esschert Design Gewachste Canvas Tasche S Farbwahl\"}]},{\"@type\":\"WebSite\",\"@id\":\"https:\\\/\\\/trendsandvision.nl\\\/de\\\/#website\",\"url\":\"https:\\\/\\\/trendsandvision.nl\\\/de\\\/\",\"name\":\"Trends &amp; Vision (DE)\",\"description\":\"Der Webshop f\u00fcr Esschert Design Artikel\",\"publisher\":{\"@id\":\"https:\\\/\\\/trendsandvision.nl\\\/de\\\/#organization\"},\"potentialAction\":[{\"@type\":\"SearchAction\",\"target\":{\"@type\":\"EntryPoint\",\"urlTemplate\":\"https:\\\/\\\/trendsandvision.nl\\\/de\\\/?s={search_term_string}\"},\"query-input\":{\"@type\":\"PropertyValueSpecification\",\"valueRequired\":true,\"valueName\":\"search_term_string\"}}],\"inLanguage\":\"de\"},{\"@type\":\"Organization\",\"@id\":\"https:\\\/\\\/trendsandvision.nl\\\/de\\\/#organization\",\"name\":\"Trends &amp; Vision (DE)\",\"url\":\"https:\\\/\\\/trendsandvision.nl\\\/de\\\/\",\"logo\":{\"@type\":\"ImageObject\",\"inLanguage\":\"de\",\"@id\":\"https:\\\/\\\/trendsandvision.nl\\\/de\\\/#\\\/schema\\\/logo\\\/image\\\/\",\"url\":\"https:\\\/\\\/trendsandvision.nl\\\/de\\\/wp-content\\\/uploads\\\/sites\\\/3\\\/2022\\\/04\\\/trends-and-vision-logo.jpg\",\"contentUrl\":\"https:\\\/\\\/trendsandvision.nl\\\/de\\\/wp-content\\\/uploads\\\/sites\\\/3\\\/2022\\\/04\\\/trends-and-vision-logo.jpg\",\"width\":213,\"height\":100,\"caption\":\"Trends &amp; Vision (DE)\"},\"image\":{\"@id\":\"https:\\\/\\\/trendsandvision.nl\\\/de\\\/#\\\/schema\\\/logo\\\/image\\\/\"}}]}<\/script>\n<!-- \/ Yoast SEO Premium plugin. -->","yoast_head_json":{"title":"Esschert Design Gewachste Canvas Tasche S sort. (TP371, 8714982185366) - Trends & Vision","description":"Esschert Design Gewachste Canvas Tasche S sort.: Gewachste Canvas Tasche S sort.","robots":{"index":"index","follow":"follow","max-snippet":"max-snippet:-1","max-image-preview":"max-image-preview:large","max-video-preview":"max-video-preview:-1"},"canonical":"https:\/\/trendsandvision.nl\/de\/product\/esschert-design-gewachste-canvas-tasche-s-farbwahl\/","og_locale":"de_DE","og_type":"article","og_title":"Esschert Design Gewachste Canvas Tasche S Farbwahl","og_description":"Esschert Design Gewachste Canvas Tasche S sort.: Gewachste Canvas Tasche S sort.","og_url":"https:\/\/trendsandvision.nl\/de\/product\/esschert-design-gewachste-canvas-tasche-s-farbwahl\/","og_site_name":"Trends &amp; Vision (DE)","article_modified_time":"2026-02-03T23:48:11+00:00","og_image":[{"width":800,"height":800,"url":"https:\/\/trendsandvision.nl\/de\/wp-content\/uploads\/sites\/3\/2022\/04\/TP371_02.jpg","type":"image\/jpeg"}],"twitter_card":"summary_large_image","twitter_misc":{"Gesch\u00e4tzte Lesezeit":"1\u00a0Minute"},"schema":{"@context":"https:\/\/schema.org","@graph":[{"@type":"WebPage","@id":"https:\/\/trendsandvision.nl\/de\/product\/esschert-design-gewachste-canvas-tasche-s-farbwahl\/","url":"https:\/\/trendsandvision.nl\/de\/product\/esschert-design-gewachste-canvas-tasche-s-farbwahl\/","name":"Esschert Design Gewachste Canvas Tasche S sort. (TP371, 8714982185366) - Trends & Vision","isPartOf":{"@id":"https:\/\/trendsandvision.nl\/de\/#website"},"primaryImageOfPage":{"@id":"https:\/\/trendsandvision.nl\/de\/product\/esschert-design-gewachste-canvas-tasche-s-farbwahl\/#primaryimage"},"image":{"@id":"https:\/\/trendsandvision.nl\/de\/product\/esschert-design-gewachste-canvas-tasche-s-farbwahl\/#primaryimage"},"thumbnailUrl":"https:\/\/trendsandvision.nl\/de\/wp-content\/uploads\/sites\/3\/2022\/04\/TP371_02.jpg","datePublished":"2022-04-22T21:47:32+00:00","dateModified":"2026-02-03T23:48:11+00:00","description":"Esschert Design Gewachste Canvas Tasche S sort.: Gewachste Canvas Tasche S sort.","breadcrumb":{"@id":"https:\/\/trendsandvision.nl\/de\/product\/esschert-design-gewachste-canvas-tasche-s-farbwahl\/#breadcrumb"},"inLanguage":"de","potentialAction":[{"@type":"ReadAction","target":["https:\/\/trendsandvision.nl\/de\/product\/esschert-design-gewachste-canvas-tasche-s-farbwahl\/"]}]},{"@type":"ImageObject","inLanguage":"de","@id":"https:\/\/trendsandvision.nl\/de\/product\/esschert-design-gewachste-canvas-tasche-s-farbwahl\/#primaryimage","url":"https:\/\/trendsandvision.nl\/de\/wp-content\/uploads\/sites\/3\/2022\/04\/TP371_02.jpg","contentUrl":"https:\/\/trendsandvision.nl\/de\/wp-content\/uploads\/sites\/3\/2022\/04\/TP371_02.jpg","width":800,"height":800,"caption":"8714982185366) - 1"},{"@type":"BreadcrumbList","@id":"https:\/\/trendsandvision.nl\/de\/product\/esschert-design-gewachste-canvas-tasche-s-farbwahl\/#breadcrumb","itemListElement":[{"@type":"ListItem","position":1,"name":"Home","item":"https:\/\/trendsandvision.nl\/de\/"},{"@type":"ListItem","position":2,"name":"Gesch\u00e4ft","item":"https:\/\/trendsandvision.nl\/de\/geschaft\/"},{"@type":"ListItem","position":3,"name":"Esschert Design Gewachste Canvas Tasche S Farbwahl"}]},{"@type":"WebSite","@id":"https:\/\/trendsandvision.nl\/de\/#website","url":"https:\/\/trendsandvision.nl\/de\/","name":"Trends &amp; Vision (DE)","description":"Der Webshop f\u00fcr Esschert Design Artikel","publisher":{"@id":"https:\/\/trendsandvision.nl\/de\/#organization"},"potentialAction":[{"@type":"SearchAction","target":{"@type":"EntryPoint","urlTemplate":"https:\/\/trendsandvision.nl\/de\/?s={search_term_string}"},"query-input":{"@type":"PropertyValueSpecification","valueRequired":true,"valueName":"search_term_string"}}],"inLanguage":"de"},{"@type":"Organization","@id":"https:\/\/trendsandvision.nl\/de\/#organization","name":"Trends &amp; Vision (DE)","url":"https:\/\/trendsandvision.nl\/de\/","logo":{"@type":"ImageObject","inLanguage":"de","@id":"https:\/\/trendsandvision.nl\/de\/#\/schema\/logo\/image\/","url":"https:\/\/trendsandvision.nl\/de\/wp-content\/uploads\/sites\/3\/2022\/04\/trends-and-vision-logo.jpg","contentUrl":"https:\/\/trendsandvision.nl\/de\/wp-content\/uploads\/sites\/3\/2022\/04\/trends-and-vision-logo.jpg","width":213,"height":100,"caption":"Trends &amp; Vision (DE)"},"image":{"@id":"https:\/\/trendsandvision.nl\/de\/#\/schema\/logo\/image\/"}}]}},"_links":{"self":[{"href":"https:\/\/trendsandvision.nl\/de\/wp-json\/wp\/v2\/product\/8685","targetHints":{"allow":["GET"]}}],"collection":[{"href":"https:\/\/trendsandvision.nl\/de\/wp-json\/wp\/v2\/product"}],"about":[{"href":"https:\/\/trendsandvision.nl\/de\/wp-json\/wp\/v2\/types\/product"}],"wp:featuredmedia":[{"embeddable":true,"href":"https:\/\/trendsandvision.nl\/de\/wp-json\/wp\/v2\/media\/8686"}],"wp:attachment":[{"href":"https:\/\/trendsandvision.nl\/de\/wp-json\/wp\/v2\/media?parent=8685"}],"wp:term":[{"taxonomy":"product_brand","embeddable":true,"href":"https:\/\/trendsandvision.nl\/de\/wp-json\/wp\/v2\/product_brand?post=8685"},{"taxonomy":"product_cat","embeddable":true,"href":"https:\/\/trendsandvision.nl\/de\/wp-json\/wp\/v2\/product_cat?post=8685"},{"taxonomy":"product_tag","embeddable":true,"href":"https:\/\/trendsandvision.nl\/de\/wp-json\/wp\/v2\/product_tag?post=8685"}],"curies":[{"name":"wp","href":"https:\/\/api.w.org\/{rel}","templated":true}]}}