{"id":8176,"date":"2022-04-22T23:33:10","date_gmt":"2022-04-22T21:33:10","guid":{"rendered":"https:\/\/trendsandvision.nl\/de\/product\/esschert-design-boodschappentas-dierentuin-ass\/"},"modified":"2026-02-04T00:47:27","modified_gmt":"2026-02-03T23:47:27","slug":"esschert-design-einkaufstasche-zoo-waehl","status":"publish","type":"product","link":"https:\/\/trendsandvision.nl\/de\/product\/esschert-design-einkaufstasche-zoo-waehl\/","title":{"rendered":"Esschert Design Einkaufstasche Zoo w\u00e4hl"},"content":{"rendered":"<p>Was haben zwei H\u00e4lse und ein R\u00fcssel gemeinsam? Alle drei bilden jeweils die Henkel einer ger\u00e4umigen Einkaufstasche.<\/p>\n<p>Sortiment von 3 Mustern<br \/>\nBeidseitig bedruckt<\/p>\n<p>Artikelname: Einkaufstasche Zoo<br \/>\nArtikelnummer TP19<br \/>\nPreis pro st\u00fcck<br \/>\nSortiment Ja, w\u00e4hl<br \/>\nProduktgruppe(n) Taschen&amp;Schirme, Taschen, Einkaufstaschen<br \/>\nProduktabmessungen in cm L 39 x T 14 x H 39<br \/>\nMaterial PP Gewebe<br \/>\nNettogewicht 0,094 kg<br \/>\nBarcode 8714982116810<\/p>\n","protected":false},"excerpt":{"rendered":"<p>Einkaufstasche: Zoo tierhals<br \/>\nArtikelnummer TP19<br \/>\nPreis pro st\u00fcck<br \/>\nSortiment Ja, w\u00e4hl<br \/>\nBeidseitig bedruckt<br \/>\nL 39 x T 14 x H 39 cm<br \/>\nNettogewicht 0,094 kg<br \/>\nBarcode 8714982116810<\/p>\n","protected":false},"featured_media":8177,"template":"","meta":[],"product_brand":[9597,9598],"product_cat":[820],"product_tag":[7532,6945,7290,8591],"class_list":{"0":"post-8176","1":"product","2":"type-product","3":"status-publish","4":"has-post-thumbnail","6":"product_brand-esschert-design","7":"product_brand-trends-and-vision","8":"product_cat-nature-print","9":"product_tag-taschen","10":"product_tag-wahl","11":"product_tag-wiederverwendbar","12":"product_tag-zoo","13":"pa_anbieter-esschert-design","14":"pa_ean-code-4651","15":"pa_material-pp-weefsel","16":"pa_messungen-390x140x390-cm","18":"first","19":"instock","20":"sale","21":"taxable","22":"shipping-taxable","23":"purchasable","24":"product-type-simple","25":"czr-hentry"},"yoast_head":"<!-- This site is optimized with the Yoast SEO Premium plugin v26.4 (Yoast SEO v27.3) - https:\/\/yoast.com\/product\/yoast-seo-premium-wordpress\/ -->\n<title>Esschert Design Boodschappentas dierentuin ass (TP195, 8714982116810) - Trends &amp; Vision<\/title>\n<meta name=\"description\" content=\"Esschert Design Boodschappentas dierentuin ass: Wat hebben twee nekken en een slurf met elkaar gemeen? Ze vormen in dit geval ieder de handgrepen van een ruime boodschappentas. assortie van 3 twe...\" \/>\n<meta name=\"robots\" content=\"index, follow, max-snippet:-1, max-image-preview:large, max-video-preview:-1\" \/>\n<link rel=\"canonical\" href=\"https:\/\/trendsandvision.nl\/de\/product\/esschert-design-einkaufstasche-zoo-waehl\/\" \/>\n<meta property=\"og:locale\" content=\"de_DE\" \/>\n<meta property=\"og:type\" content=\"article\" \/>\n<meta property=\"og:title\" content=\"Esschert Design Einkaufstasche Zoo w\u00e4hl\" \/>\n<meta property=\"og:description\" content=\"Esschert Design Boodschappentas dierentuin ass: Wat hebben twee nekken en een slurf met elkaar gemeen? Ze vormen in dit geval ieder de handgrepen van een ruime boodschappentas. assortie van 3 twe...\" \/>\n<meta property=\"og:url\" content=\"https:\/\/trendsandvision.nl\/de\/product\/esschert-design-einkaufstasche-zoo-waehl\/\" \/>\n<meta property=\"og:site_name\" content=\"Trends &amp; Vision (DE)\" \/>\n<meta property=\"article:modified_time\" content=\"2026-02-03T23:47:27+00:00\" \/>\n<meta property=\"og:image\" content=\"https:\/\/trendsandvision.nl\/de\/wp-content\/uploads\/sites\/3\/2022\/04\/TP195_01.jpg\" \/>\n\t<meta property=\"og:image:width\" content=\"800\" \/>\n\t<meta property=\"og:image:height\" content=\"800\" \/>\n\t<meta property=\"og:image:type\" content=\"image\/jpeg\" \/>\n<meta name=\"twitter:card\" content=\"summary_large_image\" \/>\n<meta name=\"twitter:label1\" content=\"Gesch\u00e4tzte Lesezeit\" \/>\n\t<meta name=\"twitter:data1\" content=\"1\u00a0Minute\" \/>\n<script type=\"application\/ld+json\" class=\"yoast-schema-graph\">{\"@context\":\"https:\\\/\\\/schema.org\",\"@graph\":[{\"@type\":\"WebPage\",\"@id\":\"https:\\\/\\\/trendsandvision.nl\\\/de\\\/product\\\/esschert-design-einkaufstasche-zoo-waehl\\\/\",\"url\":\"https:\\\/\\\/trendsandvision.nl\\\/de\\\/product\\\/esschert-design-einkaufstasche-zoo-waehl\\\/\",\"name\":\"Esschert Design Boodschappentas dierentuin ass (TP195, 8714982116810) - Trends & Vision\",\"isPartOf\":{\"@id\":\"https:\\\/\\\/trendsandvision.nl\\\/de\\\/#website\"},\"primaryImageOfPage\":{\"@id\":\"https:\\\/\\\/trendsandvision.nl\\\/de\\\/product\\\/esschert-design-einkaufstasche-zoo-waehl\\\/#primaryimage\"},\"image\":{\"@id\":\"https:\\\/\\\/trendsandvision.nl\\\/de\\\/product\\\/esschert-design-einkaufstasche-zoo-waehl\\\/#primaryimage\"},\"thumbnailUrl\":\"https:\\\/\\\/trendsandvision.nl\\\/de\\\/wp-content\\\/uploads\\\/sites\\\/3\\\/2022\\\/04\\\/TP195_01.jpg\",\"datePublished\":\"2022-04-22T21:33:10+00:00\",\"dateModified\":\"2026-02-03T23:47:27+00:00\",\"description\":\"Esschert Design Boodschappentas dierentuin ass: Wat hebben twee nekken en een slurf met elkaar gemeen? Ze vormen in dit geval ieder de handgrepen van een ruime boodschappentas. assortie van 3 twe...\",\"breadcrumb\":{\"@id\":\"https:\\\/\\\/trendsandvision.nl\\\/de\\\/product\\\/esschert-design-einkaufstasche-zoo-waehl\\\/#breadcrumb\"},\"inLanguage\":\"de\",\"potentialAction\":[{\"@type\":\"ReadAction\",\"target\":[\"https:\\\/\\\/trendsandvision.nl\\\/de\\\/product\\\/esschert-design-einkaufstasche-zoo-waehl\\\/\"]}]},{\"@type\":\"ImageObject\",\"inLanguage\":\"de\",\"@id\":\"https:\\\/\\\/trendsandvision.nl\\\/de\\\/product\\\/esschert-design-einkaufstasche-zoo-waehl\\\/#primaryimage\",\"url\":\"https:\\\/\\\/trendsandvision.nl\\\/de\\\/wp-content\\\/uploads\\\/sites\\\/3\\\/2022\\\/04\\\/TP195_01.jpg\",\"contentUrl\":\"https:\\\/\\\/trendsandvision.nl\\\/de\\\/wp-content\\\/uploads\\\/sites\\\/3\\\/2022\\\/04\\\/TP195_01.jpg\",\"width\":800,\"height\":800,\"caption\":\"Esschert Design Boodschappentas dierentuin ass (TP195\"},{\"@type\":\"BreadcrumbList\",\"@id\":\"https:\\\/\\\/trendsandvision.nl\\\/de\\\/product\\\/esschert-design-einkaufstasche-zoo-waehl\\\/#breadcrumb\",\"itemListElement\":[{\"@type\":\"ListItem\",\"position\":1,\"name\":\"Home\",\"item\":\"https:\\\/\\\/trendsandvision.nl\\\/de\\\/\"},{\"@type\":\"ListItem\",\"position\":2,\"name\":\"Gesch\u00e4ft\",\"item\":\"https:\\\/\\\/trendsandvision.nl\\\/de\\\/geschaft\\\/\"},{\"@type\":\"ListItem\",\"position\":3,\"name\":\"Esschert Design Einkaufstasche Zoo w\u00e4hl\"}]},{\"@type\":\"WebSite\",\"@id\":\"https:\\\/\\\/trendsandvision.nl\\\/de\\\/#website\",\"url\":\"https:\\\/\\\/trendsandvision.nl\\\/de\\\/\",\"name\":\"Trends &amp; Vision (DE)\",\"description\":\"Der Webshop f\u00fcr Esschert Design Artikel\",\"publisher\":{\"@id\":\"https:\\\/\\\/trendsandvision.nl\\\/de\\\/#organization\"},\"potentialAction\":[{\"@type\":\"SearchAction\",\"target\":{\"@type\":\"EntryPoint\",\"urlTemplate\":\"https:\\\/\\\/trendsandvision.nl\\\/de\\\/?s={search_term_string}\"},\"query-input\":{\"@type\":\"PropertyValueSpecification\",\"valueRequired\":true,\"valueName\":\"search_term_string\"}}],\"inLanguage\":\"de\"},{\"@type\":\"Organization\",\"@id\":\"https:\\\/\\\/trendsandvision.nl\\\/de\\\/#organization\",\"name\":\"Trends &amp; Vision (DE)\",\"url\":\"https:\\\/\\\/trendsandvision.nl\\\/de\\\/\",\"logo\":{\"@type\":\"ImageObject\",\"inLanguage\":\"de\",\"@id\":\"https:\\\/\\\/trendsandvision.nl\\\/de\\\/#\\\/schema\\\/logo\\\/image\\\/\",\"url\":\"https:\\\/\\\/trendsandvision.nl\\\/de\\\/wp-content\\\/uploads\\\/sites\\\/3\\\/2022\\\/04\\\/trends-and-vision-logo.jpg\",\"contentUrl\":\"https:\\\/\\\/trendsandvision.nl\\\/de\\\/wp-content\\\/uploads\\\/sites\\\/3\\\/2022\\\/04\\\/trends-and-vision-logo.jpg\",\"width\":213,\"height\":100,\"caption\":\"Trends &amp; Vision (DE)\"},\"image\":{\"@id\":\"https:\\\/\\\/trendsandvision.nl\\\/de\\\/#\\\/schema\\\/logo\\\/image\\\/\"}}]}<\/script>\n<!-- \/ Yoast SEO Premium plugin. -->","yoast_head_json":{"title":"Esschert Design Boodschappentas dierentuin ass (TP195, 8714982116810) - Trends & Vision","description":"Esschert Design Boodschappentas dierentuin ass: Wat hebben twee nekken en een slurf met elkaar gemeen? Ze vormen in dit geval ieder de handgrepen van een ruime boodschappentas. assortie van 3 twe...","robots":{"index":"index","follow":"follow","max-snippet":"max-snippet:-1","max-image-preview":"max-image-preview:large","max-video-preview":"max-video-preview:-1"},"canonical":"https:\/\/trendsandvision.nl\/de\/product\/esschert-design-einkaufstasche-zoo-waehl\/","og_locale":"de_DE","og_type":"article","og_title":"Esschert Design Einkaufstasche Zoo w\u00e4hl","og_description":"Esschert Design Boodschappentas dierentuin ass: Wat hebben twee nekken en een slurf met elkaar gemeen? Ze vormen in dit geval ieder de handgrepen van een ruime boodschappentas. assortie van 3 twe...","og_url":"https:\/\/trendsandvision.nl\/de\/product\/esschert-design-einkaufstasche-zoo-waehl\/","og_site_name":"Trends &amp; Vision (DE)","article_modified_time":"2026-02-03T23:47:27+00:00","og_image":[{"width":800,"height":800,"url":"https:\/\/trendsandvision.nl\/de\/wp-content\/uploads\/sites\/3\/2022\/04\/TP195_01.jpg","type":"image\/jpeg"}],"twitter_card":"summary_large_image","twitter_misc":{"Gesch\u00e4tzte Lesezeit":"1\u00a0Minute"},"schema":{"@context":"https:\/\/schema.org","@graph":[{"@type":"WebPage","@id":"https:\/\/trendsandvision.nl\/de\/product\/esschert-design-einkaufstasche-zoo-waehl\/","url":"https:\/\/trendsandvision.nl\/de\/product\/esschert-design-einkaufstasche-zoo-waehl\/","name":"Esschert Design Boodschappentas dierentuin ass (TP195, 8714982116810) - Trends & Vision","isPartOf":{"@id":"https:\/\/trendsandvision.nl\/de\/#website"},"primaryImageOfPage":{"@id":"https:\/\/trendsandvision.nl\/de\/product\/esschert-design-einkaufstasche-zoo-waehl\/#primaryimage"},"image":{"@id":"https:\/\/trendsandvision.nl\/de\/product\/esschert-design-einkaufstasche-zoo-waehl\/#primaryimage"},"thumbnailUrl":"https:\/\/trendsandvision.nl\/de\/wp-content\/uploads\/sites\/3\/2022\/04\/TP195_01.jpg","datePublished":"2022-04-22T21:33:10+00:00","dateModified":"2026-02-03T23:47:27+00:00","description":"Esschert Design Boodschappentas dierentuin ass: Wat hebben twee nekken en een slurf met elkaar gemeen? Ze vormen in dit geval ieder de handgrepen van een ruime boodschappentas. assortie van 3 twe...","breadcrumb":{"@id":"https:\/\/trendsandvision.nl\/de\/product\/esschert-design-einkaufstasche-zoo-waehl\/#breadcrumb"},"inLanguage":"de","potentialAction":[{"@type":"ReadAction","target":["https:\/\/trendsandvision.nl\/de\/product\/esschert-design-einkaufstasche-zoo-waehl\/"]}]},{"@type":"ImageObject","inLanguage":"de","@id":"https:\/\/trendsandvision.nl\/de\/product\/esschert-design-einkaufstasche-zoo-waehl\/#primaryimage","url":"https:\/\/trendsandvision.nl\/de\/wp-content\/uploads\/sites\/3\/2022\/04\/TP195_01.jpg","contentUrl":"https:\/\/trendsandvision.nl\/de\/wp-content\/uploads\/sites\/3\/2022\/04\/TP195_01.jpg","width":800,"height":800,"caption":"Esschert Design Boodschappentas dierentuin ass (TP195"},{"@type":"BreadcrumbList","@id":"https:\/\/trendsandvision.nl\/de\/product\/esschert-design-einkaufstasche-zoo-waehl\/#breadcrumb","itemListElement":[{"@type":"ListItem","position":1,"name":"Home","item":"https:\/\/trendsandvision.nl\/de\/"},{"@type":"ListItem","position":2,"name":"Gesch\u00e4ft","item":"https:\/\/trendsandvision.nl\/de\/geschaft\/"},{"@type":"ListItem","position":3,"name":"Esschert Design Einkaufstasche Zoo w\u00e4hl"}]},{"@type":"WebSite","@id":"https:\/\/trendsandvision.nl\/de\/#website","url":"https:\/\/trendsandvision.nl\/de\/","name":"Trends &amp; Vision (DE)","description":"Der Webshop f\u00fcr Esschert Design Artikel","publisher":{"@id":"https:\/\/trendsandvision.nl\/de\/#organization"},"potentialAction":[{"@type":"SearchAction","target":{"@type":"EntryPoint","urlTemplate":"https:\/\/trendsandvision.nl\/de\/?s={search_term_string}"},"query-input":{"@type":"PropertyValueSpecification","valueRequired":true,"valueName":"search_term_string"}}],"inLanguage":"de"},{"@type":"Organization","@id":"https:\/\/trendsandvision.nl\/de\/#organization","name":"Trends &amp; Vision (DE)","url":"https:\/\/trendsandvision.nl\/de\/","logo":{"@type":"ImageObject","inLanguage":"de","@id":"https:\/\/trendsandvision.nl\/de\/#\/schema\/logo\/image\/","url":"https:\/\/trendsandvision.nl\/de\/wp-content\/uploads\/sites\/3\/2022\/04\/trends-and-vision-logo.jpg","contentUrl":"https:\/\/trendsandvision.nl\/de\/wp-content\/uploads\/sites\/3\/2022\/04\/trends-and-vision-logo.jpg","width":213,"height":100,"caption":"Trends &amp; Vision (DE)"},"image":{"@id":"https:\/\/trendsandvision.nl\/de\/#\/schema\/logo\/image\/"}}]}},"_links":{"self":[{"href":"https:\/\/trendsandvision.nl\/de\/wp-json\/wp\/v2\/product\/8176","targetHints":{"allow":["GET"]}}],"collection":[{"href":"https:\/\/trendsandvision.nl\/de\/wp-json\/wp\/v2\/product"}],"about":[{"href":"https:\/\/trendsandvision.nl\/de\/wp-json\/wp\/v2\/types\/product"}],"wp:featuredmedia":[{"embeddable":true,"href":"https:\/\/trendsandvision.nl\/de\/wp-json\/wp\/v2\/media\/8177"}],"wp:attachment":[{"href":"https:\/\/trendsandvision.nl\/de\/wp-json\/wp\/v2\/media?parent=8176"}],"wp:term":[{"taxonomy":"product_brand","embeddable":true,"href":"https:\/\/trendsandvision.nl\/de\/wp-json\/wp\/v2\/product_brand?post=8176"},{"taxonomy":"product_cat","embeddable":true,"href":"https:\/\/trendsandvision.nl\/de\/wp-json\/wp\/v2\/product_cat?post=8176"},{"taxonomy":"product_tag","embeddable":true,"href":"https:\/\/trendsandvision.nl\/de\/wp-json\/wp\/v2\/product_tag?post=8176"}],"curies":[{"name":"wp","href":"https:\/\/api.w.org\/{rel}","templated":true}]}}