{"id":7968,"date":"2022-04-22T23:27:35","date_gmt":"2022-04-22T21:27:35","guid":{"rendered":"https:\/\/trendsandvision.nl\/de\/product\/esschert-design-galileo-thermometer-gross\/"},"modified":"2026-04-22T15:22:10","modified_gmt":"2026-04-22T13:22:10","slug":"esschert-design-galileo-thermometer-gross","status":"publish","type":"product","link":"https:\/\/trendsandvision.nl\/de\/product\/esschert-design-galileo-thermometer-gross\/","title":{"rendered":"Esschert Design Galileo-Thermometer gro\u00df"},"content":{"rendered":"<p>Galileo Thermometer. Bereich: 26\u00b0C &#8211; 18\u00b0C \/ 18\u00b0F &#8211; 80\u00b0F. Basiert auf eine Idee von Galileo.( 1564 &#8211; 1642 ) Galileo platzierte mehrere exakt ausgemessene K\u00fcgeln in einer Zylinder mit Flussigkeit.<br \/>\nEr kam zu der Entdeckung das die Kugeln stiegen oder absanken wenn sich die Temperatur \u00e4nderte, weil sich dadurch auch die Dichte der Fl\u00fcssigkeit \u00e4nderte.<br \/>\nJetzt war er in der Lage die genaue Temperatur fest zu stellen.<br \/>\nDieser Thermometer funktioniert nach dem gleichen Prinzip, wenn die Temperatur steigt, verringert sich die Dichte der Flussigkeit, und die schwerste K\u00fcgeln sinken langsam zur Boden. Die niedrigste Temperaturkugel in der Gruppe an der Spitze der Zylinder zeigt die richtige Temperatur.<\/p>\n<p>Artikelname: Galileo Thermometer L<br \/>\nArtikelnummer TH44<br \/>\nProduktgruppe(n) Garten&amp;Terrasse, Meteorologie, Thermometer<br \/>\nProduktabmessungen in cm L 7,6 x T 7,6 x H 56,3<br \/>\nMaterial Glas, Wasser, Paraffin\u00f6l, Metall<br \/>\nNettogewicht 1,2 kg<br \/>\nBarcode 8714982033971<\/p>\n","protected":false},"excerpt":{"rendered":"<p>Artikelname: Galileo Thermometer L<br \/>\nArtikelnummer TH44<br \/>\nL 7,6 x T 7,6 x H 56,3 cm<br \/>\nMaterial: Glas, Wasser,<br \/>\nParaffin\u00f6l, Metall<br \/>\nNettogewicht 1,2 kg<br \/>\nBarcode 8714982033971<\/p>\n","protected":false},"featured_media":7969,"template":"","meta":[],"product_brand":[9597,9598],"product_cat":[1450],"product_tag":[8088,7477,6785],"class_list":{"0":"post-7968","1":"product","2":"type-product","3":"status-publish","4":"has-post-thumbnail","6":"product_brand-esschert-design","7":"product_brand-trends-and-vision","8":"product_cat-world-of-weather","9":"product_tag-galileo","10":"product_tag-glas","11":"product_tag-thermometer","12":"pa_anbieter-esschert-design","13":"pa_ean-code-4547","14":"pa_material-glas-metal-und-wasser","15":"pa_messungen-78-x-78-x-56-cm","17":"first","18":"instock","19":"sale","20":"taxable","21":"shipping-taxable","22":"purchasable","23":"product-type-simple","24":"czr-hentry"},"yoast_head":"<!-- This site is optimized with the Yoast SEO Premium plugin v27.4 (Yoast SEO v27.4) - https:\/\/yoast.com\/product\/yoast-seo-premium-wordpress\/ -->\n<title>Esschert Design Galileo-Thermometer gro\u00df (TH44, 8714982033971) - Trends &amp; Vision<\/title>\n<meta name=\"description\" content=\"Esschert Design Galileo-Thermometer gro\u00df: Galileo Thermometer. Bereich: 26\u00b0C - 18\u00b0C \/ 18\u00b0F - 80\u00b0F. Basiert auf eine Idee von Ga\" \/>\n<meta name=\"robots\" content=\"index, follow, max-snippet:-1, max-image-preview:large, max-video-preview:-1\" \/>\n<link rel=\"canonical\" href=\"https:\/\/trendsandvision.nl\/de\/product\/esschert-design-galileo-thermometer-gross\/\" \/>\n<meta property=\"og:locale\" content=\"de_DE\" \/>\n<meta property=\"og:type\" content=\"article\" \/>\n<meta property=\"og:title\" content=\"Esschert Design Galileo-Thermometer gro\u00df\" \/>\n<meta property=\"og:description\" content=\"Esschert Design Galileo-Thermometer gro\u00df: Galileo Thermometer. Bereich: 26\u00b0C - 18\u00b0C \/ 18\u00b0F - 80\u00b0F. Basiert auf eine Idee von Ga\" \/>\n<meta property=\"og:url\" content=\"https:\/\/trendsandvision.nl\/de\/product\/esschert-design-galileo-thermometer-gross\/\" \/>\n<meta property=\"og:site_name\" content=\"Trends &amp; Vision (DE)\" \/>\n<meta property=\"article:modified_time\" content=\"2026-04-22T13:22:10+00:00\" \/>\n<meta property=\"og:image\" content=\"https:\/\/trendsandvision.nl\/de\/wp-content\/uploads\/sites\/3\/2022\/04\/TH44_01.jpg\" \/>\n\t<meta property=\"og:image:width\" content=\"800\" \/>\n\t<meta property=\"og:image:height\" content=\"800\" \/>\n\t<meta property=\"og:image:type\" content=\"image\/jpeg\" \/>\n<meta name=\"twitter:card\" content=\"summary_large_image\" \/>\n<meta name=\"twitter:label1\" content=\"Gesch\u00e4tzte Lesezeit\" \/>\n\t<meta name=\"twitter:data1\" content=\"1\u00a0Minute\" \/>\n<script type=\"application\/ld+json\" class=\"yoast-schema-graph\">{\"@context\":\"https:\\\/\\\/schema.org\",\"@graph\":[{\"@type\":\"WebPage\",\"@id\":\"https:\\\/\\\/trendsandvision.nl\\\/de\\\/product\\\/esschert-design-galileo-thermometer-gross\\\/\",\"url\":\"https:\\\/\\\/trendsandvision.nl\\\/de\\\/product\\\/esschert-design-galileo-thermometer-gross\\\/\",\"name\":\"Esschert Design Galileo-Thermometer gro\u00df (TH44, 8714982033971) - Trends & Vision\",\"isPartOf\":{\"@id\":\"https:\\\/\\\/trendsandvision.nl\\\/de\\\/#website\"},\"primaryImageOfPage\":{\"@id\":\"https:\\\/\\\/trendsandvision.nl\\\/de\\\/product\\\/esschert-design-galileo-thermometer-gross\\\/#primaryimage\"},\"image\":{\"@id\":\"https:\\\/\\\/trendsandvision.nl\\\/de\\\/product\\\/esschert-design-galileo-thermometer-gross\\\/#primaryimage\"},\"thumbnailUrl\":\"https:\\\/\\\/trendsandvision.nl\\\/de\\\/wp-content\\\/uploads\\\/sites\\\/3\\\/2022\\\/04\\\/TH44_01.jpg\",\"datePublished\":\"2022-04-22T21:27:35+00:00\",\"dateModified\":\"2026-04-22T13:22:10+00:00\",\"description\":\"Esschert Design Galileo-Thermometer gro\u00df: Galileo Thermometer. Bereich: 26\u00b0C - 18\u00b0C \\\/ 18\u00b0F - 80\u00b0F. Basiert auf eine Idee von Ga\",\"breadcrumb\":{\"@id\":\"https:\\\/\\\/trendsandvision.nl\\\/de\\\/product\\\/esschert-design-galileo-thermometer-gross\\\/#breadcrumb\"},\"inLanguage\":\"de\",\"potentialAction\":[{\"@type\":\"ReadAction\",\"target\":[\"https:\\\/\\\/trendsandvision.nl\\\/de\\\/product\\\/esschert-design-galileo-thermometer-gross\\\/\"]}]},{\"@type\":\"ImageObject\",\"inLanguage\":\"de\",\"@id\":\"https:\\\/\\\/trendsandvision.nl\\\/de\\\/product\\\/esschert-design-galileo-thermometer-gross\\\/#primaryimage\",\"url\":\"https:\\\/\\\/trendsandvision.nl\\\/de\\\/wp-content\\\/uploads\\\/sites\\\/3\\\/2022\\\/04\\\/TH44_01.jpg\",\"contentUrl\":\"https:\\\/\\\/trendsandvision.nl\\\/de\\\/wp-content\\\/uploads\\\/sites\\\/3\\\/2022\\\/04\\\/TH44_01.jpg\",\"width\":800,\"height\":800,\"caption\":\"Esschert Design Galileo-Thermometer gro\u00df (TH44\"},{\"@type\":\"BreadcrumbList\",\"@id\":\"https:\\\/\\\/trendsandvision.nl\\\/de\\\/product\\\/esschert-design-galileo-thermometer-gross\\\/#breadcrumb\",\"itemListElement\":[{\"@type\":\"ListItem\",\"position\":1,\"name\":\"Home\",\"item\":\"https:\\\/\\\/trendsandvision.nl\\\/de\\\/\"},{\"@type\":\"ListItem\",\"position\":2,\"name\":\"Gesch\u00e4ft\",\"item\":\"https:\\\/\\\/trendsandvision.nl\\\/de\\\/geschaft\\\/\"},{\"@type\":\"ListItem\",\"position\":3,\"name\":\"Esschert Design Galileo-Thermometer gro\u00df\"}]},{\"@type\":\"WebSite\",\"@id\":\"https:\\\/\\\/trendsandvision.nl\\\/de\\\/#website\",\"url\":\"https:\\\/\\\/trendsandvision.nl\\\/de\\\/\",\"name\":\"Trends &amp; Vision (DE)\",\"description\":\"Der Webshop f\u00fcr Esschert Design Artikel\",\"publisher\":{\"@id\":\"https:\\\/\\\/trendsandvision.nl\\\/de\\\/#organization\"},\"potentialAction\":[{\"@type\":\"SearchAction\",\"target\":{\"@type\":\"EntryPoint\",\"urlTemplate\":\"https:\\\/\\\/trendsandvision.nl\\\/de\\\/?s={search_term_string}\"},\"query-input\":{\"@type\":\"PropertyValueSpecification\",\"valueRequired\":true,\"valueName\":\"search_term_string\"}}],\"inLanguage\":\"de\"},{\"@type\":\"Organization\",\"@id\":\"https:\\\/\\\/trendsandvision.nl\\\/de\\\/#organization\",\"name\":\"Trends &amp; Vision (DE)\",\"url\":\"https:\\\/\\\/trendsandvision.nl\\\/de\\\/\",\"logo\":{\"@type\":\"ImageObject\",\"inLanguage\":\"de\",\"@id\":\"https:\\\/\\\/trendsandvision.nl\\\/de\\\/#\\\/schema\\\/logo\\\/image\\\/\",\"url\":\"https:\\\/\\\/trendsandvision.nl\\\/de\\\/wp-content\\\/uploads\\\/sites\\\/3\\\/2022\\\/04\\\/trends-and-vision-logo.jpg\",\"contentUrl\":\"https:\\\/\\\/trendsandvision.nl\\\/de\\\/wp-content\\\/uploads\\\/sites\\\/3\\\/2022\\\/04\\\/trends-and-vision-logo.jpg\",\"width\":213,\"height\":100,\"caption\":\"Trends &amp; Vision (DE)\"},\"image\":{\"@id\":\"https:\\\/\\\/trendsandvision.nl\\\/de\\\/#\\\/schema\\\/logo\\\/image\\\/\"}}]}<\/script>\n<!-- \/ Yoast SEO Premium plugin. -->","yoast_head_json":{"title":"Esschert Design Galileo-Thermometer gro\u00df (TH44, 8714982033971) - Trends & Vision","description":"Esschert Design Galileo-Thermometer gro\u00df: Galileo Thermometer. Bereich: 26\u00b0C - 18\u00b0C \/ 18\u00b0F - 80\u00b0F. Basiert auf eine Idee von Ga","robots":{"index":"index","follow":"follow","max-snippet":"max-snippet:-1","max-image-preview":"max-image-preview:large","max-video-preview":"max-video-preview:-1"},"canonical":"https:\/\/trendsandvision.nl\/de\/product\/esschert-design-galileo-thermometer-gross\/","og_locale":"de_DE","og_type":"article","og_title":"Esschert Design Galileo-Thermometer gro\u00df","og_description":"Esschert Design Galileo-Thermometer gro\u00df: Galileo Thermometer. Bereich: 26\u00b0C - 18\u00b0C \/ 18\u00b0F - 80\u00b0F. Basiert auf eine Idee von Ga","og_url":"https:\/\/trendsandvision.nl\/de\/product\/esschert-design-galileo-thermometer-gross\/","og_site_name":"Trends &amp; Vision (DE)","article_modified_time":"2026-04-22T13:22:10+00:00","og_image":[{"width":800,"height":800,"url":"https:\/\/trendsandvision.nl\/de\/wp-content\/uploads\/sites\/3\/2022\/04\/TH44_01.jpg","type":"image\/jpeg"}],"twitter_card":"summary_large_image","twitter_misc":{"Gesch\u00e4tzte Lesezeit":"1\u00a0Minute"},"schema":{"@context":"https:\/\/schema.org","@graph":[{"@type":"WebPage","@id":"https:\/\/trendsandvision.nl\/de\/product\/esschert-design-galileo-thermometer-gross\/","url":"https:\/\/trendsandvision.nl\/de\/product\/esschert-design-galileo-thermometer-gross\/","name":"Esschert Design Galileo-Thermometer gro\u00df (TH44, 8714982033971) - Trends & Vision","isPartOf":{"@id":"https:\/\/trendsandvision.nl\/de\/#website"},"primaryImageOfPage":{"@id":"https:\/\/trendsandvision.nl\/de\/product\/esschert-design-galileo-thermometer-gross\/#primaryimage"},"image":{"@id":"https:\/\/trendsandvision.nl\/de\/product\/esschert-design-galileo-thermometer-gross\/#primaryimage"},"thumbnailUrl":"https:\/\/trendsandvision.nl\/de\/wp-content\/uploads\/sites\/3\/2022\/04\/TH44_01.jpg","datePublished":"2022-04-22T21:27:35+00:00","dateModified":"2026-04-22T13:22:10+00:00","description":"Esschert Design Galileo-Thermometer gro\u00df: Galileo Thermometer. Bereich: 26\u00b0C - 18\u00b0C \/ 18\u00b0F - 80\u00b0F. Basiert auf eine Idee von Ga","breadcrumb":{"@id":"https:\/\/trendsandvision.nl\/de\/product\/esschert-design-galileo-thermometer-gross\/#breadcrumb"},"inLanguage":"de","potentialAction":[{"@type":"ReadAction","target":["https:\/\/trendsandvision.nl\/de\/product\/esschert-design-galileo-thermometer-gross\/"]}]},{"@type":"ImageObject","inLanguage":"de","@id":"https:\/\/trendsandvision.nl\/de\/product\/esschert-design-galileo-thermometer-gross\/#primaryimage","url":"https:\/\/trendsandvision.nl\/de\/wp-content\/uploads\/sites\/3\/2022\/04\/TH44_01.jpg","contentUrl":"https:\/\/trendsandvision.nl\/de\/wp-content\/uploads\/sites\/3\/2022\/04\/TH44_01.jpg","width":800,"height":800,"caption":"Esschert Design Galileo-Thermometer gro\u00df (TH44"},{"@type":"BreadcrumbList","@id":"https:\/\/trendsandvision.nl\/de\/product\/esschert-design-galileo-thermometer-gross\/#breadcrumb","itemListElement":[{"@type":"ListItem","position":1,"name":"Home","item":"https:\/\/trendsandvision.nl\/de\/"},{"@type":"ListItem","position":2,"name":"Gesch\u00e4ft","item":"https:\/\/trendsandvision.nl\/de\/geschaft\/"},{"@type":"ListItem","position":3,"name":"Esschert Design Galileo-Thermometer gro\u00df"}]},{"@type":"WebSite","@id":"https:\/\/trendsandvision.nl\/de\/#website","url":"https:\/\/trendsandvision.nl\/de\/","name":"Trends &amp; Vision (DE)","description":"Der Webshop f\u00fcr Esschert Design Artikel","publisher":{"@id":"https:\/\/trendsandvision.nl\/de\/#organization"},"potentialAction":[{"@type":"SearchAction","target":{"@type":"EntryPoint","urlTemplate":"https:\/\/trendsandvision.nl\/de\/?s={search_term_string}"},"query-input":{"@type":"PropertyValueSpecification","valueRequired":true,"valueName":"search_term_string"}}],"inLanguage":"de"},{"@type":"Organization","@id":"https:\/\/trendsandvision.nl\/de\/#organization","name":"Trends &amp; Vision (DE)","url":"https:\/\/trendsandvision.nl\/de\/","logo":{"@type":"ImageObject","inLanguage":"de","@id":"https:\/\/trendsandvision.nl\/de\/#\/schema\/logo\/image\/","url":"https:\/\/trendsandvision.nl\/de\/wp-content\/uploads\/sites\/3\/2022\/04\/trends-and-vision-logo.jpg","contentUrl":"https:\/\/trendsandvision.nl\/de\/wp-content\/uploads\/sites\/3\/2022\/04\/trends-and-vision-logo.jpg","width":213,"height":100,"caption":"Trends &amp; Vision (DE)"},"image":{"@id":"https:\/\/trendsandvision.nl\/de\/#\/schema\/logo\/image\/"}}]}},"_links":{"self":[{"href":"https:\/\/trendsandvision.nl\/de\/wp-json\/wp\/v2\/product\/7968","targetHints":{"allow":["GET"]}}],"collection":[{"href":"https:\/\/trendsandvision.nl\/de\/wp-json\/wp\/v2\/product"}],"about":[{"href":"https:\/\/trendsandvision.nl\/de\/wp-json\/wp\/v2\/types\/product"}],"wp:featuredmedia":[{"embeddable":true,"href":"https:\/\/trendsandvision.nl\/de\/wp-json\/wp\/v2\/media\/7969"}],"wp:attachment":[{"href":"https:\/\/trendsandvision.nl\/de\/wp-json\/wp\/v2\/media?parent=7968"}],"wp:term":[{"taxonomy":"product_brand","embeddable":true,"href":"https:\/\/trendsandvision.nl\/de\/wp-json\/wp\/v2\/product_brand?post=7968"},{"taxonomy":"product_cat","embeddable":true,"href":"https:\/\/trendsandvision.nl\/de\/wp-json\/wp\/v2\/product_cat?post=7968"},{"taxonomy":"product_tag","embeddable":true,"href":"https:\/\/trendsandvision.nl\/de\/wp-json\/wp\/v2\/product_tag?post=7968"}],"curies":[{"name":"wp","href":"https:\/\/api.w.org\/{rel}","templated":true}]}}