{"id":7961,"date":"2022-04-22T23:27:18","date_gmt":"2022-04-22T21:27:18","guid":{"rendered":"https:\/\/trendsandvision.nl\/de\/product\/esschert-design-regenmesser-gusseisen\/"},"modified":"2026-04-07T10:49:22","modified_gmt":"2026-04-07T08:49:22","slug":"esschert-design-regenmesser-gusseisen","status":"publish","type":"product","link":"https:\/\/trendsandvision.nl\/de\/product\/esschert-design-regenmesser-gusseisen\/","title":{"rendered":"Esschert Design Regenmesser Gu\u00dfeisen"},"content":{"rendered":"<p>Wie viel hat es geregnet? Mit diesem dekorativen Regenmesser aus Gusseisen kann die Niederschlagsmenge in einem bestimmten Zeitraum \u00fcberpr\u00fcft oder verfolgt werden. Dank des Glasmessbechers dieses Regenmessers kann Regen gesammelt werden, sodass Sie leicht \u00fcberpr\u00fcfen k\u00f6nnen, wie viel in einem bestimmten Zeitraum gefallen ist. Der Regenmesser kann einfach \u00fcberall mit Hilfe der mitgelieferten Bodenspitze in den Boden eingef\u00fchrt werden.<\/p>\n<p>-leicht zu lesen<br \/>\n-mehrfarbige Geschenkbox<\/p>\n<p>Artikelname: Regenmesser Gu\u00dfeisen<br \/>\nArtikelnummer TH39<br \/>\nProduktgruppe(n) Garten&amp;Terrasse, Meteorologie, Regenmesser<br \/>\nProduktabmessungen in cm L 18,4 x T 12 x H 133,9<br \/>\nVolumen in Litern 0,550<br \/>\nMaterial Gusseisen, Glas<br \/>\nNettogewicht 2,493 kg<br \/>\nBarcode 8714982028083<\/p>\n","protected":false},"excerpt":{"rendered":"<p>Regenmesser: Gu\u00dfeisen<br \/>\nArtikelnummer TH39<br \/>\nL 18,4 x T 12 x H 133,9 cm<br \/>\nVolumen in Litern 0,550<br \/>\nMaterial Gusseisen, Glas<br \/>\nNettogewicht 2,493 kg<br \/>\nBarcode 8714982028083<\/p>\n","protected":false},"featured_media":7962,"template":"","meta":[],"product_brand":[9597,9598],"product_cat":[1450],"product_tag":[7477,6790,7770,8395],"class_list":{"0":"post-7961","1":"product","2":"type-product","3":"status-publish","4":"has-post-thumbnail","6":"product_brand-esschert-design","7":"product_brand-trends-and-vision","8":"product_cat-world-of-weather","9":"product_tag-glas","10":"product_tag-gusseisen","11":"product_tag-regenmesser","12":"product_tag-th6g","13":"pa_anbieter-esschert-design","14":"pa_ean-code-4542","15":"pa_material-gusseissen-und-glas","16":"pa_messungen-18x175x1345-cm","18":"first","19":"instock","20":"sale","21":"taxable","22":"shipping-taxable","23":"purchasable","24":"product-type-simple","25":"czr-hentry"},"yoast_head":"<!-- This site is optimized with the Yoast SEO Premium plugin v26.4 (Yoast SEO v27.3) - https:\/\/yoast.com\/product\/yoast-seo-premium-wordpress\/ -->\n<title>Esschert Design Regenmesser Gu\u00dfeisen (TH39, 8714982028083) - Trends &amp; Vision<\/title>\n<meta name=\"description\" content=\"Esschert Design Regenmesser Gu\u00dfeisen: Regenmesser in g\u00fc\u00dfeiserne Beh\u00e4lter. Bis 25 mm. In Geschenkverpackung.\" \/>\n<meta name=\"robots\" content=\"index, follow, max-snippet:-1, max-image-preview:large, max-video-preview:-1\" \/>\n<link rel=\"canonical\" href=\"https:\/\/trendsandvision.nl\/de\/product\/esschert-design-regenmesser-gusseisen\/\" \/>\n<meta property=\"og:locale\" content=\"de_DE\" \/>\n<meta property=\"og:type\" content=\"article\" \/>\n<meta property=\"og:title\" content=\"Esschert Design Regenmesser Gu\u00dfeisen\" \/>\n<meta property=\"og:description\" content=\"Esschert Design Regenmesser Gu\u00dfeisen: Regenmesser in g\u00fc\u00dfeiserne Beh\u00e4lter. Bis 25 mm. In Geschenkverpackung.\" \/>\n<meta property=\"og:url\" content=\"https:\/\/trendsandvision.nl\/de\/product\/esschert-design-regenmesser-gusseisen\/\" \/>\n<meta property=\"og:site_name\" content=\"Trends &amp; Vision (DE)\" \/>\n<meta property=\"article:modified_time\" content=\"2026-04-07T08:49:22+00:00\" \/>\n<meta property=\"og:image\" content=\"https:\/\/trendsandvision.nl\/de\/wp-content\/uploads\/sites\/3\/2022\/04\/TH39_01.jpg\" \/>\n\t<meta property=\"og:image:width\" content=\"800\" \/>\n\t<meta property=\"og:image:height\" content=\"800\" \/>\n\t<meta property=\"og:image:type\" content=\"image\/jpeg\" \/>\n<meta name=\"twitter:card\" content=\"summary_large_image\" \/>\n<meta name=\"twitter:label1\" content=\"Gesch\u00e4tzte Lesezeit\" \/>\n\t<meta name=\"twitter:data1\" content=\"1\u00a0Minute\" \/>\n<script type=\"application\/ld+json\" class=\"yoast-schema-graph\">{\"@context\":\"https:\\\/\\\/schema.org\",\"@graph\":[{\"@type\":\"WebPage\",\"@id\":\"https:\\\/\\\/trendsandvision.nl\\\/de\\\/product\\\/esschert-design-regenmesser-gusseisen\\\/\",\"url\":\"https:\\\/\\\/trendsandvision.nl\\\/de\\\/product\\\/esschert-design-regenmesser-gusseisen\\\/\",\"name\":\"Esschert Design Regenmesser Gu\u00dfeisen (TH39, 8714982028083) - Trends & Vision\",\"isPartOf\":{\"@id\":\"https:\\\/\\\/trendsandvision.nl\\\/de\\\/#website\"},\"primaryImageOfPage\":{\"@id\":\"https:\\\/\\\/trendsandvision.nl\\\/de\\\/product\\\/esschert-design-regenmesser-gusseisen\\\/#primaryimage\"},\"image\":{\"@id\":\"https:\\\/\\\/trendsandvision.nl\\\/de\\\/product\\\/esschert-design-regenmesser-gusseisen\\\/#primaryimage\"},\"thumbnailUrl\":\"https:\\\/\\\/trendsandvision.nl\\\/de\\\/wp-content\\\/uploads\\\/sites\\\/3\\\/2022\\\/04\\\/TH39_01.jpg\",\"datePublished\":\"2022-04-22T21:27:18+00:00\",\"dateModified\":\"2026-04-07T08:49:22+00:00\",\"description\":\"Esschert Design Regenmesser Gu\u00dfeisen: Regenmesser in g\u00fc\u00dfeiserne Beh\u00e4lter. Bis 25 mm. In Geschenkverpackung.\",\"breadcrumb\":{\"@id\":\"https:\\\/\\\/trendsandvision.nl\\\/de\\\/product\\\/esschert-design-regenmesser-gusseisen\\\/#breadcrumb\"},\"inLanguage\":\"de\",\"potentialAction\":[{\"@type\":\"ReadAction\",\"target\":[\"https:\\\/\\\/trendsandvision.nl\\\/de\\\/product\\\/esschert-design-regenmesser-gusseisen\\\/\"]}]},{\"@type\":\"ImageObject\",\"inLanguage\":\"de\",\"@id\":\"https:\\\/\\\/trendsandvision.nl\\\/de\\\/product\\\/esschert-design-regenmesser-gusseisen\\\/#primaryimage\",\"url\":\"https:\\\/\\\/trendsandvision.nl\\\/de\\\/wp-content\\\/uploads\\\/sites\\\/3\\\/2022\\\/04\\\/TH39_01.jpg\",\"contentUrl\":\"https:\\\/\\\/trendsandvision.nl\\\/de\\\/wp-content\\\/uploads\\\/sites\\\/3\\\/2022\\\/04\\\/TH39_01.jpg\",\"width\":800,\"height\":800,\"caption\":\"Esschert Design Regenmesser Gu\u00dfeisen (TH39\"},{\"@type\":\"BreadcrumbList\",\"@id\":\"https:\\\/\\\/trendsandvision.nl\\\/de\\\/product\\\/esschert-design-regenmesser-gusseisen\\\/#breadcrumb\",\"itemListElement\":[{\"@type\":\"ListItem\",\"position\":1,\"name\":\"Home\",\"item\":\"https:\\\/\\\/trendsandvision.nl\\\/de\\\/\"},{\"@type\":\"ListItem\",\"position\":2,\"name\":\"Gesch\u00e4ft\",\"item\":\"https:\\\/\\\/trendsandvision.nl\\\/de\\\/geschaft\\\/\"},{\"@type\":\"ListItem\",\"position\":3,\"name\":\"Esschert Design Regenmesser Gu\u00dfeisen\"}]},{\"@type\":\"WebSite\",\"@id\":\"https:\\\/\\\/trendsandvision.nl\\\/de\\\/#website\",\"url\":\"https:\\\/\\\/trendsandvision.nl\\\/de\\\/\",\"name\":\"Trends &amp; Vision (DE)\",\"description\":\"Der Webshop f\u00fcr Esschert Design Artikel\",\"publisher\":{\"@id\":\"https:\\\/\\\/trendsandvision.nl\\\/de\\\/#organization\"},\"potentialAction\":[{\"@type\":\"SearchAction\",\"target\":{\"@type\":\"EntryPoint\",\"urlTemplate\":\"https:\\\/\\\/trendsandvision.nl\\\/de\\\/?s={search_term_string}\"},\"query-input\":{\"@type\":\"PropertyValueSpecification\",\"valueRequired\":true,\"valueName\":\"search_term_string\"}}],\"inLanguage\":\"de\"},{\"@type\":\"Organization\",\"@id\":\"https:\\\/\\\/trendsandvision.nl\\\/de\\\/#organization\",\"name\":\"Trends &amp; Vision (DE)\",\"url\":\"https:\\\/\\\/trendsandvision.nl\\\/de\\\/\",\"logo\":{\"@type\":\"ImageObject\",\"inLanguage\":\"de\",\"@id\":\"https:\\\/\\\/trendsandvision.nl\\\/de\\\/#\\\/schema\\\/logo\\\/image\\\/\",\"url\":\"https:\\\/\\\/trendsandvision.nl\\\/de\\\/wp-content\\\/uploads\\\/sites\\\/3\\\/2022\\\/04\\\/trends-and-vision-logo.jpg\",\"contentUrl\":\"https:\\\/\\\/trendsandvision.nl\\\/de\\\/wp-content\\\/uploads\\\/sites\\\/3\\\/2022\\\/04\\\/trends-and-vision-logo.jpg\",\"width\":213,\"height\":100,\"caption\":\"Trends &amp; Vision (DE)\"},\"image\":{\"@id\":\"https:\\\/\\\/trendsandvision.nl\\\/de\\\/#\\\/schema\\\/logo\\\/image\\\/\"}}]}<\/script>\n<!-- \/ Yoast SEO Premium plugin. -->","yoast_head_json":{"title":"Esschert Design Regenmesser Gu\u00dfeisen (TH39, 8714982028083) - Trends & Vision","description":"Esschert Design Regenmesser Gu\u00dfeisen: Regenmesser in g\u00fc\u00dfeiserne Beh\u00e4lter. Bis 25 mm. In Geschenkverpackung.","robots":{"index":"index","follow":"follow","max-snippet":"max-snippet:-1","max-image-preview":"max-image-preview:large","max-video-preview":"max-video-preview:-1"},"canonical":"https:\/\/trendsandvision.nl\/de\/product\/esschert-design-regenmesser-gusseisen\/","og_locale":"de_DE","og_type":"article","og_title":"Esschert Design Regenmesser Gu\u00dfeisen","og_description":"Esschert Design Regenmesser Gu\u00dfeisen: Regenmesser in g\u00fc\u00dfeiserne Beh\u00e4lter. Bis 25 mm. In Geschenkverpackung.","og_url":"https:\/\/trendsandvision.nl\/de\/product\/esschert-design-regenmesser-gusseisen\/","og_site_name":"Trends &amp; Vision (DE)","article_modified_time":"2026-04-07T08:49:22+00:00","og_image":[{"width":800,"height":800,"url":"https:\/\/trendsandvision.nl\/de\/wp-content\/uploads\/sites\/3\/2022\/04\/TH39_01.jpg","type":"image\/jpeg"}],"twitter_card":"summary_large_image","twitter_misc":{"Gesch\u00e4tzte Lesezeit":"1\u00a0Minute"},"schema":{"@context":"https:\/\/schema.org","@graph":[{"@type":"WebPage","@id":"https:\/\/trendsandvision.nl\/de\/product\/esschert-design-regenmesser-gusseisen\/","url":"https:\/\/trendsandvision.nl\/de\/product\/esschert-design-regenmesser-gusseisen\/","name":"Esschert Design Regenmesser Gu\u00dfeisen (TH39, 8714982028083) - Trends & Vision","isPartOf":{"@id":"https:\/\/trendsandvision.nl\/de\/#website"},"primaryImageOfPage":{"@id":"https:\/\/trendsandvision.nl\/de\/product\/esschert-design-regenmesser-gusseisen\/#primaryimage"},"image":{"@id":"https:\/\/trendsandvision.nl\/de\/product\/esschert-design-regenmesser-gusseisen\/#primaryimage"},"thumbnailUrl":"https:\/\/trendsandvision.nl\/de\/wp-content\/uploads\/sites\/3\/2022\/04\/TH39_01.jpg","datePublished":"2022-04-22T21:27:18+00:00","dateModified":"2026-04-07T08:49:22+00:00","description":"Esschert Design Regenmesser Gu\u00dfeisen: Regenmesser in g\u00fc\u00dfeiserne Beh\u00e4lter. Bis 25 mm. In Geschenkverpackung.","breadcrumb":{"@id":"https:\/\/trendsandvision.nl\/de\/product\/esschert-design-regenmesser-gusseisen\/#breadcrumb"},"inLanguage":"de","potentialAction":[{"@type":"ReadAction","target":["https:\/\/trendsandvision.nl\/de\/product\/esschert-design-regenmesser-gusseisen\/"]}]},{"@type":"ImageObject","inLanguage":"de","@id":"https:\/\/trendsandvision.nl\/de\/product\/esschert-design-regenmesser-gusseisen\/#primaryimage","url":"https:\/\/trendsandvision.nl\/de\/wp-content\/uploads\/sites\/3\/2022\/04\/TH39_01.jpg","contentUrl":"https:\/\/trendsandvision.nl\/de\/wp-content\/uploads\/sites\/3\/2022\/04\/TH39_01.jpg","width":800,"height":800,"caption":"Esschert Design Regenmesser Gu\u00dfeisen (TH39"},{"@type":"BreadcrumbList","@id":"https:\/\/trendsandvision.nl\/de\/product\/esschert-design-regenmesser-gusseisen\/#breadcrumb","itemListElement":[{"@type":"ListItem","position":1,"name":"Home","item":"https:\/\/trendsandvision.nl\/de\/"},{"@type":"ListItem","position":2,"name":"Gesch\u00e4ft","item":"https:\/\/trendsandvision.nl\/de\/geschaft\/"},{"@type":"ListItem","position":3,"name":"Esschert Design Regenmesser Gu\u00dfeisen"}]},{"@type":"WebSite","@id":"https:\/\/trendsandvision.nl\/de\/#website","url":"https:\/\/trendsandvision.nl\/de\/","name":"Trends &amp; Vision (DE)","description":"Der Webshop f\u00fcr Esschert Design Artikel","publisher":{"@id":"https:\/\/trendsandvision.nl\/de\/#organization"},"potentialAction":[{"@type":"SearchAction","target":{"@type":"EntryPoint","urlTemplate":"https:\/\/trendsandvision.nl\/de\/?s={search_term_string}"},"query-input":{"@type":"PropertyValueSpecification","valueRequired":true,"valueName":"search_term_string"}}],"inLanguage":"de"},{"@type":"Organization","@id":"https:\/\/trendsandvision.nl\/de\/#organization","name":"Trends &amp; Vision (DE)","url":"https:\/\/trendsandvision.nl\/de\/","logo":{"@type":"ImageObject","inLanguage":"de","@id":"https:\/\/trendsandvision.nl\/de\/#\/schema\/logo\/image\/","url":"https:\/\/trendsandvision.nl\/de\/wp-content\/uploads\/sites\/3\/2022\/04\/trends-and-vision-logo.jpg","contentUrl":"https:\/\/trendsandvision.nl\/de\/wp-content\/uploads\/sites\/3\/2022\/04\/trends-and-vision-logo.jpg","width":213,"height":100,"caption":"Trends &amp; Vision (DE)"},"image":{"@id":"https:\/\/trendsandvision.nl\/de\/#\/schema\/logo\/image\/"}}]}},"_links":{"self":[{"href":"https:\/\/trendsandvision.nl\/de\/wp-json\/wp\/v2\/product\/7961","targetHints":{"allow":["GET"]}}],"collection":[{"href":"https:\/\/trendsandvision.nl\/de\/wp-json\/wp\/v2\/product"}],"about":[{"href":"https:\/\/trendsandvision.nl\/de\/wp-json\/wp\/v2\/types\/product"}],"wp:featuredmedia":[{"embeddable":true,"href":"https:\/\/trendsandvision.nl\/de\/wp-json\/wp\/v2\/media\/7962"}],"wp:attachment":[{"href":"https:\/\/trendsandvision.nl\/de\/wp-json\/wp\/v2\/media?parent=7961"}],"wp:term":[{"taxonomy":"product_brand","embeddable":true,"href":"https:\/\/trendsandvision.nl\/de\/wp-json\/wp\/v2\/product_brand?post=7961"},{"taxonomy":"product_cat","embeddable":true,"href":"https:\/\/trendsandvision.nl\/de\/wp-json\/wp\/v2\/product_cat?post=7961"},{"taxonomy":"product_tag","embeddable":true,"href":"https:\/\/trendsandvision.nl\/de\/wp-json\/wp\/v2\/product_tag?post=7961"}],"curies":[{"name":"wp","href":"https:\/\/api.w.org\/{rel}","templated":true}]}}