{"id":7950,"date":"2022-04-22T23:27:05","date_gmt":"2022-04-22T21:27:05","guid":{"rendered":"https:\/\/trendsandvision.nl\/de\/product\/esschert-design-glasbarometer-gusseisenhalterung\/"},"modified":"2026-04-07T10:49:19","modified_gmt":"2026-04-07T08:49:19","slug":"esschert-design-glasbarometer-gusseisenhalterung","status":"publish","type":"product","link":"https:\/\/trendsandvision.nl\/de\/product\/esschert-design-glasbarometer-gusseisenhalterung\/","title":{"rendered":"Esschert Design Glasbarometer Gu\u00dfeisenhalterung"},"content":{"rendered":"<p>Glasbarometer werden seit dem fr\u00fchen 17. Jahrhundert verwendet und funktionieren ganz einfach. Befinden wir uns in Hochdruck gebieten an sonnigen Tagen, wird der Wasserstand in den Auslauf gedr\u00fcckt, w\u00e4hrend im falle von Tiefdruckgebieten an bew\u00f6lkten und regnerischen Tagen das Wasser im Auslauf ansteigt. Wenn ein Sturm aufzieht, steigt das Wasser so stark an, dass es zu tropfen beginnt.<\/p>\n<p>Artikelname: Glasbarometer Gu\u00dfeisenhalterung<br \/>\nArtikelnummer TH31<br \/>\nProduktgruppe(n) Garten&amp;Terrasse, Meteorologie, Barometer<br \/>\nProduktabmessungen in cm L 13,9 x T 12 x H 27,7<br \/>\nMaterial Gusseisen, Glas, blaues Farbstoffpulver<br \/>\nNettogewicht 0,92 kg<br \/>\nBarcode 8714982022081<\/p>\n","protected":false},"excerpt":{"rendered":"<p>Glasbarometer Gu\u00dfeisenhalterung<br \/>\nArtikelnummer TH31<br \/>\nL 13,9 x T 12 x H 27,7 cm<br \/>\nMaterial Gusseisen, Glas,<br \/>\nBlaues Farbstoffpulver<br \/>\nNettogewicht 0,92 kg<br \/>\nBarcode 8714982022081<\/p>\n","protected":false},"featured_media":7951,"template":"","meta":[],"product_brand":[9597,9598],"product_cat":[1450],"product_tag":[8391,7477,8393,8392,6790],"class_list":{"0":"post-7950","1":"product","2":"type-product","3":"status-publish","4":"has-post-thumbnail","6":"product_brand-esschert-design","7":"product_brand-trends-and-vision","8":"product_cat-world-of-weather","9":"product_tag-barometer","10":"product_tag-glas","11":"product_tag-goethe","12":"product_tag-goethe-barometer","13":"product_tag-gusseisen","14":"pa_anbieter-esschert-design","15":"pa_ean-code-4533","16":"pa_material-gusseissen-glas-und-blauen-farbstoff","17":"pa_messungen-14x13x28-cm","19":"first","20":"instock","21":"sale","22":"taxable","23":"shipping-taxable","24":"purchasable","25":"product-type-simple","26":"czr-hentry"},"yoast_head":"<!-- This site is optimized with the Yoast SEO Premium plugin v26.4 (Yoast SEO v27.4) - https:\/\/yoast.com\/product\/yoast-seo-premium-wordpress\/ -->\n<title>Esschert Design Glasbarometer Gu\u00dfeisenhalterung (TH31, 8714982022081) - Trends &amp; Vision<\/title>\n<meta name=\"description\" content=\"Esschert Design Glasbarometer Gu\u00dfeisenhalterung: Wetterglas in gu\u00dfeiserne rostbraune Beh\u00e4lter. Eine der erste Wetterstatione! Bei schlechtem Wetter\" \/>\n<meta name=\"robots\" content=\"index, follow, max-snippet:-1, max-image-preview:large, max-video-preview:-1\" \/>\n<link rel=\"canonical\" href=\"https:\/\/trendsandvision.nl\/de\/product\/esschert-design-glasbarometer-gusseisenhalterung\/\" \/>\n<meta property=\"og:locale\" content=\"de_DE\" \/>\n<meta property=\"og:type\" content=\"article\" \/>\n<meta property=\"og:title\" content=\"Esschert Design Glasbarometer Gu\u00dfeisenhalterung\" \/>\n<meta property=\"og:description\" content=\"Esschert Design Glasbarometer Gu\u00dfeisenhalterung: Wetterglas in gu\u00dfeiserne rostbraune Beh\u00e4lter. Eine der erste Wetterstatione! Bei schlechtem Wetter\" \/>\n<meta property=\"og:url\" content=\"https:\/\/trendsandvision.nl\/de\/product\/esschert-design-glasbarometer-gusseisenhalterung\/\" \/>\n<meta property=\"og:site_name\" content=\"Trends &amp; Vision (DE)\" \/>\n<meta property=\"article:modified_time\" content=\"2026-04-07T08:49:19+00:00\" \/>\n<meta property=\"og:image\" content=\"https:\/\/trendsandvision.nl\/de\/wp-content\/uploads\/sites\/3\/2022\/04\/TH31_01.jpg\" \/>\n\t<meta property=\"og:image:width\" content=\"800\" \/>\n\t<meta property=\"og:image:height\" content=\"800\" \/>\n\t<meta property=\"og:image:type\" content=\"image\/jpeg\" \/>\n<meta name=\"twitter:card\" content=\"summary_large_image\" \/>\n<meta name=\"twitter:label1\" content=\"Gesch\u00e4tzte Lesezeit\" \/>\n\t<meta name=\"twitter:data1\" content=\"1\u00a0Minute\" \/>\n<script type=\"application\/ld+json\" class=\"yoast-schema-graph\">{\"@context\":\"https:\\\/\\\/schema.org\",\"@graph\":[{\"@type\":\"WebPage\",\"@id\":\"https:\\\/\\\/trendsandvision.nl\\\/de\\\/product\\\/esschert-design-glasbarometer-gusseisenhalterung\\\/\",\"url\":\"https:\\\/\\\/trendsandvision.nl\\\/de\\\/product\\\/esschert-design-glasbarometer-gusseisenhalterung\\\/\",\"name\":\"Esschert Design Glasbarometer Gu\u00dfeisenhalterung (TH31, 8714982022081) - Trends & Vision\",\"isPartOf\":{\"@id\":\"https:\\\/\\\/trendsandvision.nl\\\/de\\\/#website\"},\"primaryImageOfPage\":{\"@id\":\"https:\\\/\\\/trendsandvision.nl\\\/de\\\/product\\\/esschert-design-glasbarometer-gusseisenhalterung\\\/#primaryimage\"},\"image\":{\"@id\":\"https:\\\/\\\/trendsandvision.nl\\\/de\\\/product\\\/esschert-design-glasbarometer-gusseisenhalterung\\\/#primaryimage\"},\"thumbnailUrl\":\"https:\\\/\\\/trendsandvision.nl\\\/de\\\/wp-content\\\/uploads\\\/sites\\\/3\\\/2022\\\/04\\\/TH31_01.jpg\",\"datePublished\":\"2022-04-22T21:27:05+00:00\",\"dateModified\":\"2026-04-07T08:49:19+00:00\",\"description\":\"Esschert Design Glasbarometer Gu\u00dfeisenhalterung: Wetterglas in gu\u00dfeiserne rostbraune Beh\u00e4lter. Eine der erste Wetterstatione! Bei schlechtem Wetter\",\"breadcrumb\":{\"@id\":\"https:\\\/\\\/trendsandvision.nl\\\/de\\\/product\\\/esschert-design-glasbarometer-gusseisenhalterung\\\/#breadcrumb\"},\"inLanguage\":\"de\",\"potentialAction\":[{\"@type\":\"ReadAction\",\"target\":[\"https:\\\/\\\/trendsandvision.nl\\\/de\\\/product\\\/esschert-design-glasbarometer-gusseisenhalterung\\\/\"]}]},{\"@type\":\"ImageObject\",\"inLanguage\":\"de\",\"@id\":\"https:\\\/\\\/trendsandvision.nl\\\/de\\\/product\\\/esschert-design-glasbarometer-gusseisenhalterung\\\/#primaryimage\",\"url\":\"https:\\\/\\\/trendsandvision.nl\\\/de\\\/wp-content\\\/uploads\\\/sites\\\/3\\\/2022\\\/04\\\/TH31_01.jpg\",\"contentUrl\":\"https:\\\/\\\/trendsandvision.nl\\\/de\\\/wp-content\\\/uploads\\\/sites\\\/3\\\/2022\\\/04\\\/TH31_01.jpg\",\"width\":800,\"height\":800,\"caption\":\"Esschert Design Glasbarometer Gu\u00dfeisenhalterung (TH31\"},{\"@type\":\"BreadcrumbList\",\"@id\":\"https:\\\/\\\/trendsandvision.nl\\\/de\\\/product\\\/esschert-design-glasbarometer-gusseisenhalterung\\\/#breadcrumb\",\"itemListElement\":[{\"@type\":\"ListItem\",\"position\":1,\"name\":\"Home\",\"item\":\"https:\\\/\\\/trendsandvision.nl\\\/de\\\/\"},{\"@type\":\"ListItem\",\"position\":2,\"name\":\"Gesch\u00e4ft\",\"item\":\"https:\\\/\\\/trendsandvision.nl\\\/de\\\/geschaft\\\/\"},{\"@type\":\"ListItem\",\"position\":3,\"name\":\"Esschert Design Glasbarometer Gu\u00dfeisenhalterung\"}]},{\"@type\":\"WebSite\",\"@id\":\"https:\\\/\\\/trendsandvision.nl\\\/de\\\/#website\",\"url\":\"https:\\\/\\\/trendsandvision.nl\\\/de\\\/\",\"name\":\"Trends &amp; Vision (DE)\",\"description\":\"Der Webshop f\u00fcr Esschert Design Artikel\",\"publisher\":{\"@id\":\"https:\\\/\\\/trendsandvision.nl\\\/de\\\/#organization\"},\"potentialAction\":[{\"@type\":\"SearchAction\",\"target\":{\"@type\":\"EntryPoint\",\"urlTemplate\":\"https:\\\/\\\/trendsandvision.nl\\\/de\\\/?s={search_term_string}\"},\"query-input\":{\"@type\":\"PropertyValueSpecification\",\"valueRequired\":true,\"valueName\":\"search_term_string\"}}],\"inLanguage\":\"de\"},{\"@type\":\"Organization\",\"@id\":\"https:\\\/\\\/trendsandvision.nl\\\/de\\\/#organization\",\"name\":\"Trends &amp; Vision (DE)\",\"url\":\"https:\\\/\\\/trendsandvision.nl\\\/de\\\/\",\"logo\":{\"@type\":\"ImageObject\",\"inLanguage\":\"de\",\"@id\":\"https:\\\/\\\/trendsandvision.nl\\\/de\\\/#\\\/schema\\\/logo\\\/image\\\/\",\"url\":\"https:\\\/\\\/trendsandvision.nl\\\/de\\\/wp-content\\\/uploads\\\/sites\\\/3\\\/2022\\\/04\\\/trends-and-vision-logo.jpg\",\"contentUrl\":\"https:\\\/\\\/trendsandvision.nl\\\/de\\\/wp-content\\\/uploads\\\/sites\\\/3\\\/2022\\\/04\\\/trends-and-vision-logo.jpg\",\"width\":213,\"height\":100,\"caption\":\"Trends &amp; Vision (DE)\"},\"image\":{\"@id\":\"https:\\\/\\\/trendsandvision.nl\\\/de\\\/#\\\/schema\\\/logo\\\/image\\\/\"}}]}<\/script>\n<!-- \/ Yoast SEO Premium plugin. -->","yoast_head_json":{"title":"Esschert Design Glasbarometer Gu\u00dfeisenhalterung (TH31, 8714982022081) - Trends & Vision","description":"Esschert Design Glasbarometer Gu\u00dfeisenhalterung: Wetterglas in gu\u00dfeiserne rostbraune Beh\u00e4lter. Eine der erste Wetterstatione! Bei schlechtem Wetter","robots":{"index":"index","follow":"follow","max-snippet":"max-snippet:-1","max-image-preview":"max-image-preview:large","max-video-preview":"max-video-preview:-1"},"canonical":"https:\/\/trendsandvision.nl\/de\/product\/esschert-design-glasbarometer-gusseisenhalterung\/","og_locale":"de_DE","og_type":"article","og_title":"Esschert Design Glasbarometer Gu\u00dfeisenhalterung","og_description":"Esschert Design Glasbarometer Gu\u00dfeisenhalterung: Wetterglas in gu\u00dfeiserne rostbraune Beh\u00e4lter. Eine der erste Wetterstatione! Bei schlechtem Wetter","og_url":"https:\/\/trendsandvision.nl\/de\/product\/esschert-design-glasbarometer-gusseisenhalterung\/","og_site_name":"Trends &amp; Vision (DE)","article_modified_time":"2026-04-07T08:49:19+00:00","og_image":[{"width":800,"height":800,"url":"https:\/\/trendsandvision.nl\/de\/wp-content\/uploads\/sites\/3\/2022\/04\/TH31_01.jpg","type":"image\/jpeg"}],"twitter_card":"summary_large_image","twitter_misc":{"Gesch\u00e4tzte Lesezeit":"1\u00a0Minute"},"schema":{"@context":"https:\/\/schema.org","@graph":[{"@type":"WebPage","@id":"https:\/\/trendsandvision.nl\/de\/product\/esschert-design-glasbarometer-gusseisenhalterung\/","url":"https:\/\/trendsandvision.nl\/de\/product\/esschert-design-glasbarometer-gusseisenhalterung\/","name":"Esschert Design Glasbarometer Gu\u00dfeisenhalterung (TH31, 8714982022081) - Trends & Vision","isPartOf":{"@id":"https:\/\/trendsandvision.nl\/de\/#website"},"primaryImageOfPage":{"@id":"https:\/\/trendsandvision.nl\/de\/product\/esschert-design-glasbarometer-gusseisenhalterung\/#primaryimage"},"image":{"@id":"https:\/\/trendsandvision.nl\/de\/product\/esschert-design-glasbarometer-gusseisenhalterung\/#primaryimage"},"thumbnailUrl":"https:\/\/trendsandvision.nl\/de\/wp-content\/uploads\/sites\/3\/2022\/04\/TH31_01.jpg","datePublished":"2022-04-22T21:27:05+00:00","dateModified":"2026-04-07T08:49:19+00:00","description":"Esschert Design Glasbarometer Gu\u00dfeisenhalterung: Wetterglas in gu\u00dfeiserne rostbraune Beh\u00e4lter. Eine der erste Wetterstatione! Bei schlechtem Wetter","breadcrumb":{"@id":"https:\/\/trendsandvision.nl\/de\/product\/esschert-design-glasbarometer-gusseisenhalterung\/#breadcrumb"},"inLanguage":"de","potentialAction":[{"@type":"ReadAction","target":["https:\/\/trendsandvision.nl\/de\/product\/esschert-design-glasbarometer-gusseisenhalterung\/"]}]},{"@type":"ImageObject","inLanguage":"de","@id":"https:\/\/trendsandvision.nl\/de\/product\/esschert-design-glasbarometer-gusseisenhalterung\/#primaryimage","url":"https:\/\/trendsandvision.nl\/de\/wp-content\/uploads\/sites\/3\/2022\/04\/TH31_01.jpg","contentUrl":"https:\/\/trendsandvision.nl\/de\/wp-content\/uploads\/sites\/3\/2022\/04\/TH31_01.jpg","width":800,"height":800,"caption":"Esschert Design Glasbarometer Gu\u00dfeisenhalterung (TH31"},{"@type":"BreadcrumbList","@id":"https:\/\/trendsandvision.nl\/de\/product\/esschert-design-glasbarometer-gusseisenhalterung\/#breadcrumb","itemListElement":[{"@type":"ListItem","position":1,"name":"Home","item":"https:\/\/trendsandvision.nl\/de\/"},{"@type":"ListItem","position":2,"name":"Gesch\u00e4ft","item":"https:\/\/trendsandvision.nl\/de\/geschaft\/"},{"@type":"ListItem","position":3,"name":"Esschert Design Glasbarometer Gu\u00dfeisenhalterung"}]},{"@type":"WebSite","@id":"https:\/\/trendsandvision.nl\/de\/#website","url":"https:\/\/trendsandvision.nl\/de\/","name":"Trends &amp; Vision (DE)","description":"Der Webshop f\u00fcr Esschert Design Artikel","publisher":{"@id":"https:\/\/trendsandvision.nl\/de\/#organization"},"potentialAction":[{"@type":"SearchAction","target":{"@type":"EntryPoint","urlTemplate":"https:\/\/trendsandvision.nl\/de\/?s={search_term_string}"},"query-input":{"@type":"PropertyValueSpecification","valueRequired":true,"valueName":"search_term_string"}}],"inLanguage":"de"},{"@type":"Organization","@id":"https:\/\/trendsandvision.nl\/de\/#organization","name":"Trends &amp; Vision (DE)","url":"https:\/\/trendsandvision.nl\/de\/","logo":{"@type":"ImageObject","inLanguage":"de","@id":"https:\/\/trendsandvision.nl\/de\/#\/schema\/logo\/image\/","url":"https:\/\/trendsandvision.nl\/de\/wp-content\/uploads\/sites\/3\/2022\/04\/trends-and-vision-logo.jpg","contentUrl":"https:\/\/trendsandvision.nl\/de\/wp-content\/uploads\/sites\/3\/2022\/04\/trends-and-vision-logo.jpg","width":213,"height":100,"caption":"Trends &amp; Vision (DE)"},"image":{"@id":"https:\/\/trendsandvision.nl\/de\/#\/schema\/logo\/image\/"}}]}},"_links":{"self":[{"href":"https:\/\/trendsandvision.nl\/de\/wp-json\/wp\/v2\/product\/7950","targetHints":{"allow":["GET"]}}],"collection":[{"href":"https:\/\/trendsandvision.nl\/de\/wp-json\/wp\/v2\/product"}],"about":[{"href":"https:\/\/trendsandvision.nl\/de\/wp-json\/wp\/v2\/types\/product"}],"wp:featuredmedia":[{"embeddable":true,"href":"https:\/\/trendsandvision.nl\/de\/wp-json\/wp\/v2\/media\/7951"}],"wp:attachment":[{"href":"https:\/\/trendsandvision.nl\/de\/wp-json\/wp\/v2\/media?parent=7950"}],"wp:term":[{"taxonomy":"product_brand","embeddable":true,"href":"https:\/\/trendsandvision.nl\/de\/wp-json\/wp\/v2\/product_brand?post=7950"},{"taxonomy":"product_cat","embeddable":true,"href":"https:\/\/trendsandvision.nl\/de\/wp-json\/wp\/v2\/product_cat?post=7950"},{"taxonomy":"product_tag","embeddable":true,"href":"https:\/\/trendsandvision.nl\/de\/wp-json\/wp\/v2\/product_tag?post=7950"}],"curies":[{"name":"wp","href":"https:\/\/api.w.org\/{rel}","templated":true}]}}