{"id":7915,"date":"2022-04-22T23:26:07","date_gmt":"2022-04-22T21:26:07","guid":{"rendered":"https:\/\/trendsandvision.nl\/de\/product\/esschert-design-pflanzensprueher-farbig\/"},"modified":"2026-04-07T10:49:13","modified_gmt":"2026-04-07T08:49:13","slug":"esschert-design-pflanzensprueher-farbig-wahl","status":"publish","type":"product","link":"https:\/\/trendsandvision.nl\/de\/product\/esschert-design-pflanzensprueher-farbig-wahl\/","title":{"rendered":"Esschert Design Pflanzenspr\u00fcher farbig-Wahl"},"content":{"rendered":"<p>Der sanfte Spr\u00fchnebel sorgt bei der Aussaat sorgt daf\u00fcr dass die Erde feucht bleibt und die Samen gleichzeitig nicht weggesp\u00fclt werden.<br \/>\nAusgewachsene Pflanzen nehmen \u00fcber ihre Bl\u00e4tter ebenfalls Wasser auf.<br \/>\nBefeuchten Sie vor allen bei niedriger Luftfeuchte sowohl die Bl\u00e4tter ihrer Zimmer- als auf Gartenpflanzen regelm\u00e4\u00dfig mit diesem Pflanzenspr\u00fcher.<br \/>\n&#8211; Wahl\/preis pro st\u00fcck von 4 Farben (blau, gr\u00fcn, pink, orange)<br \/>\n&#8211; Feiner Spr\u00fchnebel<br \/>\n&#8211; Einhandbedienung<br \/>\n&#8211; Glasbeh\u00e4lter<br \/>\nArtikelname: Pflanzenspr\u00fcher farbig sortiert<br \/>\nArtikelnummer: TG73<br \/>\nWahl\/preis pro st\u00fcck<br \/>\nProduktgruppe(n) Garten&amp;Terrasse, Gartenger\u00e4te, Gie\u00dfkannen und Spr\u00fchger\u00e4te<br \/>\nProduktabmessungen in cm L 8,8 x T 8,8 x H 15,4<br \/>\nVolumen in Litern 0,232<br \/>\nMaterial Glas, PP<br \/>\nNettogewicht 0,166 kg<br \/>\nBarcode 8714982018275<\/p>\n","protected":false},"excerpt":{"rendered":"<p>Artikelname: Pflanzenspr\u00fcher farbig sortiert<br \/>\nArtikelnummer: TG73<br \/>\nWahl\/preis pro st\u00fcck<br \/>\nFeiner Spr\u00fchnebel<br \/>\nEinhandbedienung<br \/>\nGlasbeh\u00e4lter<br \/>\nL 8,8 x T 8,8 x H 15,4 cm<br \/>\nVolumen in Litern 0,232<br \/>\nMaterial Glas, PP<br \/>\nNettogewicht 0,166 kg<br \/>\nBarcode 8714982018275<\/p>\n","protected":false},"featured_media":7916,"template":"","meta":[],"product_brand":[9597,9598],"product_cat":[1284],"product_tag":[10342,7477,7063,6945],"class_list":{"0":"post-7915","1":"product","2":"type-product","3":"status-publish","4":"has-post-thumbnail","6":"product_brand-esschert-design","7":"product_brand-trends-and-vision","8":"product_cat-water-in-the-garden","9":"product_tag-einhandbedienung","10":"product_tag-glas","11":"product_tag-pflanzensprueher","12":"product_tag-wahl","13":"pa_anbieter-esschert-design","14":"pa_ean-code-4519","15":"pa_material-verzinktes-metall-und-glas","16":"pa_messungen-o-9x16-cm","18":"first","19":"instock","20":"sale","21":"taxable","22":"shipping-taxable","23":"purchasable","24":"product-type-simple","25":"czr-hentry"},"yoast_head":"<!-- This site is optimized with the Yoast SEO Premium plugin v26.4 (Yoast SEO v27.4) - https:\/\/yoast.com\/product\/yoast-seo-premium-wordpress\/ -->\n<title>Esschert Design Pflanzenspr\u00fcher farbig (TG73, 8714982018275) - Trends &amp; Vision<\/title>\n<meta name=\"description\" content=\"Esschert Design Pflanzenspr\u00fcher farbig: Klassischer Pflanzspr\u00fcher aus Glas. Inhalt: 0,2 Liter. In den Farben: orange, blau, pink oder gr\u00fcn.\" \/>\n<meta name=\"robots\" content=\"index, follow, max-snippet:-1, max-image-preview:large, max-video-preview:-1\" \/>\n<link rel=\"canonical\" href=\"https:\/\/trendsandvision.nl\/de\/product\/esschert-design-pflanzensprueher-farbig-wahl\/\" \/>\n<meta property=\"og:locale\" content=\"de_DE\" \/>\n<meta property=\"og:type\" content=\"article\" \/>\n<meta property=\"og:title\" content=\"Esschert Design Pflanzenspr\u00fcher farbig-Wahl\" \/>\n<meta property=\"og:description\" content=\"Esschert Design Pflanzenspr\u00fcher farbig: Klassischer Pflanzspr\u00fcher aus Glas. Inhalt: 0,2 Liter. In den Farben: orange, blau, pink oder gr\u00fcn.\" \/>\n<meta property=\"og:url\" content=\"https:\/\/trendsandvision.nl\/de\/product\/esschert-design-pflanzensprueher-farbig-wahl\/\" \/>\n<meta property=\"og:site_name\" content=\"Trends &amp; Vision (DE)\" \/>\n<meta property=\"article:modified_time\" content=\"2026-04-07T08:49:13+00:00\" \/>\n<meta property=\"og:image\" content=\"https:\/\/trendsandvision.nl\/de\/wp-content\/uploads\/sites\/3\/2022\/04\/TG73_01.jpg\" \/>\n\t<meta property=\"og:image:width\" content=\"800\" \/>\n\t<meta property=\"og:image:height\" content=\"800\" \/>\n\t<meta property=\"og:image:type\" content=\"image\/jpeg\" \/>\n<meta name=\"twitter:card\" content=\"summary_large_image\" \/>\n<meta name=\"twitter:label1\" content=\"Gesch\u00e4tzte Lesezeit\" \/>\n\t<meta name=\"twitter:data1\" content=\"1\u00a0Minute\" \/>\n<script type=\"application\/ld+json\" class=\"yoast-schema-graph\">{\"@context\":\"https:\\\/\\\/schema.org\",\"@graph\":[{\"@type\":\"WebPage\",\"@id\":\"https:\\\/\\\/trendsandvision.nl\\\/de\\\/product\\\/esschert-design-pflanzensprueher-farbig-wahl\\\/\",\"url\":\"https:\\\/\\\/trendsandvision.nl\\\/de\\\/product\\\/esschert-design-pflanzensprueher-farbig-wahl\\\/\",\"name\":\"Esschert Design Pflanzenspr\u00fcher farbig (TG73, 8714982018275) - Trends & Vision\",\"isPartOf\":{\"@id\":\"https:\\\/\\\/trendsandvision.nl\\\/de\\\/#website\"},\"primaryImageOfPage\":{\"@id\":\"https:\\\/\\\/trendsandvision.nl\\\/de\\\/product\\\/esschert-design-pflanzensprueher-farbig-wahl\\\/#primaryimage\"},\"image\":{\"@id\":\"https:\\\/\\\/trendsandvision.nl\\\/de\\\/product\\\/esschert-design-pflanzensprueher-farbig-wahl\\\/#primaryimage\"},\"thumbnailUrl\":\"https:\\\/\\\/trendsandvision.nl\\\/de\\\/wp-content\\\/uploads\\\/sites\\\/3\\\/2022\\\/04\\\/TG73_01.jpg\",\"datePublished\":\"2022-04-22T21:26:07+00:00\",\"dateModified\":\"2026-04-07T08:49:13+00:00\",\"description\":\"Esschert Design Pflanzenspr\u00fcher farbig: Klassischer Pflanzspr\u00fcher aus Glas. Inhalt: 0,2 Liter. In den Farben: orange, blau, pink oder gr\u00fcn.\",\"breadcrumb\":{\"@id\":\"https:\\\/\\\/trendsandvision.nl\\\/de\\\/product\\\/esschert-design-pflanzensprueher-farbig-wahl\\\/#breadcrumb\"},\"inLanguage\":\"de\",\"potentialAction\":[{\"@type\":\"ReadAction\",\"target\":[\"https:\\\/\\\/trendsandvision.nl\\\/de\\\/product\\\/esschert-design-pflanzensprueher-farbig-wahl\\\/\"]}]},{\"@type\":\"ImageObject\",\"inLanguage\":\"de\",\"@id\":\"https:\\\/\\\/trendsandvision.nl\\\/de\\\/product\\\/esschert-design-pflanzensprueher-farbig-wahl\\\/#primaryimage\",\"url\":\"https:\\\/\\\/trendsandvision.nl\\\/de\\\/wp-content\\\/uploads\\\/sites\\\/3\\\/2022\\\/04\\\/TG73_01.jpg\",\"contentUrl\":\"https:\\\/\\\/trendsandvision.nl\\\/de\\\/wp-content\\\/uploads\\\/sites\\\/3\\\/2022\\\/04\\\/TG73_01.jpg\",\"width\":800,\"height\":800,\"caption\":\"Esschert Design Pflanzenspr\u00fcher farbig (TG73\"},{\"@type\":\"BreadcrumbList\",\"@id\":\"https:\\\/\\\/trendsandvision.nl\\\/de\\\/product\\\/esschert-design-pflanzensprueher-farbig-wahl\\\/#breadcrumb\",\"itemListElement\":[{\"@type\":\"ListItem\",\"position\":1,\"name\":\"Home\",\"item\":\"https:\\\/\\\/trendsandvision.nl\\\/de\\\/\"},{\"@type\":\"ListItem\",\"position\":2,\"name\":\"Gesch\u00e4ft\",\"item\":\"https:\\\/\\\/trendsandvision.nl\\\/de\\\/geschaft\\\/\"},{\"@type\":\"ListItem\",\"position\":3,\"name\":\"Esschert Design Pflanzenspr\u00fcher farbig-Wahl\"}]},{\"@type\":\"WebSite\",\"@id\":\"https:\\\/\\\/trendsandvision.nl\\\/de\\\/#website\",\"url\":\"https:\\\/\\\/trendsandvision.nl\\\/de\\\/\",\"name\":\"Trends &amp; Vision (DE)\",\"description\":\"Der Webshop f\u00fcr Esschert Design Artikel\",\"publisher\":{\"@id\":\"https:\\\/\\\/trendsandvision.nl\\\/de\\\/#organization\"},\"potentialAction\":[{\"@type\":\"SearchAction\",\"target\":{\"@type\":\"EntryPoint\",\"urlTemplate\":\"https:\\\/\\\/trendsandvision.nl\\\/de\\\/?s={search_term_string}\"},\"query-input\":{\"@type\":\"PropertyValueSpecification\",\"valueRequired\":true,\"valueName\":\"search_term_string\"}}],\"inLanguage\":\"de\"},{\"@type\":\"Organization\",\"@id\":\"https:\\\/\\\/trendsandvision.nl\\\/de\\\/#organization\",\"name\":\"Trends &amp; Vision (DE)\",\"url\":\"https:\\\/\\\/trendsandvision.nl\\\/de\\\/\",\"logo\":{\"@type\":\"ImageObject\",\"inLanguage\":\"de\",\"@id\":\"https:\\\/\\\/trendsandvision.nl\\\/de\\\/#\\\/schema\\\/logo\\\/image\\\/\",\"url\":\"https:\\\/\\\/trendsandvision.nl\\\/de\\\/wp-content\\\/uploads\\\/sites\\\/3\\\/2022\\\/04\\\/trends-and-vision-logo.jpg\",\"contentUrl\":\"https:\\\/\\\/trendsandvision.nl\\\/de\\\/wp-content\\\/uploads\\\/sites\\\/3\\\/2022\\\/04\\\/trends-and-vision-logo.jpg\",\"width\":213,\"height\":100,\"caption\":\"Trends &amp; Vision (DE)\"},\"image\":{\"@id\":\"https:\\\/\\\/trendsandvision.nl\\\/de\\\/#\\\/schema\\\/logo\\\/image\\\/\"}}]}<\/script>\n<!-- \/ Yoast SEO Premium plugin. -->","yoast_head_json":{"title":"Esschert Design Pflanzenspr\u00fcher farbig (TG73, 8714982018275) - Trends & Vision","description":"Esschert Design Pflanzenspr\u00fcher farbig: Klassischer Pflanzspr\u00fcher aus Glas. Inhalt: 0,2 Liter. In den Farben: orange, blau, pink oder gr\u00fcn.","robots":{"index":"index","follow":"follow","max-snippet":"max-snippet:-1","max-image-preview":"max-image-preview:large","max-video-preview":"max-video-preview:-1"},"canonical":"https:\/\/trendsandvision.nl\/de\/product\/esschert-design-pflanzensprueher-farbig-wahl\/","og_locale":"de_DE","og_type":"article","og_title":"Esschert Design Pflanzenspr\u00fcher farbig-Wahl","og_description":"Esschert Design Pflanzenspr\u00fcher farbig: Klassischer Pflanzspr\u00fcher aus Glas. Inhalt: 0,2 Liter. In den Farben: orange, blau, pink oder gr\u00fcn.","og_url":"https:\/\/trendsandvision.nl\/de\/product\/esschert-design-pflanzensprueher-farbig-wahl\/","og_site_name":"Trends &amp; Vision (DE)","article_modified_time":"2026-04-07T08:49:13+00:00","og_image":[{"width":800,"height":800,"url":"https:\/\/trendsandvision.nl\/de\/wp-content\/uploads\/sites\/3\/2022\/04\/TG73_01.jpg","type":"image\/jpeg"}],"twitter_card":"summary_large_image","twitter_misc":{"Gesch\u00e4tzte Lesezeit":"1\u00a0Minute"},"schema":{"@context":"https:\/\/schema.org","@graph":[{"@type":"WebPage","@id":"https:\/\/trendsandvision.nl\/de\/product\/esschert-design-pflanzensprueher-farbig-wahl\/","url":"https:\/\/trendsandvision.nl\/de\/product\/esschert-design-pflanzensprueher-farbig-wahl\/","name":"Esschert Design Pflanzenspr\u00fcher farbig (TG73, 8714982018275) - Trends & Vision","isPartOf":{"@id":"https:\/\/trendsandvision.nl\/de\/#website"},"primaryImageOfPage":{"@id":"https:\/\/trendsandvision.nl\/de\/product\/esschert-design-pflanzensprueher-farbig-wahl\/#primaryimage"},"image":{"@id":"https:\/\/trendsandvision.nl\/de\/product\/esschert-design-pflanzensprueher-farbig-wahl\/#primaryimage"},"thumbnailUrl":"https:\/\/trendsandvision.nl\/de\/wp-content\/uploads\/sites\/3\/2022\/04\/TG73_01.jpg","datePublished":"2022-04-22T21:26:07+00:00","dateModified":"2026-04-07T08:49:13+00:00","description":"Esschert Design Pflanzenspr\u00fcher farbig: Klassischer Pflanzspr\u00fcher aus Glas. Inhalt: 0,2 Liter. In den Farben: orange, blau, pink oder gr\u00fcn.","breadcrumb":{"@id":"https:\/\/trendsandvision.nl\/de\/product\/esschert-design-pflanzensprueher-farbig-wahl\/#breadcrumb"},"inLanguage":"de","potentialAction":[{"@type":"ReadAction","target":["https:\/\/trendsandvision.nl\/de\/product\/esschert-design-pflanzensprueher-farbig-wahl\/"]}]},{"@type":"ImageObject","inLanguage":"de","@id":"https:\/\/trendsandvision.nl\/de\/product\/esschert-design-pflanzensprueher-farbig-wahl\/#primaryimage","url":"https:\/\/trendsandvision.nl\/de\/wp-content\/uploads\/sites\/3\/2022\/04\/TG73_01.jpg","contentUrl":"https:\/\/trendsandvision.nl\/de\/wp-content\/uploads\/sites\/3\/2022\/04\/TG73_01.jpg","width":800,"height":800,"caption":"Esschert Design Pflanzenspr\u00fcher farbig (TG73"},{"@type":"BreadcrumbList","@id":"https:\/\/trendsandvision.nl\/de\/product\/esschert-design-pflanzensprueher-farbig-wahl\/#breadcrumb","itemListElement":[{"@type":"ListItem","position":1,"name":"Home","item":"https:\/\/trendsandvision.nl\/de\/"},{"@type":"ListItem","position":2,"name":"Gesch\u00e4ft","item":"https:\/\/trendsandvision.nl\/de\/geschaft\/"},{"@type":"ListItem","position":3,"name":"Esschert Design Pflanzenspr\u00fcher farbig-Wahl"}]},{"@type":"WebSite","@id":"https:\/\/trendsandvision.nl\/de\/#website","url":"https:\/\/trendsandvision.nl\/de\/","name":"Trends &amp; Vision (DE)","description":"Der Webshop f\u00fcr Esschert Design Artikel","publisher":{"@id":"https:\/\/trendsandvision.nl\/de\/#organization"},"potentialAction":[{"@type":"SearchAction","target":{"@type":"EntryPoint","urlTemplate":"https:\/\/trendsandvision.nl\/de\/?s={search_term_string}"},"query-input":{"@type":"PropertyValueSpecification","valueRequired":true,"valueName":"search_term_string"}}],"inLanguage":"de"},{"@type":"Organization","@id":"https:\/\/trendsandvision.nl\/de\/#organization","name":"Trends &amp; Vision (DE)","url":"https:\/\/trendsandvision.nl\/de\/","logo":{"@type":"ImageObject","inLanguage":"de","@id":"https:\/\/trendsandvision.nl\/de\/#\/schema\/logo\/image\/","url":"https:\/\/trendsandvision.nl\/de\/wp-content\/uploads\/sites\/3\/2022\/04\/trends-and-vision-logo.jpg","contentUrl":"https:\/\/trendsandvision.nl\/de\/wp-content\/uploads\/sites\/3\/2022\/04\/trends-and-vision-logo.jpg","width":213,"height":100,"caption":"Trends &amp; Vision (DE)"},"image":{"@id":"https:\/\/trendsandvision.nl\/de\/#\/schema\/logo\/image\/"}}]}},"_links":{"self":[{"href":"https:\/\/trendsandvision.nl\/de\/wp-json\/wp\/v2\/product\/7915","targetHints":{"allow":["GET"]}}],"collection":[{"href":"https:\/\/trendsandvision.nl\/de\/wp-json\/wp\/v2\/product"}],"about":[{"href":"https:\/\/trendsandvision.nl\/de\/wp-json\/wp\/v2\/types\/product"}],"wp:featuredmedia":[{"embeddable":true,"href":"https:\/\/trendsandvision.nl\/de\/wp-json\/wp\/v2\/media\/7916"}],"wp:attachment":[{"href":"https:\/\/trendsandvision.nl\/de\/wp-json\/wp\/v2\/media?parent=7915"}],"wp:term":[{"taxonomy":"product_brand","embeddable":true,"href":"https:\/\/trendsandvision.nl\/de\/wp-json\/wp\/v2\/product_brand?post=7915"},{"taxonomy":"product_cat","embeddable":true,"href":"https:\/\/trendsandvision.nl\/de\/wp-json\/wp\/v2\/product_cat?post=7915"},{"taxonomy":"product_tag","embeddable":true,"href":"https:\/\/trendsandvision.nl\/de\/wp-json\/wp\/v2\/product_tag?post=7915"}],"curies":[{"name":"wp","href":"https:\/\/api.w.org\/{rel}","templated":true}]}}