{"id":7895,"date":"2022-04-22T23:25:34","date_gmt":"2022-04-22T21:25:34","guid":{"rendered":"https:\/\/trendsandvision.nl\/de\/product\/esschert-design-giesskanne-1-5-ltr\/"},"modified":"2026-04-07T10:49:09","modified_gmt":"2026-04-07T08:49:09","slug":"esschert-design-giesskanne-1-5-ltr","status":"publish","type":"product","link":"https:\/\/trendsandvision.nl\/de\/product\/esschert-design-giesskanne-1-5-ltr\/","title":{"rendered":"Esschert Design Gie\u00dfkanne 1.5 ltr"},"content":{"rendered":"<p>Pflanzen brauchen regelm\u00e4\u00dfig Wasser. Dank der langen und schmalen T\u00fclle ist es m\u00f6glich Pflanzen ganz gezielt und gerichtet Wasser zu geben. Diese Gie\u00dfkanne hat an der Oberseite eine gro\u00dfe \u00d6ffnung, wodurch sie einfach um schnell mit Wasser gef\u00fcllt werden kann.<\/p>\n<p>&#8211; gezieltes W\u00e4ssern<br \/>\n&#8211; ergonomischer Handgriff<br \/>\n&#8211; f\u00fcr drinnen und drau\u00dfen geeignet<\/p>\n<p>Artikelname: Gie\u00dfkanne 1,5l<br \/>\nArtikelnummer TG45<br \/>\nProduktgruppe(n) Garten&amp;Terrasse, Gartenger\u00e4te, Gie\u00dfkannen und Spr\u00fchger\u00e4te, Indoor, Sonstiges, Zimmergie\u00dfkannen<br \/>\nProduktabmessungen in cm L 38,3 x T 13,2 x H 24,4<br \/>\nVolumen in Litern 1,553<br \/>\nMaterial Edelstahl<br \/>\nNettogewicht 0,391 kg<br \/>\nBarcode 8714982013638<\/p>\n","protected":false},"excerpt":{"rendered":"<p>L 38,3 x T 13,2 x H 24,4 cm<br \/>\nVolumen in Litern 1,553<br \/>\nMaterial Edelstahl<br \/>\nNettogewicht 0,391 kg<br \/>\nBarcode 8714982013638<\/p>\n","protected":false},"featured_media":7896,"template":"","meta":[],"product_brand":[9597,9598],"product_cat":[1284],"product_tag":[6950,6786],"class_list":{"0":"post-7895","1":"product","2":"type-product","3":"status-publish","4":"has-post-thumbnail","6":"product_brand-esschert-design","7":"product_brand-trends-and-vision","8":"product_cat-water-in-the-garden","9":"product_tag-edelstahl","10":"product_tag-giesskannen","11":"pa_anbieter-esschert-design","12":"pa_ean-code-4508","13":"pa_material-rfs","14":"pa_messungen-44x13x20-cm","16":"first","17":"instock","18":"sale","19":"taxable","20":"shipping-taxable","21":"purchasable","22":"product-type-simple","23":"czr-hentry"},"yoast_head":"<!-- This site is optimized with the Yoast SEO Premium plugin v26.4 (Yoast SEO v27.4) - https:\/\/yoast.com\/product\/yoast-seo-premium-wordpress\/ -->\n<title>Esschert Design Gie\u00dfkanne 1.5 ltr (TG45, 8714982013638) - Trends &amp; Vision<\/title>\n<meta name=\"description\" content=\"Esschert Design Gie\u00dfkanne 1.5 ltr: RFS Gie\u00dfkanne. Inhalt: 1,5 Liter.\" \/>\n<meta name=\"robots\" content=\"index, follow, max-snippet:-1, max-image-preview:large, max-video-preview:-1\" \/>\n<link rel=\"canonical\" href=\"https:\/\/trendsandvision.nl\/de\/product\/esschert-design-giesskanne-1-5-ltr\/\" \/>\n<meta property=\"og:locale\" content=\"de_DE\" \/>\n<meta property=\"og:type\" content=\"article\" \/>\n<meta property=\"og:title\" content=\"Esschert Design Gie\u00dfkanne 1.5 ltr\" \/>\n<meta property=\"og:description\" content=\"Esschert Design Gie\u00dfkanne 1.5 ltr: RFS Gie\u00dfkanne. Inhalt: 1,5 Liter.\" \/>\n<meta property=\"og:url\" content=\"https:\/\/trendsandvision.nl\/de\/product\/esschert-design-giesskanne-1-5-ltr\/\" \/>\n<meta property=\"og:site_name\" content=\"Trends &amp; Vision (DE)\" \/>\n<meta property=\"article:modified_time\" content=\"2026-04-07T08:49:09+00:00\" \/>\n<meta property=\"og:image\" content=\"https:\/\/trendsandvision.nl\/de\/wp-content\/uploads\/sites\/3\/2022\/04\/TG45_01.jpg\" \/>\n\t<meta property=\"og:image:width\" content=\"800\" \/>\n\t<meta property=\"og:image:height\" content=\"800\" \/>\n\t<meta property=\"og:image:type\" content=\"image\/jpeg\" \/>\n<meta name=\"twitter:card\" content=\"summary_large_image\" \/>\n<meta name=\"twitter:label1\" content=\"Gesch\u00e4tzte Lesezeit\" \/>\n\t<meta name=\"twitter:data1\" content=\"1\u00a0Minute\" \/>\n<script type=\"application\/ld+json\" class=\"yoast-schema-graph\">{\"@context\":\"https:\\\/\\\/schema.org\",\"@graph\":[{\"@type\":\"WebPage\",\"@id\":\"https:\\\/\\\/trendsandvision.nl\\\/de\\\/product\\\/esschert-design-giesskanne-1-5-ltr\\\/\",\"url\":\"https:\\\/\\\/trendsandvision.nl\\\/de\\\/product\\\/esschert-design-giesskanne-1-5-ltr\\\/\",\"name\":\"Esschert Design Gie\u00dfkanne 1.5 ltr (TG45, 8714982013638) - Trends & Vision\",\"isPartOf\":{\"@id\":\"https:\\\/\\\/trendsandvision.nl\\\/de\\\/#website\"},\"primaryImageOfPage\":{\"@id\":\"https:\\\/\\\/trendsandvision.nl\\\/de\\\/product\\\/esschert-design-giesskanne-1-5-ltr\\\/#primaryimage\"},\"image\":{\"@id\":\"https:\\\/\\\/trendsandvision.nl\\\/de\\\/product\\\/esschert-design-giesskanne-1-5-ltr\\\/#primaryimage\"},\"thumbnailUrl\":\"https:\\\/\\\/trendsandvision.nl\\\/de\\\/wp-content\\\/uploads\\\/sites\\\/3\\\/2022\\\/04\\\/TG45_01.jpg\",\"datePublished\":\"2022-04-22T21:25:34+00:00\",\"dateModified\":\"2026-04-07T08:49:09+00:00\",\"description\":\"Esschert Design Gie\u00dfkanne 1.5 ltr: RFS Gie\u00dfkanne. Inhalt: 1,5 Liter.\",\"breadcrumb\":{\"@id\":\"https:\\\/\\\/trendsandvision.nl\\\/de\\\/product\\\/esschert-design-giesskanne-1-5-ltr\\\/#breadcrumb\"},\"inLanguage\":\"de\",\"potentialAction\":[{\"@type\":\"ReadAction\",\"target\":[\"https:\\\/\\\/trendsandvision.nl\\\/de\\\/product\\\/esschert-design-giesskanne-1-5-ltr\\\/\"]}]},{\"@type\":\"ImageObject\",\"inLanguage\":\"de\",\"@id\":\"https:\\\/\\\/trendsandvision.nl\\\/de\\\/product\\\/esschert-design-giesskanne-1-5-ltr\\\/#primaryimage\",\"url\":\"https:\\\/\\\/trendsandvision.nl\\\/de\\\/wp-content\\\/uploads\\\/sites\\\/3\\\/2022\\\/04\\\/TG45_01.jpg\",\"contentUrl\":\"https:\\\/\\\/trendsandvision.nl\\\/de\\\/wp-content\\\/uploads\\\/sites\\\/3\\\/2022\\\/04\\\/TG45_01.jpg\",\"width\":800,\"height\":800,\"caption\":\"Esschert Design Gie\u00dfkanne 1.5 ltr (TG45\"},{\"@type\":\"BreadcrumbList\",\"@id\":\"https:\\\/\\\/trendsandvision.nl\\\/de\\\/product\\\/esschert-design-giesskanne-1-5-ltr\\\/#breadcrumb\",\"itemListElement\":[{\"@type\":\"ListItem\",\"position\":1,\"name\":\"Home\",\"item\":\"https:\\\/\\\/trendsandvision.nl\\\/de\\\/\"},{\"@type\":\"ListItem\",\"position\":2,\"name\":\"Gesch\u00e4ft\",\"item\":\"https:\\\/\\\/trendsandvision.nl\\\/de\\\/geschaft\\\/\"},{\"@type\":\"ListItem\",\"position\":3,\"name\":\"Esschert Design Gie\u00dfkanne 1.5 ltr\"}]},{\"@type\":\"WebSite\",\"@id\":\"https:\\\/\\\/trendsandvision.nl\\\/de\\\/#website\",\"url\":\"https:\\\/\\\/trendsandvision.nl\\\/de\\\/\",\"name\":\"Trends &amp; Vision (DE)\",\"description\":\"Der Webshop f\u00fcr Esschert Design Artikel\",\"publisher\":{\"@id\":\"https:\\\/\\\/trendsandvision.nl\\\/de\\\/#organization\"},\"potentialAction\":[{\"@type\":\"SearchAction\",\"target\":{\"@type\":\"EntryPoint\",\"urlTemplate\":\"https:\\\/\\\/trendsandvision.nl\\\/de\\\/?s={search_term_string}\"},\"query-input\":{\"@type\":\"PropertyValueSpecification\",\"valueRequired\":true,\"valueName\":\"search_term_string\"}}],\"inLanguage\":\"de\"},{\"@type\":\"Organization\",\"@id\":\"https:\\\/\\\/trendsandvision.nl\\\/de\\\/#organization\",\"name\":\"Trends &amp; Vision (DE)\",\"url\":\"https:\\\/\\\/trendsandvision.nl\\\/de\\\/\",\"logo\":{\"@type\":\"ImageObject\",\"inLanguage\":\"de\",\"@id\":\"https:\\\/\\\/trendsandvision.nl\\\/de\\\/#\\\/schema\\\/logo\\\/image\\\/\",\"url\":\"https:\\\/\\\/trendsandvision.nl\\\/de\\\/wp-content\\\/uploads\\\/sites\\\/3\\\/2022\\\/04\\\/trends-and-vision-logo.jpg\",\"contentUrl\":\"https:\\\/\\\/trendsandvision.nl\\\/de\\\/wp-content\\\/uploads\\\/sites\\\/3\\\/2022\\\/04\\\/trends-and-vision-logo.jpg\",\"width\":213,\"height\":100,\"caption\":\"Trends &amp; Vision (DE)\"},\"image\":{\"@id\":\"https:\\\/\\\/trendsandvision.nl\\\/de\\\/#\\\/schema\\\/logo\\\/image\\\/\"}}]}<\/script>\n<!-- \/ Yoast SEO Premium plugin. -->","yoast_head_json":{"title":"Esschert Design Gie\u00dfkanne 1.5 ltr (TG45, 8714982013638) - Trends & Vision","description":"Esschert Design Gie\u00dfkanne 1.5 ltr: RFS Gie\u00dfkanne. Inhalt: 1,5 Liter.","robots":{"index":"index","follow":"follow","max-snippet":"max-snippet:-1","max-image-preview":"max-image-preview:large","max-video-preview":"max-video-preview:-1"},"canonical":"https:\/\/trendsandvision.nl\/de\/product\/esschert-design-giesskanne-1-5-ltr\/","og_locale":"de_DE","og_type":"article","og_title":"Esschert Design Gie\u00dfkanne 1.5 ltr","og_description":"Esschert Design Gie\u00dfkanne 1.5 ltr: RFS Gie\u00dfkanne. Inhalt: 1,5 Liter.","og_url":"https:\/\/trendsandvision.nl\/de\/product\/esschert-design-giesskanne-1-5-ltr\/","og_site_name":"Trends &amp; Vision (DE)","article_modified_time":"2026-04-07T08:49:09+00:00","og_image":[{"width":800,"height":800,"url":"https:\/\/trendsandvision.nl\/de\/wp-content\/uploads\/sites\/3\/2022\/04\/TG45_01.jpg","type":"image\/jpeg"}],"twitter_card":"summary_large_image","twitter_misc":{"Gesch\u00e4tzte Lesezeit":"1\u00a0Minute"},"schema":{"@context":"https:\/\/schema.org","@graph":[{"@type":"WebPage","@id":"https:\/\/trendsandvision.nl\/de\/product\/esschert-design-giesskanne-1-5-ltr\/","url":"https:\/\/trendsandvision.nl\/de\/product\/esschert-design-giesskanne-1-5-ltr\/","name":"Esschert Design Gie\u00dfkanne 1.5 ltr (TG45, 8714982013638) - Trends & Vision","isPartOf":{"@id":"https:\/\/trendsandvision.nl\/de\/#website"},"primaryImageOfPage":{"@id":"https:\/\/trendsandvision.nl\/de\/product\/esschert-design-giesskanne-1-5-ltr\/#primaryimage"},"image":{"@id":"https:\/\/trendsandvision.nl\/de\/product\/esschert-design-giesskanne-1-5-ltr\/#primaryimage"},"thumbnailUrl":"https:\/\/trendsandvision.nl\/de\/wp-content\/uploads\/sites\/3\/2022\/04\/TG45_01.jpg","datePublished":"2022-04-22T21:25:34+00:00","dateModified":"2026-04-07T08:49:09+00:00","description":"Esschert Design Gie\u00dfkanne 1.5 ltr: RFS Gie\u00dfkanne. Inhalt: 1,5 Liter.","breadcrumb":{"@id":"https:\/\/trendsandvision.nl\/de\/product\/esschert-design-giesskanne-1-5-ltr\/#breadcrumb"},"inLanguage":"de","potentialAction":[{"@type":"ReadAction","target":["https:\/\/trendsandvision.nl\/de\/product\/esschert-design-giesskanne-1-5-ltr\/"]}]},{"@type":"ImageObject","inLanguage":"de","@id":"https:\/\/trendsandvision.nl\/de\/product\/esschert-design-giesskanne-1-5-ltr\/#primaryimage","url":"https:\/\/trendsandvision.nl\/de\/wp-content\/uploads\/sites\/3\/2022\/04\/TG45_01.jpg","contentUrl":"https:\/\/trendsandvision.nl\/de\/wp-content\/uploads\/sites\/3\/2022\/04\/TG45_01.jpg","width":800,"height":800,"caption":"Esschert Design Gie\u00dfkanne 1.5 ltr (TG45"},{"@type":"BreadcrumbList","@id":"https:\/\/trendsandvision.nl\/de\/product\/esschert-design-giesskanne-1-5-ltr\/#breadcrumb","itemListElement":[{"@type":"ListItem","position":1,"name":"Home","item":"https:\/\/trendsandvision.nl\/de\/"},{"@type":"ListItem","position":2,"name":"Gesch\u00e4ft","item":"https:\/\/trendsandvision.nl\/de\/geschaft\/"},{"@type":"ListItem","position":3,"name":"Esschert Design Gie\u00dfkanne 1.5 ltr"}]},{"@type":"WebSite","@id":"https:\/\/trendsandvision.nl\/de\/#website","url":"https:\/\/trendsandvision.nl\/de\/","name":"Trends &amp; Vision (DE)","description":"Der Webshop f\u00fcr Esschert Design Artikel","publisher":{"@id":"https:\/\/trendsandvision.nl\/de\/#organization"},"potentialAction":[{"@type":"SearchAction","target":{"@type":"EntryPoint","urlTemplate":"https:\/\/trendsandvision.nl\/de\/?s={search_term_string}"},"query-input":{"@type":"PropertyValueSpecification","valueRequired":true,"valueName":"search_term_string"}}],"inLanguage":"de"},{"@type":"Organization","@id":"https:\/\/trendsandvision.nl\/de\/#organization","name":"Trends &amp; Vision (DE)","url":"https:\/\/trendsandvision.nl\/de\/","logo":{"@type":"ImageObject","inLanguage":"de","@id":"https:\/\/trendsandvision.nl\/de\/#\/schema\/logo\/image\/","url":"https:\/\/trendsandvision.nl\/de\/wp-content\/uploads\/sites\/3\/2022\/04\/trends-and-vision-logo.jpg","contentUrl":"https:\/\/trendsandvision.nl\/de\/wp-content\/uploads\/sites\/3\/2022\/04\/trends-and-vision-logo.jpg","width":213,"height":100,"caption":"Trends &amp; Vision (DE)"},"image":{"@id":"https:\/\/trendsandvision.nl\/de\/#\/schema\/logo\/image\/"}}]}},"_links":{"self":[{"href":"https:\/\/trendsandvision.nl\/de\/wp-json\/wp\/v2\/product\/7895","targetHints":{"allow":["GET"]}}],"collection":[{"href":"https:\/\/trendsandvision.nl\/de\/wp-json\/wp\/v2\/product"}],"about":[{"href":"https:\/\/trendsandvision.nl\/de\/wp-json\/wp\/v2\/types\/product"}],"wp:featuredmedia":[{"embeddable":true,"href":"https:\/\/trendsandvision.nl\/de\/wp-json\/wp\/v2\/media\/7896"}],"wp:attachment":[{"href":"https:\/\/trendsandvision.nl\/de\/wp-json\/wp\/v2\/media?parent=7895"}],"wp:term":[{"taxonomy":"product_brand","embeddable":true,"href":"https:\/\/trendsandvision.nl\/de\/wp-json\/wp\/v2\/product_brand?post=7895"},{"taxonomy":"product_cat","embeddable":true,"href":"https:\/\/trendsandvision.nl\/de\/wp-json\/wp\/v2\/product_cat?post=7895"},{"taxonomy":"product_tag","embeddable":true,"href":"https:\/\/trendsandvision.nl\/de\/wp-json\/wp\/v2\/product_tag?post=7895"}],"curies":[{"name":"wp","href":"https:\/\/api.w.org\/{rel}","templated":true}]}}