{"id":7869,"date":"2022-04-22T23:24:49","date_gmt":"2022-04-22T21:24:49","guid":{"rendered":"https:\/\/trendsandvision.nl\/de\/product\/recycled-vintage-gieter-l\/"},"modified":"2026-04-07T10:48:33","modified_gmt":"2026-04-07T08:48:33","slug":"recycelte-vintage-giesskanne-l","status":"publish","type":"product","link":"https:\/\/trendsandvision.nl\/de\/product\/recycelte-vintage-giesskanne-l\/","title":{"rendered":"Recycelte Vintage-Gie\u00dfkanne L"},"content":{"rendered":"<p>Diese Vintage Gie\u00dfkanne aus Altkunststoff ist nicht nur praktisch, sondern auch dekorativ.<br \/>\nDie Gie\u00dfkanne hat einen langen Auslauf f\u00fcr gezieltes Gie\u00dfen und einen ergonomischen Griff.<\/p>\n<p>&#8211; aus Altkunststoff<br \/>\n&#8211; recycelbar<br \/>\n&#8211; langer Auslauf<br \/>\n&#8211; ergonomischer Griff<\/p>\n<p>Artikelname : Recycelte Vintage-Gie\u00dfkanne L<br \/>\nArtikelnummer TG326<br \/>\nProduktgruppe(n) Garten&amp;Terrasse, Gartenger\u00e4te, Gie\u00dfkannen und Spr\u00fchger\u00e4te<br \/>\nProduktabmessungen in cm L 44,8 x T 24,3 x H 43,5<br \/>\nVolumen in Litern 9,5<br \/>\nMaterial Recyceltes HDPE<br \/>\nNettogewicht 0,564 kg<br \/>\nBarcode 8714982210495<\/p>\n","protected":false},"excerpt":{"rendered":"<p>&#8211; Recycelte Vintage-Gie\u00dfkanne L<br \/>\n&#8211; Artikelnummer: TG326<br \/>\n&#8211; L 44,8 x T 24,3 x H 43,5 cm<br \/>\n&#8211; aus Altkunststoff<br \/>\n&#8211; recycelbar<br \/>\n&#8211; langer Auslauf<br \/>\n&#8211; ergonomischer Griff<br \/>\n&#8211; Volumen in Litern 9,5<br \/>\n&#8211; Material Recyceltes HDPE<br \/>\n&#8211; Nettogewicht 0,564 kg<br \/>\n&#8211; Barcode 8714982210495<\/p>\n","protected":false},"featured_media":7870,"template":"","meta":[],"product_brand":[9597,9598],"product_cat":[1284],"product_tag":[6755,6786,7081,6890,8403],"class_list":{"0":"post-7869","1":"product","2":"type-product","3":"status-publish","4":"has-post-thumbnail","6":"product_brand-esschert-design","7":"product_brand-trends-and-vision","8":"product_cat-water-in-the-garden","9":"product_tag-gartengeraete","10":"product_tag-giesskannen","11":"product_tag-recyceltem-kunststoff","12":"product_tag-spruehgeraete","13":"product_tag-vintage","14":"pa_ean-code-4491","15":"pa_messungen-443-x-242-x-435-cm","17":"first","18":"instock","19":"sale","20":"taxable","21":"shipping-taxable","22":"purchasable","23":"product-type-simple","24":"czr-hentry"},"yoast_head":"<!-- This site is optimized with the Yoast SEO Premium plugin v26.4 (Yoast SEO v27.3) - https:\/\/yoast.com\/product\/yoast-seo-premium-wordpress\/ -->\n<title>Recycled Vintage gieter L (TG326, 8714982210495) - Trends &amp; Vision<\/title>\n<meta name=\"description\" content=\"Recycled Vintage gieter L: Vintage gieter gemaakt van post-consumer afvalplastic, maat L\" \/>\n<meta name=\"robots\" content=\"index, follow, max-snippet:-1, max-image-preview:large, max-video-preview:-1\" \/>\n<link rel=\"canonical\" href=\"https:\/\/trendsandvision.nl\/de\/product\/recycelte-vintage-giesskanne-l\/\" \/>\n<meta property=\"og:locale\" content=\"de_DE\" \/>\n<meta property=\"og:type\" content=\"article\" \/>\n<meta property=\"og:title\" content=\"Recycelte Vintage-Gie\u00dfkanne L\" \/>\n<meta property=\"og:description\" content=\"Recycled Vintage gieter L: Vintage gieter gemaakt van post-consumer afvalplastic, maat L\" \/>\n<meta property=\"og:url\" content=\"https:\/\/trendsandvision.nl\/de\/product\/recycelte-vintage-giesskanne-l\/\" \/>\n<meta property=\"og:site_name\" content=\"Trends &amp; Vision (DE)\" \/>\n<meta property=\"article:modified_time\" content=\"2026-04-07T08:48:33+00:00\" \/>\n<meta property=\"og:image\" content=\"https:\/\/trendsandvision.nl\/de\/wp-content\/uploads\/sites\/3\/2022\/04\/TG326_01.jpg\" \/>\n\t<meta property=\"og:image:width\" content=\"800\" \/>\n\t<meta property=\"og:image:height\" content=\"800\" \/>\n\t<meta property=\"og:image:type\" content=\"image\/jpeg\" \/>\n<meta name=\"twitter:card\" content=\"summary_large_image\" \/>\n<meta name=\"twitter:label1\" content=\"Gesch\u00e4tzte Lesezeit\" \/>\n\t<meta name=\"twitter:data1\" content=\"1\u00a0Minute\" \/>\n<script type=\"application\/ld+json\" class=\"yoast-schema-graph\">{\"@context\":\"https:\\\/\\\/schema.org\",\"@graph\":[{\"@type\":\"WebPage\",\"@id\":\"https:\\\/\\\/trendsandvision.nl\\\/de\\\/product\\\/recycelte-vintage-giesskanne-l\\\/\",\"url\":\"https:\\\/\\\/trendsandvision.nl\\\/de\\\/product\\\/recycelte-vintage-giesskanne-l\\\/\",\"name\":\"Recycled Vintage gieter L (TG326, 8714982210495) - Trends & Vision\",\"isPartOf\":{\"@id\":\"https:\\\/\\\/trendsandvision.nl\\\/de\\\/#website\"},\"primaryImageOfPage\":{\"@id\":\"https:\\\/\\\/trendsandvision.nl\\\/de\\\/product\\\/recycelte-vintage-giesskanne-l\\\/#primaryimage\"},\"image\":{\"@id\":\"https:\\\/\\\/trendsandvision.nl\\\/de\\\/product\\\/recycelte-vintage-giesskanne-l\\\/#primaryimage\"},\"thumbnailUrl\":\"https:\\\/\\\/trendsandvision.nl\\\/de\\\/wp-content\\\/uploads\\\/sites\\\/3\\\/2022\\\/04\\\/TG326_01.jpg\",\"datePublished\":\"2022-04-22T21:24:49+00:00\",\"dateModified\":\"2026-04-07T08:48:33+00:00\",\"description\":\"Recycled Vintage gieter L: Vintage gieter gemaakt van post-consumer afvalplastic, maat L\",\"breadcrumb\":{\"@id\":\"https:\\\/\\\/trendsandvision.nl\\\/de\\\/product\\\/recycelte-vintage-giesskanne-l\\\/#breadcrumb\"},\"inLanguage\":\"de\",\"potentialAction\":[{\"@type\":\"ReadAction\",\"target\":[\"https:\\\/\\\/trendsandvision.nl\\\/de\\\/product\\\/recycelte-vintage-giesskanne-l\\\/\"]}]},{\"@type\":\"ImageObject\",\"inLanguage\":\"de\",\"@id\":\"https:\\\/\\\/trendsandvision.nl\\\/de\\\/product\\\/recycelte-vintage-giesskanne-l\\\/#primaryimage\",\"url\":\"https:\\\/\\\/trendsandvision.nl\\\/de\\\/wp-content\\\/uploads\\\/sites\\\/3\\\/2022\\\/04\\\/TG326_01.jpg\",\"contentUrl\":\"https:\\\/\\\/trendsandvision.nl\\\/de\\\/wp-content\\\/uploads\\\/sites\\\/3\\\/2022\\\/04\\\/TG326_01.jpg\",\"width\":800,\"height\":800,\"caption\":\"Recycled Vintage gieter L (TG326\"},{\"@type\":\"BreadcrumbList\",\"@id\":\"https:\\\/\\\/trendsandvision.nl\\\/de\\\/product\\\/recycelte-vintage-giesskanne-l\\\/#breadcrumb\",\"itemListElement\":[{\"@type\":\"ListItem\",\"position\":1,\"name\":\"Home\",\"item\":\"https:\\\/\\\/trendsandvision.nl\\\/de\\\/\"},{\"@type\":\"ListItem\",\"position\":2,\"name\":\"Gesch\u00e4ft\",\"item\":\"https:\\\/\\\/trendsandvision.nl\\\/de\\\/geschaft\\\/\"},{\"@type\":\"ListItem\",\"position\":3,\"name\":\"Recycelte Vintage-Gie\u00dfkanne L\"}]},{\"@type\":\"WebSite\",\"@id\":\"https:\\\/\\\/trendsandvision.nl\\\/de\\\/#website\",\"url\":\"https:\\\/\\\/trendsandvision.nl\\\/de\\\/\",\"name\":\"Trends &amp; Vision (DE)\",\"description\":\"Der Webshop f\u00fcr Esschert Design Artikel\",\"publisher\":{\"@id\":\"https:\\\/\\\/trendsandvision.nl\\\/de\\\/#organization\"},\"potentialAction\":[{\"@type\":\"SearchAction\",\"target\":{\"@type\":\"EntryPoint\",\"urlTemplate\":\"https:\\\/\\\/trendsandvision.nl\\\/de\\\/?s={search_term_string}\"},\"query-input\":{\"@type\":\"PropertyValueSpecification\",\"valueRequired\":true,\"valueName\":\"search_term_string\"}}],\"inLanguage\":\"de\"},{\"@type\":\"Organization\",\"@id\":\"https:\\\/\\\/trendsandvision.nl\\\/de\\\/#organization\",\"name\":\"Trends &amp; Vision (DE)\",\"url\":\"https:\\\/\\\/trendsandvision.nl\\\/de\\\/\",\"logo\":{\"@type\":\"ImageObject\",\"inLanguage\":\"de\",\"@id\":\"https:\\\/\\\/trendsandvision.nl\\\/de\\\/#\\\/schema\\\/logo\\\/image\\\/\",\"url\":\"https:\\\/\\\/trendsandvision.nl\\\/de\\\/wp-content\\\/uploads\\\/sites\\\/3\\\/2022\\\/04\\\/trends-and-vision-logo.jpg\",\"contentUrl\":\"https:\\\/\\\/trendsandvision.nl\\\/de\\\/wp-content\\\/uploads\\\/sites\\\/3\\\/2022\\\/04\\\/trends-and-vision-logo.jpg\",\"width\":213,\"height\":100,\"caption\":\"Trends &amp; Vision (DE)\"},\"image\":{\"@id\":\"https:\\\/\\\/trendsandvision.nl\\\/de\\\/#\\\/schema\\\/logo\\\/image\\\/\"}}]}<\/script>\n<!-- \/ Yoast SEO Premium plugin. -->","yoast_head_json":{"title":"Recycled Vintage gieter L (TG326, 8714982210495) - Trends & Vision","description":"Recycled Vintage gieter L: Vintage gieter gemaakt van post-consumer afvalplastic, maat L","robots":{"index":"index","follow":"follow","max-snippet":"max-snippet:-1","max-image-preview":"max-image-preview:large","max-video-preview":"max-video-preview:-1"},"canonical":"https:\/\/trendsandvision.nl\/de\/product\/recycelte-vintage-giesskanne-l\/","og_locale":"de_DE","og_type":"article","og_title":"Recycelte Vintage-Gie\u00dfkanne L","og_description":"Recycled Vintage gieter L: Vintage gieter gemaakt van post-consumer afvalplastic, maat L","og_url":"https:\/\/trendsandvision.nl\/de\/product\/recycelte-vintage-giesskanne-l\/","og_site_name":"Trends &amp; Vision (DE)","article_modified_time":"2026-04-07T08:48:33+00:00","og_image":[{"width":800,"height":800,"url":"https:\/\/trendsandvision.nl\/de\/wp-content\/uploads\/sites\/3\/2022\/04\/TG326_01.jpg","type":"image\/jpeg"}],"twitter_card":"summary_large_image","twitter_misc":{"Gesch\u00e4tzte Lesezeit":"1\u00a0Minute"},"schema":{"@context":"https:\/\/schema.org","@graph":[{"@type":"WebPage","@id":"https:\/\/trendsandvision.nl\/de\/product\/recycelte-vintage-giesskanne-l\/","url":"https:\/\/trendsandvision.nl\/de\/product\/recycelte-vintage-giesskanne-l\/","name":"Recycled Vintage gieter L (TG326, 8714982210495) - Trends & Vision","isPartOf":{"@id":"https:\/\/trendsandvision.nl\/de\/#website"},"primaryImageOfPage":{"@id":"https:\/\/trendsandvision.nl\/de\/product\/recycelte-vintage-giesskanne-l\/#primaryimage"},"image":{"@id":"https:\/\/trendsandvision.nl\/de\/product\/recycelte-vintage-giesskanne-l\/#primaryimage"},"thumbnailUrl":"https:\/\/trendsandvision.nl\/de\/wp-content\/uploads\/sites\/3\/2022\/04\/TG326_01.jpg","datePublished":"2022-04-22T21:24:49+00:00","dateModified":"2026-04-07T08:48:33+00:00","description":"Recycled Vintage gieter L: Vintage gieter gemaakt van post-consumer afvalplastic, maat L","breadcrumb":{"@id":"https:\/\/trendsandvision.nl\/de\/product\/recycelte-vintage-giesskanne-l\/#breadcrumb"},"inLanguage":"de","potentialAction":[{"@type":"ReadAction","target":["https:\/\/trendsandvision.nl\/de\/product\/recycelte-vintage-giesskanne-l\/"]}]},{"@type":"ImageObject","inLanguage":"de","@id":"https:\/\/trendsandvision.nl\/de\/product\/recycelte-vintage-giesskanne-l\/#primaryimage","url":"https:\/\/trendsandvision.nl\/de\/wp-content\/uploads\/sites\/3\/2022\/04\/TG326_01.jpg","contentUrl":"https:\/\/trendsandvision.nl\/de\/wp-content\/uploads\/sites\/3\/2022\/04\/TG326_01.jpg","width":800,"height":800,"caption":"Recycled Vintage gieter L (TG326"},{"@type":"BreadcrumbList","@id":"https:\/\/trendsandvision.nl\/de\/product\/recycelte-vintage-giesskanne-l\/#breadcrumb","itemListElement":[{"@type":"ListItem","position":1,"name":"Home","item":"https:\/\/trendsandvision.nl\/de\/"},{"@type":"ListItem","position":2,"name":"Gesch\u00e4ft","item":"https:\/\/trendsandvision.nl\/de\/geschaft\/"},{"@type":"ListItem","position":3,"name":"Recycelte Vintage-Gie\u00dfkanne L"}]},{"@type":"WebSite","@id":"https:\/\/trendsandvision.nl\/de\/#website","url":"https:\/\/trendsandvision.nl\/de\/","name":"Trends &amp; Vision (DE)","description":"Der Webshop f\u00fcr Esschert Design Artikel","publisher":{"@id":"https:\/\/trendsandvision.nl\/de\/#organization"},"potentialAction":[{"@type":"SearchAction","target":{"@type":"EntryPoint","urlTemplate":"https:\/\/trendsandvision.nl\/de\/?s={search_term_string}"},"query-input":{"@type":"PropertyValueSpecification","valueRequired":true,"valueName":"search_term_string"}}],"inLanguage":"de"},{"@type":"Organization","@id":"https:\/\/trendsandvision.nl\/de\/#organization","name":"Trends &amp; Vision (DE)","url":"https:\/\/trendsandvision.nl\/de\/","logo":{"@type":"ImageObject","inLanguage":"de","@id":"https:\/\/trendsandvision.nl\/de\/#\/schema\/logo\/image\/","url":"https:\/\/trendsandvision.nl\/de\/wp-content\/uploads\/sites\/3\/2022\/04\/trends-and-vision-logo.jpg","contentUrl":"https:\/\/trendsandvision.nl\/de\/wp-content\/uploads\/sites\/3\/2022\/04\/trends-and-vision-logo.jpg","width":213,"height":100,"caption":"Trends &amp; Vision (DE)"},"image":{"@id":"https:\/\/trendsandvision.nl\/de\/#\/schema\/logo\/image\/"}}]}},"_links":{"self":[{"href":"https:\/\/trendsandvision.nl\/de\/wp-json\/wp\/v2\/product\/7869","targetHints":{"allow":["GET"]}}],"collection":[{"href":"https:\/\/trendsandvision.nl\/de\/wp-json\/wp\/v2\/product"}],"about":[{"href":"https:\/\/trendsandvision.nl\/de\/wp-json\/wp\/v2\/types\/product"}],"wp:featuredmedia":[{"embeddable":true,"href":"https:\/\/trendsandvision.nl\/de\/wp-json\/wp\/v2\/media\/7870"}],"wp:attachment":[{"href":"https:\/\/trendsandvision.nl\/de\/wp-json\/wp\/v2\/media?parent=7869"}],"wp:term":[{"taxonomy":"product_brand","embeddable":true,"href":"https:\/\/trendsandvision.nl\/de\/wp-json\/wp\/v2\/product_brand?post=7869"},{"taxonomy":"product_cat","embeddable":true,"href":"https:\/\/trendsandvision.nl\/de\/wp-json\/wp\/v2\/product_cat?post=7869"},{"taxonomy":"product_tag","embeddable":true,"href":"https:\/\/trendsandvision.nl\/de\/wp-json\/wp\/v2\/product_tag?post=7869"}],"curies":[{"name":"wp","href":"https:\/\/api.w.org\/{rel}","templated":true}]}}