{"id":7669,"date":"2022-04-22T23:19:24","date_gmt":"2022-04-22T21:19:24","guid":{"rendered":"https:\/\/trendsandvision.nl\/de\/product\/esschert-design-pflanzensprueher-2\/"},"modified":"2026-04-22T15:20:56","modified_gmt":"2026-04-22T13:20:56","slug":"esschert-design-metall-pflanzensprueher-silber","status":"publish","type":"product","link":"https:\/\/trendsandvision.nl\/de\/product\/esschert-design-metall-pflanzensprueher-silber\/","title":{"rendered":"Esschert Design Metall- Pflanzenspr\u00fcher silber"},"content":{"rendered":"<p>Dieses Pflanzenspr\u00fcher ist ein unverzichtbares Werkzeug f\u00fcr alle, die Pflanzen lieben.<br \/>\nN\u00fctzlich beim Keimen von Samen: der weiche Nebel befeuchtet den Boden, ohne die Samen auszusp\u00fclen.<br \/>\nPflanzen k\u00f6nnen Wasser durch ihre Bl\u00e4tter aufnehmen. Befeuchten Sie Pflanzenbl\u00e4tter drinnen und drau\u00dfen, um sie gesund zu halten.<\/p>\n<p>&#8211; kann mit einer Hand verwendet werden<br \/>\n&#8211; feiner Nebel<br \/>\n&#8211; vollst\u00e4ndig aus Metall<br \/>\n&#8211; f\u00fcr drinnen und drau\u00dfen<\/p>\n<p>Artikelname: Metall- Pflanzenspr\u00fcher silber<br \/>\nArtikelnummer: TG270<br \/>\nProduktgruppe(n) Garten&amp;Terrasse, Gartenger\u00e4te, Gie\u00dfkannen und Spr\u00fchger\u00e4te<br \/>\nProduktabmessungen in cm L 8,7 x T 8,7 x H 14,8<br \/>\nVolumen in Litern 0,280<br \/>\nMaterial Kupfer, Messing<br \/>\nNettogewicht 0,125 kg<br \/>\nBarcode 8714982157400<\/p>\n","protected":false},"excerpt":{"rendered":"<p>&#8211; Metall- Pflanzenspr\u00fcher silber<br \/>\n&#8211; Artikelnummer: TG270<br \/>\n&#8211; L 8,7 x T 8,7 x H 14,8 cm<br \/>\n&#8211; Volumen in Litern 0,280<br \/>\n&#8211; Material Kupfer, Messing<br \/>\n&#8211; Nettogewicht 0,125 kg<br \/>\n&#8211; Barcode 8714982157400<br \/>\n&#8211; kann mit einer Hand verwendet werden<br \/>\n&#8211; feiner Nebel<br \/>\n&#8211; vollst\u00e4ndig aus Metall<br \/>\n&#8211; f\u00fcr drinnen und drau\u00dfen<\/p>\n","protected":false},"featured_media":7670,"template":"","meta":[],"product_brand":[9597,9598],"product_cat":[1284],"product_tag":[8419,7470,7063],"class_list":{"0":"post-7669","1":"product","2":"type-product","3":"status-publish","4":"has-post-thumbnail","6":"product_brand-esschert-design","7":"product_brand-trends-and-vision","8":"product_cat-water-in-the-garden","9":"product_tag-silber","10":"product_tag-metall","11":"product_tag-pflanzensprueher","12":"pa_anbieter-esschert-design","13":"pa_ean-code-4422","14":"pa_material-kupfer","15":"pa_messungen-87x87x146-cm","17":"first","18":"instock","19":"sale","20":"taxable","21":"shipping-taxable","22":"purchasable","23":"product-type-simple","24":"czr-hentry"},"yoast_head":"<!-- This site is optimized with the Yoast SEO Premium plugin v27.4 (Yoast SEO v27.4) - https:\/\/yoast.com\/product\/yoast-seo-premium-wordpress\/ -->\n<title>Esschert Design Pflanzenspr\u00fcher (TG270, 8714982157400) - Trends &amp; Vision<\/title>\n<meta name=\"description\" content=\"Esschert Design Pflanzenspr\u00fcher: Dieses Pflanzenspr\u00fcher ist ein unverzichtbares Werkzeug f\u00fcr alle, die Pflanzen lieben. N\u00fctzlich beim\" \/>\n<meta name=\"robots\" content=\"index, follow, max-snippet:-1, max-image-preview:large, max-video-preview:-1\" \/>\n<link rel=\"canonical\" href=\"https:\/\/trendsandvision.nl\/de\/product\/esschert-design-metall-pflanzensprueher-silber\/\" \/>\n<meta property=\"og:locale\" content=\"de_DE\" \/>\n<meta property=\"og:type\" content=\"article\" \/>\n<meta property=\"og:title\" content=\"Esschert Design Metall- Pflanzenspr\u00fcher silber\" \/>\n<meta property=\"og:description\" content=\"Esschert Design Pflanzenspr\u00fcher: Dieses Pflanzenspr\u00fcher ist ein unverzichtbares Werkzeug f\u00fcr alle, die Pflanzen lieben. N\u00fctzlich beim\" \/>\n<meta property=\"og:url\" content=\"https:\/\/trendsandvision.nl\/de\/product\/esschert-design-metall-pflanzensprueher-silber\/\" \/>\n<meta property=\"og:site_name\" content=\"Trends &amp; Vision (DE)\" \/>\n<meta property=\"article:modified_time\" content=\"2026-04-22T13:20:56+00:00\" \/>\n<meta property=\"og:image\" content=\"https:\/\/trendsandvision.nl\/de\/wp-content\/uploads\/sites\/3\/2022\/04\/TG270_01.jpg\" \/>\n\t<meta property=\"og:image:width\" content=\"800\" \/>\n\t<meta property=\"og:image:height\" content=\"800\" \/>\n\t<meta property=\"og:image:type\" content=\"image\/jpeg\" \/>\n<meta name=\"twitter:card\" content=\"summary_large_image\" \/>\n<meta name=\"twitter:label1\" content=\"Gesch\u00e4tzte Lesezeit\" \/>\n\t<meta name=\"twitter:data1\" content=\"1\u00a0Minute\" \/>\n<script type=\"application\/ld+json\" class=\"yoast-schema-graph\">{\"@context\":\"https:\\\/\\\/schema.org\",\"@graph\":[{\"@type\":\"WebPage\",\"@id\":\"https:\\\/\\\/trendsandvision.nl\\\/de\\\/product\\\/esschert-design-metall-pflanzensprueher-silber\\\/\",\"url\":\"https:\\\/\\\/trendsandvision.nl\\\/de\\\/product\\\/esschert-design-metall-pflanzensprueher-silber\\\/\",\"name\":\"Esschert Design Pflanzenspr\u00fcher (TG270, 8714982157400) - Trends & Vision\",\"isPartOf\":{\"@id\":\"https:\\\/\\\/trendsandvision.nl\\\/de\\\/#website\"},\"primaryImageOfPage\":{\"@id\":\"https:\\\/\\\/trendsandvision.nl\\\/de\\\/product\\\/esschert-design-metall-pflanzensprueher-silber\\\/#primaryimage\"},\"image\":{\"@id\":\"https:\\\/\\\/trendsandvision.nl\\\/de\\\/product\\\/esschert-design-metall-pflanzensprueher-silber\\\/#primaryimage\"},\"thumbnailUrl\":\"https:\\\/\\\/trendsandvision.nl\\\/de\\\/wp-content\\\/uploads\\\/sites\\\/3\\\/2022\\\/04\\\/TG270_01.jpg\",\"datePublished\":\"2022-04-22T21:19:24+00:00\",\"dateModified\":\"2026-04-22T13:20:56+00:00\",\"description\":\"Esschert Design Pflanzenspr\u00fcher: Dieses Pflanzenspr\u00fcher ist ein unverzichtbares Werkzeug f\u00fcr alle, die Pflanzen lieben. N\u00fctzlich beim\",\"breadcrumb\":{\"@id\":\"https:\\\/\\\/trendsandvision.nl\\\/de\\\/product\\\/esschert-design-metall-pflanzensprueher-silber\\\/#breadcrumb\"},\"inLanguage\":\"de\",\"potentialAction\":[{\"@type\":\"ReadAction\",\"target\":[\"https:\\\/\\\/trendsandvision.nl\\\/de\\\/product\\\/esschert-design-metall-pflanzensprueher-silber\\\/\"]}]},{\"@type\":\"ImageObject\",\"inLanguage\":\"de\",\"@id\":\"https:\\\/\\\/trendsandvision.nl\\\/de\\\/product\\\/esschert-design-metall-pflanzensprueher-silber\\\/#primaryimage\",\"url\":\"https:\\\/\\\/trendsandvision.nl\\\/de\\\/wp-content\\\/uploads\\\/sites\\\/3\\\/2022\\\/04\\\/TG270_01.jpg\",\"contentUrl\":\"https:\\\/\\\/trendsandvision.nl\\\/de\\\/wp-content\\\/uploads\\\/sites\\\/3\\\/2022\\\/04\\\/TG270_01.jpg\",\"width\":800,\"height\":800,\"caption\":\"Esschert Design Pflanzenspr\u00fcher (TG270\"},{\"@type\":\"BreadcrumbList\",\"@id\":\"https:\\\/\\\/trendsandvision.nl\\\/de\\\/product\\\/esschert-design-metall-pflanzensprueher-silber\\\/#breadcrumb\",\"itemListElement\":[{\"@type\":\"ListItem\",\"position\":1,\"name\":\"Home\",\"item\":\"https:\\\/\\\/trendsandvision.nl\\\/de\\\/\"},{\"@type\":\"ListItem\",\"position\":2,\"name\":\"Gesch\u00e4ft\",\"item\":\"https:\\\/\\\/trendsandvision.nl\\\/de\\\/geschaft\\\/\"},{\"@type\":\"ListItem\",\"position\":3,\"name\":\"Esschert Design Metall- Pflanzenspr\u00fcher silber\"}]},{\"@type\":\"WebSite\",\"@id\":\"https:\\\/\\\/trendsandvision.nl\\\/de\\\/#website\",\"url\":\"https:\\\/\\\/trendsandvision.nl\\\/de\\\/\",\"name\":\"Trends &amp; Vision (DE)\",\"description\":\"Der Webshop f\u00fcr Esschert Design Artikel\",\"publisher\":{\"@id\":\"https:\\\/\\\/trendsandvision.nl\\\/de\\\/#organization\"},\"potentialAction\":[{\"@type\":\"SearchAction\",\"target\":{\"@type\":\"EntryPoint\",\"urlTemplate\":\"https:\\\/\\\/trendsandvision.nl\\\/de\\\/?s={search_term_string}\"},\"query-input\":{\"@type\":\"PropertyValueSpecification\",\"valueRequired\":true,\"valueName\":\"search_term_string\"}}],\"inLanguage\":\"de\"},{\"@type\":\"Organization\",\"@id\":\"https:\\\/\\\/trendsandvision.nl\\\/de\\\/#organization\",\"name\":\"Trends &amp; Vision (DE)\",\"url\":\"https:\\\/\\\/trendsandvision.nl\\\/de\\\/\",\"logo\":{\"@type\":\"ImageObject\",\"inLanguage\":\"de\",\"@id\":\"https:\\\/\\\/trendsandvision.nl\\\/de\\\/#\\\/schema\\\/logo\\\/image\\\/\",\"url\":\"https:\\\/\\\/trendsandvision.nl\\\/de\\\/wp-content\\\/uploads\\\/sites\\\/3\\\/2022\\\/04\\\/trends-and-vision-logo.jpg\",\"contentUrl\":\"https:\\\/\\\/trendsandvision.nl\\\/de\\\/wp-content\\\/uploads\\\/sites\\\/3\\\/2022\\\/04\\\/trends-and-vision-logo.jpg\",\"width\":213,\"height\":100,\"caption\":\"Trends &amp; Vision (DE)\"},\"image\":{\"@id\":\"https:\\\/\\\/trendsandvision.nl\\\/de\\\/#\\\/schema\\\/logo\\\/image\\\/\"}}]}<\/script>\n<!-- \/ Yoast SEO Premium plugin. -->","yoast_head_json":{"title":"Esschert Design Pflanzenspr\u00fcher (TG270, 8714982157400) - Trends & Vision","description":"Esschert Design Pflanzenspr\u00fcher: Dieses Pflanzenspr\u00fcher ist ein unverzichtbares Werkzeug f\u00fcr alle, die Pflanzen lieben. N\u00fctzlich beim","robots":{"index":"index","follow":"follow","max-snippet":"max-snippet:-1","max-image-preview":"max-image-preview:large","max-video-preview":"max-video-preview:-1"},"canonical":"https:\/\/trendsandvision.nl\/de\/product\/esschert-design-metall-pflanzensprueher-silber\/","og_locale":"de_DE","og_type":"article","og_title":"Esschert Design Metall- Pflanzenspr\u00fcher silber","og_description":"Esschert Design Pflanzenspr\u00fcher: Dieses Pflanzenspr\u00fcher ist ein unverzichtbares Werkzeug f\u00fcr alle, die Pflanzen lieben. N\u00fctzlich beim","og_url":"https:\/\/trendsandvision.nl\/de\/product\/esschert-design-metall-pflanzensprueher-silber\/","og_site_name":"Trends &amp; Vision (DE)","article_modified_time":"2026-04-22T13:20:56+00:00","og_image":[{"width":800,"height":800,"url":"https:\/\/trendsandvision.nl\/de\/wp-content\/uploads\/sites\/3\/2022\/04\/TG270_01.jpg","type":"image\/jpeg"}],"twitter_card":"summary_large_image","twitter_misc":{"Gesch\u00e4tzte Lesezeit":"1\u00a0Minute"},"schema":{"@context":"https:\/\/schema.org","@graph":[{"@type":"WebPage","@id":"https:\/\/trendsandvision.nl\/de\/product\/esschert-design-metall-pflanzensprueher-silber\/","url":"https:\/\/trendsandvision.nl\/de\/product\/esschert-design-metall-pflanzensprueher-silber\/","name":"Esschert Design Pflanzenspr\u00fcher (TG270, 8714982157400) - Trends & Vision","isPartOf":{"@id":"https:\/\/trendsandvision.nl\/de\/#website"},"primaryImageOfPage":{"@id":"https:\/\/trendsandvision.nl\/de\/product\/esschert-design-metall-pflanzensprueher-silber\/#primaryimage"},"image":{"@id":"https:\/\/trendsandvision.nl\/de\/product\/esschert-design-metall-pflanzensprueher-silber\/#primaryimage"},"thumbnailUrl":"https:\/\/trendsandvision.nl\/de\/wp-content\/uploads\/sites\/3\/2022\/04\/TG270_01.jpg","datePublished":"2022-04-22T21:19:24+00:00","dateModified":"2026-04-22T13:20:56+00:00","description":"Esschert Design Pflanzenspr\u00fcher: Dieses Pflanzenspr\u00fcher ist ein unverzichtbares Werkzeug f\u00fcr alle, die Pflanzen lieben. N\u00fctzlich beim","breadcrumb":{"@id":"https:\/\/trendsandvision.nl\/de\/product\/esschert-design-metall-pflanzensprueher-silber\/#breadcrumb"},"inLanguage":"de","potentialAction":[{"@type":"ReadAction","target":["https:\/\/trendsandvision.nl\/de\/product\/esschert-design-metall-pflanzensprueher-silber\/"]}]},{"@type":"ImageObject","inLanguage":"de","@id":"https:\/\/trendsandvision.nl\/de\/product\/esschert-design-metall-pflanzensprueher-silber\/#primaryimage","url":"https:\/\/trendsandvision.nl\/de\/wp-content\/uploads\/sites\/3\/2022\/04\/TG270_01.jpg","contentUrl":"https:\/\/trendsandvision.nl\/de\/wp-content\/uploads\/sites\/3\/2022\/04\/TG270_01.jpg","width":800,"height":800,"caption":"Esschert Design Pflanzenspr\u00fcher (TG270"},{"@type":"BreadcrumbList","@id":"https:\/\/trendsandvision.nl\/de\/product\/esschert-design-metall-pflanzensprueher-silber\/#breadcrumb","itemListElement":[{"@type":"ListItem","position":1,"name":"Home","item":"https:\/\/trendsandvision.nl\/de\/"},{"@type":"ListItem","position":2,"name":"Gesch\u00e4ft","item":"https:\/\/trendsandvision.nl\/de\/geschaft\/"},{"@type":"ListItem","position":3,"name":"Esschert Design Metall- Pflanzenspr\u00fcher silber"}]},{"@type":"WebSite","@id":"https:\/\/trendsandvision.nl\/de\/#website","url":"https:\/\/trendsandvision.nl\/de\/","name":"Trends &amp; Vision (DE)","description":"Der Webshop f\u00fcr Esschert Design Artikel","publisher":{"@id":"https:\/\/trendsandvision.nl\/de\/#organization"},"potentialAction":[{"@type":"SearchAction","target":{"@type":"EntryPoint","urlTemplate":"https:\/\/trendsandvision.nl\/de\/?s={search_term_string}"},"query-input":{"@type":"PropertyValueSpecification","valueRequired":true,"valueName":"search_term_string"}}],"inLanguage":"de"},{"@type":"Organization","@id":"https:\/\/trendsandvision.nl\/de\/#organization","name":"Trends &amp; Vision (DE)","url":"https:\/\/trendsandvision.nl\/de\/","logo":{"@type":"ImageObject","inLanguage":"de","@id":"https:\/\/trendsandvision.nl\/de\/#\/schema\/logo\/image\/","url":"https:\/\/trendsandvision.nl\/de\/wp-content\/uploads\/sites\/3\/2022\/04\/trends-and-vision-logo.jpg","contentUrl":"https:\/\/trendsandvision.nl\/de\/wp-content\/uploads\/sites\/3\/2022\/04\/trends-and-vision-logo.jpg","width":213,"height":100,"caption":"Trends &amp; Vision (DE)"},"image":{"@id":"https:\/\/trendsandvision.nl\/de\/#\/schema\/logo\/image\/"}}]}},"_links":{"self":[{"href":"https:\/\/trendsandvision.nl\/de\/wp-json\/wp\/v2\/product\/7669","targetHints":{"allow":["GET"]}}],"collection":[{"href":"https:\/\/trendsandvision.nl\/de\/wp-json\/wp\/v2\/product"}],"about":[{"href":"https:\/\/trendsandvision.nl\/de\/wp-json\/wp\/v2\/types\/product"}],"wp:featuredmedia":[{"embeddable":true,"href":"https:\/\/trendsandvision.nl\/de\/wp-json\/wp\/v2\/media\/7670"}],"wp:attachment":[{"href":"https:\/\/trendsandvision.nl\/de\/wp-json\/wp\/v2\/media?parent=7669"}],"wp:term":[{"taxonomy":"product_brand","embeddable":true,"href":"https:\/\/trendsandvision.nl\/de\/wp-json\/wp\/v2\/product_brand?post=7669"},{"taxonomy":"product_cat","embeddable":true,"href":"https:\/\/trendsandvision.nl\/de\/wp-json\/wp\/v2\/product_cat?post=7669"},{"taxonomy":"product_tag","embeddable":true,"href":"https:\/\/trendsandvision.nl\/de\/wp-json\/wp\/v2\/product_tag?post=7669"}],"curies":[{"name":"wp","href":"https:\/\/api.w.org\/{rel}","templated":true}]}}