{"id":7580,"date":"2022-04-22T23:16:44","date_gmt":"2022-04-22T21:16:44","guid":{"rendered":"https:\/\/trendsandvision.nl\/de\/product\/esschert-design-treibhaus-giesskanne\/"},"modified":"2026-04-07T10:48:02","modified_gmt":"2026-04-07T08:48:02","slug":"esschert-design-treibhaus-giesskanne-75l","status":"publish","type":"product","link":"https:\/\/trendsandvision.nl\/de\/product\/esschert-design-treibhaus-giesskanne-75l\/","title":{"rendered":"Esschert Design Treibhaus Gie\u00dfkanne 7,5l"},"content":{"rendered":"<p>Pflanzen brauchen regelm\u00e4\u00dfig Wasser. Dank der langen und schmalen T\u00fclle dieser nostalgischen, franz\u00f6sischen Gie\u00dfkanne ist es m\u00f6glich, vor allem Zimmerpflanzen mit einem ganz gezielten und gerichtet Wasserstrahl zugie\u00dfen.<br \/>\nDie herauskommende Wassermenge l\u00e4sst sich dadurch regulieren, dass der Griff weiter vorne oder hinten festgehalten wird.<br \/>\nDurch den abnehmbaren Brausekopf kann man zwischen einer Regendusche oder einem gerichteten Wasserstrahl w\u00e4hlen.<br \/>\nAufgrund der schr\u00e4gen Form kann der Kopf in verschiedenen St\u00e4nden montiert werden.<br \/>\nDar\u00fcber hinaus verf\u00fcgt die Gie\u00dfkanne \u00fcber eine gro\u00dfe \u00d6ffnung an der Oberseite f\u00fcr ein einfaches bef\u00fcllen mit Wasser.<\/p>\n<p>&#8211; Gezieltes und dosierter W\u00e4ssern<br \/>\n&#8211; Ergonomischer Griff<br \/>\n&#8211; Abnehmbarer Brausekopf<\/p>\n<p>Artikelname: Treibhaus Gie\u00dfkanne 7,5l<br \/>\nArtikelnummer: TG172<br \/>\nProduktgruppe(n) Garten&amp;Terrasse, Gartenger\u00e4te, Gie\u00dfkannen und Spr\u00fchger\u00e4te<br \/>\nProduktabmessungen in cm L 64,8 x T 20,8 x H 33,2<br \/>\nVolumen in Litern 7<br \/>\nMaterial Weichstahl<br \/>\nNettogewicht 1,063 kg<br \/>\nBarcode 8714982038419<\/p>\n","protected":false},"excerpt":{"rendered":"<p>Treibhaus Gie\u00dfkanne 7,5l<br \/>\nArtikelnummer: TG172<br \/>\nL 64,8 x T 20,8 x H 33,2 cm<br \/>\nVolumen in Litern 7<br \/>\nMaterial Weichstahl<br \/>\nNettogewicht 1,063 kg<br \/>\nBarcode 8714982038419<\/p>\n","protected":false},"featured_media":7581,"template":"","meta":[],"product_brand":[9597,9598],"product_cat":[1284],"product_tag":[6786,7985,6890,8425],"class_list":{"0":"post-7580","1":"product","2":"type-product","3":"status-publish","4":"has-post-thumbnail","6":"product_brand-esschert-design","7":"product_brand-trends-and-vision","8":"product_cat-water-in-the-garden","9":"product_tag-giesskannen","10":"product_tag-klassisch","11":"product_tag-spruehgeraete","12":"product_tag-treibhause","13":"pa_anbieter-esschert-design","14":"pa_ean-code-4375","15":"pa_material-pulverbeschichtetes-metall-rostfreier-stahl-und-messing","16":"pa_messungen-65x20x35-cm","18":"first","19":"outofstock","20":"sale","21":"taxable","22":"shipping-taxable","23":"purchasable","24":"product-type-simple","25":"czr-hentry"},"yoast_head":"<!-- This site is optimized with the Yoast SEO Premium plugin v26.4 (Yoast SEO v27.3) - https:\/\/yoast.com\/product\/yoast-seo-premium-wordpress\/ -->\n<title>Esschert Design Treibhaus Gie\u00dfkanne (TG172, 8714982038419) - Trends &amp; Vision<\/title>\n<meta name=\"description\" content=\"Esschert Design Treibhaus Gie\u00dfkanne: Treibhaus Gie\u00dfkanne\" \/>\n<meta name=\"robots\" content=\"index, follow, max-snippet:-1, max-image-preview:large, max-video-preview:-1\" \/>\n<link rel=\"canonical\" href=\"https:\/\/trendsandvision.nl\/de\/product\/esschert-design-treibhaus-giesskanne-75l\/\" \/>\n<meta property=\"og:locale\" content=\"de_DE\" \/>\n<meta property=\"og:type\" content=\"article\" \/>\n<meta property=\"og:title\" content=\"Esschert Design Treibhaus Gie\u00dfkanne 7,5l\" \/>\n<meta property=\"og:description\" content=\"Esschert Design Treibhaus Gie\u00dfkanne: Treibhaus Gie\u00dfkanne\" \/>\n<meta property=\"og:url\" content=\"https:\/\/trendsandvision.nl\/de\/product\/esschert-design-treibhaus-giesskanne-75l\/\" \/>\n<meta property=\"og:site_name\" content=\"Trends &amp; Vision (DE)\" \/>\n<meta property=\"article:modified_time\" content=\"2026-04-07T08:48:02+00:00\" \/>\n<meta property=\"og:image\" content=\"https:\/\/trendsandvision.nl\/de\/wp-content\/uploads\/sites\/3\/2022\/04\/TG172_01.jpg\" \/>\n\t<meta property=\"og:image:width\" content=\"800\" \/>\n\t<meta property=\"og:image:height\" content=\"800\" \/>\n\t<meta property=\"og:image:type\" content=\"image\/jpeg\" \/>\n<meta name=\"twitter:card\" content=\"summary_large_image\" \/>\n<meta name=\"twitter:label1\" content=\"Gesch\u00e4tzte Lesezeit\" \/>\n\t<meta name=\"twitter:data1\" content=\"1\u00a0Minute\" \/>\n<script type=\"application\/ld+json\" class=\"yoast-schema-graph\">{\"@context\":\"https:\\\/\\\/schema.org\",\"@graph\":[{\"@type\":\"WebPage\",\"@id\":\"https:\\\/\\\/trendsandvision.nl\\\/de\\\/product\\\/esschert-design-treibhaus-giesskanne-75l\\\/\",\"url\":\"https:\\\/\\\/trendsandvision.nl\\\/de\\\/product\\\/esschert-design-treibhaus-giesskanne-75l\\\/\",\"name\":\"Esschert Design Treibhaus Gie\u00dfkanne (TG172, 8714982038419) - Trends & Vision\",\"isPartOf\":{\"@id\":\"https:\\\/\\\/trendsandvision.nl\\\/de\\\/#website\"},\"primaryImageOfPage\":{\"@id\":\"https:\\\/\\\/trendsandvision.nl\\\/de\\\/product\\\/esschert-design-treibhaus-giesskanne-75l\\\/#primaryimage\"},\"image\":{\"@id\":\"https:\\\/\\\/trendsandvision.nl\\\/de\\\/product\\\/esschert-design-treibhaus-giesskanne-75l\\\/#primaryimage\"},\"thumbnailUrl\":\"https:\\\/\\\/trendsandvision.nl\\\/de\\\/wp-content\\\/uploads\\\/sites\\\/3\\\/2022\\\/04\\\/TG172_01.jpg\",\"datePublished\":\"2022-04-22T21:16:44+00:00\",\"dateModified\":\"2026-04-07T08:48:02+00:00\",\"description\":\"Esschert Design Treibhaus Gie\u00dfkanne: Treibhaus Gie\u00dfkanne\",\"breadcrumb\":{\"@id\":\"https:\\\/\\\/trendsandvision.nl\\\/de\\\/product\\\/esschert-design-treibhaus-giesskanne-75l\\\/#breadcrumb\"},\"inLanguage\":\"de\",\"potentialAction\":[{\"@type\":\"ReadAction\",\"target\":[\"https:\\\/\\\/trendsandvision.nl\\\/de\\\/product\\\/esschert-design-treibhaus-giesskanne-75l\\\/\"]}]},{\"@type\":\"ImageObject\",\"inLanguage\":\"de\",\"@id\":\"https:\\\/\\\/trendsandvision.nl\\\/de\\\/product\\\/esschert-design-treibhaus-giesskanne-75l\\\/#primaryimage\",\"url\":\"https:\\\/\\\/trendsandvision.nl\\\/de\\\/wp-content\\\/uploads\\\/sites\\\/3\\\/2022\\\/04\\\/TG172_01.jpg\",\"contentUrl\":\"https:\\\/\\\/trendsandvision.nl\\\/de\\\/wp-content\\\/uploads\\\/sites\\\/3\\\/2022\\\/04\\\/TG172_01.jpg\",\"width\":800,\"height\":800,\"caption\":\"Esschert Design Treibhaus Gie\u00dfkanne (TG172\"},{\"@type\":\"BreadcrumbList\",\"@id\":\"https:\\\/\\\/trendsandvision.nl\\\/de\\\/product\\\/esschert-design-treibhaus-giesskanne-75l\\\/#breadcrumb\",\"itemListElement\":[{\"@type\":\"ListItem\",\"position\":1,\"name\":\"Home\",\"item\":\"https:\\\/\\\/trendsandvision.nl\\\/de\\\/\"},{\"@type\":\"ListItem\",\"position\":2,\"name\":\"Gesch\u00e4ft\",\"item\":\"https:\\\/\\\/trendsandvision.nl\\\/de\\\/geschaft\\\/\"},{\"@type\":\"ListItem\",\"position\":3,\"name\":\"Esschert Design Treibhaus Gie\u00dfkanne 7,5l\"}]},{\"@type\":\"WebSite\",\"@id\":\"https:\\\/\\\/trendsandvision.nl\\\/de\\\/#website\",\"url\":\"https:\\\/\\\/trendsandvision.nl\\\/de\\\/\",\"name\":\"Trends &amp; Vision (DE)\",\"description\":\"Der Webshop f\u00fcr Esschert Design Artikel\",\"publisher\":{\"@id\":\"https:\\\/\\\/trendsandvision.nl\\\/de\\\/#organization\"},\"potentialAction\":[{\"@type\":\"SearchAction\",\"target\":{\"@type\":\"EntryPoint\",\"urlTemplate\":\"https:\\\/\\\/trendsandvision.nl\\\/de\\\/?s={search_term_string}\"},\"query-input\":{\"@type\":\"PropertyValueSpecification\",\"valueRequired\":true,\"valueName\":\"search_term_string\"}}],\"inLanguage\":\"de\"},{\"@type\":\"Organization\",\"@id\":\"https:\\\/\\\/trendsandvision.nl\\\/de\\\/#organization\",\"name\":\"Trends &amp; Vision (DE)\",\"url\":\"https:\\\/\\\/trendsandvision.nl\\\/de\\\/\",\"logo\":{\"@type\":\"ImageObject\",\"inLanguage\":\"de\",\"@id\":\"https:\\\/\\\/trendsandvision.nl\\\/de\\\/#\\\/schema\\\/logo\\\/image\\\/\",\"url\":\"https:\\\/\\\/trendsandvision.nl\\\/de\\\/wp-content\\\/uploads\\\/sites\\\/3\\\/2022\\\/04\\\/trends-and-vision-logo.jpg\",\"contentUrl\":\"https:\\\/\\\/trendsandvision.nl\\\/de\\\/wp-content\\\/uploads\\\/sites\\\/3\\\/2022\\\/04\\\/trends-and-vision-logo.jpg\",\"width\":213,\"height\":100,\"caption\":\"Trends &amp; Vision (DE)\"},\"image\":{\"@id\":\"https:\\\/\\\/trendsandvision.nl\\\/de\\\/#\\\/schema\\\/logo\\\/image\\\/\"}}]}<\/script>\n<!-- \/ Yoast SEO Premium plugin. -->","yoast_head_json":{"title":"Esschert Design Treibhaus Gie\u00dfkanne (TG172, 8714982038419) - Trends & Vision","description":"Esschert Design Treibhaus Gie\u00dfkanne: Treibhaus Gie\u00dfkanne","robots":{"index":"index","follow":"follow","max-snippet":"max-snippet:-1","max-image-preview":"max-image-preview:large","max-video-preview":"max-video-preview:-1"},"canonical":"https:\/\/trendsandvision.nl\/de\/product\/esschert-design-treibhaus-giesskanne-75l\/","og_locale":"de_DE","og_type":"article","og_title":"Esschert Design Treibhaus Gie\u00dfkanne 7,5l","og_description":"Esschert Design Treibhaus Gie\u00dfkanne: Treibhaus Gie\u00dfkanne","og_url":"https:\/\/trendsandvision.nl\/de\/product\/esschert-design-treibhaus-giesskanne-75l\/","og_site_name":"Trends &amp; Vision (DE)","article_modified_time":"2026-04-07T08:48:02+00:00","og_image":[{"width":800,"height":800,"url":"https:\/\/trendsandvision.nl\/de\/wp-content\/uploads\/sites\/3\/2022\/04\/TG172_01.jpg","type":"image\/jpeg"}],"twitter_card":"summary_large_image","twitter_misc":{"Gesch\u00e4tzte Lesezeit":"1\u00a0Minute"},"schema":{"@context":"https:\/\/schema.org","@graph":[{"@type":"WebPage","@id":"https:\/\/trendsandvision.nl\/de\/product\/esschert-design-treibhaus-giesskanne-75l\/","url":"https:\/\/trendsandvision.nl\/de\/product\/esschert-design-treibhaus-giesskanne-75l\/","name":"Esschert Design Treibhaus Gie\u00dfkanne (TG172, 8714982038419) - Trends & Vision","isPartOf":{"@id":"https:\/\/trendsandvision.nl\/de\/#website"},"primaryImageOfPage":{"@id":"https:\/\/trendsandvision.nl\/de\/product\/esschert-design-treibhaus-giesskanne-75l\/#primaryimage"},"image":{"@id":"https:\/\/trendsandvision.nl\/de\/product\/esschert-design-treibhaus-giesskanne-75l\/#primaryimage"},"thumbnailUrl":"https:\/\/trendsandvision.nl\/de\/wp-content\/uploads\/sites\/3\/2022\/04\/TG172_01.jpg","datePublished":"2022-04-22T21:16:44+00:00","dateModified":"2026-04-07T08:48:02+00:00","description":"Esschert Design Treibhaus Gie\u00dfkanne: Treibhaus Gie\u00dfkanne","breadcrumb":{"@id":"https:\/\/trendsandvision.nl\/de\/product\/esschert-design-treibhaus-giesskanne-75l\/#breadcrumb"},"inLanguage":"de","potentialAction":[{"@type":"ReadAction","target":["https:\/\/trendsandvision.nl\/de\/product\/esschert-design-treibhaus-giesskanne-75l\/"]}]},{"@type":"ImageObject","inLanguage":"de","@id":"https:\/\/trendsandvision.nl\/de\/product\/esschert-design-treibhaus-giesskanne-75l\/#primaryimage","url":"https:\/\/trendsandvision.nl\/de\/wp-content\/uploads\/sites\/3\/2022\/04\/TG172_01.jpg","contentUrl":"https:\/\/trendsandvision.nl\/de\/wp-content\/uploads\/sites\/3\/2022\/04\/TG172_01.jpg","width":800,"height":800,"caption":"Esschert Design Treibhaus Gie\u00dfkanne (TG172"},{"@type":"BreadcrumbList","@id":"https:\/\/trendsandvision.nl\/de\/product\/esschert-design-treibhaus-giesskanne-75l\/#breadcrumb","itemListElement":[{"@type":"ListItem","position":1,"name":"Home","item":"https:\/\/trendsandvision.nl\/de\/"},{"@type":"ListItem","position":2,"name":"Gesch\u00e4ft","item":"https:\/\/trendsandvision.nl\/de\/geschaft\/"},{"@type":"ListItem","position":3,"name":"Esschert Design Treibhaus Gie\u00dfkanne 7,5l"}]},{"@type":"WebSite","@id":"https:\/\/trendsandvision.nl\/de\/#website","url":"https:\/\/trendsandvision.nl\/de\/","name":"Trends &amp; Vision (DE)","description":"Der Webshop f\u00fcr Esschert Design Artikel","publisher":{"@id":"https:\/\/trendsandvision.nl\/de\/#organization"},"potentialAction":[{"@type":"SearchAction","target":{"@type":"EntryPoint","urlTemplate":"https:\/\/trendsandvision.nl\/de\/?s={search_term_string}"},"query-input":{"@type":"PropertyValueSpecification","valueRequired":true,"valueName":"search_term_string"}}],"inLanguage":"de"},{"@type":"Organization","@id":"https:\/\/trendsandvision.nl\/de\/#organization","name":"Trends &amp; Vision (DE)","url":"https:\/\/trendsandvision.nl\/de\/","logo":{"@type":"ImageObject","inLanguage":"de","@id":"https:\/\/trendsandvision.nl\/de\/#\/schema\/logo\/image\/","url":"https:\/\/trendsandvision.nl\/de\/wp-content\/uploads\/sites\/3\/2022\/04\/trends-and-vision-logo.jpg","contentUrl":"https:\/\/trendsandvision.nl\/de\/wp-content\/uploads\/sites\/3\/2022\/04\/trends-and-vision-logo.jpg","width":213,"height":100,"caption":"Trends &amp; Vision (DE)"},"image":{"@id":"https:\/\/trendsandvision.nl\/de\/#\/schema\/logo\/image\/"}}]}},"_links":{"self":[{"href":"https:\/\/trendsandvision.nl\/de\/wp-json\/wp\/v2\/product\/7580","targetHints":{"allow":["GET"]}}],"collection":[{"href":"https:\/\/trendsandvision.nl\/de\/wp-json\/wp\/v2\/product"}],"about":[{"href":"https:\/\/trendsandvision.nl\/de\/wp-json\/wp\/v2\/types\/product"}],"wp:featuredmedia":[{"embeddable":true,"href":"https:\/\/trendsandvision.nl\/de\/wp-json\/wp\/v2\/media\/7581"}],"wp:attachment":[{"href":"https:\/\/trendsandvision.nl\/de\/wp-json\/wp\/v2\/media?parent=7580"}],"wp:term":[{"taxonomy":"product_brand","embeddable":true,"href":"https:\/\/trendsandvision.nl\/de\/wp-json\/wp\/v2\/product_brand?post=7580"},{"taxonomy":"product_cat","embeddable":true,"href":"https:\/\/trendsandvision.nl\/de\/wp-json\/wp\/v2\/product_cat?post=7580"},{"taxonomy":"product_tag","embeddable":true,"href":"https:\/\/trendsandvision.nl\/de\/wp-json\/wp\/v2\/product_tag?post=7580"}],"curies":[{"name":"wp","href":"https:\/\/api.w.org\/{rel}","templated":true}]}}