{"id":7476,"date":"2022-04-22T23:13:50","date_gmt":"2022-04-22T21:13:50","guid":{"rendered":"https:\/\/trendsandvision.nl\/de\/product\/esschert-design-rosendruck-jute-gartenschuerze\/"},"modified":"2026-04-07T10:47:45","modified_gmt":"2026-04-07T08:47:45","slug":"esschert-design-rosendruck-jute-gartenschuerze","status":"publish","type":"product","link":"https:\/\/trendsandvision.nl\/de\/product\/esschert-design-rosendruck-jute-gartenschuerze\/","title":{"rendered":"Esschert Design Rosendruck\/ Jute Gartensch\u00fcrze"},"content":{"rendered":"<p>Rosen stehen f\u00fcr Sch\u00f6nheit, Romantik und Liebe.<br \/>\nDas Altenglische Dessin mit Rosenmotiv von dieser Sch\u00fcrze wird kombiniert mit einer beruhigenden gr\u00fcnen Jutestruktur.<br \/>\nW\u00e4hrend der Gartenarbeit ist eine Sch\u00fcrze unverzichtbar. Diese solide Gartensch\u00fcrze mit ihrer eleganten Ausstrahlung bietet mehrere gro\u00dfe F\u00e4cher f\u00fcr verschiedene Gartenger\u00e4te.<br \/>\nDie B\u00e4nder f\u00fcr den Hals und Taille sind jeweils verstellbar.<\/p>\n<p>Artikelname: Rosendruck\/ Jute Gartensch\u00fcrze<br \/>\nArtikelnummer: RD37<br \/>\nProduktgruppe(n) Garten&amp;Terrasse, Gartenger\u00e4te, Multifunktionelles Textil, Kultivierung, Werkzeuge, Arbeitskleidung<br \/>\nProduktabmessungen in cm L 110 x T 3 x H 78<br \/>\nMaterial 100% Kanevas polyester, Jute, PU, PP<br \/>\nNettogewicht 0,181 kg<br \/>\nBarcode 8714982121548<\/p>\n","protected":false},"excerpt":{"rendered":"<p>Rosendruck\/ Jute Gartensch\u00fcrze<br \/>\nArtikelnummer: RD37<br \/>\nL 110 x T 3 x H 78 cm<br \/>\nMaterial 100% Kanevas<br \/>\npolyester, Jute, PU, PP<br \/>\nNettogewicht 0,181 kg<br \/>\nBarcode 8714982121548<\/p>\n","protected":false},"featured_media":7477,"template":"","meta":[],"product_brand":[9597,9598],"product_cat":[769],"product_tag":[6925,6742,7174,7973,8356,7836],"class_list":{"0":"post-7476","1":"product","2":"type-product","3":"status-publish","4":"has-post-thumbnail","6":"product_brand-esschert-design","7":"product_brand-trends-and-vision","8":"product_cat-prints","9":"product_tag-gartengeraeten","10":"product_tag-gartenschuerze","11":"product_tag-jute","12":"product_tag-print","13":"product_tag-rosen","14":"product_tag-schuerze","15":"pa_anbieter-esschert-design","16":"pa_ean-code-4313","17":"pa_material-kanevas-jute-pu-pp","18":"pa_messungen-455x10x740-cm","20":"first","21":"instock","22":"sale","23":"taxable","24":"shipping-taxable","25":"purchasable","26":"product-type-simple","27":"czr-hentry"},"yoast_head":"<!-- This site is optimized with the Yoast SEO Premium plugin v26.4 (Yoast SEO v27.3) - https:\/\/yoast.com\/product\/yoast-seo-premium-wordpress\/ -->\n<title>Esschert Design Rosendruck\/ Jute Gartensch\u00fcrze (RD37, 8714982121548) - Trends &amp; Vision<\/title>\n<meta name=\"description\" content=\"Esschert Design Rosendruck\/ Jute Gartensch\u00fcrze:\" \/>\n<meta name=\"robots\" content=\"index, follow, max-snippet:-1, max-image-preview:large, max-video-preview:-1\" \/>\n<link rel=\"canonical\" href=\"https:\/\/trendsandvision.nl\/de\/product\/esschert-design-rosendruck-jute-gartenschuerze\/\" \/>\n<meta property=\"og:locale\" content=\"de_DE\" \/>\n<meta property=\"og:type\" content=\"article\" \/>\n<meta property=\"og:title\" content=\"Esschert Design Rosendruck\/ Jute Gartensch\u00fcrze\" \/>\n<meta property=\"og:description\" content=\"Esschert Design Rosendruck\/ Jute Gartensch\u00fcrze:\" \/>\n<meta property=\"og:url\" content=\"https:\/\/trendsandvision.nl\/de\/product\/esschert-design-rosendruck-jute-gartenschuerze\/\" \/>\n<meta property=\"og:site_name\" content=\"Trends &amp; Vision (DE)\" \/>\n<meta property=\"article:modified_time\" content=\"2026-04-07T08:47:45+00:00\" \/>\n<meta property=\"og:image\" content=\"https:\/\/trendsandvision.nl\/de\/wp-content\/uploads\/sites\/3\/2022\/04\/RD37_01.jpg\" \/>\n\t<meta property=\"og:image:width\" content=\"800\" \/>\n\t<meta property=\"og:image:height\" content=\"800\" \/>\n\t<meta property=\"og:image:type\" content=\"image\/jpeg\" \/>\n<meta name=\"twitter:card\" content=\"summary_large_image\" \/>\n<meta name=\"twitter:label1\" content=\"Gesch\u00e4tzte Lesezeit\" \/>\n\t<meta name=\"twitter:data1\" content=\"1\u00a0Minute\" \/>\n<script type=\"application\/ld+json\" class=\"yoast-schema-graph\">{\"@context\":\"https:\\\/\\\/schema.org\",\"@graph\":[{\"@type\":\"WebPage\",\"@id\":\"https:\\\/\\\/trendsandvision.nl\\\/de\\\/product\\\/esschert-design-rosendruck-jute-gartenschuerze\\\/\",\"url\":\"https:\\\/\\\/trendsandvision.nl\\\/de\\\/product\\\/esschert-design-rosendruck-jute-gartenschuerze\\\/\",\"name\":\"Esschert Design Rosendruck\\\/ Jute Gartensch\u00fcrze (RD37, 8714982121548) - Trends & Vision\",\"isPartOf\":{\"@id\":\"https:\\\/\\\/trendsandvision.nl\\\/de\\\/#website\"},\"primaryImageOfPage\":{\"@id\":\"https:\\\/\\\/trendsandvision.nl\\\/de\\\/product\\\/esschert-design-rosendruck-jute-gartenschuerze\\\/#primaryimage\"},\"image\":{\"@id\":\"https:\\\/\\\/trendsandvision.nl\\\/de\\\/product\\\/esschert-design-rosendruck-jute-gartenschuerze\\\/#primaryimage\"},\"thumbnailUrl\":\"https:\\\/\\\/trendsandvision.nl\\\/de\\\/wp-content\\\/uploads\\\/sites\\\/3\\\/2022\\\/04\\\/RD37_01.jpg\",\"datePublished\":\"2022-04-22T21:13:50+00:00\",\"dateModified\":\"2026-04-07T08:47:45+00:00\",\"description\":\"Esschert Design Rosendruck\\\/ Jute Gartensch\u00fcrze:\",\"breadcrumb\":{\"@id\":\"https:\\\/\\\/trendsandvision.nl\\\/de\\\/product\\\/esschert-design-rosendruck-jute-gartenschuerze\\\/#breadcrumb\"},\"inLanguage\":\"de\",\"potentialAction\":[{\"@type\":\"ReadAction\",\"target\":[\"https:\\\/\\\/trendsandvision.nl\\\/de\\\/product\\\/esschert-design-rosendruck-jute-gartenschuerze\\\/\"]}]},{\"@type\":\"ImageObject\",\"inLanguage\":\"de\",\"@id\":\"https:\\\/\\\/trendsandvision.nl\\\/de\\\/product\\\/esschert-design-rosendruck-jute-gartenschuerze\\\/#primaryimage\",\"url\":\"https:\\\/\\\/trendsandvision.nl\\\/de\\\/wp-content\\\/uploads\\\/sites\\\/3\\\/2022\\\/04\\\/RD37_01.jpg\",\"contentUrl\":\"https:\\\/\\\/trendsandvision.nl\\\/de\\\/wp-content\\\/uploads\\\/sites\\\/3\\\/2022\\\/04\\\/RD37_01.jpg\",\"width\":800,\"height\":800,\"caption\":\"Esschert Design Rosendruck\\\/ Jute Gartensch\u00fcrze (RD37\"},{\"@type\":\"BreadcrumbList\",\"@id\":\"https:\\\/\\\/trendsandvision.nl\\\/de\\\/product\\\/esschert-design-rosendruck-jute-gartenschuerze\\\/#breadcrumb\",\"itemListElement\":[{\"@type\":\"ListItem\",\"position\":1,\"name\":\"Home\",\"item\":\"https:\\\/\\\/trendsandvision.nl\\\/de\\\/\"},{\"@type\":\"ListItem\",\"position\":2,\"name\":\"Gesch\u00e4ft\",\"item\":\"https:\\\/\\\/trendsandvision.nl\\\/de\\\/geschaft\\\/\"},{\"@type\":\"ListItem\",\"position\":3,\"name\":\"Esschert Design Rosendruck\\\/ Jute Gartensch\u00fcrze\"}]},{\"@type\":\"WebSite\",\"@id\":\"https:\\\/\\\/trendsandvision.nl\\\/de\\\/#website\",\"url\":\"https:\\\/\\\/trendsandvision.nl\\\/de\\\/\",\"name\":\"Trends &amp; Vision (DE)\",\"description\":\"Der Webshop f\u00fcr Esschert Design Artikel\",\"publisher\":{\"@id\":\"https:\\\/\\\/trendsandvision.nl\\\/de\\\/#organization\"},\"potentialAction\":[{\"@type\":\"SearchAction\",\"target\":{\"@type\":\"EntryPoint\",\"urlTemplate\":\"https:\\\/\\\/trendsandvision.nl\\\/de\\\/?s={search_term_string}\"},\"query-input\":{\"@type\":\"PropertyValueSpecification\",\"valueRequired\":true,\"valueName\":\"search_term_string\"}}],\"inLanguage\":\"de\"},{\"@type\":\"Organization\",\"@id\":\"https:\\\/\\\/trendsandvision.nl\\\/de\\\/#organization\",\"name\":\"Trends &amp; Vision (DE)\",\"url\":\"https:\\\/\\\/trendsandvision.nl\\\/de\\\/\",\"logo\":{\"@type\":\"ImageObject\",\"inLanguage\":\"de\",\"@id\":\"https:\\\/\\\/trendsandvision.nl\\\/de\\\/#\\\/schema\\\/logo\\\/image\\\/\",\"url\":\"https:\\\/\\\/trendsandvision.nl\\\/de\\\/wp-content\\\/uploads\\\/sites\\\/3\\\/2022\\\/04\\\/trends-and-vision-logo.jpg\",\"contentUrl\":\"https:\\\/\\\/trendsandvision.nl\\\/de\\\/wp-content\\\/uploads\\\/sites\\\/3\\\/2022\\\/04\\\/trends-and-vision-logo.jpg\",\"width\":213,\"height\":100,\"caption\":\"Trends &amp; Vision (DE)\"},\"image\":{\"@id\":\"https:\\\/\\\/trendsandvision.nl\\\/de\\\/#\\\/schema\\\/logo\\\/image\\\/\"}}]}<\/script>\n<!-- \/ Yoast SEO Premium plugin. -->","yoast_head_json":{"title":"Esschert Design Rosendruck\/ Jute Gartensch\u00fcrze (RD37, 8714982121548) - Trends & Vision","description":"Esschert Design Rosendruck\/ Jute Gartensch\u00fcrze:","robots":{"index":"index","follow":"follow","max-snippet":"max-snippet:-1","max-image-preview":"max-image-preview:large","max-video-preview":"max-video-preview:-1"},"canonical":"https:\/\/trendsandvision.nl\/de\/product\/esschert-design-rosendruck-jute-gartenschuerze\/","og_locale":"de_DE","og_type":"article","og_title":"Esschert Design Rosendruck\/ Jute Gartensch\u00fcrze","og_description":"Esschert Design Rosendruck\/ Jute Gartensch\u00fcrze:","og_url":"https:\/\/trendsandvision.nl\/de\/product\/esschert-design-rosendruck-jute-gartenschuerze\/","og_site_name":"Trends &amp; Vision (DE)","article_modified_time":"2026-04-07T08:47:45+00:00","og_image":[{"width":800,"height":800,"url":"https:\/\/trendsandvision.nl\/de\/wp-content\/uploads\/sites\/3\/2022\/04\/RD37_01.jpg","type":"image\/jpeg"}],"twitter_card":"summary_large_image","twitter_misc":{"Gesch\u00e4tzte Lesezeit":"1\u00a0Minute"},"schema":{"@context":"https:\/\/schema.org","@graph":[{"@type":"WebPage","@id":"https:\/\/trendsandvision.nl\/de\/product\/esschert-design-rosendruck-jute-gartenschuerze\/","url":"https:\/\/trendsandvision.nl\/de\/product\/esschert-design-rosendruck-jute-gartenschuerze\/","name":"Esschert Design Rosendruck\/ Jute Gartensch\u00fcrze (RD37, 8714982121548) - Trends & Vision","isPartOf":{"@id":"https:\/\/trendsandvision.nl\/de\/#website"},"primaryImageOfPage":{"@id":"https:\/\/trendsandvision.nl\/de\/product\/esschert-design-rosendruck-jute-gartenschuerze\/#primaryimage"},"image":{"@id":"https:\/\/trendsandvision.nl\/de\/product\/esschert-design-rosendruck-jute-gartenschuerze\/#primaryimage"},"thumbnailUrl":"https:\/\/trendsandvision.nl\/de\/wp-content\/uploads\/sites\/3\/2022\/04\/RD37_01.jpg","datePublished":"2022-04-22T21:13:50+00:00","dateModified":"2026-04-07T08:47:45+00:00","description":"Esschert Design Rosendruck\/ Jute Gartensch\u00fcrze:","breadcrumb":{"@id":"https:\/\/trendsandvision.nl\/de\/product\/esschert-design-rosendruck-jute-gartenschuerze\/#breadcrumb"},"inLanguage":"de","potentialAction":[{"@type":"ReadAction","target":["https:\/\/trendsandvision.nl\/de\/product\/esschert-design-rosendruck-jute-gartenschuerze\/"]}]},{"@type":"ImageObject","inLanguage":"de","@id":"https:\/\/trendsandvision.nl\/de\/product\/esschert-design-rosendruck-jute-gartenschuerze\/#primaryimage","url":"https:\/\/trendsandvision.nl\/de\/wp-content\/uploads\/sites\/3\/2022\/04\/RD37_01.jpg","contentUrl":"https:\/\/trendsandvision.nl\/de\/wp-content\/uploads\/sites\/3\/2022\/04\/RD37_01.jpg","width":800,"height":800,"caption":"Esschert Design Rosendruck\/ Jute Gartensch\u00fcrze (RD37"},{"@type":"BreadcrumbList","@id":"https:\/\/trendsandvision.nl\/de\/product\/esschert-design-rosendruck-jute-gartenschuerze\/#breadcrumb","itemListElement":[{"@type":"ListItem","position":1,"name":"Home","item":"https:\/\/trendsandvision.nl\/de\/"},{"@type":"ListItem","position":2,"name":"Gesch\u00e4ft","item":"https:\/\/trendsandvision.nl\/de\/geschaft\/"},{"@type":"ListItem","position":3,"name":"Esschert Design Rosendruck\/ Jute Gartensch\u00fcrze"}]},{"@type":"WebSite","@id":"https:\/\/trendsandvision.nl\/de\/#website","url":"https:\/\/trendsandvision.nl\/de\/","name":"Trends &amp; Vision (DE)","description":"Der Webshop f\u00fcr Esschert Design Artikel","publisher":{"@id":"https:\/\/trendsandvision.nl\/de\/#organization"},"potentialAction":[{"@type":"SearchAction","target":{"@type":"EntryPoint","urlTemplate":"https:\/\/trendsandvision.nl\/de\/?s={search_term_string}"},"query-input":{"@type":"PropertyValueSpecification","valueRequired":true,"valueName":"search_term_string"}}],"inLanguage":"de"},{"@type":"Organization","@id":"https:\/\/trendsandvision.nl\/de\/#organization","name":"Trends &amp; Vision (DE)","url":"https:\/\/trendsandvision.nl\/de\/","logo":{"@type":"ImageObject","inLanguage":"de","@id":"https:\/\/trendsandvision.nl\/de\/#\/schema\/logo\/image\/","url":"https:\/\/trendsandvision.nl\/de\/wp-content\/uploads\/sites\/3\/2022\/04\/trends-and-vision-logo.jpg","contentUrl":"https:\/\/trendsandvision.nl\/de\/wp-content\/uploads\/sites\/3\/2022\/04\/trends-and-vision-logo.jpg","width":213,"height":100,"caption":"Trends &amp; Vision (DE)"},"image":{"@id":"https:\/\/trendsandvision.nl\/de\/#\/schema\/logo\/image\/"}}]}},"_links":{"self":[{"href":"https:\/\/trendsandvision.nl\/de\/wp-json\/wp\/v2\/product\/7476","targetHints":{"allow":["GET"]}}],"collection":[{"href":"https:\/\/trendsandvision.nl\/de\/wp-json\/wp\/v2\/product"}],"about":[{"href":"https:\/\/trendsandvision.nl\/de\/wp-json\/wp\/v2\/types\/product"}],"wp:featuredmedia":[{"embeddable":true,"href":"https:\/\/trendsandvision.nl\/de\/wp-json\/wp\/v2\/media\/7477"}],"wp:attachment":[{"href":"https:\/\/trendsandvision.nl\/de\/wp-json\/wp\/v2\/media?parent=7476"}],"wp:term":[{"taxonomy":"product_brand","embeddable":true,"href":"https:\/\/trendsandvision.nl\/de\/wp-json\/wp\/v2\/product_brand?post=7476"},{"taxonomy":"product_cat","embeddable":true,"href":"https:\/\/trendsandvision.nl\/de\/wp-json\/wp\/v2\/product_cat?post=7476"},{"taxonomy":"product_tag","embeddable":true,"href":"https:\/\/trendsandvision.nl\/de\/wp-json\/wp\/v2\/product_tag?post=7476"}],"curies":[{"name":"wp","href":"https:\/\/api.w.org\/{rel}","templated":true}]}}