{"id":7465,"date":"2022-04-22T23:13:32","date_gmt":"2022-04-22T21:13:32","guid":{"rendered":"https:\/\/trendsandvision.nl\/de\/product\/esschert-design-roosprint-handschoenen\/"},"modified":"2026-04-22T15:20:21","modified_gmt":"2026-04-22T13:20:21","slug":"esschert-design-rosendruck-gartenhandschuhe","status":"publish","type":"product","link":"https:\/\/trendsandvision.nl\/de\/product\/esschert-design-rosendruck-gartenhandschuhe\/","title":{"rendered":"Esschert Design  Rosendruck Gartenhandschuhe"},"content":{"rendered":"<p>Rosen stehen f\u00fcr Sch\u00f6nheit, Romantik und Liebe. W\u00e4hrend der Gartenarbeit sind Handschuhe unverzichtbar. Diese mit dem altenglischen Dessin mit Rosen bedruckte Handschuhe sch\u00fctzen Ihre H\u00e4nde vor Schmutz. Die elastischen B\u00fcndchen verhindern, dass Erde in die Handschuhe hineinkommen kann. F\u00fcr einen besseren Griff sind die Handschuhinnenseiten mit kleinen PVC Noppen versehen.<\/p>\n<p>Elastische B\u00fcndchen<br \/>\nHandschuhinnenseiten versehen mit PVC Noppen<\/p>\n<p>Artikelname: Rosendruck Gartenhandschuhe<br \/>\nArtikelnummer: RD34<br \/>\nWahl\/Preis pro St\u00fcck<br \/>\nProduktgruppe(n) Garten&amp;Terrasse, Gartenger\u00e4te, Gartenhandschuhe<br \/>\nProduktabmessungen in cm L 11,9 x T 0,7 x H 23,1<br \/>\nMaterial 65% Baumwolle, 35% Polyester, PVC<br \/>\nBruttogewicht 0,053 kg<br \/>\nNettogewicht 0,048 kg<br \/>\nBarcode 8714982121517<\/p>\n<p>Unsere <strong><a href=\"https:\/\/trendsandvision.nl\/de\/?s=handschu&amp;post_type=product&amp;dgwt_wcas=1\">Handschuhkollektion<\/a><\/strong><\/p>\n","protected":false},"excerpt":{"rendered":"<p>Rosendruck Gartenhandschuhe<br \/>\nArtikelnummer: RD34<br \/>\nWahl\/Preis pro St\u00fcck<br \/>\nL 11,9 x T 0,7 x H 23,1 cm<br \/>\nMaterial 65% Baumwolle, 35% Polyester<br \/>\nNettogewicht 0,048 kg<br \/>\nBarcode 8714982121517<\/p>\n","protected":false},"featured_media":7466,"template":"","meta":[],"product_brand":[9597,9598],"product_cat":[769],"product_tag":[6925,7560,7973,8356],"class_list":{"0":"post-7465","1":"product","2":"type-product","3":"status-publish","4":"has-post-thumbnail","6":"product_brand-esschert-design","7":"product_brand-trends-and-vision","8":"product_cat-prints","9":"product_tag-gartengeraeten","10":"product_tag-handschuhe","11":"product_tag-print","12":"product_tag-rosen","13":"pa_anbieter-esschert-design","14":"pa_ean-code-4305","15":"pa_material-polyester-katoen-pvc","17":"first","18":"outofstock","19":"sale","20":"taxable","21":"shipping-taxable","22":"purchasable","23":"product-type-simple","24":"czr-hentry"},"yoast_head":"<!-- This site is optimized with the Yoast SEO Premium plugin v27.4 (Yoast SEO v27.4) - https:\/\/yoast.com\/product\/yoast-seo-premium-wordpress\/ -->\n<title>Esschert Design Roosprint handschoenen (RD34, 8714982121517) - Trends &amp; Vision<\/title>\n<meta name=\"description\" content=\"Esschert Design Roosprint handschoenen: Set van drie paar handschoenen\" \/>\n<meta name=\"robots\" content=\"index, follow, max-snippet:-1, max-image-preview:large, max-video-preview:-1\" \/>\n<link rel=\"canonical\" href=\"https:\/\/trendsandvision.nl\/de\/product\/esschert-design-rosendruck-gartenhandschuhe\/\" \/>\n<meta property=\"og:locale\" content=\"de_DE\" \/>\n<meta property=\"og:type\" content=\"article\" \/>\n<meta property=\"og:title\" content=\"Esschert Design Rosendruck Gartenhandschuhe\" \/>\n<meta property=\"og:description\" content=\"Esschert Design Roosprint handschoenen: Set van drie paar handschoenen\" \/>\n<meta property=\"og:url\" content=\"https:\/\/trendsandvision.nl\/de\/product\/esschert-design-rosendruck-gartenhandschuhe\/\" \/>\n<meta property=\"og:site_name\" content=\"Trends &amp; Vision (DE)\" \/>\n<meta property=\"article:modified_time\" content=\"2026-04-22T13:20:21+00:00\" \/>\n<meta property=\"og:image\" content=\"https:\/\/trendsandvision.nl\/de\/wp-content\/uploads\/sites\/3\/2022\/04\/RD34_01.jpg\" \/>\n\t<meta property=\"og:image:width\" content=\"800\" \/>\n\t<meta property=\"og:image:height\" content=\"800\" \/>\n\t<meta property=\"og:image:type\" content=\"image\/jpeg\" \/>\n<meta name=\"twitter:card\" content=\"summary_large_image\" \/>\n<meta name=\"twitter:label1\" content=\"Gesch\u00e4tzte Lesezeit\" \/>\n\t<meta name=\"twitter:data1\" content=\"1\u00a0Minute\" \/>\n<script type=\"application\/ld+json\" class=\"yoast-schema-graph\">{\"@context\":\"https:\\\/\\\/schema.org\",\"@graph\":[{\"@type\":\"WebPage\",\"@id\":\"https:\\\/\\\/trendsandvision.nl\\\/de\\\/product\\\/esschert-design-rosendruck-gartenhandschuhe\\\/\",\"url\":\"https:\\\/\\\/trendsandvision.nl\\\/de\\\/product\\\/esschert-design-rosendruck-gartenhandschuhe\\\/\",\"name\":\"Esschert Design Roosprint handschoenen (RD34, 8714982121517) - Trends & Vision\",\"isPartOf\":{\"@id\":\"https:\\\/\\\/trendsandvision.nl\\\/de\\\/#website\"},\"primaryImageOfPage\":{\"@id\":\"https:\\\/\\\/trendsandvision.nl\\\/de\\\/product\\\/esschert-design-rosendruck-gartenhandschuhe\\\/#primaryimage\"},\"image\":{\"@id\":\"https:\\\/\\\/trendsandvision.nl\\\/de\\\/product\\\/esschert-design-rosendruck-gartenhandschuhe\\\/#primaryimage\"},\"thumbnailUrl\":\"https:\\\/\\\/trendsandvision.nl\\\/de\\\/wp-content\\\/uploads\\\/sites\\\/3\\\/2022\\\/04\\\/RD34_01.jpg\",\"datePublished\":\"2022-04-22T21:13:32+00:00\",\"dateModified\":\"2026-04-22T13:20:21+00:00\",\"description\":\"Esschert Design Roosprint handschoenen: Set van drie paar handschoenen\",\"breadcrumb\":{\"@id\":\"https:\\\/\\\/trendsandvision.nl\\\/de\\\/product\\\/esschert-design-rosendruck-gartenhandschuhe\\\/#breadcrumb\"},\"inLanguage\":\"de\",\"potentialAction\":[{\"@type\":\"ReadAction\",\"target\":[\"https:\\\/\\\/trendsandvision.nl\\\/de\\\/product\\\/esschert-design-rosendruck-gartenhandschuhe\\\/\"]}]},{\"@type\":\"ImageObject\",\"inLanguage\":\"de\",\"@id\":\"https:\\\/\\\/trendsandvision.nl\\\/de\\\/product\\\/esschert-design-rosendruck-gartenhandschuhe\\\/#primaryimage\",\"url\":\"https:\\\/\\\/trendsandvision.nl\\\/de\\\/wp-content\\\/uploads\\\/sites\\\/3\\\/2022\\\/04\\\/RD34_01.jpg\",\"contentUrl\":\"https:\\\/\\\/trendsandvision.nl\\\/de\\\/wp-content\\\/uploads\\\/sites\\\/3\\\/2022\\\/04\\\/RD34_01.jpg\",\"width\":800,\"height\":800,\"caption\":\"Esschert Design Roosprint handschoenen (RD34\"},{\"@type\":\"BreadcrumbList\",\"@id\":\"https:\\\/\\\/trendsandvision.nl\\\/de\\\/product\\\/esschert-design-rosendruck-gartenhandschuhe\\\/#breadcrumb\",\"itemListElement\":[{\"@type\":\"ListItem\",\"position\":1,\"name\":\"Home\",\"item\":\"https:\\\/\\\/trendsandvision.nl\\\/de\\\/\"},{\"@type\":\"ListItem\",\"position\":2,\"name\":\"Gesch\u00e4ft\",\"item\":\"https:\\\/\\\/trendsandvision.nl\\\/de\\\/geschaft\\\/\"},{\"@type\":\"ListItem\",\"position\":3,\"name\":\"Esschert Design Rosendruck Gartenhandschuhe\"}]},{\"@type\":\"WebSite\",\"@id\":\"https:\\\/\\\/trendsandvision.nl\\\/de\\\/#website\",\"url\":\"https:\\\/\\\/trendsandvision.nl\\\/de\\\/\",\"name\":\"Trends &amp; Vision (DE)\",\"description\":\"Der Webshop f\u00fcr Esschert Design Artikel\",\"publisher\":{\"@id\":\"https:\\\/\\\/trendsandvision.nl\\\/de\\\/#organization\"},\"potentialAction\":[{\"@type\":\"SearchAction\",\"target\":{\"@type\":\"EntryPoint\",\"urlTemplate\":\"https:\\\/\\\/trendsandvision.nl\\\/de\\\/?s={search_term_string}\"},\"query-input\":{\"@type\":\"PropertyValueSpecification\",\"valueRequired\":true,\"valueName\":\"search_term_string\"}}],\"inLanguage\":\"de\"},{\"@type\":\"Organization\",\"@id\":\"https:\\\/\\\/trendsandvision.nl\\\/de\\\/#organization\",\"name\":\"Trends &amp; Vision (DE)\",\"url\":\"https:\\\/\\\/trendsandvision.nl\\\/de\\\/\",\"logo\":{\"@type\":\"ImageObject\",\"inLanguage\":\"de\",\"@id\":\"https:\\\/\\\/trendsandvision.nl\\\/de\\\/#\\\/schema\\\/logo\\\/image\\\/\",\"url\":\"https:\\\/\\\/trendsandvision.nl\\\/de\\\/wp-content\\\/uploads\\\/sites\\\/3\\\/2022\\\/04\\\/trends-and-vision-logo.jpg\",\"contentUrl\":\"https:\\\/\\\/trendsandvision.nl\\\/de\\\/wp-content\\\/uploads\\\/sites\\\/3\\\/2022\\\/04\\\/trends-and-vision-logo.jpg\",\"width\":213,\"height\":100,\"caption\":\"Trends &amp; Vision (DE)\"},\"image\":{\"@id\":\"https:\\\/\\\/trendsandvision.nl\\\/de\\\/#\\\/schema\\\/logo\\\/image\\\/\"}}]}<\/script>\n<!-- \/ Yoast SEO Premium plugin. -->","yoast_head_json":{"title":"Esschert Design Roosprint handschoenen (RD34, 8714982121517) - Trends & Vision","description":"Esschert Design Roosprint handschoenen: Set van drie paar handschoenen","robots":{"index":"index","follow":"follow","max-snippet":"max-snippet:-1","max-image-preview":"max-image-preview:large","max-video-preview":"max-video-preview:-1"},"canonical":"https:\/\/trendsandvision.nl\/de\/product\/esschert-design-rosendruck-gartenhandschuhe\/","og_locale":"de_DE","og_type":"article","og_title":"Esschert Design Rosendruck Gartenhandschuhe","og_description":"Esschert Design Roosprint handschoenen: Set van drie paar handschoenen","og_url":"https:\/\/trendsandvision.nl\/de\/product\/esschert-design-rosendruck-gartenhandschuhe\/","og_site_name":"Trends &amp; Vision (DE)","article_modified_time":"2026-04-22T13:20:21+00:00","og_image":[{"width":800,"height":800,"url":"https:\/\/trendsandvision.nl\/de\/wp-content\/uploads\/sites\/3\/2022\/04\/RD34_01.jpg","type":"image\/jpeg"}],"twitter_card":"summary_large_image","twitter_misc":{"Gesch\u00e4tzte Lesezeit":"1\u00a0Minute"},"schema":{"@context":"https:\/\/schema.org","@graph":[{"@type":"WebPage","@id":"https:\/\/trendsandvision.nl\/de\/product\/esschert-design-rosendruck-gartenhandschuhe\/","url":"https:\/\/trendsandvision.nl\/de\/product\/esschert-design-rosendruck-gartenhandschuhe\/","name":"Esschert Design Roosprint handschoenen (RD34, 8714982121517) - Trends & Vision","isPartOf":{"@id":"https:\/\/trendsandvision.nl\/de\/#website"},"primaryImageOfPage":{"@id":"https:\/\/trendsandvision.nl\/de\/product\/esschert-design-rosendruck-gartenhandschuhe\/#primaryimage"},"image":{"@id":"https:\/\/trendsandvision.nl\/de\/product\/esschert-design-rosendruck-gartenhandschuhe\/#primaryimage"},"thumbnailUrl":"https:\/\/trendsandvision.nl\/de\/wp-content\/uploads\/sites\/3\/2022\/04\/RD34_01.jpg","datePublished":"2022-04-22T21:13:32+00:00","dateModified":"2026-04-22T13:20:21+00:00","description":"Esschert Design Roosprint handschoenen: Set van drie paar handschoenen","breadcrumb":{"@id":"https:\/\/trendsandvision.nl\/de\/product\/esschert-design-rosendruck-gartenhandschuhe\/#breadcrumb"},"inLanguage":"de","potentialAction":[{"@type":"ReadAction","target":["https:\/\/trendsandvision.nl\/de\/product\/esschert-design-rosendruck-gartenhandschuhe\/"]}]},{"@type":"ImageObject","inLanguage":"de","@id":"https:\/\/trendsandvision.nl\/de\/product\/esschert-design-rosendruck-gartenhandschuhe\/#primaryimage","url":"https:\/\/trendsandvision.nl\/de\/wp-content\/uploads\/sites\/3\/2022\/04\/RD34_01.jpg","contentUrl":"https:\/\/trendsandvision.nl\/de\/wp-content\/uploads\/sites\/3\/2022\/04\/RD34_01.jpg","width":800,"height":800,"caption":"Esschert Design Roosprint handschoenen (RD34"},{"@type":"BreadcrumbList","@id":"https:\/\/trendsandvision.nl\/de\/product\/esschert-design-rosendruck-gartenhandschuhe\/#breadcrumb","itemListElement":[{"@type":"ListItem","position":1,"name":"Home","item":"https:\/\/trendsandvision.nl\/de\/"},{"@type":"ListItem","position":2,"name":"Gesch\u00e4ft","item":"https:\/\/trendsandvision.nl\/de\/geschaft\/"},{"@type":"ListItem","position":3,"name":"Esschert Design Rosendruck Gartenhandschuhe"}]},{"@type":"WebSite","@id":"https:\/\/trendsandvision.nl\/de\/#website","url":"https:\/\/trendsandvision.nl\/de\/","name":"Trends &amp; Vision (DE)","description":"Der Webshop f\u00fcr Esschert Design Artikel","publisher":{"@id":"https:\/\/trendsandvision.nl\/de\/#organization"},"potentialAction":[{"@type":"SearchAction","target":{"@type":"EntryPoint","urlTemplate":"https:\/\/trendsandvision.nl\/de\/?s={search_term_string}"},"query-input":{"@type":"PropertyValueSpecification","valueRequired":true,"valueName":"search_term_string"}}],"inLanguage":"de"},{"@type":"Organization","@id":"https:\/\/trendsandvision.nl\/de\/#organization","name":"Trends &amp; Vision (DE)","url":"https:\/\/trendsandvision.nl\/de\/","logo":{"@type":"ImageObject","inLanguage":"de","@id":"https:\/\/trendsandvision.nl\/de\/#\/schema\/logo\/image\/","url":"https:\/\/trendsandvision.nl\/de\/wp-content\/uploads\/sites\/3\/2022\/04\/trends-and-vision-logo.jpg","contentUrl":"https:\/\/trendsandvision.nl\/de\/wp-content\/uploads\/sites\/3\/2022\/04\/trends-and-vision-logo.jpg","width":213,"height":100,"caption":"Trends &amp; Vision (DE)"},"image":{"@id":"https:\/\/trendsandvision.nl\/de\/#\/schema\/logo\/image\/"}}]}},"_links":{"self":[{"href":"https:\/\/trendsandvision.nl\/de\/wp-json\/wp\/v2\/product\/7465","targetHints":{"allow":["GET"]}}],"collection":[{"href":"https:\/\/trendsandvision.nl\/de\/wp-json\/wp\/v2\/product"}],"about":[{"href":"https:\/\/trendsandvision.nl\/de\/wp-json\/wp\/v2\/types\/product"}],"wp:featuredmedia":[{"embeddable":true,"href":"https:\/\/trendsandvision.nl\/de\/wp-json\/wp\/v2\/media\/7466"}],"wp:attachment":[{"href":"https:\/\/trendsandvision.nl\/de\/wp-json\/wp\/v2\/media?parent=7465"}],"wp:term":[{"taxonomy":"product_brand","embeddable":true,"href":"https:\/\/trendsandvision.nl\/de\/wp-json\/wp\/v2\/product_brand?post=7465"},{"taxonomy":"product_cat","embeddable":true,"href":"https:\/\/trendsandvision.nl\/de\/wp-json\/wp\/v2\/product_cat?post=7465"},{"taxonomy":"product_tag","embeddable":true,"href":"https:\/\/trendsandvision.nl\/de\/wp-json\/wp\/v2\/product_tag?post=7465"}],"curies":[{"name":"wp","href":"https:\/\/api.w.org\/{rel}","templated":true}]}}