{"id":7430,"date":"2022-04-22T23:12:20","date_gmt":"2022-04-22T21:12:20","guid":{"rendered":"https:\/\/trendsandvision.nl\/de\/product\/piy-set-deurmat-letters\/"},"modified":"2026-02-04T00:43:57","modified_gmt":"2026-02-03T23:43:57","slug":"esschert-design-phz-buchstaben-tuermatte","status":"publish","type":"product","link":"https:\/\/trendsandvision.nl\/de\/product\/esschert-design-phz-buchstaben-tuermatte\/","title":{"rendered":"Esschert Design PHZ Buchstaben T\u00fcrmatte"},"content":{"rendered":"<p>Sch\u00f6ne T\u00fcrmatten sind reichlich erh\u00e4ltlich, aber es macht viel mehr Spa\u00df und ist einfacher, eine pers\u00f6nliche Fu\u00dfmatte zu fertigen.<br \/>\nDieser Set besteht aus einer Kokos-T\u00fcrmatte, Schablonenbl\u00e4ttern, einem Pinsel und T\u00fcrmatten-Farbe.<br \/>\nMit etwas Fantasie und diesem Set gestalten Sie die sch\u00f6nsten T\u00fcrmatten!<\/p>\n<p>&#8211; Mit Schablonenbl\u00e4ttern,<br \/>\n&#8211; Inklusive Pinsel und Farbe<br \/>\n&#8211; Regt Kreativit\u00e4t an<\/p>\n<p>Artikelname: PHZ Buchstaben T\u00fcrmatte<br \/>\nArtikelnummer: RB256<br \/>\nProduktgruppe(n) T\u00fcr&amp;Halle, T\u00fcrmatten, Kokosfaser<br \/>\nProduktabmessungen in cm L 60 x T 40 x H 2,1<br \/>\nMaterial Kokosfaser, PVC, Acrylfarbe, PET, Birkenholz, Schweineborsten, Aluminium<br \/>\nNettogewicht 1,495 kg<br \/>\nBarcode 8714982201882<\/p>\n","protected":false},"excerpt":{"rendered":"<p>&#8211; PHZ Buchstaben T\u00fcrmatte<br \/>\n&#8211; Artikelnummer: RB256<br \/>\n&#8211; L 60 x T 40 x H 2,1<br \/>\n&#8211; Material Kokosfaser,<br \/>\n&#8211; PVC, Acrylfarbe, PET<br \/>\n&#8211; Nettogewicht 1,495 kg<br \/>\n&#8211; Barcode 8714982201882<\/p>\n","protected":false},"featured_media":7431,"template":"","meta":[],"product_brand":[9597,9598],"product_cat":[851],"product_tag":[6792,7288,6736],"class_list":{"0":"post-7430","1":"product","2":"type-product","3":"status-publish","4":"has-post-thumbnail","6":"product_brand-esschert-design","7":"product_brand-trends-and-vision","8":"product_cat-best-for-boots","9":"product_tag-fussmatten","10":"product_tag-piy","11":"product_tag-tuermatten","12":"pa_ean-code-4283","13":"pa_material-kokosvezel-pvc-acrylverf-pet-berkenhout-varkenshaar-aluminium","14":"pa_messungen-400-x-15-x-600-cm","16":"first","17":"instock","18":"sale","19":"taxable","20":"shipping-taxable","21":"purchasable","22":"product-type-simple","23":"czr-hentry"},"yoast_head":"<!-- This site is optimized with the Yoast SEO Premium plugin v26.4 (Yoast SEO v27.3) - https:\/\/yoast.com\/product\/yoast-seo-premium-wordpress\/ -->\n<title>PIY set deurmat letters (RB256, 8714982201882) - Trends &amp; Vision<\/title>\n<meta name=\"description\" content=\"PIY set deurmat letters: PIY set deurmat letters\" \/>\n<meta name=\"robots\" content=\"index, follow, max-snippet:-1, max-image-preview:large, max-video-preview:-1\" \/>\n<link rel=\"canonical\" href=\"https:\/\/trendsandvision.nl\/de\/product\/esschert-design-phz-buchstaben-tuermatte\/\" \/>\n<meta property=\"og:locale\" content=\"de_DE\" \/>\n<meta property=\"og:type\" content=\"article\" \/>\n<meta property=\"og:title\" content=\"Esschert Design PHZ Buchstaben T\u00fcrmatte\" \/>\n<meta property=\"og:description\" content=\"PIY set deurmat letters: PIY set deurmat letters\" \/>\n<meta property=\"og:url\" content=\"https:\/\/trendsandvision.nl\/de\/product\/esschert-design-phz-buchstaben-tuermatte\/\" \/>\n<meta property=\"og:site_name\" content=\"Trends &amp; Vision (DE)\" \/>\n<meta property=\"article:modified_time\" content=\"2026-02-03T23:43:57+00:00\" \/>\n<meta property=\"og:image\" content=\"https:\/\/trendsandvision.nl\/de\/wp-content\/uploads\/sites\/3\/2022\/04\/RB256_01.jpg\" \/>\n\t<meta property=\"og:image:width\" content=\"800\" \/>\n\t<meta property=\"og:image:height\" content=\"800\" \/>\n\t<meta property=\"og:image:type\" content=\"image\/jpeg\" \/>\n<meta name=\"twitter:card\" content=\"summary_large_image\" \/>\n<meta name=\"twitter:label1\" content=\"Gesch\u00e4tzte Lesezeit\" \/>\n\t<meta name=\"twitter:data1\" content=\"1\u00a0Minute\" \/>\n<script type=\"application\/ld+json\" class=\"yoast-schema-graph\">{\"@context\":\"https:\\\/\\\/schema.org\",\"@graph\":[{\"@type\":\"WebPage\",\"@id\":\"https:\\\/\\\/trendsandvision.nl\\\/de\\\/product\\\/esschert-design-phz-buchstaben-tuermatte\\\/\",\"url\":\"https:\\\/\\\/trendsandvision.nl\\\/de\\\/product\\\/esschert-design-phz-buchstaben-tuermatte\\\/\",\"name\":\"PIY set deurmat letters (RB256, 8714982201882) - Trends & Vision\",\"isPartOf\":{\"@id\":\"https:\\\/\\\/trendsandvision.nl\\\/de\\\/#website\"},\"primaryImageOfPage\":{\"@id\":\"https:\\\/\\\/trendsandvision.nl\\\/de\\\/product\\\/esschert-design-phz-buchstaben-tuermatte\\\/#primaryimage\"},\"image\":{\"@id\":\"https:\\\/\\\/trendsandvision.nl\\\/de\\\/product\\\/esschert-design-phz-buchstaben-tuermatte\\\/#primaryimage\"},\"thumbnailUrl\":\"https:\\\/\\\/trendsandvision.nl\\\/de\\\/wp-content\\\/uploads\\\/sites\\\/3\\\/2022\\\/04\\\/RB256_01.jpg\",\"datePublished\":\"2022-04-22T21:12:20+00:00\",\"dateModified\":\"2026-02-03T23:43:57+00:00\",\"description\":\"PIY set deurmat letters: PIY set deurmat letters\",\"breadcrumb\":{\"@id\":\"https:\\\/\\\/trendsandvision.nl\\\/de\\\/product\\\/esschert-design-phz-buchstaben-tuermatte\\\/#breadcrumb\"},\"inLanguage\":\"de\",\"potentialAction\":[{\"@type\":\"ReadAction\",\"target\":[\"https:\\\/\\\/trendsandvision.nl\\\/de\\\/product\\\/esschert-design-phz-buchstaben-tuermatte\\\/\"]}]},{\"@type\":\"ImageObject\",\"inLanguage\":\"de\",\"@id\":\"https:\\\/\\\/trendsandvision.nl\\\/de\\\/product\\\/esschert-design-phz-buchstaben-tuermatte\\\/#primaryimage\",\"url\":\"https:\\\/\\\/trendsandvision.nl\\\/de\\\/wp-content\\\/uploads\\\/sites\\\/3\\\/2022\\\/04\\\/RB256_01.jpg\",\"contentUrl\":\"https:\\\/\\\/trendsandvision.nl\\\/de\\\/wp-content\\\/uploads\\\/sites\\\/3\\\/2022\\\/04\\\/RB256_01.jpg\",\"width\":800,\"height\":800,\"caption\":\"PIY set deurmat letters (RB256\"},{\"@type\":\"BreadcrumbList\",\"@id\":\"https:\\\/\\\/trendsandvision.nl\\\/de\\\/product\\\/esschert-design-phz-buchstaben-tuermatte\\\/#breadcrumb\",\"itemListElement\":[{\"@type\":\"ListItem\",\"position\":1,\"name\":\"Home\",\"item\":\"https:\\\/\\\/trendsandvision.nl\\\/de\\\/\"},{\"@type\":\"ListItem\",\"position\":2,\"name\":\"Gesch\u00e4ft\",\"item\":\"https:\\\/\\\/trendsandvision.nl\\\/de\\\/geschaft\\\/\"},{\"@type\":\"ListItem\",\"position\":3,\"name\":\"Esschert Design PHZ Buchstaben T\u00fcrmatte\"}]},{\"@type\":\"WebSite\",\"@id\":\"https:\\\/\\\/trendsandvision.nl\\\/de\\\/#website\",\"url\":\"https:\\\/\\\/trendsandvision.nl\\\/de\\\/\",\"name\":\"Trends &amp; Vision (DE)\",\"description\":\"Der Webshop f\u00fcr Esschert Design Artikel\",\"publisher\":{\"@id\":\"https:\\\/\\\/trendsandvision.nl\\\/de\\\/#organization\"},\"potentialAction\":[{\"@type\":\"SearchAction\",\"target\":{\"@type\":\"EntryPoint\",\"urlTemplate\":\"https:\\\/\\\/trendsandvision.nl\\\/de\\\/?s={search_term_string}\"},\"query-input\":{\"@type\":\"PropertyValueSpecification\",\"valueRequired\":true,\"valueName\":\"search_term_string\"}}],\"inLanguage\":\"de\"},{\"@type\":\"Organization\",\"@id\":\"https:\\\/\\\/trendsandvision.nl\\\/de\\\/#organization\",\"name\":\"Trends &amp; Vision (DE)\",\"url\":\"https:\\\/\\\/trendsandvision.nl\\\/de\\\/\",\"logo\":{\"@type\":\"ImageObject\",\"inLanguage\":\"de\",\"@id\":\"https:\\\/\\\/trendsandvision.nl\\\/de\\\/#\\\/schema\\\/logo\\\/image\\\/\",\"url\":\"https:\\\/\\\/trendsandvision.nl\\\/de\\\/wp-content\\\/uploads\\\/sites\\\/3\\\/2022\\\/04\\\/trends-and-vision-logo.jpg\",\"contentUrl\":\"https:\\\/\\\/trendsandvision.nl\\\/de\\\/wp-content\\\/uploads\\\/sites\\\/3\\\/2022\\\/04\\\/trends-and-vision-logo.jpg\",\"width\":213,\"height\":100,\"caption\":\"Trends &amp; Vision (DE)\"},\"image\":{\"@id\":\"https:\\\/\\\/trendsandvision.nl\\\/de\\\/#\\\/schema\\\/logo\\\/image\\\/\"}}]}<\/script>\n<!-- \/ Yoast SEO Premium plugin. -->","yoast_head_json":{"title":"PIY set deurmat letters (RB256, 8714982201882) - Trends & Vision","description":"PIY set deurmat letters: PIY set deurmat letters","robots":{"index":"index","follow":"follow","max-snippet":"max-snippet:-1","max-image-preview":"max-image-preview:large","max-video-preview":"max-video-preview:-1"},"canonical":"https:\/\/trendsandvision.nl\/de\/product\/esschert-design-phz-buchstaben-tuermatte\/","og_locale":"de_DE","og_type":"article","og_title":"Esschert Design PHZ Buchstaben T\u00fcrmatte","og_description":"PIY set deurmat letters: PIY set deurmat letters","og_url":"https:\/\/trendsandvision.nl\/de\/product\/esschert-design-phz-buchstaben-tuermatte\/","og_site_name":"Trends &amp; Vision (DE)","article_modified_time":"2026-02-03T23:43:57+00:00","og_image":[{"width":800,"height":800,"url":"https:\/\/trendsandvision.nl\/de\/wp-content\/uploads\/sites\/3\/2022\/04\/RB256_01.jpg","type":"image\/jpeg"}],"twitter_card":"summary_large_image","twitter_misc":{"Gesch\u00e4tzte Lesezeit":"1\u00a0Minute"},"schema":{"@context":"https:\/\/schema.org","@graph":[{"@type":"WebPage","@id":"https:\/\/trendsandvision.nl\/de\/product\/esschert-design-phz-buchstaben-tuermatte\/","url":"https:\/\/trendsandvision.nl\/de\/product\/esschert-design-phz-buchstaben-tuermatte\/","name":"PIY set deurmat letters (RB256, 8714982201882) - Trends & Vision","isPartOf":{"@id":"https:\/\/trendsandvision.nl\/de\/#website"},"primaryImageOfPage":{"@id":"https:\/\/trendsandvision.nl\/de\/product\/esschert-design-phz-buchstaben-tuermatte\/#primaryimage"},"image":{"@id":"https:\/\/trendsandvision.nl\/de\/product\/esschert-design-phz-buchstaben-tuermatte\/#primaryimage"},"thumbnailUrl":"https:\/\/trendsandvision.nl\/de\/wp-content\/uploads\/sites\/3\/2022\/04\/RB256_01.jpg","datePublished":"2022-04-22T21:12:20+00:00","dateModified":"2026-02-03T23:43:57+00:00","description":"PIY set deurmat letters: PIY set deurmat letters","breadcrumb":{"@id":"https:\/\/trendsandvision.nl\/de\/product\/esschert-design-phz-buchstaben-tuermatte\/#breadcrumb"},"inLanguage":"de","potentialAction":[{"@type":"ReadAction","target":["https:\/\/trendsandvision.nl\/de\/product\/esschert-design-phz-buchstaben-tuermatte\/"]}]},{"@type":"ImageObject","inLanguage":"de","@id":"https:\/\/trendsandvision.nl\/de\/product\/esschert-design-phz-buchstaben-tuermatte\/#primaryimage","url":"https:\/\/trendsandvision.nl\/de\/wp-content\/uploads\/sites\/3\/2022\/04\/RB256_01.jpg","contentUrl":"https:\/\/trendsandvision.nl\/de\/wp-content\/uploads\/sites\/3\/2022\/04\/RB256_01.jpg","width":800,"height":800,"caption":"PIY set deurmat letters (RB256"},{"@type":"BreadcrumbList","@id":"https:\/\/trendsandvision.nl\/de\/product\/esschert-design-phz-buchstaben-tuermatte\/#breadcrumb","itemListElement":[{"@type":"ListItem","position":1,"name":"Home","item":"https:\/\/trendsandvision.nl\/de\/"},{"@type":"ListItem","position":2,"name":"Gesch\u00e4ft","item":"https:\/\/trendsandvision.nl\/de\/geschaft\/"},{"@type":"ListItem","position":3,"name":"Esschert Design PHZ Buchstaben T\u00fcrmatte"}]},{"@type":"WebSite","@id":"https:\/\/trendsandvision.nl\/de\/#website","url":"https:\/\/trendsandvision.nl\/de\/","name":"Trends &amp; Vision (DE)","description":"Der Webshop f\u00fcr Esschert Design Artikel","publisher":{"@id":"https:\/\/trendsandvision.nl\/de\/#organization"},"potentialAction":[{"@type":"SearchAction","target":{"@type":"EntryPoint","urlTemplate":"https:\/\/trendsandvision.nl\/de\/?s={search_term_string}"},"query-input":{"@type":"PropertyValueSpecification","valueRequired":true,"valueName":"search_term_string"}}],"inLanguage":"de"},{"@type":"Organization","@id":"https:\/\/trendsandvision.nl\/de\/#organization","name":"Trends &amp; Vision (DE)","url":"https:\/\/trendsandvision.nl\/de\/","logo":{"@type":"ImageObject","inLanguage":"de","@id":"https:\/\/trendsandvision.nl\/de\/#\/schema\/logo\/image\/","url":"https:\/\/trendsandvision.nl\/de\/wp-content\/uploads\/sites\/3\/2022\/04\/trends-and-vision-logo.jpg","contentUrl":"https:\/\/trendsandvision.nl\/de\/wp-content\/uploads\/sites\/3\/2022\/04\/trends-and-vision-logo.jpg","width":213,"height":100,"caption":"Trends &amp; Vision (DE)"},"image":{"@id":"https:\/\/trendsandvision.nl\/de\/#\/schema\/logo\/image\/"}}]}},"_links":{"self":[{"href":"https:\/\/trendsandvision.nl\/de\/wp-json\/wp\/v2\/product\/7430","targetHints":{"allow":["GET"]}}],"collection":[{"href":"https:\/\/trendsandvision.nl\/de\/wp-json\/wp\/v2\/product"}],"about":[{"href":"https:\/\/trendsandvision.nl\/de\/wp-json\/wp\/v2\/types\/product"}],"wp:featuredmedia":[{"embeddable":true,"href":"https:\/\/trendsandvision.nl\/de\/wp-json\/wp\/v2\/media\/7431"}],"wp:attachment":[{"href":"https:\/\/trendsandvision.nl\/de\/wp-json\/wp\/v2\/media?parent=7430"}],"wp:term":[{"taxonomy":"product_brand","embeddable":true,"href":"https:\/\/trendsandvision.nl\/de\/wp-json\/wp\/v2\/product_brand?post=7430"},{"taxonomy":"product_cat","embeddable":true,"href":"https:\/\/trendsandvision.nl\/de\/wp-json\/wp\/v2\/product_cat?post=7430"},{"taxonomy":"product_tag","embeddable":true,"href":"https:\/\/trendsandvision.nl\/de\/wp-json\/wp\/v2\/product_tag?post=7430"}],"curies":[{"name":"wp","href":"https:\/\/api.w.org\/{rel}","templated":true}]}}