{"id":7287,"date":"2022-04-22T23:08:24","date_gmt":"2022-04-22T21:08:24","guid":{"rendered":"https:\/\/trendsandvision.nl\/de\/product\/esschert-design-stufenfussmatte-gummi-kokos-welcome-2\/"},"modified":"2026-04-07T10:46:40","modified_gmt":"2026-04-07T08:46:40","slug":"esschert-design-stufenfussmatte-gummi-kokos-welcome-2","status":"publish","type":"product","link":"https:\/\/trendsandvision.nl\/de\/product\/esschert-design-stufenfussmatte-gummi-kokos-welcome-2\/","title":{"rendered":"Esschert Design Stufenfu\u00dfmatte Gummi\/Kokos Welcome"},"content":{"rendered":"<p>Diese l\u00e4ngliche Fu\u00dfmatte eignet sich wunderbar f\u00fcr drau\u00dfen oder auch drinnen.<br \/>\nDie Fu\u00dfmatte hat eine schlichte und einfache Optik.<br \/>\nIm Kokosbereich der Matte ist ein Gru\u00df an die G\u00e4ste enthalten, den sie beim Kommen und Gehen lesen k\u00f6nnen.<br \/>\nDurch das robuste und langlebige Design und dank des Gummis und der gewebten Kokosfasern wird Schmutz vom Schuhwerk entfernt.<br \/>\nDer Vorteil einer Gummi-Fu\u00dfmatte ist, dass diese Matte nicht verrutscht.<\/p>\n<p>Artikelname: Gummit\u00fcrmatte WELCOME<br \/>\nArtikelnummer: RB176<br \/>\nProduktgruppe(n) T\u00fcr&amp;Halle, T\u00fcrmatten, Gummi- Einfarbig<br \/>\nProduktabmessungen in cm L 75,3 x T 25,4 x H 2,5<br \/>\nMaterial Kokosfaser, Gummi<br \/>\nNettogewicht 1,45 kg<br \/>\nBarcode 8714982107436<\/p>\n","protected":false},"excerpt":{"rendered":"<p>Gummit\u00fcrmatte WELCOME<br \/>\nArtikelnummer: RB176<br \/>\nL 75,3 x T 25,4 x H 2,5 cm<br \/>\nMaterial Kokosfaser, Gummi<br \/>\nNettogewicht 1,45 kg<br \/>\nBarcode 8714982107436<\/p>\n","protected":false},"featured_media":7288,"template":"","meta":[],"product_brand":[9597,9598],"product_cat":[851],"product_tag":[6792,7295,8441,6736,8438],"class_list":{"0":"post-7287","1":"product","2":"type-product","3":"status-publish","4":"has-post-thumbnail","6":"product_brand-esschert-design","7":"product_brand-trends-and-vision","8":"product_cat-best-for-boots","9":"product_tag-fussmatten","10":"product_tag-kokos","11":"product_tag-stufenfussmatten","12":"product_tag-tuermatten","13":"product_tag-welcome","14":"pa_anbieter-esschert-design","15":"pa_ean-code-4181","16":"pa_material-kokosvezel-rubber","17":"pa_messungen-750x250x24-cm","19":"first","20":"instock","21":"sale","22":"taxable","23":"shipping-taxable","24":"purchasable","25":"product-type-simple","26":"czr-hentry"},"yoast_head":"<!-- This site is optimized with the Yoast SEO Premium plugin v26.4 (Yoast SEO v27.3) - https:\/\/yoast.com\/product\/yoast-seo-premium-wordpress\/ -->\n<title>Esschert Design Stufenfu\u00dfmatte Gummi\/Kokos Welcome (RB176, 8714982107436) - Trends &amp; Vision<\/title>\n<meta name=\"description\" content=\"Esschert Design Stufenfu\u00dfmatte Gummi\/Kokos Welcome: Rechteckige Gummi-T\u00fcrmatte mit Kokos-Einlage. Aufdruck: \u0093Welcome\u0094.\" \/>\n<meta name=\"robots\" content=\"index, follow, max-snippet:-1, max-image-preview:large, max-video-preview:-1\" \/>\n<link rel=\"canonical\" href=\"https:\/\/trendsandvision.nl\/de\/product\/esschert-design-stufenfussmatte-gummi-kokos-welcome-2\/\" \/>\n<meta property=\"og:locale\" content=\"de_DE\" \/>\n<meta property=\"og:type\" content=\"article\" \/>\n<meta property=\"og:title\" content=\"Esschert Design Stufenfu\u00dfmatte Gummi\/Kokos Welcome\" \/>\n<meta property=\"og:description\" content=\"Esschert Design Stufenfu\u00dfmatte Gummi\/Kokos Welcome: Rechteckige Gummi-T\u00fcrmatte mit Kokos-Einlage. Aufdruck: \u0093Welcome\u0094.\" \/>\n<meta property=\"og:url\" content=\"https:\/\/trendsandvision.nl\/de\/product\/esschert-design-stufenfussmatte-gummi-kokos-welcome-2\/\" \/>\n<meta property=\"og:site_name\" content=\"Trends &amp; Vision (DE)\" \/>\n<meta property=\"article:modified_time\" content=\"2026-04-07T08:46:40+00:00\" \/>\n<meta property=\"og:image\" content=\"https:\/\/trendsandvision.nl\/de\/wp-content\/uploads\/sites\/3\/2022\/04\/RB176_01.jpg\" \/>\n\t<meta property=\"og:image:width\" content=\"800\" \/>\n\t<meta property=\"og:image:height\" content=\"800\" \/>\n\t<meta property=\"og:image:type\" content=\"image\/jpeg\" \/>\n<meta name=\"twitter:card\" content=\"summary_large_image\" \/>\n<meta name=\"twitter:label1\" content=\"Gesch\u00e4tzte Lesezeit\" \/>\n\t<meta name=\"twitter:data1\" content=\"1\u00a0Minute\" \/>\n<script type=\"application\/ld+json\" class=\"yoast-schema-graph\">{\"@context\":\"https:\\\/\\\/schema.org\",\"@graph\":[{\"@type\":\"WebPage\",\"@id\":\"https:\\\/\\\/trendsandvision.nl\\\/de\\\/product\\\/esschert-design-stufenfussmatte-gummi-kokos-welcome-2\\\/\",\"url\":\"https:\\\/\\\/trendsandvision.nl\\\/de\\\/product\\\/esschert-design-stufenfussmatte-gummi-kokos-welcome-2\\\/\",\"name\":\"Esschert Design Stufenfu\u00dfmatte Gummi\\\/Kokos Welcome (RB176, 8714982107436) - Trends & Vision\",\"isPartOf\":{\"@id\":\"https:\\\/\\\/trendsandvision.nl\\\/de\\\/#website\"},\"primaryImageOfPage\":{\"@id\":\"https:\\\/\\\/trendsandvision.nl\\\/de\\\/product\\\/esschert-design-stufenfussmatte-gummi-kokos-welcome-2\\\/#primaryimage\"},\"image\":{\"@id\":\"https:\\\/\\\/trendsandvision.nl\\\/de\\\/product\\\/esschert-design-stufenfussmatte-gummi-kokos-welcome-2\\\/#primaryimage\"},\"thumbnailUrl\":\"https:\\\/\\\/trendsandvision.nl\\\/de\\\/wp-content\\\/uploads\\\/sites\\\/3\\\/2022\\\/04\\\/RB176_01.jpg\",\"datePublished\":\"2022-04-22T21:08:24+00:00\",\"dateModified\":\"2026-04-07T08:46:40+00:00\",\"description\":\"Esschert Design Stufenfu\u00dfmatte Gummi\\\/Kokos Welcome: Rechteckige Gummi-T\u00fcrmatte mit Kokos-Einlage. Aufdruck: \u0093Welcome\u0094.\",\"breadcrumb\":{\"@id\":\"https:\\\/\\\/trendsandvision.nl\\\/de\\\/product\\\/esschert-design-stufenfussmatte-gummi-kokos-welcome-2\\\/#breadcrumb\"},\"inLanguage\":\"de\",\"potentialAction\":[{\"@type\":\"ReadAction\",\"target\":[\"https:\\\/\\\/trendsandvision.nl\\\/de\\\/product\\\/esschert-design-stufenfussmatte-gummi-kokos-welcome-2\\\/\"]}]},{\"@type\":\"ImageObject\",\"inLanguage\":\"de\",\"@id\":\"https:\\\/\\\/trendsandvision.nl\\\/de\\\/product\\\/esschert-design-stufenfussmatte-gummi-kokos-welcome-2\\\/#primaryimage\",\"url\":\"https:\\\/\\\/trendsandvision.nl\\\/de\\\/wp-content\\\/uploads\\\/sites\\\/3\\\/2022\\\/04\\\/RB176_01.jpg\",\"contentUrl\":\"https:\\\/\\\/trendsandvision.nl\\\/de\\\/wp-content\\\/uploads\\\/sites\\\/3\\\/2022\\\/04\\\/RB176_01.jpg\",\"width\":800,\"height\":800,\"caption\":\"Esschert Design Stufenfu\u00dfmatte Gummi\\\/Kokos Welcome (RB176\"},{\"@type\":\"BreadcrumbList\",\"@id\":\"https:\\\/\\\/trendsandvision.nl\\\/de\\\/product\\\/esschert-design-stufenfussmatte-gummi-kokos-welcome-2\\\/#breadcrumb\",\"itemListElement\":[{\"@type\":\"ListItem\",\"position\":1,\"name\":\"Home\",\"item\":\"https:\\\/\\\/trendsandvision.nl\\\/de\\\/\"},{\"@type\":\"ListItem\",\"position\":2,\"name\":\"Gesch\u00e4ft\",\"item\":\"https:\\\/\\\/trendsandvision.nl\\\/de\\\/geschaft\\\/\"},{\"@type\":\"ListItem\",\"position\":3,\"name\":\"Esschert Design Stufenfu\u00dfmatte Gummi\\\/Kokos Welcome\"}]},{\"@type\":\"WebSite\",\"@id\":\"https:\\\/\\\/trendsandvision.nl\\\/de\\\/#website\",\"url\":\"https:\\\/\\\/trendsandvision.nl\\\/de\\\/\",\"name\":\"Trends &amp; Vision (DE)\",\"description\":\"Der Webshop f\u00fcr Esschert Design Artikel\",\"publisher\":{\"@id\":\"https:\\\/\\\/trendsandvision.nl\\\/de\\\/#organization\"},\"potentialAction\":[{\"@type\":\"SearchAction\",\"target\":{\"@type\":\"EntryPoint\",\"urlTemplate\":\"https:\\\/\\\/trendsandvision.nl\\\/de\\\/?s={search_term_string}\"},\"query-input\":{\"@type\":\"PropertyValueSpecification\",\"valueRequired\":true,\"valueName\":\"search_term_string\"}}],\"inLanguage\":\"de\"},{\"@type\":\"Organization\",\"@id\":\"https:\\\/\\\/trendsandvision.nl\\\/de\\\/#organization\",\"name\":\"Trends &amp; Vision (DE)\",\"url\":\"https:\\\/\\\/trendsandvision.nl\\\/de\\\/\",\"logo\":{\"@type\":\"ImageObject\",\"inLanguage\":\"de\",\"@id\":\"https:\\\/\\\/trendsandvision.nl\\\/de\\\/#\\\/schema\\\/logo\\\/image\\\/\",\"url\":\"https:\\\/\\\/trendsandvision.nl\\\/de\\\/wp-content\\\/uploads\\\/sites\\\/3\\\/2022\\\/04\\\/trends-and-vision-logo.jpg\",\"contentUrl\":\"https:\\\/\\\/trendsandvision.nl\\\/de\\\/wp-content\\\/uploads\\\/sites\\\/3\\\/2022\\\/04\\\/trends-and-vision-logo.jpg\",\"width\":213,\"height\":100,\"caption\":\"Trends &amp; Vision (DE)\"},\"image\":{\"@id\":\"https:\\\/\\\/trendsandvision.nl\\\/de\\\/#\\\/schema\\\/logo\\\/image\\\/\"}}]}<\/script>\n<!-- \/ Yoast SEO Premium plugin. -->","yoast_head_json":{"title":"Esschert Design Stufenfu\u00dfmatte Gummi\/Kokos Welcome (RB176, 8714982107436) - Trends & Vision","description":"Esschert Design Stufenfu\u00dfmatte Gummi\/Kokos Welcome: Rechteckige Gummi-T\u00fcrmatte mit Kokos-Einlage. Aufdruck: \u0093Welcome\u0094.","robots":{"index":"index","follow":"follow","max-snippet":"max-snippet:-1","max-image-preview":"max-image-preview:large","max-video-preview":"max-video-preview:-1"},"canonical":"https:\/\/trendsandvision.nl\/de\/product\/esschert-design-stufenfussmatte-gummi-kokos-welcome-2\/","og_locale":"de_DE","og_type":"article","og_title":"Esschert Design Stufenfu\u00dfmatte Gummi\/Kokos Welcome","og_description":"Esschert Design Stufenfu\u00dfmatte Gummi\/Kokos Welcome: Rechteckige Gummi-T\u00fcrmatte mit Kokos-Einlage. Aufdruck: \u0093Welcome\u0094.","og_url":"https:\/\/trendsandvision.nl\/de\/product\/esschert-design-stufenfussmatte-gummi-kokos-welcome-2\/","og_site_name":"Trends &amp; Vision (DE)","article_modified_time":"2026-04-07T08:46:40+00:00","og_image":[{"width":800,"height":800,"url":"https:\/\/trendsandvision.nl\/de\/wp-content\/uploads\/sites\/3\/2022\/04\/RB176_01.jpg","type":"image\/jpeg"}],"twitter_card":"summary_large_image","twitter_misc":{"Gesch\u00e4tzte Lesezeit":"1\u00a0Minute"},"schema":{"@context":"https:\/\/schema.org","@graph":[{"@type":"WebPage","@id":"https:\/\/trendsandvision.nl\/de\/product\/esschert-design-stufenfussmatte-gummi-kokos-welcome-2\/","url":"https:\/\/trendsandvision.nl\/de\/product\/esschert-design-stufenfussmatte-gummi-kokos-welcome-2\/","name":"Esschert Design Stufenfu\u00dfmatte Gummi\/Kokos Welcome (RB176, 8714982107436) - Trends & Vision","isPartOf":{"@id":"https:\/\/trendsandvision.nl\/de\/#website"},"primaryImageOfPage":{"@id":"https:\/\/trendsandvision.nl\/de\/product\/esschert-design-stufenfussmatte-gummi-kokos-welcome-2\/#primaryimage"},"image":{"@id":"https:\/\/trendsandvision.nl\/de\/product\/esschert-design-stufenfussmatte-gummi-kokos-welcome-2\/#primaryimage"},"thumbnailUrl":"https:\/\/trendsandvision.nl\/de\/wp-content\/uploads\/sites\/3\/2022\/04\/RB176_01.jpg","datePublished":"2022-04-22T21:08:24+00:00","dateModified":"2026-04-07T08:46:40+00:00","description":"Esschert Design Stufenfu\u00dfmatte Gummi\/Kokos Welcome: Rechteckige Gummi-T\u00fcrmatte mit Kokos-Einlage. Aufdruck: \u0093Welcome\u0094.","breadcrumb":{"@id":"https:\/\/trendsandvision.nl\/de\/product\/esschert-design-stufenfussmatte-gummi-kokos-welcome-2\/#breadcrumb"},"inLanguage":"de","potentialAction":[{"@type":"ReadAction","target":["https:\/\/trendsandvision.nl\/de\/product\/esschert-design-stufenfussmatte-gummi-kokos-welcome-2\/"]}]},{"@type":"ImageObject","inLanguage":"de","@id":"https:\/\/trendsandvision.nl\/de\/product\/esschert-design-stufenfussmatte-gummi-kokos-welcome-2\/#primaryimage","url":"https:\/\/trendsandvision.nl\/de\/wp-content\/uploads\/sites\/3\/2022\/04\/RB176_01.jpg","contentUrl":"https:\/\/trendsandvision.nl\/de\/wp-content\/uploads\/sites\/3\/2022\/04\/RB176_01.jpg","width":800,"height":800,"caption":"Esschert Design Stufenfu\u00dfmatte Gummi\/Kokos Welcome (RB176"},{"@type":"BreadcrumbList","@id":"https:\/\/trendsandvision.nl\/de\/product\/esschert-design-stufenfussmatte-gummi-kokos-welcome-2\/#breadcrumb","itemListElement":[{"@type":"ListItem","position":1,"name":"Home","item":"https:\/\/trendsandvision.nl\/de\/"},{"@type":"ListItem","position":2,"name":"Gesch\u00e4ft","item":"https:\/\/trendsandvision.nl\/de\/geschaft\/"},{"@type":"ListItem","position":3,"name":"Esschert Design Stufenfu\u00dfmatte Gummi\/Kokos Welcome"}]},{"@type":"WebSite","@id":"https:\/\/trendsandvision.nl\/de\/#website","url":"https:\/\/trendsandvision.nl\/de\/","name":"Trends &amp; Vision (DE)","description":"Der Webshop f\u00fcr Esschert Design Artikel","publisher":{"@id":"https:\/\/trendsandvision.nl\/de\/#organization"},"potentialAction":[{"@type":"SearchAction","target":{"@type":"EntryPoint","urlTemplate":"https:\/\/trendsandvision.nl\/de\/?s={search_term_string}"},"query-input":{"@type":"PropertyValueSpecification","valueRequired":true,"valueName":"search_term_string"}}],"inLanguage":"de"},{"@type":"Organization","@id":"https:\/\/trendsandvision.nl\/de\/#organization","name":"Trends &amp; Vision (DE)","url":"https:\/\/trendsandvision.nl\/de\/","logo":{"@type":"ImageObject","inLanguage":"de","@id":"https:\/\/trendsandvision.nl\/de\/#\/schema\/logo\/image\/","url":"https:\/\/trendsandvision.nl\/de\/wp-content\/uploads\/sites\/3\/2022\/04\/trends-and-vision-logo.jpg","contentUrl":"https:\/\/trendsandvision.nl\/de\/wp-content\/uploads\/sites\/3\/2022\/04\/trends-and-vision-logo.jpg","width":213,"height":100,"caption":"Trends &amp; Vision (DE)"},"image":{"@id":"https:\/\/trendsandvision.nl\/de\/#\/schema\/logo\/image\/"}}]}},"_links":{"self":[{"href":"https:\/\/trendsandvision.nl\/de\/wp-json\/wp\/v2\/product\/7287","targetHints":{"allow":["GET"]}}],"collection":[{"href":"https:\/\/trendsandvision.nl\/de\/wp-json\/wp\/v2\/product"}],"about":[{"href":"https:\/\/trendsandvision.nl\/de\/wp-json\/wp\/v2\/types\/product"}],"wp:featuredmedia":[{"embeddable":true,"href":"https:\/\/trendsandvision.nl\/de\/wp-json\/wp\/v2\/media\/7288"}],"wp:attachment":[{"href":"https:\/\/trendsandvision.nl\/de\/wp-json\/wp\/v2\/media?parent=7287"}],"wp:term":[{"taxonomy":"product_brand","embeddable":true,"href":"https:\/\/trendsandvision.nl\/de\/wp-json\/wp\/v2\/product_brand?post=7287"},{"taxonomy":"product_cat","embeddable":true,"href":"https:\/\/trendsandvision.nl\/de\/wp-json\/wp\/v2\/product_cat?post=7287"},{"taxonomy":"product_tag","embeddable":true,"href":"https:\/\/trendsandvision.nl\/de\/wp-json\/wp\/v2\/product_tag?post=7287"}],"curies":[{"name":"wp","href":"https:\/\/api.w.org\/{rel}","templated":true}]}}