{"id":7207,"date":"2022-04-22T23:05:51","date_gmt":"2022-04-22T21:05:51","guid":{"rendered":"https:\/\/trendsandvision.nl\/de\/product\/esschert-design-rankhilfe-3d-rund-vogel\/"},"modified":"2026-02-04T00:43:22","modified_gmt":"2026-02-03T23:43:22","slug":"esschert-design-rankhilfe-3d-rund-vogel","status":"publish","type":"product","link":"https:\/\/trendsandvision.nl\/de\/product\/esschert-design-rankhilfe-3d-rund-vogel\/","title":{"rendered":"Esschert Design Rankhilfe 3D rund Vogel"},"content":{"rendered":"<p>Mit dieser runden, zusammenfaltbaren 3D Klimmhilfe mit Vogel-Dekoration am oberen Ende helfen Sie Ihren Klimmpflanzen (z.B. Stockrosen) und Kletterpflanzen und k\u00f6nnen so auch vertikal ungenutzte Fl\u00e4chen in Ihrem Garten erbl\u00fchen lassen. Wird flach verpackt. Schrauben sind nicht n\u00f6tig.<br \/>\nMit nur wenigen Handgriffen ist diese flach verpackte Rankhilfe ganz ohne Schrauben und Werkzeug aufgebaut. Drehen Sie die Teile auseinander und h\u00e4ngen einfach die Ringe in die daf\u00fcr vorgesehenen Haken. Und schon haben Ihre Klimm- und Kletterpflanzen eine praktische, geschwungene Rankhilfe auf deren Spitze sich ein kleiner Vogel niedergelassen hat.<\/p>\n<p>Artikelname Rankhilfe 3D rund Vogel<br \/>\nArtikelnummer PY67<br \/>\nProduktgruppe(n) Garten&amp;Terrasse, Pflanzenst\u00fctzen<br \/>\nProduktabmessungen in cm L 47,5 x T 45,5 x H 169<br \/>\nMaterial Weichstahl<br \/>\nBruttogewicht 2,04 kg<br \/>\nNettogewicht 1,757 kg<br \/>\nBarcode 8714982103087<\/p>\n<p>Reklamation: Werd wegen L\u00e4nge als Sperrgut verschickt.<\/p>\n","protected":false},"excerpt":{"rendered":"<p>L 47,5 x T 45,5 x H 169 cm<br \/>\nMaterial Weichstahl<br \/>\nNettogewicht 1,757 kg<br \/>\nBarcode 8714982103087<\/p>\n","protected":false},"featured_media":7208,"template":"","meta":[],"product_brand":[9597,9598],"product_cat":[503],"product_tag":[8448,7470,7517,7369,6714],"class_list":{"0":"post-7207","1":"product","2":"type-product","3":"status-publish","4":"has-post-thumbnail","6":"product_brand-esschert-design","7":"product_brand-trends-and-vision","8":"product_cat-esscherts-garden","9":"product_tag-bogen","10":"product_tag-metall","11":"product_tag-pflanzenregal","12":"product_tag-rankhilfen","13":"product_tag-voegel","14":"pa_anbieter-esschert-design","15":"pa_ean-code-4112","16":"pa_material-drehen-sie-einfach-die-rahmenteile-und-haengen-sie-die-ringe-in-der-mitte-an-die-haken","17":"pa_messungen-480x480x1690-cm","19":"first","20":"instock","21":"sale","22":"taxable","23":"shipping-taxable","24":"purchasable","25":"product-type-simple","26":"czr-hentry"},"yoast_head":"<!-- This site is optimized with the Yoast SEO Premium plugin v26.4 (Yoast SEO v27.3) - https:\/\/yoast.com\/product\/yoast-seo-premium-wordpress\/ -->\n<title>Esschert Design Rankhilfe 3D rund Vogel (PY67, 8714982103087) - Trends &amp; Vision<\/title>\n<meta name=\"description\" content=\"Esschert Design Rankhilfe 3D rund Vogel: Metaal\" \/>\n<meta name=\"robots\" content=\"index, follow, max-snippet:-1, max-image-preview:large, max-video-preview:-1\" \/>\n<link rel=\"canonical\" href=\"https:\/\/trendsandvision.nl\/de\/product\/esschert-design-rankhilfe-3d-rund-vogel\/\" \/>\n<meta property=\"og:locale\" content=\"de_DE\" \/>\n<meta property=\"og:type\" content=\"article\" \/>\n<meta property=\"og:title\" content=\"Esschert Design Rankhilfe 3D rund Vogel\" \/>\n<meta property=\"og:description\" content=\"Esschert Design Rankhilfe 3D rund Vogel: Metaal\" \/>\n<meta property=\"og:url\" content=\"https:\/\/trendsandvision.nl\/de\/product\/esschert-design-rankhilfe-3d-rund-vogel\/\" \/>\n<meta property=\"og:site_name\" content=\"Trends &amp; Vision (DE)\" \/>\n<meta property=\"article:modified_time\" content=\"2026-02-03T23:43:22+00:00\" \/>\n<meta property=\"og:image\" content=\"https:\/\/trendsandvision.nl\/de\/wp-content\/uploads\/sites\/3\/2022\/04\/PY67_01.jpg\" \/>\n\t<meta property=\"og:image:width\" content=\"800\" \/>\n\t<meta property=\"og:image:height\" content=\"800\" \/>\n\t<meta property=\"og:image:type\" content=\"image\/jpeg\" \/>\n<meta name=\"twitter:card\" content=\"summary_large_image\" \/>\n<meta name=\"twitter:label1\" content=\"Gesch\u00e4tzte Lesezeit\" \/>\n\t<meta name=\"twitter:data1\" content=\"1\u00a0Minute\" \/>\n<script type=\"application\/ld+json\" class=\"yoast-schema-graph\">{\"@context\":\"https:\\\/\\\/schema.org\",\"@graph\":[{\"@type\":\"WebPage\",\"@id\":\"https:\\\/\\\/trendsandvision.nl\\\/de\\\/product\\\/esschert-design-rankhilfe-3d-rund-vogel\\\/\",\"url\":\"https:\\\/\\\/trendsandvision.nl\\\/de\\\/product\\\/esschert-design-rankhilfe-3d-rund-vogel\\\/\",\"name\":\"Esschert Design Rankhilfe 3D rund Vogel (PY67, 8714982103087) - Trends & Vision\",\"isPartOf\":{\"@id\":\"https:\\\/\\\/trendsandvision.nl\\\/de\\\/#website\"},\"primaryImageOfPage\":{\"@id\":\"https:\\\/\\\/trendsandvision.nl\\\/de\\\/product\\\/esschert-design-rankhilfe-3d-rund-vogel\\\/#primaryimage\"},\"image\":{\"@id\":\"https:\\\/\\\/trendsandvision.nl\\\/de\\\/product\\\/esschert-design-rankhilfe-3d-rund-vogel\\\/#primaryimage\"},\"thumbnailUrl\":\"https:\\\/\\\/trendsandvision.nl\\\/de\\\/wp-content\\\/uploads\\\/sites\\\/3\\\/2022\\\/04\\\/PY67_01.jpg\",\"datePublished\":\"2022-04-22T21:05:51+00:00\",\"dateModified\":\"2026-02-03T23:43:22+00:00\",\"description\":\"Esschert Design Rankhilfe 3D rund Vogel: Metaal\",\"breadcrumb\":{\"@id\":\"https:\\\/\\\/trendsandvision.nl\\\/de\\\/product\\\/esschert-design-rankhilfe-3d-rund-vogel\\\/#breadcrumb\"},\"inLanguage\":\"de\",\"potentialAction\":[{\"@type\":\"ReadAction\",\"target\":[\"https:\\\/\\\/trendsandvision.nl\\\/de\\\/product\\\/esschert-design-rankhilfe-3d-rund-vogel\\\/\"]}]},{\"@type\":\"ImageObject\",\"inLanguage\":\"de\",\"@id\":\"https:\\\/\\\/trendsandvision.nl\\\/de\\\/product\\\/esschert-design-rankhilfe-3d-rund-vogel\\\/#primaryimage\",\"url\":\"https:\\\/\\\/trendsandvision.nl\\\/de\\\/wp-content\\\/uploads\\\/sites\\\/3\\\/2022\\\/04\\\/PY67_01.jpg\",\"contentUrl\":\"https:\\\/\\\/trendsandvision.nl\\\/de\\\/wp-content\\\/uploads\\\/sites\\\/3\\\/2022\\\/04\\\/PY67_01.jpg\",\"width\":800,\"height\":800,\"caption\":\"Esschert Design Rankhilfe 3D rund Vogel (PY67\"},{\"@type\":\"BreadcrumbList\",\"@id\":\"https:\\\/\\\/trendsandvision.nl\\\/de\\\/product\\\/esschert-design-rankhilfe-3d-rund-vogel\\\/#breadcrumb\",\"itemListElement\":[{\"@type\":\"ListItem\",\"position\":1,\"name\":\"Home\",\"item\":\"https:\\\/\\\/trendsandvision.nl\\\/de\\\/\"},{\"@type\":\"ListItem\",\"position\":2,\"name\":\"Gesch\u00e4ft\",\"item\":\"https:\\\/\\\/trendsandvision.nl\\\/de\\\/geschaft\\\/\"},{\"@type\":\"ListItem\",\"position\":3,\"name\":\"Esschert Design Rankhilfe 3D rund Vogel\"}]},{\"@type\":\"WebSite\",\"@id\":\"https:\\\/\\\/trendsandvision.nl\\\/de\\\/#website\",\"url\":\"https:\\\/\\\/trendsandvision.nl\\\/de\\\/\",\"name\":\"Trends &amp; Vision (DE)\",\"description\":\"Der Webshop f\u00fcr Esschert Design Artikel\",\"publisher\":{\"@id\":\"https:\\\/\\\/trendsandvision.nl\\\/de\\\/#organization\"},\"potentialAction\":[{\"@type\":\"SearchAction\",\"target\":{\"@type\":\"EntryPoint\",\"urlTemplate\":\"https:\\\/\\\/trendsandvision.nl\\\/de\\\/?s={search_term_string}\"},\"query-input\":{\"@type\":\"PropertyValueSpecification\",\"valueRequired\":true,\"valueName\":\"search_term_string\"}}],\"inLanguage\":\"de\"},{\"@type\":\"Organization\",\"@id\":\"https:\\\/\\\/trendsandvision.nl\\\/de\\\/#organization\",\"name\":\"Trends &amp; Vision (DE)\",\"url\":\"https:\\\/\\\/trendsandvision.nl\\\/de\\\/\",\"logo\":{\"@type\":\"ImageObject\",\"inLanguage\":\"de\",\"@id\":\"https:\\\/\\\/trendsandvision.nl\\\/de\\\/#\\\/schema\\\/logo\\\/image\\\/\",\"url\":\"https:\\\/\\\/trendsandvision.nl\\\/de\\\/wp-content\\\/uploads\\\/sites\\\/3\\\/2022\\\/04\\\/trends-and-vision-logo.jpg\",\"contentUrl\":\"https:\\\/\\\/trendsandvision.nl\\\/de\\\/wp-content\\\/uploads\\\/sites\\\/3\\\/2022\\\/04\\\/trends-and-vision-logo.jpg\",\"width\":213,\"height\":100,\"caption\":\"Trends &amp; Vision (DE)\"},\"image\":{\"@id\":\"https:\\\/\\\/trendsandvision.nl\\\/de\\\/#\\\/schema\\\/logo\\\/image\\\/\"}}]}<\/script>\n<!-- \/ Yoast SEO Premium plugin. -->","yoast_head_json":{"title":"Esschert Design Rankhilfe 3D rund Vogel (PY67, 8714982103087) - Trends & Vision","description":"Esschert Design Rankhilfe 3D rund Vogel: Metaal","robots":{"index":"index","follow":"follow","max-snippet":"max-snippet:-1","max-image-preview":"max-image-preview:large","max-video-preview":"max-video-preview:-1"},"canonical":"https:\/\/trendsandvision.nl\/de\/product\/esschert-design-rankhilfe-3d-rund-vogel\/","og_locale":"de_DE","og_type":"article","og_title":"Esschert Design Rankhilfe 3D rund Vogel","og_description":"Esschert Design Rankhilfe 3D rund Vogel: Metaal","og_url":"https:\/\/trendsandvision.nl\/de\/product\/esschert-design-rankhilfe-3d-rund-vogel\/","og_site_name":"Trends &amp; Vision (DE)","article_modified_time":"2026-02-03T23:43:22+00:00","og_image":[{"width":800,"height":800,"url":"https:\/\/trendsandvision.nl\/de\/wp-content\/uploads\/sites\/3\/2022\/04\/PY67_01.jpg","type":"image\/jpeg"}],"twitter_card":"summary_large_image","twitter_misc":{"Gesch\u00e4tzte Lesezeit":"1\u00a0Minute"},"schema":{"@context":"https:\/\/schema.org","@graph":[{"@type":"WebPage","@id":"https:\/\/trendsandvision.nl\/de\/product\/esschert-design-rankhilfe-3d-rund-vogel\/","url":"https:\/\/trendsandvision.nl\/de\/product\/esschert-design-rankhilfe-3d-rund-vogel\/","name":"Esschert Design Rankhilfe 3D rund Vogel (PY67, 8714982103087) - Trends & Vision","isPartOf":{"@id":"https:\/\/trendsandvision.nl\/de\/#website"},"primaryImageOfPage":{"@id":"https:\/\/trendsandvision.nl\/de\/product\/esschert-design-rankhilfe-3d-rund-vogel\/#primaryimage"},"image":{"@id":"https:\/\/trendsandvision.nl\/de\/product\/esschert-design-rankhilfe-3d-rund-vogel\/#primaryimage"},"thumbnailUrl":"https:\/\/trendsandvision.nl\/de\/wp-content\/uploads\/sites\/3\/2022\/04\/PY67_01.jpg","datePublished":"2022-04-22T21:05:51+00:00","dateModified":"2026-02-03T23:43:22+00:00","description":"Esschert Design Rankhilfe 3D rund Vogel: Metaal","breadcrumb":{"@id":"https:\/\/trendsandvision.nl\/de\/product\/esschert-design-rankhilfe-3d-rund-vogel\/#breadcrumb"},"inLanguage":"de","potentialAction":[{"@type":"ReadAction","target":["https:\/\/trendsandvision.nl\/de\/product\/esschert-design-rankhilfe-3d-rund-vogel\/"]}]},{"@type":"ImageObject","inLanguage":"de","@id":"https:\/\/trendsandvision.nl\/de\/product\/esschert-design-rankhilfe-3d-rund-vogel\/#primaryimage","url":"https:\/\/trendsandvision.nl\/de\/wp-content\/uploads\/sites\/3\/2022\/04\/PY67_01.jpg","contentUrl":"https:\/\/trendsandvision.nl\/de\/wp-content\/uploads\/sites\/3\/2022\/04\/PY67_01.jpg","width":800,"height":800,"caption":"Esschert Design Rankhilfe 3D rund Vogel (PY67"},{"@type":"BreadcrumbList","@id":"https:\/\/trendsandvision.nl\/de\/product\/esschert-design-rankhilfe-3d-rund-vogel\/#breadcrumb","itemListElement":[{"@type":"ListItem","position":1,"name":"Home","item":"https:\/\/trendsandvision.nl\/de\/"},{"@type":"ListItem","position":2,"name":"Gesch\u00e4ft","item":"https:\/\/trendsandvision.nl\/de\/geschaft\/"},{"@type":"ListItem","position":3,"name":"Esschert Design Rankhilfe 3D rund Vogel"}]},{"@type":"WebSite","@id":"https:\/\/trendsandvision.nl\/de\/#website","url":"https:\/\/trendsandvision.nl\/de\/","name":"Trends &amp; Vision (DE)","description":"Der Webshop f\u00fcr Esschert Design Artikel","publisher":{"@id":"https:\/\/trendsandvision.nl\/de\/#organization"},"potentialAction":[{"@type":"SearchAction","target":{"@type":"EntryPoint","urlTemplate":"https:\/\/trendsandvision.nl\/de\/?s={search_term_string}"},"query-input":{"@type":"PropertyValueSpecification","valueRequired":true,"valueName":"search_term_string"}}],"inLanguage":"de"},{"@type":"Organization","@id":"https:\/\/trendsandvision.nl\/de\/#organization","name":"Trends &amp; Vision (DE)","url":"https:\/\/trendsandvision.nl\/de\/","logo":{"@type":"ImageObject","inLanguage":"de","@id":"https:\/\/trendsandvision.nl\/de\/#\/schema\/logo\/image\/","url":"https:\/\/trendsandvision.nl\/de\/wp-content\/uploads\/sites\/3\/2022\/04\/trends-and-vision-logo.jpg","contentUrl":"https:\/\/trendsandvision.nl\/de\/wp-content\/uploads\/sites\/3\/2022\/04\/trends-and-vision-logo.jpg","width":213,"height":100,"caption":"Trends &amp; Vision (DE)"},"image":{"@id":"https:\/\/trendsandvision.nl\/de\/#\/schema\/logo\/image\/"}}]}},"_links":{"self":[{"href":"https:\/\/trendsandvision.nl\/de\/wp-json\/wp\/v2\/product\/7207","targetHints":{"allow":["GET"]}}],"collection":[{"href":"https:\/\/trendsandvision.nl\/de\/wp-json\/wp\/v2\/product"}],"about":[{"href":"https:\/\/trendsandvision.nl\/de\/wp-json\/wp\/v2\/types\/product"}],"wp:featuredmedia":[{"embeddable":true,"href":"https:\/\/trendsandvision.nl\/de\/wp-json\/wp\/v2\/media\/7208"}],"wp:attachment":[{"href":"https:\/\/trendsandvision.nl\/de\/wp-json\/wp\/v2\/media?parent=7207"}],"wp:term":[{"taxonomy":"product_brand","embeddable":true,"href":"https:\/\/trendsandvision.nl\/de\/wp-json\/wp\/v2\/product_brand?post=7207"},{"taxonomy":"product_cat","embeddable":true,"href":"https:\/\/trendsandvision.nl\/de\/wp-json\/wp\/v2\/product_cat?post=7207"},{"taxonomy":"product_tag","embeddable":true,"href":"https:\/\/trendsandvision.nl\/de\/wp-json\/wp\/v2\/product_tag?post=7207"}],"curies":[{"name":"wp","href":"https:\/\/api.w.org\/{rel}","templated":true}]}}