{"id":7032,"date":"2022-04-22T19:28:25","date_gmt":"2022-04-22T17:28:25","guid":{"rendered":"https:\/\/trendsandvision.nl\/de\/product\/esschert-design-ronde-gouden-vensterbankklem-l\/"},"modified":"2026-04-07T10:45:14","modified_gmt":"2026-04-07T08:45:14","slug":"esschert-design-fensterbank-klemme-goldgelb-l","status":"publish","type":"product","link":"https:\/\/trendsandvision.nl\/de\/product\/esschert-design-fensterbank-klemme-goldgelb-l\/","title":{"rendered":"Esschert Design Fensterbank klemme Goldgelb L"},"content":{"rendered":"<p>Versch\u00f6nern Sie die Fensterbank mit dieser Goldgelbenen Fensterbankklemme. Die Fensterbank oder der Tisch wird vergr\u00f6\u00dfert und das Tablett kann mit Pflanzen oder anderen Gegenst\u00e4nden versehen werden.<br \/>\nDekorativ und funktional!<br \/>\nDie Halterung ist h\u00f6henverstellbar und kann in verschiedene Positionen gedreht werden.<\/p>\n<p>&#8211; Knockdown-Verpackung<br \/>\n&#8211; in Geschenkbox<br \/>\n&#8211; vergr\u00f6\u00dfert die Fensterbank<br \/>\n&#8211; h\u00f6henverstellbar einfach zu verwenden<br \/>\n&#8211; In verschiedenen Farben erh\u00e4ltlich<\/p>\n<p>Artikelname: Fensterbankklemme Goldgelb L<br \/>\nArtikelnummer: PY111<br \/>\nProduktgruppe(n) Indoor, Window Dressing, Fensterbankklemmen<br \/>\nProduktabmessungen in cm L 24 x T 24 x H 24,6<br \/>\nMaterial Stahl<br \/>\nNettogewicht 0,672 kg<br \/>\nBarcode 8714982195853<br \/>\nTragf\u00e4higkeit 3,5 kg<\/p>\n","protected":false},"excerpt":{"rendered":"<p>Fensterbankklemme Goldgelb L<br \/>\nArtikelnummer: PY111<br \/>\nL 24 x T 24 x H 24,6 cm<br \/>\nMaterial Stahl<br \/>\nNettogewicht 0,672 kg<br \/>\nBarcode 8714982195853<br \/>\nTragf\u00e4higkeit 3,5 kg<\/p>\n","protected":false},"featured_media":7033,"template":"","meta":[],"product_brand":[9597,9598],"product_cat":[503],"product_tag":[8269,8463,8462,7548,6819],"class_list":{"0":"post-7032","1":"product","2":"type-product","3":"status-publish","4":"has-post-thumbnail","6":"product_brand-esschert-design","7":"product_brand-trends-and-vision","8":"product_cat-esscherts-garden","9":"product_tag-gold","10":"product_tag-fensterbankklemmen","11":"product_tag-pflanzentabletten","12":"product_tag-rund","13":"product_tag-window-dressing","14":"pa_anbieter-esschert-design","15":"pa_ean-code-4037","16":"pa_material-staal","17":"pa_messungen-l-24-x-b-24-x-h-246-cm","19":"first","20":"instock","21":"sale","22":"taxable","23":"shipping-taxable","24":"purchasable","25":"product-type-simple","26":"czr-hentry"},"yoast_head":"<!-- This site is optimized with the Yoast SEO Premium plugin v26.4 (Yoast SEO v27.4) - https:\/\/yoast.com\/product\/yoast-seo-premium-wordpress\/ -->\n<title>Esschert Design Ronde gouden vensterbankklem L (PY111, 8714982195853) - Trends &amp; Vision<\/title>\n<meta name=\"description\" content=\"Esschert Design Ronde gouden vensterbankklem L: Ronde gouden vensterbankklem L\/L 24 x B 24 x H 24,6 cm\" \/>\n<meta name=\"robots\" content=\"index, follow, max-snippet:-1, max-image-preview:large, max-video-preview:-1\" \/>\n<link rel=\"canonical\" href=\"https:\/\/trendsandvision.nl\/de\/product\/esschert-design-fensterbank-klemme-goldgelb-l\/\" \/>\n<meta property=\"og:locale\" content=\"de_DE\" \/>\n<meta property=\"og:type\" content=\"article\" \/>\n<meta property=\"og:title\" content=\"Esschert Design Fensterbank klemme Goldgelb L\" \/>\n<meta property=\"og:description\" content=\"Esschert Design Ronde gouden vensterbankklem L: Ronde gouden vensterbankklem L\/L 24 x B 24 x H 24,6 cm\" \/>\n<meta property=\"og:url\" content=\"https:\/\/trendsandvision.nl\/de\/product\/esschert-design-fensterbank-klemme-goldgelb-l\/\" \/>\n<meta property=\"og:site_name\" content=\"Trends &amp; Vision (DE)\" \/>\n<meta property=\"article:modified_time\" content=\"2026-04-07T08:45:14+00:00\" \/>\n<meta property=\"og:image\" content=\"https:\/\/trendsandvision.nl\/de\/wp-content\/uploads\/sites\/3\/2022\/04\/PY111_01.jpg\" \/>\n\t<meta property=\"og:image:width\" content=\"800\" \/>\n\t<meta property=\"og:image:height\" content=\"800\" \/>\n\t<meta property=\"og:image:type\" content=\"image\/jpeg\" \/>\n<meta name=\"twitter:card\" content=\"summary_large_image\" \/>\n<meta name=\"twitter:label1\" content=\"Gesch\u00e4tzte Lesezeit\" \/>\n\t<meta name=\"twitter:data1\" content=\"1\u00a0Minute\" \/>\n<script type=\"application\/ld+json\" class=\"yoast-schema-graph\">{\"@context\":\"https:\\\/\\\/schema.org\",\"@graph\":[{\"@type\":\"WebPage\",\"@id\":\"https:\\\/\\\/trendsandvision.nl\\\/de\\\/product\\\/esschert-design-fensterbank-klemme-goldgelb-l\\\/\",\"url\":\"https:\\\/\\\/trendsandvision.nl\\\/de\\\/product\\\/esschert-design-fensterbank-klemme-goldgelb-l\\\/\",\"name\":\"Esschert Design Ronde gouden vensterbankklem L (PY111, 8714982195853) - Trends & Vision\",\"isPartOf\":{\"@id\":\"https:\\\/\\\/trendsandvision.nl\\\/de\\\/#website\"},\"primaryImageOfPage\":{\"@id\":\"https:\\\/\\\/trendsandvision.nl\\\/de\\\/product\\\/esschert-design-fensterbank-klemme-goldgelb-l\\\/#primaryimage\"},\"image\":{\"@id\":\"https:\\\/\\\/trendsandvision.nl\\\/de\\\/product\\\/esschert-design-fensterbank-klemme-goldgelb-l\\\/#primaryimage\"},\"thumbnailUrl\":\"https:\\\/\\\/trendsandvision.nl\\\/de\\\/wp-content\\\/uploads\\\/sites\\\/3\\\/2022\\\/04\\\/PY111_01.jpg\",\"datePublished\":\"2022-04-22T17:28:25+00:00\",\"dateModified\":\"2026-04-07T08:45:14+00:00\",\"description\":\"Esschert Design Ronde gouden vensterbankklem L: Ronde gouden vensterbankklem L\\\/L 24 x B 24 x H 24,6 cm\",\"breadcrumb\":{\"@id\":\"https:\\\/\\\/trendsandvision.nl\\\/de\\\/product\\\/esschert-design-fensterbank-klemme-goldgelb-l\\\/#breadcrumb\"},\"inLanguage\":\"de\",\"potentialAction\":[{\"@type\":\"ReadAction\",\"target\":[\"https:\\\/\\\/trendsandvision.nl\\\/de\\\/product\\\/esschert-design-fensterbank-klemme-goldgelb-l\\\/\"]}]},{\"@type\":\"ImageObject\",\"inLanguage\":\"de\",\"@id\":\"https:\\\/\\\/trendsandvision.nl\\\/de\\\/product\\\/esschert-design-fensterbank-klemme-goldgelb-l\\\/#primaryimage\",\"url\":\"https:\\\/\\\/trendsandvision.nl\\\/de\\\/wp-content\\\/uploads\\\/sites\\\/3\\\/2022\\\/04\\\/PY111_01.jpg\",\"contentUrl\":\"https:\\\/\\\/trendsandvision.nl\\\/de\\\/wp-content\\\/uploads\\\/sites\\\/3\\\/2022\\\/04\\\/PY111_01.jpg\",\"width\":800,\"height\":800,\"caption\":\"Esschert Design Ronde gouden vensterbankklem L (PY111\"},{\"@type\":\"BreadcrumbList\",\"@id\":\"https:\\\/\\\/trendsandvision.nl\\\/de\\\/product\\\/esschert-design-fensterbank-klemme-goldgelb-l\\\/#breadcrumb\",\"itemListElement\":[{\"@type\":\"ListItem\",\"position\":1,\"name\":\"Home\",\"item\":\"https:\\\/\\\/trendsandvision.nl\\\/de\\\/\"},{\"@type\":\"ListItem\",\"position\":2,\"name\":\"Gesch\u00e4ft\",\"item\":\"https:\\\/\\\/trendsandvision.nl\\\/de\\\/geschaft\\\/\"},{\"@type\":\"ListItem\",\"position\":3,\"name\":\"Esschert Design Fensterbank klemme Goldgelb L\"}]},{\"@type\":\"WebSite\",\"@id\":\"https:\\\/\\\/trendsandvision.nl\\\/de\\\/#website\",\"url\":\"https:\\\/\\\/trendsandvision.nl\\\/de\\\/\",\"name\":\"Trends &amp; Vision (DE)\",\"description\":\"Der Webshop f\u00fcr Esschert Design Artikel\",\"publisher\":{\"@id\":\"https:\\\/\\\/trendsandvision.nl\\\/de\\\/#organization\"},\"potentialAction\":[{\"@type\":\"SearchAction\",\"target\":{\"@type\":\"EntryPoint\",\"urlTemplate\":\"https:\\\/\\\/trendsandvision.nl\\\/de\\\/?s={search_term_string}\"},\"query-input\":{\"@type\":\"PropertyValueSpecification\",\"valueRequired\":true,\"valueName\":\"search_term_string\"}}],\"inLanguage\":\"de\"},{\"@type\":\"Organization\",\"@id\":\"https:\\\/\\\/trendsandvision.nl\\\/de\\\/#organization\",\"name\":\"Trends &amp; Vision (DE)\",\"url\":\"https:\\\/\\\/trendsandvision.nl\\\/de\\\/\",\"logo\":{\"@type\":\"ImageObject\",\"inLanguage\":\"de\",\"@id\":\"https:\\\/\\\/trendsandvision.nl\\\/de\\\/#\\\/schema\\\/logo\\\/image\\\/\",\"url\":\"https:\\\/\\\/trendsandvision.nl\\\/de\\\/wp-content\\\/uploads\\\/sites\\\/3\\\/2022\\\/04\\\/trends-and-vision-logo.jpg\",\"contentUrl\":\"https:\\\/\\\/trendsandvision.nl\\\/de\\\/wp-content\\\/uploads\\\/sites\\\/3\\\/2022\\\/04\\\/trends-and-vision-logo.jpg\",\"width\":213,\"height\":100,\"caption\":\"Trends &amp; Vision (DE)\"},\"image\":{\"@id\":\"https:\\\/\\\/trendsandvision.nl\\\/de\\\/#\\\/schema\\\/logo\\\/image\\\/\"}}]}<\/script>\n<!-- \/ Yoast SEO Premium plugin. -->","yoast_head_json":{"title":"Esschert Design Ronde gouden vensterbankklem L (PY111, 8714982195853) - Trends & Vision","description":"Esschert Design Ronde gouden vensterbankklem L: Ronde gouden vensterbankklem L\/L 24 x B 24 x H 24,6 cm","robots":{"index":"index","follow":"follow","max-snippet":"max-snippet:-1","max-image-preview":"max-image-preview:large","max-video-preview":"max-video-preview:-1"},"canonical":"https:\/\/trendsandvision.nl\/de\/product\/esschert-design-fensterbank-klemme-goldgelb-l\/","og_locale":"de_DE","og_type":"article","og_title":"Esschert Design Fensterbank klemme Goldgelb L","og_description":"Esschert Design Ronde gouden vensterbankklem L: Ronde gouden vensterbankklem L\/L 24 x B 24 x H 24,6 cm","og_url":"https:\/\/trendsandvision.nl\/de\/product\/esschert-design-fensterbank-klemme-goldgelb-l\/","og_site_name":"Trends &amp; Vision (DE)","article_modified_time":"2026-04-07T08:45:14+00:00","og_image":[{"width":800,"height":800,"url":"https:\/\/trendsandvision.nl\/de\/wp-content\/uploads\/sites\/3\/2022\/04\/PY111_01.jpg","type":"image\/jpeg"}],"twitter_card":"summary_large_image","twitter_misc":{"Gesch\u00e4tzte Lesezeit":"1\u00a0Minute"},"schema":{"@context":"https:\/\/schema.org","@graph":[{"@type":"WebPage","@id":"https:\/\/trendsandvision.nl\/de\/product\/esschert-design-fensterbank-klemme-goldgelb-l\/","url":"https:\/\/trendsandvision.nl\/de\/product\/esschert-design-fensterbank-klemme-goldgelb-l\/","name":"Esschert Design Ronde gouden vensterbankklem L (PY111, 8714982195853) - Trends & Vision","isPartOf":{"@id":"https:\/\/trendsandvision.nl\/de\/#website"},"primaryImageOfPage":{"@id":"https:\/\/trendsandvision.nl\/de\/product\/esschert-design-fensterbank-klemme-goldgelb-l\/#primaryimage"},"image":{"@id":"https:\/\/trendsandvision.nl\/de\/product\/esschert-design-fensterbank-klemme-goldgelb-l\/#primaryimage"},"thumbnailUrl":"https:\/\/trendsandvision.nl\/de\/wp-content\/uploads\/sites\/3\/2022\/04\/PY111_01.jpg","datePublished":"2022-04-22T17:28:25+00:00","dateModified":"2026-04-07T08:45:14+00:00","description":"Esschert Design Ronde gouden vensterbankklem L: Ronde gouden vensterbankklem L\/L 24 x B 24 x H 24,6 cm","breadcrumb":{"@id":"https:\/\/trendsandvision.nl\/de\/product\/esschert-design-fensterbank-klemme-goldgelb-l\/#breadcrumb"},"inLanguage":"de","potentialAction":[{"@type":"ReadAction","target":["https:\/\/trendsandvision.nl\/de\/product\/esschert-design-fensterbank-klemme-goldgelb-l\/"]}]},{"@type":"ImageObject","inLanguage":"de","@id":"https:\/\/trendsandvision.nl\/de\/product\/esschert-design-fensterbank-klemme-goldgelb-l\/#primaryimage","url":"https:\/\/trendsandvision.nl\/de\/wp-content\/uploads\/sites\/3\/2022\/04\/PY111_01.jpg","contentUrl":"https:\/\/trendsandvision.nl\/de\/wp-content\/uploads\/sites\/3\/2022\/04\/PY111_01.jpg","width":800,"height":800,"caption":"Esschert Design Ronde gouden vensterbankklem L (PY111"},{"@type":"BreadcrumbList","@id":"https:\/\/trendsandvision.nl\/de\/product\/esschert-design-fensterbank-klemme-goldgelb-l\/#breadcrumb","itemListElement":[{"@type":"ListItem","position":1,"name":"Home","item":"https:\/\/trendsandvision.nl\/de\/"},{"@type":"ListItem","position":2,"name":"Gesch\u00e4ft","item":"https:\/\/trendsandvision.nl\/de\/geschaft\/"},{"@type":"ListItem","position":3,"name":"Esschert Design Fensterbank klemme Goldgelb L"}]},{"@type":"WebSite","@id":"https:\/\/trendsandvision.nl\/de\/#website","url":"https:\/\/trendsandvision.nl\/de\/","name":"Trends &amp; Vision (DE)","description":"Der Webshop f\u00fcr Esschert Design Artikel","publisher":{"@id":"https:\/\/trendsandvision.nl\/de\/#organization"},"potentialAction":[{"@type":"SearchAction","target":{"@type":"EntryPoint","urlTemplate":"https:\/\/trendsandvision.nl\/de\/?s={search_term_string}"},"query-input":{"@type":"PropertyValueSpecification","valueRequired":true,"valueName":"search_term_string"}}],"inLanguage":"de"},{"@type":"Organization","@id":"https:\/\/trendsandvision.nl\/de\/#organization","name":"Trends &amp; Vision (DE)","url":"https:\/\/trendsandvision.nl\/de\/","logo":{"@type":"ImageObject","inLanguage":"de","@id":"https:\/\/trendsandvision.nl\/de\/#\/schema\/logo\/image\/","url":"https:\/\/trendsandvision.nl\/de\/wp-content\/uploads\/sites\/3\/2022\/04\/trends-and-vision-logo.jpg","contentUrl":"https:\/\/trendsandvision.nl\/de\/wp-content\/uploads\/sites\/3\/2022\/04\/trends-and-vision-logo.jpg","width":213,"height":100,"caption":"Trends &amp; Vision (DE)"},"image":{"@id":"https:\/\/trendsandvision.nl\/de\/#\/schema\/logo\/image\/"}}]}},"_links":{"self":[{"href":"https:\/\/trendsandvision.nl\/de\/wp-json\/wp\/v2\/product\/7032","targetHints":{"allow":["GET"]}}],"collection":[{"href":"https:\/\/trendsandvision.nl\/de\/wp-json\/wp\/v2\/product"}],"about":[{"href":"https:\/\/trendsandvision.nl\/de\/wp-json\/wp\/v2\/types\/product"}],"wp:featuredmedia":[{"embeddable":true,"href":"https:\/\/trendsandvision.nl\/de\/wp-json\/wp\/v2\/media\/7033"}],"wp:attachment":[{"href":"https:\/\/trendsandvision.nl\/de\/wp-json\/wp\/v2\/media?parent=7032"}],"wp:term":[{"taxonomy":"product_brand","embeddable":true,"href":"https:\/\/trendsandvision.nl\/de\/wp-json\/wp\/v2\/product_brand?post=7032"},{"taxonomy":"product_cat","embeddable":true,"href":"https:\/\/trendsandvision.nl\/de\/wp-json\/wp\/v2\/product_cat?post=7032"},{"taxonomy":"product_tag","embeddable":true,"href":"https:\/\/trendsandvision.nl\/de\/wp-json\/wp\/v2\/product_tag?post=7032"}],"curies":[{"name":"wp","href":"https:\/\/api.w.org\/{rel}","templated":true}]}}