{"id":7020,"date":"2022-04-22T19:28:01","date_gmt":"2022-04-22T17:28:01","guid":{"rendered":"https:\/\/trendsandvision.nl\/de\/product\/esschert-design-rechthoekig-hangend-plantenplateau-s-zwart-of-wit\/"},"modified":"2026-04-07T10:45:10","modified_gmt":"2026-04-07T08:45:10","slug":"esschert-design-rechteckige-haengende-pflanzentabletts-s","status":"publish","type":"product","link":"https:\/\/trendsandvision.nl\/de\/product\/esschert-design-rechteckige-haengende-pflanzentabletts-s\/","title":{"rendered":"Esschert Design Rechteckige h\u00e4ngende Pflanzentabletts S"},"content":{"rendered":"<p>Mit diesen h\u00e4ngenden Pflanzentabletts erstellen Sie in k\u00fcrzester Zeit ein &#8222;gr\u00fcnes&#8220; Fenster.<br \/>\nVerwischen Sie die Grenze zwischen Innen und Au\u00dfen, indem Sie diese Pflanzentabletts voller Pflanzen aufh\u00e4ngen.<br \/>\nIdeal zum Kombinieren mit dem BPH 136 S-Haken.<\/p>\n<p>&#8211; In einer Geschenkbox<br \/>\n&#8211; Verwischen die Grenze zwischen Innen und Au\u00dfen<br \/>\n&#8211; Einfach zu verwenden<br \/>\n&#8211; Zaubern ein &#8222;gr\u00fcnes&#8220; Fenster<\/p>\n<p>Artikelname: Rechteckige h\u00e4ngende Pflanzentabletts S<br \/>\nArtikelnummer: PY107<br \/>\nWahl\/Preis pro St\u00fcck<br \/>\nProduktgruppe(n) Indoor, Window Dressing, Rechteckige Pflanzentableth\u00e4nger<br \/>\nProduktabmessungen in cm L 38,3 x T 15 x H 2<br \/>\nMaterial Stahl, PVC, Eisen<br \/>\nNettogewicht 0,609 kg<br \/>\nBarcode 8714982195815<br \/>\nTragf\u00e4higkeit 10 kg<br \/>\n&#8211; Alle <strong><a href=\"https:\/\/trendsandvision.nl\/de\/?s=haken&amp;post_type=product&amp;dgwt_wcas=1\">Haken<\/a><\/strong><\/p>\n","protected":false},"excerpt":{"rendered":"<p>Rechteckige h\u00e4ngende Pflanzentabletts S<br \/>\nArtikelnummer: PY107<br \/>\nWahl\/Preis pro St\u00fcck<br \/>\nL 38,3 x T 15 x H 2 cm<br \/>\nMaterial Stahl, PVC, Eisen<br \/>\nNettogewicht 0,609 kg<br \/>\nBarcode 8714982195815<br \/>\nTragf\u00e4higkeit 10 kg<br \/>\n&#8211; Alle <strong><a href=\"https:\/\/trendsandvision.nl\/de\/?s=haken&amp;post_type=product&amp;dgwt_wcas=1\">Haken<\/a><\/strong><\/p>\n","protected":false},"featured_media":7021,"template":"","meta":[],"product_brand":[9597,9598],"product_cat":[503],"product_tag":[8462,7548,8465,6945,6819],"class_list":{"0":"post-7020","1":"product","2":"type-product","3":"status-publish","4":"has-post-thumbnail","6":"product_brand-esschert-design","7":"product_brand-trends-and-vision","8":"product_cat-esscherts-garden","9":"product_tag-pflanzentabletten","10":"product_tag-rund","11":"product_tag-tablethaenger","12":"product_tag-wahl","13":"product_tag-window-dressing","14":"pa_anbieter-esschert-design","15":"pa_ean-code-4032","16":"pa_material-staal-pvc-ijzer","17":"pa_messungen-l-15-x-b-38-x-h-21-cm","19":"first","20":"instock","21":"sale","22":"taxable","23":"shipping-taxable","24":"purchasable","25":"product-type-simple","26":"czr-hentry"},"yoast_head":"<!-- This site is optimized with the Yoast SEO Premium plugin v26.4 (Yoast SEO v27.4) - https:\/\/yoast.com\/product\/yoast-seo-premium-wordpress\/ -->\n<title>Esschert Design Rechthoekig hangend plantenplateau S zwart of wit (PY107, 8714982195815) - Trends &amp; Vision<\/title>\n<meta name=\"description\" content=\"Esschert Design Rechthoekig hangend plantenplateau S zwart of wit: Rechthoekig hangend plantenplateau S zwart of wit L 15 x B 38 x H 2,1 cm\" \/>\n<meta name=\"robots\" content=\"index, follow, max-snippet:-1, max-image-preview:large, max-video-preview:-1\" \/>\n<link rel=\"canonical\" href=\"https:\/\/trendsandvision.nl\/de\/product\/esschert-design-rechteckige-haengende-pflanzentabletts-s\/\" \/>\n<meta property=\"og:locale\" content=\"de_DE\" \/>\n<meta property=\"og:type\" content=\"article\" \/>\n<meta property=\"og:title\" content=\"Esschert Design Rechteckige h\u00e4ngende Pflanzentabletts S\" \/>\n<meta property=\"og:description\" content=\"Esschert Design Rechthoekig hangend plantenplateau S zwart of wit: Rechthoekig hangend plantenplateau S zwart of wit L 15 x B 38 x H 2,1 cm\" \/>\n<meta property=\"og:url\" content=\"https:\/\/trendsandvision.nl\/de\/product\/esschert-design-rechteckige-haengende-pflanzentabletts-s\/\" \/>\n<meta property=\"og:site_name\" content=\"Trends &amp; Vision (DE)\" \/>\n<meta property=\"article:modified_time\" content=\"2026-04-07T08:45:10+00:00\" \/>\n<meta property=\"og:image\" content=\"https:\/\/trendsandvision.nl\/de\/wp-content\/uploads\/sites\/3\/2022\/04\/PY107_01.jpg\" \/>\n\t<meta property=\"og:image:width\" content=\"800\" \/>\n\t<meta property=\"og:image:height\" content=\"800\" \/>\n\t<meta property=\"og:image:type\" content=\"image\/jpeg\" \/>\n<meta name=\"twitter:card\" content=\"summary_large_image\" \/>\n<meta name=\"twitter:label1\" content=\"Gesch\u00e4tzte Lesezeit\" \/>\n\t<meta name=\"twitter:data1\" content=\"1\u00a0Minute\" \/>\n<script type=\"application\/ld+json\" class=\"yoast-schema-graph\">{\"@context\":\"https:\\\/\\\/schema.org\",\"@graph\":[{\"@type\":\"WebPage\",\"@id\":\"https:\\\/\\\/trendsandvision.nl\\\/de\\\/product\\\/esschert-design-rechteckige-haengende-pflanzentabletts-s\\\/\",\"url\":\"https:\\\/\\\/trendsandvision.nl\\\/de\\\/product\\\/esschert-design-rechteckige-haengende-pflanzentabletts-s\\\/\",\"name\":\"Esschert Design Rechthoekig hangend plantenplateau S zwart of wit (PY107, 8714982195815) - Trends & Vision\",\"isPartOf\":{\"@id\":\"https:\\\/\\\/trendsandvision.nl\\\/de\\\/#website\"},\"primaryImageOfPage\":{\"@id\":\"https:\\\/\\\/trendsandvision.nl\\\/de\\\/product\\\/esschert-design-rechteckige-haengende-pflanzentabletts-s\\\/#primaryimage\"},\"image\":{\"@id\":\"https:\\\/\\\/trendsandvision.nl\\\/de\\\/product\\\/esschert-design-rechteckige-haengende-pflanzentabletts-s\\\/#primaryimage\"},\"thumbnailUrl\":\"https:\\\/\\\/trendsandvision.nl\\\/de\\\/wp-content\\\/uploads\\\/sites\\\/3\\\/2022\\\/04\\\/PY107_01.jpg\",\"datePublished\":\"2022-04-22T17:28:01+00:00\",\"dateModified\":\"2026-04-07T08:45:10+00:00\",\"description\":\"Esschert Design Rechthoekig hangend plantenplateau S zwart of wit: Rechthoekig hangend plantenplateau S zwart of wit L 15 x B 38 x H 2,1 cm\",\"breadcrumb\":{\"@id\":\"https:\\\/\\\/trendsandvision.nl\\\/de\\\/product\\\/esschert-design-rechteckige-haengende-pflanzentabletts-s\\\/#breadcrumb\"},\"inLanguage\":\"de\",\"potentialAction\":[{\"@type\":\"ReadAction\",\"target\":[\"https:\\\/\\\/trendsandvision.nl\\\/de\\\/product\\\/esschert-design-rechteckige-haengende-pflanzentabletts-s\\\/\"]}]},{\"@type\":\"ImageObject\",\"inLanguage\":\"de\",\"@id\":\"https:\\\/\\\/trendsandvision.nl\\\/de\\\/product\\\/esschert-design-rechteckige-haengende-pflanzentabletts-s\\\/#primaryimage\",\"url\":\"https:\\\/\\\/trendsandvision.nl\\\/de\\\/wp-content\\\/uploads\\\/sites\\\/3\\\/2022\\\/04\\\/PY107_01.jpg\",\"contentUrl\":\"https:\\\/\\\/trendsandvision.nl\\\/de\\\/wp-content\\\/uploads\\\/sites\\\/3\\\/2022\\\/04\\\/PY107_01.jpg\",\"width\":800,\"height\":800,\"caption\":\"Esschert Design Rechthoekig hangend plantenplateau S zwart of wit (PY107\"},{\"@type\":\"BreadcrumbList\",\"@id\":\"https:\\\/\\\/trendsandvision.nl\\\/de\\\/product\\\/esschert-design-rechteckige-haengende-pflanzentabletts-s\\\/#breadcrumb\",\"itemListElement\":[{\"@type\":\"ListItem\",\"position\":1,\"name\":\"Home\",\"item\":\"https:\\\/\\\/trendsandvision.nl\\\/de\\\/\"},{\"@type\":\"ListItem\",\"position\":2,\"name\":\"Gesch\u00e4ft\",\"item\":\"https:\\\/\\\/trendsandvision.nl\\\/de\\\/geschaft\\\/\"},{\"@type\":\"ListItem\",\"position\":3,\"name\":\"Esschert Design Rechteckige h\u00e4ngende Pflanzentabletts S\"}]},{\"@type\":\"WebSite\",\"@id\":\"https:\\\/\\\/trendsandvision.nl\\\/de\\\/#website\",\"url\":\"https:\\\/\\\/trendsandvision.nl\\\/de\\\/\",\"name\":\"Trends &amp; Vision (DE)\",\"description\":\"Der Webshop f\u00fcr Esschert Design Artikel\",\"publisher\":{\"@id\":\"https:\\\/\\\/trendsandvision.nl\\\/de\\\/#organization\"},\"potentialAction\":[{\"@type\":\"SearchAction\",\"target\":{\"@type\":\"EntryPoint\",\"urlTemplate\":\"https:\\\/\\\/trendsandvision.nl\\\/de\\\/?s={search_term_string}\"},\"query-input\":{\"@type\":\"PropertyValueSpecification\",\"valueRequired\":true,\"valueName\":\"search_term_string\"}}],\"inLanguage\":\"de\"},{\"@type\":\"Organization\",\"@id\":\"https:\\\/\\\/trendsandvision.nl\\\/de\\\/#organization\",\"name\":\"Trends &amp; Vision (DE)\",\"url\":\"https:\\\/\\\/trendsandvision.nl\\\/de\\\/\",\"logo\":{\"@type\":\"ImageObject\",\"inLanguage\":\"de\",\"@id\":\"https:\\\/\\\/trendsandvision.nl\\\/de\\\/#\\\/schema\\\/logo\\\/image\\\/\",\"url\":\"https:\\\/\\\/trendsandvision.nl\\\/de\\\/wp-content\\\/uploads\\\/sites\\\/3\\\/2022\\\/04\\\/trends-and-vision-logo.jpg\",\"contentUrl\":\"https:\\\/\\\/trendsandvision.nl\\\/de\\\/wp-content\\\/uploads\\\/sites\\\/3\\\/2022\\\/04\\\/trends-and-vision-logo.jpg\",\"width\":213,\"height\":100,\"caption\":\"Trends &amp; Vision (DE)\"},\"image\":{\"@id\":\"https:\\\/\\\/trendsandvision.nl\\\/de\\\/#\\\/schema\\\/logo\\\/image\\\/\"}}]}<\/script>\n<!-- \/ Yoast SEO Premium plugin. -->","yoast_head_json":{"title":"Esschert Design Rechthoekig hangend plantenplateau S zwart of wit (PY107, 8714982195815) - Trends & Vision","description":"Esschert Design Rechthoekig hangend plantenplateau S zwart of wit: Rechthoekig hangend plantenplateau S zwart of wit L 15 x B 38 x H 2,1 cm","robots":{"index":"index","follow":"follow","max-snippet":"max-snippet:-1","max-image-preview":"max-image-preview:large","max-video-preview":"max-video-preview:-1"},"canonical":"https:\/\/trendsandvision.nl\/de\/product\/esschert-design-rechteckige-haengende-pflanzentabletts-s\/","og_locale":"de_DE","og_type":"article","og_title":"Esschert Design Rechteckige h\u00e4ngende Pflanzentabletts S","og_description":"Esschert Design Rechthoekig hangend plantenplateau S zwart of wit: Rechthoekig hangend plantenplateau S zwart of wit L 15 x B 38 x H 2,1 cm","og_url":"https:\/\/trendsandvision.nl\/de\/product\/esschert-design-rechteckige-haengende-pflanzentabletts-s\/","og_site_name":"Trends &amp; Vision (DE)","article_modified_time":"2026-04-07T08:45:10+00:00","og_image":[{"width":800,"height":800,"url":"https:\/\/trendsandvision.nl\/de\/wp-content\/uploads\/sites\/3\/2022\/04\/PY107_01.jpg","type":"image\/jpeg"}],"twitter_card":"summary_large_image","twitter_misc":{"Gesch\u00e4tzte Lesezeit":"1\u00a0Minute"},"schema":{"@context":"https:\/\/schema.org","@graph":[{"@type":"WebPage","@id":"https:\/\/trendsandvision.nl\/de\/product\/esschert-design-rechteckige-haengende-pflanzentabletts-s\/","url":"https:\/\/trendsandvision.nl\/de\/product\/esschert-design-rechteckige-haengende-pflanzentabletts-s\/","name":"Esschert Design Rechthoekig hangend plantenplateau S zwart of wit (PY107, 8714982195815) - Trends & Vision","isPartOf":{"@id":"https:\/\/trendsandvision.nl\/de\/#website"},"primaryImageOfPage":{"@id":"https:\/\/trendsandvision.nl\/de\/product\/esschert-design-rechteckige-haengende-pflanzentabletts-s\/#primaryimage"},"image":{"@id":"https:\/\/trendsandvision.nl\/de\/product\/esschert-design-rechteckige-haengende-pflanzentabletts-s\/#primaryimage"},"thumbnailUrl":"https:\/\/trendsandvision.nl\/de\/wp-content\/uploads\/sites\/3\/2022\/04\/PY107_01.jpg","datePublished":"2022-04-22T17:28:01+00:00","dateModified":"2026-04-07T08:45:10+00:00","description":"Esschert Design Rechthoekig hangend plantenplateau S zwart of wit: Rechthoekig hangend plantenplateau S zwart of wit L 15 x B 38 x H 2,1 cm","breadcrumb":{"@id":"https:\/\/trendsandvision.nl\/de\/product\/esschert-design-rechteckige-haengende-pflanzentabletts-s\/#breadcrumb"},"inLanguage":"de","potentialAction":[{"@type":"ReadAction","target":["https:\/\/trendsandvision.nl\/de\/product\/esschert-design-rechteckige-haengende-pflanzentabletts-s\/"]}]},{"@type":"ImageObject","inLanguage":"de","@id":"https:\/\/trendsandvision.nl\/de\/product\/esschert-design-rechteckige-haengende-pflanzentabletts-s\/#primaryimage","url":"https:\/\/trendsandvision.nl\/de\/wp-content\/uploads\/sites\/3\/2022\/04\/PY107_01.jpg","contentUrl":"https:\/\/trendsandvision.nl\/de\/wp-content\/uploads\/sites\/3\/2022\/04\/PY107_01.jpg","width":800,"height":800,"caption":"Esschert Design Rechthoekig hangend plantenplateau S zwart of wit (PY107"},{"@type":"BreadcrumbList","@id":"https:\/\/trendsandvision.nl\/de\/product\/esschert-design-rechteckige-haengende-pflanzentabletts-s\/#breadcrumb","itemListElement":[{"@type":"ListItem","position":1,"name":"Home","item":"https:\/\/trendsandvision.nl\/de\/"},{"@type":"ListItem","position":2,"name":"Gesch\u00e4ft","item":"https:\/\/trendsandvision.nl\/de\/geschaft\/"},{"@type":"ListItem","position":3,"name":"Esschert Design Rechteckige h\u00e4ngende Pflanzentabletts S"}]},{"@type":"WebSite","@id":"https:\/\/trendsandvision.nl\/de\/#website","url":"https:\/\/trendsandvision.nl\/de\/","name":"Trends &amp; Vision (DE)","description":"Der Webshop f\u00fcr Esschert Design Artikel","publisher":{"@id":"https:\/\/trendsandvision.nl\/de\/#organization"},"potentialAction":[{"@type":"SearchAction","target":{"@type":"EntryPoint","urlTemplate":"https:\/\/trendsandvision.nl\/de\/?s={search_term_string}"},"query-input":{"@type":"PropertyValueSpecification","valueRequired":true,"valueName":"search_term_string"}}],"inLanguage":"de"},{"@type":"Organization","@id":"https:\/\/trendsandvision.nl\/de\/#organization","name":"Trends &amp; Vision (DE)","url":"https:\/\/trendsandvision.nl\/de\/","logo":{"@type":"ImageObject","inLanguage":"de","@id":"https:\/\/trendsandvision.nl\/de\/#\/schema\/logo\/image\/","url":"https:\/\/trendsandvision.nl\/de\/wp-content\/uploads\/sites\/3\/2022\/04\/trends-and-vision-logo.jpg","contentUrl":"https:\/\/trendsandvision.nl\/de\/wp-content\/uploads\/sites\/3\/2022\/04\/trends-and-vision-logo.jpg","width":213,"height":100,"caption":"Trends &amp; Vision (DE)"},"image":{"@id":"https:\/\/trendsandvision.nl\/de\/#\/schema\/logo\/image\/"}}]}},"_links":{"self":[{"href":"https:\/\/trendsandvision.nl\/de\/wp-json\/wp\/v2\/product\/7020","targetHints":{"allow":["GET"]}}],"collection":[{"href":"https:\/\/trendsandvision.nl\/de\/wp-json\/wp\/v2\/product"}],"about":[{"href":"https:\/\/trendsandvision.nl\/de\/wp-json\/wp\/v2\/types\/product"}],"wp:featuredmedia":[{"embeddable":true,"href":"https:\/\/trendsandvision.nl\/de\/wp-json\/wp\/v2\/media\/7021"}],"wp:attachment":[{"href":"https:\/\/trendsandvision.nl\/de\/wp-json\/wp\/v2\/media?parent=7020"}],"wp:term":[{"taxonomy":"product_brand","embeddable":true,"href":"https:\/\/trendsandvision.nl\/de\/wp-json\/wp\/v2\/product_brand?post=7020"},{"taxonomy":"product_cat","embeddable":true,"href":"https:\/\/trendsandvision.nl\/de\/wp-json\/wp\/v2\/product_cat?post=7020"},{"taxonomy":"product_tag","embeddable":true,"href":"https:\/\/trendsandvision.nl\/de\/wp-json\/wp\/v2\/product_tag?post=7020"}],"curies":[{"name":"wp","href":"https:\/\/api.w.org\/{rel}","templated":true}]}}