{"id":6983,"date":"2022-04-22T19:27:07","date_gmt":"2022-04-22T17:27:07","guid":{"rendered":"https:\/\/trendsandvision.nl\/de\/product\/esschert-design-schirmfuss-gross-schwarz\/"},"modified":"2026-04-22T15:17:28","modified_gmt":"2026-04-22T13:17:28","slug":"esschert-design-schirmfuss-granito-dunkelgrau-l","status":"publish","type":"product","link":"https:\/\/trendsandvision.nl\/de\/product\/esschert-design-schirmfuss-granito-dunkelgrau-l\/","title":{"rendered":"Esschert Design Schirmfu\u00df Granito dunkelgrau L"},"content":{"rendered":"<p>Ein Sonnenschirm darf in keinem Garten fehlen. Schaffen Sie sich mit einem Sonnenschirm einen sch\u00f6nen gesch\u00fctzten Pl\u00e4tz im Garten oder auf dem Balkon und sorgen Sie f\u00fcr einen stabilen Stand. Dieser moderne und zeitlose Granito-Schirmfu\u00df ist f\u00fcr Sonnenschirme mit einem Stangendurchmesser von bis zu 42 mm geeignet.<\/p>\n<p>&#8211; Durchmesser des Schaftlochs einstellbar von 12 bis 42 mm<\/p>\n<p>Artikelname: Schirmfu\u00df Granito dunkelgrau L<br \/>\nArtikelnummer: PV25<br \/>\nProduktgruppe(n) M\u00f6bel, Sonnenschirmst\u00e4nder<br \/>\nProduktabmessungen in cm L 49,5 x T 49,5 x H 30,5<br \/>\nMaterial Terrazzo, Edelstahl<br \/>\nNettogewicht 50,7 kg<br \/>\nBarcode 8714982020452<\/p>\n<p>Klicken Sie <a href=\"https:\/\/trendsandvision.nl\/de\/?s=schirmfu\u00df&amp;post_type=product&amp;dgwt_wcas=1\">HIER<\/a> f\u00fcr alle Sonnenschirmst\u00e4nder (Gr\u00f6\u00dfen, Farben usw)<\/p>\n<p>Sehr geehrter Kunde, die Versandkosten f\u00fcr diesen Artikel sind h\u00f6her als das Angebot im Shop angebt.<br \/>\nF\u00fcr die sichere Lieferung dieses Artikels (auf einer Minipalette \u00fcber Dachser) betragen die tats\u00e4chlichen Versandkosten \u20ac 133,10<br \/>\nNach der Bestellung erhalten Sie ein E-Mail mit IDEAL &#8222;Link&#8220; wohin die Mehrkosten berechnet.<\/p>\n","protected":false},"excerpt":{"rendered":"<p>Artikelnummer: PV25<br \/>\nL 49,5 x T 49,5 x H 30,5 cm<br \/>\nMaterial Terrazzo, Edelstahl<br \/>\nNettogewicht 50,7 kg<br \/>\nBarcode 8714982020452<br \/>\nStangendurchmesser bis \u00f8 42 mmKlicken Sie <a href=\"https:\/\/trendsandvision.nl\/de\/?s=schirmfu\u00df&amp;post_type=product&amp;dgwt_wcas=1\">HIER<\/a> f\u00fcr alle Sonnenschirmst\u00e4nder (Gr\u00f6\u00dfen, Farben usw)<\/p>\n","protected":false},"featured_media":6984,"template":"","meta":[],"product_brand":[9597,9598],"product_cat":[741],"product_tag":[6950,7759,7865,8466,8468,8467],"class_list":{"0":"post-6983","1":"product","2":"type-product","3":"status-publish","4":"has-post-thumbnail","6":"product_brand-esschert-design","7":"product_brand-trends-and-vision","8":"product_cat-garden-furniture","9":"product_tag-edelstahl","10":"product_tag-gartenmoebel","11":"product_tag-granito","12":"product_tag-schirmfusse","13":"product_tag-sonnenschirme","14":"product_tag-wetter-und-windbestaendig","15":"pa_anbieter-esschert-design","16":"pa_ean-code-4013","17":"pa_material-granito-und-rfs","18":"pa_messungen-o-50x30-cm","20":"first","21":"instock","22":"sale","23":"taxable","24":"shipping-taxable","25":"purchasable","26":"product-type-simple","27":"czr-hentry"},"yoast_head":"<!-- This site is optimized with the Yoast SEO Premium plugin v27.4 (Yoast SEO v27.4) - https:\/\/yoast.com\/product\/yoast-seo-premium-wordpress\/ -->\n<title>Esschert Design Schirmfuss gross schwarz (PV25, 8714982020452) - Trends &amp; Vision<\/title>\n<meta name=\"description\" content=\"Esschert Design Schirmfuss gross schwarz: Sonnenschirmst\u00e4nder in schwarz. Innenma\u00df Loch: 5 cm.\" \/>\n<meta name=\"robots\" content=\"index, follow, max-snippet:-1, max-image-preview:large, max-video-preview:-1\" \/>\n<link rel=\"canonical\" href=\"https:\/\/trendsandvision.nl\/de\/product\/esschert-design-schirmfuss-granito-dunkelgrau-l\/\" \/>\n<meta property=\"og:locale\" content=\"de_DE\" \/>\n<meta property=\"og:type\" content=\"article\" \/>\n<meta property=\"og:title\" content=\"Esschert Design Schirmfu\u00df Granito dunkelgrau L\" \/>\n<meta property=\"og:description\" content=\"Esschert Design Schirmfuss gross schwarz: Sonnenschirmst\u00e4nder in schwarz. Innenma\u00df Loch: 5 cm.\" \/>\n<meta property=\"og:url\" content=\"https:\/\/trendsandvision.nl\/de\/product\/esschert-design-schirmfuss-granito-dunkelgrau-l\/\" \/>\n<meta property=\"og:site_name\" content=\"Trends &amp; Vision (DE)\" \/>\n<meta property=\"article:modified_time\" content=\"2026-04-22T13:17:28+00:00\" \/>\n<meta property=\"og:image\" content=\"https:\/\/trendsandvision.nl\/de\/wp-content\/uploads\/sites\/3\/2022\/04\/PV25_01.jpg\" \/>\n\t<meta property=\"og:image:width\" content=\"800\" \/>\n\t<meta property=\"og:image:height\" content=\"800\" \/>\n\t<meta property=\"og:image:type\" content=\"image\/jpeg\" \/>\n<meta name=\"twitter:card\" content=\"summary_large_image\" \/>\n<meta name=\"twitter:label1\" content=\"Gesch\u00e4tzte Lesezeit\" \/>\n\t<meta name=\"twitter:data1\" content=\"1\u00a0Minute\" \/>\n<script type=\"application\/ld+json\" class=\"yoast-schema-graph\">{\"@context\":\"https:\\\/\\\/schema.org\",\"@graph\":[{\"@type\":\"WebPage\",\"@id\":\"https:\\\/\\\/trendsandvision.nl\\\/de\\\/product\\\/esschert-design-schirmfuss-granito-dunkelgrau-l\\\/\",\"url\":\"https:\\\/\\\/trendsandvision.nl\\\/de\\\/product\\\/esschert-design-schirmfuss-granito-dunkelgrau-l\\\/\",\"name\":\"Esschert Design Schirmfuss gross schwarz (PV25, 8714982020452) - Trends & Vision\",\"isPartOf\":{\"@id\":\"https:\\\/\\\/trendsandvision.nl\\\/de\\\/#website\"},\"primaryImageOfPage\":{\"@id\":\"https:\\\/\\\/trendsandvision.nl\\\/de\\\/product\\\/esschert-design-schirmfuss-granito-dunkelgrau-l\\\/#primaryimage\"},\"image\":{\"@id\":\"https:\\\/\\\/trendsandvision.nl\\\/de\\\/product\\\/esschert-design-schirmfuss-granito-dunkelgrau-l\\\/#primaryimage\"},\"thumbnailUrl\":\"https:\\\/\\\/trendsandvision.nl\\\/de\\\/wp-content\\\/uploads\\\/sites\\\/3\\\/2022\\\/04\\\/PV25_01.jpg\",\"datePublished\":\"2022-04-22T17:27:07+00:00\",\"dateModified\":\"2026-04-22T13:17:28+00:00\",\"description\":\"Esschert Design Schirmfuss gross schwarz: Sonnenschirmst\u00e4nder in schwarz. Innenma\u00df Loch: 5 cm.\",\"breadcrumb\":{\"@id\":\"https:\\\/\\\/trendsandvision.nl\\\/de\\\/product\\\/esschert-design-schirmfuss-granito-dunkelgrau-l\\\/#breadcrumb\"},\"inLanguage\":\"de\",\"potentialAction\":[{\"@type\":\"ReadAction\",\"target\":[\"https:\\\/\\\/trendsandvision.nl\\\/de\\\/product\\\/esschert-design-schirmfuss-granito-dunkelgrau-l\\\/\"]}]},{\"@type\":\"ImageObject\",\"inLanguage\":\"de\",\"@id\":\"https:\\\/\\\/trendsandvision.nl\\\/de\\\/product\\\/esschert-design-schirmfuss-granito-dunkelgrau-l\\\/#primaryimage\",\"url\":\"https:\\\/\\\/trendsandvision.nl\\\/de\\\/wp-content\\\/uploads\\\/sites\\\/3\\\/2022\\\/04\\\/PV25_01.jpg\",\"contentUrl\":\"https:\\\/\\\/trendsandvision.nl\\\/de\\\/wp-content\\\/uploads\\\/sites\\\/3\\\/2022\\\/04\\\/PV25_01.jpg\",\"width\":800,\"height\":800,\"caption\":\"Esschert Design Schirmfuss gross schwarz (PV25\"},{\"@type\":\"BreadcrumbList\",\"@id\":\"https:\\\/\\\/trendsandvision.nl\\\/de\\\/product\\\/esschert-design-schirmfuss-granito-dunkelgrau-l\\\/#breadcrumb\",\"itemListElement\":[{\"@type\":\"ListItem\",\"position\":1,\"name\":\"Home\",\"item\":\"https:\\\/\\\/trendsandvision.nl\\\/de\\\/\"},{\"@type\":\"ListItem\",\"position\":2,\"name\":\"Gesch\u00e4ft\",\"item\":\"https:\\\/\\\/trendsandvision.nl\\\/de\\\/geschaft\\\/\"},{\"@type\":\"ListItem\",\"position\":3,\"name\":\"Esschert Design Schirmfu\u00df Granito dunkelgrau L\"}]},{\"@type\":\"WebSite\",\"@id\":\"https:\\\/\\\/trendsandvision.nl\\\/de\\\/#website\",\"url\":\"https:\\\/\\\/trendsandvision.nl\\\/de\\\/\",\"name\":\"Trends &amp; Vision (DE)\",\"description\":\"Der Webshop f\u00fcr Esschert Design Artikel\",\"publisher\":{\"@id\":\"https:\\\/\\\/trendsandvision.nl\\\/de\\\/#organization\"},\"potentialAction\":[{\"@type\":\"SearchAction\",\"target\":{\"@type\":\"EntryPoint\",\"urlTemplate\":\"https:\\\/\\\/trendsandvision.nl\\\/de\\\/?s={search_term_string}\"},\"query-input\":{\"@type\":\"PropertyValueSpecification\",\"valueRequired\":true,\"valueName\":\"search_term_string\"}}],\"inLanguage\":\"de\"},{\"@type\":\"Organization\",\"@id\":\"https:\\\/\\\/trendsandvision.nl\\\/de\\\/#organization\",\"name\":\"Trends &amp; Vision (DE)\",\"url\":\"https:\\\/\\\/trendsandvision.nl\\\/de\\\/\",\"logo\":{\"@type\":\"ImageObject\",\"inLanguage\":\"de\",\"@id\":\"https:\\\/\\\/trendsandvision.nl\\\/de\\\/#\\\/schema\\\/logo\\\/image\\\/\",\"url\":\"https:\\\/\\\/trendsandvision.nl\\\/de\\\/wp-content\\\/uploads\\\/sites\\\/3\\\/2022\\\/04\\\/trends-and-vision-logo.jpg\",\"contentUrl\":\"https:\\\/\\\/trendsandvision.nl\\\/de\\\/wp-content\\\/uploads\\\/sites\\\/3\\\/2022\\\/04\\\/trends-and-vision-logo.jpg\",\"width\":213,\"height\":100,\"caption\":\"Trends &amp; Vision (DE)\"},\"image\":{\"@id\":\"https:\\\/\\\/trendsandvision.nl\\\/de\\\/#\\\/schema\\\/logo\\\/image\\\/\"}}]}<\/script>\n<!-- \/ Yoast SEO Premium plugin. -->","yoast_head_json":{"title":"Esschert Design Schirmfuss gross schwarz (PV25, 8714982020452) - Trends & Vision","description":"Esschert Design Schirmfuss gross schwarz: Sonnenschirmst\u00e4nder in schwarz. Innenma\u00df Loch: 5 cm.","robots":{"index":"index","follow":"follow","max-snippet":"max-snippet:-1","max-image-preview":"max-image-preview:large","max-video-preview":"max-video-preview:-1"},"canonical":"https:\/\/trendsandvision.nl\/de\/product\/esschert-design-schirmfuss-granito-dunkelgrau-l\/","og_locale":"de_DE","og_type":"article","og_title":"Esschert Design Schirmfu\u00df Granito dunkelgrau L","og_description":"Esschert Design Schirmfuss gross schwarz: Sonnenschirmst\u00e4nder in schwarz. Innenma\u00df Loch: 5 cm.","og_url":"https:\/\/trendsandvision.nl\/de\/product\/esschert-design-schirmfuss-granito-dunkelgrau-l\/","og_site_name":"Trends &amp; Vision (DE)","article_modified_time":"2026-04-22T13:17:28+00:00","og_image":[{"width":800,"height":800,"url":"https:\/\/trendsandvision.nl\/de\/wp-content\/uploads\/sites\/3\/2022\/04\/PV25_01.jpg","type":"image\/jpeg"}],"twitter_card":"summary_large_image","twitter_misc":{"Gesch\u00e4tzte Lesezeit":"1\u00a0Minute"},"schema":{"@context":"https:\/\/schema.org","@graph":[{"@type":"WebPage","@id":"https:\/\/trendsandvision.nl\/de\/product\/esschert-design-schirmfuss-granito-dunkelgrau-l\/","url":"https:\/\/trendsandvision.nl\/de\/product\/esschert-design-schirmfuss-granito-dunkelgrau-l\/","name":"Esschert Design Schirmfuss gross schwarz (PV25, 8714982020452) - Trends & Vision","isPartOf":{"@id":"https:\/\/trendsandvision.nl\/de\/#website"},"primaryImageOfPage":{"@id":"https:\/\/trendsandvision.nl\/de\/product\/esschert-design-schirmfuss-granito-dunkelgrau-l\/#primaryimage"},"image":{"@id":"https:\/\/trendsandvision.nl\/de\/product\/esschert-design-schirmfuss-granito-dunkelgrau-l\/#primaryimage"},"thumbnailUrl":"https:\/\/trendsandvision.nl\/de\/wp-content\/uploads\/sites\/3\/2022\/04\/PV25_01.jpg","datePublished":"2022-04-22T17:27:07+00:00","dateModified":"2026-04-22T13:17:28+00:00","description":"Esschert Design Schirmfuss gross schwarz: Sonnenschirmst\u00e4nder in schwarz. Innenma\u00df Loch: 5 cm.","breadcrumb":{"@id":"https:\/\/trendsandvision.nl\/de\/product\/esschert-design-schirmfuss-granito-dunkelgrau-l\/#breadcrumb"},"inLanguage":"de","potentialAction":[{"@type":"ReadAction","target":["https:\/\/trendsandvision.nl\/de\/product\/esschert-design-schirmfuss-granito-dunkelgrau-l\/"]}]},{"@type":"ImageObject","inLanguage":"de","@id":"https:\/\/trendsandvision.nl\/de\/product\/esschert-design-schirmfuss-granito-dunkelgrau-l\/#primaryimage","url":"https:\/\/trendsandvision.nl\/de\/wp-content\/uploads\/sites\/3\/2022\/04\/PV25_01.jpg","contentUrl":"https:\/\/trendsandvision.nl\/de\/wp-content\/uploads\/sites\/3\/2022\/04\/PV25_01.jpg","width":800,"height":800,"caption":"Esschert Design Schirmfuss gross schwarz (PV25"},{"@type":"BreadcrumbList","@id":"https:\/\/trendsandvision.nl\/de\/product\/esschert-design-schirmfuss-granito-dunkelgrau-l\/#breadcrumb","itemListElement":[{"@type":"ListItem","position":1,"name":"Home","item":"https:\/\/trendsandvision.nl\/de\/"},{"@type":"ListItem","position":2,"name":"Gesch\u00e4ft","item":"https:\/\/trendsandvision.nl\/de\/geschaft\/"},{"@type":"ListItem","position":3,"name":"Esschert Design Schirmfu\u00df Granito dunkelgrau L"}]},{"@type":"WebSite","@id":"https:\/\/trendsandvision.nl\/de\/#website","url":"https:\/\/trendsandvision.nl\/de\/","name":"Trends &amp; Vision (DE)","description":"Der Webshop f\u00fcr Esschert Design Artikel","publisher":{"@id":"https:\/\/trendsandvision.nl\/de\/#organization"},"potentialAction":[{"@type":"SearchAction","target":{"@type":"EntryPoint","urlTemplate":"https:\/\/trendsandvision.nl\/de\/?s={search_term_string}"},"query-input":{"@type":"PropertyValueSpecification","valueRequired":true,"valueName":"search_term_string"}}],"inLanguage":"de"},{"@type":"Organization","@id":"https:\/\/trendsandvision.nl\/de\/#organization","name":"Trends &amp; Vision (DE)","url":"https:\/\/trendsandvision.nl\/de\/","logo":{"@type":"ImageObject","inLanguage":"de","@id":"https:\/\/trendsandvision.nl\/de\/#\/schema\/logo\/image\/","url":"https:\/\/trendsandvision.nl\/de\/wp-content\/uploads\/sites\/3\/2022\/04\/trends-and-vision-logo.jpg","contentUrl":"https:\/\/trendsandvision.nl\/de\/wp-content\/uploads\/sites\/3\/2022\/04\/trends-and-vision-logo.jpg","width":213,"height":100,"caption":"Trends &amp; Vision (DE)"},"image":{"@id":"https:\/\/trendsandvision.nl\/de\/#\/schema\/logo\/image\/"}}]}},"_links":{"self":[{"href":"https:\/\/trendsandvision.nl\/de\/wp-json\/wp\/v2\/product\/6983","targetHints":{"allow":["GET"]}}],"collection":[{"href":"https:\/\/trendsandvision.nl\/de\/wp-json\/wp\/v2\/product"}],"about":[{"href":"https:\/\/trendsandvision.nl\/de\/wp-json\/wp\/v2\/types\/product"}],"wp:featuredmedia":[{"embeddable":true,"href":"https:\/\/trendsandvision.nl\/de\/wp-json\/wp\/v2\/media\/6984"}],"wp:attachment":[{"href":"https:\/\/trendsandvision.nl\/de\/wp-json\/wp\/v2\/media?parent=6983"}],"wp:term":[{"taxonomy":"product_brand","embeddable":true,"href":"https:\/\/trendsandvision.nl\/de\/wp-json\/wp\/v2\/product_brand?post=6983"},{"taxonomy":"product_cat","embeddable":true,"href":"https:\/\/trendsandvision.nl\/de\/wp-json\/wp\/v2\/product_cat?post=6983"},{"taxonomy":"product_tag","embeddable":true,"href":"https:\/\/trendsandvision.nl\/de\/wp-json\/wp\/v2\/product_tag?post=6983"}],"curies":[{"name":"wp","href":"https:\/\/api.w.org\/{rel}","templated":true}]}}