{"id":6946,"date":"2022-04-22T19:26:18","date_gmt":"2022-04-22T17:26:18","guid":{"rendered":"https:\/\/trendsandvision.nl\/de\/product\/esschert-design-altzink-giesskanne-extra-langes-rohr\/"},"modified":"2026-04-22T15:16:24","modified_gmt":"2026-04-22T13:16:24","slug":"esschert-design-altzink-giesskanne-extra-langes-rohr","status":"publish","type":"product","link":"https:\/\/trendsandvision.nl\/de\/product\/esschert-design-altzink-giesskanne-extra-langes-rohr\/","title":{"rendered":"Esschert Design Altzink Gie\u00dfkanne extra langes Rohr"},"content":{"rendered":"<p>Diese traditionelle englische Gie\u00dfkanne hat ein abnehmbares Verl\u00e4ngerugsteil f\u00fcr den Ausgie\u00dfer.<br \/>\nDas macht es einfach, direkt und aus der Ferne zu gie\u00dfen.<\/p>\n<p>&#8211; Abnehmbares Verl\u00e4ngerungsteil f\u00fcr den Ausgie\u00dfer<br \/>\n&#8211; Abnehmbares Spritzger\u00e4t<br \/>\n&#8211; Gezielte Bew\u00e4sserung<br \/>\n&#8211; Mit oberem und seitlichem Griff<br \/>\n&#8211; Gro\u00dfe F\u00fcll\u00f6ffnung<\/p>\n<p>Artikelname: Altzink Gie\u00dfkanne mit extra langem Rohr<br \/>\nArtikelnummer: OZ77<br \/>\nProduktgruppe(n) Garten&amp;Terrasse, Gartenger\u00e4te, Gie\u00dfkannen und Spr\u00fchger\u00e4te<br \/>\nProduktabmessungen in cm L 79,9 x T 22 x H 56,7<br \/>\nVolumen in Litern 6,205<br \/>\nMaterial: Galvanisch verzinkter Carbonstahl<br \/>\nNettogewicht 0,643 kg<br \/>\nBarcode 8714982185120<\/p>\n","protected":false},"excerpt":{"rendered":"<p>&#8211; Artikelnummer: OZ77<br \/>\n&#8211; L 79,9 x T 22 x H 56,7 cm<br \/>\n&#8211; Volumen in Litern 6,205<br \/>\n&#8211; Galvanisch verzinkter Carbonstahl<br \/>\n&#8211; Abnehmbares Verl\u00e4ngerungsteil<br \/>\n&#8211; f\u00fcr den Ausgie\u00dfer<br \/>\n&#8211; Abnehmbares Spritzger\u00e4t<br \/>\n&#8211; Gezielte Bew\u00e4sserung<br \/>\n&#8211; Mit oberem und seitlichem Griff<br \/>\n&#8211; Gro\u00dfe F\u00fcll\u00f6ffnung<br \/>\n&#8211; Nettogewicht 0,643 kg<br \/>\n&#8211; Barcode 8714982185120<\/p>\n","protected":false},"featured_media":6947,"template":"","meta":[],"product_brand":[9597,9598],"product_cat":[503],"product_tag":[7027,7491,6890,10445],"class_list":{"0":"post-6946","1":"product","2":"type-product","3":"status-publish","4":"has-post-thumbnail","6":"product_brand-esschert-design","7":"product_brand-trends-and-vision","8":"product_cat-esscherts-garden","9":"product_tag-altzink","10":"product_tag-giesskannen-und-spruehgeraete","11":"product_tag-spruehgeraete","12":"product_tag-verlaengerungsteil","13":"pa_anbieter-esschert-design","14":"pa_ean-code-3990","15":"pa_messungen-772x221x527-cm","17":"first","18":"instock","19":"sale","20":"taxable","21":"shipping-taxable","22":"purchasable","23":"product-type-simple","24":"czr-hentry"},"yoast_head":"<!-- This site is optimized with the Yoast SEO Premium plugin v27.4 (Yoast SEO v27.4) - https:\/\/yoast.com\/product\/yoast-seo-premium-wordpress\/ -->\n<title>Esschert Design Altzink Gie\u00dfkanne extra langes Rohr (OZ77, 8714982185120) - Trends &amp; Vision<\/title>\n<meta name=\"description\" content=\"Esschert Design Altzink Gie\u00dfkanne extra langes Rohr: Altzink Gie\u00dfkanne extra langes Rohr\" \/>\n<meta name=\"robots\" content=\"index, follow, max-snippet:-1, max-image-preview:large, max-video-preview:-1\" \/>\n<link rel=\"canonical\" href=\"https:\/\/trendsandvision.nl\/de\/product\/esschert-design-altzink-giesskanne-extra-langes-rohr\/\" \/>\n<meta property=\"og:locale\" content=\"de_DE\" \/>\n<meta property=\"og:type\" content=\"article\" \/>\n<meta property=\"og:title\" content=\"Esschert Design Altzink Gie\u00dfkanne extra langes Rohr\" \/>\n<meta property=\"og:description\" content=\"Esschert Design Altzink Gie\u00dfkanne extra langes Rohr: Altzink Gie\u00dfkanne extra langes Rohr\" \/>\n<meta property=\"og:url\" content=\"https:\/\/trendsandvision.nl\/de\/product\/esschert-design-altzink-giesskanne-extra-langes-rohr\/\" \/>\n<meta property=\"og:site_name\" content=\"Trends &amp; Vision (DE)\" \/>\n<meta property=\"article:modified_time\" content=\"2026-04-22T13:16:24+00:00\" \/>\n<meta property=\"og:image\" content=\"https:\/\/trendsandvision.nl\/de\/wp-content\/uploads\/sites\/3\/2022\/04\/OZ77_01.jpg\" \/>\n\t<meta property=\"og:image:width\" content=\"800\" \/>\n\t<meta property=\"og:image:height\" content=\"800\" \/>\n\t<meta property=\"og:image:type\" content=\"image\/jpeg\" \/>\n<meta name=\"twitter:card\" content=\"summary_large_image\" \/>\n<meta name=\"twitter:label1\" content=\"Gesch\u00e4tzte Lesezeit\" \/>\n\t<meta name=\"twitter:data1\" content=\"1\u00a0Minute\" \/>\n<script type=\"application\/ld+json\" class=\"yoast-schema-graph\">{\"@context\":\"https:\\\/\\\/schema.org\",\"@graph\":[{\"@type\":\"WebPage\",\"@id\":\"https:\\\/\\\/trendsandvision.nl\\\/de\\\/product\\\/esschert-design-altzink-giesskanne-extra-langes-rohr\\\/\",\"url\":\"https:\\\/\\\/trendsandvision.nl\\\/de\\\/product\\\/esschert-design-altzink-giesskanne-extra-langes-rohr\\\/\",\"name\":\"Esschert Design Altzink Gie\u00dfkanne extra langes Rohr (OZ77, 8714982185120) - Trends & Vision\",\"isPartOf\":{\"@id\":\"https:\\\/\\\/trendsandvision.nl\\\/de\\\/#website\"},\"primaryImageOfPage\":{\"@id\":\"https:\\\/\\\/trendsandvision.nl\\\/de\\\/product\\\/esschert-design-altzink-giesskanne-extra-langes-rohr\\\/#primaryimage\"},\"image\":{\"@id\":\"https:\\\/\\\/trendsandvision.nl\\\/de\\\/product\\\/esschert-design-altzink-giesskanne-extra-langes-rohr\\\/#primaryimage\"},\"thumbnailUrl\":\"https:\\\/\\\/trendsandvision.nl\\\/de\\\/wp-content\\\/uploads\\\/sites\\\/3\\\/2022\\\/04\\\/OZ77_01.jpg\",\"datePublished\":\"2022-04-22T17:26:18+00:00\",\"dateModified\":\"2026-04-22T13:16:24+00:00\",\"description\":\"Esschert Design Altzink Gie\u00dfkanne extra langes Rohr: Altzink Gie\u00dfkanne extra langes Rohr\",\"breadcrumb\":{\"@id\":\"https:\\\/\\\/trendsandvision.nl\\\/de\\\/product\\\/esschert-design-altzink-giesskanne-extra-langes-rohr\\\/#breadcrumb\"},\"inLanguage\":\"de\",\"potentialAction\":[{\"@type\":\"ReadAction\",\"target\":[\"https:\\\/\\\/trendsandvision.nl\\\/de\\\/product\\\/esschert-design-altzink-giesskanne-extra-langes-rohr\\\/\"]}]},{\"@type\":\"ImageObject\",\"inLanguage\":\"de\",\"@id\":\"https:\\\/\\\/trendsandvision.nl\\\/de\\\/product\\\/esschert-design-altzink-giesskanne-extra-langes-rohr\\\/#primaryimage\",\"url\":\"https:\\\/\\\/trendsandvision.nl\\\/de\\\/wp-content\\\/uploads\\\/sites\\\/3\\\/2022\\\/04\\\/OZ77_01.jpg\",\"contentUrl\":\"https:\\\/\\\/trendsandvision.nl\\\/de\\\/wp-content\\\/uploads\\\/sites\\\/3\\\/2022\\\/04\\\/OZ77_01.jpg\",\"width\":800,\"height\":800,\"caption\":\"Esschert Design Altzink Gie\u00dfkanne extra langes Rohr (OZ77\"},{\"@type\":\"BreadcrumbList\",\"@id\":\"https:\\\/\\\/trendsandvision.nl\\\/de\\\/product\\\/esschert-design-altzink-giesskanne-extra-langes-rohr\\\/#breadcrumb\",\"itemListElement\":[{\"@type\":\"ListItem\",\"position\":1,\"name\":\"Home\",\"item\":\"https:\\\/\\\/trendsandvision.nl\\\/de\\\/\"},{\"@type\":\"ListItem\",\"position\":2,\"name\":\"Gesch\u00e4ft\",\"item\":\"https:\\\/\\\/trendsandvision.nl\\\/de\\\/geschaft\\\/\"},{\"@type\":\"ListItem\",\"position\":3,\"name\":\"Esschert Design Altzink Gie\u00dfkanne extra langes Rohr\"}]},{\"@type\":\"WebSite\",\"@id\":\"https:\\\/\\\/trendsandvision.nl\\\/de\\\/#website\",\"url\":\"https:\\\/\\\/trendsandvision.nl\\\/de\\\/\",\"name\":\"Trends &amp; Vision (DE)\",\"description\":\"Der Webshop f\u00fcr Esschert Design Artikel\",\"publisher\":{\"@id\":\"https:\\\/\\\/trendsandvision.nl\\\/de\\\/#organization\"},\"potentialAction\":[{\"@type\":\"SearchAction\",\"target\":{\"@type\":\"EntryPoint\",\"urlTemplate\":\"https:\\\/\\\/trendsandvision.nl\\\/de\\\/?s={search_term_string}\"},\"query-input\":{\"@type\":\"PropertyValueSpecification\",\"valueRequired\":true,\"valueName\":\"search_term_string\"}}],\"inLanguage\":\"de\"},{\"@type\":\"Organization\",\"@id\":\"https:\\\/\\\/trendsandvision.nl\\\/de\\\/#organization\",\"name\":\"Trends &amp; Vision (DE)\",\"url\":\"https:\\\/\\\/trendsandvision.nl\\\/de\\\/\",\"logo\":{\"@type\":\"ImageObject\",\"inLanguage\":\"de\",\"@id\":\"https:\\\/\\\/trendsandvision.nl\\\/de\\\/#\\\/schema\\\/logo\\\/image\\\/\",\"url\":\"https:\\\/\\\/trendsandvision.nl\\\/de\\\/wp-content\\\/uploads\\\/sites\\\/3\\\/2022\\\/04\\\/trends-and-vision-logo.jpg\",\"contentUrl\":\"https:\\\/\\\/trendsandvision.nl\\\/de\\\/wp-content\\\/uploads\\\/sites\\\/3\\\/2022\\\/04\\\/trends-and-vision-logo.jpg\",\"width\":213,\"height\":100,\"caption\":\"Trends &amp; Vision (DE)\"},\"image\":{\"@id\":\"https:\\\/\\\/trendsandvision.nl\\\/de\\\/#\\\/schema\\\/logo\\\/image\\\/\"}}]}<\/script>\n<!-- \/ Yoast SEO Premium plugin. -->","yoast_head_json":{"title":"Esschert Design Altzink Gie\u00dfkanne extra langes Rohr (OZ77, 8714982185120) - Trends & Vision","description":"Esschert Design Altzink Gie\u00dfkanne extra langes Rohr: Altzink Gie\u00dfkanne extra langes Rohr","robots":{"index":"index","follow":"follow","max-snippet":"max-snippet:-1","max-image-preview":"max-image-preview:large","max-video-preview":"max-video-preview:-1"},"canonical":"https:\/\/trendsandvision.nl\/de\/product\/esschert-design-altzink-giesskanne-extra-langes-rohr\/","og_locale":"de_DE","og_type":"article","og_title":"Esschert Design Altzink Gie\u00dfkanne extra langes Rohr","og_description":"Esschert Design Altzink Gie\u00dfkanne extra langes Rohr: Altzink Gie\u00dfkanne extra langes Rohr","og_url":"https:\/\/trendsandvision.nl\/de\/product\/esschert-design-altzink-giesskanne-extra-langes-rohr\/","og_site_name":"Trends &amp; Vision (DE)","article_modified_time":"2026-04-22T13:16:24+00:00","og_image":[{"width":800,"height":800,"url":"https:\/\/trendsandvision.nl\/de\/wp-content\/uploads\/sites\/3\/2022\/04\/OZ77_01.jpg","type":"image\/jpeg"}],"twitter_card":"summary_large_image","twitter_misc":{"Gesch\u00e4tzte Lesezeit":"1\u00a0Minute"},"schema":{"@context":"https:\/\/schema.org","@graph":[{"@type":"WebPage","@id":"https:\/\/trendsandvision.nl\/de\/product\/esschert-design-altzink-giesskanne-extra-langes-rohr\/","url":"https:\/\/trendsandvision.nl\/de\/product\/esschert-design-altzink-giesskanne-extra-langes-rohr\/","name":"Esschert Design Altzink Gie\u00dfkanne extra langes Rohr (OZ77, 8714982185120) - Trends & Vision","isPartOf":{"@id":"https:\/\/trendsandvision.nl\/de\/#website"},"primaryImageOfPage":{"@id":"https:\/\/trendsandvision.nl\/de\/product\/esschert-design-altzink-giesskanne-extra-langes-rohr\/#primaryimage"},"image":{"@id":"https:\/\/trendsandvision.nl\/de\/product\/esschert-design-altzink-giesskanne-extra-langes-rohr\/#primaryimage"},"thumbnailUrl":"https:\/\/trendsandvision.nl\/de\/wp-content\/uploads\/sites\/3\/2022\/04\/OZ77_01.jpg","datePublished":"2022-04-22T17:26:18+00:00","dateModified":"2026-04-22T13:16:24+00:00","description":"Esschert Design Altzink Gie\u00dfkanne extra langes Rohr: Altzink Gie\u00dfkanne extra langes Rohr","breadcrumb":{"@id":"https:\/\/trendsandvision.nl\/de\/product\/esschert-design-altzink-giesskanne-extra-langes-rohr\/#breadcrumb"},"inLanguage":"de","potentialAction":[{"@type":"ReadAction","target":["https:\/\/trendsandvision.nl\/de\/product\/esschert-design-altzink-giesskanne-extra-langes-rohr\/"]}]},{"@type":"ImageObject","inLanguage":"de","@id":"https:\/\/trendsandvision.nl\/de\/product\/esschert-design-altzink-giesskanne-extra-langes-rohr\/#primaryimage","url":"https:\/\/trendsandvision.nl\/de\/wp-content\/uploads\/sites\/3\/2022\/04\/OZ77_01.jpg","contentUrl":"https:\/\/trendsandvision.nl\/de\/wp-content\/uploads\/sites\/3\/2022\/04\/OZ77_01.jpg","width":800,"height":800,"caption":"Esschert Design Altzink Gie\u00dfkanne extra langes Rohr (OZ77"},{"@type":"BreadcrumbList","@id":"https:\/\/trendsandvision.nl\/de\/product\/esschert-design-altzink-giesskanne-extra-langes-rohr\/#breadcrumb","itemListElement":[{"@type":"ListItem","position":1,"name":"Home","item":"https:\/\/trendsandvision.nl\/de\/"},{"@type":"ListItem","position":2,"name":"Gesch\u00e4ft","item":"https:\/\/trendsandvision.nl\/de\/geschaft\/"},{"@type":"ListItem","position":3,"name":"Esschert Design Altzink Gie\u00dfkanne extra langes Rohr"}]},{"@type":"WebSite","@id":"https:\/\/trendsandvision.nl\/de\/#website","url":"https:\/\/trendsandvision.nl\/de\/","name":"Trends &amp; Vision (DE)","description":"Der Webshop f\u00fcr Esschert Design Artikel","publisher":{"@id":"https:\/\/trendsandvision.nl\/de\/#organization"},"potentialAction":[{"@type":"SearchAction","target":{"@type":"EntryPoint","urlTemplate":"https:\/\/trendsandvision.nl\/de\/?s={search_term_string}"},"query-input":{"@type":"PropertyValueSpecification","valueRequired":true,"valueName":"search_term_string"}}],"inLanguage":"de"},{"@type":"Organization","@id":"https:\/\/trendsandvision.nl\/de\/#organization","name":"Trends &amp; Vision (DE)","url":"https:\/\/trendsandvision.nl\/de\/","logo":{"@type":"ImageObject","inLanguage":"de","@id":"https:\/\/trendsandvision.nl\/de\/#\/schema\/logo\/image\/","url":"https:\/\/trendsandvision.nl\/de\/wp-content\/uploads\/sites\/3\/2022\/04\/trends-and-vision-logo.jpg","contentUrl":"https:\/\/trendsandvision.nl\/de\/wp-content\/uploads\/sites\/3\/2022\/04\/trends-and-vision-logo.jpg","width":213,"height":100,"caption":"Trends &amp; Vision (DE)"},"image":{"@id":"https:\/\/trendsandvision.nl\/de\/#\/schema\/logo\/image\/"}}]}},"_links":{"self":[{"href":"https:\/\/trendsandvision.nl\/de\/wp-json\/wp\/v2\/product\/6946","targetHints":{"allow":["GET"]}}],"collection":[{"href":"https:\/\/trendsandvision.nl\/de\/wp-json\/wp\/v2\/product"}],"about":[{"href":"https:\/\/trendsandvision.nl\/de\/wp-json\/wp\/v2\/types\/product"}],"wp:featuredmedia":[{"embeddable":true,"href":"https:\/\/trendsandvision.nl\/de\/wp-json\/wp\/v2\/media\/6947"}],"wp:attachment":[{"href":"https:\/\/trendsandvision.nl\/de\/wp-json\/wp\/v2\/media?parent=6946"}],"wp:term":[{"taxonomy":"product_brand","embeddable":true,"href":"https:\/\/trendsandvision.nl\/de\/wp-json\/wp\/v2\/product_brand?post=6946"},{"taxonomy":"product_cat","embeddable":true,"href":"https:\/\/trendsandvision.nl\/de\/wp-json\/wp\/v2\/product_cat?post=6946"},{"taxonomy":"product_tag","embeddable":true,"href":"https:\/\/trendsandvision.nl\/de\/wp-json\/wp\/v2\/product_tag?post=6946"}],"curies":[{"name":"wp","href":"https:\/\/api.w.org\/{rel}","templated":true}]}}