{"id":6766,"date":"2022-04-22T19:20:36","date_gmt":"2022-04-22T17:20:36","guid":{"rendered":"https:\/\/trendsandvision.nl\/de\/product\/esschert-design-teppichklopfer\/"},"modified":"2026-04-22T15:15:30","modified_gmt":"2026-04-22T13:15:30","slug":"esschert-design-teppichklopfer","status":"publish","type":"product","link":"https:\/\/trendsandvision.nl\/de\/product\/esschert-design-teppichklopfer\/","title":{"rendered":"Esschert Design Teppichklopfer"},"content":{"rendered":"<p>Teppichklopfer waren bis zur Mitte der f\u00fcnfziger Jahre allgemein gebr\u00e4uchlich. Bis sie im Laufe der Zeit durch den Staubsauger ersetzt wurden.<br \/>\nUn\u00fcbertroffen in seiner Funktion ist der Teppichklopfer allerdings bis heute. Haupts\u00e4chlich wenn es um die Reinigung von T\u00fcrmatten, Fahrzeugmatten und Teppichen geht.<br \/>\nEinfach \u00fcber eine W\u00e4scheleine oder Zaun geh\u00e4ngt lassen sich verschmutzte St\u00fccke so schnell von Verunreinigungen befreien.<\/p>\n<p>Artikelname: Teppichklopfer<br \/>\nArtikelnummer: NVV31<br \/>\nProduktgruppe(n) T\u00fcr&amp;Halle, <strong><a href=\"https:\/\/trendsandvision.nl\/de\/page\/2\/?s=T\u00fcrmatte&amp;post_type=product&amp;dgwt_wcas=1\">T\u00fcrmatten<\/a><\/strong><br \/>\nProduktabmessungen in cm L 27 x T 2,7 x H 71<br \/>\nMaterial: Rattan<br \/>\nNettogewicht 0,18 kg<br \/>\nBarcode 8714982089275<br \/>\nProduzent <a href=\"https:\/\/www.esschertdesign.com\/shop\/de\/mattenklopper-nvv31\" target=\"_blank\">Esschert Design<\/a><\/p>\n","protected":false},"excerpt":{"rendered":"<p>Un\u00fcbertroffen in seiner Funktion<br \/>\nArtikelnummer: NVV31<br \/>\nL 27 x T 2,7 x H 71 cm<br \/>\nMaterial Rattan<br \/>\nNettogewicht 0,18 kg<br \/>\nBarcode 8714982089275<\/p>\n","protected":false},"featured_media":6767,"template":"","meta":[],"product_brand":[9597,9598],"product_cat":[851],"product_tag":[6985,11429,8316,8102,10465,7302,7760,7481],"class_list":{"0":"post-6766","1":"product","2":"type-product","3":"status-publish","4":"has-post-thumbnail","6":"product_brand-esschert-design","7":"product_brand-trends-and-vision","8":"product_cat-best-for-boots","9":"product_tag-gartenteppiche","10":"product_tag-kleider","11":"product_tag-klopfer","12":"product_tag-matten","13":"product_tag-rattan","14":"product_tag-reinigung","15":"product_tag-teppiche","16":"product_tag-tuermatte","17":"pa_anbieter-esschert-design","18":"pa_ean-code-3866","19":"pa_material-rotan","20":"pa_messungen-27-x-2-7-x-71-cm-11-x-1-1-x-28-inch","22":"first","23":"instock","24":"sale","25":"taxable","26":"shipping-taxable","27":"purchasable","28":"product-type-simple","29":"czr-hentry"},"yoast_head":"<!-- This site is optimized with the Yoast SEO Premium plugin v27.4 (Yoast SEO v27.4) - https:\/\/yoast.com\/product\/yoast-seo-premium-wordpress\/ -->\n<title>Esschert Design Teppichklopfer (NVV31, 8714982089275)<\/title>\n<meta name=\"description\" content=\"Esschert Design Teppichklopfer: Un\u00fcbertroffen in seiner Funktion : NVV31, EAN 8714982089275, L 27 x T 2,7 x H 71 cm, Material Rattan\" \/>\n<meta name=\"robots\" content=\"index, follow, max-snippet:-1, max-image-preview:large, max-video-preview:-1\" \/>\n<link rel=\"canonical\" href=\"https:\/\/trendsandvision.nl\/de\/product\/esschert-design-teppichklopfer\/\" \/>\n<meta property=\"og:locale\" content=\"de_DE\" \/>\n<meta property=\"og:type\" content=\"article\" \/>\n<meta property=\"og:title\" content=\"Esschert Design Teppichklopfer\" \/>\n<meta property=\"og:description\" content=\"Esschert Design Teppichklopfer: Un\u00fcbertroffen in seiner Funktion : NVV31, EAN 8714982089275, L 27 x T 2,7 x H 71 cm, Material Rattan\" \/>\n<meta property=\"og:url\" content=\"https:\/\/trendsandvision.nl\/de\/product\/esschert-design-teppichklopfer\/\" \/>\n<meta property=\"og:site_name\" content=\"Trends &amp; Vision (DE)\" \/>\n<meta property=\"article:modified_time\" content=\"2026-04-22T13:15:30+00:00\" \/>\n<meta property=\"og:image\" content=\"https:\/\/trendsandvision.nl\/de\/wp-content\/uploads\/sites\/3\/2022\/04\/NVV31_01.jpg\" \/>\n\t<meta property=\"og:image:width\" content=\"800\" \/>\n\t<meta property=\"og:image:height\" content=\"800\" \/>\n\t<meta property=\"og:image:type\" content=\"image\/jpeg\" \/>\n<meta name=\"twitter:card\" content=\"summary_large_image\" \/>\n<meta name=\"twitter:label1\" content=\"Gesch\u00e4tzte Lesezeit\" \/>\n\t<meta name=\"twitter:data1\" content=\"1\u00a0Minute\" \/>\n<script type=\"application\/ld+json\" class=\"yoast-schema-graph\">{\"@context\":\"https:\\\/\\\/schema.org\",\"@graph\":[{\"@type\":\"WebPage\",\"@id\":\"https:\\\/\\\/trendsandvision.nl\\\/de\\\/product\\\/esschert-design-teppichklopfer\\\/\",\"url\":\"https:\\\/\\\/trendsandvision.nl\\\/de\\\/product\\\/esschert-design-teppichklopfer\\\/\",\"name\":\"Esschert Design Teppichklopfer (NVV31, 8714982089275)\",\"isPartOf\":{\"@id\":\"https:\\\/\\\/trendsandvision.nl\\\/de\\\/#website\"},\"primaryImageOfPage\":{\"@id\":\"https:\\\/\\\/trendsandvision.nl\\\/de\\\/product\\\/esschert-design-teppichklopfer\\\/#primaryimage\"},\"image\":{\"@id\":\"https:\\\/\\\/trendsandvision.nl\\\/de\\\/product\\\/esschert-design-teppichklopfer\\\/#primaryimage\"},\"thumbnailUrl\":\"https:\\\/\\\/trendsandvision.nl\\\/de\\\/wp-content\\\/uploads\\\/sites\\\/3\\\/2022\\\/04\\\/NVV31_01.jpg\",\"datePublished\":\"2022-04-22T17:20:36+00:00\",\"dateModified\":\"2026-04-22T13:15:30+00:00\",\"description\":\"Esschert Design Teppichklopfer: Un\u00fcbertroffen in seiner Funktion : NVV31, EAN 8714982089275, L 27 x T 2,7 x H 71 cm, Material Rattan\",\"breadcrumb\":{\"@id\":\"https:\\\/\\\/trendsandvision.nl\\\/de\\\/product\\\/esschert-design-teppichklopfer\\\/#breadcrumb\"},\"inLanguage\":\"de\",\"potentialAction\":[{\"@type\":\"ReadAction\",\"target\":[\"https:\\\/\\\/trendsandvision.nl\\\/de\\\/product\\\/esschert-design-teppichklopfer\\\/\"]}]},{\"@type\":\"ImageObject\",\"inLanguage\":\"de\",\"@id\":\"https:\\\/\\\/trendsandvision.nl\\\/de\\\/product\\\/esschert-design-teppichklopfer\\\/#primaryimage\",\"url\":\"https:\\\/\\\/trendsandvision.nl\\\/de\\\/wp-content\\\/uploads\\\/sites\\\/3\\\/2022\\\/04\\\/NVV31_01.jpg\",\"contentUrl\":\"https:\\\/\\\/trendsandvision.nl\\\/de\\\/wp-content\\\/uploads\\\/sites\\\/3\\\/2022\\\/04\\\/NVV31_01.jpg\",\"width\":800,\"height\":800,\"caption\":\"Trends and Vision Teppichklopfer: Un\u00fcbertroffen in seiner Funktion : NVV31, EAN 8714982089275, L 27 x T 2,7 x H 71 cm, Material Rattan\"},{\"@type\":\"BreadcrumbList\",\"@id\":\"https:\\\/\\\/trendsandvision.nl\\\/de\\\/product\\\/esschert-design-teppichklopfer\\\/#breadcrumb\",\"itemListElement\":[{\"@type\":\"ListItem\",\"position\":1,\"name\":\"Home\",\"item\":\"https:\\\/\\\/trendsandvision.nl\\\/de\\\/\"},{\"@type\":\"ListItem\",\"position\":2,\"name\":\"Gesch\u00e4ft\",\"item\":\"https:\\\/\\\/trendsandvision.nl\\\/de\\\/geschaft\\\/\"},{\"@type\":\"ListItem\",\"position\":3,\"name\":\"Esschert Design Teppichklopfer\"}]},{\"@type\":\"WebSite\",\"@id\":\"https:\\\/\\\/trendsandvision.nl\\\/de\\\/#website\",\"url\":\"https:\\\/\\\/trendsandvision.nl\\\/de\\\/\",\"name\":\"Trends &amp; Vision (DE)\",\"description\":\"Der Webshop f\u00fcr Esschert Design Artikel\",\"publisher\":{\"@id\":\"https:\\\/\\\/trendsandvision.nl\\\/de\\\/#organization\"},\"potentialAction\":[{\"@type\":\"SearchAction\",\"target\":{\"@type\":\"EntryPoint\",\"urlTemplate\":\"https:\\\/\\\/trendsandvision.nl\\\/de\\\/?s={search_term_string}\"},\"query-input\":{\"@type\":\"PropertyValueSpecification\",\"valueRequired\":true,\"valueName\":\"search_term_string\"}}],\"inLanguage\":\"de\"},{\"@type\":\"Organization\",\"@id\":\"https:\\\/\\\/trendsandvision.nl\\\/de\\\/#organization\",\"name\":\"Trends &amp; Vision (DE)\",\"url\":\"https:\\\/\\\/trendsandvision.nl\\\/de\\\/\",\"logo\":{\"@type\":\"ImageObject\",\"inLanguage\":\"de\",\"@id\":\"https:\\\/\\\/trendsandvision.nl\\\/de\\\/#\\\/schema\\\/logo\\\/image\\\/\",\"url\":\"https:\\\/\\\/trendsandvision.nl\\\/de\\\/wp-content\\\/uploads\\\/sites\\\/3\\\/2022\\\/04\\\/trends-and-vision-logo.jpg\",\"contentUrl\":\"https:\\\/\\\/trendsandvision.nl\\\/de\\\/wp-content\\\/uploads\\\/sites\\\/3\\\/2022\\\/04\\\/trends-and-vision-logo.jpg\",\"width\":213,\"height\":100,\"caption\":\"Trends &amp; Vision (DE)\"},\"image\":{\"@id\":\"https:\\\/\\\/trendsandvision.nl\\\/de\\\/#\\\/schema\\\/logo\\\/image\\\/\"}}]}<\/script>\n<!-- \/ Yoast SEO Premium plugin. -->","yoast_head_json":{"title":"Esschert Design Teppichklopfer (NVV31, 8714982089275)","description":"Esschert Design Teppichklopfer: Un\u00fcbertroffen in seiner Funktion : NVV31, EAN 8714982089275, L 27 x T 2,7 x H 71 cm, Material Rattan","robots":{"index":"index","follow":"follow","max-snippet":"max-snippet:-1","max-image-preview":"max-image-preview:large","max-video-preview":"max-video-preview:-1"},"canonical":"https:\/\/trendsandvision.nl\/de\/product\/esschert-design-teppichklopfer\/","og_locale":"de_DE","og_type":"article","og_title":"Esschert Design Teppichklopfer","og_description":"Esschert Design Teppichklopfer: Un\u00fcbertroffen in seiner Funktion : NVV31, EAN 8714982089275, L 27 x T 2,7 x H 71 cm, Material Rattan","og_url":"https:\/\/trendsandvision.nl\/de\/product\/esschert-design-teppichklopfer\/","og_site_name":"Trends &amp; Vision (DE)","article_modified_time":"2026-04-22T13:15:30+00:00","og_image":[{"width":800,"height":800,"url":"https:\/\/trendsandvision.nl\/de\/wp-content\/uploads\/sites\/3\/2022\/04\/NVV31_01.jpg","type":"image\/jpeg"}],"twitter_card":"summary_large_image","twitter_misc":{"Gesch\u00e4tzte Lesezeit":"1\u00a0Minute"},"schema":{"@context":"https:\/\/schema.org","@graph":[{"@type":"WebPage","@id":"https:\/\/trendsandvision.nl\/de\/product\/esschert-design-teppichklopfer\/","url":"https:\/\/trendsandvision.nl\/de\/product\/esschert-design-teppichklopfer\/","name":"Esschert Design Teppichklopfer (NVV31, 8714982089275)","isPartOf":{"@id":"https:\/\/trendsandvision.nl\/de\/#website"},"primaryImageOfPage":{"@id":"https:\/\/trendsandvision.nl\/de\/product\/esschert-design-teppichklopfer\/#primaryimage"},"image":{"@id":"https:\/\/trendsandvision.nl\/de\/product\/esschert-design-teppichklopfer\/#primaryimage"},"thumbnailUrl":"https:\/\/trendsandvision.nl\/de\/wp-content\/uploads\/sites\/3\/2022\/04\/NVV31_01.jpg","datePublished":"2022-04-22T17:20:36+00:00","dateModified":"2026-04-22T13:15:30+00:00","description":"Esschert Design Teppichklopfer: Un\u00fcbertroffen in seiner Funktion : NVV31, EAN 8714982089275, L 27 x T 2,7 x H 71 cm, Material Rattan","breadcrumb":{"@id":"https:\/\/trendsandvision.nl\/de\/product\/esschert-design-teppichklopfer\/#breadcrumb"},"inLanguage":"de","potentialAction":[{"@type":"ReadAction","target":["https:\/\/trendsandvision.nl\/de\/product\/esschert-design-teppichklopfer\/"]}]},{"@type":"ImageObject","inLanguage":"de","@id":"https:\/\/trendsandvision.nl\/de\/product\/esschert-design-teppichklopfer\/#primaryimage","url":"https:\/\/trendsandvision.nl\/de\/wp-content\/uploads\/sites\/3\/2022\/04\/NVV31_01.jpg","contentUrl":"https:\/\/trendsandvision.nl\/de\/wp-content\/uploads\/sites\/3\/2022\/04\/NVV31_01.jpg","width":800,"height":800,"caption":"Trends and Vision Teppichklopfer: Un\u00fcbertroffen in seiner Funktion : NVV31, EAN 8714982089275, L 27 x T 2,7 x H 71 cm, Material Rattan"},{"@type":"BreadcrumbList","@id":"https:\/\/trendsandvision.nl\/de\/product\/esschert-design-teppichklopfer\/#breadcrumb","itemListElement":[{"@type":"ListItem","position":1,"name":"Home","item":"https:\/\/trendsandvision.nl\/de\/"},{"@type":"ListItem","position":2,"name":"Gesch\u00e4ft","item":"https:\/\/trendsandvision.nl\/de\/geschaft\/"},{"@type":"ListItem","position":3,"name":"Esschert Design Teppichklopfer"}]},{"@type":"WebSite","@id":"https:\/\/trendsandvision.nl\/de\/#website","url":"https:\/\/trendsandvision.nl\/de\/","name":"Trends &amp; Vision (DE)","description":"Der Webshop f\u00fcr Esschert Design Artikel","publisher":{"@id":"https:\/\/trendsandvision.nl\/de\/#organization"},"potentialAction":[{"@type":"SearchAction","target":{"@type":"EntryPoint","urlTemplate":"https:\/\/trendsandvision.nl\/de\/?s={search_term_string}"},"query-input":{"@type":"PropertyValueSpecification","valueRequired":true,"valueName":"search_term_string"}}],"inLanguage":"de"},{"@type":"Organization","@id":"https:\/\/trendsandvision.nl\/de\/#organization","name":"Trends &amp; Vision (DE)","url":"https:\/\/trendsandvision.nl\/de\/","logo":{"@type":"ImageObject","inLanguage":"de","@id":"https:\/\/trendsandvision.nl\/de\/#\/schema\/logo\/image\/","url":"https:\/\/trendsandvision.nl\/de\/wp-content\/uploads\/sites\/3\/2022\/04\/trends-and-vision-logo.jpg","contentUrl":"https:\/\/trendsandvision.nl\/de\/wp-content\/uploads\/sites\/3\/2022\/04\/trends-and-vision-logo.jpg","width":213,"height":100,"caption":"Trends &amp; Vision (DE)"},"image":{"@id":"https:\/\/trendsandvision.nl\/de\/#\/schema\/logo\/image\/"}}]}},"_links":{"self":[{"href":"https:\/\/trendsandvision.nl\/de\/wp-json\/wp\/v2\/product\/6766","targetHints":{"allow":["GET"]}}],"collection":[{"href":"https:\/\/trendsandvision.nl\/de\/wp-json\/wp\/v2\/product"}],"about":[{"href":"https:\/\/trendsandvision.nl\/de\/wp-json\/wp\/v2\/types\/product"}],"wp:featuredmedia":[{"embeddable":true,"href":"https:\/\/trendsandvision.nl\/de\/wp-json\/wp\/v2\/media\/6767"}],"wp:attachment":[{"href":"https:\/\/trendsandvision.nl\/de\/wp-json\/wp\/v2\/media?parent=6766"}],"wp:term":[{"taxonomy":"product_brand","embeddable":true,"href":"https:\/\/trendsandvision.nl\/de\/wp-json\/wp\/v2\/product_brand?post=6766"},{"taxonomy":"product_cat","embeddable":true,"href":"https:\/\/trendsandvision.nl\/de\/wp-json\/wp\/v2\/product_cat?post=6766"},{"taxonomy":"product_tag","embeddable":true,"href":"https:\/\/trendsandvision.nl\/de\/wp-json\/wp\/v2\/product_tag?post=6766"}],"curies":[{"name":"wp","href":"https:\/\/api.w.org\/{rel}","templated":true}]}}