{"id":6745,"date":"2022-04-22T19:20:36","date_gmt":"2022-04-22T17:20:36","guid":{"rendered":"https:\/\/trendsandvision.nl\/de\/product\/esschert-design-rotschwaenzchen-nistkasten\/"},"modified":"2026-04-07T10:43:24","modified_gmt":"2026-04-07T08:43:24","slug":"esschert-design-nistkasten-rotkehlchen-2","status":"publish","type":"product","link":"https:\/\/trendsandvision.nl\/de\/product\/esschert-design-nistkasten-rotkehlchen-2\/","title":{"rendered":"Esschert Design Nistkasten Rotkehlchen"},"content":{"rendered":"<p>Ein Nistkasten sollte in keinem Garten fehlen. Dieser einfache Nistkasten mit reinen Materialien bietet dem Rotkehlchen einen guten Ort zum Nisten und hilft daher, die Population dieser Vogelart in einer Region zu erhalten oder sogar zu vermehren.<br \/>\nDer ma\u00dfgefertigte Nistkasten mit Zinkdach bietet nicht nur dem Rotkehlchen sondern auch dem Rotbrustfliegenf\u00e4nger und dem Rothalskragen einen guten Nistplatz.<br \/>\nIm Winter nutzen die V\u00f6gel den Nistkasten oft als Unterschlupf.<\/p>\n<p>H\u00e4ngen Sie f\u00fcr den Rotkehlchen den Nistkasten an einem gut versteckten Ort auf oder knapp \u00fcber dem Boden (bis zu 1,5 m) zwischen dichten B\u00fcschen oder Kletterpflanzen an einem ruhigen und einigerma\u00dfen gesch\u00fctzten Ort auf. Am Besten, an einen ruhigen und etwas gesch\u00fctzten Ort, also nicht direkt in der Sonne oder auf der Regenseite.<br \/>\nWenn der Nistkasten in einer H\u00f6he von 1 bis 5 m aufgeh\u00e4ngt wird, bietet er auch dem Rotbrustfliegenf\u00e4nger und dem Rothalskragen einen guten Nistplatz.<br \/>\nDer Herbst ist die beste Zeit, um den Nistkasten zu reinigen.<br \/>\nGeeignet f\u00fcr Rotkehlchen, Rotbrustfliegenf\u00e4nger, Rothalskragen.<\/p>\n<p>Artikelname: Nistkasten Rotkehlchen<br \/>\nArtikelnummer: NKVV<br \/>\nProduktgruppe(n) V\u00f6gel&amp;Gartentiere, Nistk\u00e4sten und Vogelh\u00e4user, Rotkehlchen<br \/>\nProduktabmessungen in cm L 19,4 x T 21,7 x H 31,3<br \/>\nMaterial Kiefernholz, Zink<br \/>\nNettogewicht 1,089 kg<br \/>\nBarcode 8714982000133<br \/>\nFSC\u00ae<\/p>\n","protected":false},"excerpt":{"rendered":"<p>Artikelnummer: NKVV<br \/>\nL 19,4 x T 21,7 x H 31,3 cm<br \/>\nMaterial Kiefernholz, Zink<br \/>\nNettogewicht 1,089 kg<br \/>\nBarcode 8714982000133<br \/>\nFSC\u00ae<\/p>\n","protected":false},"featured_media":6746,"template":"","meta":[],"product_brand":[9597,9598],"product_cat":[1315],"product_tag":[6809,6828,7173,6714,7189],"class_list":{"0":"post-6745","1":"product","2":"type-product","3":"status-publish","4":"has-post-thumbnail","6":"product_brand-esschert-design","7":"product_brand-trends-and-vision","8":"product_cat-best-for-birds","9":"product_tag-fsc-100","10":"product_tag-nistkasten","11":"product_tag-rotkehlchen","12":"product_tag-voegel","13":"product_tag-vogelhaeuser","14":"pa_anbieter-esschert-design","15":"pa_ean-code-3859","16":"pa_material-fsc-zertifiziert-kiefernholz-und-zink","17":"pa_messungen-24x19x33-cm","19":"first","20":"instock","21":"sale","22":"taxable","23":"shipping-taxable","24":"purchasable","25":"product-type-simple","26":"czr-hentry"},"yoast_head":"<!-- This site is optimized with the Yoast SEO Premium plugin v26.4 (Yoast SEO v27.3) - https:\/\/yoast.com\/product\/yoast-seo-premium-wordpress\/ -->\n<title>Esschert Design Rotschwaenzchen Nistkasten (NKVV, 8714982000133) - Trends &amp; Vision<\/title>\n<meta name=\"description\" content=\"Esschert Design Rotschwaenzchen Nistkasten: In diesem sch\u00f6nen hellgr\u00fcnen Nistkasten werden sich insbesondere das Rotkehlchen, Gartenrotschwanz u\" \/>\n<meta name=\"robots\" content=\"index, follow, max-snippet:-1, max-image-preview:large, max-video-preview:-1\" \/>\n<link rel=\"canonical\" href=\"https:\/\/trendsandvision.nl\/de\/product\/esschert-design-nistkasten-rotkehlchen-2\/\" \/>\n<meta property=\"og:locale\" content=\"de_DE\" \/>\n<meta property=\"og:type\" content=\"article\" \/>\n<meta property=\"og:title\" content=\"Esschert Design Nistkasten Rotkehlchen\" \/>\n<meta property=\"og:description\" content=\"Esschert Design Rotschwaenzchen Nistkasten: In diesem sch\u00f6nen hellgr\u00fcnen Nistkasten werden sich insbesondere das Rotkehlchen, Gartenrotschwanz u\" \/>\n<meta property=\"og:url\" content=\"https:\/\/trendsandvision.nl\/de\/product\/esschert-design-nistkasten-rotkehlchen-2\/\" \/>\n<meta property=\"og:site_name\" content=\"Trends &amp; Vision (DE)\" \/>\n<meta property=\"article:modified_time\" content=\"2026-04-07T08:43:24+00:00\" \/>\n<meta property=\"og:image\" content=\"https:\/\/trendsandvision.nl\/de\/wp-content\/uploads\/sites\/3\/2022\/04\/NKVV_01.jpg\" \/>\n\t<meta property=\"og:image:width\" content=\"800\" \/>\n\t<meta property=\"og:image:height\" content=\"800\" \/>\n\t<meta property=\"og:image:type\" content=\"image\/jpeg\" \/>\n<meta name=\"twitter:card\" content=\"summary_large_image\" \/>\n<meta name=\"twitter:label1\" content=\"Gesch\u00e4tzte Lesezeit\" \/>\n\t<meta name=\"twitter:data1\" content=\"2\u00a0Minuten\" \/>\n<script type=\"application\/ld+json\" class=\"yoast-schema-graph\">{\"@context\":\"https:\\\/\\\/schema.org\",\"@graph\":[{\"@type\":\"WebPage\",\"@id\":\"https:\\\/\\\/trendsandvision.nl\\\/de\\\/product\\\/esschert-design-nistkasten-rotkehlchen-2\\\/\",\"url\":\"https:\\\/\\\/trendsandvision.nl\\\/de\\\/product\\\/esschert-design-nistkasten-rotkehlchen-2\\\/\",\"name\":\"Esschert Design Rotschwaenzchen Nistkasten (NKVV, 8714982000133) - Trends & Vision\",\"isPartOf\":{\"@id\":\"https:\\\/\\\/trendsandvision.nl\\\/de\\\/#website\"},\"primaryImageOfPage\":{\"@id\":\"https:\\\/\\\/trendsandvision.nl\\\/de\\\/product\\\/esschert-design-nistkasten-rotkehlchen-2\\\/#primaryimage\"},\"image\":{\"@id\":\"https:\\\/\\\/trendsandvision.nl\\\/de\\\/product\\\/esschert-design-nistkasten-rotkehlchen-2\\\/#primaryimage\"},\"thumbnailUrl\":\"https:\\\/\\\/trendsandvision.nl\\\/de\\\/wp-content\\\/uploads\\\/sites\\\/3\\\/2022\\\/04\\\/NKVV_01.jpg\",\"datePublished\":\"2022-04-22T17:20:36+00:00\",\"dateModified\":\"2026-04-07T08:43:24+00:00\",\"description\":\"Esschert Design Rotschwaenzchen Nistkasten: In diesem sch\u00f6nen hellgr\u00fcnen Nistkasten werden sich insbesondere das Rotkehlchen, Gartenrotschwanz u\",\"breadcrumb\":{\"@id\":\"https:\\\/\\\/trendsandvision.nl\\\/de\\\/product\\\/esschert-design-nistkasten-rotkehlchen-2\\\/#breadcrumb\"},\"inLanguage\":\"de\",\"potentialAction\":[{\"@type\":\"ReadAction\",\"target\":[\"https:\\\/\\\/trendsandvision.nl\\\/de\\\/product\\\/esschert-design-nistkasten-rotkehlchen-2\\\/\"]}]},{\"@type\":\"ImageObject\",\"inLanguage\":\"de\",\"@id\":\"https:\\\/\\\/trendsandvision.nl\\\/de\\\/product\\\/esschert-design-nistkasten-rotkehlchen-2\\\/#primaryimage\",\"url\":\"https:\\\/\\\/trendsandvision.nl\\\/de\\\/wp-content\\\/uploads\\\/sites\\\/3\\\/2022\\\/04\\\/NKVV_01.jpg\",\"contentUrl\":\"https:\\\/\\\/trendsandvision.nl\\\/de\\\/wp-content\\\/uploads\\\/sites\\\/3\\\/2022\\\/04\\\/NKVV_01.jpg\",\"width\":800,\"height\":800,\"caption\":\"Esschert Design Rotschwaenzchen Nistkasten (NKVV\"},{\"@type\":\"BreadcrumbList\",\"@id\":\"https:\\\/\\\/trendsandvision.nl\\\/de\\\/product\\\/esschert-design-nistkasten-rotkehlchen-2\\\/#breadcrumb\",\"itemListElement\":[{\"@type\":\"ListItem\",\"position\":1,\"name\":\"Home\",\"item\":\"https:\\\/\\\/trendsandvision.nl\\\/de\\\/\"},{\"@type\":\"ListItem\",\"position\":2,\"name\":\"Gesch\u00e4ft\",\"item\":\"https:\\\/\\\/trendsandvision.nl\\\/de\\\/geschaft\\\/\"},{\"@type\":\"ListItem\",\"position\":3,\"name\":\"Esschert Design Nistkasten Rotkehlchen\"}]},{\"@type\":\"WebSite\",\"@id\":\"https:\\\/\\\/trendsandvision.nl\\\/de\\\/#website\",\"url\":\"https:\\\/\\\/trendsandvision.nl\\\/de\\\/\",\"name\":\"Trends &amp; Vision (DE)\",\"description\":\"Der Webshop f\u00fcr Esschert Design Artikel\",\"publisher\":{\"@id\":\"https:\\\/\\\/trendsandvision.nl\\\/de\\\/#organization\"},\"potentialAction\":[{\"@type\":\"SearchAction\",\"target\":{\"@type\":\"EntryPoint\",\"urlTemplate\":\"https:\\\/\\\/trendsandvision.nl\\\/de\\\/?s={search_term_string}\"},\"query-input\":{\"@type\":\"PropertyValueSpecification\",\"valueRequired\":true,\"valueName\":\"search_term_string\"}}],\"inLanguage\":\"de\"},{\"@type\":\"Organization\",\"@id\":\"https:\\\/\\\/trendsandvision.nl\\\/de\\\/#organization\",\"name\":\"Trends &amp; Vision (DE)\",\"url\":\"https:\\\/\\\/trendsandvision.nl\\\/de\\\/\",\"logo\":{\"@type\":\"ImageObject\",\"inLanguage\":\"de\",\"@id\":\"https:\\\/\\\/trendsandvision.nl\\\/de\\\/#\\\/schema\\\/logo\\\/image\\\/\",\"url\":\"https:\\\/\\\/trendsandvision.nl\\\/de\\\/wp-content\\\/uploads\\\/sites\\\/3\\\/2022\\\/04\\\/trends-and-vision-logo.jpg\",\"contentUrl\":\"https:\\\/\\\/trendsandvision.nl\\\/de\\\/wp-content\\\/uploads\\\/sites\\\/3\\\/2022\\\/04\\\/trends-and-vision-logo.jpg\",\"width\":213,\"height\":100,\"caption\":\"Trends &amp; Vision (DE)\"},\"image\":{\"@id\":\"https:\\\/\\\/trendsandvision.nl\\\/de\\\/#\\\/schema\\\/logo\\\/image\\\/\"}}]}<\/script>\n<!-- \/ Yoast SEO Premium plugin. -->","yoast_head_json":{"title":"Esschert Design Rotschwaenzchen Nistkasten (NKVV, 8714982000133) - Trends & Vision","description":"Esschert Design Rotschwaenzchen Nistkasten: In diesem sch\u00f6nen hellgr\u00fcnen Nistkasten werden sich insbesondere das Rotkehlchen, Gartenrotschwanz u","robots":{"index":"index","follow":"follow","max-snippet":"max-snippet:-1","max-image-preview":"max-image-preview:large","max-video-preview":"max-video-preview:-1"},"canonical":"https:\/\/trendsandvision.nl\/de\/product\/esschert-design-nistkasten-rotkehlchen-2\/","og_locale":"de_DE","og_type":"article","og_title":"Esschert Design Nistkasten Rotkehlchen","og_description":"Esschert Design Rotschwaenzchen Nistkasten: In diesem sch\u00f6nen hellgr\u00fcnen Nistkasten werden sich insbesondere das Rotkehlchen, Gartenrotschwanz u","og_url":"https:\/\/trendsandvision.nl\/de\/product\/esschert-design-nistkasten-rotkehlchen-2\/","og_site_name":"Trends &amp; Vision (DE)","article_modified_time":"2026-04-07T08:43:24+00:00","og_image":[{"width":800,"height":800,"url":"https:\/\/trendsandvision.nl\/de\/wp-content\/uploads\/sites\/3\/2022\/04\/NKVV_01.jpg","type":"image\/jpeg"}],"twitter_card":"summary_large_image","twitter_misc":{"Gesch\u00e4tzte Lesezeit":"2\u00a0Minuten"},"schema":{"@context":"https:\/\/schema.org","@graph":[{"@type":"WebPage","@id":"https:\/\/trendsandvision.nl\/de\/product\/esschert-design-nistkasten-rotkehlchen-2\/","url":"https:\/\/trendsandvision.nl\/de\/product\/esschert-design-nistkasten-rotkehlchen-2\/","name":"Esschert Design Rotschwaenzchen Nistkasten (NKVV, 8714982000133) - Trends & Vision","isPartOf":{"@id":"https:\/\/trendsandvision.nl\/de\/#website"},"primaryImageOfPage":{"@id":"https:\/\/trendsandvision.nl\/de\/product\/esschert-design-nistkasten-rotkehlchen-2\/#primaryimage"},"image":{"@id":"https:\/\/trendsandvision.nl\/de\/product\/esschert-design-nistkasten-rotkehlchen-2\/#primaryimage"},"thumbnailUrl":"https:\/\/trendsandvision.nl\/de\/wp-content\/uploads\/sites\/3\/2022\/04\/NKVV_01.jpg","datePublished":"2022-04-22T17:20:36+00:00","dateModified":"2026-04-07T08:43:24+00:00","description":"Esschert Design Rotschwaenzchen Nistkasten: In diesem sch\u00f6nen hellgr\u00fcnen Nistkasten werden sich insbesondere das Rotkehlchen, Gartenrotschwanz u","breadcrumb":{"@id":"https:\/\/trendsandvision.nl\/de\/product\/esschert-design-nistkasten-rotkehlchen-2\/#breadcrumb"},"inLanguage":"de","potentialAction":[{"@type":"ReadAction","target":["https:\/\/trendsandvision.nl\/de\/product\/esschert-design-nistkasten-rotkehlchen-2\/"]}]},{"@type":"ImageObject","inLanguage":"de","@id":"https:\/\/trendsandvision.nl\/de\/product\/esschert-design-nistkasten-rotkehlchen-2\/#primaryimage","url":"https:\/\/trendsandvision.nl\/de\/wp-content\/uploads\/sites\/3\/2022\/04\/NKVV_01.jpg","contentUrl":"https:\/\/trendsandvision.nl\/de\/wp-content\/uploads\/sites\/3\/2022\/04\/NKVV_01.jpg","width":800,"height":800,"caption":"Esschert Design Rotschwaenzchen Nistkasten (NKVV"},{"@type":"BreadcrumbList","@id":"https:\/\/trendsandvision.nl\/de\/product\/esschert-design-nistkasten-rotkehlchen-2\/#breadcrumb","itemListElement":[{"@type":"ListItem","position":1,"name":"Home","item":"https:\/\/trendsandvision.nl\/de\/"},{"@type":"ListItem","position":2,"name":"Gesch\u00e4ft","item":"https:\/\/trendsandvision.nl\/de\/geschaft\/"},{"@type":"ListItem","position":3,"name":"Esschert Design Nistkasten Rotkehlchen"}]},{"@type":"WebSite","@id":"https:\/\/trendsandvision.nl\/de\/#website","url":"https:\/\/trendsandvision.nl\/de\/","name":"Trends &amp; Vision (DE)","description":"Der Webshop f\u00fcr Esschert Design Artikel","publisher":{"@id":"https:\/\/trendsandvision.nl\/de\/#organization"},"potentialAction":[{"@type":"SearchAction","target":{"@type":"EntryPoint","urlTemplate":"https:\/\/trendsandvision.nl\/de\/?s={search_term_string}"},"query-input":{"@type":"PropertyValueSpecification","valueRequired":true,"valueName":"search_term_string"}}],"inLanguage":"de"},{"@type":"Organization","@id":"https:\/\/trendsandvision.nl\/de\/#organization","name":"Trends &amp; Vision (DE)","url":"https:\/\/trendsandvision.nl\/de\/","logo":{"@type":"ImageObject","inLanguage":"de","@id":"https:\/\/trendsandvision.nl\/de\/#\/schema\/logo\/image\/","url":"https:\/\/trendsandvision.nl\/de\/wp-content\/uploads\/sites\/3\/2022\/04\/trends-and-vision-logo.jpg","contentUrl":"https:\/\/trendsandvision.nl\/de\/wp-content\/uploads\/sites\/3\/2022\/04\/trends-and-vision-logo.jpg","width":213,"height":100,"caption":"Trends &amp; Vision (DE)"},"image":{"@id":"https:\/\/trendsandvision.nl\/de\/#\/schema\/logo\/image\/"}}]}},"_links":{"self":[{"href":"https:\/\/trendsandvision.nl\/de\/wp-json\/wp\/v2\/product\/6745","targetHints":{"allow":["GET"]}}],"collection":[{"href":"https:\/\/trendsandvision.nl\/de\/wp-json\/wp\/v2\/product"}],"about":[{"href":"https:\/\/trendsandvision.nl\/de\/wp-json\/wp\/v2\/types\/product"}],"wp:featuredmedia":[{"embeddable":true,"href":"https:\/\/trendsandvision.nl\/de\/wp-json\/wp\/v2\/media\/6746"}],"wp:attachment":[{"href":"https:\/\/trendsandvision.nl\/de\/wp-json\/wp\/v2\/media?parent=6745"}],"wp:term":[{"taxonomy":"product_brand","embeddable":true,"href":"https:\/\/trendsandvision.nl\/de\/wp-json\/wp\/v2\/product_brand?post=6745"},{"taxonomy":"product_cat","embeddable":true,"href":"https:\/\/trendsandvision.nl\/de\/wp-json\/wp\/v2\/product_cat?post=6745"},{"taxonomy":"product_tag","embeddable":true,"href":"https:\/\/trendsandvision.nl\/de\/wp-json\/wp\/v2\/product_tag?post=6745"}],"curies":[{"name":"wp","href":"https:\/\/api.w.org\/{rel}","templated":true}]}}