{"id":6741,"date":"2022-04-22T19:20:36","date_gmt":"2022-04-22T17:20:36","guid":{"rendered":"https:\/\/trendsandvision.nl\/de\/product\/esschert-design-fledermauskasten\/"},"modified":"2026-04-22T15:15:26","modified_gmt":"2026-04-22T13:15:26","slug":"esschert-design-fledermauskasten","status":"publish","type":"product","link":"https:\/\/trendsandvision.nl\/de\/product\/esschert-design-fledermauskasten\/","title":{"rendered":"Esschert Design Fledermauskasten"},"content":{"rendered":"<p>Flederm\u00e4use sind sehr n\u00fctzliche Tiere, sie k\u00f6nnen bis zu 3.000 M\u00fccken, Motten, K\u00e4fer und andere Insekten pro Nacht fressen.<br \/>\nSie ruhen haupts\u00e4chlich in Gruppen und sind daher anf\u00e4llig. Aufgrund der immer besseren Isolierung von H\u00e4usern wird es f\u00fcr Flederm\u00e4use immer schwieriger, eine geeignete Unterkunft zu finden.<br \/>\nDieser Fledermauskasten bietet einen idealen Wohnraum f\u00fcr verschiedene Arten von kleinen Flederm\u00e4usen. Die besonderen Kerben im Holz dieser Fledermauskasten erm\u00f6glichen diesen fliegenden S\u00e4ugetieren einen besseren Halt und eine leichtere Betretung des Kastens.<br \/>\nH\u00e4ngen Sie den Kasten an der Fassade. Der Kasten sollte an einen einigerma\u00dfen gesch\u00fctzten Ort h\u00e4ngen, also nicht direkt in der Sonne.<\/p>\n<p>Artikelname: Fledermauskasten<br \/>\nArtikelnummer: NKVM<br \/>\nProduktgruppe(n) V\u00f6gel&amp;Gartentiere, Nistk\u00e4sten und Vogelh\u00e4user, Flederm\u00e4usen, Gartentiere, Flederm\u00e4usen<br \/>\nProduktabmessungen in cm L 19,4 x T 15,9 x H 38,5<br \/>\nMaterial Kiefernholz, Zink<br \/>\nNettogewicht 1,214 kg<br \/>\nBarcode 8714982000188<br \/>\nFSC 100%<\/p>\n","protected":false},"excerpt":{"rendered":"<p>Artikelnummer: NKVM<br \/>\ncm L 19,4 x T 15,9 x H 38,5<br \/>\nMaterial: Kiefernholz, Zink<br \/>\nNettogewicht 1,214 kg<br \/>\nBarcode 8714982000188<br \/>\nFSC 100%<\/p>\n","protected":false},"featured_media":6742,"template":"","meta":[],"product_brand":[9597,9598],"product_cat":[1315],"product_tag":[8194,6809,7237],"class_list":{"0":"post-6741","1":"product","2":"type-product","3":"status-publish","4":"has-post-thumbnail","6":"product_brand-esschert-design","7":"product_brand-trends-and-vision","8":"product_cat-best-for-birds","9":"product_tag-fledermaeusen","10":"product_tag-fsc-100","11":"product_tag-voegelgartentiere","12":"pa_anbieter-esschert-design","13":"pa_ean-code-3857","14":"pa_material-fsc-zertifiziert-kiefernholz-und-zink","15":"pa_messungen-195x155x40-cm","17":"first","18":"instock","19":"sale","20":"taxable","21":"shipping-taxable","22":"purchasable","23":"product-type-simple","24":"czr-hentry"},"yoast_head":"<!-- This site is optimized with the Yoast SEO Premium plugin v27.4 (Yoast SEO v27.4) - https:\/\/yoast.com\/product\/yoast-seo-premium-wordpress\/ -->\n<title>Esschert Design Fledermauskasten (NKVM, 8714982000188) - Trends &amp; Vision<\/title>\n<meta name=\"description\" content=\"Esschert Design Fledermauskasten: Dieser Fledermauskasten ist geeignet f\u00fcr verschiedene kleine Fledermausarten. H\u00e4ngen sie diesen Kast\" \/>\n<meta name=\"robots\" content=\"index, follow, max-snippet:-1, max-image-preview:large, max-video-preview:-1\" \/>\n<link rel=\"canonical\" href=\"https:\/\/trendsandvision.nl\/de\/product\/esschert-design-fledermauskasten\/\" \/>\n<meta property=\"og:locale\" content=\"de_DE\" \/>\n<meta property=\"og:type\" content=\"article\" \/>\n<meta property=\"og:title\" content=\"Esschert Design Fledermauskasten\" \/>\n<meta property=\"og:description\" content=\"Esschert Design Fledermauskasten: Dieser Fledermauskasten ist geeignet f\u00fcr verschiedene kleine Fledermausarten. H\u00e4ngen sie diesen Kast\" \/>\n<meta property=\"og:url\" content=\"https:\/\/trendsandvision.nl\/de\/product\/esschert-design-fledermauskasten\/\" \/>\n<meta property=\"og:site_name\" content=\"Trends &amp; Vision (DE)\" \/>\n<meta property=\"article:modified_time\" content=\"2026-04-22T13:15:26+00:00\" \/>\n<meta property=\"og:image\" content=\"https:\/\/trendsandvision.nl\/de\/wp-content\/uploads\/sites\/3\/2022\/04\/NKVM_01.jpg\" \/>\n\t<meta property=\"og:image:width\" content=\"800\" \/>\n\t<meta property=\"og:image:height\" content=\"800\" \/>\n\t<meta property=\"og:image:type\" content=\"image\/jpeg\" \/>\n<meta name=\"twitter:card\" content=\"summary_large_image\" \/>\n<meta name=\"twitter:label1\" content=\"Gesch\u00e4tzte Lesezeit\" \/>\n\t<meta name=\"twitter:data1\" content=\"2\u00a0Minuten\" \/>\n<script type=\"application\/ld+json\" class=\"yoast-schema-graph\">{\"@context\":\"https:\\\/\\\/schema.org\",\"@graph\":[{\"@type\":\"WebPage\",\"@id\":\"https:\\\/\\\/trendsandvision.nl\\\/de\\\/product\\\/esschert-design-fledermauskasten\\\/\",\"url\":\"https:\\\/\\\/trendsandvision.nl\\\/de\\\/product\\\/esschert-design-fledermauskasten\\\/\",\"name\":\"Esschert Design Fledermauskasten (NKVM, 8714982000188) - Trends & Vision\",\"isPartOf\":{\"@id\":\"https:\\\/\\\/trendsandvision.nl\\\/de\\\/#website\"},\"primaryImageOfPage\":{\"@id\":\"https:\\\/\\\/trendsandvision.nl\\\/de\\\/product\\\/esschert-design-fledermauskasten\\\/#primaryimage\"},\"image\":{\"@id\":\"https:\\\/\\\/trendsandvision.nl\\\/de\\\/product\\\/esschert-design-fledermauskasten\\\/#primaryimage\"},\"thumbnailUrl\":\"https:\\\/\\\/trendsandvision.nl\\\/de\\\/wp-content\\\/uploads\\\/sites\\\/3\\\/2022\\\/04\\\/NKVM_01.jpg\",\"datePublished\":\"2022-04-22T17:20:36+00:00\",\"dateModified\":\"2026-04-22T13:15:26+00:00\",\"description\":\"Esschert Design Fledermauskasten: Dieser Fledermauskasten ist geeignet f\u00fcr verschiedene kleine Fledermausarten. H\u00e4ngen sie diesen Kast\",\"breadcrumb\":{\"@id\":\"https:\\\/\\\/trendsandvision.nl\\\/de\\\/product\\\/esschert-design-fledermauskasten\\\/#breadcrumb\"},\"inLanguage\":\"de\",\"potentialAction\":[{\"@type\":\"ReadAction\",\"target\":[\"https:\\\/\\\/trendsandvision.nl\\\/de\\\/product\\\/esschert-design-fledermauskasten\\\/\"]}]},{\"@type\":\"ImageObject\",\"inLanguage\":\"de\",\"@id\":\"https:\\\/\\\/trendsandvision.nl\\\/de\\\/product\\\/esschert-design-fledermauskasten\\\/#primaryimage\",\"url\":\"https:\\\/\\\/trendsandvision.nl\\\/de\\\/wp-content\\\/uploads\\\/sites\\\/3\\\/2022\\\/04\\\/NKVM_01.jpg\",\"contentUrl\":\"https:\\\/\\\/trendsandvision.nl\\\/de\\\/wp-content\\\/uploads\\\/sites\\\/3\\\/2022\\\/04\\\/NKVM_01.jpg\",\"width\":800,\"height\":800,\"caption\":\"Esschert Design Fledermauskasten (NKVM\"},{\"@type\":\"BreadcrumbList\",\"@id\":\"https:\\\/\\\/trendsandvision.nl\\\/de\\\/product\\\/esschert-design-fledermauskasten\\\/#breadcrumb\",\"itemListElement\":[{\"@type\":\"ListItem\",\"position\":1,\"name\":\"Home\",\"item\":\"https:\\\/\\\/trendsandvision.nl\\\/de\\\/\"},{\"@type\":\"ListItem\",\"position\":2,\"name\":\"Gesch\u00e4ft\",\"item\":\"https:\\\/\\\/trendsandvision.nl\\\/de\\\/geschaft\\\/\"},{\"@type\":\"ListItem\",\"position\":3,\"name\":\"Esschert Design Fledermauskasten\"}]},{\"@type\":\"WebSite\",\"@id\":\"https:\\\/\\\/trendsandvision.nl\\\/de\\\/#website\",\"url\":\"https:\\\/\\\/trendsandvision.nl\\\/de\\\/\",\"name\":\"Trends &amp; Vision (DE)\",\"description\":\"Der Webshop f\u00fcr Esschert Design Artikel\",\"publisher\":{\"@id\":\"https:\\\/\\\/trendsandvision.nl\\\/de\\\/#organization\"},\"potentialAction\":[{\"@type\":\"SearchAction\",\"target\":{\"@type\":\"EntryPoint\",\"urlTemplate\":\"https:\\\/\\\/trendsandvision.nl\\\/de\\\/?s={search_term_string}\"},\"query-input\":{\"@type\":\"PropertyValueSpecification\",\"valueRequired\":true,\"valueName\":\"search_term_string\"}}],\"inLanguage\":\"de\"},{\"@type\":\"Organization\",\"@id\":\"https:\\\/\\\/trendsandvision.nl\\\/de\\\/#organization\",\"name\":\"Trends &amp; Vision (DE)\",\"url\":\"https:\\\/\\\/trendsandvision.nl\\\/de\\\/\",\"logo\":{\"@type\":\"ImageObject\",\"inLanguage\":\"de\",\"@id\":\"https:\\\/\\\/trendsandvision.nl\\\/de\\\/#\\\/schema\\\/logo\\\/image\\\/\",\"url\":\"https:\\\/\\\/trendsandvision.nl\\\/de\\\/wp-content\\\/uploads\\\/sites\\\/3\\\/2022\\\/04\\\/trends-and-vision-logo.jpg\",\"contentUrl\":\"https:\\\/\\\/trendsandvision.nl\\\/de\\\/wp-content\\\/uploads\\\/sites\\\/3\\\/2022\\\/04\\\/trends-and-vision-logo.jpg\",\"width\":213,\"height\":100,\"caption\":\"Trends &amp; Vision (DE)\"},\"image\":{\"@id\":\"https:\\\/\\\/trendsandvision.nl\\\/de\\\/#\\\/schema\\\/logo\\\/image\\\/\"}}]}<\/script>\n<!-- \/ Yoast SEO Premium plugin. -->","yoast_head_json":{"title":"Esschert Design Fledermauskasten (NKVM, 8714982000188) - Trends & Vision","description":"Esschert Design Fledermauskasten: Dieser Fledermauskasten ist geeignet f\u00fcr verschiedene kleine Fledermausarten. H\u00e4ngen sie diesen Kast","robots":{"index":"index","follow":"follow","max-snippet":"max-snippet:-1","max-image-preview":"max-image-preview:large","max-video-preview":"max-video-preview:-1"},"canonical":"https:\/\/trendsandvision.nl\/de\/product\/esschert-design-fledermauskasten\/","og_locale":"de_DE","og_type":"article","og_title":"Esschert Design Fledermauskasten","og_description":"Esschert Design Fledermauskasten: Dieser Fledermauskasten ist geeignet f\u00fcr verschiedene kleine Fledermausarten. H\u00e4ngen sie diesen Kast","og_url":"https:\/\/trendsandvision.nl\/de\/product\/esschert-design-fledermauskasten\/","og_site_name":"Trends &amp; Vision (DE)","article_modified_time":"2026-04-22T13:15:26+00:00","og_image":[{"width":800,"height":800,"url":"https:\/\/trendsandvision.nl\/de\/wp-content\/uploads\/sites\/3\/2022\/04\/NKVM_01.jpg","type":"image\/jpeg"}],"twitter_card":"summary_large_image","twitter_misc":{"Gesch\u00e4tzte Lesezeit":"2\u00a0Minuten"},"schema":{"@context":"https:\/\/schema.org","@graph":[{"@type":"WebPage","@id":"https:\/\/trendsandvision.nl\/de\/product\/esschert-design-fledermauskasten\/","url":"https:\/\/trendsandvision.nl\/de\/product\/esschert-design-fledermauskasten\/","name":"Esschert Design Fledermauskasten (NKVM, 8714982000188) - Trends & Vision","isPartOf":{"@id":"https:\/\/trendsandvision.nl\/de\/#website"},"primaryImageOfPage":{"@id":"https:\/\/trendsandvision.nl\/de\/product\/esschert-design-fledermauskasten\/#primaryimage"},"image":{"@id":"https:\/\/trendsandvision.nl\/de\/product\/esschert-design-fledermauskasten\/#primaryimage"},"thumbnailUrl":"https:\/\/trendsandvision.nl\/de\/wp-content\/uploads\/sites\/3\/2022\/04\/NKVM_01.jpg","datePublished":"2022-04-22T17:20:36+00:00","dateModified":"2026-04-22T13:15:26+00:00","description":"Esschert Design Fledermauskasten: Dieser Fledermauskasten ist geeignet f\u00fcr verschiedene kleine Fledermausarten. H\u00e4ngen sie diesen Kast","breadcrumb":{"@id":"https:\/\/trendsandvision.nl\/de\/product\/esschert-design-fledermauskasten\/#breadcrumb"},"inLanguage":"de","potentialAction":[{"@type":"ReadAction","target":["https:\/\/trendsandvision.nl\/de\/product\/esschert-design-fledermauskasten\/"]}]},{"@type":"ImageObject","inLanguage":"de","@id":"https:\/\/trendsandvision.nl\/de\/product\/esschert-design-fledermauskasten\/#primaryimage","url":"https:\/\/trendsandvision.nl\/de\/wp-content\/uploads\/sites\/3\/2022\/04\/NKVM_01.jpg","contentUrl":"https:\/\/trendsandvision.nl\/de\/wp-content\/uploads\/sites\/3\/2022\/04\/NKVM_01.jpg","width":800,"height":800,"caption":"Esschert Design Fledermauskasten (NKVM"},{"@type":"BreadcrumbList","@id":"https:\/\/trendsandvision.nl\/de\/product\/esschert-design-fledermauskasten\/#breadcrumb","itemListElement":[{"@type":"ListItem","position":1,"name":"Home","item":"https:\/\/trendsandvision.nl\/de\/"},{"@type":"ListItem","position":2,"name":"Gesch\u00e4ft","item":"https:\/\/trendsandvision.nl\/de\/geschaft\/"},{"@type":"ListItem","position":3,"name":"Esschert Design Fledermauskasten"}]},{"@type":"WebSite","@id":"https:\/\/trendsandvision.nl\/de\/#website","url":"https:\/\/trendsandvision.nl\/de\/","name":"Trends &amp; Vision (DE)","description":"Der Webshop f\u00fcr Esschert Design Artikel","publisher":{"@id":"https:\/\/trendsandvision.nl\/de\/#organization"},"potentialAction":[{"@type":"SearchAction","target":{"@type":"EntryPoint","urlTemplate":"https:\/\/trendsandvision.nl\/de\/?s={search_term_string}"},"query-input":{"@type":"PropertyValueSpecification","valueRequired":true,"valueName":"search_term_string"}}],"inLanguage":"de"},{"@type":"Organization","@id":"https:\/\/trendsandvision.nl\/de\/#organization","name":"Trends &amp; Vision (DE)","url":"https:\/\/trendsandvision.nl\/de\/","logo":{"@type":"ImageObject","inLanguage":"de","@id":"https:\/\/trendsandvision.nl\/de\/#\/schema\/logo\/image\/","url":"https:\/\/trendsandvision.nl\/de\/wp-content\/uploads\/sites\/3\/2022\/04\/trends-and-vision-logo.jpg","contentUrl":"https:\/\/trendsandvision.nl\/de\/wp-content\/uploads\/sites\/3\/2022\/04\/trends-and-vision-logo.jpg","width":213,"height":100,"caption":"Trends &amp; Vision (DE)"},"image":{"@id":"https:\/\/trendsandvision.nl\/de\/#\/schema\/logo\/image\/"}}]}},"_links":{"self":[{"href":"https:\/\/trendsandvision.nl\/de\/wp-json\/wp\/v2\/product\/6741","targetHints":{"allow":["GET"]}}],"collection":[{"href":"https:\/\/trendsandvision.nl\/de\/wp-json\/wp\/v2\/product"}],"about":[{"href":"https:\/\/trendsandvision.nl\/de\/wp-json\/wp\/v2\/types\/product"}],"wp:featuredmedia":[{"embeddable":true,"href":"https:\/\/trendsandvision.nl\/de\/wp-json\/wp\/v2\/media\/6742"}],"wp:attachment":[{"href":"https:\/\/trendsandvision.nl\/de\/wp-json\/wp\/v2\/media?parent=6741"}],"wp:term":[{"taxonomy":"product_brand","embeddable":true,"href":"https:\/\/trendsandvision.nl\/de\/wp-json\/wp\/v2\/product_brand?post=6741"},{"taxonomy":"product_cat","embeddable":true,"href":"https:\/\/trendsandvision.nl\/de\/wp-json\/wp\/v2\/product_cat?post=6741"},{"taxonomy":"product_tag","embeddable":true,"href":"https:\/\/trendsandvision.nl\/de\/wp-json\/wp\/v2\/product_tag?post=6741"}],"curies":[{"name":"wp","href":"https:\/\/api.w.org\/{rel}","templated":true}]}}