{"id":6734,"date":"2022-04-22T19:19:45","date_gmt":"2022-04-22T17:19:45","guid":{"rendered":"https:\/\/trendsandvision.nl\/de\/product\/esschert-design-staren-nistkasten\/"},"modified":"2026-04-22T15:15:25","modified_gmt":"2026-04-22T13:15:25","slug":"esschert-design-nistkasten-star","status":"publish","type":"product","link":"https:\/\/trendsandvision.nl\/de\/product\/esschert-design-nistkasten-star\/","title":{"rendered":"Esschert Design  Nistkasten Star"},"content":{"rendered":"<p>Ein Nistkasten sollte in keinem Garten fehlen. Dieser einfache und ma\u00dfgefertigte Nistkasten mit Zinkdach aus nat\u00fcrlichen Materialien bietet dem Star einen guten Platz zum Nisten und hilft daher, die Population dieser Vogelart in einer Region zu erhalten oder sogar zu vermehren.<br \/>\nIm Winter nutzen die V\u00f6gel den Nistkasten oft als Unterschlupf. H\u00e4ngen Sie den Nistkasten an einen ruhigen und einigerma\u00dfen gesch\u00fctzten Ort, also nicht direkt in der Sonne oder auf der Regenseite, frei anfliegbar f\u00fcr den Vogel.<br \/>\nDer Herbst ist die beste Zeit zum Reinigen von Nistk\u00e4sten.<\/p>\n<p>&#8211; Einflugloch mit 50 mm Durchmesser<br \/>\n&#8211; Passend f\u00fcr den Star<br \/>\n&#8211; Zus\u00e4tzlich Vogelhaus- oder <strong>Futtertischschaber<\/strong><a href=\"https:\/\/trendsandvision.nl\/de\/product\/esschert-design-futtertisch-schaber\/\"><\/a><\/p>\n<p>Artikelname: Nistkasten Star<br \/>\nArtikelnummer: NKS<br \/>\nProduktgruppe(n) V\u00f6gel&amp;Gartentiere, Nistk\u00e4sten und Vogelh\u00e4user, Stare<br \/>\nProduktabmessungen in cm L 17,8 x T 20,6 x H 38,2<br \/>\nMaterial: Kiefernholz, Zink<br \/>\nNettogewicht 1,222 kg<br \/>\nBarcode 8714982011788<br \/>\nFSC\u00ae<\/p>\n","protected":false},"excerpt":{"rendered":"<p>&#8211; Nistkasten Star<br \/>\n&#8211; Artikelnummer: NKS<br \/>\n&#8211; Einflugloch mit 50 mm Durchmesser<br \/>\n&#8211; Passend f\u00fcr den Star<br \/>\n&#8211; Vogelhaus\/Futtertischschaber FB529\/FB528<br \/>\n&#8211; L 17,8 x T 20,6 x H 38,2 cm<br \/>\n&#8211; Material Kiefernholz, Zink<br \/>\n&#8211; Nettogewicht 1,222 kg<br \/>\n&#8211; Barcode 8714982011788<br \/>\n&#8211; FSC\u00ae<\/p>\n","protected":false},"featured_media":6735,"template":"","meta":[],"product_brand":[9597,9598],"product_cat":[1315],"product_tag":[10467,6809,6828,8318,6714,7189],"class_list":{"0":"post-6734","1":"product","2":"type-product","3":"status-publish","4":"has-post-thumbnail","6":"product_brand-esschert-design","7":"product_brand-trends-and-vision","8":"product_cat-best-for-birds","9":"product_tag-fb529-fb528","10":"product_tag-fsc-100","11":"product_tag-nistkasten","12":"product_tag-stare","13":"product_tag-voegel","14":"product_tag-vogelhaeuser","15":"pa_anbieter-esschert-design","16":"pa_ean-code-3855","17":"pa_material-fsc-zertifiziert-kiefernholz-und-zink","18":"pa_messungen-19x23x38-cm","20":"first","21":"instock","22":"sale","23":"taxable","24":"shipping-taxable","25":"purchasable","26":"product-type-simple","27":"czr-hentry"},"yoast_head":"<!-- This site is optimized with the Yoast SEO Premium plugin v27.4 (Yoast SEO v27.5) - https:\/\/yoast.com\/product\/yoast-seo-premium-wordpress\/ -->\n<title>Esschert Design Staren Nistkasten (NKS, 8714982011788) - Trends &amp; Vision<\/title>\n<meta name=\"description\" content=\"Esschert Design Staren Nistkasten: Dieser hellgr\u00fcner Nistkasten ist geeignet f\u00fcr den Star. Die richtige Stelle f\u00fcr diesen Kasten ist ei\" \/>\n<meta name=\"robots\" content=\"index, follow, max-snippet:-1, max-image-preview:large, max-video-preview:-1\" \/>\n<link rel=\"canonical\" href=\"https:\/\/trendsandvision.nl\/de\/product\/esschert-design-nistkasten-star\/\" \/>\n<meta property=\"og:locale\" content=\"de_DE\" \/>\n<meta property=\"og:type\" content=\"article\" \/>\n<meta property=\"og:title\" content=\"Esschert Design Nistkasten Star\" \/>\n<meta property=\"og:description\" content=\"Esschert Design Staren Nistkasten: Dieser hellgr\u00fcner Nistkasten ist geeignet f\u00fcr den Star. Die richtige Stelle f\u00fcr diesen Kasten ist ei\" \/>\n<meta property=\"og:url\" content=\"https:\/\/trendsandvision.nl\/de\/product\/esschert-design-nistkasten-star\/\" \/>\n<meta property=\"og:site_name\" content=\"Trends &amp; Vision (DE)\" \/>\n<meta property=\"article:modified_time\" content=\"2026-04-22T13:15:25+00:00\" \/>\n<meta property=\"og:image\" content=\"https:\/\/trendsandvision.nl\/de\/wp-content\/uploads\/sites\/3\/2022\/04\/NKS_01.jpg\" \/>\n\t<meta property=\"og:image:width\" content=\"800\" \/>\n\t<meta property=\"og:image:height\" content=\"800\" \/>\n\t<meta property=\"og:image:type\" content=\"image\/jpeg\" \/>\n<meta name=\"twitter:card\" content=\"summary_large_image\" \/>\n<meta name=\"twitter:label1\" content=\"Gesch\u00e4tzte Lesezeit\" \/>\n\t<meta name=\"twitter:data1\" content=\"1\u00a0Minute\" \/>\n<script type=\"application\/ld+json\" class=\"yoast-schema-graph\">{\"@context\":\"https:\\\/\\\/schema.org\",\"@graph\":[{\"@type\":\"WebPage\",\"@id\":\"https:\\\/\\\/trendsandvision.nl\\\/de\\\/product\\\/esschert-design-nistkasten-star\\\/\",\"url\":\"https:\\\/\\\/trendsandvision.nl\\\/de\\\/product\\\/esschert-design-nistkasten-star\\\/\",\"name\":\"Esschert Design Staren Nistkasten (NKS, 8714982011788) - Trends & Vision\",\"isPartOf\":{\"@id\":\"https:\\\/\\\/trendsandvision.nl\\\/de\\\/#website\"},\"primaryImageOfPage\":{\"@id\":\"https:\\\/\\\/trendsandvision.nl\\\/de\\\/product\\\/esschert-design-nistkasten-star\\\/#primaryimage\"},\"image\":{\"@id\":\"https:\\\/\\\/trendsandvision.nl\\\/de\\\/product\\\/esschert-design-nistkasten-star\\\/#primaryimage\"},\"thumbnailUrl\":\"https:\\\/\\\/trendsandvision.nl\\\/de\\\/wp-content\\\/uploads\\\/sites\\\/3\\\/2022\\\/04\\\/NKS_01.jpg\",\"datePublished\":\"2022-04-22T17:19:45+00:00\",\"dateModified\":\"2026-04-22T13:15:25+00:00\",\"description\":\"Esschert Design Staren Nistkasten: Dieser hellgr\u00fcner Nistkasten ist geeignet f\u00fcr den Star. Die richtige Stelle f\u00fcr diesen Kasten ist ei\",\"breadcrumb\":{\"@id\":\"https:\\\/\\\/trendsandvision.nl\\\/de\\\/product\\\/esschert-design-nistkasten-star\\\/#breadcrumb\"},\"inLanguage\":\"de\",\"potentialAction\":[{\"@type\":\"ReadAction\",\"target\":[\"https:\\\/\\\/trendsandvision.nl\\\/de\\\/product\\\/esschert-design-nistkasten-star\\\/\"]}]},{\"@type\":\"ImageObject\",\"inLanguage\":\"de\",\"@id\":\"https:\\\/\\\/trendsandvision.nl\\\/de\\\/product\\\/esschert-design-nistkasten-star\\\/#primaryimage\",\"url\":\"https:\\\/\\\/trendsandvision.nl\\\/de\\\/wp-content\\\/uploads\\\/sites\\\/3\\\/2022\\\/04\\\/NKS_01.jpg\",\"contentUrl\":\"https:\\\/\\\/trendsandvision.nl\\\/de\\\/wp-content\\\/uploads\\\/sites\\\/3\\\/2022\\\/04\\\/NKS_01.jpg\",\"width\":800,\"height\":800,\"caption\":\"Esschert Design Staren Nistkasten (NKS\"},{\"@type\":\"BreadcrumbList\",\"@id\":\"https:\\\/\\\/trendsandvision.nl\\\/de\\\/product\\\/esschert-design-nistkasten-star\\\/#breadcrumb\",\"itemListElement\":[{\"@type\":\"ListItem\",\"position\":1,\"name\":\"Home\",\"item\":\"https:\\\/\\\/trendsandvision.nl\\\/de\\\/\"},{\"@type\":\"ListItem\",\"position\":2,\"name\":\"Gesch\u00e4ft\",\"item\":\"https:\\\/\\\/trendsandvision.nl\\\/de\\\/geschaft\\\/\"},{\"@type\":\"ListItem\",\"position\":3,\"name\":\"Esschert Design Nistkasten Star\"}]},{\"@type\":\"WebSite\",\"@id\":\"https:\\\/\\\/trendsandvision.nl\\\/de\\\/#website\",\"url\":\"https:\\\/\\\/trendsandvision.nl\\\/de\\\/\",\"name\":\"Trends &amp; Vision (DE)\",\"description\":\"Der Webshop f\u00fcr Esschert Design Artikel\",\"publisher\":{\"@id\":\"https:\\\/\\\/trendsandvision.nl\\\/de\\\/#organization\"},\"potentialAction\":[{\"@type\":\"SearchAction\",\"target\":{\"@type\":\"EntryPoint\",\"urlTemplate\":\"https:\\\/\\\/trendsandvision.nl\\\/de\\\/?s={search_term_string}\"},\"query-input\":{\"@type\":\"PropertyValueSpecification\",\"valueRequired\":true,\"valueName\":\"search_term_string\"}}],\"inLanguage\":\"de\"},{\"@type\":\"Organization\",\"@id\":\"https:\\\/\\\/trendsandvision.nl\\\/de\\\/#organization\",\"name\":\"Trends &amp; Vision (DE)\",\"url\":\"https:\\\/\\\/trendsandvision.nl\\\/de\\\/\",\"logo\":{\"@type\":\"ImageObject\",\"inLanguage\":\"de\",\"@id\":\"https:\\\/\\\/trendsandvision.nl\\\/de\\\/#\\\/schema\\\/logo\\\/image\\\/\",\"url\":\"https:\\\/\\\/trendsandvision.nl\\\/de\\\/wp-content\\\/uploads\\\/sites\\\/3\\\/2022\\\/04\\\/trends-and-vision-logo.jpg\",\"contentUrl\":\"https:\\\/\\\/trendsandvision.nl\\\/de\\\/wp-content\\\/uploads\\\/sites\\\/3\\\/2022\\\/04\\\/trends-and-vision-logo.jpg\",\"width\":213,\"height\":100,\"caption\":\"Trends &amp; Vision (DE)\"},\"image\":{\"@id\":\"https:\\\/\\\/trendsandvision.nl\\\/de\\\/#\\\/schema\\\/logo\\\/image\\\/\"}}]}<\/script>\n<!-- \/ Yoast SEO Premium plugin. -->","yoast_head_json":{"title":"Esschert Design Staren Nistkasten (NKS, 8714982011788) - Trends & Vision","description":"Esschert Design Staren Nistkasten: Dieser hellgr\u00fcner Nistkasten ist geeignet f\u00fcr den Star. Die richtige Stelle f\u00fcr diesen Kasten ist ei","robots":{"index":"index","follow":"follow","max-snippet":"max-snippet:-1","max-image-preview":"max-image-preview:large","max-video-preview":"max-video-preview:-1"},"canonical":"https:\/\/trendsandvision.nl\/de\/product\/esschert-design-nistkasten-star\/","og_locale":"de_DE","og_type":"article","og_title":"Esschert Design Nistkasten Star","og_description":"Esschert Design Staren Nistkasten: Dieser hellgr\u00fcner Nistkasten ist geeignet f\u00fcr den Star. Die richtige Stelle f\u00fcr diesen Kasten ist ei","og_url":"https:\/\/trendsandvision.nl\/de\/product\/esschert-design-nistkasten-star\/","og_site_name":"Trends &amp; Vision (DE)","article_modified_time":"2026-04-22T13:15:25+00:00","og_image":[{"width":800,"height":800,"url":"https:\/\/trendsandvision.nl\/de\/wp-content\/uploads\/sites\/3\/2022\/04\/NKS_01.jpg","type":"image\/jpeg"}],"twitter_card":"summary_large_image","twitter_misc":{"Gesch\u00e4tzte Lesezeit":"1\u00a0Minute"},"schema":{"@context":"https:\/\/schema.org","@graph":[{"@type":"WebPage","@id":"https:\/\/trendsandvision.nl\/de\/product\/esschert-design-nistkasten-star\/","url":"https:\/\/trendsandvision.nl\/de\/product\/esschert-design-nistkasten-star\/","name":"Esschert Design Staren Nistkasten (NKS, 8714982011788) - Trends & Vision","isPartOf":{"@id":"https:\/\/trendsandvision.nl\/de\/#website"},"primaryImageOfPage":{"@id":"https:\/\/trendsandvision.nl\/de\/product\/esschert-design-nistkasten-star\/#primaryimage"},"image":{"@id":"https:\/\/trendsandvision.nl\/de\/product\/esschert-design-nistkasten-star\/#primaryimage"},"thumbnailUrl":"https:\/\/trendsandvision.nl\/de\/wp-content\/uploads\/sites\/3\/2022\/04\/NKS_01.jpg","datePublished":"2022-04-22T17:19:45+00:00","dateModified":"2026-04-22T13:15:25+00:00","description":"Esschert Design Staren Nistkasten: Dieser hellgr\u00fcner Nistkasten ist geeignet f\u00fcr den Star. Die richtige Stelle f\u00fcr diesen Kasten ist ei","breadcrumb":{"@id":"https:\/\/trendsandvision.nl\/de\/product\/esschert-design-nistkasten-star\/#breadcrumb"},"inLanguage":"de","potentialAction":[{"@type":"ReadAction","target":["https:\/\/trendsandvision.nl\/de\/product\/esschert-design-nistkasten-star\/"]}]},{"@type":"ImageObject","inLanguage":"de","@id":"https:\/\/trendsandvision.nl\/de\/product\/esschert-design-nistkasten-star\/#primaryimage","url":"https:\/\/trendsandvision.nl\/de\/wp-content\/uploads\/sites\/3\/2022\/04\/NKS_01.jpg","contentUrl":"https:\/\/trendsandvision.nl\/de\/wp-content\/uploads\/sites\/3\/2022\/04\/NKS_01.jpg","width":800,"height":800,"caption":"Esschert Design Staren Nistkasten (NKS"},{"@type":"BreadcrumbList","@id":"https:\/\/trendsandvision.nl\/de\/product\/esschert-design-nistkasten-star\/#breadcrumb","itemListElement":[{"@type":"ListItem","position":1,"name":"Home","item":"https:\/\/trendsandvision.nl\/de\/"},{"@type":"ListItem","position":2,"name":"Gesch\u00e4ft","item":"https:\/\/trendsandvision.nl\/de\/geschaft\/"},{"@type":"ListItem","position":3,"name":"Esschert Design Nistkasten Star"}]},{"@type":"WebSite","@id":"https:\/\/trendsandvision.nl\/de\/#website","url":"https:\/\/trendsandvision.nl\/de\/","name":"Trends &amp; Vision (DE)","description":"Der Webshop f\u00fcr Esschert Design Artikel","publisher":{"@id":"https:\/\/trendsandvision.nl\/de\/#organization"},"potentialAction":[{"@type":"SearchAction","target":{"@type":"EntryPoint","urlTemplate":"https:\/\/trendsandvision.nl\/de\/?s={search_term_string}"},"query-input":{"@type":"PropertyValueSpecification","valueRequired":true,"valueName":"search_term_string"}}],"inLanguage":"de"},{"@type":"Organization","@id":"https:\/\/trendsandvision.nl\/de\/#organization","name":"Trends &amp; Vision (DE)","url":"https:\/\/trendsandvision.nl\/de\/","logo":{"@type":"ImageObject","inLanguage":"de","@id":"https:\/\/trendsandvision.nl\/de\/#\/schema\/logo\/image\/","url":"https:\/\/trendsandvision.nl\/de\/wp-content\/uploads\/sites\/3\/2022\/04\/trends-and-vision-logo.jpg","contentUrl":"https:\/\/trendsandvision.nl\/de\/wp-content\/uploads\/sites\/3\/2022\/04\/trends-and-vision-logo.jpg","width":213,"height":100,"caption":"Trends &amp; Vision (DE)"},"image":{"@id":"https:\/\/trendsandvision.nl\/de\/#\/schema\/logo\/image\/"}}]}},"_links":{"self":[{"href":"https:\/\/trendsandvision.nl\/de\/wp-json\/wp\/v2\/product\/6734","targetHints":{"allow":["GET"]}}],"collection":[{"href":"https:\/\/trendsandvision.nl\/de\/wp-json\/wp\/v2\/product"}],"about":[{"href":"https:\/\/trendsandvision.nl\/de\/wp-json\/wp\/v2\/types\/product"}],"wp:featuredmedia":[{"embeddable":true,"href":"https:\/\/trendsandvision.nl\/de\/wp-json\/wp\/v2\/media\/6735"}],"wp:attachment":[{"href":"https:\/\/trendsandvision.nl\/de\/wp-json\/wp\/v2\/media?parent=6734"}],"wp:term":[{"taxonomy":"product_brand","embeddable":true,"href":"https:\/\/trendsandvision.nl\/de\/wp-json\/wp\/v2\/product_brand?post=6734"},{"taxonomy":"product_cat","embeddable":true,"href":"https:\/\/trendsandvision.nl\/de\/wp-json\/wp\/v2\/product_cat?post=6734"},{"taxonomy":"product_tag","embeddable":true,"href":"https:\/\/trendsandvision.nl\/de\/wp-json\/wp\/v2\/product_tag?post=6734"}],"curies":[{"name":"wp","href":"https:\/\/api.w.org\/{rel}","templated":true}]}}