{"id":6730,"date":"2022-04-22T19:19:45","date_gmt":"2022-04-22T17:19:45","guid":{"rendered":"https:\/\/trendsandvision.nl\/de\/product\/esschert-design-sicherungsschild-blaumeisenkasten\/"},"modified":"2026-04-22T15:15:24","modified_gmt":"2026-04-22T13:15:24","slug":"esschert-design-sicherungsschild-blaumeisenkasten","status":"publish","type":"product","link":"https:\/\/trendsandvision.nl\/de\/product\/esschert-design-sicherungsschild-blaumeisenkasten\/","title":{"rendered":"Esschert Design Sicherungsschild Blaumeisenkasten"},"content":{"rendered":"<p>Spechte nehmen manchmal einen anderen Nistkasten in Besitz, indem sie sich das Einflugloch passen hacken. Dieses Sicherungsschild bietet Schutz gegen das Aushacken des Einfluglochs von Blaumeisen-Nistk\u00e4sten. Installierne Sie das Schutzschild vorzugsweise au\u00dferhalb der Brutzeit.<\/p>\n<p>&#8211; 27 mm Einflugloch passend f\u00fcr Blaumeisen<br \/>\n&#8211; inklusive 4 Befestigungsschrauben<br \/>\n&#8211; verpackt auf Blisterkarte mit Eurolock<br \/>\n&#8211; Zus\u00e4tzlich Vogelhaus- oder <strong>Futtertischschaber<\/strong><a href=\"https:\/\/trendsandvision.nl\/de\/product\/esschert-design-futtertisch-schaber\/\"><\/a><\/p>\n<p>Artikelname: Sicherungsschild Blaumeisenkasten<br \/>\nArtikelnummer: NKPP<br \/>\nProduktgruppe(n) V\u00f6gel&amp;Gartentiere, Nistk\u00e4sten und Vogelh\u00e4user, Blaumeise, Sonstiges<br \/>\nProduktabmessungen in cm L 7 x T 0,1 x H 7<br \/>\nMaterial: Weichstahl<br \/>\nNettogewicht 0,037 kg<br \/>\nBarcode 8714982000393<\/p>\n","protected":false},"excerpt":{"rendered":"<p>&#8211; Artikelnummer: NKPP<br \/>\n&#8211; L 7 x T 0,1 x H 7 cm<br \/>\n&#8211; Material: Weichstahl<br \/>\n&#8211; Nettogewicht 0,037 kg<br \/>\n&#8211; Barcode 8714982000393<br \/>\n&#8211; \u00f8 27 mm<br \/>\n&#8211; Einflugloch passend f\u00fcr Blaumeisen<br \/>\n&#8211; inklusive 4 Befestigungsschrauben<br \/>\n&#8211; verpackt auf Blisterkarte mit Eurolock<br \/>\n&#8211; Vogelhaus\/Futtertischschaber FB529\/FB528<\/p>\n","protected":false},"featured_media":6731,"template":"","meta":[],"product_brand":[9597,9598],"product_cat":[1315],"product_tag":[8317,6828,8319,6714,7189,7249],"class_list":{"0":"post-6730","1":"product","2":"type-product","3":"status-publish","4":"has-post-thumbnail","6":"product_brand-esschert-design","7":"product_brand-trends-and-vision","8":"product_cat-best-for-birds","9":"product_tag-blaumeisen","10":"product_tag-nistkasten","11":"product_tag-sicherungsschild","12":"product_tag-voegel","13":"product_tag-vogelhaeuser","14":"product_tag-weichstahl","15":"pa_anbieter-esschert-design","16":"pa_ean-code-3853","17":"pa_material-metall","18":"pa_messungen-70x70x01-cm","20":"first","21":"instock","22":"sale","23":"taxable","24":"shipping-taxable","25":"purchasable","26":"product-type-simple","27":"czr-hentry"},"yoast_head":"<!-- This site is optimized with the Yoast SEO Premium plugin v27.4 (Yoast SEO v27.4) - https:\/\/yoast.com\/product\/yoast-seo-premium-wordpress\/ -->\n<title>Esschert Design Sicherungsschild Blaumeisenkasten (NKPP, 8714982000393) - Trends &amp; Vision<\/title>\n<meta name=\"description\" content=\"Esschert Design Sicherungsschild Blaumeisenkasten: Sicherungsblende Blaumeisenkasten: Verst\u00e4rkt den Eingang von Blaumeisennistk\u00e4sten. Durch Vergr\u00f6\u00dferung des Eingangs verschaffen sich gelegentlich Spechte und Eichh\u00f6rnchen Zugang zu Nistk\u00e4sten, um den Platz zu besetzen oder in r\u00e4uberischer Absicht ans\" \/>\n<meta name=\"robots\" content=\"index, follow, max-snippet:-1, max-image-preview:large, max-video-preview:-1\" \/>\n<link rel=\"canonical\" href=\"https:\/\/trendsandvision.nl\/de\/product\/esschert-design-sicherungsschild-blaumeisenkasten\/\" \/>\n<meta property=\"og:locale\" content=\"de_DE\" \/>\n<meta property=\"og:type\" content=\"article\" \/>\n<meta property=\"og:title\" content=\"Esschert Design Sicherungsschild Blaumeisenkasten\" \/>\n<meta property=\"og:description\" content=\"Esschert Design Sicherungsschild Blaumeisenkasten: Sicherungsblende Blaumeisenkasten: Verst\u00e4rkt den Eingang von Blaumeisennistk\u00e4sten. Durch Vergr\u00f6\u00dferung des Eingangs verschaffen sich gelegentlich Spechte und Eichh\u00f6rnchen Zugang zu Nistk\u00e4sten, um den Platz zu besetzen oder in r\u00e4uberischer Absicht ans\" \/>\n<meta property=\"og:url\" content=\"https:\/\/trendsandvision.nl\/de\/product\/esschert-design-sicherungsschild-blaumeisenkasten\/\" \/>\n<meta property=\"og:site_name\" content=\"Trends &amp; Vision (DE)\" \/>\n<meta property=\"article:modified_time\" content=\"2026-04-22T13:15:24+00:00\" \/>\n<meta property=\"og:image\" content=\"https:\/\/trendsandvision.nl\/de\/wp-content\/uploads\/sites\/3\/2022\/04\/NKPP_01.jpg\" \/>\n\t<meta property=\"og:image:width\" content=\"800\" \/>\n\t<meta property=\"og:image:height\" content=\"800\" \/>\n\t<meta property=\"og:image:type\" content=\"image\/jpeg\" \/>\n<meta name=\"twitter:card\" content=\"summary_large_image\" \/>\n<meta name=\"twitter:label1\" content=\"Gesch\u00e4tzte Lesezeit\" \/>\n\t<meta name=\"twitter:data1\" content=\"1\u00a0Minute\" \/>\n<script type=\"application\/ld+json\" class=\"yoast-schema-graph\">{\"@context\":\"https:\\\/\\\/schema.org\",\"@graph\":[{\"@type\":\"WebPage\",\"@id\":\"https:\\\/\\\/trendsandvision.nl\\\/de\\\/product\\\/esschert-design-sicherungsschild-blaumeisenkasten\\\/\",\"url\":\"https:\\\/\\\/trendsandvision.nl\\\/de\\\/product\\\/esschert-design-sicherungsschild-blaumeisenkasten\\\/\",\"name\":\"Esschert Design Sicherungsschild Blaumeisenkasten (NKPP, 8714982000393) - Trends & Vision\",\"isPartOf\":{\"@id\":\"https:\\\/\\\/trendsandvision.nl\\\/de\\\/#website\"},\"primaryImageOfPage\":{\"@id\":\"https:\\\/\\\/trendsandvision.nl\\\/de\\\/product\\\/esschert-design-sicherungsschild-blaumeisenkasten\\\/#primaryimage\"},\"image\":{\"@id\":\"https:\\\/\\\/trendsandvision.nl\\\/de\\\/product\\\/esschert-design-sicherungsschild-blaumeisenkasten\\\/#primaryimage\"},\"thumbnailUrl\":\"https:\\\/\\\/trendsandvision.nl\\\/de\\\/wp-content\\\/uploads\\\/sites\\\/3\\\/2022\\\/04\\\/NKPP_01.jpg\",\"datePublished\":\"2022-04-22T17:19:45+00:00\",\"dateModified\":\"2026-04-22T13:15:24+00:00\",\"description\":\"Esschert Design Sicherungsschild Blaumeisenkasten: Sicherungsblende Blaumeisenkasten: Verst\u00e4rkt den Eingang von Blaumeisennistk\u00e4sten. Durch Vergr\u00f6\u00dferung des Eingangs verschaffen sich gelegentlich Spechte und Eichh\u00f6rnchen Zugang zu Nistk\u00e4sten, um den Platz zu besetzen oder in r\u00e4uberischer Absicht ans\",\"breadcrumb\":{\"@id\":\"https:\\\/\\\/trendsandvision.nl\\\/de\\\/product\\\/esschert-design-sicherungsschild-blaumeisenkasten\\\/#breadcrumb\"},\"inLanguage\":\"de\",\"potentialAction\":[{\"@type\":\"ReadAction\",\"target\":[\"https:\\\/\\\/trendsandvision.nl\\\/de\\\/product\\\/esschert-design-sicherungsschild-blaumeisenkasten\\\/\"]}]},{\"@type\":\"ImageObject\",\"inLanguage\":\"de\",\"@id\":\"https:\\\/\\\/trendsandvision.nl\\\/de\\\/product\\\/esschert-design-sicherungsschild-blaumeisenkasten\\\/#primaryimage\",\"url\":\"https:\\\/\\\/trendsandvision.nl\\\/de\\\/wp-content\\\/uploads\\\/sites\\\/3\\\/2022\\\/04\\\/NKPP_01.jpg\",\"contentUrl\":\"https:\\\/\\\/trendsandvision.nl\\\/de\\\/wp-content\\\/uploads\\\/sites\\\/3\\\/2022\\\/04\\\/NKPP_01.jpg\",\"width\":800,\"height\":800,\"caption\":\"Esschert Design Sicherungsschild Blaumeisenkasten (NKPP\"},{\"@type\":\"BreadcrumbList\",\"@id\":\"https:\\\/\\\/trendsandvision.nl\\\/de\\\/product\\\/esschert-design-sicherungsschild-blaumeisenkasten\\\/#breadcrumb\",\"itemListElement\":[{\"@type\":\"ListItem\",\"position\":1,\"name\":\"Home\",\"item\":\"https:\\\/\\\/trendsandvision.nl\\\/de\\\/\"},{\"@type\":\"ListItem\",\"position\":2,\"name\":\"Gesch\u00e4ft\",\"item\":\"https:\\\/\\\/trendsandvision.nl\\\/de\\\/geschaft\\\/\"},{\"@type\":\"ListItem\",\"position\":3,\"name\":\"Esschert Design Sicherungsschild Blaumeisenkasten\"}]},{\"@type\":\"WebSite\",\"@id\":\"https:\\\/\\\/trendsandvision.nl\\\/de\\\/#website\",\"url\":\"https:\\\/\\\/trendsandvision.nl\\\/de\\\/\",\"name\":\"Trends &amp; Vision (DE)\",\"description\":\"Der Webshop f\u00fcr Esschert Design Artikel\",\"publisher\":{\"@id\":\"https:\\\/\\\/trendsandvision.nl\\\/de\\\/#organization\"},\"potentialAction\":[{\"@type\":\"SearchAction\",\"target\":{\"@type\":\"EntryPoint\",\"urlTemplate\":\"https:\\\/\\\/trendsandvision.nl\\\/de\\\/?s={search_term_string}\"},\"query-input\":{\"@type\":\"PropertyValueSpecification\",\"valueRequired\":true,\"valueName\":\"search_term_string\"}}],\"inLanguage\":\"de\"},{\"@type\":\"Organization\",\"@id\":\"https:\\\/\\\/trendsandvision.nl\\\/de\\\/#organization\",\"name\":\"Trends &amp; Vision (DE)\",\"url\":\"https:\\\/\\\/trendsandvision.nl\\\/de\\\/\",\"logo\":{\"@type\":\"ImageObject\",\"inLanguage\":\"de\",\"@id\":\"https:\\\/\\\/trendsandvision.nl\\\/de\\\/#\\\/schema\\\/logo\\\/image\\\/\",\"url\":\"https:\\\/\\\/trendsandvision.nl\\\/de\\\/wp-content\\\/uploads\\\/sites\\\/3\\\/2022\\\/04\\\/trends-and-vision-logo.jpg\",\"contentUrl\":\"https:\\\/\\\/trendsandvision.nl\\\/de\\\/wp-content\\\/uploads\\\/sites\\\/3\\\/2022\\\/04\\\/trends-and-vision-logo.jpg\",\"width\":213,\"height\":100,\"caption\":\"Trends &amp; Vision (DE)\"},\"image\":{\"@id\":\"https:\\\/\\\/trendsandvision.nl\\\/de\\\/#\\\/schema\\\/logo\\\/image\\\/\"}}]}<\/script>\n<!-- \/ Yoast SEO Premium plugin. -->","yoast_head_json":{"title":"Esschert Design Sicherungsschild Blaumeisenkasten (NKPP, 8714982000393) - Trends & Vision","description":"Esschert Design Sicherungsschild Blaumeisenkasten: Sicherungsblende Blaumeisenkasten: Verst\u00e4rkt den Eingang von Blaumeisennistk\u00e4sten. Durch Vergr\u00f6\u00dferung des Eingangs verschaffen sich gelegentlich Spechte und Eichh\u00f6rnchen Zugang zu Nistk\u00e4sten, um den Platz zu besetzen oder in r\u00e4uberischer Absicht ans","robots":{"index":"index","follow":"follow","max-snippet":"max-snippet:-1","max-image-preview":"max-image-preview:large","max-video-preview":"max-video-preview:-1"},"canonical":"https:\/\/trendsandvision.nl\/de\/product\/esschert-design-sicherungsschild-blaumeisenkasten\/","og_locale":"de_DE","og_type":"article","og_title":"Esschert Design Sicherungsschild Blaumeisenkasten","og_description":"Esschert Design Sicherungsschild Blaumeisenkasten: Sicherungsblende Blaumeisenkasten: Verst\u00e4rkt den Eingang von Blaumeisennistk\u00e4sten. Durch Vergr\u00f6\u00dferung des Eingangs verschaffen sich gelegentlich Spechte und Eichh\u00f6rnchen Zugang zu Nistk\u00e4sten, um den Platz zu besetzen oder in r\u00e4uberischer Absicht ans","og_url":"https:\/\/trendsandvision.nl\/de\/product\/esschert-design-sicherungsschild-blaumeisenkasten\/","og_site_name":"Trends &amp; Vision (DE)","article_modified_time":"2026-04-22T13:15:24+00:00","og_image":[{"width":800,"height":800,"url":"https:\/\/trendsandvision.nl\/de\/wp-content\/uploads\/sites\/3\/2022\/04\/NKPP_01.jpg","type":"image\/jpeg"}],"twitter_card":"summary_large_image","twitter_misc":{"Gesch\u00e4tzte Lesezeit":"1\u00a0Minute"},"schema":{"@context":"https:\/\/schema.org","@graph":[{"@type":"WebPage","@id":"https:\/\/trendsandvision.nl\/de\/product\/esschert-design-sicherungsschild-blaumeisenkasten\/","url":"https:\/\/trendsandvision.nl\/de\/product\/esschert-design-sicherungsschild-blaumeisenkasten\/","name":"Esschert Design Sicherungsschild Blaumeisenkasten (NKPP, 8714982000393) - Trends & Vision","isPartOf":{"@id":"https:\/\/trendsandvision.nl\/de\/#website"},"primaryImageOfPage":{"@id":"https:\/\/trendsandvision.nl\/de\/product\/esschert-design-sicherungsschild-blaumeisenkasten\/#primaryimage"},"image":{"@id":"https:\/\/trendsandvision.nl\/de\/product\/esschert-design-sicherungsschild-blaumeisenkasten\/#primaryimage"},"thumbnailUrl":"https:\/\/trendsandvision.nl\/de\/wp-content\/uploads\/sites\/3\/2022\/04\/NKPP_01.jpg","datePublished":"2022-04-22T17:19:45+00:00","dateModified":"2026-04-22T13:15:24+00:00","description":"Esschert Design Sicherungsschild Blaumeisenkasten: Sicherungsblende Blaumeisenkasten: Verst\u00e4rkt den Eingang von Blaumeisennistk\u00e4sten. Durch Vergr\u00f6\u00dferung des Eingangs verschaffen sich gelegentlich Spechte und Eichh\u00f6rnchen Zugang zu Nistk\u00e4sten, um den Platz zu besetzen oder in r\u00e4uberischer Absicht ans","breadcrumb":{"@id":"https:\/\/trendsandvision.nl\/de\/product\/esschert-design-sicherungsschild-blaumeisenkasten\/#breadcrumb"},"inLanguage":"de","potentialAction":[{"@type":"ReadAction","target":["https:\/\/trendsandvision.nl\/de\/product\/esschert-design-sicherungsschild-blaumeisenkasten\/"]}]},{"@type":"ImageObject","inLanguage":"de","@id":"https:\/\/trendsandvision.nl\/de\/product\/esschert-design-sicherungsschild-blaumeisenkasten\/#primaryimage","url":"https:\/\/trendsandvision.nl\/de\/wp-content\/uploads\/sites\/3\/2022\/04\/NKPP_01.jpg","contentUrl":"https:\/\/trendsandvision.nl\/de\/wp-content\/uploads\/sites\/3\/2022\/04\/NKPP_01.jpg","width":800,"height":800,"caption":"Esschert Design Sicherungsschild Blaumeisenkasten (NKPP"},{"@type":"BreadcrumbList","@id":"https:\/\/trendsandvision.nl\/de\/product\/esschert-design-sicherungsschild-blaumeisenkasten\/#breadcrumb","itemListElement":[{"@type":"ListItem","position":1,"name":"Home","item":"https:\/\/trendsandvision.nl\/de\/"},{"@type":"ListItem","position":2,"name":"Gesch\u00e4ft","item":"https:\/\/trendsandvision.nl\/de\/geschaft\/"},{"@type":"ListItem","position":3,"name":"Esschert Design Sicherungsschild Blaumeisenkasten"}]},{"@type":"WebSite","@id":"https:\/\/trendsandvision.nl\/de\/#website","url":"https:\/\/trendsandvision.nl\/de\/","name":"Trends &amp; Vision (DE)","description":"Der Webshop f\u00fcr Esschert Design Artikel","publisher":{"@id":"https:\/\/trendsandvision.nl\/de\/#organization"},"potentialAction":[{"@type":"SearchAction","target":{"@type":"EntryPoint","urlTemplate":"https:\/\/trendsandvision.nl\/de\/?s={search_term_string}"},"query-input":{"@type":"PropertyValueSpecification","valueRequired":true,"valueName":"search_term_string"}}],"inLanguage":"de"},{"@type":"Organization","@id":"https:\/\/trendsandvision.nl\/de\/#organization","name":"Trends &amp; Vision (DE)","url":"https:\/\/trendsandvision.nl\/de\/","logo":{"@type":"ImageObject","inLanguage":"de","@id":"https:\/\/trendsandvision.nl\/de\/#\/schema\/logo\/image\/","url":"https:\/\/trendsandvision.nl\/de\/wp-content\/uploads\/sites\/3\/2022\/04\/trends-and-vision-logo.jpg","contentUrl":"https:\/\/trendsandvision.nl\/de\/wp-content\/uploads\/sites\/3\/2022\/04\/trends-and-vision-logo.jpg","width":213,"height":100,"caption":"Trends &amp; Vision (DE)"},"image":{"@id":"https:\/\/trendsandvision.nl\/de\/#\/schema\/logo\/image\/"}}]}},"_links":{"self":[{"href":"https:\/\/trendsandvision.nl\/de\/wp-json\/wp\/v2\/product\/6730","targetHints":{"allow":["GET"]}}],"collection":[{"href":"https:\/\/trendsandvision.nl\/de\/wp-json\/wp\/v2\/product"}],"about":[{"href":"https:\/\/trendsandvision.nl\/de\/wp-json\/wp\/v2\/types\/product"}],"wp:featuredmedia":[{"embeddable":true,"href":"https:\/\/trendsandvision.nl\/de\/wp-json\/wp\/v2\/media\/6731"}],"wp:attachment":[{"href":"https:\/\/trendsandvision.nl\/de\/wp-json\/wp\/v2\/media?parent=6730"}],"wp:term":[{"taxonomy":"product_brand","embeddable":true,"href":"https:\/\/trendsandvision.nl\/de\/wp-json\/wp\/v2\/product_brand?post=6730"},{"taxonomy":"product_cat","embeddable":true,"href":"https:\/\/trendsandvision.nl\/de\/wp-json\/wp\/v2\/product_cat?post=6730"},{"taxonomy":"product_tag","embeddable":true,"href":"https:\/\/trendsandvision.nl\/de\/wp-json\/wp\/v2\/product_tag?post=6730"}],"curies":[{"name":"wp","href":"https:\/\/api.w.org\/{rel}","templated":true}]}}