{"id":6716,"date":"2022-04-22T19:19:45","date_gmt":"2022-04-22T17:19:45","guid":{"rendered":"https:\/\/trendsandvision.nl\/de\/product\/esschert-design-beobachtungs-nistkasten\/"},"modified":"2026-04-07T10:43:21","modified_gmt":"2026-04-07T08:43:21","slug":"esschert-design-beobachtungs-nistkasten","status":"publish","type":"product","link":"https:\/\/trendsandvision.nl\/de\/product\/esschert-design-beobachtungs-nistkasten\/","title":{"rendered":"Esschert Design Beobachtungs Nistkasten"},"content":{"rendered":"<p>In keinem Garten sollte ein Vogelhaus fehlen. Dieser basic- Nistkasten mit schlichten Materialien bietet Kohlmeisen einen idealen Nistplatz und dient zudem der Artenerhaltung. Der ma\u00dfgeschneiderte Nistkasten mit Zinkdach bietet neben Kohlmeisen auch Blaumeisen, Feldsperlingen, Haussperlingen, Kleibern und Trauerschn\u00e4ppern einen guten Nistplatz.<br \/>\nIm Winter erweist der Nistkasten gute Dienste als Zufluchtsort vor schlechtem Wetter.<br \/>\nDank der Seitent\u00fcr und dahinter liegenden Scheibe l\u00e4sst sich beobachten, was sich im Inneren abspielt.<br \/>\nW\u00e4hlen Sie einen gesch\u00fctzten und ruhigen Ort zum Aufh\u00e4ngen des Vogelhauses. Dieser sollte sich nicht in der prallen Sonne oder in Regenlage befinden, mit freier Einflugm\u00f6glichkeit f\u00fcr die V\u00f6gel.<br \/>\nDer Herbst ist die beste Zeit zum Reinigen des Nistkastens.<\/p>\n<p>&#8211; 32 mm Einflugsloch<br \/>\n&#8211; Geeignet f\u00fcr Kohlmeisen, Blaumeisen, Feldsperlinge, Haussperlinge, Kleiber und Trauerschn\u00e4pper<br \/>\n&#8211; Zus\u00e4tzlich Vogelhaus- oder <strong>Futtertischschaber<\/strong><a href=\"https:\/\/trendsandvision.nl\/de\/product\/esschert-design-futtertisch-schaber\/\"><\/a><\/p>\n<p>Artikelname: Beobachtungsnistkasten<br \/>\nArtikelnummer: NKO<br \/>\nProduktgruppe(n) V\u00f6gel&amp;Gartentiere, Nistk\u00e4sten und Vogelh\u00e4user, Kohlmeise<br \/>\nProduktabmessungen in cm L 17,1 x T 21,2 x H 39<br \/>\nMaterial Kiefernholz, Zink<br \/>\nNettogewicht 1,334 kg<br \/>\nBarcode 8714982000126<\/p>\n","protected":false},"excerpt":{"rendered":"<p>&#8211; Artikelnummer: NKO<br \/>\n&#8211; L 17,1 x T 21,2 x H 39 cm<br \/>\n&#8211; Material: Kiefernholz, Zink<br \/>\n&#8211; Nettogewicht 1,334 kg<br \/>\n&#8211; Barcode 8714982000126<br \/>\n&#8211; 32 mm Einflugsloch<br \/>\n&#8211; Geeignet f\u00fcr Kohlmeisen, Blaumeisen,<br \/>\n&#8211; Feldsperlinge, Haussperlinge,<br \/>\n&#8211; Kleiber und Trauerschn\u00e4pper<\/p>\n","protected":false},"featured_media":6717,"template":"","meta":[],"product_brand":[9597,9598],"product_cat":[1315],"product_tag":[6926,7025,6809,6828,6714,7189],"class_list":{"0":"post-6716","1":"product","2":"type-product","3":"status-publish","4":"has-post-thumbnail","6":"product_brand-esschert-design","7":"product_brand-trends-and-vision","8":"product_cat-best-for-birds","9":"product_tag-beobachten","10":"product_tag-edukativ","11":"product_tag-fsc-100","12":"product_tag-nistkasten","13":"product_tag-voegel","14":"product_tag-vogelhaeuser","15":"pa_anbieter-esschert-design","16":"pa_ean-code-3851","17":"pa_material-fsc-zertifiziert-kiefernholz-glassplatte-und-zink","18":"pa_messungen-22x17x33-cm","20":"first","21":"instock","22":"sale","23":"taxable","24":"shipping-taxable","25":"purchasable","26":"product-type-simple","27":"czr-hentry"},"yoast_head":"<!-- This site is optimized with the Yoast SEO Premium plugin v26.4 (Yoast SEO v27.3) - https:\/\/yoast.com\/product\/yoast-seo-premium-wordpress\/ -->\n<title>Esschert Design Beobachtungs Nistkasten (NKO, 8714982000126) - Trends &amp; Vision<\/title>\n<meta name=\"description\" content=\"Esschert Design Beobachtungs Nistkasten: Moderne Holznistkasten f\u00fcr Kohlmaisenmaisen in frischen Farben mit blank lackiertes Dach. An der Se\" \/>\n<meta name=\"robots\" content=\"index, follow, max-snippet:-1, max-image-preview:large, max-video-preview:-1\" \/>\n<link rel=\"canonical\" href=\"https:\/\/trendsandvision.nl\/de\/product\/esschert-design-beobachtungs-nistkasten\/\" \/>\n<meta property=\"og:locale\" content=\"de_DE\" \/>\n<meta property=\"og:type\" content=\"article\" \/>\n<meta property=\"og:title\" content=\"Esschert Design Beobachtungs Nistkasten\" \/>\n<meta property=\"og:description\" content=\"Esschert Design Beobachtungs Nistkasten: Moderne Holznistkasten f\u00fcr Kohlmaisenmaisen in frischen Farben mit blank lackiertes Dach. An der Se\" \/>\n<meta property=\"og:url\" content=\"https:\/\/trendsandvision.nl\/de\/product\/esschert-design-beobachtungs-nistkasten\/\" \/>\n<meta property=\"og:site_name\" content=\"Trends &amp; Vision (DE)\" \/>\n<meta property=\"article:modified_time\" content=\"2026-04-07T08:43:21+00:00\" \/>\n<meta property=\"og:image\" content=\"https:\/\/trendsandvision.nl\/de\/wp-content\/uploads\/sites\/3\/2022\/04\/NKO_01.jpg\" \/>\n\t<meta property=\"og:image:width\" content=\"800\" \/>\n\t<meta property=\"og:image:height\" content=\"800\" \/>\n\t<meta property=\"og:image:type\" content=\"image\/jpeg\" \/>\n<meta name=\"twitter:card\" content=\"summary_large_image\" \/>\n<meta name=\"twitter:label1\" content=\"Gesch\u00e4tzte Lesezeit\" \/>\n\t<meta name=\"twitter:data1\" content=\"2\u00a0Minuten\" \/>\n<script type=\"application\/ld+json\" class=\"yoast-schema-graph\">{\"@context\":\"https:\\\/\\\/schema.org\",\"@graph\":[{\"@type\":\"WebPage\",\"@id\":\"https:\\\/\\\/trendsandvision.nl\\\/de\\\/product\\\/esschert-design-beobachtungs-nistkasten\\\/\",\"url\":\"https:\\\/\\\/trendsandvision.nl\\\/de\\\/product\\\/esschert-design-beobachtungs-nistkasten\\\/\",\"name\":\"Esschert Design Beobachtungs Nistkasten (NKO, 8714982000126) - Trends & Vision\",\"isPartOf\":{\"@id\":\"https:\\\/\\\/trendsandvision.nl\\\/de\\\/#website\"},\"primaryImageOfPage\":{\"@id\":\"https:\\\/\\\/trendsandvision.nl\\\/de\\\/product\\\/esschert-design-beobachtungs-nistkasten\\\/#primaryimage\"},\"image\":{\"@id\":\"https:\\\/\\\/trendsandvision.nl\\\/de\\\/product\\\/esschert-design-beobachtungs-nistkasten\\\/#primaryimage\"},\"thumbnailUrl\":\"https:\\\/\\\/trendsandvision.nl\\\/de\\\/wp-content\\\/uploads\\\/sites\\\/3\\\/2022\\\/04\\\/NKO_01.jpg\",\"datePublished\":\"2022-04-22T17:19:45+00:00\",\"dateModified\":\"2026-04-07T08:43:21+00:00\",\"description\":\"Esschert Design Beobachtungs Nistkasten: Moderne Holznistkasten f\u00fcr Kohlmaisenmaisen in frischen Farben mit blank lackiertes Dach. An der Se\",\"breadcrumb\":{\"@id\":\"https:\\\/\\\/trendsandvision.nl\\\/de\\\/product\\\/esschert-design-beobachtungs-nistkasten\\\/#breadcrumb\"},\"inLanguage\":\"de\",\"potentialAction\":[{\"@type\":\"ReadAction\",\"target\":[\"https:\\\/\\\/trendsandvision.nl\\\/de\\\/product\\\/esschert-design-beobachtungs-nistkasten\\\/\"]}]},{\"@type\":\"ImageObject\",\"inLanguage\":\"de\",\"@id\":\"https:\\\/\\\/trendsandvision.nl\\\/de\\\/product\\\/esschert-design-beobachtungs-nistkasten\\\/#primaryimage\",\"url\":\"https:\\\/\\\/trendsandvision.nl\\\/de\\\/wp-content\\\/uploads\\\/sites\\\/3\\\/2022\\\/04\\\/NKO_01.jpg\",\"contentUrl\":\"https:\\\/\\\/trendsandvision.nl\\\/de\\\/wp-content\\\/uploads\\\/sites\\\/3\\\/2022\\\/04\\\/NKO_01.jpg\",\"width\":800,\"height\":800,\"caption\":\"Esschert Design Beobachtungs Nistkasten (NKO\"},{\"@type\":\"BreadcrumbList\",\"@id\":\"https:\\\/\\\/trendsandvision.nl\\\/de\\\/product\\\/esschert-design-beobachtungs-nistkasten\\\/#breadcrumb\",\"itemListElement\":[{\"@type\":\"ListItem\",\"position\":1,\"name\":\"Home\",\"item\":\"https:\\\/\\\/trendsandvision.nl\\\/de\\\/\"},{\"@type\":\"ListItem\",\"position\":2,\"name\":\"Gesch\u00e4ft\",\"item\":\"https:\\\/\\\/trendsandvision.nl\\\/de\\\/geschaft\\\/\"},{\"@type\":\"ListItem\",\"position\":3,\"name\":\"Esschert Design Beobachtungs Nistkasten\"}]},{\"@type\":\"WebSite\",\"@id\":\"https:\\\/\\\/trendsandvision.nl\\\/de\\\/#website\",\"url\":\"https:\\\/\\\/trendsandvision.nl\\\/de\\\/\",\"name\":\"Trends &amp; Vision (DE)\",\"description\":\"Der Webshop f\u00fcr Esschert Design Artikel\",\"publisher\":{\"@id\":\"https:\\\/\\\/trendsandvision.nl\\\/de\\\/#organization\"},\"potentialAction\":[{\"@type\":\"SearchAction\",\"target\":{\"@type\":\"EntryPoint\",\"urlTemplate\":\"https:\\\/\\\/trendsandvision.nl\\\/de\\\/?s={search_term_string}\"},\"query-input\":{\"@type\":\"PropertyValueSpecification\",\"valueRequired\":true,\"valueName\":\"search_term_string\"}}],\"inLanguage\":\"de\"},{\"@type\":\"Organization\",\"@id\":\"https:\\\/\\\/trendsandvision.nl\\\/de\\\/#organization\",\"name\":\"Trends &amp; Vision (DE)\",\"url\":\"https:\\\/\\\/trendsandvision.nl\\\/de\\\/\",\"logo\":{\"@type\":\"ImageObject\",\"inLanguage\":\"de\",\"@id\":\"https:\\\/\\\/trendsandvision.nl\\\/de\\\/#\\\/schema\\\/logo\\\/image\\\/\",\"url\":\"https:\\\/\\\/trendsandvision.nl\\\/de\\\/wp-content\\\/uploads\\\/sites\\\/3\\\/2022\\\/04\\\/trends-and-vision-logo.jpg\",\"contentUrl\":\"https:\\\/\\\/trendsandvision.nl\\\/de\\\/wp-content\\\/uploads\\\/sites\\\/3\\\/2022\\\/04\\\/trends-and-vision-logo.jpg\",\"width\":213,\"height\":100,\"caption\":\"Trends &amp; Vision (DE)\"},\"image\":{\"@id\":\"https:\\\/\\\/trendsandvision.nl\\\/de\\\/#\\\/schema\\\/logo\\\/image\\\/\"}}]}<\/script>\n<!-- \/ Yoast SEO Premium plugin. -->","yoast_head_json":{"title":"Esschert Design Beobachtungs Nistkasten (NKO, 8714982000126) - Trends & Vision","description":"Esschert Design Beobachtungs Nistkasten: Moderne Holznistkasten f\u00fcr Kohlmaisenmaisen in frischen Farben mit blank lackiertes Dach. An der Se","robots":{"index":"index","follow":"follow","max-snippet":"max-snippet:-1","max-image-preview":"max-image-preview:large","max-video-preview":"max-video-preview:-1"},"canonical":"https:\/\/trendsandvision.nl\/de\/product\/esschert-design-beobachtungs-nistkasten\/","og_locale":"de_DE","og_type":"article","og_title":"Esschert Design Beobachtungs Nistkasten","og_description":"Esschert Design Beobachtungs Nistkasten: Moderne Holznistkasten f\u00fcr Kohlmaisenmaisen in frischen Farben mit blank lackiertes Dach. An der Se","og_url":"https:\/\/trendsandvision.nl\/de\/product\/esschert-design-beobachtungs-nistkasten\/","og_site_name":"Trends &amp; Vision (DE)","article_modified_time":"2026-04-07T08:43:21+00:00","og_image":[{"width":800,"height":800,"url":"https:\/\/trendsandvision.nl\/de\/wp-content\/uploads\/sites\/3\/2022\/04\/NKO_01.jpg","type":"image\/jpeg"}],"twitter_card":"summary_large_image","twitter_misc":{"Gesch\u00e4tzte Lesezeit":"2\u00a0Minuten"},"schema":{"@context":"https:\/\/schema.org","@graph":[{"@type":"WebPage","@id":"https:\/\/trendsandvision.nl\/de\/product\/esschert-design-beobachtungs-nistkasten\/","url":"https:\/\/trendsandvision.nl\/de\/product\/esschert-design-beobachtungs-nistkasten\/","name":"Esschert Design Beobachtungs Nistkasten (NKO, 8714982000126) - Trends & Vision","isPartOf":{"@id":"https:\/\/trendsandvision.nl\/de\/#website"},"primaryImageOfPage":{"@id":"https:\/\/trendsandvision.nl\/de\/product\/esschert-design-beobachtungs-nistkasten\/#primaryimage"},"image":{"@id":"https:\/\/trendsandvision.nl\/de\/product\/esschert-design-beobachtungs-nistkasten\/#primaryimage"},"thumbnailUrl":"https:\/\/trendsandvision.nl\/de\/wp-content\/uploads\/sites\/3\/2022\/04\/NKO_01.jpg","datePublished":"2022-04-22T17:19:45+00:00","dateModified":"2026-04-07T08:43:21+00:00","description":"Esschert Design Beobachtungs Nistkasten: Moderne Holznistkasten f\u00fcr Kohlmaisenmaisen in frischen Farben mit blank lackiertes Dach. An der Se","breadcrumb":{"@id":"https:\/\/trendsandvision.nl\/de\/product\/esschert-design-beobachtungs-nistkasten\/#breadcrumb"},"inLanguage":"de","potentialAction":[{"@type":"ReadAction","target":["https:\/\/trendsandvision.nl\/de\/product\/esschert-design-beobachtungs-nistkasten\/"]}]},{"@type":"ImageObject","inLanguage":"de","@id":"https:\/\/trendsandvision.nl\/de\/product\/esschert-design-beobachtungs-nistkasten\/#primaryimage","url":"https:\/\/trendsandvision.nl\/de\/wp-content\/uploads\/sites\/3\/2022\/04\/NKO_01.jpg","contentUrl":"https:\/\/trendsandvision.nl\/de\/wp-content\/uploads\/sites\/3\/2022\/04\/NKO_01.jpg","width":800,"height":800,"caption":"Esschert Design Beobachtungs Nistkasten (NKO"},{"@type":"BreadcrumbList","@id":"https:\/\/trendsandvision.nl\/de\/product\/esschert-design-beobachtungs-nistkasten\/#breadcrumb","itemListElement":[{"@type":"ListItem","position":1,"name":"Home","item":"https:\/\/trendsandvision.nl\/de\/"},{"@type":"ListItem","position":2,"name":"Gesch\u00e4ft","item":"https:\/\/trendsandvision.nl\/de\/geschaft\/"},{"@type":"ListItem","position":3,"name":"Esschert Design Beobachtungs Nistkasten"}]},{"@type":"WebSite","@id":"https:\/\/trendsandvision.nl\/de\/#website","url":"https:\/\/trendsandvision.nl\/de\/","name":"Trends &amp; Vision (DE)","description":"Der Webshop f\u00fcr Esschert Design Artikel","publisher":{"@id":"https:\/\/trendsandvision.nl\/de\/#organization"},"potentialAction":[{"@type":"SearchAction","target":{"@type":"EntryPoint","urlTemplate":"https:\/\/trendsandvision.nl\/de\/?s={search_term_string}"},"query-input":{"@type":"PropertyValueSpecification","valueRequired":true,"valueName":"search_term_string"}}],"inLanguage":"de"},{"@type":"Organization","@id":"https:\/\/trendsandvision.nl\/de\/#organization","name":"Trends &amp; Vision (DE)","url":"https:\/\/trendsandvision.nl\/de\/","logo":{"@type":"ImageObject","inLanguage":"de","@id":"https:\/\/trendsandvision.nl\/de\/#\/schema\/logo\/image\/","url":"https:\/\/trendsandvision.nl\/de\/wp-content\/uploads\/sites\/3\/2022\/04\/trends-and-vision-logo.jpg","contentUrl":"https:\/\/trendsandvision.nl\/de\/wp-content\/uploads\/sites\/3\/2022\/04\/trends-and-vision-logo.jpg","width":213,"height":100,"caption":"Trends &amp; Vision (DE)"},"image":{"@id":"https:\/\/trendsandvision.nl\/de\/#\/schema\/logo\/image\/"}}]}},"_links":{"self":[{"href":"https:\/\/trendsandvision.nl\/de\/wp-json\/wp\/v2\/product\/6716","targetHints":{"allow":["GET"]}}],"collection":[{"href":"https:\/\/trendsandvision.nl\/de\/wp-json\/wp\/v2\/product"}],"about":[{"href":"https:\/\/trendsandvision.nl\/de\/wp-json\/wp\/v2\/types\/product"}],"wp:featuredmedia":[{"embeddable":true,"href":"https:\/\/trendsandvision.nl\/de\/wp-json\/wp\/v2\/media\/6717"}],"wp:attachment":[{"href":"https:\/\/trendsandvision.nl\/de\/wp-json\/wp\/v2\/media?parent=6716"}],"wp:term":[{"taxonomy":"product_brand","embeddable":true,"href":"https:\/\/trendsandvision.nl\/de\/wp-json\/wp\/v2\/product_brand?post=6716"},{"taxonomy":"product_cat","embeddable":true,"href":"https:\/\/trendsandvision.nl\/de\/wp-json\/wp\/v2\/product_cat?post=6716"},{"taxonomy":"product_tag","embeddable":true,"href":"https:\/\/trendsandvision.nl\/de\/wp-json\/wp\/v2\/product_tag?post=6716"}],"curies":[{"name":"wp","href":"https:\/\/api.w.org\/{rel}","templated":true}]}}