{"id":6704,"date":"2022-04-22T19:19:06","date_gmt":"2022-04-22T17:19:06","guid":{"rendered":"https:\/\/trendsandvision.nl\/de\/product\/esschert-design-eichhoernchen-marder-schutz\/"},"modified":"2026-04-22T15:15:20","modified_gmt":"2026-04-22T13:15:20","slug":"esschert-design-eichhoernchen-marder-schutz","status":"publish","type":"product","link":"https:\/\/trendsandvision.nl\/de\/product\/esschert-design-eichhoernchen-marder-schutz\/","title":{"rendered":"Esschert Design Eichh\u00f6rnchen\/Marder Schutz"},"content":{"rendered":"<p>Eier und Jungv\u00f6gel werden oft von Raubtieren bedroht, die durch die \u00d6ffnung in den Nistkasten eindringen k\u00f6nnen.<br \/>\nDieser Korb bietet Schutz vor Raubtieren wie Eichh\u00f6rnchen, Marder und Katzen.<br \/>\nDar\u00fcber hinaus nehmen Spechte manchmal einen anderen Nistkasten in Besitz, indem sie sich das Einflugloch passend hacken.<br \/>\nDieser Korb verhindert auch das Aushacken des Einfluslochs.<br \/>\nInstallieren Sie den Schutzkorb vorzugsweise au\u00dferhalb der Brutzeit.<br \/>\nSchutz vor Fressfeinden wie Eichh\u00f6rnchen, Marder und Katzen und Aushacken des Einfluglochs<br \/>\n32 mm Einflugloch, ist geeignet f\u00fcr Nistk\u00e4sten f\u00fcr Kohlmeise und Sperling.<\/p>\n<p>Artikelname: Eichh\u00f6rnchen\/Marder Schutz<br \/>\nArtikelnummer: NKMK<br \/>\nProduktgruppe(n) V\u00f6gel&amp;Gartentiere, Nistk\u00e4sten und Vogelh\u00e4user, Sonstiges<br \/>\nProduktabmessungen in cm L 7,1 x T 4,8 x H 7,1<br \/>\nMaterial: Weichstahl<br \/>\nNettogewicht 0,056 kg<br \/>\nBarcode 8714982000416<\/p>\n","protected":false},"excerpt":{"rendered":"<p>Artikelnummer: NKMK<br \/>\nL 7,1 x T 4,8 x H 7,1 cm<br \/>\nMaterial Weichstahl<br \/>\nNettogewicht 0,056 kg<br \/>\nBarcode 8714982000416<\/p>\n","protected":false},"featured_media":6705,"template":"","meta":[],"product_brand":[9597,9598],"product_cat":[1315],"product_tag":[6828,7292,7189],"class_list":{"0":"post-6704","1":"product","2":"type-product","3":"status-publish","4":"has-post-thumbnail","6":"product_brand-esschert-design","7":"product_brand-trends-and-vision","8":"product_cat-best-for-birds","9":"product_tag-nistkasten","10":"product_tag-schutz","11":"product_tag-vogelhaeuser","12":"pa_anbieter-esschert-design","13":"pa_ean-code-3847","14":"pa_material-metall","15":"pa_messungen-70x70x47-cm","17":"first","18":"instock","19":"sale","20":"taxable","21":"shipping-taxable","22":"purchasable","23":"product-type-simple","24":"czr-hentry"},"yoast_head":"<!-- This site is optimized with the Yoast SEO Premium plugin v27.4 (Yoast SEO v27.4) - https:\/\/yoast.com\/product\/yoast-seo-premium-wordpress\/ -->\n<title>Esschert Design Eichh\u00f6rnchen\/Marder Schutz (NKMK, 8714982000416) - Trends &amp; Vision<\/title>\n<meta name=\"description\" content=\"Esschert Design Eichh\u00f6rnchen\/Marder Schutz: Eichh\u00f6rnchen\/Marder Schutzblende: Verst\u00e4rkt den Eingang von kleineren Vogelnistk\u00e4sten und bietet Schutz gegen gr\u00f6\u00dfere Vogelarten, Marder und andere R\u00e4uber. Die Gelege der V\u00f6gel sind eine leichte Beute fu\u00a8r Raubtiere. Einige darunter k\u00f6nnen sogar in B\" \/>\n<meta name=\"robots\" content=\"index, follow, max-snippet:-1, max-image-preview:large, max-video-preview:-1\" \/>\n<link rel=\"canonical\" href=\"https:\/\/trendsandvision.nl\/de\/product\/esschert-design-eichhoernchen-marder-schutz\/\" \/>\n<meta property=\"og:locale\" content=\"de_DE\" \/>\n<meta property=\"og:type\" content=\"article\" \/>\n<meta property=\"og:title\" content=\"Esschert Design Eichh\u00f6rnchen\/Marder Schutz\" \/>\n<meta property=\"og:description\" content=\"Esschert Design Eichh\u00f6rnchen\/Marder Schutz: Eichh\u00f6rnchen\/Marder Schutzblende: Verst\u00e4rkt den Eingang von kleineren Vogelnistk\u00e4sten und bietet Schutz gegen gr\u00f6\u00dfere Vogelarten, Marder und andere R\u00e4uber. Die Gelege der V\u00f6gel sind eine leichte Beute fu\u00a8r Raubtiere. Einige darunter k\u00f6nnen sogar in B\" \/>\n<meta property=\"og:url\" content=\"https:\/\/trendsandvision.nl\/de\/product\/esschert-design-eichhoernchen-marder-schutz\/\" \/>\n<meta property=\"og:site_name\" content=\"Trends &amp; Vision (DE)\" \/>\n<meta property=\"article:modified_time\" content=\"2026-04-22T13:15:20+00:00\" \/>\n<meta property=\"og:image\" content=\"https:\/\/trendsandvision.nl\/de\/wp-content\/uploads\/sites\/3\/2022\/04\/NKMK_01.jpg\" \/>\n\t<meta property=\"og:image:width\" content=\"800\" \/>\n\t<meta property=\"og:image:height\" content=\"800\" \/>\n\t<meta property=\"og:image:type\" content=\"image\/jpeg\" \/>\n<meta name=\"twitter:card\" content=\"summary_large_image\" \/>\n<meta name=\"twitter:label1\" content=\"Gesch\u00e4tzte Lesezeit\" \/>\n\t<meta name=\"twitter:data1\" content=\"1\u00a0Minute\" \/>\n<script type=\"application\/ld+json\" class=\"yoast-schema-graph\">{\"@context\":\"https:\\\/\\\/schema.org\",\"@graph\":[{\"@type\":\"WebPage\",\"@id\":\"https:\\\/\\\/trendsandvision.nl\\\/de\\\/product\\\/esschert-design-eichhoernchen-marder-schutz\\\/\",\"url\":\"https:\\\/\\\/trendsandvision.nl\\\/de\\\/product\\\/esschert-design-eichhoernchen-marder-schutz\\\/\",\"name\":\"Esschert Design Eichh\u00f6rnchen\\\/Marder Schutz (NKMK, 8714982000416) - Trends & Vision\",\"isPartOf\":{\"@id\":\"https:\\\/\\\/trendsandvision.nl\\\/de\\\/#website\"},\"primaryImageOfPage\":{\"@id\":\"https:\\\/\\\/trendsandvision.nl\\\/de\\\/product\\\/esschert-design-eichhoernchen-marder-schutz\\\/#primaryimage\"},\"image\":{\"@id\":\"https:\\\/\\\/trendsandvision.nl\\\/de\\\/product\\\/esschert-design-eichhoernchen-marder-schutz\\\/#primaryimage\"},\"thumbnailUrl\":\"https:\\\/\\\/trendsandvision.nl\\\/de\\\/wp-content\\\/uploads\\\/sites\\\/3\\\/2022\\\/04\\\/NKMK_01.jpg\",\"datePublished\":\"2022-04-22T17:19:06+00:00\",\"dateModified\":\"2026-04-22T13:15:20+00:00\",\"description\":\"Esschert Design Eichh\u00f6rnchen\\\/Marder Schutz: Eichh\u00f6rnchen\\\/Marder Schutzblende: Verst\u00e4rkt den Eingang von kleineren Vogelnistk\u00e4sten und bietet Schutz gegen gr\u00f6\u00dfere Vogelarten, Marder und andere R\u00e4uber. Die Gelege der V\u00f6gel sind eine leichte Beute fu\u00a8r Raubtiere. Einige darunter k\u00f6nnen sogar in B\",\"breadcrumb\":{\"@id\":\"https:\\\/\\\/trendsandvision.nl\\\/de\\\/product\\\/esschert-design-eichhoernchen-marder-schutz\\\/#breadcrumb\"},\"inLanguage\":\"de\",\"potentialAction\":[{\"@type\":\"ReadAction\",\"target\":[\"https:\\\/\\\/trendsandvision.nl\\\/de\\\/product\\\/esschert-design-eichhoernchen-marder-schutz\\\/\"]}]},{\"@type\":\"ImageObject\",\"inLanguage\":\"de\",\"@id\":\"https:\\\/\\\/trendsandvision.nl\\\/de\\\/product\\\/esschert-design-eichhoernchen-marder-schutz\\\/#primaryimage\",\"url\":\"https:\\\/\\\/trendsandvision.nl\\\/de\\\/wp-content\\\/uploads\\\/sites\\\/3\\\/2022\\\/04\\\/NKMK_01.jpg\",\"contentUrl\":\"https:\\\/\\\/trendsandvision.nl\\\/de\\\/wp-content\\\/uploads\\\/sites\\\/3\\\/2022\\\/04\\\/NKMK_01.jpg\",\"width\":800,\"height\":800,\"caption\":\"Esschert Design Eichh\u00f6rnchen\\\/Marder Schutz (NKMK\"},{\"@type\":\"BreadcrumbList\",\"@id\":\"https:\\\/\\\/trendsandvision.nl\\\/de\\\/product\\\/esschert-design-eichhoernchen-marder-schutz\\\/#breadcrumb\",\"itemListElement\":[{\"@type\":\"ListItem\",\"position\":1,\"name\":\"Home\",\"item\":\"https:\\\/\\\/trendsandvision.nl\\\/de\\\/\"},{\"@type\":\"ListItem\",\"position\":2,\"name\":\"Gesch\u00e4ft\",\"item\":\"https:\\\/\\\/trendsandvision.nl\\\/de\\\/geschaft\\\/\"},{\"@type\":\"ListItem\",\"position\":3,\"name\":\"Esschert Design Eichh\u00f6rnchen\\\/Marder Schutz\"}]},{\"@type\":\"WebSite\",\"@id\":\"https:\\\/\\\/trendsandvision.nl\\\/de\\\/#website\",\"url\":\"https:\\\/\\\/trendsandvision.nl\\\/de\\\/\",\"name\":\"Trends &amp; Vision (DE)\",\"description\":\"Der Webshop f\u00fcr Esschert Design Artikel\",\"publisher\":{\"@id\":\"https:\\\/\\\/trendsandvision.nl\\\/de\\\/#organization\"},\"potentialAction\":[{\"@type\":\"SearchAction\",\"target\":{\"@type\":\"EntryPoint\",\"urlTemplate\":\"https:\\\/\\\/trendsandvision.nl\\\/de\\\/?s={search_term_string}\"},\"query-input\":{\"@type\":\"PropertyValueSpecification\",\"valueRequired\":true,\"valueName\":\"search_term_string\"}}],\"inLanguage\":\"de\"},{\"@type\":\"Organization\",\"@id\":\"https:\\\/\\\/trendsandvision.nl\\\/de\\\/#organization\",\"name\":\"Trends &amp; Vision (DE)\",\"url\":\"https:\\\/\\\/trendsandvision.nl\\\/de\\\/\",\"logo\":{\"@type\":\"ImageObject\",\"inLanguage\":\"de\",\"@id\":\"https:\\\/\\\/trendsandvision.nl\\\/de\\\/#\\\/schema\\\/logo\\\/image\\\/\",\"url\":\"https:\\\/\\\/trendsandvision.nl\\\/de\\\/wp-content\\\/uploads\\\/sites\\\/3\\\/2022\\\/04\\\/trends-and-vision-logo.jpg\",\"contentUrl\":\"https:\\\/\\\/trendsandvision.nl\\\/de\\\/wp-content\\\/uploads\\\/sites\\\/3\\\/2022\\\/04\\\/trends-and-vision-logo.jpg\",\"width\":213,\"height\":100,\"caption\":\"Trends &amp; Vision (DE)\"},\"image\":{\"@id\":\"https:\\\/\\\/trendsandvision.nl\\\/de\\\/#\\\/schema\\\/logo\\\/image\\\/\"}}]}<\/script>\n<!-- \/ Yoast SEO Premium plugin. -->","yoast_head_json":{"title":"Esschert Design Eichh\u00f6rnchen\/Marder Schutz (NKMK, 8714982000416) - Trends & Vision","description":"Esschert Design Eichh\u00f6rnchen\/Marder Schutz: Eichh\u00f6rnchen\/Marder Schutzblende: Verst\u00e4rkt den Eingang von kleineren Vogelnistk\u00e4sten und bietet Schutz gegen gr\u00f6\u00dfere Vogelarten, Marder und andere R\u00e4uber. Die Gelege der V\u00f6gel sind eine leichte Beute fu\u00a8r Raubtiere. Einige darunter k\u00f6nnen sogar in B","robots":{"index":"index","follow":"follow","max-snippet":"max-snippet:-1","max-image-preview":"max-image-preview:large","max-video-preview":"max-video-preview:-1"},"canonical":"https:\/\/trendsandvision.nl\/de\/product\/esschert-design-eichhoernchen-marder-schutz\/","og_locale":"de_DE","og_type":"article","og_title":"Esschert Design Eichh\u00f6rnchen\/Marder Schutz","og_description":"Esschert Design Eichh\u00f6rnchen\/Marder Schutz: Eichh\u00f6rnchen\/Marder Schutzblende: Verst\u00e4rkt den Eingang von kleineren Vogelnistk\u00e4sten und bietet Schutz gegen gr\u00f6\u00dfere Vogelarten, Marder und andere R\u00e4uber. Die Gelege der V\u00f6gel sind eine leichte Beute fu\u00a8r Raubtiere. Einige darunter k\u00f6nnen sogar in B","og_url":"https:\/\/trendsandvision.nl\/de\/product\/esschert-design-eichhoernchen-marder-schutz\/","og_site_name":"Trends &amp; Vision (DE)","article_modified_time":"2026-04-22T13:15:20+00:00","og_image":[{"width":800,"height":800,"url":"https:\/\/trendsandvision.nl\/de\/wp-content\/uploads\/sites\/3\/2022\/04\/NKMK_01.jpg","type":"image\/jpeg"}],"twitter_card":"summary_large_image","twitter_misc":{"Gesch\u00e4tzte Lesezeit":"1\u00a0Minute"},"schema":{"@context":"https:\/\/schema.org","@graph":[{"@type":"WebPage","@id":"https:\/\/trendsandvision.nl\/de\/product\/esschert-design-eichhoernchen-marder-schutz\/","url":"https:\/\/trendsandvision.nl\/de\/product\/esschert-design-eichhoernchen-marder-schutz\/","name":"Esschert Design Eichh\u00f6rnchen\/Marder Schutz (NKMK, 8714982000416) - Trends & Vision","isPartOf":{"@id":"https:\/\/trendsandvision.nl\/de\/#website"},"primaryImageOfPage":{"@id":"https:\/\/trendsandvision.nl\/de\/product\/esschert-design-eichhoernchen-marder-schutz\/#primaryimage"},"image":{"@id":"https:\/\/trendsandvision.nl\/de\/product\/esschert-design-eichhoernchen-marder-schutz\/#primaryimage"},"thumbnailUrl":"https:\/\/trendsandvision.nl\/de\/wp-content\/uploads\/sites\/3\/2022\/04\/NKMK_01.jpg","datePublished":"2022-04-22T17:19:06+00:00","dateModified":"2026-04-22T13:15:20+00:00","description":"Esschert Design Eichh\u00f6rnchen\/Marder Schutz: Eichh\u00f6rnchen\/Marder Schutzblende: Verst\u00e4rkt den Eingang von kleineren Vogelnistk\u00e4sten und bietet Schutz gegen gr\u00f6\u00dfere Vogelarten, Marder und andere R\u00e4uber. Die Gelege der V\u00f6gel sind eine leichte Beute fu\u00a8r Raubtiere. Einige darunter k\u00f6nnen sogar in B","breadcrumb":{"@id":"https:\/\/trendsandvision.nl\/de\/product\/esschert-design-eichhoernchen-marder-schutz\/#breadcrumb"},"inLanguage":"de","potentialAction":[{"@type":"ReadAction","target":["https:\/\/trendsandvision.nl\/de\/product\/esschert-design-eichhoernchen-marder-schutz\/"]}]},{"@type":"ImageObject","inLanguage":"de","@id":"https:\/\/trendsandvision.nl\/de\/product\/esschert-design-eichhoernchen-marder-schutz\/#primaryimage","url":"https:\/\/trendsandvision.nl\/de\/wp-content\/uploads\/sites\/3\/2022\/04\/NKMK_01.jpg","contentUrl":"https:\/\/trendsandvision.nl\/de\/wp-content\/uploads\/sites\/3\/2022\/04\/NKMK_01.jpg","width":800,"height":800,"caption":"Esschert Design Eichh\u00f6rnchen\/Marder Schutz (NKMK"},{"@type":"BreadcrumbList","@id":"https:\/\/trendsandvision.nl\/de\/product\/esschert-design-eichhoernchen-marder-schutz\/#breadcrumb","itemListElement":[{"@type":"ListItem","position":1,"name":"Home","item":"https:\/\/trendsandvision.nl\/de\/"},{"@type":"ListItem","position":2,"name":"Gesch\u00e4ft","item":"https:\/\/trendsandvision.nl\/de\/geschaft\/"},{"@type":"ListItem","position":3,"name":"Esschert Design Eichh\u00f6rnchen\/Marder Schutz"}]},{"@type":"WebSite","@id":"https:\/\/trendsandvision.nl\/de\/#website","url":"https:\/\/trendsandvision.nl\/de\/","name":"Trends &amp; Vision (DE)","description":"Der Webshop f\u00fcr Esschert Design Artikel","publisher":{"@id":"https:\/\/trendsandvision.nl\/de\/#organization"},"potentialAction":[{"@type":"SearchAction","target":{"@type":"EntryPoint","urlTemplate":"https:\/\/trendsandvision.nl\/de\/?s={search_term_string}"},"query-input":{"@type":"PropertyValueSpecification","valueRequired":true,"valueName":"search_term_string"}}],"inLanguage":"de"},{"@type":"Organization","@id":"https:\/\/trendsandvision.nl\/de\/#organization","name":"Trends &amp; Vision (DE)","url":"https:\/\/trendsandvision.nl\/de\/","logo":{"@type":"ImageObject","inLanguage":"de","@id":"https:\/\/trendsandvision.nl\/de\/#\/schema\/logo\/image\/","url":"https:\/\/trendsandvision.nl\/de\/wp-content\/uploads\/sites\/3\/2022\/04\/trends-and-vision-logo.jpg","contentUrl":"https:\/\/trendsandvision.nl\/de\/wp-content\/uploads\/sites\/3\/2022\/04\/trends-and-vision-logo.jpg","width":213,"height":100,"caption":"Trends &amp; Vision (DE)"},"image":{"@id":"https:\/\/trendsandvision.nl\/de\/#\/schema\/logo\/image\/"}}]}},"_links":{"self":[{"href":"https:\/\/trendsandvision.nl\/de\/wp-json\/wp\/v2\/product\/6704","targetHints":{"allow":["GET"]}}],"collection":[{"href":"https:\/\/trendsandvision.nl\/de\/wp-json\/wp\/v2\/product"}],"about":[{"href":"https:\/\/trendsandvision.nl\/de\/wp-json\/wp\/v2\/types\/product"}],"wp:featuredmedia":[{"embeddable":true,"href":"https:\/\/trendsandvision.nl\/de\/wp-json\/wp\/v2\/media\/6705"}],"wp:attachment":[{"href":"https:\/\/trendsandvision.nl\/de\/wp-json\/wp\/v2\/media?parent=6704"}],"wp:term":[{"taxonomy":"product_brand","embeddable":true,"href":"https:\/\/trendsandvision.nl\/de\/wp-json\/wp\/v2\/product_brand?post=6704"},{"taxonomy":"product_cat","embeddable":true,"href":"https:\/\/trendsandvision.nl\/de\/wp-json\/wp\/v2\/product_cat?post=6704"},{"taxonomy":"product_tag","embeddable":true,"href":"https:\/\/trendsandvision.nl\/de\/wp-json\/wp\/v2\/product_tag?post=6704"}],"curies":[{"name":"wp","href":"https:\/\/api.w.org\/{rel}","templated":true}]}}