{"id":6697,"date":"2022-04-22T19:19:06","date_gmt":"2022-04-22T17:19:06","guid":{"rendered":"https:\/\/trendsandvision.nl\/de\/product\/esschert-design-spatzenvilla\/"},"modified":"2026-04-07T10:43:19","modified_gmt":"2026-04-07T08:43:19","slug":"esschert-design-spatzenvilla-vertikal","status":"publish","type":"product","link":"https:\/\/trendsandvision.nl\/de\/product\/esschert-design-spatzenvilla-vertikal\/","title":{"rendered":"Esschert Design Spatzenvilla vertikal"},"content":{"rendered":"<p>Ein Nistkasten sollte in keinem Garten fehlen. Dieser einfache Nistkasten mit reinen Materialien bietet Spatzen einen guten Ort zum Nisten und hilft daher, die Population dieser Vogelart in einer Region zu erhalten oder sogar zu vermehren. In fr\u00fcheren Zeiten war es undenkbar, einen Nistkasten f\u00fcr Spatzen aufzuh\u00e4ngen. Es gab so viele von ihnen und sie fanden immer irgendwo Schutz. In den letzten Jahren ist die Spatzenpopulation jedoch drastisch zur\u00fcckgegangen und moderne Wohnungen erschweren die Suche nach einem geeigneten Nistplatz.<br \/>\nDie Spatzenvilla besteht aus drei Wohnungen, weil Spatzen gerne zusammen sitzen. Dieser ma\u00dfgefertigte Nistkasten mit Zinkdach bietet nicht nur dem Haussperling, sondern auch dem Baumsperling, der Kohlmeise und der Blaumeise einen guten Platz zum Nisten. Im Winter nutzen die V\u00f6gel den Nistkasten oft als Unterschlupf. H\u00e4ngen Sie den Nistkasten an einen ruhigen und einigerma\u00dfen gesch\u00fctzten Ort. Also nicht direkt in der Sonne oder auf der Regenseite und mit einem freien Flugweg f\u00fcr die V\u00f6gel. Der Herbst ist die beste Zeit, um den Nistkasten zu reinigen.(Futtertisch Schraper FB529\/FB528)<\/p>\n<p>&#8211; Einflugloch mit 32 mm Durchmesser<br \/>\n&#8211; 3 separate Nestf\u00e4cher<br \/>\n&#8211; geeignet f\u00fcr Haussperling, Baumsperling, Kohlmeise, Blaumeise<br \/>\n&#8211; kann \u00fcber Seitent\u00fcren ge\u00f6ffnet werden<br \/>\n&#8211; Zus\u00e4tzlich Vogelhaus- oder <strong>Futtertischschaber<\/strong><a href=\"https:\/\/trendsandvision.nl\/de\/product\/esschert-design-futtertisch-schaber\/\"><\/a><\/p>\n<p>Artikelname: Spatzenvilla vertikal<br \/>\nArtikelnummer: NKM<br \/>\nProduktgruppe(n) V\u00f6gel&amp;Gartentiere, Nistk\u00e4sten und Vogelh\u00e4user, Meisen und Spatzen<br \/>\nProduktabmessungen in cm L 18,9 x T 17,8 x H 50,5<br \/>\nMaterial: Kiefernholz, Zink<br \/>\nNettogewicht 2,189 kg<br \/>\nBarcode 8714982008207<br \/>\nFSC\u00ae<\/p>\n","protected":false},"excerpt":{"rendered":"<p>&#8211; Spatzenvilla vertikal<br \/>\n&#8211; Artikelnummer: NKM<br \/>\n&#8211; Einflugloch mit 32 mm Durchmesser<br \/>\n&#8211; 3 separate Nestf\u00e4cher<br \/>\n&#8211; geeignet f\u00fcr Haussperling,<br \/>\n&#8211; Baumsperling, Kohlmeise, Blaumeise<br \/>\n&#8211; kann \u00fcber Seitent\u00fcren ge\u00f6ffnet werden<br \/>\n&#8211; L 18,9 x T 17,8 x H 50,5 cm<br \/>\n&#8211; Material Kiefernholz, Zink<br \/>\n&#8211; Nettogewicht 2,189 kg<br \/>\n&#8211; Barcode 8714982008207<br \/>\n&#8211; FSC\u00ae<\/p>\n","protected":false},"featured_media":6698,"template":"","meta":[],"product_brand":[9597,9598],"product_cat":[1315],"product_tag":[6809,10468,6828,8322,8323,6714,7189],"class_list":{"0":"post-6697","1":"product","2":"type-product","3":"status-publish","4":"has-post-thumbnail","6":"product_brand-esschert-design","7":"product_brand-trends-and-vision","8":"product_cat-best-for-birds","9":"product_tag-fsc-100","10":"product_tag-futtertisch-schraper-fb529-fb528","11":"product_tag-nistkasten","12":"product_tag-spatzen","13":"product_tag-spatzenvilla","14":"product_tag-voegel","15":"product_tag-vogelhaeuser","16":"pa_anbieter-esschert-design","17":"pa_ean-code-3845","18":"pa_material-lackiertes-fsc-zertifiziert-kiefernholz","19":"pa_messungen-195x165x515-cm","21":"first","22":"instock","23":"sale","24":"taxable","25":"shipping-taxable","26":"purchasable","27":"product-type-simple","28":"czr-hentry"},"yoast_head":"<!-- This site is optimized with the Yoast SEO Premium plugin v26.4 (Yoast SEO v27.3) - https:\/\/yoast.com\/product\/yoast-seo-premium-wordpress\/ -->\n<title>Esschert Design Spatzenvilla (NKM, 8714982008207) - Trends &amp; Vision<\/title>\n<meta name=\"description\" content=\"Esschert Design Spatzenvilla: In diesem sch\u00f6nen hellgr\u00fcnen Nistkasten werden sich die verschiedenen Spatzen wohlf\u00fchlen. Tipps: min\" \/>\n<meta name=\"robots\" content=\"index, follow, max-snippet:-1, max-image-preview:large, max-video-preview:-1\" \/>\n<link rel=\"canonical\" href=\"https:\/\/trendsandvision.nl\/de\/product\/esschert-design-spatzenvilla-vertikal\/\" \/>\n<meta property=\"og:locale\" content=\"de_DE\" \/>\n<meta property=\"og:type\" content=\"article\" \/>\n<meta property=\"og:title\" content=\"Esschert Design Spatzenvilla vertikal\" \/>\n<meta property=\"og:description\" content=\"Esschert Design Spatzenvilla: In diesem sch\u00f6nen hellgr\u00fcnen Nistkasten werden sich die verschiedenen Spatzen wohlf\u00fchlen. Tipps: min\" \/>\n<meta property=\"og:url\" content=\"https:\/\/trendsandvision.nl\/de\/product\/esschert-design-spatzenvilla-vertikal\/\" \/>\n<meta property=\"og:site_name\" content=\"Trends &amp; Vision (DE)\" \/>\n<meta property=\"article:modified_time\" content=\"2026-04-07T08:43:19+00:00\" \/>\n<meta property=\"og:image\" content=\"https:\/\/trendsandvision.nl\/de\/wp-content\/uploads\/sites\/3\/2022\/04\/NKM_01.jpg\" \/>\n\t<meta property=\"og:image:width\" content=\"800\" \/>\n\t<meta property=\"og:image:height\" content=\"800\" \/>\n\t<meta property=\"og:image:type\" content=\"image\/jpeg\" \/>\n<meta name=\"twitter:card\" content=\"summary_large_image\" \/>\n<meta name=\"twitter:label1\" content=\"Gesch\u00e4tzte Lesezeit\" \/>\n\t<meta name=\"twitter:data1\" content=\"2\u00a0Minuten\" \/>\n<script type=\"application\/ld+json\" class=\"yoast-schema-graph\">{\"@context\":\"https:\\\/\\\/schema.org\",\"@graph\":[{\"@type\":\"WebPage\",\"@id\":\"https:\\\/\\\/trendsandvision.nl\\\/de\\\/product\\\/esschert-design-spatzenvilla-vertikal\\\/\",\"url\":\"https:\\\/\\\/trendsandvision.nl\\\/de\\\/product\\\/esschert-design-spatzenvilla-vertikal\\\/\",\"name\":\"Esschert Design Spatzenvilla (NKM, 8714982008207) - Trends & Vision\",\"isPartOf\":{\"@id\":\"https:\\\/\\\/trendsandvision.nl\\\/de\\\/#website\"},\"primaryImageOfPage\":{\"@id\":\"https:\\\/\\\/trendsandvision.nl\\\/de\\\/product\\\/esschert-design-spatzenvilla-vertikal\\\/#primaryimage\"},\"image\":{\"@id\":\"https:\\\/\\\/trendsandvision.nl\\\/de\\\/product\\\/esschert-design-spatzenvilla-vertikal\\\/#primaryimage\"},\"thumbnailUrl\":\"https:\\\/\\\/trendsandvision.nl\\\/de\\\/wp-content\\\/uploads\\\/sites\\\/3\\\/2022\\\/04\\\/NKM_01.jpg\",\"datePublished\":\"2022-04-22T17:19:06+00:00\",\"dateModified\":\"2026-04-07T08:43:19+00:00\",\"description\":\"Esschert Design Spatzenvilla: In diesem sch\u00f6nen hellgr\u00fcnen Nistkasten werden sich die verschiedenen Spatzen wohlf\u00fchlen. Tipps: min\",\"breadcrumb\":{\"@id\":\"https:\\\/\\\/trendsandvision.nl\\\/de\\\/product\\\/esschert-design-spatzenvilla-vertikal\\\/#breadcrumb\"},\"inLanguage\":\"de\",\"potentialAction\":[{\"@type\":\"ReadAction\",\"target\":[\"https:\\\/\\\/trendsandvision.nl\\\/de\\\/product\\\/esschert-design-spatzenvilla-vertikal\\\/\"]}]},{\"@type\":\"ImageObject\",\"inLanguage\":\"de\",\"@id\":\"https:\\\/\\\/trendsandvision.nl\\\/de\\\/product\\\/esschert-design-spatzenvilla-vertikal\\\/#primaryimage\",\"url\":\"https:\\\/\\\/trendsandvision.nl\\\/de\\\/wp-content\\\/uploads\\\/sites\\\/3\\\/2022\\\/04\\\/NKM_01.jpg\",\"contentUrl\":\"https:\\\/\\\/trendsandvision.nl\\\/de\\\/wp-content\\\/uploads\\\/sites\\\/3\\\/2022\\\/04\\\/NKM_01.jpg\",\"width\":800,\"height\":800,\"caption\":\"Esschert Design Spatzenvilla (NKM\"},{\"@type\":\"BreadcrumbList\",\"@id\":\"https:\\\/\\\/trendsandvision.nl\\\/de\\\/product\\\/esschert-design-spatzenvilla-vertikal\\\/#breadcrumb\",\"itemListElement\":[{\"@type\":\"ListItem\",\"position\":1,\"name\":\"Home\",\"item\":\"https:\\\/\\\/trendsandvision.nl\\\/de\\\/\"},{\"@type\":\"ListItem\",\"position\":2,\"name\":\"Gesch\u00e4ft\",\"item\":\"https:\\\/\\\/trendsandvision.nl\\\/de\\\/geschaft\\\/\"},{\"@type\":\"ListItem\",\"position\":3,\"name\":\"Esschert Design Spatzenvilla vertikal\"}]},{\"@type\":\"WebSite\",\"@id\":\"https:\\\/\\\/trendsandvision.nl\\\/de\\\/#website\",\"url\":\"https:\\\/\\\/trendsandvision.nl\\\/de\\\/\",\"name\":\"Trends &amp; Vision (DE)\",\"description\":\"Der Webshop f\u00fcr Esschert Design Artikel\",\"publisher\":{\"@id\":\"https:\\\/\\\/trendsandvision.nl\\\/de\\\/#organization\"},\"potentialAction\":[{\"@type\":\"SearchAction\",\"target\":{\"@type\":\"EntryPoint\",\"urlTemplate\":\"https:\\\/\\\/trendsandvision.nl\\\/de\\\/?s={search_term_string}\"},\"query-input\":{\"@type\":\"PropertyValueSpecification\",\"valueRequired\":true,\"valueName\":\"search_term_string\"}}],\"inLanguage\":\"de\"},{\"@type\":\"Organization\",\"@id\":\"https:\\\/\\\/trendsandvision.nl\\\/de\\\/#organization\",\"name\":\"Trends &amp; Vision (DE)\",\"url\":\"https:\\\/\\\/trendsandvision.nl\\\/de\\\/\",\"logo\":{\"@type\":\"ImageObject\",\"inLanguage\":\"de\",\"@id\":\"https:\\\/\\\/trendsandvision.nl\\\/de\\\/#\\\/schema\\\/logo\\\/image\\\/\",\"url\":\"https:\\\/\\\/trendsandvision.nl\\\/de\\\/wp-content\\\/uploads\\\/sites\\\/3\\\/2022\\\/04\\\/trends-and-vision-logo.jpg\",\"contentUrl\":\"https:\\\/\\\/trendsandvision.nl\\\/de\\\/wp-content\\\/uploads\\\/sites\\\/3\\\/2022\\\/04\\\/trends-and-vision-logo.jpg\",\"width\":213,\"height\":100,\"caption\":\"Trends &amp; Vision (DE)\"},\"image\":{\"@id\":\"https:\\\/\\\/trendsandvision.nl\\\/de\\\/#\\\/schema\\\/logo\\\/image\\\/\"}}]}<\/script>\n<!-- \/ Yoast SEO Premium plugin. -->","yoast_head_json":{"title":"Esschert Design Spatzenvilla (NKM, 8714982008207) - Trends & Vision","description":"Esschert Design Spatzenvilla: In diesem sch\u00f6nen hellgr\u00fcnen Nistkasten werden sich die verschiedenen Spatzen wohlf\u00fchlen. Tipps: min","robots":{"index":"index","follow":"follow","max-snippet":"max-snippet:-1","max-image-preview":"max-image-preview:large","max-video-preview":"max-video-preview:-1"},"canonical":"https:\/\/trendsandvision.nl\/de\/product\/esschert-design-spatzenvilla-vertikal\/","og_locale":"de_DE","og_type":"article","og_title":"Esschert Design Spatzenvilla vertikal","og_description":"Esschert Design Spatzenvilla: In diesem sch\u00f6nen hellgr\u00fcnen Nistkasten werden sich die verschiedenen Spatzen wohlf\u00fchlen. Tipps: min","og_url":"https:\/\/trendsandvision.nl\/de\/product\/esschert-design-spatzenvilla-vertikal\/","og_site_name":"Trends &amp; Vision (DE)","article_modified_time":"2026-04-07T08:43:19+00:00","og_image":[{"width":800,"height":800,"url":"https:\/\/trendsandvision.nl\/de\/wp-content\/uploads\/sites\/3\/2022\/04\/NKM_01.jpg","type":"image\/jpeg"}],"twitter_card":"summary_large_image","twitter_misc":{"Gesch\u00e4tzte Lesezeit":"2\u00a0Minuten"},"schema":{"@context":"https:\/\/schema.org","@graph":[{"@type":"WebPage","@id":"https:\/\/trendsandvision.nl\/de\/product\/esschert-design-spatzenvilla-vertikal\/","url":"https:\/\/trendsandvision.nl\/de\/product\/esschert-design-spatzenvilla-vertikal\/","name":"Esschert Design Spatzenvilla (NKM, 8714982008207) - Trends & Vision","isPartOf":{"@id":"https:\/\/trendsandvision.nl\/de\/#website"},"primaryImageOfPage":{"@id":"https:\/\/trendsandvision.nl\/de\/product\/esschert-design-spatzenvilla-vertikal\/#primaryimage"},"image":{"@id":"https:\/\/trendsandvision.nl\/de\/product\/esschert-design-spatzenvilla-vertikal\/#primaryimage"},"thumbnailUrl":"https:\/\/trendsandvision.nl\/de\/wp-content\/uploads\/sites\/3\/2022\/04\/NKM_01.jpg","datePublished":"2022-04-22T17:19:06+00:00","dateModified":"2026-04-07T08:43:19+00:00","description":"Esschert Design Spatzenvilla: In diesem sch\u00f6nen hellgr\u00fcnen Nistkasten werden sich die verschiedenen Spatzen wohlf\u00fchlen. Tipps: min","breadcrumb":{"@id":"https:\/\/trendsandvision.nl\/de\/product\/esschert-design-spatzenvilla-vertikal\/#breadcrumb"},"inLanguage":"de","potentialAction":[{"@type":"ReadAction","target":["https:\/\/trendsandvision.nl\/de\/product\/esschert-design-spatzenvilla-vertikal\/"]}]},{"@type":"ImageObject","inLanguage":"de","@id":"https:\/\/trendsandvision.nl\/de\/product\/esschert-design-spatzenvilla-vertikal\/#primaryimage","url":"https:\/\/trendsandvision.nl\/de\/wp-content\/uploads\/sites\/3\/2022\/04\/NKM_01.jpg","contentUrl":"https:\/\/trendsandvision.nl\/de\/wp-content\/uploads\/sites\/3\/2022\/04\/NKM_01.jpg","width":800,"height":800,"caption":"Esschert Design Spatzenvilla (NKM"},{"@type":"BreadcrumbList","@id":"https:\/\/trendsandvision.nl\/de\/product\/esschert-design-spatzenvilla-vertikal\/#breadcrumb","itemListElement":[{"@type":"ListItem","position":1,"name":"Home","item":"https:\/\/trendsandvision.nl\/de\/"},{"@type":"ListItem","position":2,"name":"Gesch\u00e4ft","item":"https:\/\/trendsandvision.nl\/de\/geschaft\/"},{"@type":"ListItem","position":3,"name":"Esschert Design Spatzenvilla vertikal"}]},{"@type":"WebSite","@id":"https:\/\/trendsandvision.nl\/de\/#website","url":"https:\/\/trendsandvision.nl\/de\/","name":"Trends &amp; Vision (DE)","description":"Der Webshop f\u00fcr Esschert Design Artikel","publisher":{"@id":"https:\/\/trendsandvision.nl\/de\/#organization"},"potentialAction":[{"@type":"SearchAction","target":{"@type":"EntryPoint","urlTemplate":"https:\/\/trendsandvision.nl\/de\/?s={search_term_string}"},"query-input":{"@type":"PropertyValueSpecification","valueRequired":true,"valueName":"search_term_string"}}],"inLanguage":"de"},{"@type":"Organization","@id":"https:\/\/trendsandvision.nl\/de\/#organization","name":"Trends &amp; Vision (DE)","url":"https:\/\/trendsandvision.nl\/de\/","logo":{"@type":"ImageObject","inLanguage":"de","@id":"https:\/\/trendsandvision.nl\/de\/#\/schema\/logo\/image\/","url":"https:\/\/trendsandvision.nl\/de\/wp-content\/uploads\/sites\/3\/2022\/04\/trends-and-vision-logo.jpg","contentUrl":"https:\/\/trendsandvision.nl\/de\/wp-content\/uploads\/sites\/3\/2022\/04\/trends-and-vision-logo.jpg","width":213,"height":100,"caption":"Trends &amp; Vision (DE)"},"image":{"@id":"https:\/\/trendsandvision.nl\/de\/#\/schema\/logo\/image\/"}}]}},"_links":{"self":[{"href":"https:\/\/trendsandvision.nl\/de\/wp-json\/wp\/v2\/product\/6697","targetHints":{"allow":["GET"]}}],"collection":[{"href":"https:\/\/trendsandvision.nl\/de\/wp-json\/wp\/v2\/product"}],"about":[{"href":"https:\/\/trendsandvision.nl\/de\/wp-json\/wp\/v2\/types\/product"}],"wp:featuredmedia":[{"embeddable":true,"href":"https:\/\/trendsandvision.nl\/de\/wp-json\/wp\/v2\/media\/6698"}],"wp:attachment":[{"href":"https:\/\/trendsandvision.nl\/de\/wp-json\/wp\/v2\/media?parent=6697"}],"wp:term":[{"taxonomy":"product_brand","embeddable":true,"href":"https:\/\/trendsandvision.nl\/de\/wp-json\/wp\/v2\/product_brand?post=6697"},{"taxonomy":"product_cat","embeddable":true,"href":"https:\/\/trendsandvision.nl\/de\/wp-json\/wp\/v2\/product_cat?post=6697"},{"taxonomy":"product_tag","embeddable":true,"href":"https:\/\/trendsandvision.nl\/de\/wp-json\/wp\/v2\/product_tag?post=6697"}],"curies":[{"name":"wp","href":"https:\/\/api.w.org\/{rel}","templated":true}]}}