{"id":6687,"date":"2022-04-22T19:19:06","date_gmt":"2022-04-22T17:19:06","guid":{"rendered":"https:\/\/trendsandvision.nl\/de\/product\/esschert-design-kohlmeisen-nistkasten\/"},"modified":"2026-04-07T10:43:14","modified_gmt":"2026-04-07T08:43:14","slug":"esschert-design-nistkasten-kohlmeisen","status":"publish","type":"product","link":"https:\/\/trendsandvision.nl\/de\/product\/esschert-design-nistkasten-kohlmeisen\/","title":{"rendered":"Esschert Design Nistkasten Kohlmeisen"},"content":{"rendered":"<p>In keinem Garten sollte ein Vogelhaus fehlen. Dieser basic- Nistkasten mit schlichten Materialien bietet Kohlmeisen einen idealen Nistplatz und dient zudem der Artenerhaltung. Der ma\u00dfgeschneiderte Nistkasten mit Zinkdach bietet neben Kohlmeisen auch Blaumeisen, Feldsperlingen, Haussperlingen, Kleibern und Trauerschn\u00e4ppern einen guten Nistplatz. Im Winter erweist der Nistkasten gute Dienste als Zufluchtsort vor schlechtem Wetter.<\/p>\n<p>W\u00e4hlen Sie einen gesch\u00fctzten und ruhigen Ort zum Aufh\u00e4ngen des Vogelhauses. Dieser sollte sich nicht in der prallen Sonne oder in Regenlage befinden, mit freier Einflugm\u00f6glichkeit f\u00fcr die V\u00f6gel. Der Herbst ist die beste Zeit zum Reinigen des Nistkastens.<br \/>\ngeeignet f\u00fcr Kohlmeisen, Blaumeisen, Feldsperlinge, Haussperlinge, Kleiber und Trauerschn\u00e4pper<\/p>\n<p>&#8211; 32 mm Einflugsloch<br \/>\n&#8211; Zus\u00e4tzlich Vogelhaus- oder <strong>Futtertischschaber<\/strong><a href=\"https:\/\/trendsandvision.nl\/de\/product\/esschert-design-futtertisch-schaber\/\"><\/a><\/p>\n<p>Artikelname: Nistkasten Kohlmeisen<br \/>\nArtikelnummer NKK<br \/>\nProduktgruppe(n) V\u00f6gel&amp;Gartentiere, Nistk\u00e4sten und Vogelh\u00e4user, Kohlmeise<br \/>\nProduktabmessungen in cm L 17,9 x T 21,3 x H 33,2<br \/>\nMaterial: Kiefernholz, Zink<br \/>\nNettogewicht 1,164 kg<br \/>\nBarcode 8714982000102<br \/>\nFSC\u00ae FSC Mix Credit<\/p>\n","protected":false},"excerpt":{"rendered":"<p>&#8211; Nistkasten Kohlmeisen<br \/>\n&#8211; Artikelnummer NKK<br \/>\n&#8211; L 17,9 x T 21,3 x H 33,2 cm<br \/>\n&#8211; Material Kiefernholz, Zink<br \/>\n&#8211; Nettogewicht 1,164 kg<br \/>\n&#8211; Barcode 8714982000102<br \/>\n&#8211; FSC\u00ae<br \/>\n&#8211; 32 mm Einflugsloch<br \/>\n&#8211; Futtertisch Schraper FB529\/FB528<\/p>\n","protected":false},"featured_media":6688,"template":"","meta":[],"product_brand":[9597,9598],"product_cat":[1315],"product_tag":[6809,10468,8320,6828,6714,7189],"class_list":{"0":"post-6687","1":"product","2":"type-product","3":"status-publish","4":"has-post-thumbnail","6":"product_brand-esschert-design","7":"product_brand-trends-and-vision","8":"product_cat-best-for-birds","9":"product_tag-fsc-100","10":"product_tag-futtertisch-schraper-fb529-fb528","11":"product_tag-kohlmeisen","12":"product_tag-nistkasten","13":"product_tag-voegel","14":"product_tag-vogelhaeuser","15":"pa_anbieter-esschert-design","16":"pa_ean-code-3840","17":"pa_material-fsc-zertifiziert-kiefernholz-und-zink","18":"pa_messungen-22x175x33-cm","20":"first","21":"instock","22":"sale","23":"taxable","24":"shipping-taxable","25":"purchasable","26":"product-type-simple","27":"czr-hentry"},"yoast_head":"<!-- This site is optimized with the Yoast SEO Premium plugin v26.4 (Yoast SEO v27.3) - https:\/\/yoast.com\/product\/yoast-seo-premium-wordpress\/ -->\n<title>Esschert Design Kohlmeisen Nistkasten (NKK, 8714982000102) - Trends &amp; Vision<\/title>\n<meta name=\"description\" content=\"Esschert Design Kohlmeisen Nistkasten: In diesem sch\u00f6nen hellgr\u00fcnen Nistkasten werden sich Kohlmaisen, Blaumaisen, Sperling und Trauerschna\" \/>\n<meta name=\"robots\" content=\"index, follow, max-snippet:-1, max-image-preview:large, max-video-preview:-1\" \/>\n<link rel=\"canonical\" href=\"https:\/\/trendsandvision.nl\/de\/product\/esschert-design-nistkasten-kohlmeisen\/\" \/>\n<meta property=\"og:locale\" content=\"de_DE\" \/>\n<meta property=\"og:type\" content=\"article\" \/>\n<meta property=\"og:title\" content=\"Esschert Design Nistkasten Kohlmeisen\" \/>\n<meta property=\"og:description\" content=\"Esschert Design Kohlmeisen Nistkasten: In diesem sch\u00f6nen hellgr\u00fcnen Nistkasten werden sich Kohlmaisen, Blaumaisen, Sperling und Trauerschna\" \/>\n<meta property=\"og:url\" content=\"https:\/\/trendsandvision.nl\/de\/product\/esschert-design-nistkasten-kohlmeisen\/\" \/>\n<meta property=\"og:site_name\" content=\"Trends &amp; Vision (DE)\" \/>\n<meta property=\"article:modified_time\" content=\"2026-04-07T08:43:14+00:00\" \/>\n<meta property=\"og:image\" content=\"https:\/\/trendsandvision.nl\/de\/wp-content\/uploads\/sites\/3\/2022\/04\/NKK_01.jpg\" \/>\n\t<meta property=\"og:image:width\" content=\"800\" \/>\n\t<meta property=\"og:image:height\" content=\"800\" \/>\n\t<meta property=\"og:image:type\" content=\"image\/jpeg\" \/>\n<meta name=\"twitter:card\" content=\"summary_large_image\" \/>\n<meta name=\"twitter:label1\" content=\"Gesch\u00e4tzte Lesezeit\" \/>\n\t<meta name=\"twitter:data1\" content=\"1\u00a0Minute\" \/>\n<script type=\"application\/ld+json\" class=\"yoast-schema-graph\">{\"@context\":\"https:\\\/\\\/schema.org\",\"@graph\":[{\"@type\":\"WebPage\",\"@id\":\"https:\\\/\\\/trendsandvision.nl\\\/de\\\/product\\\/esschert-design-nistkasten-kohlmeisen\\\/\",\"url\":\"https:\\\/\\\/trendsandvision.nl\\\/de\\\/product\\\/esschert-design-nistkasten-kohlmeisen\\\/\",\"name\":\"Esschert Design Kohlmeisen Nistkasten (NKK, 8714982000102) - Trends & Vision\",\"isPartOf\":{\"@id\":\"https:\\\/\\\/trendsandvision.nl\\\/de\\\/#website\"},\"primaryImageOfPage\":{\"@id\":\"https:\\\/\\\/trendsandvision.nl\\\/de\\\/product\\\/esschert-design-nistkasten-kohlmeisen\\\/#primaryimage\"},\"image\":{\"@id\":\"https:\\\/\\\/trendsandvision.nl\\\/de\\\/product\\\/esschert-design-nistkasten-kohlmeisen\\\/#primaryimage\"},\"thumbnailUrl\":\"https:\\\/\\\/trendsandvision.nl\\\/de\\\/wp-content\\\/uploads\\\/sites\\\/3\\\/2022\\\/04\\\/NKK_01.jpg\",\"datePublished\":\"2022-04-22T17:19:06+00:00\",\"dateModified\":\"2026-04-07T08:43:14+00:00\",\"description\":\"Esschert Design Kohlmeisen Nistkasten: In diesem sch\u00f6nen hellgr\u00fcnen Nistkasten werden sich Kohlmaisen, Blaumaisen, Sperling und Trauerschna\",\"breadcrumb\":{\"@id\":\"https:\\\/\\\/trendsandvision.nl\\\/de\\\/product\\\/esschert-design-nistkasten-kohlmeisen\\\/#breadcrumb\"},\"inLanguage\":\"de\",\"potentialAction\":[{\"@type\":\"ReadAction\",\"target\":[\"https:\\\/\\\/trendsandvision.nl\\\/de\\\/product\\\/esschert-design-nistkasten-kohlmeisen\\\/\"]}]},{\"@type\":\"ImageObject\",\"inLanguage\":\"de\",\"@id\":\"https:\\\/\\\/trendsandvision.nl\\\/de\\\/product\\\/esschert-design-nistkasten-kohlmeisen\\\/#primaryimage\",\"url\":\"https:\\\/\\\/trendsandvision.nl\\\/de\\\/wp-content\\\/uploads\\\/sites\\\/3\\\/2022\\\/04\\\/NKK_01.jpg\",\"contentUrl\":\"https:\\\/\\\/trendsandvision.nl\\\/de\\\/wp-content\\\/uploads\\\/sites\\\/3\\\/2022\\\/04\\\/NKK_01.jpg\",\"width\":800,\"height\":800,\"caption\":\"Esschert Design Kohlmeisen Nistkasten (NKK\"},{\"@type\":\"BreadcrumbList\",\"@id\":\"https:\\\/\\\/trendsandvision.nl\\\/de\\\/product\\\/esschert-design-nistkasten-kohlmeisen\\\/#breadcrumb\",\"itemListElement\":[{\"@type\":\"ListItem\",\"position\":1,\"name\":\"Home\",\"item\":\"https:\\\/\\\/trendsandvision.nl\\\/de\\\/\"},{\"@type\":\"ListItem\",\"position\":2,\"name\":\"Gesch\u00e4ft\",\"item\":\"https:\\\/\\\/trendsandvision.nl\\\/de\\\/geschaft\\\/\"},{\"@type\":\"ListItem\",\"position\":3,\"name\":\"Esschert Design Nistkasten Kohlmeisen\"}]},{\"@type\":\"WebSite\",\"@id\":\"https:\\\/\\\/trendsandvision.nl\\\/de\\\/#website\",\"url\":\"https:\\\/\\\/trendsandvision.nl\\\/de\\\/\",\"name\":\"Trends &amp; Vision (DE)\",\"description\":\"Der Webshop f\u00fcr Esschert Design Artikel\",\"publisher\":{\"@id\":\"https:\\\/\\\/trendsandvision.nl\\\/de\\\/#organization\"},\"potentialAction\":[{\"@type\":\"SearchAction\",\"target\":{\"@type\":\"EntryPoint\",\"urlTemplate\":\"https:\\\/\\\/trendsandvision.nl\\\/de\\\/?s={search_term_string}\"},\"query-input\":{\"@type\":\"PropertyValueSpecification\",\"valueRequired\":true,\"valueName\":\"search_term_string\"}}],\"inLanguage\":\"de\"},{\"@type\":\"Organization\",\"@id\":\"https:\\\/\\\/trendsandvision.nl\\\/de\\\/#organization\",\"name\":\"Trends &amp; Vision (DE)\",\"url\":\"https:\\\/\\\/trendsandvision.nl\\\/de\\\/\",\"logo\":{\"@type\":\"ImageObject\",\"inLanguage\":\"de\",\"@id\":\"https:\\\/\\\/trendsandvision.nl\\\/de\\\/#\\\/schema\\\/logo\\\/image\\\/\",\"url\":\"https:\\\/\\\/trendsandvision.nl\\\/de\\\/wp-content\\\/uploads\\\/sites\\\/3\\\/2022\\\/04\\\/trends-and-vision-logo.jpg\",\"contentUrl\":\"https:\\\/\\\/trendsandvision.nl\\\/de\\\/wp-content\\\/uploads\\\/sites\\\/3\\\/2022\\\/04\\\/trends-and-vision-logo.jpg\",\"width\":213,\"height\":100,\"caption\":\"Trends &amp; Vision (DE)\"},\"image\":{\"@id\":\"https:\\\/\\\/trendsandvision.nl\\\/de\\\/#\\\/schema\\\/logo\\\/image\\\/\"}}]}<\/script>\n<!-- \/ Yoast SEO Premium plugin. -->","yoast_head_json":{"title":"Esschert Design Kohlmeisen Nistkasten (NKK, 8714982000102) - Trends & Vision","description":"Esschert Design Kohlmeisen Nistkasten: In diesem sch\u00f6nen hellgr\u00fcnen Nistkasten werden sich Kohlmaisen, Blaumaisen, Sperling und Trauerschna","robots":{"index":"index","follow":"follow","max-snippet":"max-snippet:-1","max-image-preview":"max-image-preview:large","max-video-preview":"max-video-preview:-1"},"canonical":"https:\/\/trendsandvision.nl\/de\/product\/esschert-design-nistkasten-kohlmeisen\/","og_locale":"de_DE","og_type":"article","og_title":"Esschert Design Nistkasten Kohlmeisen","og_description":"Esschert Design Kohlmeisen Nistkasten: In diesem sch\u00f6nen hellgr\u00fcnen Nistkasten werden sich Kohlmaisen, Blaumaisen, Sperling und Trauerschna","og_url":"https:\/\/trendsandvision.nl\/de\/product\/esschert-design-nistkasten-kohlmeisen\/","og_site_name":"Trends &amp; Vision (DE)","article_modified_time":"2026-04-07T08:43:14+00:00","og_image":[{"width":800,"height":800,"url":"https:\/\/trendsandvision.nl\/de\/wp-content\/uploads\/sites\/3\/2022\/04\/NKK_01.jpg","type":"image\/jpeg"}],"twitter_card":"summary_large_image","twitter_misc":{"Gesch\u00e4tzte Lesezeit":"1\u00a0Minute"},"schema":{"@context":"https:\/\/schema.org","@graph":[{"@type":"WebPage","@id":"https:\/\/trendsandvision.nl\/de\/product\/esschert-design-nistkasten-kohlmeisen\/","url":"https:\/\/trendsandvision.nl\/de\/product\/esschert-design-nistkasten-kohlmeisen\/","name":"Esschert Design Kohlmeisen Nistkasten (NKK, 8714982000102) - Trends & Vision","isPartOf":{"@id":"https:\/\/trendsandvision.nl\/de\/#website"},"primaryImageOfPage":{"@id":"https:\/\/trendsandvision.nl\/de\/product\/esschert-design-nistkasten-kohlmeisen\/#primaryimage"},"image":{"@id":"https:\/\/trendsandvision.nl\/de\/product\/esschert-design-nistkasten-kohlmeisen\/#primaryimage"},"thumbnailUrl":"https:\/\/trendsandvision.nl\/de\/wp-content\/uploads\/sites\/3\/2022\/04\/NKK_01.jpg","datePublished":"2022-04-22T17:19:06+00:00","dateModified":"2026-04-07T08:43:14+00:00","description":"Esschert Design Kohlmeisen Nistkasten: In diesem sch\u00f6nen hellgr\u00fcnen Nistkasten werden sich Kohlmaisen, Blaumaisen, Sperling und Trauerschna","breadcrumb":{"@id":"https:\/\/trendsandvision.nl\/de\/product\/esschert-design-nistkasten-kohlmeisen\/#breadcrumb"},"inLanguage":"de","potentialAction":[{"@type":"ReadAction","target":["https:\/\/trendsandvision.nl\/de\/product\/esschert-design-nistkasten-kohlmeisen\/"]}]},{"@type":"ImageObject","inLanguage":"de","@id":"https:\/\/trendsandvision.nl\/de\/product\/esschert-design-nistkasten-kohlmeisen\/#primaryimage","url":"https:\/\/trendsandvision.nl\/de\/wp-content\/uploads\/sites\/3\/2022\/04\/NKK_01.jpg","contentUrl":"https:\/\/trendsandvision.nl\/de\/wp-content\/uploads\/sites\/3\/2022\/04\/NKK_01.jpg","width":800,"height":800,"caption":"Esschert Design Kohlmeisen Nistkasten (NKK"},{"@type":"BreadcrumbList","@id":"https:\/\/trendsandvision.nl\/de\/product\/esschert-design-nistkasten-kohlmeisen\/#breadcrumb","itemListElement":[{"@type":"ListItem","position":1,"name":"Home","item":"https:\/\/trendsandvision.nl\/de\/"},{"@type":"ListItem","position":2,"name":"Gesch\u00e4ft","item":"https:\/\/trendsandvision.nl\/de\/geschaft\/"},{"@type":"ListItem","position":3,"name":"Esschert Design Nistkasten Kohlmeisen"}]},{"@type":"WebSite","@id":"https:\/\/trendsandvision.nl\/de\/#website","url":"https:\/\/trendsandvision.nl\/de\/","name":"Trends &amp; Vision (DE)","description":"Der Webshop f\u00fcr Esschert Design Artikel","publisher":{"@id":"https:\/\/trendsandvision.nl\/de\/#organization"},"potentialAction":[{"@type":"SearchAction","target":{"@type":"EntryPoint","urlTemplate":"https:\/\/trendsandvision.nl\/de\/?s={search_term_string}"},"query-input":{"@type":"PropertyValueSpecification","valueRequired":true,"valueName":"search_term_string"}}],"inLanguage":"de"},{"@type":"Organization","@id":"https:\/\/trendsandvision.nl\/de\/#organization","name":"Trends &amp; Vision (DE)","url":"https:\/\/trendsandvision.nl\/de\/","logo":{"@type":"ImageObject","inLanguage":"de","@id":"https:\/\/trendsandvision.nl\/de\/#\/schema\/logo\/image\/","url":"https:\/\/trendsandvision.nl\/de\/wp-content\/uploads\/sites\/3\/2022\/04\/trends-and-vision-logo.jpg","contentUrl":"https:\/\/trendsandvision.nl\/de\/wp-content\/uploads\/sites\/3\/2022\/04\/trends-and-vision-logo.jpg","width":213,"height":100,"caption":"Trends &amp; Vision (DE)"},"image":{"@id":"https:\/\/trendsandvision.nl\/de\/#\/schema\/logo\/image\/"}}]}},"_links":{"self":[{"href":"https:\/\/trendsandvision.nl\/de\/wp-json\/wp\/v2\/product\/6687","targetHints":{"allow":["GET"]}}],"collection":[{"href":"https:\/\/trendsandvision.nl\/de\/wp-json\/wp\/v2\/product"}],"about":[{"href":"https:\/\/trendsandvision.nl\/de\/wp-json\/wp\/v2\/types\/product"}],"wp:featuredmedia":[{"embeddable":true,"href":"https:\/\/trendsandvision.nl\/de\/wp-json\/wp\/v2\/media\/6688"}],"wp:attachment":[{"href":"https:\/\/trendsandvision.nl\/de\/wp-json\/wp\/v2\/media?parent=6687"}],"wp:term":[{"taxonomy":"product_brand","embeddable":true,"href":"https:\/\/trendsandvision.nl\/de\/wp-json\/wp\/v2\/product_brand?post=6687"},{"taxonomy":"product_cat","embeddable":true,"href":"https:\/\/trendsandvision.nl\/de\/wp-json\/wp\/v2\/product_cat?post=6687"},{"taxonomy":"product_tag","embeddable":true,"href":"https:\/\/trendsandvision.nl\/de\/wp-json\/wp\/v2\/product_tag?post=6687"}],"curies":[{"name":"wp","href":"https:\/\/api.w.org\/{rel}","templated":true}]}}