{"id":6671,"date":"2022-04-22T19:18:18","date_gmt":"2022-04-22T17:18:18","guid":{"rendered":"https:\/\/trendsandvision.nl\/de\/product\/esschert-design-nistkasten-gruen\/"},"modified":"2026-04-07T10:43:13","modified_gmt":"2026-04-07T08:43:13","slug":"esschert-design-nistkasten-gruen","status":"publish","type":"product","link":"https:\/\/trendsandvision.nl\/de\/product\/esschert-design-nistkasten-gruen\/","title":{"rendered":"Esschert Design Nistkasten gr\u00fcn"},"content":{"rendered":"<p>Ein Nistkasten sollte in keinem Garten fehlen. Dieser einfache Nistkasten aus nat\u00fcrlichen Materialien bietet dem Zaunk\u00f6nig einen guten Ort zum Nisten und hilft daher, die Population dieser Vogelart in einer Region zu erhalten oder sogar zu vermehren. Im Winter nutzen die V\u00f6gel den Nistkasten oft als Unterschlupf.<br \/>\nH\u00e4ngen Sie den Nistkasten gegen einen Baum oder eine Wand in einer H\u00f6he von bis zu 2 m an einem gut verdeckten Ort zwischen dichten B\u00fcschen oder Kletterpflanzen, an einer ruhigen und einigerma\u00dfen gesch\u00fctzten Stelle. Also nicht direkt in der Sonne oder auf der Regenseite, frei anfliegaber f\u00fcr den Vogel. H\u00e4ngen Sie den Nistkasten wegen des Territoriums der V\u00f6gel mindestens 10 Meter entfenrt von Nistk\u00e4sten, die f\u00fcr dieselbe Vogelart bestimmt sind und in mindestens 3 Meter Entfernung zu Futterh\u00e4usern. Der Herbst ist die beste Zeit zum Reinigen von Nistk\u00e4sten.<br \/>\nZus\u00e4tzlich Vogelhaus- oder <strong>Futtertischschaber<\/strong><a href=\"https:\/\/trendsandvision.nl\/de\/product\/esschert-design-futtertisch-schaber\/\"><\/a><\/p>\n<p>&#8211; Einflugloch mit 30 mm Durchmesser<br \/>\n&#8211; passend f\u00fcr den Zaunk\u00f6nig<br \/>\n&#8211; kann \u00fcber den Boden ge\u00f6ffnet werden.<\/p>\n<p>Artikelname: Nistkasten gr\u00fcn<br \/>\nArtikelnummer: NKGG<br \/>\nProduktgruppe(n) V\u00f6gel&amp;Gartentiere, Nistk\u00e4sten und Vogelh\u00e4user, Zaunk\u00f6nig<br \/>\nProduktabmessungen in cm L 15,1 x T 13,3 x H 30,1<br \/>\nMaterial: Kiefernholz, Zink<br \/>\nNettogewicht 0,625 kg<br \/>\nBarcode 8714982004476<br \/>\nFSC\u00ae<\/p>\n","protected":false},"excerpt":{"rendered":"<p>&#8211; Artikelnummer: NKGG<br \/>\n&#8211; Einflugloch mit 30 mm Durchmesser<br \/>\n&#8211; passend f\u00fcr den Zaunk\u00f6nig<br \/>\n&#8211; kann \u00fcber den Boden ge\u00f6ffnet werden.<br \/>\n&#8211; L 15,1 x T 13,3 x H 30,1 cm<br \/>\n&#8211; Material Kiefernholz, Zink<br \/>\n&#8211; Nettogewicht 0,625 kg<br \/>\n&#8211; Barcode 8714982004476<br \/>\n&#8211; FSC\u00ae<\/p>\n","protected":false},"featured_media":6672,"template":"","meta":[],"product_brand":[9597,9598],"product_cat":[1315],"product_tag":[6809,6828,6714,7189],"class_list":{"0":"post-6671","1":"product","2":"type-product","3":"status-publish","4":"has-post-thumbnail","6":"product_brand-esschert-design","7":"product_brand-trends-and-vision","8":"product_cat-best-for-birds","9":"product_tag-fsc-100","10":"product_tag-nistkasten","11":"product_tag-voegel","12":"product_tag-vogelhaeuser","13":"pa_anbieter-esschert-design","14":"pa_ean-code-3835","15":"pa_material-fsc-zertifiziert-kiefernholz-und-zink","16":"pa_messungen-145x115x30-cm","18":"first","19":"instock","20":"sale","21":"taxable","22":"shipping-taxable","23":"purchasable","24":"product-type-simple","25":"czr-hentry"},"yoast_head":"<!-- This site is optimized with the Yoast SEO Premium plugin v26.4 (Yoast SEO v27.4) - https:\/\/yoast.com\/product\/yoast-seo-premium-wordpress\/ -->\n<title>Esschert Design Nistkasten gruen (NKGG, 8714982004476) - Trends &amp; Vision<\/title>\n<meta name=\"description\" content=\"Esschert Design Nistkasten gruen: Hellgr\u00fcner Holznistkasten. Geeignet f\u00fcr: Kohlmaise, Blaumaise, Sperling und Trauerschn\u00e4pper.Tipps: m\" \/>\n<meta name=\"robots\" content=\"index, follow, max-snippet:-1, max-image-preview:large, max-video-preview:-1\" \/>\n<link rel=\"canonical\" href=\"https:\/\/trendsandvision.nl\/de\/product\/esschert-design-nistkasten-gruen\/\" \/>\n<meta property=\"og:locale\" content=\"de_DE\" \/>\n<meta property=\"og:type\" content=\"article\" \/>\n<meta property=\"og:title\" content=\"Esschert Design Nistkasten gr\u00fcn\" \/>\n<meta property=\"og:description\" content=\"Esschert Design Nistkasten gruen: Hellgr\u00fcner Holznistkasten. Geeignet f\u00fcr: Kohlmaise, Blaumaise, Sperling und Trauerschn\u00e4pper.Tipps: m\" \/>\n<meta property=\"og:url\" content=\"https:\/\/trendsandvision.nl\/de\/product\/esschert-design-nistkasten-gruen\/\" \/>\n<meta property=\"og:site_name\" content=\"Trends &amp; Vision (DE)\" \/>\n<meta property=\"article:modified_time\" content=\"2026-04-07T08:43:13+00:00\" \/>\n<meta property=\"og:image\" content=\"https:\/\/trendsandvision.nl\/de\/wp-content\/uploads\/sites\/3\/2022\/04\/NKGG_01.jpg\" \/>\n\t<meta property=\"og:image:width\" content=\"800\" \/>\n\t<meta property=\"og:image:height\" content=\"800\" \/>\n\t<meta property=\"og:image:type\" content=\"image\/jpeg\" \/>\n<meta name=\"twitter:card\" content=\"summary_large_image\" \/>\n<meta name=\"twitter:label1\" content=\"Gesch\u00e4tzte Lesezeit\" \/>\n\t<meta name=\"twitter:data1\" content=\"2\u00a0Minuten\" \/>\n<script type=\"application\/ld+json\" class=\"yoast-schema-graph\">{\"@context\":\"https:\\\/\\\/schema.org\",\"@graph\":[{\"@type\":\"WebPage\",\"@id\":\"https:\\\/\\\/trendsandvision.nl\\\/de\\\/product\\\/esschert-design-nistkasten-gruen\\\/\",\"url\":\"https:\\\/\\\/trendsandvision.nl\\\/de\\\/product\\\/esschert-design-nistkasten-gruen\\\/\",\"name\":\"Esschert Design Nistkasten gruen (NKGG, 8714982004476) - Trends & Vision\",\"isPartOf\":{\"@id\":\"https:\\\/\\\/trendsandvision.nl\\\/de\\\/#website\"},\"primaryImageOfPage\":{\"@id\":\"https:\\\/\\\/trendsandvision.nl\\\/de\\\/product\\\/esschert-design-nistkasten-gruen\\\/#primaryimage\"},\"image\":{\"@id\":\"https:\\\/\\\/trendsandvision.nl\\\/de\\\/product\\\/esschert-design-nistkasten-gruen\\\/#primaryimage\"},\"thumbnailUrl\":\"https:\\\/\\\/trendsandvision.nl\\\/de\\\/wp-content\\\/uploads\\\/sites\\\/3\\\/2022\\\/04\\\/NKGG_01.jpg\",\"datePublished\":\"2022-04-22T17:18:18+00:00\",\"dateModified\":\"2026-04-07T08:43:13+00:00\",\"description\":\"Esschert Design Nistkasten gruen: Hellgr\u00fcner Holznistkasten. Geeignet f\u00fcr: Kohlmaise, Blaumaise, Sperling und Trauerschn\u00e4pper.Tipps: m\",\"breadcrumb\":{\"@id\":\"https:\\\/\\\/trendsandvision.nl\\\/de\\\/product\\\/esschert-design-nistkasten-gruen\\\/#breadcrumb\"},\"inLanguage\":\"de\",\"potentialAction\":[{\"@type\":\"ReadAction\",\"target\":[\"https:\\\/\\\/trendsandvision.nl\\\/de\\\/product\\\/esschert-design-nistkasten-gruen\\\/\"]}]},{\"@type\":\"ImageObject\",\"inLanguage\":\"de\",\"@id\":\"https:\\\/\\\/trendsandvision.nl\\\/de\\\/product\\\/esschert-design-nistkasten-gruen\\\/#primaryimage\",\"url\":\"https:\\\/\\\/trendsandvision.nl\\\/de\\\/wp-content\\\/uploads\\\/sites\\\/3\\\/2022\\\/04\\\/NKGG_01.jpg\",\"contentUrl\":\"https:\\\/\\\/trendsandvision.nl\\\/de\\\/wp-content\\\/uploads\\\/sites\\\/3\\\/2022\\\/04\\\/NKGG_01.jpg\",\"width\":800,\"height\":800,\"caption\":\"Esschert Design Nistkasten gruen (NKGG\"},{\"@type\":\"BreadcrumbList\",\"@id\":\"https:\\\/\\\/trendsandvision.nl\\\/de\\\/product\\\/esschert-design-nistkasten-gruen\\\/#breadcrumb\",\"itemListElement\":[{\"@type\":\"ListItem\",\"position\":1,\"name\":\"Home\",\"item\":\"https:\\\/\\\/trendsandvision.nl\\\/de\\\/\"},{\"@type\":\"ListItem\",\"position\":2,\"name\":\"Gesch\u00e4ft\",\"item\":\"https:\\\/\\\/trendsandvision.nl\\\/de\\\/geschaft\\\/\"},{\"@type\":\"ListItem\",\"position\":3,\"name\":\"Esschert Design Nistkasten gr\u00fcn\"}]},{\"@type\":\"WebSite\",\"@id\":\"https:\\\/\\\/trendsandvision.nl\\\/de\\\/#website\",\"url\":\"https:\\\/\\\/trendsandvision.nl\\\/de\\\/\",\"name\":\"Trends &amp; Vision (DE)\",\"description\":\"Der Webshop f\u00fcr Esschert Design Artikel\",\"publisher\":{\"@id\":\"https:\\\/\\\/trendsandvision.nl\\\/de\\\/#organization\"},\"potentialAction\":[{\"@type\":\"SearchAction\",\"target\":{\"@type\":\"EntryPoint\",\"urlTemplate\":\"https:\\\/\\\/trendsandvision.nl\\\/de\\\/?s={search_term_string}\"},\"query-input\":{\"@type\":\"PropertyValueSpecification\",\"valueRequired\":true,\"valueName\":\"search_term_string\"}}],\"inLanguage\":\"de\"},{\"@type\":\"Organization\",\"@id\":\"https:\\\/\\\/trendsandvision.nl\\\/de\\\/#organization\",\"name\":\"Trends &amp; Vision (DE)\",\"url\":\"https:\\\/\\\/trendsandvision.nl\\\/de\\\/\",\"logo\":{\"@type\":\"ImageObject\",\"inLanguage\":\"de\",\"@id\":\"https:\\\/\\\/trendsandvision.nl\\\/de\\\/#\\\/schema\\\/logo\\\/image\\\/\",\"url\":\"https:\\\/\\\/trendsandvision.nl\\\/de\\\/wp-content\\\/uploads\\\/sites\\\/3\\\/2022\\\/04\\\/trends-and-vision-logo.jpg\",\"contentUrl\":\"https:\\\/\\\/trendsandvision.nl\\\/de\\\/wp-content\\\/uploads\\\/sites\\\/3\\\/2022\\\/04\\\/trends-and-vision-logo.jpg\",\"width\":213,\"height\":100,\"caption\":\"Trends &amp; Vision (DE)\"},\"image\":{\"@id\":\"https:\\\/\\\/trendsandvision.nl\\\/de\\\/#\\\/schema\\\/logo\\\/image\\\/\"}}]}<\/script>\n<!-- \/ Yoast SEO Premium plugin. -->","yoast_head_json":{"title":"Esschert Design Nistkasten gruen (NKGG, 8714982004476) - Trends & Vision","description":"Esschert Design Nistkasten gruen: Hellgr\u00fcner Holznistkasten. Geeignet f\u00fcr: Kohlmaise, Blaumaise, Sperling und Trauerschn\u00e4pper.Tipps: m","robots":{"index":"index","follow":"follow","max-snippet":"max-snippet:-1","max-image-preview":"max-image-preview:large","max-video-preview":"max-video-preview:-1"},"canonical":"https:\/\/trendsandvision.nl\/de\/product\/esschert-design-nistkasten-gruen\/","og_locale":"de_DE","og_type":"article","og_title":"Esschert Design Nistkasten gr\u00fcn","og_description":"Esschert Design Nistkasten gruen: Hellgr\u00fcner Holznistkasten. Geeignet f\u00fcr: Kohlmaise, Blaumaise, Sperling und Trauerschn\u00e4pper.Tipps: m","og_url":"https:\/\/trendsandvision.nl\/de\/product\/esschert-design-nistkasten-gruen\/","og_site_name":"Trends &amp; Vision (DE)","article_modified_time":"2026-04-07T08:43:13+00:00","og_image":[{"width":800,"height":800,"url":"https:\/\/trendsandvision.nl\/de\/wp-content\/uploads\/sites\/3\/2022\/04\/NKGG_01.jpg","type":"image\/jpeg"}],"twitter_card":"summary_large_image","twitter_misc":{"Gesch\u00e4tzte Lesezeit":"2\u00a0Minuten"},"schema":{"@context":"https:\/\/schema.org","@graph":[{"@type":"WebPage","@id":"https:\/\/trendsandvision.nl\/de\/product\/esschert-design-nistkasten-gruen\/","url":"https:\/\/trendsandvision.nl\/de\/product\/esschert-design-nistkasten-gruen\/","name":"Esschert Design Nistkasten gruen (NKGG, 8714982004476) - Trends & Vision","isPartOf":{"@id":"https:\/\/trendsandvision.nl\/de\/#website"},"primaryImageOfPage":{"@id":"https:\/\/trendsandvision.nl\/de\/product\/esschert-design-nistkasten-gruen\/#primaryimage"},"image":{"@id":"https:\/\/trendsandvision.nl\/de\/product\/esschert-design-nistkasten-gruen\/#primaryimage"},"thumbnailUrl":"https:\/\/trendsandvision.nl\/de\/wp-content\/uploads\/sites\/3\/2022\/04\/NKGG_01.jpg","datePublished":"2022-04-22T17:18:18+00:00","dateModified":"2026-04-07T08:43:13+00:00","description":"Esschert Design Nistkasten gruen: Hellgr\u00fcner Holznistkasten. Geeignet f\u00fcr: Kohlmaise, Blaumaise, Sperling und Trauerschn\u00e4pper.Tipps: m","breadcrumb":{"@id":"https:\/\/trendsandvision.nl\/de\/product\/esschert-design-nistkasten-gruen\/#breadcrumb"},"inLanguage":"de","potentialAction":[{"@type":"ReadAction","target":["https:\/\/trendsandvision.nl\/de\/product\/esschert-design-nistkasten-gruen\/"]}]},{"@type":"ImageObject","inLanguage":"de","@id":"https:\/\/trendsandvision.nl\/de\/product\/esschert-design-nistkasten-gruen\/#primaryimage","url":"https:\/\/trendsandvision.nl\/de\/wp-content\/uploads\/sites\/3\/2022\/04\/NKGG_01.jpg","contentUrl":"https:\/\/trendsandvision.nl\/de\/wp-content\/uploads\/sites\/3\/2022\/04\/NKGG_01.jpg","width":800,"height":800,"caption":"Esschert Design Nistkasten gruen (NKGG"},{"@type":"BreadcrumbList","@id":"https:\/\/trendsandvision.nl\/de\/product\/esschert-design-nistkasten-gruen\/#breadcrumb","itemListElement":[{"@type":"ListItem","position":1,"name":"Home","item":"https:\/\/trendsandvision.nl\/de\/"},{"@type":"ListItem","position":2,"name":"Gesch\u00e4ft","item":"https:\/\/trendsandvision.nl\/de\/geschaft\/"},{"@type":"ListItem","position":3,"name":"Esschert Design Nistkasten gr\u00fcn"}]},{"@type":"WebSite","@id":"https:\/\/trendsandvision.nl\/de\/#website","url":"https:\/\/trendsandvision.nl\/de\/","name":"Trends &amp; Vision (DE)","description":"Der Webshop f\u00fcr Esschert Design Artikel","publisher":{"@id":"https:\/\/trendsandvision.nl\/de\/#organization"},"potentialAction":[{"@type":"SearchAction","target":{"@type":"EntryPoint","urlTemplate":"https:\/\/trendsandvision.nl\/de\/?s={search_term_string}"},"query-input":{"@type":"PropertyValueSpecification","valueRequired":true,"valueName":"search_term_string"}}],"inLanguage":"de"},{"@type":"Organization","@id":"https:\/\/trendsandvision.nl\/de\/#organization","name":"Trends &amp; Vision (DE)","url":"https:\/\/trendsandvision.nl\/de\/","logo":{"@type":"ImageObject","inLanguage":"de","@id":"https:\/\/trendsandvision.nl\/de\/#\/schema\/logo\/image\/","url":"https:\/\/trendsandvision.nl\/de\/wp-content\/uploads\/sites\/3\/2022\/04\/trends-and-vision-logo.jpg","contentUrl":"https:\/\/trendsandvision.nl\/de\/wp-content\/uploads\/sites\/3\/2022\/04\/trends-and-vision-logo.jpg","width":213,"height":100,"caption":"Trends &amp; Vision (DE)"},"image":{"@id":"https:\/\/trendsandvision.nl\/de\/#\/schema\/logo\/image\/"}}]}},"_links":{"self":[{"href":"https:\/\/trendsandvision.nl\/de\/wp-json\/wp\/v2\/product\/6671","targetHints":{"allow":["GET"]}}],"collection":[{"href":"https:\/\/trendsandvision.nl\/de\/wp-json\/wp\/v2\/product"}],"about":[{"href":"https:\/\/trendsandvision.nl\/de\/wp-json\/wp\/v2\/types\/product"}],"wp:featuredmedia":[{"embeddable":true,"href":"https:\/\/trendsandvision.nl\/de\/wp-json\/wp\/v2\/media\/6672"}],"wp:attachment":[{"href":"https:\/\/trendsandvision.nl\/de\/wp-json\/wp\/v2\/media?parent=6671"}],"wp:term":[{"taxonomy":"product_brand","embeddable":true,"href":"https:\/\/trendsandvision.nl\/de\/wp-json\/wp\/v2\/product_brand?post=6671"},{"taxonomy":"product_cat","embeddable":true,"href":"https:\/\/trendsandvision.nl\/de\/wp-json\/wp\/v2\/product_cat?post=6671"},{"taxonomy":"product_tag","embeddable":true,"href":"https:\/\/trendsandvision.nl\/de\/wp-json\/wp\/v2\/product_tag?post=6671"}],"curies":[{"name":"wp","href":"https:\/\/api.w.org\/{rel}","templated":true}]}}