{"id":6655,"date":"2022-04-22T19:18:18","date_gmt":"2022-04-22T17:18:18","guid":{"rendered":"https:\/\/trendsandvision.nl\/de\/product\/esschert-design-gartenbaumlaeufer-nistkasten\/"},"modified":"2026-04-22T15:15:13","modified_gmt":"2026-04-22T13:15:13","slug":"esschert-design-nistkasten-gartenbaumlaeufer","status":"publish","type":"product","link":"https:\/\/trendsandvision.nl\/de\/product\/esschert-design-nistkasten-gartenbaumlaeufer\/","title":{"rendered":"Esschert Design Nistkasten Gartenbauml\u00e4ufer"},"content":{"rendered":"<p>Ein Nistkasten sollte in keinem Garten fehlen. Dieser einfache Nistkasten aus nat\u00fcrlichen Materialien bietet dem Gartenbauml\u00e4ufer einen guten Ort zum Nisten und hilft daher, die Population dieser Vogelart in einer Region zu erhalten oder sogar zu vermehren. Der Gartenbauml\u00e4ufe verdankt seinen Namen seinem Verhalten, da er mit ruckartigen Bewegungen den Baumstamm aufw\u00e4rts. Dieser ma\u00dfgefertigte Nistkasten mit Zinkdach bietet dem Gartenbauml\u00e4ufer einen Seiteneingang, sodass er direkt durch den Baumstamm in den Nistkasten gelangen kann. Neben dem Bauml\u00e4ufer bietet der Nistkasten auch dem Kleiber einen guten Platz zum Nisten. Im Winter nutzen die V\u00f6gel den Nistkasten oft als Unterschlupf.<br \/>\nH\u00e4ngen Sie den Nistkasten an einen ruhigen und einigerma\u00dfen gesch\u00fctzten Ort, also nicht direkt in der Sonne oder auf der Regenseite, frei anfliegbar f\u00fcr den Vogel. Der Herbst ist die beste Zeit zum Reinigen von Nistk\u00e4sten. Extra bei zu bestellen (Futtertisch Schraper FB529\/FB528) <\/p>\n<p>&#8211; \u00d6ffnung \u00fcber Faltdach<br \/>\n&#8211; Passend f\u00fcr Gartenbauml\u00e4ufer und Kleiber<\/p>\n<p>Artikelname: Nistkasten Gartenbauml\u00e4ufer<br \/>\nArtikelnummer: NKBK<br \/>\nProduktgruppe(n) V\u00f6gel&amp;Gartentiere, Nistk\u00e4sten und Vogelh\u00e4user, Bauml\u00e4ufer<br \/>\nProduktabmessungen in cm L 19,4 x T 17,1 x H 50,5<br \/>\nMaterial: Kiefernholz, Zink<br \/>\nNettogewicht 1,04 kg<br \/>\nBarcode 8714982000157<br \/>\nFSC\u00ae<\/p>\n","protected":false},"excerpt":{"rendered":"<p>&#8211; Artikelnummer: NKBK<br \/>\n&#8211; L 19,4 x T 17,1 x H 50,5 cm<br \/>\n&#8211; Material Kiefernholz, Zink<br \/>\n&#8211; \u00d6ffnung \u00fcber Faltdach<br \/>\n&#8211; Passend f\u00fcr Gartenbauml\u00e4ufer und Kleiber<br \/>\n&#8211; Nettogewicht 1,04 kg<br \/>\n&#8211; Barcode 8714982000157<br \/>\n&#8211; FSC\u00ae<br \/>\n&#8211; (Futtertisch Schraper FB529\/FB528) <\/p>\n","protected":false},"featured_media":6656,"template":"","meta":[],"product_brand":[9597,9598],"product_cat":[1315],"product_tag":[6809,10468,8324,6828,6714,7189],"class_list":{"0":"post-6655","1":"product","2":"type-product","3":"status-publish","4":"has-post-thumbnail","6":"product_brand-esschert-design","7":"product_brand-trends-and-vision","8":"product_cat-best-for-birds","9":"product_tag-fsc-100","10":"product_tag-futtertisch-schraper-fb529-fb528","11":"product_tag-gartenbaumlaeufer","12":"product_tag-nistkasten","13":"product_tag-voegel","14":"product_tag-vogelhaeuser","15":"pa_anbieter-esschert-design","16":"pa_ean-code-3828","17":"pa_material-fsc-zertifiziert-kiefernholz-und-zink","18":"pa_messungen-185x14x45-cm","20":"first","21":"outofstock","22":"sale","23":"taxable","24":"shipping-taxable","25":"purchasable","26":"product-type-simple","27":"czr-hentry"},"yoast_head":"<!-- This site is optimized with the Yoast SEO Premium plugin v27.4 (Yoast SEO v27.4) - https:\/\/yoast.com\/product\/yoast-seo-premium-wordpress\/ -->\n<title>Esschert Design Gartenbaumlaeufer Nistkasten (NKBK, 8714982000157) - Trends &amp; Vision<\/title>\n<meta name=\"description\" content=\"Esschert Design Gartenbaumlaeufer Nistkasten: Gartenbaumlaeufer Nistkasten\" \/>\n<meta name=\"robots\" content=\"index, follow, max-snippet:-1, max-image-preview:large, max-video-preview:-1\" \/>\n<link rel=\"canonical\" href=\"https:\/\/trendsandvision.nl\/de\/product\/esschert-design-nistkasten-gartenbaumlaeufer\/\" \/>\n<meta property=\"og:locale\" content=\"de_DE\" \/>\n<meta property=\"og:type\" content=\"article\" \/>\n<meta property=\"og:title\" content=\"Esschert Design Nistkasten Gartenbauml\u00e4ufer\" \/>\n<meta property=\"og:description\" content=\"Esschert Design Gartenbaumlaeufer Nistkasten: Gartenbaumlaeufer Nistkasten\" \/>\n<meta property=\"og:url\" content=\"https:\/\/trendsandvision.nl\/de\/product\/esschert-design-nistkasten-gartenbaumlaeufer\/\" \/>\n<meta property=\"og:site_name\" content=\"Trends &amp; Vision (DE)\" \/>\n<meta property=\"article:modified_time\" content=\"2026-04-22T13:15:13+00:00\" \/>\n<meta property=\"og:image\" content=\"https:\/\/trendsandvision.nl\/de\/wp-content\/uploads\/sites\/3\/2022\/04\/NKBK_01.jpg\" \/>\n\t<meta property=\"og:image:width\" content=\"800\" \/>\n\t<meta property=\"og:image:height\" content=\"800\" \/>\n\t<meta property=\"og:image:type\" content=\"image\/jpeg\" \/>\n<meta name=\"twitter:card\" content=\"summary_large_image\" \/>\n<meta name=\"twitter:label1\" content=\"Gesch\u00e4tzte Lesezeit\" \/>\n\t<meta name=\"twitter:data1\" content=\"2\u00a0Minuten\" \/>\n<script type=\"application\/ld+json\" class=\"yoast-schema-graph\">{\"@context\":\"https:\\\/\\\/schema.org\",\"@graph\":[{\"@type\":\"WebPage\",\"@id\":\"https:\\\/\\\/trendsandvision.nl\\\/de\\\/product\\\/esschert-design-nistkasten-gartenbaumlaeufer\\\/\",\"url\":\"https:\\\/\\\/trendsandvision.nl\\\/de\\\/product\\\/esschert-design-nistkasten-gartenbaumlaeufer\\\/\",\"name\":\"Esschert Design Gartenbaumlaeufer Nistkasten (NKBK, 8714982000157) - Trends & Vision\",\"isPartOf\":{\"@id\":\"https:\\\/\\\/trendsandvision.nl\\\/de\\\/#website\"},\"primaryImageOfPage\":{\"@id\":\"https:\\\/\\\/trendsandvision.nl\\\/de\\\/product\\\/esschert-design-nistkasten-gartenbaumlaeufer\\\/#primaryimage\"},\"image\":{\"@id\":\"https:\\\/\\\/trendsandvision.nl\\\/de\\\/product\\\/esschert-design-nistkasten-gartenbaumlaeufer\\\/#primaryimage\"},\"thumbnailUrl\":\"https:\\\/\\\/trendsandvision.nl\\\/de\\\/wp-content\\\/uploads\\\/sites\\\/3\\\/2022\\\/04\\\/NKBK_01.jpg\",\"datePublished\":\"2022-04-22T17:18:18+00:00\",\"dateModified\":\"2026-04-22T13:15:13+00:00\",\"description\":\"Esschert Design Gartenbaumlaeufer Nistkasten: Gartenbaumlaeufer Nistkasten\",\"breadcrumb\":{\"@id\":\"https:\\\/\\\/trendsandvision.nl\\\/de\\\/product\\\/esschert-design-nistkasten-gartenbaumlaeufer\\\/#breadcrumb\"},\"inLanguage\":\"de\",\"potentialAction\":[{\"@type\":\"ReadAction\",\"target\":[\"https:\\\/\\\/trendsandvision.nl\\\/de\\\/product\\\/esschert-design-nistkasten-gartenbaumlaeufer\\\/\"]}]},{\"@type\":\"ImageObject\",\"inLanguage\":\"de\",\"@id\":\"https:\\\/\\\/trendsandvision.nl\\\/de\\\/product\\\/esschert-design-nistkasten-gartenbaumlaeufer\\\/#primaryimage\",\"url\":\"https:\\\/\\\/trendsandvision.nl\\\/de\\\/wp-content\\\/uploads\\\/sites\\\/3\\\/2022\\\/04\\\/NKBK_01.jpg\",\"contentUrl\":\"https:\\\/\\\/trendsandvision.nl\\\/de\\\/wp-content\\\/uploads\\\/sites\\\/3\\\/2022\\\/04\\\/NKBK_01.jpg\",\"width\":800,\"height\":800,\"caption\":\"Esschert Design Gartenbaumlaeufer Nistkasten (NKBK\"},{\"@type\":\"BreadcrumbList\",\"@id\":\"https:\\\/\\\/trendsandvision.nl\\\/de\\\/product\\\/esschert-design-nistkasten-gartenbaumlaeufer\\\/#breadcrumb\",\"itemListElement\":[{\"@type\":\"ListItem\",\"position\":1,\"name\":\"Home\",\"item\":\"https:\\\/\\\/trendsandvision.nl\\\/de\\\/\"},{\"@type\":\"ListItem\",\"position\":2,\"name\":\"Gesch\u00e4ft\",\"item\":\"https:\\\/\\\/trendsandvision.nl\\\/de\\\/geschaft\\\/\"},{\"@type\":\"ListItem\",\"position\":3,\"name\":\"Esschert Design Nistkasten Gartenbauml\u00e4ufer\"}]},{\"@type\":\"WebSite\",\"@id\":\"https:\\\/\\\/trendsandvision.nl\\\/de\\\/#website\",\"url\":\"https:\\\/\\\/trendsandvision.nl\\\/de\\\/\",\"name\":\"Trends &amp; Vision (DE)\",\"description\":\"Der Webshop f\u00fcr Esschert Design Artikel\",\"publisher\":{\"@id\":\"https:\\\/\\\/trendsandvision.nl\\\/de\\\/#organization\"},\"potentialAction\":[{\"@type\":\"SearchAction\",\"target\":{\"@type\":\"EntryPoint\",\"urlTemplate\":\"https:\\\/\\\/trendsandvision.nl\\\/de\\\/?s={search_term_string}\"},\"query-input\":{\"@type\":\"PropertyValueSpecification\",\"valueRequired\":true,\"valueName\":\"search_term_string\"}}],\"inLanguage\":\"de\"},{\"@type\":\"Organization\",\"@id\":\"https:\\\/\\\/trendsandvision.nl\\\/de\\\/#organization\",\"name\":\"Trends &amp; Vision (DE)\",\"url\":\"https:\\\/\\\/trendsandvision.nl\\\/de\\\/\",\"logo\":{\"@type\":\"ImageObject\",\"inLanguage\":\"de\",\"@id\":\"https:\\\/\\\/trendsandvision.nl\\\/de\\\/#\\\/schema\\\/logo\\\/image\\\/\",\"url\":\"https:\\\/\\\/trendsandvision.nl\\\/de\\\/wp-content\\\/uploads\\\/sites\\\/3\\\/2022\\\/04\\\/trends-and-vision-logo.jpg\",\"contentUrl\":\"https:\\\/\\\/trendsandvision.nl\\\/de\\\/wp-content\\\/uploads\\\/sites\\\/3\\\/2022\\\/04\\\/trends-and-vision-logo.jpg\",\"width\":213,\"height\":100,\"caption\":\"Trends &amp; Vision (DE)\"},\"image\":{\"@id\":\"https:\\\/\\\/trendsandvision.nl\\\/de\\\/#\\\/schema\\\/logo\\\/image\\\/\"}}]}<\/script>\n<!-- \/ Yoast SEO Premium plugin. -->","yoast_head_json":{"title":"Esschert Design Gartenbaumlaeufer Nistkasten (NKBK, 8714982000157) - Trends & Vision","description":"Esschert Design Gartenbaumlaeufer Nistkasten: Gartenbaumlaeufer Nistkasten","robots":{"index":"index","follow":"follow","max-snippet":"max-snippet:-1","max-image-preview":"max-image-preview:large","max-video-preview":"max-video-preview:-1"},"canonical":"https:\/\/trendsandvision.nl\/de\/product\/esschert-design-nistkasten-gartenbaumlaeufer\/","og_locale":"de_DE","og_type":"article","og_title":"Esschert Design Nistkasten Gartenbauml\u00e4ufer","og_description":"Esschert Design Gartenbaumlaeufer Nistkasten: Gartenbaumlaeufer Nistkasten","og_url":"https:\/\/trendsandvision.nl\/de\/product\/esschert-design-nistkasten-gartenbaumlaeufer\/","og_site_name":"Trends &amp; Vision (DE)","article_modified_time":"2026-04-22T13:15:13+00:00","og_image":[{"width":800,"height":800,"url":"https:\/\/trendsandvision.nl\/de\/wp-content\/uploads\/sites\/3\/2022\/04\/NKBK_01.jpg","type":"image\/jpeg"}],"twitter_card":"summary_large_image","twitter_misc":{"Gesch\u00e4tzte Lesezeit":"2\u00a0Minuten"},"schema":{"@context":"https:\/\/schema.org","@graph":[{"@type":"WebPage","@id":"https:\/\/trendsandvision.nl\/de\/product\/esschert-design-nistkasten-gartenbaumlaeufer\/","url":"https:\/\/trendsandvision.nl\/de\/product\/esschert-design-nistkasten-gartenbaumlaeufer\/","name":"Esschert Design Gartenbaumlaeufer Nistkasten (NKBK, 8714982000157) - Trends & Vision","isPartOf":{"@id":"https:\/\/trendsandvision.nl\/de\/#website"},"primaryImageOfPage":{"@id":"https:\/\/trendsandvision.nl\/de\/product\/esschert-design-nistkasten-gartenbaumlaeufer\/#primaryimage"},"image":{"@id":"https:\/\/trendsandvision.nl\/de\/product\/esschert-design-nistkasten-gartenbaumlaeufer\/#primaryimage"},"thumbnailUrl":"https:\/\/trendsandvision.nl\/de\/wp-content\/uploads\/sites\/3\/2022\/04\/NKBK_01.jpg","datePublished":"2022-04-22T17:18:18+00:00","dateModified":"2026-04-22T13:15:13+00:00","description":"Esschert Design Gartenbaumlaeufer Nistkasten: Gartenbaumlaeufer Nistkasten","breadcrumb":{"@id":"https:\/\/trendsandvision.nl\/de\/product\/esschert-design-nistkasten-gartenbaumlaeufer\/#breadcrumb"},"inLanguage":"de","potentialAction":[{"@type":"ReadAction","target":["https:\/\/trendsandvision.nl\/de\/product\/esschert-design-nistkasten-gartenbaumlaeufer\/"]}]},{"@type":"ImageObject","inLanguage":"de","@id":"https:\/\/trendsandvision.nl\/de\/product\/esschert-design-nistkasten-gartenbaumlaeufer\/#primaryimage","url":"https:\/\/trendsandvision.nl\/de\/wp-content\/uploads\/sites\/3\/2022\/04\/NKBK_01.jpg","contentUrl":"https:\/\/trendsandvision.nl\/de\/wp-content\/uploads\/sites\/3\/2022\/04\/NKBK_01.jpg","width":800,"height":800,"caption":"Esschert Design Gartenbaumlaeufer Nistkasten (NKBK"},{"@type":"BreadcrumbList","@id":"https:\/\/trendsandvision.nl\/de\/product\/esschert-design-nistkasten-gartenbaumlaeufer\/#breadcrumb","itemListElement":[{"@type":"ListItem","position":1,"name":"Home","item":"https:\/\/trendsandvision.nl\/de\/"},{"@type":"ListItem","position":2,"name":"Gesch\u00e4ft","item":"https:\/\/trendsandvision.nl\/de\/geschaft\/"},{"@type":"ListItem","position":3,"name":"Esschert Design Nistkasten Gartenbauml\u00e4ufer"}]},{"@type":"WebSite","@id":"https:\/\/trendsandvision.nl\/de\/#website","url":"https:\/\/trendsandvision.nl\/de\/","name":"Trends &amp; Vision (DE)","description":"Der Webshop f\u00fcr Esschert Design Artikel","publisher":{"@id":"https:\/\/trendsandvision.nl\/de\/#organization"},"potentialAction":[{"@type":"SearchAction","target":{"@type":"EntryPoint","urlTemplate":"https:\/\/trendsandvision.nl\/de\/?s={search_term_string}"},"query-input":{"@type":"PropertyValueSpecification","valueRequired":true,"valueName":"search_term_string"}}],"inLanguage":"de"},{"@type":"Organization","@id":"https:\/\/trendsandvision.nl\/de\/#organization","name":"Trends &amp; Vision (DE)","url":"https:\/\/trendsandvision.nl\/de\/","logo":{"@type":"ImageObject","inLanguage":"de","@id":"https:\/\/trendsandvision.nl\/de\/#\/schema\/logo\/image\/","url":"https:\/\/trendsandvision.nl\/de\/wp-content\/uploads\/sites\/3\/2022\/04\/trends-and-vision-logo.jpg","contentUrl":"https:\/\/trendsandvision.nl\/de\/wp-content\/uploads\/sites\/3\/2022\/04\/trends-and-vision-logo.jpg","width":213,"height":100,"caption":"Trends &amp; Vision (DE)"},"image":{"@id":"https:\/\/trendsandvision.nl\/de\/#\/schema\/logo\/image\/"}}]}},"_links":{"self":[{"href":"https:\/\/trendsandvision.nl\/de\/wp-json\/wp\/v2\/product\/6655","targetHints":{"allow":["GET"]}}],"collection":[{"href":"https:\/\/trendsandvision.nl\/de\/wp-json\/wp\/v2\/product"}],"about":[{"href":"https:\/\/trendsandvision.nl\/de\/wp-json\/wp\/v2\/types\/product"}],"wp:featuredmedia":[{"embeddable":true,"href":"https:\/\/trendsandvision.nl\/de\/wp-json\/wp\/v2\/media\/6656"}],"wp:attachment":[{"href":"https:\/\/trendsandvision.nl\/de\/wp-json\/wp\/v2\/media?parent=6655"}],"wp:term":[{"taxonomy":"product_brand","embeddable":true,"href":"https:\/\/trendsandvision.nl\/de\/wp-json\/wp\/v2\/product_brand?post=6655"},{"taxonomy":"product_cat","embeddable":true,"href":"https:\/\/trendsandvision.nl\/de\/wp-json\/wp\/v2\/product_cat?post=6655"},{"taxonomy":"product_tag","embeddable":true,"href":"https:\/\/trendsandvision.nl\/de\/wp-json\/wp\/v2\/product_tag?post=6655"}],"curies":[{"name":"wp","href":"https:\/\/api.w.org\/{rel}","templated":true}]}}