{"id":6639,"date":"2022-04-22T19:17:32","date_gmt":"2022-04-22T17:17:32","guid":{"rendered":"https:\/\/trendsandvision.nl\/de\/product\/esschert-design-rauchschwalbennest\/"},"modified":"2026-04-22T15:15:10","modified_gmt":"2026-04-22T13:15:10","slug":"esschert-design-rauchschwalbennest","status":"publish","type":"product","link":"https:\/\/trendsandvision.nl\/de\/product\/esschert-design-rauchschwalbennest\/","title":{"rendered":"Esschert Design Rauchschwalbennest"},"content":{"rendered":"<p>Die Rauchschwalbe lebt seit Menschengedenken in unmittelbarer N\u00e4he zum Menschen und gilt nach Ansicht der Bauern als Vorbote des Fr\u00fchlings und des Gl\u00fccks.<br \/>\nSchwalben br\u00fcten am liebsten mit mehreren Artgenossen gleichzeitig, daher ist es vorzuziehen, mehrere Schwalbennester zusammen zu h\u00e4ngen.<br \/>\nDieses Schwalbennest wird am besten unter einem Unterstand, in einem offenen Schuppen oder gegen eine Wand platziert.<br \/>\nAchten Sie darauf, dass zwischen der Oberseite des Nestes und dem Dach ein Abstand von 8 cm besteht.<br \/>\nGeeignet f\u00fcr die Rauchschwalbe.<\/p>\n<p>Artikelname: Schwalbennest<br \/>\nArtikelnummer: NKB2<br \/>\nProduktgruppe(n) V\u00f6gel&amp;Gartentiere, Nistk\u00e4sten und Vogelh\u00e4user, Schwalben<br \/>\nProduktabmessungen in cm L 24,2 x T 9,5 x H 14,7<br \/>\nMaterial: Beton, OSB<br \/>\nNettogewicht 0,798 kg<br \/>\nBarcode 8714982000447<br \/>\nZus\u00e4tzlich Vogelhaus- oder <strong>Futtertischschaber<\/strong><a href=\"https:\/\/trendsandvision.nl\/de\/product\/esschert-design-futtertisch-schaber\/\"><\/a><\/p>\n","protected":false},"excerpt":{"rendered":"<p>Schwalbennest<br \/>\nArtikelnummer: NKB2<br \/>\nL 24,2 x T 9,5 x H 14,7 cm<br \/>\nMaterial: Beton, OSB<br \/>\nNettogewicht 0,798 kg<br \/>\nBarcode 8714982000447<\/p>\n","protected":false},"featured_media":6640,"template":"","meta":[],"product_brand":[9597,9598],"product_cat":[1315],"product_tag":[8328,6828,10469,8321,6714,7189],"class_list":{"0":"post-6639","1":"product","2":"type-product","3":"status-publish","4":"has-post-thumbnail","6":"product_brand-esschert-design","7":"product_brand-trends-and-vision","8":"product_cat-best-for-birds","9":"product_tag-nest","10":"product_tag-nistkasten","11":"product_tag-rauchschwalbe","12":"product_tag-schwalben","13":"product_tag-voegel","14":"product_tag-vogelhaeuser","15":"pa_anbieter-esschert-design","16":"pa_ean-code-3821","17":"pa_material-beton-und-sperrholz","18":"pa_messungen-24x145x8-cm","20":"first","21":"instock","22":"sale","23":"taxable","24":"shipping-taxable","25":"purchasable","26":"product-type-simple","27":"czr-hentry"},"yoast_head":"<!-- This site is optimized with the Yoast SEO Premium plugin v27.4 (Yoast SEO v27.4) - https:\/\/yoast.com\/product\/yoast-seo-premium-wordpress\/ -->\n<title>Esschert Design Rauchschwalbennest (NKB2, 8714982000447) - Trends &amp; Vision<\/title>\n<meta name=\"description\" content=\"Esschert Design Rauchschwalbennest: Schwalbennest. Dieses Nest sollten sie direkt unter dem Dach befestigen, damit die Oberseite geschlo\" \/>\n<meta name=\"robots\" content=\"index, follow, max-snippet:-1, max-image-preview:large, max-video-preview:-1\" \/>\n<link rel=\"canonical\" href=\"https:\/\/trendsandvision.nl\/de\/product\/esschert-design-rauchschwalbennest\/\" \/>\n<meta property=\"og:locale\" content=\"de_DE\" \/>\n<meta property=\"og:type\" content=\"article\" \/>\n<meta property=\"og:title\" content=\"Esschert Design Rauchschwalbennest\" \/>\n<meta property=\"og:description\" content=\"Esschert Design Rauchschwalbennest: Schwalbennest. Dieses Nest sollten sie direkt unter dem Dach befestigen, damit die Oberseite geschlo\" \/>\n<meta property=\"og:url\" content=\"https:\/\/trendsandvision.nl\/de\/product\/esschert-design-rauchschwalbennest\/\" \/>\n<meta property=\"og:site_name\" content=\"Trends &amp; Vision (DE)\" \/>\n<meta property=\"article:modified_time\" content=\"2026-04-22T13:15:10+00:00\" \/>\n<meta property=\"og:image\" content=\"https:\/\/trendsandvision.nl\/de\/wp-content\/uploads\/sites\/3\/2022\/04\/NKB2_01.jpg\" \/>\n\t<meta property=\"og:image:width\" content=\"800\" \/>\n\t<meta property=\"og:image:height\" content=\"800\" \/>\n\t<meta property=\"og:image:type\" content=\"image\/jpeg\" \/>\n<meta name=\"twitter:card\" content=\"summary_large_image\" \/>\n<meta name=\"twitter:label1\" content=\"Gesch\u00e4tzte Lesezeit\" \/>\n\t<meta name=\"twitter:data1\" content=\"1\u00a0Minute\" \/>\n<script type=\"application\/ld+json\" class=\"yoast-schema-graph\">{\"@context\":\"https:\\\/\\\/schema.org\",\"@graph\":[{\"@type\":\"WebPage\",\"@id\":\"https:\\\/\\\/trendsandvision.nl\\\/de\\\/product\\\/esschert-design-rauchschwalbennest\\\/\",\"url\":\"https:\\\/\\\/trendsandvision.nl\\\/de\\\/product\\\/esschert-design-rauchschwalbennest\\\/\",\"name\":\"Esschert Design Rauchschwalbennest (NKB2, 8714982000447) - Trends & Vision\",\"isPartOf\":{\"@id\":\"https:\\\/\\\/trendsandvision.nl\\\/de\\\/#website\"},\"primaryImageOfPage\":{\"@id\":\"https:\\\/\\\/trendsandvision.nl\\\/de\\\/product\\\/esschert-design-rauchschwalbennest\\\/#primaryimage\"},\"image\":{\"@id\":\"https:\\\/\\\/trendsandvision.nl\\\/de\\\/product\\\/esschert-design-rauchschwalbennest\\\/#primaryimage\"},\"thumbnailUrl\":\"https:\\\/\\\/trendsandvision.nl\\\/de\\\/wp-content\\\/uploads\\\/sites\\\/3\\\/2022\\\/04\\\/NKB2_01.jpg\",\"datePublished\":\"2022-04-22T17:17:32+00:00\",\"dateModified\":\"2026-04-22T13:15:10+00:00\",\"description\":\"Esschert Design Rauchschwalbennest: Schwalbennest. Dieses Nest sollten sie direkt unter dem Dach befestigen, damit die Oberseite geschlo\",\"breadcrumb\":{\"@id\":\"https:\\\/\\\/trendsandvision.nl\\\/de\\\/product\\\/esschert-design-rauchschwalbennest\\\/#breadcrumb\"},\"inLanguage\":\"de\",\"potentialAction\":[{\"@type\":\"ReadAction\",\"target\":[\"https:\\\/\\\/trendsandvision.nl\\\/de\\\/product\\\/esschert-design-rauchschwalbennest\\\/\"]}]},{\"@type\":\"ImageObject\",\"inLanguage\":\"de\",\"@id\":\"https:\\\/\\\/trendsandvision.nl\\\/de\\\/product\\\/esschert-design-rauchschwalbennest\\\/#primaryimage\",\"url\":\"https:\\\/\\\/trendsandvision.nl\\\/de\\\/wp-content\\\/uploads\\\/sites\\\/3\\\/2022\\\/04\\\/NKB2_01.jpg\",\"contentUrl\":\"https:\\\/\\\/trendsandvision.nl\\\/de\\\/wp-content\\\/uploads\\\/sites\\\/3\\\/2022\\\/04\\\/NKB2_01.jpg\",\"width\":800,\"height\":800,\"caption\":\"Esschert Design Rauchschwalbennest (NKB2\"},{\"@type\":\"BreadcrumbList\",\"@id\":\"https:\\\/\\\/trendsandvision.nl\\\/de\\\/product\\\/esschert-design-rauchschwalbennest\\\/#breadcrumb\",\"itemListElement\":[{\"@type\":\"ListItem\",\"position\":1,\"name\":\"Home\",\"item\":\"https:\\\/\\\/trendsandvision.nl\\\/de\\\/\"},{\"@type\":\"ListItem\",\"position\":2,\"name\":\"Gesch\u00e4ft\",\"item\":\"https:\\\/\\\/trendsandvision.nl\\\/de\\\/geschaft\\\/\"},{\"@type\":\"ListItem\",\"position\":3,\"name\":\"Esschert Design Rauchschwalbennest\"}]},{\"@type\":\"WebSite\",\"@id\":\"https:\\\/\\\/trendsandvision.nl\\\/de\\\/#website\",\"url\":\"https:\\\/\\\/trendsandvision.nl\\\/de\\\/\",\"name\":\"Trends &amp; Vision (DE)\",\"description\":\"Der Webshop f\u00fcr Esschert Design Artikel\",\"publisher\":{\"@id\":\"https:\\\/\\\/trendsandvision.nl\\\/de\\\/#organization\"},\"potentialAction\":[{\"@type\":\"SearchAction\",\"target\":{\"@type\":\"EntryPoint\",\"urlTemplate\":\"https:\\\/\\\/trendsandvision.nl\\\/de\\\/?s={search_term_string}\"},\"query-input\":{\"@type\":\"PropertyValueSpecification\",\"valueRequired\":true,\"valueName\":\"search_term_string\"}}],\"inLanguage\":\"de\"},{\"@type\":\"Organization\",\"@id\":\"https:\\\/\\\/trendsandvision.nl\\\/de\\\/#organization\",\"name\":\"Trends &amp; Vision (DE)\",\"url\":\"https:\\\/\\\/trendsandvision.nl\\\/de\\\/\",\"logo\":{\"@type\":\"ImageObject\",\"inLanguage\":\"de\",\"@id\":\"https:\\\/\\\/trendsandvision.nl\\\/de\\\/#\\\/schema\\\/logo\\\/image\\\/\",\"url\":\"https:\\\/\\\/trendsandvision.nl\\\/de\\\/wp-content\\\/uploads\\\/sites\\\/3\\\/2022\\\/04\\\/trends-and-vision-logo.jpg\",\"contentUrl\":\"https:\\\/\\\/trendsandvision.nl\\\/de\\\/wp-content\\\/uploads\\\/sites\\\/3\\\/2022\\\/04\\\/trends-and-vision-logo.jpg\",\"width\":213,\"height\":100,\"caption\":\"Trends &amp; Vision (DE)\"},\"image\":{\"@id\":\"https:\\\/\\\/trendsandvision.nl\\\/de\\\/#\\\/schema\\\/logo\\\/image\\\/\"}}]}<\/script>\n<!-- \/ Yoast SEO Premium plugin. -->","yoast_head_json":{"title":"Esschert Design Rauchschwalbennest (NKB2, 8714982000447) - Trends & Vision","description":"Esschert Design Rauchschwalbennest: Schwalbennest. Dieses Nest sollten sie direkt unter dem Dach befestigen, damit die Oberseite geschlo","robots":{"index":"index","follow":"follow","max-snippet":"max-snippet:-1","max-image-preview":"max-image-preview:large","max-video-preview":"max-video-preview:-1"},"canonical":"https:\/\/trendsandvision.nl\/de\/product\/esschert-design-rauchschwalbennest\/","og_locale":"de_DE","og_type":"article","og_title":"Esschert Design Rauchschwalbennest","og_description":"Esschert Design Rauchschwalbennest: Schwalbennest. Dieses Nest sollten sie direkt unter dem Dach befestigen, damit die Oberseite geschlo","og_url":"https:\/\/trendsandvision.nl\/de\/product\/esschert-design-rauchschwalbennest\/","og_site_name":"Trends &amp; Vision (DE)","article_modified_time":"2026-04-22T13:15:10+00:00","og_image":[{"width":800,"height":800,"url":"https:\/\/trendsandvision.nl\/de\/wp-content\/uploads\/sites\/3\/2022\/04\/NKB2_01.jpg","type":"image\/jpeg"}],"twitter_card":"summary_large_image","twitter_misc":{"Gesch\u00e4tzte Lesezeit":"1\u00a0Minute"},"schema":{"@context":"https:\/\/schema.org","@graph":[{"@type":"WebPage","@id":"https:\/\/trendsandvision.nl\/de\/product\/esschert-design-rauchschwalbennest\/","url":"https:\/\/trendsandvision.nl\/de\/product\/esschert-design-rauchschwalbennest\/","name":"Esschert Design Rauchschwalbennest (NKB2, 8714982000447) - Trends & Vision","isPartOf":{"@id":"https:\/\/trendsandvision.nl\/de\/#website"},"primaryImageOfPage":{"@id":"https:\/\/trendsandvision.nl\/de\/product\/esschert-design-rauchschwalbennest\/#primaryimage"},"image":{"@id":"https:\/\/trendsandvision.nl\/de\/product\/esschert-design-rauchschwalbennest\/#primaryimage"},"thumbnailUrl":"https:\/\/trendsandvision.nl\/de\/wp-content\/uploads\/sites\/3\/2022\/04\/NKB2_01.jpg","datePublished":"2022-04-22T17:17:32+00:00","dateModified":"2026-04-22T13:15:10+00:00","description":"Esschert Design Rauchschwalbennest: Schwalbennest. Dieses Nest sollten sie direkt unter dem Dach befestigen, damit die Oberseite geschlo","breadcrumb":{"@id":"https:\/\/trendsandvision.nl\/de\/product\/esschert-design-rauchschwalbennest\/#breadcrumb"},"inLanguage":"de","potentialAction":[{"@type":"ReadAction","target":["https:\/\/trendsandvision.nl\/de\/product\/esschert-design-rauchschwalbennest\/"]}]},{"@type":"ImageObject","inLanguage":"de","@id":"https:\/\/trendsandvision.nl\/de\/product\/esschert-design-rauchschwalbennest\/#primaryimage","url":"https:\/\/trendsandvision.nl\/de\/wp-content\/uploads\/sites\/3\/2022\/04\/NKB2_01.jpg","contentUrl":"https:\/\/trendsandvision.nl\/de\/wp-content\/uploads\/sites\/3\/2022\/04\/NKB2_01.jpg","width":800,"height":800,"caption":"Esschert Design Rauchschwalbennest (NKB2"},{"@type":"BreadcrumbList","@id":"https:\/\/trendsandvision.nl\/de\/product\/esschert-design-rauchschwalbennest\/#breadcrumb","itemListElement":[{"@type":"ListItem","position":1,"name":"Home","item":"https:\/\/trendsandvision.nl\/de\/"},{"@type":"ListItem","position":2,"name":"Gesch\u00e4ft","item":"https:\/\/trendsandvision.nl\/de\/geschaft\/"},{"@type":"ListItem","position":3,"name":"Esschert Design Rauchschwalbennest"}]},{"@type":"WebSite","@id":"https:\/\/trendsandvision.nl\/de\/#website","url":"https:\/\/trendsandvision.nl\/de\/","name":"Trends &amp; Vision (DE)","description":"Der Webshop f\u00fcr Esschert Design Artikel","publisher":{"@id":"https:\/\/trendsandvision.nl\/de\/#organization"},"potentialAction":[{"@type":"SearchAction","target":{"@type":"EntryPoint","urlTemplate":"https:\/\/trendsandvision.nl\/de\/?s={search_term_string}"},"query-input":{"@type":"PropertyValueSpecification","valueRequired":true,"valueName":"search_term_string"}}],"inLanguage":"de"},{"@type":"Organization","@id":"https:\/\/trendsandvision.nl\/de\/#organization","name":"Trends &amp; Vision (DE)","url":"https:\/\/trendsandvision.nl\/de\/","logo":{"@type":"ImageObject","inLanguage":"de","@id":"https:\/\/trendsandvision.nl\/de\/#\/schema\/logo\/image\/","url":"https:\/\/trendsandvision.nl\/de\/wp-content\/uploads\/sites\/3\/2022\/04\/trends-and-vision-logo.jpg","contentUrl":"https:\/\/trendsandvision.nl\/de\/wp-content\/uploads\/sites\/3\/2022\/04\/trends-and-vision-logo.jpg","width":213,"height":100,"caption":"Trends &amp; Vision (DE)"},"image":{"@id":"https:\/\/trendsandvision.nl\/de\/#\/schema\/logo\/image\/"}}]}},"_links":{"self":[{"href":"https:\/\/trendsandvision.nl\/de\/wp-json\/wp\/v2\/product\/6639","targetHints":{"allow":["GET"]}}],"collection":[{"href":"https:\/\/trendsandvision.nl\/de\/wp-json\/wp\/v2\/product"}],"about":[{"href":"https:\/\/trendsandvision.nl\/de\/wp-json\/wp\/v2\/types\/product"}],"wp:featuredmedia":[{"embeddable":true,"href":"https:\/\/trendsandvision.nl\/de\/wp-json\/wp\/v2\/media\/6640"}],"wp:attachment":[{"href":"https:\/\/trendsandvision.nl\/de\/wp-json\/wp\/v2\/media?parent=6639"}],"wp:term":[{"taxonomy":"product_brand","embeddable":true,"href":"https:\/\/trendsandvision.nl\/de\/wp-json\/wp\/v2\/product_brand?post=6639"},{"taxonomy":"product_cat","embeddable":true,"href":"https:\/\/trendsandvision.nl\/de\/wp-json\/wp\/v2\/product_cat?post=6639"},{"taxonomy":"product_tag","embeddable":true,"href":"https:\/\/trendsandvision.nl\/de\/wp-json\/wp\/v2\/product_tag?post=6639"}],"curies":[{"name":"wp","href":"https:\/\/api.w.org\/{rel}","templated":true}]}}