{"id":6572,"date":"2022-04-22T19:16:04","date_gmt":"2022-04-22T17:16:04","guid":{"rendered":"https:\/\/trendsandvision.nl\/de\/product\/esschert-design-spatzenvilla-horizontal\/"},"modified":"2026-04-07T10:42:56","modified_gmt":"2026-04-07T08:42:56","slug":"esschert-design-spatzenvilla-horizontal","status":"publish","type":"product","link":"https:\/\/trendsandvision.nl\/de\/product\/esschert-design-spatzenvilla-horizontal\/","title":{"rendered":"Esschert Design Spatzenvilla horizontal"},"content":{"rendered":"<p>&#8222;Dieses Spatzenhaus bietet drei Nistm\u00f6glichkeiten und somit Platz f\u00fcr mehrere Spatzen,die es m\u00f6gen dicht beieinander zu leben.<br \/>\nAu\u00dfer dem Haussperling k\u00f6nnen Sie auch den Feldsperling, die Kohlmeise und dieBlaumeise als Bewohner erwarten.<br \/>\nIdealerweise wird der Nistkasten an einem ruhigen und gesch\u00fctzten Ort plaziert.<br \/>\nIm Winter bietet er ausreichend Schutz gegen das raue Wetter.&#8220;<\/p>\n<p>Artikelname: Spatzenvilla horizontal<br \/>\nArtikelnummer: NK85<br \/>\nProduktgruppe(n) V\u00f6gel&amp;Gartentiere, Nistk\u00e4sten und Vogelh\u00e4user, Meisen und Spatzen<br \/>\nProduktabmessungen in cm L 46,8 x T 16,8 x H 20,5<br \/>\nMaterial: Kiefernholz, Zink<br \/>\nNettogewicht 2,463 kg<br \/>\nBarcode 8714982159114<br \/>\nFSC\u00ae<br \/>\nZus\u00e4tzlich Vogelhaus- oder <strong>Futtertischschaber<\/strong><a href=\"https:\/\/trendsandvision.nl\/de\/product\/esschert-design-futtertisch-schaber\/\"><\/a><\/p>\n","protected":false},"excerpt":{"rendered":"<p>Artikelnummer: NK85<br \/>\nL 46,8 x T 16,8 x H 20,5 cm<br \/>\nMaterial: Kiefernholz, Zink<br \/>\nNettogewicht 2,463 kg<br \/>\nBarcode 8714982159114<br \/>\nFSC\u00ae<br \/>\nFSC\u00ae FSC 100%Zus\u00e4tzlich Vogelhaus- oder <strong>Futtertischschaber<\/strong><a href=\"https:\/\/trendsandvision.nl\/de\/product\/esschert-design-futtertisch-schaber\/\"><\/a><\/p>\n","protected":false},"featured_media":6573,"template":"","meta":[],"product_brand":[9597,9598],"product_cat":[1315],"product_tag":[6809,6828,8322,8323,6714,7189],"class_list":{"0":"post-6572","1":"product","2":"type-product","3":"status-publish","4":"has-post-thumbnail","6":"product_brand-esschert-design","7":"product_brand-trends-and-vision","8":"product_cat-best-for-birds","9":"product_tag-fsc-100","10":"product_tag-nistkasten","11":"product_tag-spatzen","12":"product_tag-spatzenvilla","13":"product_tag-voegel","14":"product_tag-vogelhaeuser","15":"pa_anbieter-esschert-design","16":"pa_ean-code-3796","17":"pa_material-kiefernholz-zink","18":"pa_messungen-468x168x205","20":"first","21":"outofstock","22":"sale","23":"taxable","24":"shipping-taxable","25":"purchasable","26":"product-type-simple","27":"czr-hentry"},"yoast_head":"<!-- This site is optimized with the Yoast SEO Premium plugin v26.4 (Yoast SEO v27.3) - https:\/\/yoast.com\/product\/yoast-seo-premium-wordpress\/ -->\n<title>Esschert Design Spatzenvilla horizontal (NK85, 8714982159114) - Trends &amp; Vision<\/title>\n<meta name=\"description\" content=\"Esschert Design Spatzenvilla horizontal: \ufffd\" \/>\n<meta name=\"robots\" content=\"index, follow, max-snippet:-1, max-image-preview:large, max-video-preview:-1\" \/>\n<link rel=\"canonical\" href=\"https:\/\/trendsandvision.nl\/de\/product\/esschert-design-spatzenvilla-horizontal\/\" \/>\n<meta property=\"og:locale\" content=\"de_DE\" \/>\n<meta property=\"og:type\" content=\"article\" \/>\n<meta property=\"og:title\" content=\"Esschert Design Spatzenvilla horizontal\" \/>\n<meta property=\"og:description\" content=\"Esschert Design Spatzenvilla horizontal: \ufffd\" \/>\n<meta property=\"og:url\" content=\"https:\/\/trendsandvision.nl\/de\/product\/esschert-design-spatzenvilla-horizontal\/\" \/>\n<meta property=\"og:site_name\" content=\"Trends &amp; Vision (DE)\" \/>\n<meta property=\"article:modified_time\" content=\"2026-04-07T08:42:56+00:00\" \/>\n<meta property=\"og:image\" content=\"https:\/\/trendsandvision.nl\/de\/wp-content\/uploads\/sites\/3\/2022\/04\/NK85_01.jpg\" \/>\n\t<meta property=\"og:image:width\" content=\"800\" \/>\n\t<meta property=\"og:image:height\" content=\"800\" \/>\n\t<meta property=\"og:image:type\" content=\"image\/jpeg\" \/>\n<meta name=\"twitter:card\" content=\"summary_large_image\" \/>\n<meta name=\"twitter:label1\" content=\"Gesch\u00e4tzte Lesezeit\" \/>\n\t<meta name=\"twitter:data1\" content=\"1\u00a0Minute\" \/>\n<script type=\"application\/ld+json\" class=\"yoast-schema-graph\">{\"@context\":\"https:\\\/\\\/schema.org\",\"@graph\":[{\"@type\":\"WebPage\",\"@id\":\"https:\\\/\\\/trendsandvision.nl\\\/de\\\/product\\\/esschert-design-spatzenvilla-horizontal\\\/\",\"url\":\"https:\\\/\\\/trendsandvision.nl\\\/de\\\/product\\\/esschert-design-spatzenvilla-horizontal\\\/\",\"name\":\"Esschert Design Spatzenvilla horizontal (NK85, 8714982159114) - Trends & Vision\",\"isPartOf\":{\"@id\":\"https:\\\/\\\/trendsandvision.nl\\\/de\\\/#website\"},\"primaryImageOfPage\":{\"@id\":\"https:\\\/\\\/trendsandvision.nl\\\/de\\\/product\\\/esschert-design-spatzenvilla-horizontal\\\/#primaryimage\"},\"image\":{\"@id\":\"https:\\\/\\\/trendsandvision.nl\\\/de\\\/product\\\/esschert-design-spatzenvilla-horizontal\\\/#primaryimage\"},\"thumbnailUrl\":\"https:\\\/\\\/trendsandvision.nl\\\/de\\\/wp-content\\\/uploads\\\/sites\\\/3\\\/2022\\\/04\\\/NK85_01.jpg\",\"datePublished\":\"2022-04-22T17:16:04+00:00\",\"dateModified\":\"2026-04-07T08:42:56+00:00\",\"description\":\"Esschert Design Spatzenvilla horizontal: \ufffd\",\"breadcrumb\":{\"@id\":\"https:\\\/\\\/trendsandvision.nl\\\/de\\\/product\\\/esschert-design-spatzenvilla-horizontal\\\/#breadcrumb\"},\"inLanguage\":\"de\",\"potentialAction\":[{\"@type\":\"ReadAction\",\"target\":[\"https:\\\/\\\/trendsandvision.nl\\\/de\\\/product\\\/esschert-design-spatzenvilla-horizontal\\\/\"]}]},{\"@type\":\"ImageObject\",\"inLanguage\":\"de\",\"@id\":\"https:\\\/\\\/trendsandvision.nl\\\/de\\\/product\\\/esschert-design-spatzenvilla-horizontal\\\/#primaryimage\",\"url\":\"https:\\\/\\\/trendsandvision.nl\\\/de\\\/wp-content\\\/uploads\\\/sites\\\/3\\\/2022\\\/04\\\/NK85_01.jpg\",\"contentUrl\":\"https:\\\/\\\/trendsandvision.nl\\\/de\\\/wp-content\\\/uploads\\\/sites\\\/3\\\/2022\\\/04\\\/NK85_01.jpg\",\"width\":800,\"height\":800,\"caption\":\"Esschert Design Spatzenvilla horizontal (NK85\"},{\"@type\":\"BreadcrumbList\",\"@id\":\"https:\\\/\\\/trendsandvision.nl\\\/de\\\/product\\\/esschert-design-spatzenvilla-horizontal\\\/#breadcrumb\",\"itemListElement\":[{\"@type\":\"ListItem\",\"position\":1,\"name\":\"Home\",\"item\":\"https:\\\/\\\/trendsandvision.nl\\\/de\\\/\"},{\"@type\":\"ListItem\",\"position\":2,\"name\":\"Gesch\u00e4ft\",\"item\":\"https:\\\/\\\/trendsandvision.nl\\\/de\\\/geschaft\\\/\"},{\"@type\":\"ListItem\",\"position\":3,\"name\":\"Esschert Design Spatzenvilla horizontal\"}]},{\"@type\":\"WebSite\",\"@id\":\"https:\\\/\\\/trendsandvision.nl\\\/de\\\/#website\",\"url\":\"https:\\\/\\\/trendsandvision.nl\\\/de\\\/\",\"name\":\"Trends &amp; Vision (DE)\",\"description\":\"Der Webshop f\u00fcr Esschert Design Artikel\",\"publisher\":{\"@id\":\"https:\\\/\\\/trendsandvision.nl\\\/de\\\/#organization\"},\"potentialAction\":[{\"@type\":\"SearchAction\",\"target\":{\"@type\":\"EntryPoint\",\"urlTemplate\":\"https:\\\/\\\/trendsandvision.nl\\\/de\\\/?s={search_term_string}\"},\"query-input\":{\"@type\":\"PropertyValueSpecification\",\"valueRequired\":true,\"valueName\":\"search_term_string\"}}],\"inLanguage\":\"de\"},{\"@type\":\"Organization\",\"@id\":\"https:\\\/\\\/trendsandvision.nl\\\/de\\\/#organization\",\"name\":\"Trends &amp; Vision (DE)\",\"url\":\"https:\\\/\\\/trendsandvision.nl\\\/de\\\/\",\"logo\":{\"@type\":\"ImageObject\",\"inLanguage\":\"de\",\"@id\":\"https:\\\/\\\/trendsandvision.nl\\\/de\\\/#\\\/schema\\\/logo\\\/image\\\/\",\"url\":\"https:\\\/\\\/trendsandvision.nl\\\/de\\\/wp-content\\\/uploads\\\/sites\\\/3\\\/2022\\\/04\\\/trends-and-vision-logo.jpg\",\"contentUrl\":\"https:\\\/\\\/trendsandvision.nl\\\/de\\\/wp-content\\\/uploads\\\/sites\\\/3\\\/2022\\\/04\\\/trends-and-vision-logo.jpg\",\"width\":213,\"height\":100,\"caption\":\"Trends &amp; Vision (DE)\"},\"image\":{\"@id\":\"https:\\\/\\\/trendsandvision.nl\\\/de\\\/#\\\/schema\\\/logo\\\/image\\\/\"}}]}<\/script>\n<!-- \/ Yoast SEO Premium plugin. -->","yoast_head_json":{"title":"Esschert Design Spatzenvilla horizontal (NK85, 8714982159114) - Trends & Vision","description":"Esschert Design Spatzenvilla horizontal: \ufffd","robots":{"index":"index","follow":"follow","max-snippet":"max-snippet:-1","max-image-preview":"max-image-preview:large","max-video-preview":"max-video-preview:-1"},"canonical":"https:\/\/trendsandvision.nl\/de\/product\/esschert-design-spatzenvilla-horizontal\/","og_locale":"de_DE","og_type":"article","og_title":"Esschert Design Spatzenvilla horizontal","og_description":"Esschert Design Spatzenvilla horizontal: \ufffd","og_url":"https:\/\/trendsandvision.nl\/de\/product\/esschert-design-spatzenvilla-horizontal\/","og_site_name":"Trends &amp; Vision (DE)","article_modified_time":"2026-04-07T08:42:56+00:00","og_image":[{"width":800,"height":800,"url":"https:\/\/trendsandvision.nl\/de\/wp-content\/uploads\/sites\/3\/2022\/04\/NK85_01.jpg","type":"image\/jpeg"}],"twitter_card":"summary_large_image","twitter_misc":{"Gesch\u00e4tzte Lesezeit":"1\u00a0Minute"},"schema":{"@context":"https:\/\/schema.org","@graph":[{"@type":"WebPage","@id":"https:\/\/trendsandvision.nl\/de\/product\/esschert-design-spatzenvilla-horizontal\/","url":"https:\/\/trendsandvision.nl\/de\/product\/esschert-design-spatzenvilla-horizontal\/","name":"Esschert Design Spatzenvilla horizontal (NK85, 8714982159114) - Trends & Vision","isPartOf":{"@id":"https:\/\/trendsandvision.nl\/de\/#website"},"primaryImageOfPage":{"@id":"https:\/\/trendsandvision.nl\/de\/product\/esschert-design-spatzenvilla-horizontal\/#primaryimage"},"image":{"@id":"https:\/\/trendsandvision.nl\/de\/product\/esschert-design-spatzenvilla-horizontal\/#primaryimage"},"thumbnailUrl":"https:\/\/trendsandvision.nl\/de\/wp-content\/uploads\/sites\/3\/2022\/04\/NK85_01.jpg","datePublished":"2022-04-22T17:16:04+00:00","dateModified":"2026-04-07T08:42:56+00:00","description":"Esschert Design Spatzenvilla horizontal: \ufffd","breadcrumb":{"@id":"https:\/\/trendsandvision.nl\/de\/product\/esschert-design-spatzenvilla-horizontal\/#breadcrumb"},"inLanguage":"de","potentialAction":[{"@type":"ReadAction","target":["https:\/\/trendsandvision.nl\/de\/product\/esschert-design-spatzenvilla-horizontal\/"]}]},{"@type":"ImageObject","inLanguage":"de","@id":"https:\/\/trendsandvision.nl\/de\/product\/esschert-design-spatzenvilla-horizontal\/#primaryimage","url":"https:\/\/trendsandvision.nl\/de\/wp-content\/uploads\/sites\/3\/2022\/04\/NK85_01.jpg","contentUrl":"https:\/\/trendsandvision.nl\/de\/wp-content\/uploads\/sites\/3\/2022\/04\/NK85_01.jpg","width":800,"height":800,"caption":"Esschert Design Spatzenvilla horizontal (NK85"},{"@type":"BreadcrumbList","@id":"https:\/\/trendsandvision.nl\/de\/product\/esschert-design-spatzenvilla-horizontal\/#breadcrumb","itemListElement":[{"@type":"ListItem","position":1,"name":"Home","item":"https:\/\/trendsandvision.nl\/de\/"},{"@type":"ListItem","position":2,"name":"Gesch\u00e4ft","item":"https:\/\/trendsandvision.nl\/de\/geschaft\/"},{"@type":"ListItem","position":3,"name":"Esschert Design Spatzenvilla horizontal"}]},{"@type":"WebSite","@id":"https:\/\/trendsandvision.nl\/de\/#website","url":"https:\/\/trendsandvision.nl\/de\/","name":"Trends &amp; Vision (DE)","description":"Der Webshop f\u00fcr Esschert Design Artikel","publisher":{"@id":"https:\/\/trendsandvision.nl\/de\/#organization"},"potentialAction":[{"@type":"SearchAction","target":{"@type":"EntryPoint","urlTemplate":"https:\/\/trendsandvision.nl\/de\/?s={search_term_string}"},"query-input":{"@type":"PropertyValueSpecification","valueRequired":true,"valueName":"search_term_string"}}],"inLanguage":"de"},{"@type":"Organization","@id":"https:\/\/trendsandvision.nl\/de\/#organization","name":"Trends &amp; Vision (DE)","url":"https:\/\/trendsandvision.nl\/de\/","logo":{"@type":"ImageObject","inLanguage":"de","@id":"https:\/\/trendsandvision.nl\/de\/#\/schema\/logo\/image\/","url":"https:\/\/trendsandvision.nl\/de\/wp-content\/uploads\/sites\/3\/2022\/04\/trends-and-vision-logo.jpg","contentUrl":"https:\/\/trendsandvision.nl\/de\/wp-content\/uploads\/sites\/3\/2022\/04\/trends-and-vision-logo.jpg","width":213,"height":100,"caption":"Trends &amp; Vision (DE)"},"image":{"@id":"https:\/\/trendsandvision.nl\/de\/#\/schema\/logo\/image\/"}}]}},"_links":{"self":[{"href":"https:\/\/trendsandvision.nl\/de\/wp-json\/wp\/v2\/product\/6572","targetHints":{"allow":["GET"]}}],"collection":[{"href":"https:\/\/trendsandvision.nl\/de\/wp-json\/wp\/v2\/product"}],"about":[{"href":"https:\/\/trendsandvision.nl\/de\/wp-json\/wp\/v2\/types\/product"}],"wp:featuredmedia":[{"embeddable":true,"href":"https:\/\/trendsandvision.nl\/de\/wp-json\/wp\/v2\/media\/6573"}],"wp:attachment":[{"href":"https:\/\/trendsandvision.nl\/de\/wp-json\/wp\/v2\/media?parent=6572"}],"wp:term":[{"taxonomy":"product_brand","embeddable":true,"href":"https:\/\/trendsandvision.nl\/de\/wp-json\/wp\/v2\/product_brand?post=6572"},{"taxonomy":"product_cat","embeddable":true,"href":"https:\/\/trendsandvision.nl\/de\/wp-json\/wp\/v2\/product_cat?post=6572"},{"taxonomy":"product_tag","embeddable":true,"href":"https:\/\/trendsandvision.nl\/de\/wp-json\/wp\/v2\/product_tag?post=6572"}],"curies":[{"name":"wp","href":"https:\/\/api.w.org\/{rel}","templated":true}]}}