{"id":6534,"date":"2022-04-22T19:14:25","date_gmt":"2022-04-22T17:14:25","guid":{"rendered":"https:\/\/trendsandvision.nl\/de\/product\/esschert-design-kohlmeisenkasten-mit-silhouette\/"},"modified":"2026-04-07T10:42:52","modified_gmt":"2026-04-07T08:42:52","slug":"esschert-design-kohlmeisenkasten-mit-silhouette","status":"publish","type":"product","link":"https:\/\/trendsandvision.nl\/de\/product\/esschert-design-kohlmeisenkasten-mit-silhouette\/","title":{"rendered":"Esschert Design Kohlmeisenkasten mit Silhouette"},"content":{"rendered":"<p>Kohlmeisenkasten mit Silhouette. Dieser Kasten ist geeignet f\u00fcr die Kohlmeise. Au\u00dfer der Kohlmeise k\u00f6nnen Sie auch, dass die Blaumeise, der Feldsperling und der Trauerschn\u00e4pper in diesem Kasten nisten.<br \/>\nIm Winter bietet der Kasten den V\u00f6geln oft Schutz vor dem rauen Wetter.Die eingebrannte Silhouette und der lateinische Name weisen bereits darauf hin, dass dieser Nistkasten f\u00fcr die Kohlmeise bestimmt ist.<br \/>\nEr bietet einen guten Platz zum Nisten und hilft daher, die Population dieser Vogelart in einer Region zu erhalten oder sogar zu vermehren. Daneben bietet dieser ma\u00dfgefertigte Nistkasten der Blaumeise, dem Baumsperling, dem Haussperling, dem Kleiber und dem Gescheckter Fliegenf\u00e4nger einen guten Platz zum Nisten.<br \/>\nIm Winter nutzen die V\u00f6gel den Nistkasten oft als Unterschlupf.<br \/>\nH\u00e4ngen Sie den Nistkasten an einen ruhigen und einigerma\u00dfen gesch\u00fctzten Ort.<br \/>\nAlso nicht direkt in der Sonne oder auf der Regenseite und mit einem freien Flugweg f\u00fcr die V\u00f6gel.<\/p>\n<p>&#8211; Der Herbst ist die beste Zeit, um den Nistkasten zu reinigen.<br \/>\n&#8211; Schl\u00fcsselloch\u00f6ffnung<br \/>\n&#8211; Seitent\u00fcr<br \/>\n&#8211; Einflugloch mit 32 mm Durchmesser<br \/>\n&#8211; Geeignet f\u00fcr Kohlmeise, Blaumeise, Baumsperling, Haussperling, Kleiber, Gescheckter Fliegenf\u00e4nger<\/p>\n<p>Artikelname: Kohlmeisenkasten mit Silhouette<br \/>\nArtikelnummer: NK66<br \/>\nProduktgruppe(n) V\u00f6gel&amp;Gartentiere, Nistk\u00e4sten und Vogelh\u00e4user, Kohlmeise<br \/>\nProduktabmessungen in cm L 17 x T 14,2 x H 29,8<br \/>\nMaterial Kiefernholz<br \/>\nNettogewicht 0,857 kg<br \/>\nBarcode 8714982098604<br \/>\nFSC\u00ae 100%<br \/>\nZus\u00e4tzlich Vogelhaus- oder <strong>Futtertischschaber<\/strong><a href=\"https:\/\/trendsandvision.nl\/de\/product\/esschert-design-futtertisch-schaber\/\"><\/a><\/p>\n","protected":false},"excerpt":{"rendered":"<p>Artikelnummer NK66<br \/>\nL 17 x T 14,2 x H 29,8 cm<br \/>\nMaterial Kiefernholz<br \/>\nNettogewicht 0,857 kg<br \/>\nBarcode 8714982098604<br \/>\nFSC\u00ae 100%<br \/>\nZus\u00e4tzlich Vogelhaus- oder <strong>Futtertischschaber<\/strong><a href=\"https:\/\/trendsandvision.nl\/de\/product\/esschert-design-futtertisch-schaber\/\"><\/a><\/p>\n","protected":false},"featured_media":6535,"template":"","meta":[],"product_brand":[9597,9598],"product_cat":[1315],"product_tag":[8200,6809,8320,6828,8335,6714,7189],"class_list":{"0":"post-6534","1":"product","2":"type-product","3":"status-publish","4":"has-post-thumbnail","6":"product_brand-esschert-design","7":"product_brand-trends-and-vision","8":"product_cat-best-for-birds","9":"product_tag-eulen","10":"product_tag-fsc-100","11":"product_tag-kohlmeisen","12":"product_tag-nistkasten","13":"product_tag-silhouette","14":"product_tag-voegel","15":"product_tag-vogelhaeuser","16":"pa_anbieter-esschert-design","17":"pa_ean-code-3779","18":"pa_material-kiefernholz","19":"pa_messungen-171x141x300-cm","21":"first","22":"instock","23":"sale","24":"taxable","25":"shipping-taxable","26":"purchasable","27":"product-type-simple","28":"czr-hentry"},"yoast_head":"<!-- This site is optimized with the Yoast SEO Premium plugin v26.4 (Yoast SEO v27.3) - https:\/\/yoast.com\/product\/yoast-seo-premium-wordpress\/ -->\n<title>Esschert Design Kohlmeisenkasten mit Silhouette (NK66, 8714982098604) - Trends &amp; Vision<\/title>\n<meta name=\"description\" content=\"Esschert Design Kohlmeisenkasten mit Silhouette: Kohlmeisenkasten mit Silhouette. Dieser Kasten ist geeignet fu\u00a8r die Kohlmeise. Au\u00dfer der Kohlmeise k\u00f6nnen Sie auch, dass die Blaumeise, der Feldsperling und der Trauerschn\u00e4pper in diesem Kasten nisten. Im Winter bietet der Kasten den V\u00f6geln oft Schu\" \/>\n<meta name=\"robots\" content=\"index, follow, max-snippet:-1, max-image-preview:large, max-video-preview:-1\" \/>\n<link rel=\"canonical\" href=\"https:\/\/trendsandvision.nl\/de\/product\/esschert-design-kohlmeisenkasten-mit-silhouette\/\" \/>\n<meta property=\"og:locale\" content=\"de_DE\" \/>\n<meta property=\"og:type\" content=\"article\" \/>\n<meta property=\"og:title\" content=\"Esschert Design Kohlmeisenkasten mit Silhouette\" \/>\n<meta property=\"og:description\" content=\"Esschert Design Kohlmeisenkasten mit Silhouette: Kohlmeisenkasten mit Silhouette. Dieser Kasten ist geeignet fu\u00a8r die Kohlmeise. Au\u00dfer der Kohlmeise k\u00f6nnen Sie auch, dass die Blaumeise, der Feldsperling und der Trauerschn\u00e4pper in diesem Kasten nisten. Im Winter bietet der Kasten den V\u00f6geln oft Schu\" \/>\n<meta property=\"og:url\" content=\"https:\/\/trendsandvision.nl\/de\/product\/esschert-design-kohlmeisenkasten-mit-silhouette\/\" \/>\n<meta property=\"og:site_name\" content=\"Trends &amp; Vision (DE)\" \/>\n<meta property=\"article:modified_time\" content=\"2026-04-07T08:42:52+00:00\" \/>\n<meta property=\"og:image\" content=\"https:\/\/trendsandvision.nl\/de\/wp-content\/uploads\/sites\/3\/2022\/04\/NK66_01.jpg\" \/>\n\t<meta property=\"og:image:width\" content=\"800\" \/>\n\t<meta property=\"og:image:height\" content=\"800\" \/>\n\t<meta property=\"og:image:type\" content=\"image\/jpeg\" \/>\n<meta name=\"twitter:card\" content=\"summary_large_image\" \/>\n<meta name=\"twitter:label1\" content=\"Gesch\u00e4tzte Lesezeit\" \/>\n\t<meta name=\"twitter:data1\" content=\"2\u00a0Minuten\" \/>\n<script type=\"application\/ld+json\" class=\"yoast-schema-graph\">{\"@context\":\"https:\\\/\\\/schema.org\",\"@graph\":[{\"@type\":\"WebPage\",\"@id\":\"https:\\\/\\\/trendsandvision.nl\\\/de\\\/product\\\/esschert-design-kohlmeisenkasten-mit-silhouette\\\/\",\"url\":\"https:\\\/\\\/trendsandvision.nl\\\/de\\\/product\\\/esschert-design-kohlmeisenkasten-mit-silhouette\\\/\",\"name\":\"Esschert Design Kohlmeisenkasten mit Silhouette (NK66, 8714982098604) - Trends & Vision\",\"isPartOf\":{\"@id\":\"https:\\\/\\\/trendsandvision.nl\\\/de\\\/#website\"},\"primaryImageOfPage\":{\"@id\":\"https:\\\/\\\/trendsandvision.nl\\\/de\\\/product\\\/esschert-design-kohlmeisenkasten-mit-silhouette\\\/#primaryimage\"},\"image\":{\"@id\":\"https:\\\/\\\/trendsandvision.nl\\\/de\\\/product\\\/esschert-design-kohlmeisenkasten-mit-silhouette\\\/#primaryimage\"},\"thumbnailUrl\":\"https:\\\/\\\/trendsandvision.nl\\\/de\\\/wp-content\\\/uploads\\\/sites\\\/3\\\/2022\\\/04\\\/NK66_01.jpg\",\"datePublished\":\"2022-04-22T17:14:25+00:00\",\"dateModified\":\"2026-04-07T08:42:52+00:00\",\"description\":\"Esschert Design Kohlmeisenkasten mit Silhouette: Kohlmeisenkasten mit Silhouette. Dieser Kasten ist geeignet fu\u00a8r die Kohlmeise. Au\u00dfer der Kohlmeise k\u00f6nnen Sie auch, dass die Blaumeise, der Feldsperling und der Trauerschn\u00e4pper in diesem Kasten nisten. Im Winter bietet der Kasten den V\u00f6geln oft Schu\",\"breadcrumb\":{\"@id\":\"https:\\\/\\\/trendsandvision.nl\\\/de\\\/product\\\/esschert-design-kohlmeisenkasten-mit-silhouette\\\/#breadcrumb\"},\"inLanguage\":\"de\",\"potentialAction\":[{\"@type\":\"ReadAction\",\"target\":[\"https:\\\/\\\/trendsandvision.nl\\\/de\\\/product\\\/esschert-design-kohlmeisenkasten-mit-silhouette\\\/\"]}]},{\"@type\":\"ImageObject\",\"inLanguage\":\"de\",\"@id\":\"https:\\\/\\\/trendsandvision.nl\\\/de\\\/product\\\/esschert-design-kohlmeisenkasten-mit-silhouette\\\/#primaryimage\",\"url\":\"https:\\\/\\\/trendsandvision.nl\\\/de\\\/wp-content\\\/uploads\\\/sites\\\/3\\\/2022\\\/04\\\/NK66_01.jpg\",\"contentUrl\":\"https:\\\/\\\/trendsandvision.nl\\\/de\\\/wp-content\\\/uploads\\\/sites\\\/3\\\/2022\\\/04\\\/NK66_01.jpg\",\"width\":800,\"height\":800,\"caption\":\"Esschert Design Kohlmeisenkasten mit Silhouette (NK66\"},{\"@type\":\"BreadcrumbList\",\"@id\":\"https:\\\/\\\/trendsandvision.nl\\\/de\\\/product\\\/esschert-design-kohlmeisenkasten-mit-silhouette\\\/#breadcrumb\",\"itemListElement\":[{\"@type\":\"ListItem\",\"position\":1,\"name\":\"Home\",\"item\":\"https:\\\/\\\/trendsandvision.nl\\\/de\\\/\"},{\"@type\":\"ListItem\",\"position\":2,\"name\":\"Gesch\u00e4ft\",\"item\":\"https:\\\/\\\/trendsandvision.nl\\\/de\\\/geschaft\\\/\"},{\"@type\":\"ListItem\",\"position\":3,\"name\":\"Esschert Design Kohlmeisenkasten mit Silhouette\"}]},{\"@type\":\"WebSite\",\"@id\":\"https:\\\/\\\/trendsandvision.nl\\\/de\\\/#website\",\"url\":\"https:\\\/\\\/trendsandvision.nl\\\/de\\\/\",\"name\":\"Trends &amp; Vision (DE)\",\"description\":\"Der Webshop f\u00fcr Esschert Design Artikel\",\"publisher\":{\"@id\":\"https:\\\/\\\/trendsandvision.nl\\\/de\\\/#organization\"},\"potentialAction\":[{\"@type\":\"SearchAction\",\"target\":{\"@type\":\"EntryPoint\",\"urlTemplate\":\"https:\\\/\\\/trendsandvision.nl\\\/de\\\/?s={search_term_string}\"},\"query-input\":{\"@type\":\"PropertyValueSpecification\",\"valueRequired\":true,\"valueName\":\"search_term_string\"}}],\"inLanguage\":\"de\"},{\"@type\":\"Organization\",\"@id\":\"https:\\\/\\\/trendsandvision.nl\\\/de\\\/#organization\",\"name\":\"Trends &amp; Vision (DE)\",\"url\":\"https:\\\/\\\/trendsandvision.nl\\\/de\\\/\",\"logo\":{\"@type\":\"ImageObject\",\"inLanguage\":\"de\",\"@id\":\"https:\\\/\\\/trendsandvision.nl\\\/de\\\/#\\\/schema\\\/logo\\\/image\\\/\",\"url\":\"https:\\\/\\\/trendsandvision.nl\\\/de\\\/wp-content\\\/uploads\\\/sites\\\/3\\\/2022\\\/04\\\/trends-and-vision-logo.jpg\",\"contentUrl\":\"https:\\\/\\\/trendsandvision.nl\\\/de\\\/wp-content\\\/uploads\\\/sites\\\/3\\\/2022\\\/04\\\/trends-and-vision-logo.jpg\",\"width\":213,\"height\":100,\"caption\":\"Trends &amp; Vision (DE)\"},\"image\":{\"@id\":\"https:\\\/\\\/trendsandvision.nl\\\/de\\\/#\\\/schema\\\/logo\\\/image\\\/\"}}]}<\/script>\n<!-- \/ Yoast SEO Premium plugin. -->","yoast_head_json":{"title":"Esschert Design Kohlmeisenkasten mit Silhouette (NK66, 8714982098604) - Trends & Vision","description":"Esschert Design Kohlmeisenkasten mit Silhouette: Kohlmeisenkasten mit Silhouette. Dieser Kasten ist geeignet fu\u00a8r die Kohlmeise. Au\u00dfer der Kohlmeise k\u00f6nnen Sie auch, dass die Blaumeise, der Feldsperling und der Trauerschn\u00e4pper in diesem Kasten nisten. Im Winter bietet der Kasten den V\u00f6geln oft Schu","robots":{"index":"index","follow":"follow","max-snippet":"max-snippet:-1","max-image-preview":"max-image-preview:large","max-video-preview":"max-video-preview:-1"},"canonical":"https:\/\/trendsandvision.nl\/de\/product\/esschert-design-kohlmeisenkasten-mit-silhouette\/","og_locale":"de_DE","og_type":"article","og_title":"Esschert Design Kohlmeisenkasten mit Silhouette","og_description":"Esschert Design Kohlmeisenkasten mit Silhouette: Kohlmeisenkasten mit Silhouette. Dieser Kasten ist geeignet fu\u00a8r die Kohlmeise. Au\u00dfer der Kohlmeise k\u00f6nnen Sie auch, dass die Blaumeise, der Feldsperling und der Trauerschn\u00e4pper in diesem Kasten nisten. Im Winter bietet der Kasten den V\u00f6geln oft Schu","og_url":"https:\/\/trendsandvision.nl\/de\/product\/esschert-design-kohlmeisenkasten-mit-silhouette\/","og_site_name":"Trends &amp; Vision (DE)","article_modified_time":"2026-04-07T08:42:52+00:00","og_image":[{"width":800,"height":800,"url":"https:\/\/trendsandvision.nl\/de\/wp-content\/uploads\/sites\/3\/2022\/04\/NK66_01.jpg","type":"image\/jpeg"}],"twitter_card":"summary_large_image","twitter_misc":{"Gesch\u00e4tzte Lesezeit":"2\u00a0Minuten"},"schema":{"@context":"https:\/\/schema.org","@graph":[{"@type":"WebPage","@id":"https:\/\/trendsandvision.nl\/de\/product\/esschert-design-kohlmeisenkasten-mit-silhouette\/","url":"https:\/\/trendsandvision.nl\/de\/product\/esschert-design-kohlmeisenkasten-mit-silhouette\/","name":"Esschert Design Kohlmeisenkasten mit Silhouette (NK66, 8714982098604) - Trends & Vision","isPartOf":{"@id":"https:\/\/trendsandvision.nl\/de\/#website"},"primaryImageOfPage":{"@id":"https:\/\/trendsandvision.nl\/de\/product\/esschert-design-kohlmeisenkasten-mit-silhouette\/#primaryimage"},"image":{"@id":"https:\/\/trendsandvision.nl\/de\/product\/esschert-design-kohlmeisenkasten-mit-silhouette\/#primaryimage"},"thumbnailUrl":"https:\/\/trendsandvision.nl\/de\/wp-content\/uploads\/sites\/3\/2022\/04\/NK66_01.jpg","datePublished":"2022-04-22T17:14:25+00:00","dateModified":"2026-04-07T08:42:52+00:00","description":"Esschert Design Kohlmeisenkasten mit Silhouette: Kohlmeisenkasten mit Silhouette. Dieser Kasten ist geeignet fu\u00a8r die Kohlmeise. Au\u00dfer der Kohlmeise k\u00f6nnen Sie auch, dass die Blaumeise, der Feldsperling und der Trauerschn\u00e4pper in diesem Kasten nisten. Im Winter bietet der Kasten den V\u00f6geln oft Schu","breadcrumb":{"@id":"https:\/\/trendsandvision.nl\/de\/product\/esschert-design-kohlmeisenkasten-mit-silhouette\/#breadcrumb"},"inLanguage":"de","potentialAction":[{"@type":"ReadAction","target":["https:\/\/trendsandvision.nl\/de\/product\/esschert-design-kohlmeisenkasten-mit-silhouette\/"]}]},{"@type":"ImageObject","inLanguage":"de","@id":"https:\/\/trendsandvision.nl\/de\/product\/esschert-design-kohlmeisenkasten-mit-silhouette\/#primaryimage","url":"https:\/\/trendsandvision.nl\/de\/wp-content\/uploads\/sites\/3\/2022\/04\/NK66_01.jpg","contentUrl":"https:\/\/trendsandvision.nl\/de\/wp-content\/uploads\/sites\/3\/2022\/04\/NK66_01.jpg","width":800,"height":800,"caption":"Esschert Design Kohlmeisenkasten mit Silhouette (NK66"},{"@type":"BreadcrumbList","@id":"https:\/\/trendsandvision.nl\/de\/product\/esschert-design-kohlmeisenkasten-mit-silhouette\/#breadcrumb","itemListElement":[{"@type":"ListItem","position":1,"name":"Home","item":"https:\/\/trendsandvision.nl\/de\/"},{"@type":"ListItem","position":2,"name":"Gesch\u00e4ft","item":"https:\/\/trendsandvision.nl\/de\/geschaft\/"},{"@type":"ListItem","position":3,"name":"Esschert Design Kohlmeisenkasten mit Silhouette"}]},{"@type":"WebSite","@id":"https:\/\/trendsandvision.nl\/de\/#website","url":"https:\/\/trendsandvision.nl\/de\/","name":"Trends &amp; Vision (DE)","description":"Der Webshop f\u00fcr Esschert Design Artikel","publisher":{"@id":"https:\/\/trendsandvision.nl\/de\/#organization"},"potentialAction":[{"@type":"SearchAction","target":{"@type":"EntryPoint","urlTemplate":"https:\/\/trendsandvision.nl\/de\/?s={search_term_string}"},"query-input":{"@type":"PropertyValueSpecification","valueRequired":true,"valueName":"search_term_string"}}],"inLanguage":"de"},{"@type":"Organization","@id":"https:\/\/trendsandvision.nl\/de\/#organization","name":"Trends &amp; Vision (DE)","url":"https:\/\/trendsandvision.nl\/de\/","logo":{"@type":"ImageObject","inLanguage":"de","@id":"https:\/\/trendsandvision.nl\/de\/#\/schema\/logo\/image\/","url":"https:\/\/trendsandvision.nl\/de\/wp-content\/uploads\/sites\/3\/2022\/04\/trends-and-vision-logo.jpg","contentUrl":"https:\/\/trendsandvision.nl\/de\/wp-content\/uploads\/sites\/3\/2022\/04\/trends-and-vision-logo.jpg","width":213,"height":100,"caption":"Trends &amp; Vision (DE)"},"image":{"@id":"https:\/\/trendsandvision.nl\/de\/#\/schema\/logo\/image\/"}}]}},"_links":{"self":[{"href":"https:\/\/trendsandvision.nl\/de\/wp-json\/wp\/v2\/product\/6534","targetHints":{"allow":["GET"]}}],"collection":[{"href":"https:\/\/trendsandvision.nl\/de\/wp-json\/wp\/v2\/product"}],"about":[{"href":"https:\/\/trendsandvision.nl\/de\/wp-json\/wp\/v2\/types\/product"}],"wp:featuredmedia":[{"embeddable":true,"href":"https:\/\/trendsandvision.nl\/de\/wp-json\/wp\/v2\/media\/6535"}],"wp:attachment":[{"href":"https:\/\/trendsandvision.nl\/de\/wp-json\/wp\/v2\/media?parent=6534"}],"wp:term":[{"taxonomy":"product_brand","embeddable":true,"href":"https:\/\/trendsandvision.nl\/de\/wp-json\/wp\/v2\/product_brand?post=6534"},{"taxonomy":"product_cat","embeddable":true,"href":"https:\/\/trendsandvision.nl\/de\/wp-json\/wp\/v2\/product_cat?post=6534"},{"taxonomy":"product_tag","embeddable":true,"href":"https:\/\/trendsandvision.nl\/de\/wp-json\/wp\/v2\/product_tag?post=6534"}],"curies":[{"name":"wp","href":"https:\/\/api.w.org\/{rel}","templated":true}]}}