{"id":6484,"date":"2022-04-22T19:12:57","date_gmt":"2022-04-22T17:12:57","guid":{"rendered":"https:\/\/trendsandvision.nl\/de\/product\/esschert-design-kohlmeisen-nistkasten-weiss\/"},"modified":"2026-04-07T10:42:47","modified_gmt":"2026-04-07T08:42:47","slug":"esschert-design-kohlmeisen-nistkasten-weiss","status":"publish","type":"product","link":"https:\/\/trendsandvision.nl\/de\/product\/esschert-design-kohlmeisen-nistkasten-weiss\/","title":{"rendered":"Esschert Design Kohlmeisen Nistkasten weiss"},"content":{"rendered":"<p>In einem modernen und geradlinig entworfenem Garten f\u00fcr d\u00fcrfen Vogelartikel nicht fehlen. Dieser zeitlose Nistkasten sorgt nicht nur f\u00fcr eine gewisse Atmosph\u00e4re, sondern bietet Kohlmeisen auch einen idealen Nistplatz und dient zudem der Artenerhaltung.<\/p>\n<p>Der ma\u00dfgeschneiderte Nistkasten bietet neben Kohlmeisen auch Blaumeisen, Feldsperlingen, Haussperlingen, Kleibern und Trauerschn\u00e4ppern einen guten Nistplatz. Im Winter erweist der Nistkasten gute Dienste als Zufluchtsort vor schlechtem Wetter.<br \/>\nW\u00e4hlen Sie einen gesch\u00fctzten und ruhigen Ort zum Aufh\u00e4ngen des Vogelhauses. Dieser sollte sich nicht in der prallen Sonne oder in Regenlage befinden, mit freier Einflugm\u00f6glichkeit f\u00fcr die V\u00f6gel. Der Herbst ist die beste Zeit zum Reinigen des Nistkastens.<\/p>\n<p>32 mm Einflugsloch<br \/>\ngeeignet f\u00fcr Kohlmeisen, Blaumeisen, Feldsperlinge, Haussperlinge, Kleiber und Trauerschn\u00e4pper<br \/>\nArtikelname Nistkasten Kohlmeisen weiss<br \/>\nArtikelnummer NK40W<br \/>\nProduktgruppe(n) V\u00f6gel&amp;Gartentiere, Nistk\u00e4sten und Vogelh\u00e4user, Kohlmeise<br \/>\nProduktabmessungen in cm L 17,9 x T 21,3 x H 33,2<br \/>\nMaterial Kiefernholz, Zink<br \/>\nBruttogewicht 1,164 kg<br \/>\nNettogewicht 1,164 kg<br \/>\nBarcode 8714982054075<br \/>\nFSC\u00ae FSC Mix Credit<\/p>\n","protected":false},"excerpt":{"rendered":"<p>L 17,9 x T 21,3 x H 33,2 cm<br \/>\nMaterial Kiefernholz, Zink<br \/>\nNettogewicht 1,164 kg<br \/>\nBarcode 8714982054075<br \/>\nFSC\u00ae FSC Mix Credit<\/p>\n","protected":false},"featured_media":6485,"template":"","meta":[],"product_brand":[9597,9598],"product_cat":[1315],"product_tag":[8320,6828,6714,7189,7928],"class_list":{"0":"post-6484","1":"product","2":"type-product","3":"status-publish","4":"has-post-thumbnail","6":"product_brand-esschert-design","7":"product_brand-trends-and-vision","8":"product_cat-best-for-birds","9":"product_tag-kohlmeisen","10":"product_tag-nistkasten","11":"product_tag-voegel","12":"product_tag-vogelhaeuser","13":"product_tag-weiss","14":"pa_anbieter-esschert-design","15":"pa_ean-code-3758","16":"pa_material-fsc-zertifiziert-kiefernholz-und-zink","17":"pa_messungen-22x175x33-cm","19":"first","20":"instock","21":"sale","22":"taxable","23":"shipping-taxable","24":"purchasable","25":"product-type-simple","26":"czr-hentry"},"yoast_head":"<!-- This site is optimized with the Yoast SEO Premium plugin v26.4 (Yoast SEO v27.3) - https:\/\/yoast.com\/product\/yoast-seo-premium-wordpress\/ -->\n<title>Esschert Design Kohlmeisen Nistkasten weiss (NK40W, 8714982054075) - Trends &amp; Vision<\/title>\n<meta name=\"description\" content=\"Esschert Design Kohlmeisen Nistkasten weiss: Kohlmeisen Nistkasten weiss\" \/>\n<meta name=\"robots\" content=\"index, follow, max-snippet:-1, max-image-preview:large, max-video-preview:-1\" \/>\n<link rel=\"canonical\" href=\"https:\/\/trendsandvision.nl\/de\/product\/esschert-design-kohlmeisen-nistkasten-weiss\/\" \/>\n<meta property=\"og:locale\" content=\"de_DE\" \/>\n<meta property=\"og:type\" content=\"article\" \/>\n<meta property=\"og:title\" content=\"Esschert Design Kohlmeisen Nistkasten weiss\" \/>\n<meta property=\"og:description\" content=\"Esschert Design Kohlmeisen Nistkasten weiss: Kohlmeisen Nistkasten weiss\" \/>\n<meta property=\"og:url\" content=\"https:\/\/trendsandvision.nl\/de\/product\/esschert-design-kohlmeisen-nistkasten-weiss\/\" \/>\n<meta property=\"og:site_name\" content=\"Trends &amp; Vision (DE)\" \/>\n<meta property=\"article:modified_time\" content=\"2026-04-07T08:42:47+00:00\" \/>\n<meta property=\"og:image\" content=\"https:\/\/trendsandvision.nl\/de\/wp-content\/uploads\/sites\/3\/2022\/04\/NK40W_01.jpg\" \/>\n\t<meta property=\"og:image:width\" content=\"800\" \/>\n\t<meta property=\"og:image:height\" content=\"800\" \/>\n\t<meta property=\"og:image:type\" content=\"image\/jpeg\" \/>\n<meta name=\"twitter:card\" content=\"summary_large_image\" \/>\n<meta name=\"twitter:label1\" content=\"Gesch\u00e4tzte Lesezeit\" \/>\n\t<meta name=\"twitter:data1\" content=\"1\u00a0Minute\" \/>\n<script type=\"application\/ld+json\" class=\"yoast-schema-graph\">{\"@context\":\"https:\\\/\\\/schema.org\",\"@graph\":[{\"@type\":\"WebPage\",\"@id\":\"https:\\\/\\\/trendsandvision.nl\\\/de\\\/product\\\/esschert-design-kohlmeisen-nistkasten-weiss\\\/\",\"url\":\"https:\\\/\\\/trendsandvision.nl\\\/de\\\/product\\\/esschert-design-kohlmeisen-nistkasten-weiss\\\/\",\"name\":\"Esschert Design Kohlmeisen Nistkasten weiss (NK40W, 8714982054075) - Trends & Vision\",\"isPartOf\":{\"@id\":\"https:\\\/\\\/trendsandvision.nl\\\/de\\\/#website\"},\"primaryImageOfPage\":{\"@id\":\"https:\\\/\\\/trendsandvision.nl\\\/de\\\/product\\\/esschert-design-kohlmeisen-nistkasten-weiss\\\/#primaryimage\"},\"image\":{\"@id\":\"https:\\\/\\\/trendsandvision.nl\\\/de\\\/product\\\/esschert-design-kohlmeisen-nistkasten-weiss\\\/#primaryimage\"},\"thumbnailUrl\":\"https:\\\/\\\/trendsandvision.nl\\\/de\\\/wp-content\\\/uploads\\\/sites\\\/3\\\/2022\\\/04\\\/NK40W_01.jpg\",\"datePublished\":\"2022-04-22T17:12:57+00:00\",\"dateModified\":\"2026-04-07T08:42:47+00:00\",\"description\":\"Esschert Design Kohlmeisen Nistkasten weiss: Kohlmeisen Nistkasten weiss\",\"breadcrumb\":{\"@id\":\"https:\\\/\\\/trendsandvision.nl\\\/de\\\/product\\\/esschert-design-kohlmeisen-nistkasten-weiss\\\/#breadcrumb\"},\"inLanguage\":\"de\",\"potentialAction\":[{\"@type\":\"ReadAction\",\"target\":[\"https:\\\/\\\/trendsandvision.nl\\\/de\\\/product\\\/esschert-design-kohlmeisen-nistkasten-weiss\\\/\"]}]},{\"@type\":\"ImageObject\",\"inLanguage\":\"de\",\"@id\":\"https:\\\/\\\/trendsandvision.nl\\\/de\\\/product\\\/esschert-design-kohlmeisen-nistkasten-weiss\\\/#primaryimage\",\"url\":\"https:\\\/\\\/trendsandvision.nl\\\/de\\\/wp-content\\\/uploads\\\/sites\\\/3\\\/2022\\\/04\\\/NK40W_01.jpg\",\"contentUrl\":\"https:\\\/\\\/trendsandvision.nl\\\/de\\\/wp-content\\\/uploads\\\/sites\\\/3\\\/2022\\\/04\\\/NK40W_01.jpg\",\"width\":800,\"height\":800,\"caption\":\"Esschert Design Kohlmeisen Nistkasten weiss (NK40W\"},{\"@type\":\"BreadcrumbList\",\"@id\":\"https:\\\/\\\/trendsandvision.nl\\\/de\\\/product\\\/esschert-design-kohlmeisen-nistkasten-weiss\\\/#breadcrumb\",\"itemListElement\":[{\"@type\":\"ListItem\",\"position\":1,\"name\":\"Home\",\"item\":\"https:\\\/\\\/trendsandvision.nl\\\/de\\\/\"},{\"@type\":\"ListItem\",\"position\":2,\"name\":\"Gesch\u00e4ft\",\"item\":\"https:\\\/\\\/trendsandvision.nl\\\/de\\\/geschaft\\\/\"},{\"@type\":\"ListItem\",\"position\":3,\"name\":\"Esschert Design Kohlmeisen Nistkasten weiss\"}]},{\"@type\":\"WebSite\",\"@id\":\"https:\\\/\\\/trendsandvision.nl\\\/de\\\/#website\",\"url\":\"https:\\\/\\\/trendsandvision.nl\\\/de\\\/\",\"name\":\"Trends &amp; Vision (DE)\",\"description\":\"Der Webshop f\u00fcr Esschert Design Artikel\",\"publisher\":{\"@id\":\"https:\\\/\\\/trendsandvision.nl\\\/de\\\/#organization\"},\"potentialAction\":[{\"@type\":\"SearchAction\",\"target\":{\"@type\":\"EntryPoint\",\"urlTemplate\":\"https:\\\/\\\/trendsandvision.nl\\\/de\\\/?s={search_term_string}\"},\"query-input\":{\"@type\":\"PropertyValueSpecification\",\"valueRequired\":true,\"valueName\":\"search_term_string\"}}],\"inLanguage\":\"de\"},{\"@type\":\"Organization\",\"@id\":\"https:\\\/\\\/trendsandvision.nl\\\/de\\\/#organization\",\"name\":\"Trends &amp; Vision (DE)\",\"url\":\"https:\\\/\\\/trendsandvision.nl\\\/de\\\/\",\"logo\":{\"@type\":\"ImageObject\",\"inLanguage\":\"de\",\"@id\":\"https:\\\/\\\/trendsandvision.nl\\\/de\\\/#\\\/schema\\\/logo\\\/image\\\/\",\"url\":\"https:\\\/\\\/trendsandvision.nl\\\/de\\\/wp-content\\\/uploads\\\/sites\\\/3\\\/2022\\\/04\\\/trends-and-vision-logo.jpg\",\"contentUrl\":\"https:\\\/\\\/trendsandvision.nl\\\/de\\\/wp-content\\\/uploads\\\/sites\\\/3\\\/2022\\\/04\\\/trends-and-vision-logo.jpg\",\"width\":213,\"height\":100,\"caption\":\"Trends &amp; Vision (DE)\"},\"image\":{\"@id\":\"https:\\\/\\\/trendsandvision.nl\\\/de\\\/#\\\/schema\\\/logo\\\/image\\\/\"}}]}<\/script>\n<!-- \/ Yoast SEO Premium plugin. -->","yoast_head_json":{"title":"Esschert Design Kohlmeisen Nistkasten weiss (NK40W, 8714982054075) - Trends & Vision","description":"Esschert Design Kohlmeisen Nistkasten weiss: Kohlmeisen Nistkasten weiss","robots":{"index":"index","follow":"follow","max-snippet":"max-snippet:-1","max-image-preview":"max-image-preview:large","max-video-preview":"max-video-preview:-1"},"canonical":"https:\/\/trendsandvision.nl\/de\/product\/esschert-design-kohlmeisen-nistkasten-weiss\/","og_locale":"de_DE","og_type":"article","og_title":"Esschert Design Kohlmeisen Nistkasten weiss","og_description":"Esschert Design Kohlmeisen Nistkasten weiss: Kohlmeisen Nistkasten weiss","og_url":"https:\/\/trendsandvision.nl\/de\/product\/esschert-design-kohlmeisen-nistkasten-weiss\/","og_site_name":"Trends &amp; Vision (DE)","article_modified_time":"2026-04-07T08:42:47+00:00","og_image":[{"width":800,"height":800,"url":"https:\/\/trendsandvision.nl\/de\/wp-content\/uploads\/sites\/3\/2022\/04\/NK40W_01.jpg","type":"image\/jpeg"}],"twitter_card":"summary_large_image","twitter_misc":{"Gesch\u00e4tzte Lesezeit":"1\u00a0Minute"},"schema":{"@context":"https:\/\/schema.org","@graph":[{"@type":"WebPage","@id":"https:\/\/trendsandvision.nl\/de\/product\/esschert-design-kohlmeisen-nistkasten-weiss\/","url":"https:\/\/trendsandvision.nl\/de\/product\/esschert-design-kohlmeisen-nistkasten-weiss\/","name":"Esschert Design Kohlmeisen Nistkasten weiss (NK40W, 8714982054075) - Trends & Vision","isPartOf":{"@id":"https:\/\/trendsandvision.nl\/de\/#website"},"primaryImageOfPage":{"@id":"https:\/\/trendsandvision.nl\/de\/product\/esschert-design-kohlmeisen-nistkasten-weiss\/#primaryimage"},"image":{"@id":"https:\/\/trendsandvision.nl\/de\/product\/esschert-design-kohlmeisen-nistkasten-weiss\/#primaryimage"},"thumbnailUrl":"https:\/\/trendsandvision.nl\/de\/wp-content\/uploads\/sites\/3\/2022\/04\/NK40W_01.jpg","datePublished":"2022-04-22T17:12:57+00:00","dateModified":"2026-04-07T08:42:47+00:00","description":"Esschert Design Kohlmeisen Nistkasten weiss: Kohlmeisen Nistkasten weiss","breadcrumb":{"@id":"https:\/\/trendsandvision.nl\/de\/product\/esschert-design-kohlmeisen-nistkasten-weiss\/#breadcrumb"},"inLanguage":"de","potentialAction":[{"@type":"ReadAction","target":["https:\/\/trendsandvision.nl\/de\/product\/esschert-design-kohlmeisen-nistkasten-weiss\/"]}]},{"@type":"ImageObject","inLanguage":"de","@id":"https:\/\/trendsandvision.nl\/de\/product\/esschert-design-kohlmeisen-nistkasten-weiss\/#primaryimage","url":"https:\/\/trendsandvision.nl\/de\/wp-content\/uploads\/sites\/3\/2022\/04\/NK40W_01.jpg","contentUrl":"https:\/\/trendsandvision.nl\/de\/wp-content\/uploads\/sites\/3\/2022\/04\/NK40W_01.jpg","width":800,"height":800,"caption":"Esschert Design Kohlmeisen Nistkasten weiss (NK40W"},{"@type":"BreadcrumbList","@id":"https:\/\/trendsandvision.nl\/de\/product\/esschert-design-kohlmeisen-nistkasten-weiss\/#breadcrumb","itemListElement":[{"@type":"ListItem","position":1,"name":"Home","item":"https:\/\/trendsandvision.nl\/de\/"},{"@type":"ListItem","position":2,"name":"Gesch\u00e4ft","item":"https:\/\/trendsandvision.nl\/de\/geschaft\/"},{"@type":"ListItem","position":3,"name":"Esschert Design Kohlmeisen Nistkasten weiss"}]},{"@type":"WebSite","@id":"https:\/\/trendsandvision.nl\/de\/#website","url":"https:\/\/trendsandvision.nl\/de\/","name":"Trends &amp; Vision (DE)","description":"Der Webshop f\u00fcr Esschert Design Artikel","publisher":{"@id":"https:\/\/trendsandvision.nl\/de\/#organization"},"potentialAction":[{"@type":"SearchAction","target":{"@type":"EntryPoint","urlTemplate":"https:\/\/trendsandvision.nl\/de\/?s={search_term_string}"},"query-input":{"@type":"PropertyValueSpecification","valueRequired":true,"valueName":"search_term_string"}}],"inLanguage":"de"},{"@type":"Organization","@id":"https:\/\/trendsandvision.nl\/de\/#organization","name":"Trends &amp; Vision (DE)","url":"https:\/\/trendsandvision.nl\/de\/","logo":{"@type":"ImageObject","inLanguage":"de","@id":"https:\/\/trendsandvision.nl\/de\/#\/schema\/logo\/image\/","url":"https:\/\/trendsandvision.nl\/de\/wp-content\/uploads\/sites\/3\/2022\/04\/trends-and-vision-logo.jpg","contentUrl":"https:\/\/trendsandvision.nl\/de\/wp-content\/uploads\/sites\/3\/2022\/04\/trends-and-vision-logo.jpg","width":213,"height":100,"caption":"Trends &amp; Vision (DE)"},"image":{"@id":"https:\/\/trendsandvision.nl\/de\/#\/schema\/logo\/image\/"}}]}},"_links":{"self":[{"href":"https:\/\/trendsandvision.nl\/de\/wp-json\/wp\/v2\/product\/6484","targetHints":{"allow":["GET"]}}],"collection":[{"href":"https:\/\/trendsandvision.nl\/de\/wp-json\/wp\/v2\/product"}],"about":[{"href":"https:\/\/trendsandvision.nl\/de\/wp-json\/wp\/v2\/types\/product"}],"wp:featuredmedia":[{"embeddable":true,"href":"https:\/\/trendsandvision.nl\/de\/wp-json\/wp\/v2\/media\/6485"}],"wp:attachment":[{"href":"https:\/\/trendsandvision.nl\/de\/wp-json\/wp\/v2\/media?parent=6484"}],"wp:term":[{"taxonomy":"product_brand","embeddable":true,"href":"https:\/\/trendsandvision.nl\/de\/wp-json\/wp\/v2\/product_brand?post=6484"},{"taxonomy":"product_cat","embeddable":true,"href":"https:\/\/trendsandvision.nl\/de\/wp-json\/wp\/v2\/product_cat?post=6484"},{"taxonomy":"product_tag","embeddable":true,"href":"https:\/\/trendsandvision.nl\/de\/wp-json\/wp\/v2\/product_tag?post=6484"}],"curies":[{"name":"wp","href":"https:\/\/api.w.org\/{rel}","templated":true}]}}