{"id":6439,"date":"2022-04-22T19:12:09","date_gmt":"2022-04-22T17:12:09","guid":{"rendered":"https:\/\/trendsandvision.nl\/de\/product\/esschert-design-nisttopf-rund-blaumeise\/"},"modified":"2026-04-07T10:42:41","modified_gmt":"2026-04-07T08:42:41","slug":"esschert-design-nisttopf-rund-blaumeise","status":"publish","type":"product","link":"https:\/\/trendsandvision.nl\/de\/product\/esschert-design-nisttopf-rund-blaumeise\/","title":{"rendered":"Esschert Design Nisttopf rund Blaumeise"},"content":{"rendered":"<p>Seit dem 16.Jahrhundert werden Vogelt\u00f6pfe verwendet. Dieser Vogeltopf basiert auf einem Modell aus dem 17.Jahrhundert.<br \/>\nGenau wie heutzutage hatten die Menschen gern V\u00f6gel um sich, unter anderem um sie dabei zuzusehen, wie sie sich mit ihren Jungen besch\u00e4ftigen.<br \/>\nDieser handgemachte Vogeltopf hat ein authentisches Aussehen und wird nach traditioneller Weise handgefertigt.<br \/>\nDie Grundform ist eine konvexe Vase, die dank dem flachen offenen R\u00fcckens an die Wand geh\u00e4ngt werden kann.<br \/>\nDieser Topf bietet Meisen und Spatzen einen guten Platz zum Nisten und hilft daher, die Population dieser Vogelarten in einer Region zu erhalten oder sogar zu vermehren. Im Winter nutzen die V\u00f6gel den Topf oft als Unterschlupf.<br \/>\nH\u00e4ngen Sie den Vogeltopf an einen ruhigen und einigerma\u00dfen gesch\u00fctzten Ort. Also nicht direkt in der Sonne oder auf der Regenseite und mit einem freien Flugweg f\u00fcr die V\u00f6gel.<br \/>\nDer Herbst ist die beste Zeit, um den Vogeltopf zu reinigen.<\/p>\n<p>&#8211; Einflugloch mit 32 mm Durchmesse vorne<br \/>\n&#8211; \u00d6se zum Aufh\u00e4ngen<br \/>\n&#8211; kann von r\u00fcckseitig gereinigt werden<br \/>\n&#8211; verpackt in brauner Geschenkbox<\/p>\n<p>Artikelname: Vogeltopf rund<br \/>\nArtikelnummer: NK14<br \/>\nProduktgruppe(n) V\u00f6gel&amp;Gartentiere, Nistk\u00e4sten und Vogelh\u00e4user, Meisen und Spatzen<br \/>\nProduktabmessungen in cm L 14,6 x T 17,2 x H 16,4<br \/>\nMaterial: Frostfestes Steingut<br \/>\nNettogewicht 0,757 kg<br \/>\nBarcode 8714982015168<\/p>\n","protected":false},"excerpt":{"rendered":"<p>&#8211; Artikelnummer: NK14<br \/>\n&#8211; L 14,6 x T 17,2 x H 16,4 cm<br \/>\n&#8211; Einflugloch mit 32 mm Durchmesse vorne<br \/>\n&#8211; \u00d6se zum Aufh\u00e4ngen<br \/>\n&#8211; Kann von r\u00fcckseitig gereinigt werden<br \/>\n&#8211; Verpackt in brauner Geschenkbox<br \/>\n&#8211; Material Frostfestes Steingut<br \/>\n&#8211; Nettogewicht 0,757 kg<br \/>\n&#8211; Barcode 8714982015168<\/p>\n","protected":false},"featured_media":6440,"template":"","meta":[],"product_brand":[9597,9598],"product_cat":[1315],"product_tag":[7188,6828,7757,7189,8345],"class_list":{"0":"post-6439","1":"product","2":"type-product","3":"status-publish","4":"has-post-thumbnail","6":"product_brand-esschert-design","7":"product_brand-trends-and-vision","8":"product_cat-best-for-birds","9":"product_tag-blaumeise","10":"product_tag-nistkasten","11":"product_tag-terra-cotta","12":"product_tag-vogelhaeuser","13":"product_tag-vogeltoepfe","14":"pa_anbieter-esschert-design","15":"pa_ean-code-3746","16":"pa_material-frostfestes-steingut-und-holzstab","17":"pa_messungen-o-15x16-cm","19":"first","20":"instock","21":"sale","22":"taxable","23":"shipping-taxable","24":"purchasable","25":"product-type-simple","26":"czr-hentry"},"yoast_head":"<!-- This site is optimized with the Yoast SEO Premium plugin v26.4 (Yoast SEO v27.4) - https:\/\/yoast.com\/product\/yoast-seo-premium-wordpress\/ -->\n<title>Esschert Design Nisttopf rund Blaumeise (NK14, 8714982015168) - Trends &amp; Vision<\/title>\n<meta name=\"description\" content=\"Esschert Design Nisttopf rund Blaumeise: Nisttopf. Geeignet f\u00fcr: Blaumaisen, Tannenmaisen, Haubenmaisen und Weidenmaisen. Tipps: mindestens 1\" \/>\n<meta name=\"robots\" content=\"index, follow, max-snippet:-1, max-image-preview:large, max-video-preview:-1\" \/>\n<link rel=\"canonical\" href=\"https:\/\/trendsandvision.nl\/de\/product\/esschert-design-nisttopf-rund-blaumeise\/\" \/>\n<meta property=\"og:locale\" content=\"de_DE\" \/>\n<meta property=\"og:type\" content=\"article\" \/>\n<meta property=\"og:title\" content=\"Esschert Design Nisttopf rund Blaumeise\" \/>\n<meta property=\"og:description\" content=\"Esschert Design Nisttopf rund Blaumeise: Nisttopf. Geeignet f\u00fcr: Blaumaisen, Tannenmaisen, Haubenmaisen und Weidenmaisen. Tipps: mindestens 1\" \/>\n<meta property=\"og:url\" content=\"https:\/\/trendsandvision.nl\/de\/product\/esschert-design-nisttopf-rund-blaumeise\/\" \/>\n<meta property=\"og:site_name\" content=\"Trends &amp; Vision (DE)\" \/>\n<meta property=\"article:modified_time\" content=\"2026-04-07T08:42:41+00:00\" \/>\n<meta property=\"og:image\" content=\"https:\/\/trendsandvision.nl\/de\/wp-content\/uploads\/sites\/3\/2022\/04\/NK14_01.jpg\" \/>\n\t<meta property=\"og:image:width\" content=\"800\" \/>\n\t<meta property=\"og:image:height\" content=\"800\" \/>\n\t<meta property=\"og:image:type\" content=\"image\/jpeg\" \/>\n<meta name=\"twitter:card\" content=\"summary_large_image\" \/>\n<meta name=\"twitter:label1\" content=\"Gesch\u00e4tzte Lesezeit\" \/>\n\t<meta name=\"twitter:data1\" content=\"2\u00a0Minuten\" \/>\n<script type=\"application\/ld+json\" class=\"yoast-schema-graph\">{\"@context\":\"https:\\\/\\\/schema.org\",\"@graph\":[{\"@type\":\"WebPage\",\"@id\":\"https:\\\/\\\/trendsandvision.nl\\\/de\\\/product\\\/esschert-design-nisttopf-rund-blaumeise\\\/\",\"url\":\"https:\\\/\\\/trendsandvision.nl\\\/de\\\/product\\\/esschert-design-nisttopf-rund-blaumeise\\\/\",\"name\":\"Esschert Design Nisttopf rund Blaumeise (NK14, 8714982015168) - Trends & Vision\",\"isPartOf\":{\"@id\":\"https:\\\/\\\/trendsandvision.nl\\\/de\\\/#website\"},\"primaryImageOfPage\":{\"@id\":\"https:\\\/\\\/trendsandvision.nl\\\/de\\\/product\\\/esschert-design-nisttopf-rund-blaumeise\\\/#primaryimage\"},\"image\":{\"@id\":\"https:\\\/\\\/trendsandvision.nl\\\/de\\\/product\\\/esschert-design-nisttopf-rund-blaumeise\\\/#primaryimage\"},\"thumbnailUrl\":\"https:\\\/\\\/trendsandvision.nl\\\/de\\\/wp-content\\\/uploads\\\/sites\\\/3\\\/2022\\\/04\\\/NK14_01.jpg\",\"datePublished\":\"2022-04-22T17:12:09+00:00\",\"dateModified\":\"2026-04-07T08:42:41+00:00\",\"description\":\"Esschert Design Nisttopf rund Blaumeise: Nisttopf. Geeignet f\u00fcr: Blaumaisen, Tannenmaisen, Haubenmaisen und Weidenmaisen. Tipps: mindestens 1\",\"breadcrumb\":{\"@id\":\"https:\\\/\\\/trendsandvision.nl\\\/de\\\/product\\\/esschert-design-nisttopf-rund-blaumeise\\\/#breadcrumb\"},\"inLanguage\":\"de\",\"potentialAction\":[{\"@type\":\"ReadAction\",\"target\":[\"https:\\\/\\\/trendsandvision.nl\\\/de\\\/product\\\/esschert-design-nisttopf-rund-blaumeise\\\/\"]}]},{\"@type\":\"ImageObject\",\"inLanguage\":\"de\",\"@id\":\"https:\\\/\\\/trendsandvision.nl\\\/de\\\/product\\\/esschert-design-nisttopf-rund-blaumeise\\\/#primaryimage\",\"url\":\"https:\\\/\\\/trendsandvision.nl\\\/de\\\/wp-content\\\/uploads\\\/sites\\\/3\\\/2022\\\/04\\\/NK14_01.jpg\",\"contentUrl\":\"https:\\\/\\\/trendsandvision.nl\\\/de\\\/wp-content\\\/uploads\\\/sites\\\/3\\\/2022\\\/04\\\/NK14_01.jpg\",\"width\":800,\"height\":800,\"caption\":\"Esschert Design Nisttopf rund Blaumeise (NK14\"},{\"@type\":\"BreadcrumbList\",\"@id\":\"https:\\\/\\\/trendsandvision.nl\\\/de\\\/product\\\/esschert-design-nisttopf-rund-blaumeise\\\/#breadcrumb\",\"itemListElement\":[{\"@type\":\"ListItem\",\"position\":1,\"name\":\"Home\",\"item\":\"https:\\\/\\\/trendsandvision.nl\\\/de\\\/\"},{\"@type\":\"ListItem\",\"position\":2,\"name\":\"Gesch\u00e4ft\",\"item\":\"https:\\\/\\\/trendsandvision.nl\\\/de\\\/geschaft\\\/\"},{\"@type\":\"ListItem\",\"position\":3,\"name\":\"Esschert Design Nisttopf rund Blaumeise\"}]},{\"@type\":\"WebSite\",\"@id\":\"https:\\\/\\\/trendsandvision.nl\\\/de\\\/#website\",\"url\":\"https:\\\/\\\/trendsandvision.nl\\\/de\\\/\",\"name\":\"Trends &amp; Vision (DE)\",\"description\":\"Der Webshop f\u00fcr Esschert Design Artikel\",\"publisher\":{\"@id\":\"https:\\\/\\\/trendsandvision.nl\\\/de\\\/#organization\"},\"potentialAction\":[{\"@type\":\"SearchAction\",\"target\":{\"@type\":\"EntryPoint\",\"urlTemplate\":\"https:\\\/\\\/trendsandvision.nl\\\/de\\\/?s={search_term_string}\"},\"query-input\":{\"@type\":\"PropertyValueSpecification\",\"valueRequired\":true,\"valueName\":\"search_term_string\"}}],\"inLanguage\":\"de\"},{\"@type\":\"Organization\",\"@id\":\"https:\\\/\\\/trendsandvision.nl\\\/de\\\/#organization\",\"name\":\"Trends &amp; Vision (DE)\",\"url\":\"https:\\\/\\\/trendsandvision.nl\\\/de\\\/\",\"logo\":{\"@type\":\"ImageObject\",\"inLanguage\":\"de\",\"@id\":\"https:\\\/\\\/trendsandvision.nl\\\/de\\\/#\\\/schema\\\/logo\\\/image\\\/\",\"url\":\"https:\\\/\\\/trendsandvision.nl\\\/de\\\/wp-content\\\/uploads\\\/sites\\\/3\\\/2022\\\/04\\\/trends-and-vision-logo.jpg\",\"contentUrl\":\"https:\\\/\\\/trendsandvision.nl\\\/de\\\/wp-content\\\/uploads\\\/sites\\\/3\\\/2022\\\/04\\\/trends-and-vision-logo.jpg\",\"width\":213,\"height\":100,\"caption\":\"Trends &amp; Vision (DE)\"},\"image\":{\"@id\":\"https:\\\/\\\/trendsandvision.nl\\\/de\\\/#\\\/schema\\\/logo\\\/image\\\/\"}}]}<\/script>\n<!-- \/ Yoast SEO Premium plugin. -->","yoast_head_json":{"title":"Esschert Design Nisttopf rund Blaumeise (NK14, 8714982015168) - Trends & Vision","description":"Esschert Design Nisttopf rund Blaumeise: Nisttopf. Geeignet f\u00fcr: Blaumaisen, Tannenmaisen, Haubenmaisen und Weidenmaisen. Tipps: mindestens 1","robots":{"index":"index","follow":"follow","max-snippet":"max-snippet:-1","max-image-preview":"max-image-preview:large","max-video-preview":"max-video-preview:-1"},"canonical":"https:\/\/trendsandvision.nl\/de\/product\/esschert-design-nisttopf-rund-blaumeise\/","og_locale":"de_DE","og_type":"article","og_title":"Esschert Design Nisttopf rund Blaumeise","og_description":"Esschert Design Nisttopf rund Blaumeise: Nisttopf. Geeignet f\u00fcr: Blaumaisen, Tannenmaisen, Haubenmaisen und Weidenmaisen. Tipps: mindestens 1","og_url":"https:\/\/trendsandvision.nl\/de\/product\/esschert-design-nisttopf-rund-blaumeise\/","og_site_name":"Trends &amp; Vision (DE)","article_modified_time":"2026-04-07T08:42:41+00:00","og_image":[{"width":800,"height":800,"url":"https:\/\/trendsandvision.nl\/de\/wp-content\/uploads\/sites\/3\/2022\/04\/NK14_01.jpg","type":"image\/jpeg"}],"twitter_card":"summary_large_image","twitter_misc":{"Gesch\u00e4tzte Lesezeit":"2\u00a0Minuten"},"schema":{"@context":"https:\/\/schema.org","@graph":[{"@type":"WebPage","@id":"https:\/\/trendsandvision.nl\/de\/product\/esschert-design-nisttopf-rund-blaumeise\/","url":"https:\/\/trendsandvision.nl\/de\/product\/esschert-design-nisttopf-rund-blaumeise\/","name":"Esschert Design Nisttopf rund Blaumeise (NK14, 8714982015168) - Trends & Vision","isPartOf":{"@id":"https:\/\/trendsandvision.nl\/de\/#website"},"primaryImageOfPage":{"@id":"https:\/\/trendsandvision.nl\/de\/product\/esschert-design-nisttopf-rund-blaumeise\/#primaryimage"},"image":{"@id":"https:\/\/trendsandvision.nl\/de\/product\/esschert-design-nisttopf-rund-blaumeise\/#primaryimage"},"thumbnailUrl":"https:\/\/trendsandvision.nl\/de\/wp-content\/uploads\/sites\/3\/2022\/04\/NK14_01.jpg","datePublished":"2022-04-22T17:12:09+00:00","dateModified":"2026-04-07T08:42:41+00:00","description":"Esschert Design Nisttopf rund Blaumeise: Nisttopf. Geeignet f\u00fcr: Blaumaisen, Tannenmaisen, Haubenmaisen und Weidenmaisen. Tipps: mindestens 1","breadcrumb":{"@id":"https:\/\/trendsandvision.nl\/de\/product\/esschert-design-nisttopf-rund-blaumeise\/#breadcrumb"},"inLanguage":"de","potentialAction":[{"@type":"ReadAction","target":["https:\/\/trendsandvision.nl\/de\/product\/esschert-design-nisttopf-rund-blaumeise\/"]}]},{"@type":"ImageObject","inLanguage":"de","@id":"https:\/\/trendsandvision.nl\/de\/product\/esschert-design-nisttopf-rund-blaumeise\/#primaryimage","url":"https:\/\/trendsandvision.nl\/de\/wp-content\/uploads\/sites\/3\/2022\/04\/NK14_01.jpg","contentUrl":"https:\/\/trendsandvision.nl\/de\/wp-content\/uploads\/sites\/3\/2022\/04\/NK14_01.jpg","width":800,"height":800,"caption":"Esschert Design Nisttopf rund Blaumeise (NK14"},{"@type":"BreadcrumbList","@id":"https:\/\/trendsandvision.nl\/de\/product\/esschert-design-nisttopf-rund-blaumeise\/#breadcrumb","itemListElement":[{"@type":"ListItem","position":1,"name":"Home","item":"https:\/\/trendsandvision.nl\/de\/"},{"@type":"ListItem","position":2,"name":"Gesch\u00e4ft","item":"https:\/\/trendsandvision.nl\/de\/geschaft\/"},{"@type":"ListItem","position":3,"name":"Esschert Design Nisttopf rund Blaumeise"}]},{"@type":"WebSite","@id":"https:\/\/trendsandvision.nl\/de\/#website","url":"https:\/\/trendsandvision.nl\/de\/","name":"Trends &amp; Vision (DE)","description":"Der Webshop f\u00fcr Esschert Design Artikel","publisher":{"@id":"https:\/\/trendsandvision.nl\/de\/#organization"},"potentialAction":[{"@type":"SearchAction","target":{"@type":"EntryPoint","urlTemplate":"https:\/\/trendsandvision.nl\/de\/?s={search_term_string}"},"query-input":{"@type":"PropertyValueSpecification","valueRequired":true,"valueName":"search_term_string"}}],"inLanguage":"de"},{"@type":"Organization","@id":"https:\/\/trendsandvision.nl\/de\/#organization","name":"Trends &amp; Vision (DE)","url":"https:\/\/trendsandvision.nl\/de\/","logo":{"@type":"ImageObject","inLanguage":"de","@id":"https:\/\/trendsandvision.nl\/de\/#\/schema\/logo\/image\/","url":"https:\/\/trendsandvision.nl\/de\/wp-content\/uploads\/sites\/3\/2022\/04\/trends-and-vision-logo.jpg","contentUrl":"https:\/\/trendsandvision.nl\/de\/wp-content\/uploads\/sites\/3\/2022\/04\/trends-and-vision-logo.jpg","width":213,"height":100,"caption":"Trends &amp; Vision (DE)"},"image":{"@id":"https:\/\/trendsandvision.nl\/de\/#\/schema\/logo\/image\/"}}]}},"_links":{"self":[{"href":"https:\/\/trendsandvision.nl\/de\/wp-json\/wp\/v2\/product\/6439","targetHints":{"allow":["GET"]}}],"collection":[{"href":"https:\/\/trendsandvision.nl\/de\/wp-json\/wp\/v2\/product"}],"about":[{"href":"https:\/\/trendsandvision.nl\/de\/wp-json\/wp\/v2\/types\/product"}],"wp:featuredmedia":[{"embeddable":true,"href":"https:\/\/trendsandvision.nl\/de\/wp-json\/wp\/v2\/media\/6440"}],"wp:attachment":[{"href":"https:\/\/trendsandvision.nl\/de\/wp-json\/wp\/v2\/media?parent=6439"}],"wp:term":[{"taxonomy":"product_brand","embeddable":true,"href":"https:\/\/trendsandvision.nl\/de\/wp-json\/wp\/v2\/product_brand?post=6439"},{"taxonomy":"product_cat","embeddable":true,"href":"https:\/\/trendsandvision.nl\/de\/wp-json\/wp\/v2\/product_cat?post=6439"},{"taxonomy":"product_tag","embeddable":true,"href":"https:\/\/trendsandvision.nl\/de\/wp-json\/wp\/v2\/product_tag?post=6439"}],"curies":[{"name":"wp","href":"https:\/\/api.w.org\/{rel}","templated":true}]}}