{"id":6380,"date":"2022-04-22T19:10:27","date_gmt":"2022-04-22T17:10:27","guid":{"rendered":"https:\/\/trendsandvision.nl\/de\/product\/esschert-design-nistkasten-kohlmeise-antique-wash-kupfer\/"},"modified":"2026-04-07T10:42:29","modified_gmt":"2026-04-07T08:42:29","slug":"esschert-design-nistkasten-kohlmeise-kupferdach","status":"publish","type":"product","link":"https:\/\/trendsandvision.nl\/de\/product\/esschert-design-nistkasten-kohlmeise-kupferdach\/","title":{"rendered":"Esschert Design Nistkasten Kohlmeise Kupferdach"},"content":{"rendered":"<p>Dieser traditionelle Nistkasten mit l\u00e4ndlichem Aussehen und Kupferdach bietet der Kohlmeise einen guten Ort zum Nisten und hilft daher, die Population dieser Vogelart in einer Region zu erhalten oder sogar zu vermehren.<br \/>\nDar\u00fcber hinaus bietet dieser ma\u00dfgefertigte Nistkasten der Blaumeise, dem Baumsperling, dem Haussperling, dem Kleiber und dem Gescheckter Fliegenf\u00e4nger einen guten Platz zum Nisten.<br \/>\nIm Winter nutzen die V\u00f6gel den Nistkasten oft als Unterschlupf.<br \/>\nH\u00e4ngen Sie den Nistkasten an einen ruhigen und einigerma\u00dfen gesch\u00fctzten Ort.<br \/>\nAlso nicht direkt in der Sonne oder auf der Regenseite und mit einem freien Flugweg f\u00fcr die V\u00f6gel.<br \/>\nDer Herbst ist die beste Zeit, um den Nistkasten zu reinigen.<\/p>\n<p>&#8211; Schl\u00fcsselloch\u00f6ffnung<br \/>\n&#8211; Seitent\u00fcr<br \/>\n&#8211; Einflugloch mit 32 mm Durchmesser<br \/>\n&#8211; Geeignet f\u00fcr Kohlmeise, Blaumeise, Baumsperling, Haussperling, Kleiber, Gescheckter Fliegenf\u00e4nger<\/p>\n<p>Artikelname: Nistkasten Kohlmeise Kupferdach<br \/>\nArtikelnummer: NK04<br \/>\nProduktgruppe(n) V\u00f6gel&amp;Gartentiere, Nistk\u00e4sten und Vogelh\u00e4user, Kohlmeise<br \/>\nProduktabmessungen in cm L 17 x T 14 x H 29,7<br \/>\nMaterial: Kiefernholz, Kupfer<br \/>\nNettogewicht 0,882 kg<br \/>\nBarcode 8714982011160<br \/>\nFSC\u00ae 100%<\/p>\n","protected":false},"excerpt":{"rendered":"<p>&#8211; Artikelnummer: NK04<br \/>\n&#8211; L 17 x T 14 x H 29,7 cm<br \/>\n&#8211; Material Kiefernholz, Kupfer<br \/>\n&#8211; Schl\u00fcsselloch\u00f6ffnung<br \/>\n&#8211; Seitent\u00fcr<br \/>\n&#8211; Einflugloch mit 32 mm Durchmesser<br \/>\n&#8211; Nettogewicht 0,882 kg<br \/>\n&#8211; Barcode 8714982011160<br \/>\n&#8211; FSC\u00ae FSC 100%<\/p>\n","protected":false},"featured_media":6381,"template":"","meta":[],"product_brand":[9597,9598],"product_cat":[1315],"product_tag":[6809,8320,8338,6828,6714,7189],"class_list":{"0":"post-6380","1":"product","2":"type-product","3":"status-publish","4":"has-post-thumbnail","6":"product_brand-esschert-design","7":"product_brand-trends-and-vision","8":"product_cat-best-for-birds","9":"product_tag-fsc-100","10":"product_tag-kohlmeisen","11":"product_tag-kupferdach","12":"product_tag-nistkasten","13":"product_tag-voegel","14":"product_tag-vogelhaeuser","15":"pa_anbieter-esschert-design","16":"pa_ean-code-3725","17":"pa_material-fsc-zertifiziert-kiefernholz-und-kupfer","18":"pa_messungen-14x17x30-cm","20":"first","21":"instock","22":"sale","23":"taxable","24":"shipping-taxable","25":"purchasable","26":"product-type-simple","27":"czr-hentry"},"yoast_head":"<!-- This site is optimized with the Yoast SEO Premium plugin v26.4 (Yoast SEO v27.3) - https:\/\/yoast.com\/product\/yoast-seo-premium-wordpress\/ -->\n<title>Esschert Design Nistkasten Kohlmeise antique wash kupfer (NK04, 8714982011160) - Trends &amp; Vision<\/title>\n<meta name=\"description\" content=\"Esschert Design Nistkasten Kohlmeise antique wash kupfer: In diesem sch\u00f6nen antik braunen Nistkasten mit K\u00fcpferdach werden sich insbesondere das Kohlmaisen, S\" \/>\n<meta name=\"robots\" content=\"index, follow, max-snippet:-1, max-image-preview:large, max-video-preview:-1\" \/>\n<link rel=\"canonical\" href=\"https:\/\/trendsandvision.nl\/de\/product\/esschert-design-nistkasten-kohlmeise-kupferdach\/\" \/>\n<meta property=\"og:locale\" content=\"de_DE\" \/>\n<meta property=\"og:type\" content=\"article\" \/>\n<meta property=\"og:title\" content=\"Esschert Design Nistkasten Kohlmeise Kupferdach\" \/>\n<meta property=\"og:description\" content=\"Esschert Design Nistkasten Kohlmeise antique wash kupfer: In diesem sch\u00f6nen antik braunen Nistkasten mit K\u00fcpferdach werden sich insbesondere das Kohlmaisen, S\" \/>\n<meta property=\"og:url\" content=\"https:\/\/trendsandvision.nl\/de\/product\/esschert-design-nistkasten-kohlmeise-kupferdach\/\" \/>\n<meta property=\"og:site_name\" content=\"Trends &amp; Vision (DE)\" \/>\n<meta property=\"article:modified_time\" content=\"2026-04-07T08:42:29+00:00\" \/>\n<meta property=\"og:image\" content=\"https:\/\/trendsandvision.nl\/de\/wp-content\/uploads\/sites\/3\/2022\/04\/NK04_01.jpg\" \/>\n\t<meta property=\"og:image:width\" content=\"800\" \/>\n\t<meta property=\"og:image:height\" content=\"800\" \/>\n\t<meta property=\"og:image:type\" content=\"image\/jpeg\" \/>\n<meta name=\"twitter:card\" content=\"summary_large_image\" \/>\n<meta name=\"twitter:label1\" content=\"Gesch\u00e4tzte Lesezeit\" \/>\n\t<meta name=\"twitter:data1\" content=\"2\u00a0Minuten\" \/>\n<script type=\"application\/ld+json\" class=\"yoast-schema-graph\">{\"@context\":\"https:\\\/\\\/schema.org\",\"@graph\":[{\"@type\":\"WebPage\",\"@id\":\"https:\\\/\\\/trendsandvision.nl\\\/de\\\/product\\\/esschert-design-nistkasten-kohlmeise-kupferdach\\\/\",\"url\":\"https:\\\/\\\/trendsandvision.nl\\\/de\\\/product\\\/esschert-design-nistkasten-kohlmeise-kupferdach\\\/\",\"name\":\"Esschert Design Nistkasten Kohlmeise antique wash kupfer (NK04, 8714982011160) - Trends & Vision\",\"isPartOf\":{\"@id\":\"https:\\\/\\\/trendsandvision.nl\\\/de\\\/#website\"},\"primaryImageOfPage\":{\"@id\":\"https:\\\/\\\/trendsandvision.nl\\\/de\\\/product\\\/esschert-design-nistkasten-kohlmeise-kupferdach\\\/#primaryimage\"},\"image\":{\"@id\":\"https:\\\/\\\/trendsandvision.nl\\\/de\\\/product\\\/esschert-design-nistkasten-kohlmeise-kupferdach\\\/#primaryimage\"},\"thumbnailUrl\":\"https:\\\/\\\/trendsandvision.nl\\\/de\\\/wp-content\\\/uploads\\\/sites\\\/3\\\/2022\\\/04\\\/NK04_01.jpg\",\"datePublished\":\"2022-04-22T17:10:27+00:00\",\"dateModified\":\"2026-04-07T08:42:29+00:00\",\"description\":\"Esschert Design Nistkasten Kohlmeise antique wash kupfer: In diesem sch\u00f6nen antik braunen Nistkasten mit K\u00fcpferdach werden sich insbesondere das Kohlmaisen, S\",\"breadcrumb\":{\"@id\":\"https:\\\/\\\/trendsandvision.nl\\\/de\\\/product\\\/esschert-design-nistkasten-kohlmeise-kupferdach\\\/#breadcrumb\"},\"inLanguage\":\"de\",\"potentialAction\":[{\"@type\":\"ReadAction\",\"target\":[\"https:\\\/\\\/trendsandvision.nl\\\/de\\\/product\\\/esschert-design-nistkasten-kohlmeise-kupferdach\\\/\"]}]},{\"@type\":\"ImageObject\",\"inLanguage\":\"de\",\"@id\":\"https:\\\/\\\/trendsandvision.nl\\\/de\\\/product\\\/esschert-design-nistkasten-kohlmeise-kupferdach\\\/#primaryimage\",\"url\":\"https:\\\/\\\/trendsandvision.nl\\\/de\\\/wp-content\\\/uploads\\\/sites\\\/3\\\/2022\\\/04\\\/NK04_01.jpg\",\"contentUrl\":\"https:\\\/\\\/trendsandvision.nl\\\/de\\\/wp-content\\\/uploads\\\/sites\\\/3\\\/2022\\\/04\\\/NK04_01.jpg\",\"width\":800,\"height\":800,\"caption\":\"Esschert Design Nistkasten Kohlmeise antique wash kupfer (NK04\"},{\"@type\":\"BreadcrumbList\",\"@id\":\"https:\\\/\\\/trendsandvision.nl\\\/de\\\/product\\\/esschert-design-nistkasten-kohlmeise-kupferdach\\\/#breadcrumb\",\"itemListElement\":[{\"@type\":\"ListItem\",\"position\":1,\"name\":\"Home\",\"item\":\"https:\\\/\\\/trendsandvision.nl\\\/de\\\/\"},{\"@type\":\"ListItem\",\"position\":2,\"name\":\"Gesch\u00e4ft\",\"item\":\"https:\\\/\\\/trendsandvision.nl\\\/de\\\/geschaft\\\/\"},{\"@type\":\"ListItem\",\"position\":3,\"name\":\"Esschert Design Nistkasten Kohlmeise Kupferdach\"}]},{\"@type\":\"WebSite\",\"@id\":\"https:\\\/\\\/trendsandvision.nl\\\/de\\\/#website\",\"url\":\"https:\\\/\\\/trendsandvision.nl\\\/de\\\/\",\"name\":\"Trends &amp; Vision (DE)\",\"description\":\"Der Webshop f\u00fcr Esschert Design Artikel\",\"publisher\":{\"@id\":\"https:\\\/\\\/trendsandvision.nl\\\/de\\\/#organization\"},\"potentialAction\":[{\"@type\":\"SearchAction\",\"target\":{\"@type\":\"EntryPoint\",\"urlTemplate\":\"https:\\\/\\\/trendsandvision.nl\\\/de\\\/?s={search_term_string}\"},\"query-input\":{\"@type\":\"PropertyValueSpecification\",\"valueRequired\":true,\"valueName\":\"search_term_string\"}}],\"inLanguage\":\"de\"},{\"@type\":\"Organization\",\"@id\":\"https:\\\/\\\/trendsandvision.nl\\\/de\\\/#organization\",\"name\":\"Trends &amp; Vision (DE)\",\"url\":\"https:\\\/\\\/trendsandvision.nl\\\/de\\\/\",\"logo\":{\"@type\":\"ImageObject\",\"inLanguage\":\"de\",\"@id\":\"https:\\\/\\\/trendsandvision.nl\\\/de\\\/#\\\/schema\\\/logo\\\/image\\\/\",\"url\":\"https:\\\/\\\/trendsandvision.nl\\\/de\\\/wp-content\\\/uploads\\\/sites\\\/3\\\/2022\\\/04\\\/trends-and-vision-logo.jpg\",\"contentUrl\":\"https:\\\/\\\/trendsandvision.nl\\\/de\\\/wp-content\\\/uploads\\\/sites\\\/3\\\/2022\\\/04\\\/trends-and-vision-logo.jpg\",\"width\":213,\"height\":100,\"caption\":\"Trends &amp; Vision (DE)\"},\"image\":{\"@id\":\"https:\\\/\\\/trendsandvision.nl\\\/de\\\/#\\\/schema\\\/logo\\\/image\\\/\"}}]}<\/script>\n<!-- \/ Yoast SEO Premium plugin. -->","yoast_head_json":{"title":"Esschert Design Nistkasten Kohlmeise antique wash kupfer (NK04, 8714982011160) - Trends & Vision","description":"Esschert Design Nistkasten Kohlmeise antique wash kupfer: In diesem sch\u00f6nen antik braunen Nistkasten mit K\u00fcpferdach werden sich insbesondere das Kohlmaisen, S","robots":{"index":"index","follow":"follow","max-snippet":"max-snippet:-1","max-image-preview":"max-image-preview:large","max-video-preview":"max-video-preview:-1"},"canonical":"https:\/\/trendsandvision.nl\/de\/product\/esschert-design-nistkasten-kohlmeise-kupferdach\/","og_locale":"de_DE","og_type":"article","og_title":"Esschert Design Nistkasten Kohlmeise Kupferdach","og_description":"Esschert Design Nistkasten Kohlmeise antique wash kupfer: In diesem sch\u00f6nen antik braunen Nistkasten mit K\u00fcpferdach werden sich insbesondere das Kohlmaisen, S","og_url":"https:\/\/trendsandvision.nl\/de\/product\/esschert-design-nistkasten-kohlmeise-kupferdach\/","og_site_name":"Trends &amp; Vision (DE)","article_modified_time":"2026-04-07T08:42:29+00:00","og_image":[{"width":800,"height":800,"url":"https:\/\/trendsandvision.nl\/de\/wp-content\/uploads\/sites\/3\/2022\/04\/NK04_01.jpg","type":"image\/jpeg"}],"twitter_card":"summary_large_image","twitter_misc":{"Gesch\u00e4tzte Lesezeit":"2\u00a0Minuten"},"schema":{"@context":"https:\/\/schema.org","@graph":[{"@type":"WebPage","@id":"https:\/\/trendsandvision.nl\/de\/product\/esschert-design-nistkasten-kohlmeise-kupferdach\/","url":"https:\/\/trendsandvision.nl\/de\/product\/esschert-design-nistkasten-kohlmeise-kupferdach\/","name":"Esschert Design Nistkasten Kohlmeise antique wash kupfer (NK04, 8714982011160) - Trends & Vision","isPartOf":{"@id":"https:\/\/trendsandvision.nl\/de\/#website"},"primaryImageOfPage":{"@id":"https:\/\/trendsandvision.nl\/de\/product\/esschert-design-nistkasten-kohlmeise-kupferdach\/#primaryimage"},"image":{"@id":"https:\/\/trendsandvision.nl\/de\/product\/esschert-design-nistkasten-kohlmeise-kupferdach\/#primaryimage"},"thumbnailUrl":"https:\/\/trendsandvision.nl\/de\/wp-content\/uploads\/sites\/3\/2022\/04\/NK04_01.jpg","datePublished":"2022-04-22T17:10:27+00:00","dateModified":"2026-04-07T08:42:29+00:00","description":"Esschert Design Nistkasten Kohlmeise antique wash kupfer: In diesem sch\u00f6nen antik braunen Nistkasten mit K\u00fcpferdach werden sich insbesondere das Kohlmaisen, S","breadcrumb":{"@id":"https:\/\/trendsandvision.nl\/de\/product\/esschert-design-nistkasten-kohlmeise-kupferdach\/#breadcrumb"},"inLanguage":"de","potentialAction":[{"@type":"ReadAction","target":["https:\/\/trendsandvision.nl\/de\/product\/esschert-design-nistkasten-kohlmeise-kupferdach\/"]}]},{"@type":"ImageObject","inLanguage":"de","@id":"https:\/\/trendsandvision.nl\/de\/product\/esschert-design-nistkasten-kohlmeise-kupferdach\/#primaryimage","url":"https:\/\/trendsandvision.nl\/de\/wp-content\/uploads\/sites\/3\/2022\/04\/NK04_01.jpg","contentUrl":"https:\/\/trendsandvision.nl\/de\/wp-content\/uploads\/sites\/3\/2022\/04\/NK04_01.jpg","width":800,"height":800,"caption":"Esschert Design Nistkasten Kohlmeise antique wash kupfer (NK04"},{"@type":"BreadcrumbList","@id":"https:\/\/trendsandvision.nl\/de\/product\/esschert-design-nistkasten-kohlmeise-kupferdach\/#breadcrumb","itemListElement":[{"@type":"ListItem","position":1,"name":"Home","item":"https:\/\/trendsandvision.nl\/de\/"},{"@type":"ListItem","position":2,"name":"Gesch\u00e4ft","item":"https:\/\/trendsandvision.nl\/de\/geschaft\/"},{"@type":"ListItem","position":3,"name":"Esschert Design Nistkasten Kohlmeise Kupferdach"}]},{"@type":"WebSite","@id":"https:\/\/trendsandvision.nl\/de\/#website","url":"https:\/\/trendsandvision.nl\/de\/","name":"Trends &amp; Vision (DE)","description":"Der Webshop f\u00fcr Esschert Design Artikel","publisher":{"@id":"https:\/\/trendsandvision.nl\/de\/#organization"},"potentialAction":[{"@type":"SearchAction","target":{"@type":"EntryPoint","urlTemplate":"https:\/\/trendsandvision.nl\/de\/?s={search_term_string}"},"query-input":{"@type":"PropertyValueSpecification","valueRequired":true,"valueName":"search_term_string"}}],"inLanguage":"de"},{"@type":"Organization","@id":"https:\/\/trendsandvision.nl\/de\/#organization","name":"Trends &amp; Vision (DE)","url":"https:\/\/trendsandvision.nl\/de\/","logo":{"@type":"ImageObject","inLanguage":"de","@id":"https:\/\/trendsandvision.nl\/de\/#\/schema\/logo\/image\/","url":"https:\/\/trendsandvision.nl\/de\/wp-content\/uploads\/sites\/3\/2022\/04\/trends-and-vision-logo.jpg","contentUrl":"https:\/\/trendsandvision.nl\/de\/wp-content\/uploads\/sites\/3\/2022\/04\/trends-and-vision-logo.jpg","width":213,"height":100,"caption":"Trends &amp; Vision (DE)"},"image":{"@id":"https:\/\/trendsandvision.nl\/de\/#\/schema\/logo\/image\/"}}]}},"_links":{"self":[{"href":"https:\/\/trendsandvision.nl\/de\/wp-json\/wp\/v2\/product\/6380","targetHints":{"allow":["GET"]}}],"collection":[{"href":"https:\/\/trendsandvision.nl\/de\/wp-json\/wp\/v2\/product"}],"about":[{"href":"https:\/\/trendsandvision.nl\/de\/wp-json\/wp\/v2\/types\/product"}],"wp:featuredmedia":[{"embeddable":true,"href":"https:\/\/trendsandvision.nl\/de\/wp-json\/wp\/v2\/media\/6381"}],"wp:attachment":[{"href":"https:\/\/trendsandvision.nl\/de\/wp-json\/wp\/v2\/media?parent=6380"}],"wp:term":[{"taxonomy":"product_brand","embeddable":true,"href":"https:\/\/trendsandvision.nl\/de\/wp-json\/wp\/v2\/product_brand?post=6380"},{"taxonomy":"product_cat","embeddable":true,"href":"https:\/\/trendsandvision.nl\/de\/wp-json\/wp\/v2\/product_cat?post=6380"},{"taxonomy":"product_tag","embeddable":true,"href":"https:\/\/trendsandvision.nl\/de\/wp-json\/wp\/v2\/product_tag?post=6380"}],"curies":[{"name":"wp","href":"https:\/\/api.w.org\/{rel}","templated":true}]}}