{"id":6060,"date":"2022-04-22T19:01:42","date_gmt":"2022-04-22T17:01:42","guid":{"rendered":"https:\/\/trendsandvision.nl\/de\/product\/esschert-design-sussex-trug-3-er-set\/"},"modified":"2026-04-22T15:13:44","modified_gmt":"2026-04-22T13:13:44","slug":"esschert-design-sussex-trug-3-er-set","status":"publish","type":"product","link":"https:\/\/trendsandvision.nl\/de\/product\/esschert-design-sussex-trug-3-er-set\/","title":{"rendered":"Esschert Design Sussex Trug 3-er Set"},"content":{"rendered":"<p>Sussexkorb zum sammeln. Set mit 3 K\u00f6rben. Dieser sind auch geeignet f\u00fcr Dekorationen mit Blumen oder Pflanzen. Inkl. Holzlogo Historic Baskets Collection und Heftchen mit der Geschichte von historic Basket Collection.<br \/>\nK\u00f6rbe wie diese werden im Garten seit Jahrhunderten dazu verwendet um Kartoffeln, Zwiebeln, Gem\u00fcse, \u00c4pfel oder andere Obstsorten zu sammeln.<br \/>\nDar\u00fcber hinaus eignen Sie sich nat\u00fcrlich auch f\u00fcr viele andere Zwecke. Diese historischen und speziellen Modelle geben die Vielseitigkeit und Einzigartigkeit von K\u00f6rben aus vergangenen Zeiten wieder.<br \/>\nSie spielten eine wichtige Rolle im Alltag unserer Vorfahren und waren bei vielen T\u00e4tigkeiten nicht weg zu denken.<br \/>\nK\u00f6rbe wurden beispielsweise f\u00fcr zahlreiche Aufgaben im Haushalt, der Industrie, f\u00fcr den Transport oder auf den Bauerh\u00f6fen eingesetzt.<br \/>\nHolzk\u00f6rbe wie diese sind bis zum heutigen Tage sehr funktionell und werden f\u00fcr eine Vielzahl von Einsatzm\u00f6glichkeiten verwendet.<br \/>\nDer gro\u00dfe Handgriff sorgt f\u00fcr einen extra Tragekomfort und macht das Mitnehmen oder Versetzen des Korbes sehr einfach.<br \/>\nDank der zwei Querleisten an der Unterseite steht der Korb sicher auf jedem Boden. Die drei K\u00f6rbe haben verschiedene Gr\u00f6\u00dfen und sind ineinander stapelbar.<\/p>\n<p>Artikelname: Holz-Gartenkorb Set von drei<br \/>\nArtikelnummer: MW19<br \/>\nProduktgruppe(n) Kultivierung, T\u00f6pfe und Gef\u00e4\u00dfe, K\u00f6rbe und Sch\u00fcsseln<br \/>\nProduktabmessungen in cm L 30,7 x T 49,3 x H 35,9<br \/>\nMaterial: Tannenholz<br \/>\nNettogewicht 0,681 kg<br \/>\nBarcode 8714982004339<br \/>\nFSC\u00ae 100%<\/p>\n","protected":false},"excerpt":{"rendered":"<p>Artikelnummer: MW19<br \/>\nL 30,7 x T 49,3 x H 35,9 cm<br \/>\nMaterial: Tannenholz<br \/>\nNettogewicht 0,681 kg<br \/>\nBarcode 8714982004339<br \/>\nFSC\u00ae 100%<\/p>\n","protected":false},"featured_media":6061,"template":"","meta":[],"product_brand":[9597,9598],"product_cat":[751],"product_tag":[8134,6730,6729,8379,6728],"class_list":{"0":"post-6060","1":"product","2":"type-product","3":"status-publish","4":"has-post-thumbnail","6":"product_brand-esschert-design","7":"product_brand-trends-and-vision","8":"product_cat-garden-tools","9":"product_tag-koerbe","10":"product_tag-pflucken","11":"product_tag-set","12":"product_tag-sussex","13":"product_tag-tannenholz","14":"pa_anbieter-esschert-design","15":"pa_ean-code-3551","16":"pa_material-wilgenhout","17":"pa_messungen-49-x-37-x-30-cm-34-x-23-x-24-cm-41-x-30-x-27-cm","19":"first","20":"instock","21":"sale","22":"taxable","23":"shipping-taxable","24":"purchasable","25":"product-type-simple","26":"czr-hentry"},"yoast_head":"<!-- This site is optimized with the Yoast SEO Premium plugin v27.4 (Yoast SEO v27.4) - https:\/\/yoast.com\/product\/yoast-seo-premium-wordpress\/ -->\n<title>Esschert Design Sussex Trug 3-er Set (MW19, 8714982004339) - Trends &amp; Vision<\/title>\n<meta name=\"description\" content=\"Esschert Design Sussex Trug 3-er Set: Sussexkorb zum sammeln. Set mit 3 K\u00f6rben.Dieser sind auch geeignet f\u00fcr Dekorationen mit Blumen oder\" \/>\n<meta name=\"robots\" content=\"index, follow, max-snippet:-1, max-image-preview:large, max-video-preview:-1\" \/>\n<link rel=\"canonical\" href=\"https:\/\/trendsandvision.nl\/de\/product\/esschert-design-sussex-trug-3-er-set\/\" \/>\n<meta property=\"og:locale\" content=\"de_DE\" \/>\n<meta property=\"og:type\" content=\"article\" \/>\n<meta property=\"og:title\" content=\"Esschert Design Sussex Trug 3-er Set\" \/>\n<meta property=\"og:description\" content=\"Esschert Design Sussex Trug 3-er Set: Sussexkorb zum sammeln. Set mit 3 K\u00f6rben.Dieser sind auch geeignet f\u00fcr Dekorationen mit Blumen oder\" \/>\n<meta property=\"og:url\" content=\"https:\/\/trendsandvision.nl\/de\/product\/esschert-design-sussex-trug-3-er-set\/\" \/>\n<meta property=\"og:site_name\" content=\"Trends &amp; Vision (DE)\" \/>\n<meta property=\"article:modified_time\" content=\"2026-04-22T13:13:44+00:00\" \/>\n<meta property=\"og:image\" content=\"https:\/\/trendsandvision.nl\/de\/wp-content\/uploads\/sites\/3\/2022\/04\/MW19_01.jpg\" \/>\n\t<meta property=\"og:image:width\" content=\"800\" \/>\n\t<meta property=\"og:image:height\" content=\"800\" \/>\n\t<meta property=\"og:image:type\" content=\"image\/jpeg\" \/>\n<meta name=\"twitter:card\" content=\"summary_large_image\" \/>\n<meta name=\"twitter:label1\" content=\"Gesch\u00e4tzte Lesezeit\" \/>\n\t<meta name=\"twitter:data1\" content=\"2\u00a0Minuten\" \/>\n<script type=\"application\/ld+json\" class=\"yoast-schema-graph\">{\"@context\":\"https:\\\/\\\/schema.org\",\"@graph\":[{\"@type\":\"WebPage\",\"@id\":\"https:\\\/\\\/trendsandvision.nl\\\/de\\\/product\\\/esschert-design-sussex-trug-3-er-set\\\/\",\"url\":\"https:\\\/\\\/trendsandvision.nl\\\/de\\\/product\\\/esschert-design-sussex-trug-3-er-set\\\/\",\"name\":\"Esschert Design Sussex Trug 3-er Set (MW19, 8714982004339) - Trends & Vision\",\"isPartOf\":{\"@id\":\"https:\\\/\\\/trendsandvision.nl\\\/de\\\/#website\"},\"primaryImageOfPage\":{\"@id\":\"https:\\\/\\\/trendsandvision.nl\\\/de\\\/product\\\/esschert-design-sussex-trug-3-er-set\\\/#primaryimage\"},\"image\":{\"@id\":\"https:\\\/\\\/trendsandvision.nl\\\/de\\\/product\\\/esschert-design-sussex-trug-3-er-set\\\/#primaryimage\"},\"thumbnailUrl\":\"https:\\\/\\\/trendsandvision.nl\\\/de\\\/wp-content\\\/uploads\\\/sites\\\/3\\\/2022\\\/04\\\/MW19_01.jpg\",\"datePublished\":\"2022-04-22T17:01:42+00:00\",\"dateModified\":\"2026-04-22T13:13:44+00:00\",\"description\":\"Esschert Design Sussex Trug 3-er Set: Sussexkorb zum sammeln. Set mit 3 K\u00f6rben.Dieser sind auch geeignet f\u00fcr Dekorationen mit Blumen oder\",\"breadcrumb\":{\"@id\":\"https:\\\/\\\/trendsandvision.nl\\\/de\\\/product\\\/esschert-design-sussex-trug-3-er-set\\\/#breadcrumb\"},\"inLanguage\":\"de\",\"potentialAction\":[{\"@type\":\"ReadAction\",\"target\":[\"https:\\\/\\\/trendsandvision.nl\\\/de\\\/product\\\/esschert-design-sussex-trug-3-er-set\\\/\"]}]},{\"@type\":\"ImageObject\",\"inLanguage\":\"de\",\"@id\":\"https:\\\/\\\/trendsandvision.nl\\\/de\\\/product\\\/esschert-design-sussex-trug-3-er-set\\\/#primaryimage\",\"url\":\"https:\\\/\\\/trendsandvision.nl\\\/de\\\/wp-content\\\/uploads\\\/sites\\\/3\\\/2022\\\/04\\\/MW19_01.jpg\",\"contentUrl\":\"https:\\\/\\\/trendsandvision.nl\\\/de\\\/wp-content\\\/uploads\\\/sites\\\/3\\\/2022\\\/04\\\/MW19_01.jpg\",\"width\":800,\"height\":800,\"caption\":\"Esschert Design Sussex Trug 3-er Set (MW19\"},{\"@type\":\"BreadcrumbList\",\"@id\":\"https:\\\/\\\/trendsandvision.nl\\\/de\\\/product\\\/esschert-design-sussex-trug-3-er-set\\\/#breadcrumb\",\"itemListElement\":[{\"@type\":\"ListItem\",\"position\":1,\"name\":\"Home\",\"item\":\"https:\\\/\\\/trendsandvision.nl\\\/de\\\/\"},{\"@type\":\"ListItem\",\"position\":2,\"name\":\"Gesch\u00e4ft\",\"item\":\"https:\\\/\\\/trendsandvision.nl\\\/de\\\/geschaft\\\/\"},{\"@type\":\"ListItem\",\"position\":3,\"name\":\"Esschert Design Sussex Trug 3-er Set\"}]},{\"@type\":\"WebSite\",\"@id\":\"https:\\\/\\\/trendsandvision.nl\\\/de\\\/#website\",\"url\":\"https:\\\/\\\/trendsandvision.nl\\\/de\\\/\",\"name\":\"Trends &amp; Vision (DE)\",\"description\":\"Der Webshop f\u00fcr Esschert Design Artikel\",\"publisher\":{\"@id\":\"https:\\\/\\\/trendsandvision.nl\\\/de\\\/#organization\"},\"potentialAction\":[{\"@type\":\"SearchAction\",\"target\":{\"@type\":\"EntryPoint\",\"urlTemplate\":\"https:\\\/\\\/trendsandvision.nl\\\/de\\\/?s={search_term_string}\"},\"query-input\":{\"@type\":\"PropertyValueSpecification\",\"valueRequired\":true,\"valueName\":\"search_term_string\"}}],\"inLanguage\":\"de\"},{\"@type\":\"Organization\",\"@id\":\"https:\\\/\\\/trendsandvision.nl\\\/de\\\/#organization\",\"name\":\"Trends &amp; Vision (DE)\",\"url\":\"https:\\\/\\\/trendsandvision.nl\\\/de\\\/\",\"logo\":{\"@type\":\"ImageObject\",\"inLanguage\":\"de\",\"@id\":\"https:\\\/\\\/trendsandvision.nl\\\/de\\\/#\\\/schema\\\/logo\\\/image\\\/\",\"url\":\"https:\\\/\\\/trendsandvision.nl\\\/de\\\/wp-content\\\/uploads\\\/sites\\\/3\\\/2022\\\/04\\\/trends-and-vision-logo.jpg\",\"contentUrl\":\"https:\\\/\\\/trendsandvision.nl\\\/de\\\/wp-content\\\/uploads\\\/sites\\\/3\\\/2022\\\/04\\\/trends-and-vision-logo.jpg\",\"width\":213,\"height\":100,\"caption\":\"Trends &amp; Vision (DE)\"},\"image\":{\"@id\":\"https:\\\/\\\/trendsandvision.nl\\\/de\\\/#\\\/schema\\\/logo\\\/image\\\/\"}}]}<\/script>\n<!-- \/ Yoast SEO Premium plugin. -->","yoast_head_json":{"title":"Esschert Design Sussex Trug 3-er Set (MW19, 8714982004339) - Trends & Vision","description":"Esschert Design Sussex Trug 3-er Set: Sussexkorb zum sammeln. Set mit 3 K\u00f6rben.Dieser sind auch geeignet f\u00fcr Dekorationen mit Blumen oder","robots":{"index":"index","follow":"follow","max-snippet":"max-snippet:-1","max-image-preview":"max-image-preview:large","max-video-preview":"max-video-preview:-1"},"canonical":"https:\/\/trendsandvision.nl\/de\/product\/esschert-design-sussex-trug-3-er-set\/","og_locale":"de_DE","og_type":"article","og_title":"Esschert Design Sussex Trug 3-er Set","og_description":"Esschert Design Sussex Trug 3-er Set: Sussexkorb zum sammeln. Set mit 3 K\u00f6rben.Dieser sind auch geeignet f\u00fcr Dekorationen mit Blumen oder","og_url":"https:\/\/trendsandvision.nl\/de\/product\/esschert-design-sussex-trug-3-er-set\/","og_site_name":"Trends &amp; Vision (DE)","article_modified_time":"2026-04-22T13:13:44+00:00","og_image":[{"width":800,"height":800,"url":"https:\/\/trendsandvision.nl\/de\/wp-content\/uploads\/sites\/3\/2022\/04\/MW19_01.jpg","type":"image\/jpeg"}],"twitter_card":"summary_large_image","twitter_misc":{"Gesch\u00e4tzte Lesezeit":"2\u00a0Minuten"},"schema":{"@context":"https:\/\/schema.org","@graph":[{"@type":"WebPage","@id":"https:\/\/trendsandvision.nl\/de\/product\/esschert-design-sussex-trug-3-er-set\/","url":"https:\/\/trendsandvision.nl\/de\/product\/esschert-design-sussex-trug-3-er-set\/","name":"Esschert Design Sussex Trug 3-er Set (MW19, 8714982004339) - Trends & Vision","isPartOf":{"@id":"https:\/\/trendsandvision.nl\/de\/#website"},"primaryImageOfPage":{"@id":"https:\/\/trendsandvision.nl\/de\/product\/esschert-design-sussex-trug-3-er-set\/#primaryimage"},"image":{"@id":"https:\/\/trendsandvision.nl\/de\/product\/esschert-design-sussex-trug-3-er-set\/#primaryimage"},"thumbnailUrl":"https:\/\/trendsandvision.nl\/de\/wp-content\/uploads\/sites\/3\/2022\/04\/MW19_01.jpg","datePublished":"2022-04-22T17:01:42+00:00","dateModified":"2026-04-22T13:13:44+00:00","description":"Esschert Design Sussex Trug 3-er Set: Sussexkorb zum sammeln. Set mit 3 K\u00f6rben.Dieser sind auch geeignet f\u00fcr Dekorationen mit Blumen oder","breadcrumb":{"@id":"https:\/\/trendsandvision.nl\/de\/product\/esschert-design-sussex-trug-3-er-set\/#breadcrumb"},"inLanguage":"de","potentialAction":[{"@type":"ReadAction","target":["https:\/\/trendsandvision.nl\/de\/product\/esschert-design-sussex-trug-3-er-set\/"]}]},{"@type":"ImageObject","inLanguage":"de","@id":"https:\/\/trendsandvision.nl\/de\/product\/esschert-design-sussex-trug-3-er-set\/#primaryimage","url":"https:\/\/trendsandvision.nl\/de\/wp-content\/uploads\/sites\/3\/2022\/04\/MW19_01.jpg","contentUrl":"https:\/\/trendsandvision.nl\/de\/wp-content\/uploads\/sites\/3\/2022\/04\/MW19_01.jpg","width":800,"height":800,"caption":"Esschert Design Sussex Trug 3-er Set (MW19"},{"@type":"BreadcrumbList","@id":"https:\/\/trendsandvision.nl\/de\/product\/esschert-design-sussex-trug-3-er-set\/#breadcrumb","itemListElement":[{"@type":"ListItem","position":1,"name":"Home","item":"https:\/\/trendsandvision.nl\/de\/"},{"@type":"ListItem","position":2,"name":"Gesch\u00e4ft","item":"https:\/\/trendsandvision.nl\/de\/geschaft\/"},{"@type":"ListItem","position":3,"name":"Esschert Design Sussex Trug 3-er Set"}]},{"@type":"WebSite","@id":"https:\/\/trendsandvision.nl\/de\/#website","url":"https:\/\/trendsandvision.nl\/de\/","name":"Trends &amp; Vision (DE)","description":"Der Webshop f\u00fcr Esschert Design Artikel","publisher":{"@id":"https:\/\/trendsandvision.nl\/de\/#organization"},"potentialAction":[{"@type":"SearchAction","target":{"@type":"EntryPoint","urlTemplate":"https:\/\/trendsandvision.nl\/de\/?s={search_term_string}"},"query-input":{"@type":"PropertyValueSpecification","valueRequired":true,"valueName":"search_term_string"}}],"inLanguage":"de"},{"@type":"Organization","@id":"https:\/\/trendsandvision.nl\/de\/#organization","name":"Trends &amp; Vision (DE)","url":"https:\/\/trendsandvision.nl\/de\/","logo":{"@type":"ImageObject","inLanguage":"de","@id":"https:\/\/trendsandvision.nl\/de\/#\/schema\/logo\/image\/","url":"https:\/\/trendsandvision.nl\/de\/wp-content\/uploads\/sites\/3\/2022\/04\/trends-and-vision-logo.jpg","contentUrl":"https:\/\/trendsandvision.nl\/de\/wp-content\/uploads\/sites\/3\/2022\/04\/trends-and-vision-logo.jpg","width":213,"height":100,"caption":"Trends &amp; Vision (DE)"},"image":{"@id":"https:\/\/trendsandvision.nl\/de\/#\/schema\/logo\/image\/"}}]}},"_links":{"self":[{"href":"https:\/\/trendsandvision.nl\/de\/wp-json\/wp\/v2\/product\/6060","targetHints":{"allow":["GET"]}}],"collection":[{"href":"https:\/\/trendsandvision.nl\/de\/wp-json\/wp\/v2\/product"}],"about":[{"href":"https:\/\/trendsandvision.nl\/de\/wp-json\/wp\/v2\/types\/product"}],"wp:featuredmedia":[{"embeddable":true,"href":"https:\/\/trendsandvision.nl\/de\/wp-json\/wp\/v2\/media\/6061"}],"wp:attachment":[{"href":"https:\/\/trendsandvision.nl\/de\/wp-json\/wp\/v2\/media?parent=6060"}],"wp:term":[{"taxonomy":"product_brand","embeddable":true,"href":"https:\/\/trendsandvision.nl\/de\/wp-json\/wp\/v2\/product_brand?post=6060"},{"taxonomy":"product_cat","embeddable":true,"href":"https:\/\/trendsandvision.nl\/de\/wp-json\/wp\/v2\/product_cat?post=6060"},{"taxonomy":"product_tag","embeddable":true,"href":"https:\/\/trendsandvision.nl\/de\/wp-json\/wp\/v2\/product_tag?post=6060"}],"curies":[{"name":"wp","href":"https:\/\/api.w.org\/{rel}","templated":true}]}}