{"id":593,"date":"2022-04-22T16:43:57","date_gmt":"2022-04-22T14:43:57","guid":{"rendered":"https:\/\/trendsandvision.nl\/de\/product\/nestkast-koekoeksklok\/"},"modified":"2026-04-22T14:48:59","modified_gmt":"2026-04-22T12:48:59","slug":"esschert-design-kuckucksuhr-nistkasten","status":"publish","type":"product","link":"https:\/\/trendsandvision.nl\/de\/product\/esschert-design-kuckucksuhr-nistkasten\/","title":{"rendered":"Esschert Design Kuckucksuhr Nistkasten"},"content":{"rendered":"<p>Geeignet f\u00fcr Blaumeise, Haubenmeise, Sumpfmeise, Weidenmeise und Tannenmeise<br \/>\nL\u00fcftungs\u00f6ffnungen unter dem Dach<br \/>\nDer Boden kann angehoben werden, um den Nistkasten zu reinigen (den Nistkasten nur im Herbst reinigen).<br \/>\ndank des Schl\u00fcssellochschneiders einfach aufzuh\u00e4ngen<\/p>\n<p>Die Kuckucksuhr stammt urspr\u00fcnglich aus dem Schwarzwald. Die Erfindung dieser Uhr wird dem Sch\u00f6nwald- Uhrmacher Franz Ketterer zugeschrieben. Er soll die Uhr 1730 hergestellt haben. Urspr\u00fcnglich war die Uhr als Wecker gedacht, aber der Klang des Kuckucks konnte nicht mit einem Gong oder einer Glocke erzeugt werden. Orgelbauern im Schwarzwald gelang es, den Klang mit Hilfe von St\u00e4ben zu reproduzieren, die an einem Balgen befestigt waren. Heute ist Sch\u00f6nach im Schwarzwald das &#8222;Mekka der Kuckucksuhr. Dieser Kuckucksuhr-Nistkasten wurde speziell f\u00fcr die Blaumeise konzipiert. Neben der Blaumeise ziehen auch die Haubenmeise, die Sumpfmeise, die Weidenmeise und die Tannenmeise gerne in diesen Nistkasten ein. Bei schlechtem Wetter nutzen die V\u00f6gel das Vogelhaus auch als Unterschlupf.<\/p>\n<p>Artikelname: Kuckucksuhr <strong><a href=\"https:\/\/trendsandvision.nl\/de\/?s=Nistkasten&amp;post_type=product&amp;dgwt_wcas=1\">Nistkasten<\/a><\/strong><br \/>\nArtikelnummer: 37000600<br \/>\nProduktgruppe(n) V\u00f6gel&amp;Gartentiere, Nistk\u00e4sten und Vogelh\u00e4user, Sonstiges, Garten&amp;Terrasse, Statuen und Spiegel, Polyresin<br \/>\nProduktabmessungen in cm L 14,4 x T 13,1 x H 25,2<br \/>\nMaterial: Polyresin\/Polystein, Sperrholz<br \/>\nNettogewicht 0,786 kg<br \/>\nBarcode 8713968377610<\/p>\n","protected":false},"excerpt":{"rendered":"<p>Kuckucksuhr Nistkasten<br \/>\nArtikelnummer 37000600<br \/>\nL 14,4 x T 13,1 x H 25,2 cm<br \/>\nMaterial: Polyresin, Sperrholz<br \/>\nNettogewicht 0,786 kg<br \/>\nBarcode 8713968377610<\/p>\n","protected":false},"featured_media":594,"template":"","meta":[],"product_brand":[9597,9598],"product_cat":[1315],"product_tag":[7349,6828,6842,7344,7189],"class_list":{"0":"post-593","1":"product","2":"type-product","3":"status-publish","4":"has-post-thumbnail","6":"product_brand-esschert-design","7":"product_brand-trends-and-vision","8":"product_cat-best-for-birds","9":"product_tag-kuckucksuhr","10":"product_tag-nistkasten","11":"product_tag-polyresin","12":"product_tag-sperrholz","13":"product_tag-vogelhaeuser","14":"pa_ean-code-341","15":"pa_messungen-l-133-x-b-144-x-h-252-cm","17":"first","18":"instock","19":"sale","20":"taxable","21":"shipping-taxable","22":"purchasable","23":"product-type-simple","24":"czr-hentry"},"yoast_head":"<!-- This site is optimized with the Yoast SEO Premium plugin v27.4 (Yoast SEO v27.4) - https:\/\/yoast.com\/product\/yoast-seo-premium-wordpress\/ -->\n<title>Nestkast koekoeksklok (37000600, 8713968377610) - Trends &amp; Vision<\/title>\n<meta name=\"description\" content=\"Nestkast koekoeksklok: Nestkast koekoeksklok\" \/>\n<meta name=\"robots\" content=\"index, follow, max-snippet:-1, max-image-preview:large, max-video-preview:-1\" \/>\n<link rel=\"canonical\" href=\"https:\/\/trendsandvision.nl\/de\/product\/esschert-design-kuckucksuhr-nistkasten\/\" \/>\n<meta property=\"og:locale\" content=\"de_DE\" \/>\n<meta property=\"og:type\" content=\"article\" \/>\n<meta property=\"og:title\" content=\"Esschert Design Kuckucksuhr Nistkasten\" \/>\n<meta property=\"og:description\" content=\"Nestkast koekoeksklok: Nestkast koekoeksklok\" \/>\n<meta property=\"og:url\" content=\"https:\/\/trendsandvision.nl\/de\/product\/esschert-design-kuckucksuhr-nistkasten\/\" \/>\n<meta property=\"og:site_name\" content=\"Trends &amp; Vision (DE)\" \/>\n<meta property=\"article:modified_time\" content=\"2026-04-22T12:48:59+00:00\" \/>\n<meta property=\"og:image\" content=\"https:\/\/trendsandvision.nl\/de\/wp-content\/uploads\/sites\/3\/2022\/04\/37000600_01.jpg\" \/>\n\t<meta property=\"og:image:width\" content=\"800\" \/>\n\t<meta property=\"og:image:height\" content=\"800\" \/>\n\t<meta property=\"og:image:type\" content=\"image\/jpeg\" \/>\n<meta name=\"twitter:card\" content=\"summary_large_image\" \/>\n<meta name=\"twitter:label1\" content=\"Gesch\u00e4tzte Lesezeit\" \/>\n\t<meta name=\"twitter:data1\" content=\"2\u00a0Minuten\" \/>\n<script type=\"application\/ld+json\" class=\"yoast-schema-graph\">{\"@context\":\"https:\\\/\\\/schema.org\",\"@graph\":[{\"@type\":\"WebPage\",\"@id\":\"https:\\\/\\\/trendsandvision.nl\\\/de\\\/product\\\/esschert-design-kuckucksuhr-nistkasten\\\/\",\"url\":\"https:\\\/\\\/trendsandvision.nl\\\/de\\\/product\\\/esschert-design-kuckucksuhr-nistkasten\\\/\",\"name\":\"Nestkast koekoeksklok (37000600, 8713968377610) - Trends & Vision\",\"isPartOf\":{\"@id\":\"https:\\\/\\\/trendsandvision.nl\\\/de\\\/#website\"},\"primaryImageOfPage\":{\"@id\":\"https:\\\/\\\/trendsandvision.nl\\\/de\\\/product\\\/esschert-design-kuckucksuhr-nistkasten\\\/#primaryimage\"},\"image\":{\"@id\":\"https:\\\/\\\/trendsandvision.nl\\\/de\\\/product\\\/esschert-design-kuckucksuhr-nistkasten\\\/#primaryimage\"},\"thumbnailUrl\":\"https:\\\/\\\/trendsandvision.nl\\\/de\\\/wp-content\\\/uploads\\\/sites\\\/3\\\/2022\\\/04\\\/37000600_01.jpg\",\"datePublished\":\"2022-04-22T14:43:57+00:00\",\"dateModified\":\"2026-04-22T12:48:59+00:00\",\"description\":\"Nestkast koekoeksklok: Nestkast koekoeksklok\",\"breadcrumb\":{\"@id\":\"https:\\\/\\\/trendsandvision.nl\\\/de\\\/product\\\/esschert-design-kuckucksuhr-nistkasten\\\/#breadcrumb\"},\"inLanguage\":\"de\",\"potentialAction\":[{\"@type\":\"ReadAction\",\"target\":[\"https:\\\/\\\/trendsandvision.nl\\\/de\\\/product\\\/esschert-design-kuckucksuhr-nistkasten\\\/\"]}]},{\"@type\":\"ImageObject\",\"inLanguage\":\"de\",\"@id\":\"https:\\\/\\\/trendsandvision.nl\\\/de\\\/product\\\/esschert-design-kuckucksuhr-nistkasten\\\/#primaryimage\",\"url\":\"https:\\\/\\\/trendsandvision.nl\\\/de\\\/wp-content\\\/uploads\\\/sites\\\/3\\\/2022\\\/04\\\/37000600_01.jpg\",\"contentUrl\":\"https:\\\/\\\/trendsandvision.nl\\\/de\\\/wp-content\\\/uploads\\\/sites\\\/3\\\/2022\\\/04\\\/37000600_01.jpg\",\"width\":800,\"height\":800,\"caption\":\"Nestkast koekoeksklok (37000600\"},{\"@type\":\"BreadcrumbList\",\"@id\":\"https:\\\/\\\/trendsandvision.nl\\\/de\\\/product\\\/esschert-design-kuckucksuhr-nistkasten\\\/#breadcrumb\",\"itemListElement\":[{\"@type\":\"ListItem\",\"position\":1,\"name\":\"Home\",\"item\":\"https:\\\/\\\/trendsandvision.nl\\\/de\\\/\"},{\"@type\":\"ListItem\",\"position\":2,\"name\":\"Gesch\u00e4ft\",\"item\":\"https:\\\/\\\/trendsandvision.nl\\\/de\\\/geschaft\\\/\"},{\"@type\":\"ListItem\",\"position\":3,\"name\":\"Esschert Design Kuckucksuhr Nistkasten\"}]},{\"@type\":\"WebSite\",\"@id\":\"https:\\\/\\\/trendsandvision.nl\\\/de\\\/#website\",\"url\":\"https:\\\/\\\/trendsandvision.nl\\\/de\\\/\",\"name\":\"Trends &amp; Vision (DE)\",\"description\":\"Der Webshop f\u00fcr Esschert Design Artikel\",\"publisher\":{\"@id\":\"https:\\\/\\\/trendsandvision.nl\\\/de\\\/#organization\"},\"potentialAction\":[{\"@type\":\"SearchAction\",\"target\":{\"@type\":\"EntryPoint\",\"urlTemplate\":\"https:\\\/\\\/trendsandvision.nl\\\/de\\\/?s={search_term_string}\"},\"query-input\":{\"@type\":\"PropertyValueSpecification\",\"valueRequired\":true,\"valueName\":\"search_term_string\"}}],\"inLanguage\":\"de\"},{\"@type\":\"Organization\",\"@id\":\"https:\\\/\\\/trendsandvision.nl\\\/de\\\/#organization\",\"name\":\"Trends &amp; Vision (DE)\",\"url\":\"https:\\\/\\\/trendsandvision.nl\\\/de\\\/\",\"logo\":{\"@type\":\"ImageObject\",\"inLanguage\":\"de\",\"@id\":\"https:\\\/\\\/trendsandvision.nl\\\/de\\\/#\\\/schema\\\/logo\\\/image\\\/\",\"url\":\"https:\\\/\\\/trendsandvision.nl\\\/de\\\/wp-content\\\/uploads\\\/sites\\\/3\\\/2022\\\/04\\\/trends-and-vision-logo.jpg\",\"contentUrl\":\"https:\\\/\\\/trendsandvision.nl\\\/de\\\/wp-content\\\/uploads\\\/sites\\\/3\\\/2022\\\/04\\\/trends-and-vision-logo.jpg\",\"width\":213,\"height\":100,\"caption\":\"Trends &amp; Vision (DE)\"},\"image\":{\"@id\":\"https:\\\/\\\/trendsandvision.nl\\\/de\\\/#\\\/schema\\\/logo\\\/image\\\/\"}}]}<\/script>\n<!-- \/ Yoast SEO Premium plugin. -->","yoast_head_json":{"title":"Nestkast koekoeksklok (37000600, 8713968377610) - Trends & Vision","description":"Nestkast koekoeksklok: Nestkast koekoeksklok","robots":{"index":"index","follow":"follow","max-snippet":"max-snippet:-1","max-image-preview":"max-image-preview:large","max-video-preview":"max-video-preview:-1"},"canonical":"https:\/\/trendsandvision.nl\/de\/product\/esschert-design-kuckucksuhr-nistkasten\/","og_locale":"de_DE","og_type":"article","og_title":"Esschert Design Kuckucksuhr Nistkasten","og_description":"Nestkast koekoeksklok: Nestkast koekoeksklok","og_url":"https:\/\/trendsandvision.nl\/de\/product\/esschert-design-kuckucksuhr-nistkasten\/","og_site_name":"Trends &amp; Vision (DE)","article_modified_time":"2026-04-22T12:48:59+00:00","og_image":[{"width":800,"height":800,"url":"https:\/\/trendsandvision.nl\/de\/wp-content\/uploads\/sites\/3\/2022\/04\/37000600_01.jpg","type":"image\/jpeg"}],"twitter_card":"summary_large_image","twitter_misc":{"Gesch\u00e4tzte Lesezeit":"2\u00a0Minuten"},"schema":{"@context":"https:\/\/schema.org","@graph":[{"@type":"WebPage","@id":"https:\/\/trendsandvision.nl\/de\/product\/esschert-design-kuckucksuhr-nistkasten\/","url":"https:\/\/trendsandvision.nl\/de\/product\/esschert-design-kuckucksuhr-nistkasten\/","name":"Nestkast koekoeksklok (37000600, 8713968377610) - Trends & Vision","isPartOf":{"@id":"https:\/\/trendsandvision.nl\/de\/#website"},"primaryImageOfPage":{"@id":"https:\/\/trendsandvision.nl\/de\/product\/esschert-design-kuckucksuhr-nistkasten\/#primaryimage"},"image":{"@id":"https:\/\/trendsandvision.nl\/de\/product\/esschert-design-kuckucksuhr-nistkasten\/#primaryimage"},"thumbnailUrl":"https:\/\/trendsandvision.nl\/de\/wp-content\/uploads\/sites\/3\/2022\/04\/37000600_01.jpg","datePublished":"2022-04-22T14:43:57+00:00","dateModified":"2026-04-22T12:48:59+00:00","description":"Nestkast koekoeksklok: Nestkast koekoeksklok","breadcrumb":{"@id":"https:\/\/trendsandvision.nl\/de\/product\/esschert-design-kuckucksuhr-nistkasten\/#breadcrumb"},"inLanguage":"de","potentialAction":[{"@type":"ReadAction","target":["https:\/\/trendsandvision.nl\/de\/product\/esschert-design-kuckucksuhr-nistkasten\/"]}]},{"@type":"ImageObject","inLanguage":"de","@id":"https:\/\/trendsandvision.nl\/de\/product\/esschert-design-kuckucksuhr-nistkasten\/#primaryimage","url":"https:\/\/trendsandvision.nl\/de\/wp-content\/uploads\/sites\/3\/2022\/04\/37000600_01.jpg","contentUrl":"https:\/\/trendsandvision.nl\/de\/wp-content\/uploads\/sites\/3\/2022\/04\/37000600_01.jpg","width":800,"height":800,"caption":"Nestkast koekoeksklok (37000600"},{"@type":"BreadcrumbList","@id":"https:\/\/trendsandvision.nl\/de\/product\/esschert-design-kuckucksuhr-nistkasten\/#breadcrumb","itemListElement":[{"@type":"ListItem","position":1,"name":"Home","item":"https:\/\/trendsandvision.nl\/de\/"},{"@type":"ListItem","position":2,"name":"Gesch\u00e4ft","item":"https:\/\/trendsandvision.nl\/de\/geschaft\/"},{"@type":"ListItem","position":3,"name":"Esschert Design Kuckucksuhr Nistkasten"}]},{"@type":"WebSite","@id":"https:\/\/trendsandvision.nl\/de\/#website","url":"https:\/\/trendsandvision.nl\/de\/","name":"Trends &amp; Vision (DE)","description":"Der Webshop f\u00fcr Esschert Design Artikel","publisher":{"@id":"https:\/\/trendsandvision.nl\/de\/#organization"},"potentialAction":[{"@type":"SearchAction","target":{"@type":"EntryPoint","urlTemplate":"https:\/\/trendsandvision.nl\/de\/?s={search_term_string}"},"query-input":{"@type":"PropertyValueSpecification","valueRequired":true,"valueName":"search_term_string"}}],"inLanguage":"de"},{"@type":"Organization","@id":"https:\/\/trendsandvision.nl\/de\/#organization","name":"Trends &amp; Vision (DE)","url":"https:\/\/trendsandvision.nl\/de\/","logo":{"@type":"ImageObject","inLanguage":"de","@id":"https:\/\/trendsandvision.nl\/de\/#\/schema\/logo\/image\/","url":"https:\/\/trendsandvision.nl\/de\/wp-content\/uploads\/sites\/3\/2022\/04\/trends-and-vision-logo.jpg","contentUrl":"https:\/\/trendsandvision.nl\/de\/wp-content\/uploads\/sites\/3\/2022\/04\/trends-and-vision-logo.jpg","width":213,"height":100,"caption":"Trends &amp; Vision (DE)"},"image":{"@id":"https:\/\/trendsandvision.nl\/de\/#\/schema\/logo\/image\/"}}]}},"_links":{"self":[{"href":"https:\/\/trendsandvision.nl\/de\/wp-json\/wp\/v2\/product\/593","targetHints":{"allow":["GET"]}}],"collection":[{"href":"https:\/\/trendsandvision.nl\/de\/wp-json\/wp\/v2\/product"}],"about":[{"href":"https:\/\/trendsandvision.nl\/de\/wp-json\/wp\/v2\/types\/product"}],"wp:featuredmedia":[{"embeddable":true,"href":"https:\/\/trendsandvision.nl\/de\/wp-json\/wp\/v2\/media\/594"}],"wp:attachment":[{"href":"https:\/\/trendsandvision.nl\/de\/wp-json\/wp\/v2\/media?parent=593"}],"wp:term":[{"taxonomy":"product_brand","embeddable":true,"href":"https:\/\/trendsandvision.nl\/de\/wp-json\/wp\/v2\/product_brand?post=593"},{"taxonomy":"product_cat","embeddable":true,"href":"https:\/\/trendsandvision.nl\/de\/wp-json\/wp\/v2\/product_cat?post=593"},{"taxonomy":"product_tag","embeddable":true,"href":"https:\/\/trendsandvision.nl\/de\/wp-json\/wp\/v2\/product_tag?post=593"}],"curies":[{"name":"wp","href":"https:\/\/api.w.org\/{rel}","templated":true}]}}